{"id":6569,"date":"2024-02-22T15:25:35","date_gmt":"2024-02-22T14:25:35","guid":{"rendered":"http:\/\/gerajeune.com\/?post_type=product&#038;p=6569"},"modified":"2024-08-17T05:03:35","modified_gmt":"2024-08-17T04:03:35","slug":"huile-de-soin-100ml","status":"publish","type":"product","link":"https:\/\/gerajeune.com\/ar\/product\/huile-de-soin-100ml\/","title":{"rendered":"\u0632\u064a\u062a \u0627\u0644\u0639\u0644\u0627\u062c"},"content":{"rendered":"<p>\u0632\u064a\u062a \u0627\u0644\u0639\u0644\u0627\u062c<\/p>\n<p><strong>\u0645\u062a\u0649 \u064a\u0633\u062a\u062e\u062f\u0645 \u0632\u064a\u062a \u0627\u0644\u0639\u0644\u0627\u062c\u061f<\/strong><\/p>\n<p>\u0625\u0630\u0627 \u0643\u0627\u0646 \u0644\u062f\u064a\u0643 <a href=\"https:\/\/fr.wikipedia.org\/wiki\/Peau\">\u062c\u0644\u062f<\/a> \u062c\u0627\u0641\u0629 \u062c\u062f\u064b\u0627 \u0648\u0627\u0644\u0627\u0646\u0637\u0628\u0627\u0639 \u0628\u0623\u0646 \u063a\u0633\u0648\u0644 \u0627\u0644\u062c\u0633\u0645 \u0644\u0627 \u064a\u063a\u0630\u064a \u0628\u0645\u0627 \u0641\u064a\u0647 \u0627\u0644\u0643\u0641\u0627\u064a\u0629 \u0628\u0627\u0644\u0646\u0633\u0628\u0629 \u0644\u0643<\/p>\n<p><strong>\u0643\u064a\u0641\u064a\u0629 \u0627\u0633\u062a\u062e\u062f\u0627\u0645\u0647\u061f<\/strong><\/p>\n<p>\u064a\u062a\u0645 \u062a\u0637\u0628\u064a\u0642\u0647 \u0639\u0627\u062f\u0629\u064b \u0643\u062e\u0637\u0648\u0629 \u0642\u0628\u0644 \u0627\u0644\u0623\u062e\u064a\u0631\u0629 \u0645\u0646 \u0631\u0648\u062a\u064a\u0646\u0643 - \u0623\u064a \u0628\u0639\u062f \u0627\u0644\u0644\u0648\u0634\u0646 \u0648\u0627\u0644\u0645\u0635\u0644 \u0648\u0643\u0631\u064a\u0645 \u0627\u0644\u0639\u064a\u0646 \u0648\u0627\u0644\u0645\u0631\u0637\u0628 \u0648\u0644\u0643\u0646 \u062f\u0627\u0626\u0645\u064b\u0627 \u0642\u0628\u0644 \u0639\u0627\u0645\u0644 \u0627\u0644\u062d\u0645\u0627\u064a\u0629 \u0645\u0646 \u0627\u0644\u0634\u0645\u0633 (SPF).<\/p>\n<p>\u064a\u0645\u0643\u0646\u0643 \u0627\u0633\u062a\u062e\u062f\u0627\u0645 \u0627\u0644\u0632\u064a\u062a \u0627\u0644\u0639\u0644\u0627\u062c\u064a \u0639\u0644\u0649 \u0627\u0644\u0648\u062c\u0647 \u0648\u0627\u0644\u0631\u0642\u0628\u0629 \u0648\u0627\u0644\u0635\u062f\u0631 \u0623\u064a\u0636\u064b\u0627 \u0639\u0644\u0649 \u0627\u0644\u062c\u0633\u0645\u060c \u0645\u0639 \u0627\u0644\u062a\u0631\u0643\u064a\u0632 \u0639\u0644\u0649 \u0627\u0644\u0645\u0646\u0627\u0637\u0642 \u0627\u0644\u0623\u0643\u062b\u0631 \u062c\u0641\u0627\u0641\u064b\u0627 \u0645\u062b\u0644 \u0627\u0644\u0645\u0631\u0641\u0642\u064a\u0646 \u0648\u0627\u0644\u0631\u0643\u0628\u062a\u064a\u0646 \u0623\u0648 \u0639\u0644\u0649 \u0627\u0644\u0634\u0639\u0631\u060c \u0641\u0647\u0648 \u0645\u062b\u0627\u0644\u064a \u0644\u062a\u063a\u0630\u064a\u0629 \u0648\u0625\u0635\u0644\u0627\u062d \u0627\u0644\u0623\u0637\u0648\u0627\u0644 \u0648\u0627\u0644\u0623\u0637\u0631\u0627\u0641 \u0627\u0644\u062a\u0627\u0644\u0641\u0629.<\/p>\n<p><strong>\u0645\u0627 \u0647\u064a \u0641\u0648\u0627\u0626\u062f\u0647\u0627\u061f<\/strong><\/p>\n<p>\u062a\u0633\u0627\u0639\u062f \u0627\u0644\u0632\u064a\u0648\u062a \u0627\u0644\u062b\u0645\u064a\u0646\u0629 \u0639\u0644\u0649 \u062a\u0631\u0637\u064a\u0628 \u0627\u0644\u0628\u0634\u0631\u0629 \u0628\u0639\u0645\u0642:<\/p>\n<ul>\n<li>\u064a\u062d\u0645\u064a \u0641\u064a\u062a\u0627\u0645\u064a\u0646 E \u0627\u0644\u0628\u0634\u0631\u0629 \u0645\u0646 \u0627\u0644\u0623\u0636\u0631\u0627\u0631 \u0627\u0644\u062a\u064a \u062a\u0633\u0628\u0628\u0647\u0627 \u0627\u0644\u062c\u0630\u0648\u0631 \u0627\u0644\u062d\u0631\u0629\u060c \u0648\u064a\u063a\u0630\u064a\u0647\u0627 \u0628\u0634\u0643\u0644 \u062e\u0627\u0635 \u0628\u0639\u0645\u0642 \u0648\u064a\u062d\u0627\u0631\u0628 \u0634\u064a\u062e\u0648\u062e\u0629 \u0627\u0644\u062e\u0644\u0627\u064a\u0627. \u0643\u0645\u0627 \u0623\u0646\u0647 \u064a\u0633\u0627\u0639\u062f \u0639\u0644\u0649 \u0645\u0646\u0639 \u0638\u0647\u0648\u0631 \u0627\u0644\u0628\u0642\u0639 \u0627\u0644\u062c\u0627\u0641\u0629<\/li>\n<li>\u064a\u0633\u0627\u0639\u062f \u0632\u064a\u062a \u0627\u0644\u0631\u0648\u0632\u0645\u0627\u0631\u064a \u0627\u0644\u0623\u0633\u0627\u0633\u064a \u0639\u0644\u0649 \u062a\u0646\u0634\u064a\u0637 \u0627\u0644\u062f\u0648\u0631\u0629 \u0627\u0644\u062f\u0645\u0648\u064a\u0629 \u0648\u062a\u0642\u0644\u064a\u0644 \u0627\u0644\u0647\u0627\u0644\u0627\u062a \u0627\u0644\u0633\u0648\u062f\u0627\u0621\u060c \u0648\u0647\u0648 \u0645\u0639\u0631\u0648\u0641 \u0628\u062e\u0635\u0627\u0626\u0635\u0647 \u0627\u0644\u0645\u0646\u0634\u0637\u0629 \u0648\u0627\u0644\u0645\u0647\u062f\u0626\u0629 \u0648\u062e\u0635\u0627\u0626\u0635\u0647 \u0627\u0644\u0642\u0627\u0628\u0636\u0629 \u0648\u0627\u0644\u0645\u0646\u0642\u064a\u0629 \u0627\u0644\u062a\u064a \u062a\u0633\u0627\u0639\u062f \u0639\u0644\u0649 \u062a\u0646\u0638\u064a\u0645 \u0625\u0646\u062a\u0627\u062c \u0627\u0644\u0632\u0647\u0645 \u0648\u0628\u0627\u0644\u062a\u0627\u0644\u064a \u062a\u0646\u0642\u064a\u0629 \u0627\u0644\u0628\u0634\u0631\u0629.<\/li>\n<li>\u0641\u064a\u062a\u0627\u0645\u064a\u0646 \u06285 \u064a\u0647\u062f\u0626 \u0627\u0644\u0628\u0634\u0631\u0629 \u0628\u0641\u0636\u0644 \u062e\u0635\u0627\u0626\u0635\u0647 \u0627\u0644\u0645\u0636\u0627\u062f\u0629 \u0644\u0644\u0627\u0644\u062a\u0647\u0627\u0628\u0627\u062a\u060c \u0648\u0647\u0648 \u0645\u0641\u064a\u062f \u0644\u0644\u0628\u0634\u0631\u0629 \u0627\u0644\u0645\u0639\u0631\u0636\u0629 \u0644\u062d\u0628 \u0627\u0644\u0634\u0628\u0627\u0628 \u0623\u0648 \u0627\u0644\u0645\u0635\u0627\u0628\u0629 \u0628\u0641\u0636\u0644 \u062e\u0635\u0627\u0626\u0635\u0647 \u0627\u0644\u0639\u0644\u0627\u062c\u064a\u0629 \u0648\u062a\u062c\u062f\u064a\u062f \u0627\u0644\u062e\u0644\u0627\u064a\u0627.<\/li>\n<\/ul>\n<p><strong>\u0633\u0639\u0629<\/strong>: 100 \u0645\u0644<\/p>\n<p>\u0627\u062e\u062a\u0628\u0627\u0631 \u0644\u062f\u064a\u0646\u0627 \u0645\u0631\u0629 \u0623\u062e\u0631\u0649 <a href=\"http:\/\/gerajeune.com\/ar\/product\/huile-seche-50ml\/\">\u0632\u064a\u062a \u062c\u0627\u0641\u00a0<\/a><\/p>","protected":false},"excerpt":{"rendered":"<p>Huile de Soin Quand utiliser l&rsquo;Huile de Soin? Si vous avez la peau tr\u00e8s s\u00e8che et l&rsquo;impression qu&rsquo;un lait pour le corps n&rsquo;est pas assez nourrissant pour vous Comment l&rsquo;utiliser ? S&rsquo;applique g\u00e9n\u00e9ralement en avant-derni\u00e8re \u00e9tape de votre routine \u2014 donc apr\u00e8s la lotion, le s\u00e9rum, le contour des yeux et la cr\u00e8me hydratante mais toujours avant le SPF. vous pouvez utiliser l&rsquo;huile de soin sur le visage , cou et le d\u00e9collet\u00e9 aussi sur le corps en insistant sur les zones plus s\u00e8ches comme les coudes et les genoux ou bien sur les cheveux elle est parfaite pour nourrir et r\u00e9parer les longueurs et pointes ab\u00eem\u00e9es. Quels sont ses bienfaits\u00a0 ? les huiles pr\u00e9cieuses aident a hydrater la peau en profondeur : la vitamine E prot\u00e8ge la peau contre les dommages caus\u00e9s par les radicaux libres , permet notamment de la nourrir en profondeur et de lutter contre le vieillissement cellulaire. elle aide aussi \u00a0\u00e0 \u00e9viter l&rsquo;apparition de plaques de s\u00e9cheresse l&rsquo;huile essentielle de romarin aide a stimuler la circulation sanguine et a r\u00e9duire les cernes , elle est tr\u00e8s connue par ses propri\u00e9t\u00e9s tonifiante et apaisante et\u00a0 Ses vertus astringentes et purifiantes qui aident \u00e0 r\u00e9guler la production de s\u00e9bum et ainsi purifier la peau la vitamine B5 apaise la peau gr\u00e2ce aux propri\u00e9t\u00e9s anti-inflammatoires , elle est b\u00e9n\u00e9fique pour les peaux acn\u00e9iques ou bless\u00e9es gr\u00e2ce a ses propri\u00e9t\u00e9s cicatrisante et r\u00e9g\u00e9n\u00e9rante des cellules . Contenance:\u00a0 100ml testez encore notre huile s\u00e8che\u00a0<\/p>","protected":false},"featured_media":9557,"comment_status":"open","ping_status":"closed","template":"","meta":{"_monsterinsights_skip_tracking":false,"_monsterinsights_sitenote_active":false,"_monsterinsights_sitenote_note":"","_monsterinsights_sitenote_category":0,"ocean_post_layout":"","ocean_both_sidebars_style":"","ocean_both_sidebars_content_width":0,"ocean_both_sidebars_sidebars_width":0,"ocean_sidebar":"0","ocean_second_sidebar":"0","ocean_disable_margins":"enable","ocean_add_body_class":"","ocean_shortcode_before_top_bar":"","ocean_shortcode_after_top_bar":"","ocean_shortcode_before_header":"","ocean_shortcode_after_header":"","ocean_has_shortcode":"","ocean_shortcode_after_title":"","ocean_shortcode_before_footer_widgets":"","ocean_shortcode_after_footer_widgets":"","ocean_shortcode_before_footer_bottom":"","ocean_shortcode_after_footer_bottom":"","ocean_display_top_bar":"default","ocean_display_header":"default","ocean_header_style":"","ocean_center_header_left_menu":"0","ocean_custom_header_template":"0","ocean_custom_logo":0,"ocean_custom_retina_logo":0,"ocean_custom_logo_max_width":0,"ocean_custom_logo_tablet_max_width":0,"ocean_custom_logo_mobile_max_width":0,"ocean_custom_logo_max_height":0,"ocean_custom_logo_tablet_max_height":0,"ocean_custom_logo_mobile_max_height":0,"ocean_header_custom_menu":"0","ocean_menu_typo_font_family":"0","ocean_menu_typo_font_subset":"","ocean_menu_typo_font_size":0,"ocean_menu_typo_font_size_tablet":0,"ocean_menu_typo_font_size_mobile":0,"ocean_menu_typo_font_size_unit":"px","ocean_menu_typo_font_weight":"","ocean_menu_typo_font_weight_tablet":"","ocean_menu_typo_font_weight_mobile":"","ocean_menu_typo_transform":"","ocean_menu_typo_transform_tablet":"","ocean_menu_typo_transform_mobile":"","ocean_menu_typo_line_height":0,"ocean_menu_typo_line_height_tablet":0,"ocean_menu_typo_line_height_mobile":0,"ocean_menu_typo_line_height_unit":"","ocean_menu_typo_spacing":0,"ocean_menu_typo_spacing_tablet":0,"ocean_menu_typo_spacing_mobile":0,"ocean_menu_typo_spacing_unit":"","ocean_menu_link_color":"","ocean_menu_link_color_hover":"","ocean_menu_link_color_active":"","ocean_menu_link_background":"","ocean_menu_link_hover_background":"","ocean_menu_link_active_background":"","ocean_menu_social_links_bg":"","ocean_menu_social_hover_links_bg":"","ocean_menu_social_links_color":"","ocean_menu_social_hover_links_color":"","ocean_disable_title":"default","ocean_disable_heading":"default","ocean_post_title":"","ocean_post_subheading":"","ocean_post_title_style":"","ocean_post_title_background_color":"","ocean_post_title_background":0,"ocean_post_title_bg_image_position":"","ocean_post_title_bg_image_attachment":"","ocean_post_title_bg_image_repeat":"","ocean_post_title_bg_image_size":"","ocean_post_title_height":0,"ocean_post_title_bg_overlay":0.5,"ocean_post_title_bg_overlay_color":"","ocean_disable_breadcrumbs":"default","ocean_breadcrumbs_color":"","ocean_breadcrumbs_separator_color":"","ocean_breadcrumbs_links_color":"","ocean_breadcrumbs_links_hover_color":"","ocean_display_footer_widgets":"default","ocean_display_footer_bottom":"default","ocean_custom_footer_template":"0","omw_enable_modal_window":"enable"},"product_brand":[],"product_cat":[41,157,56],"product_tag":[],"class_list":{"0":"post-6569","1":"product","2":"type-product","3":"status-publish","4":"has-post-thumbnail","6":"product_cat-soin-cheveux","7":"product_cat-soin-corps","8":"product_cat-soin-visage","10":"entry","11":"has-media","13":"first","14":"instock","15":"taxable","16":"shipping-taxable","17":"purchasable","18":"product-type-simple","19":"col","20":"span_1_of_3","21":"owp-content-center","22":"owp-thumbs-layout-horizontal","23":"owp-btn-normal","24":"owp-tabs-layout-horizontal","25":"has-no-thumbnails"},"yoast_head":"<!-- This site is optimized with the Yoast SEO plugin v27.0 - https:\/\/yoast.com\/product\/yoast-seo-wordpress\/ -->\n<title>Huile de Soin - gerajeune<\/title>\n<meta name=\"description\" content=\"Nourrissante et lumi\u00e8re ,100% naturelle , pour visage , corps et cheveux . Aux huiles pr\u00e9cieuses , vitamine E et pro vitamine B5\" \/>\n<meta name=\"robots\" content=\"index, follow, max-snippet:-1, max-image-preview:large, max-video-preview:-1\" \/>\n<link rel=\"canonical\" href=\"https:\/\/gerajeune.com\/ar\/product\/huile-de-soin-100ml\/\" \/>\n<meta property=\"og:locale\" content=\"ar_AR\" \/>\n<meta property=\"og:type\" content=\"article\" \/>\n<meta property=\"og:title\" content=\"Huile de Soin - gerajeune\" \/>\n<meta property=\"og:description\" content=\"Nourrissante et lumi\u00e8re ,100% naturelle , pour visage , corps et cheveux . Aux huiles pr\u00e9cieuses , vitamine E et pro vitamine B5\" \/>\n<meta property=\"og:url\" content=\"https:\/\/gerajeune.com\/ar\/product\/huile-de-soin-100ml\/\" \/>\n<meta property=\"og:site_name\" content=\"gerajeune\" \/>\n<meta property=\"article:publisher\" content=\"https:\/\/www.facebook.com\/gerajeune\" \/>\n<meta property=\"article:modified_time\" content=\"2024-08-17T04:03:35+00:00\" \/>\n<meta property=\"og:image\" content=\"https:\/\/gerajeune.com\/wp-content\/uploads\/2024\/06\/huileSoin.png\" \/>\n\t<meta property=\"og:image:width\" content=\"1587\" \/>\n\t<meta property=\"og:image:height\" content=\"2245\" \/>\n\t<meta property=\"og:image:type\" content=\"image\/png\" \/>\n<meta name=\"twitter:card\" content=\"summary_large_image\" \/>\n<meta name=\"twitter:label1\" content=\"\u0648\u0642\u062a \u0627\u0644\u0642\u0631\u0627\u0621\u0629 \u0627\u0644\u0645\u064f\u0642\u062f\u0651\u0631\" \/>\n\t<meta name=\"twitter:data1\" content=\"\u062f\u0642\u064a\u0642\u0629 \u0648\u0627\u062d\u062f\u0629\" \/>\n<script type=\"application\/ld+json\" class=\"yoast-schema-graph\">{\"@context\":\"https:\/\/schema.org\",\"@graph\":[{\"@type\":\"WebPage\",\"@id\":\"https:\/\/gerajeune.com\/produit\/huile-de-soin-100ml\/\",\"url\":\"https:\/\/gerajeune.com\/produit\/huile-de-soin-100ml\/\",\"name\":\"Huile de Soin - gerajeune\",\"isPartOf\":{\"@id\":\"https:\/\/gerajeune.com\/#website\"},\"primaryImageOfPage\":{\"@id\":\"https:\/\/gerajeune.com\/produit\/huile-de-soin-100ml\/#primaryimage\"},\"image\":{\"@id\":\"https:\/\/gerajeune.com\/produit\/huile-de-soin-100ml\/#primaryimage\"},\"thumbnailUrl\":\"https:\/\/gerajeune.com\/wp-content\/uploads\/2024\/06\/huileSoin.png\",\"datePublished\":\"2024-02-22T14:25:35+00:00\",\"dateModified\":\"2024-08-17T04:03:35+00:00\",\"description\":\"Nourrissante et lumi\u00e8re ,100% naturelle , pour visage , corps et cheveux . Aux huiles pr\u00e9cieuses , vitamine E et pro vitamine B5\",\"breadcrumb\":{\"@id\":\"https:\/\/gerajeune.com\/produit\/huile-de-soin-100ml\/#breadcrumb\"},\"inLanguage\":\"ar\",\"potentialAction\":[{\"@type\":\"ReadAction\",\"target\":[\"https:\/\/gerajeune.com\/produit\/huile-de-soin-100ml\/\"]}]},{\"@type\":\"ImageObject\",\"inLanguage\":\"ar\",\"@id\":\"https:\/\/gerajeune.com\/produit\/huile-de-soin-100ml\/#primaryimage\",\"url\":\"https:\/\/gerajeune.com\/wp-content\/uploads\/2024\/06\/huileSoin.png\",\"contentUrl\":\"https:\/\/gerajeune.com\/wp-content\/uploads\/2024\/06\/huileSoin.png\",\"width\":1587,\"height\":2245},{\"@type\":\"BreadcrumbList\",\"@id\":\"https:\/\/gerajeune.com\/produit\/huile-de-soin-100ml\/#breadcrumb\",\"itemListElement\":[{\"@type\":\"ListItem\",\"position\":1,\"name\":\"Accueil\",\"item\":\"https:\/\/gerajeune.com\/\"},{\"@type\":\"ListItem\",\"position\":2,\"name\":\"Produits\",\"item\":\"https:\/\/gerajeune.com\/__trashed-6\/\"},{\"@type\":\"ListItem\",\"position\":3,\"name\":\"Huile de Soin\"}]},{\"@type\":\"WebSite\",\"@id\":\"https:\/\/gerajeune.com\/#website\",\"url\":\"https:\/\/gerajeune.com\/\",\"name\":\"gerajeune\",\"description\":\"Naturellement belle, visiblement jeune\",\"publisher\":{\"@id\":\"https:\/\/gerajeune.com\/#organization\"},\"potentialAction\":[{\"@type\":\"SearchAction\",\"target\":{\"@type\":\"EntryPoint\",\"urlTemplate\":\"https:\/\/gerajeune.com\/?s={search_term_string}\"},\"query-input\":{\"@type\":\"PropertyValueSpecification\",\"valueRequired\":true,\"valueName\":\"search_term_string\"}}],\"inLanguage\":\"ar\"},{\"@type\":\"Organization\",\"@id\":\"https:\/\/gerajeune.com\/#organization\",\"name\":\"gerajeune\",\"url\":\"https:\/\/gerajeune.com\/\",\"logo\":{\"@type\":\"ImageObject\",\"inLanguage\":\"ar\",\"@id\":\"https:\/\/gerajeune.com\/#\/schema\/logo\/image\/\",\"url\":\"http:\/\/gerajeune.com\/wp-content\/uploads\/2021\/12\/cropped-logo-modifier-1-e1645608409226.png\",\"contentUrl\":\"http:\/\/gerajeune.com\/wp-content\/uploads\/2021\/12\/cropped-logo-modifier-1-e1645608409226.png\",\"width\":250,\"height\":120,\"caption\":\"gerajeune\"},\"image\":{\"@id\":\"https:\/\/gerajeune.com\/#\/schema\/logo\/image\/\"},\"sameAs\":[\"https:\/\/www.facebook.com\/gerajeune\",\"https:\/\/www.instagram.com\/gerajeune\/reels\/?hl=fr\"]}]}<\/script>\n<!-- \/ Yoast SEO plugin. -->","yoast_head_json":{"title":"Huile de Soin - gerajeune","description":"Nourrissante et lumi\u00e8re ,100% naturelle , pour visage , corps et cheveux . Aux huiles pr\u00e9cieuses , vitamine E et pro vitamine B5","robots":{"index":"index","follow":"follow","max-snippet":"max-snippet:-1","max-image-preview":"max-image-preview:large","max-video-preview":"max-video-preview:-1"},"canonical":"https:\/\/gerajeune.com\/ar\/product\/huile-de-soin-100ml\/","og_locale":"ar_AR","og_type":"article","og_title":"Huile de Soin - gerajeune","og_description":"Nourrissante et lumi\u00e8re ,100% naturelle , pour visage , corps et cheveux . Aux huiles pr\u00e9cieuses , vitamine E et pro vitamine B5","og_url":"https:\/\/gerajeune.com\/ar\/product\/huile-de-soin-100ml\/","og_site_name":"gerajeune","article_publisher":"https:\/\/www.facebook.com\/gerajeune","article_modified_time":"2024-08-17T04:03:35+00:00","og_image":[{"width":1587,"height":2245,"url":"https:\/\/gerajeune.com\/wp-content\/uploads\/2024\/06\/huileSoin.png","type":"image\/png"}],"twitter_card":"summary_large_image","twitter_misc":{"\u0648\u0642\u062a \u0627\u0644\u0642\u0631\u0627\u0621\u0629 \u0627\u0644\u0645\u064f\u0642\u062f\u0651\u0631":"\u062f\u0642\u064a\u0642\u0629 \u0648\u0627\u062d\u062f\u0629"},"schema":{"@context":"https:\/\/schema.org","@graph":[{"@type":"WebPage","@id":"https:\/\/gerajeune.com\/produit\/huile-de-soin-100ml\/","url":"https:\/\/gerajeune.com\/produit\/huile-de-soin-100ml\/","name":"Huile de Soin - gerajeune","isPartOf":{"@id":"https:\/\/gerajeune.com\/#website"},"primaryImageOfPage":{"@id":"https:\/\/gerajeune.com\/produit\/huile-de-soin-100ml\/#primaryimage"},"image":{"@id":"https:\/\/gerajeune.com\/produit\/huile-de-soin-100ml\/#primaryimage"},"thumbnailUrl":"https:\/\/gerajeune.com\/wp-content\/uploads\/2024\/06\/huileSoin.png","datePublished":"2024-02-22T14:25:35+00:00","dateModified":"2024-08-17T04:03:35+00:00","description":"Nourrissante et lumi\u00e8re ,100% naturelle , pour visage , corps et cheveux . Aux huiles pr\u00e9cieuses , vitamine E et pro vitamine B5","breadcrumb":{"@id":"https:\/\/gerajeune.com\/produit\/huile-de-soin-100ml\/#breadcrumb"},"inLanguage":"ar","potentialAction":[{"@type":"ReadAction","target":["https:\/\/gerajeune.com\/produit\/huile-de-soin-100ml\/"]}]},{"@type":"ImageObject","inLanguage":"ar","@id":"https:\/\/gerajeune.com\/produit\/huile-de-soin-100ml\/#primaryimage","url":"https:\/\/gerajeune.com\/wp-content\/uploads\/2024\/06\/huileSoin.png","contentUrl":"https:\/\/gerajeune.com\/wp-content\/uploads\/2024\/06\/huileSoin.png","width":1587,"height":2245},{"@type":"BreadcrumbList","@id":"https:\/\/gerajeune.com\/produit\/huile-de-soin-100ml\/#breadcrumb","itemListElement":[{"@type":"ListItem","position":1,"name":"Accueil","item":"https:\/\/gerajeune.com\/"},{"@type":"ListItem","position":2,"name":"Produits","item":"https:\/\/gerajeune.com\/__trashed-6\/"},{"@type":"ListItem","position":3,"name":"Huile de Soin"}]},{"@type":"WebSite","@id":"https:\/\/gerajeune.com\/#website","url":"https:\/\/gerajeune.com\/","name":"com.gerayoung","description":"\u062c\u0645\u064a\u0644\u0629 \u0628\u0634\u0643\u0644 \u0637\u0628\u064a\u0639\u064a\u060c \u0634\u0627\u0628\u0629 \u0628\u0634\u0643\u0644 \u0648\u0627\u0636\u062d","publisher":{"@id":"https:\/\/gerajeune.com\/#organization"},"potentialAction":[{"@type":"SearchAction","target":{"@type":"EntryPoint","urlTemplate":"https:\/\/gerajeune.com\/?s={search_term_string}"},"query-input":{"@type":"PropertyValueSpecification","valueRequired":true,"valueName":"search_term_string"}}],"inLanguage":"ar"},{"@type":"Organization","@id":"https:\/\/gerajeune.com\/#organization","name":"com.gerayoung","url":"https:\/\/gerajeune.com\/","logo":{"@type":"ImageObject","inLanguage":"ar","@id":"https:\/\/gerajeune.com\/#\/schema\/logo\/image\/","url":"http:\/\/gerajeune.com\/wp-content\/uploads\/2021\/12\/cropped-logo-modifier-1-e1645608409226.png","contentUrl":"http:\/\/gerajeune.com\/wp-content\/uploads\/2021\/12\/cropped-logo-modifier-1-e1645608409226.png","width":250,"height":120,"caption":"gerajeune"},"image":{"@id":"https:\/\/gerajeune.com\/#\/schema\/logo\/image\/"},"sameAs":["https:\/\/www.facebook.com\/gerajeune","https:\/\/www.instagram.com\/gerajeune\/reels\/?hl=fr"]}]}},"jetpack_sharing_enabled":true,"_links":{"self":[{"href":"https:\/\/gerajeune.com\/ar\/wp-json\/wp\/v2\/product\/6569","targetHints":{"allow":["GET"]}}],"collection":[{"href":"https:\/\/gerajeune.com\/ar\/wp-json\/wp\/v2\/product"}],"about":[{"href":"https:\/\/gerajeune.com\/ar\/wp-json\/wp\/v2\/types\/product"}],"replies":[{"embeddable":true,"href":"https:\/\/gerajeune.com\/ar\/wp-json\/wp\/v2\/comments?post=6569"}],"version-history":[{"count":4,"href":"https:\/\/gerajeune.com\/ar\/wp-json\/wp\/v2\/product\/6569\/revisions"}],"predecessor-version":[{"id":7090,"href":"https:\/\/gerajeune.com\/ar\/wp-json\/wp\/v2\/product\/6569\/revisions\/7090"}],"wp:featuredmedia":[{"embeddable":true,"href":"https:\/\/gerajeune.com\/ar\/wp-json\/wp\/v2\/media\/9557"}],"wp:attachment":[{"href":"https:\/\/gerajeune.com\/ar\/wp-json\/wp\/v2\/media?parent=6569"}],"wp:term":[{"taxonomy":"product_brand","embeddable":true,"href":"https:\/\/gerajeune.com\/ar\/wp-json\/wp\/v2\/product_brand?post=6569"},{"taxonomy":"product_cat","embeddable":true,"href":"https:\/\/gerajeune.com\/ar\/wp-json\/wp\/v2\/product_cat?post=6569"},{"taxonomy":"product_tag","embeddable":true,"href":"https:\/\/gerajeune.com\/ar\/wp-json\/wp\/v2\/product_tag?post=6569"}],"curies":[{"name":"wp","href":"https:\/\/api.w.org\/{rel}","templated":true}]}}