{"id":6726,"date":"2024-02-27T15:48:45","date_gmt":"2024-02-27T14:48:45","guid":{"rendered":"http:\/\/gerajeune.com\/?post_type=product&#038;p=6726"},"modified":"2024-06-07T15:53:56","modified_gmt":"2024-06-07T14:53:56","slug":"sel-spa","status":"publish","type":"product","link":"https:\/\/gerajeune.com\/ar\/product\/sel-spa\/","title":{"rendered":"\u0645\u0644\u062d \u0633\u0628\u0627 \u0627\u0644\u064a\u0627\u0633\u0645\u064a\u0646 \u0648\u0627\u0644\u0628\u064a\u062a\u064a\u062a \u062c\u0631\u064a\u0646"},"content":{"rendered":"<p>\u0645\u0644\u062d \u0633\u0628\u0627<\/p>\n<p><strong>\u0641\u0648\u0627\u0626\u062f:<\/strong><\/p>\n<ul>\n<li>\u064a\u063a\u0630\u064a \u0648\u064a\u0632\u064a\u0644 \u0627\u0644\u0633\u0645\u0648\u0645 <a href=\"https:\/\/fr.wikipedia.org\/wiki\/Peau\">\u0627\u0644\u062c\u0644\u062f<\/a> \u0648\u0641\u0631\u0648\u0629 \u0627\u0644\u0631\u0623\u0633 \u063a\u064a\u0631 \u0627\u0644\u0645\u062a\u0648\u0627\u0632\u0646\u0629 \u0648\u0627\u0644\u0623\u0643\u0632\u064a\u0645\u064a\u0629<\/li>\n<li>\u064a\u0639\u0637\u064a \u0645\u0638\u0647\u0631 \u0627\u0644\u0633\u0627\u062a\u0627\u0646<\/li>\n<li>\u0641\u0631\u0643 \u0627\u0644\u062c\u0633\u0645<\/li>\n<li>\u064a\u0633\u0627\u0639\u062f \u0639\u0644\u0649 \u0645\u062d\u0627\u0631\u0628\u0629 \u0627\u0644\u062a\u0648\u062a\u0631 \u0648\u0627\u0644\u062a\u0639\u0628 \u0648\u0627\u0644\u0639\u0635\u0628\u064a\u0629 \u0648\u0627\u0644\u0623\u0631\u0642<\/li>\n<li>\u064a\u0632\u064a\u0644 \u0627\u0644\u0633\u0645\u0648\u0645 \u0648\u064a\u0642\u0648\u064a \u0627\u0644\u0645\u0646\u0627\u0639\u0629<\/li>\n<li>\u064a\u0633\u0627\u0639\u062f \u0639\u0644\u0649 \u0645\u062d\u0627\u0631\u0628\u0629 \u0627\u0631\u062a\u0641\u0627\u0639 \u0636\u063a\u0637 \u0627\u0644\u062f\u0645 \u0648\u0636\u0639\u0641 \u0627\u0644\u062f\u0648\u0631\u0629 \u0627\u0644\u062f\u0645\u0648\u064a\u0629<\/li>\n<li>\u064a\u0647\u062f\u0626\u060c \u064a\u0631\u064a\u062d\u060c \u064a\u062e\u0641\u0641 \u0645\u0646 \u062a\u0642\u0644\u0635\u0627\u062a \u0627\u0644\u0639\u0636\u0644\u0627\u062a<\/li>\n<li>\u064a\u062d\u0633\u0646 \u0627\u0644\u0646\u0648\u0645 \u0648\u0643\u0630\u0644\u0643 \u0645\u0647\u0627\u0631\u0627\u062a \u0627\u0644\u0627\u0646\u062a\u0628\u0627\u0647 \u0648\u0627\u0644\u062a\u0631\u0643\u064a\u0632<\/li>\n<li>\u0627\u0633\u062a\u0631\u062e\u0627\u0621 \u0644\u0644\u0639\u0636\u0644\u0627\u062a \u0648\u0627\u0644\u0645\u0641\u0627\u0635\u0644<\/li>\n<li>\u00a0\u064a\u062e\u0641\u0641 \u0627\u0644\u062a\u0634\u0646\u062c\u0627\u062a \u0648\u0627\u0644\u0623\u0644\u0645 \u0628\u0632\u064a\u062a \u0627\u0644\u064a\u0627\u0633\u0645\u064a\u0646<\/li>\n<li>\u064a\u0633\u0627\u0647\u0645 \u0641\u064a \u0627\u0644\u062a\u0648\u0627\u0632\u0646 \u0627\u0644\u0639\u0635\u0628\u064a \u0628\u0641\u0636\u0644 \u0627\u0644\u062d\u0645\u0636\u064a\u0627\u062a<\/li>\n<\/ul>\n<p><strong>\u062a\u0639\u0644\u064a\u0645\u0627\u062a \u0627\u0644\u0627\u0633\u062a\u062e\u062f\u0627\u0645:<\/strong><\/p>\n<p>\u0623\u0636\u0641 \u0643\u0645\u064a\u0629 \u0645\u0646\u0627\u0633\u0628\u0629 \u0645\u0646 \u0627\u0644\u0645\u0644\u062d \u0625\u0644\u0649 \u0627\u0644\u0633\u0628\u0627\u060c \u062b\u0645 \u0627\u062a\u0631\u0643\u0647 \u062d\u062a\u0649 \u064a\u0630\u0648\u0628.<\/p>\n<p>\u064a\u0645\u0643\u0646 \u0627\u0633\u062a\u062e\u062f\u0627\u0645\u0647 \u0643\u0645\u0642\u0634\u0631 \u0623\u064a\u0636\u064b\u0627<\/p>\n<p><strong>\u0643\u064a\u0641 \u064a\u0643\u0648\u0646 \u0644\u062f\u064a\u0643 \u0645\u0646\u062a\u062c\u0639 \u0635\u062d\u064a \u0641\u064a \u0627\u0644\u0645\u0646\u0632\u0644\u061f<\/strong><\/p>\n<p>\u062f\u0639 \u0646\u0641\u0633\u0643 \u062a\u0647\u062f\u0623 \u0628\u0627\u0644\u0623\u0644\u062d\u0627\u0646 \u0627\u0644\u062d\u0644\u0648\u0629\u060c \u062d\u0645\u0627\u0645 \u0633\u0627\u062e\u0646 \u0648\u0639\u0637\u0631\u060c <a href=\"http:\/\/gerajeune.com\/ar\/product\/gommage-rose-and-red-fruits\/\">\u0641\u0631\u0643 \u0627\u0644\u062c\u0633\u0645 \u0648\u0627\u0644\u0648\u062c\u0647<\/a>\u060c \u062b\u0645 \u0639\u0644\u0627\u062c\u0627\u062a \u0623\u0643\u062b\u0631 \u0627\u0633\u062a\u0647\u062f\u0627\u0641\u064b\u0627 \u0648\u0641\u0642\u064b\u0627 \u0644\u0644\u0627\u062d\u062a\u064a\u0627\u062c\u0627\u062a: \u0642\u0646\u0627\u0639 \u0627\u0644\u0648\u062c\u0647\u060c \u0648\u062a\u0631\u0637\u064a\u0628 \u0627\u0644\u062c\u0633\u0645 \u0628\u0627\u0644\u0643\u0627\u0645\u0644\u060c \u0648<a href=\"http:\/\/gerajeune.com\/ar\/product\/elixir-hyaluronique\/\"> \u0648\u062c\u0647<\/a> \u0645\u0635\u062d\u0648\u0628\u0629 \u0628\u0627\u0644\u062a\u062f\u0644\u064a\u0643. \u0627\u0633\u062a\u0641\u062f<\/p>\n<p>\u0627\u0643\u062a\u0634\u0641 \u0623\u064a\u0636\u064b\u0627:<\/p>\n<ul>\n<li><a href=\"http:\/\/gerajeune.com\/ar\/product\/gommage-gourmand-corps-fruity-mood\/\">\u0641\u0631\u0643 \u0627\u0644\u0630\u0648\u0627\u0642\u0629\u00a0<\/a><\/li>\n<li><a href=\"http:\/\/gerajeune.com\/ar\/product\/diffuseur-sweety-mood\/\">\u0627\u0644\u0646\u0627\u0634\u0631 \u0627\u0644\u0645\u0632\u0627\u062c \u0627\u0644\u062d\u0644\u0648\u00a0<\/a><\/li>\n<\/ul>\n<p><strong>\u0645\u0643\u0648\u0646\u0627\u062a :<\/strong><\/p>\n<p>\u0643\u0644\u0648\u0631\u064a\u062f \u0627\u0644\u0635\u0648\u062f\u064a\u0648\u0645\u060c \u0627\u0644\u064a\u0627\u0633\u0645\u064a\u0646\u060c \u0627\u0644\u0632\u064a\u062a \u0627\u0644\u0639\u0637\u0631\u064a\u060c \u0627\u0644\u062d\u0645\u0636\u064a\u0627\u062a\u060c \u0632\u064a\u062a \u0623\u0648\u0631\u0627\u0642 \u0646\u0628\u0627\u062a \u0627\u0644\u063a\u0631\u0627\u0646\u062f\u064a\u0632\u060c \u0627\u0644\u0639\u0637\u0631<\/p>\n<p>&nbsp;<\/p>","protected":false},"excerpt":{"rendered":"<p>Sel Spa Bienfaits : Nourrit et d\u00e9toxifie la peau et le cuire chevelu d\u00e9s\u00e9quilibr\u00e9 et ecz\u00e9mateux donne un aspect satin\u00e9 gommage de corp permet de lutter contre le stress, la fatigue, la nervosit\u00e9 et l\u2019insomnie \u00c9limine les toxines et renforce\u00a0 l\u2019immunit\u00e9 permet de lutter contre l\u2019hypertension et la mauvaise circulation apaise, d\u00e9contracte, d\u00e9noue les contractures musculaires am\u00e9liore le sommeil ainsi que les facult\u00e9s d&rsquo;attention et de concentration relaxant pour les muscles et articulations \u00a0soulage les crampes et les douleurs gr\u00e2ce a l&rsquo;huile de jasmin contribue \u00e0 l&rsquo;\u00e9quilibre nerveux gr\u00e2ce au citrus Mode d&#8217;emploi : Ajoutez la bonne quantit\u00e9 de\u00a0sel\u00a0dans le\u00a0spa, puis laissez-le se dissoudre. peut s\u2019utiliser aussi bien en tant que gommage Comment se faire un spa \u00e0 la maison ? Faites-vous bercer par de douces m\u00e9lodies ,Un bain chaud et parfum\u00e9, un gommage corps et visage, puis des soins plus cibl\u00e9s selon les besoins : masque pour le visage , hydratation compl\u00e8te corps et visage assortie d&rsquo;un massage. Profitez-en d\u00e9couvrez aussi : le gommage gourmand\u00a0 le diffuseur sweety mood\u00a0 Ingr\u00e9dients : Sodium chlorure , Jasmin ,officinal oil , citrus , grandis leaf oil , fragrance &nbsp;<\/p>","protected":false},"featured_media":6687,"comment_status":"open","ping_status":"closed","template":"","meta":{"_monsterinsights_skip_tracking":false,"_monsterinsights_sitenote_active":false,"_monsterinsights_sitenote_note":"","_monsterinsights_sitenote_category":0,"ocean_post_layout":"","ocean_both_sidebars_style":"","ocean_both_sidebars_content_width":0,"ocean_both_sidebars_sidebars_width":0,"ocean_sidebar":"0","ocean_second_sidebar":"0","ocean_disable_margins":"enable","ocean_add_body_class":"","ocean_shortcode_before_top_bar":"","ocean_shortcode_after_top_bar":"","ocean_shortcode_before_header":"","ocean_shortcode_after_header":"","ocean_has_shortcode":"","ocean_shortcode_after_title":"","ocean_shortcode_before_footer_widgets":"","ocean_shortcode_after_footer_widgets":"","ocean_shortcode_before_footer_bottom":"","ocean_shortcode_after_footer_bottom":"","ocean_display_top_bar":"default","ocean_display_header":"default","ocean_header_style":"","ocean_center_header_left_menu":"0","ocean_custom_header_template":"0","ocean_custom_logo":0,"ocean_custom_retina_logo":0,"ocean_custom_logo_max_width":0,"ocean_custom_logo_tablet_max_width":0,"ocean_custom_logo_mobile_max_width":0,"ocean_custom_logo_max_height":0,"ocean_custom_logo_tablet_max_height":0,"ocean_custom_logo_mobile_max_height":0,"ocean_header_custom_menu":"0","ocean_menu_typo_font_family":"0","ocean_menu_typo_font_subset":"","ocean_menu_typo_font_size":0,"ocean_menu_typo_font_size_tablet":0,"ocean_menu_typo_font_size_mobile":0,"ocean_menu_typo_font_size_unit":"px","ocean_menu_typo_font_weight":"","ocean_menu_typo_font_weight_tablet":"","ocean_menu_typo_font_weight_mobile":"","ocean_menu_typo_transform":"","ocean_menu_typo_transform_tablet":"","ocean_menu_typo_transform_mobile":"","ocean_menu_typo_line_height":0,"ocean_menu_typo_line_height_tablet":0,"ocean_menu_typo_line_height_mobile":0,"ocean_menu_typo_line_height_unit":"","ocean_menu_typo_spacing":0,"ocean_menu_typo_spacing_tablet":0,"ocean_menu_typo_spacing_mobile":0,"ocean_menu_typo_spacing_unit":"","ocean_menu_link_color":"","ocean_menu_link_color_hover":"","ocean_menu_link_color_active":"","ocean_menu_link_background":"","ocean_menu_link_hover_background":"","ocean_menu_link_active_background":"","ocean_menu_social_links_bg":"","ocean_menu_social_hover_links_bg":"","ocean_menu_social_links_color":"","ocean_menu_social_hover_links_color":"","ocean_disable_title":"default","ocean_disable_heading":"default","ocean_post_title":"","ocean_post_subheading":"","ocean_post_title_style":"","ocean_post_title_background_color":"","ocean_post_title_background":0,"ocean_post_title_bg_image_position":"","ocean_post_title_bg_image_attachment":"","ocean_post_title_bg_image_repeat":"","ocean_post_title_bg_image_size":"","ocean_post_title_height":0,"ocean_post_title_bg_overlay":0.5,"ocean_post_title_bg_overlay_color":"","ocean_disable_breadcrumbs":"default","ocean_breadcrumbs_color":"","ocean_breadcrumbs_separator_color":"","ocean_breadcrumbs_links_color":"","ocean_breadcrumbs_links_hover_color":"","ocean_display_footer_widgets":"default","ocean_display_footer_bottom":"default","ocean_custom_footer_template":"0","omw_enable_modal_window":"enable"},"product_brand":[],"product_cat":[159],"product_tag":[],"class_list":{"0":"post-6726","1":"product","2":"type-product","3":"status-publish","4":"has-post-thumbnail","6":"product_cat-bien-etre","8":"entry","9":"has-media","11":"first","12":"instock","13":"taxable","14":"shipping-taxable","15":"purchasable","16":"product-type-simple","17":"col","18":"span_1_of_3","19":"owp-content-center","20":"owp-thumbs-layout-horizontal","21":"owp-btn-normal","22":"owp-tabs-layout-horizontal","23":"has-no-thumbnails"},"yoast_head":"<!-- This site is optimized with the Yoast SEO plugin v27.0 - https:\/\/yoast.com\/product\/yoast-seo-wordpress\/ -->\n<title>Sel Spa Jasmin et Petit Grain - gerajeune<\/title>\n<meta name=\"description\" content=\"Sel d&#039;eau de mer a effet Detox et Relax , parfum\u00e9 aux huiles essentielles et fleurs m\u00e9dicinales , naturellement riche en iode et min\u00e9raux .\" \/>\n<meta name=\"robots\" content=\"index, follow, max-snippet:-1, max-image-preview:large, max-video-preview:-1\" \/>\n<link rel=\"canonical\" href=\"https:\/\/gerajeune.com\/ar\/product\/sel-spa\/\" \/>\n<meta property=\"og:locale\" content=\"ar_AR\" \/>\n<meta property=\"og:type\" content=\"article\" \/>\n<meta property=\"og:title\" content=\"Sel Spa Jasmin et Petit Grain - gerajeune\" \/>\n<meta property=\"og:description\" content=\"Sel d&#039;eau de mer a effet Detox et Relax , parfum\u00e9 aux huiles essentielles et fleurs m\u00e9dicinales , naturellement riche en iode et min\u00e9raux .\" \/>\n<meta property=\"og:url\" content=\"https:\/\/gerajeune.com\/ar\/product\/sel-spa\/\" \/>\n<meta property=\"og:site_name\" content=\"gerajeune\" \/>\n<meta property=\"article:publisher\" content=\"https:\/\/www.facebook.com\/gerajeune\" \/>\n<meta property=\"article:modified_time\" content=\"2024-06-07T14:53:56+00:00\" \/>\n<meta property=\"og:image\" content=\"https:\/\/gerajeune.com\/wp-content\/uploads\/2024\/02\/IMG_2742-scaled.jpeg\" \/>\n\t<meta property=\"og:image:width\" content=\"1920\" \/>\n\t<meta property=\"og:image:height\" content=\"2560\" \/>\n\t<meta property=\"og:image:type\" content=\"image\/jpeg\" \/>\n<meta name=\"twitter:card\" content=\"summary_large_image\" \/>\n<meta name=\"twitter:label1\" content=\"\u0648\u0642\u062a \u0627\u0644\u0642\u0631\u0627\u0621\u0629 \u0627\u0644\u0645\u064f\u0642\u062f\u0651\u0631\" \/>\n\t<meta name=\"twitter:data1\" content=\"\u062f\u0642\u064a\u0642\u0629 \u0648\u0627\u062d\u062f\u0629\" \/>\n<script type=\"application\/ld+json\" class=\"yoast-schema-graph\">{\"@context\":\"https:\/\/schema.org\",\"@graph\":[{\"@type\":\"WebPage\",\"@id\":\"https:\/\/gerajeune.com\/produit\/sel-spa\/\",\"url\":\"https:\/\/gerajeune.com\/produit\/sel-spa\/\",\"name\":\"Sel Spa Jasmin et Petit Grain - gerajeune\",\"isPartOf\":{\"@id\":\"https:\/\/gerajeune.com\/#website\"},\"primaryImageOfPage\":{\"@id\":\"https:\/\/gerajeune.com\/produit\/sel-spa\/#primaryimage\"},\"image\":{\"@id\":\"https:\/\/gerajeune.com\/produit\/sel-spa\/#primaryimage\"},\"thumbnailUrl\":\"https:\/\/gerajeune.com\/wp-content\/uploads\/2024\/02\/IMG_2742-scaled.jpeg\",\"datePublished\":\"2024-02-27T14:48:45+00:00\",\"dateModified\":\"2024-06-07T14:53:56+00:00\",\"description\":\"Sel d'eau de mer a effet Detox et Relax , parfum\u00e9 aux huiles essentielles et fleurs m\u00e9dicinales , naturellement riche en iode et min\u00e9raux .\",\"breadcrumb\":{\"@id\":\"https:\/\/gerajeune.com\/produit\/sel-spa\/#breadcrumb\"},\"inLanguage\":\"ar\",\"potentialAction\":[{\"@type\":\"ReadAction\",\"target\":[\"https:\/\/gerajeune.com\/produit\/sel-spa\/\"]}]},{\"@type\":\"ImageObject\",\"inLanguage\":\"ar\",\"@id\":\"https:\/\/gerajeune.com\/produit\/sel-spa\/#primaryimage\",\"url\":\"https:\/\/gerajeune.com\/wp-content\/uploads\/2024\/02\/IMG_2742-scaled.jpeg\",\"contentUrl\":\"https:\/\/gerajeune.com\/wp-content\/uploads\/2024\/02\/IMG_2742-scaled.jpeg\",\"width\":1920,\"height\":2560,\"caption\":\"sel spa\"},{\"@type\":\"BreadcrumbList\",\"@id\":\"https:\/\/gerajeune.com\/produit\/sel-spa\/#breadcrumb\",\"itemListElement\":[{\"@type\":\"ListItem\",\"position\":1,\"name\":\"Accueil\",\"item\":\"https:\/\/gerajeune.com\/\"},{\"@type\":\"ListItem\",\"position\":2,\"name\":\"Produits\",\"item\":\"https:\/\/gerajeune.com\/__trashed-6\/\"},{\"@type\":\"ListItem\",\"position\":3,\"name\":\"Sel Spa Jasmin et Petit Grain\"}]},{\"@type\":\"WebSite\",\"@id\":\"https:\/\/gerajeune.com\/#website\",\"url\":\"https:\/\/gerajeune.com\/\",\"name\":\"gerajeune\",\"description\":\"Naturellement belle, visiblement jeune\",\"publisher\":{\"@id\":\"https:\/\/gerajeune.com\/#organization\"},\"potentialAction\":[{\"@type\":\"SearchAction\",\"target\":{\"@type\":\"EntryPoint\",\"urlTemplate\":\"https:\/\/gerajeune.com\/?s={search_term_string}\"},\"query-input\":{\"@type\":\"PropertyValueSpecification\",\"valueRequired\":true,\"valueName\":\"search_term_string\"}}],\"inLanguage\":\"ar\"},{\"@type\":\"Organization\",\"@id\":\"https:\/\/gerajeune.com\/#organization\",\"name\":\"gerajeune\",\"url\":\"https:\/\/gerajeune.com\/\",\"logo\":{\"@type\":\"ImageObject\",\"inLanguage\":\"ar\",\"@id\":\"https:\/\/gerajeune.com\/#\/schema\/logo\/image\/\",\"url\":\"http:\/\/gerajeune.com\/wp-content\/uploads\/2021\/12\/cropped-logo-modifier-1-e1645608409226.png\",\"contentUrl\":\"http:\/\/gerajeune.com\/wp-content\/uploads\/2021\/12\/cropped-logo-modifier-1-e1645608409226.png\",\"width\":250,\"height\":120,\"caption\":\"gerajeune\"},\"image\":{\"@id\":\"https:\/\/gerajeune.com\/#\/schema\/logo\/image\/\"},\"sameAs\":[\"https:\/\/www.facebook.com\/gerajeune\",\"https:\/\/www.instagram.com\/gerajeune\/reels\/?hl=fr\"]}]}<\/script>\n<!-- \/ Yoast SEO plugin. -->","yoast_head_json":{"title":"Sel Spa Jasmin et Petit Grain - gerajeune","description":"Sel d'eau de mer a effet Detox et Relax , parfum\u00e9 aux huiles essentielles et fleurs m\u00e9dicinales , naturellement riche en iode et min\u00e9raux .","robots":{"index":"index","follow":"follow","max-snippet":"max-snippet:-1","max-image-preview":"max-image-preview:large","max-video-preview":"max-video-preview:-1"},"canonical":"https:\/\/gerajeune.com\/ar\/product\/sel-spa\/","og_locale":"ar_AR","og_type":"article","og_title":"Sel Spa Jasmin et Petit Grain - gerajeune","og_description":"Sel d'eau de mer a effet Detox et Relax , parfum\u00e9 aux huiles essentielles et fleurs m\u00e9dicinales , naturellement riche en iode et min\u00e9raux .","og_url":"https:\/\/gerajeune.com\/ar\/product\/sel-spa\/","og_site_name":"gerajeune","article_publisher":"https:\/\/www.facebook.com\/gerajeune","article_modified_time":"2024-06-07T14:53:56+00:00","og_image":[{"width":1920,"height":2560,"url":"https:\/\/gerajeune.com\/wp-content\/uploads\/2024\/02\/IMG_2742-scaled.jpeg","type":"image\/jpeg"}],"twitter_card":"summary_large_image","twitter_misc":{"\u0648\u0642\u062a \u0627\u0644\u0642\u0631\u0627\u0621\u0629 \u0627\u0644\u0645\u064f\u0642\u062f\u0651\u0631":"\u062f\u0642\u064a\u0642\u0629 \u0648\u0627\u062d\u062f\u0629"},"schema":{"@context":"https:\/\/schema.org","@graph":[{"@type":"WebPage","@id":"https:\/\/gerajeune.com\/produit\/sel-spa\/","url":"https:\/\/gerajeune.com\/produit\/sel-spa\/","name":"Sel Spa Jasmin et Petit Grain - gerajeune","isPartOf":{"@id":"https:\/\/gerajeune.com\/#website"},"primaryImageOfPage":{"@id":"https:\/\/gerajeune.com\/produit\/sel-spa\/#primaryimage"},"image":{"@id":"https:\/\/gerajeune.com\/produit\/sel-spa\/#primaryimage"},"thumbnailUrl":"https:\/\/gerajeune.com\/wp-content\/uploads\/2024\/02\/IMG_2742-scaled.jpeg","datePublished":"2024-02-27T14:48:45+00:00","dateModified":"2024-06-07T14:53:56+00:00","description":"Sel d'eau de mer a effet Detox et Relax , parfum\u00e9 aux huiles essentielles et fleurs m\u00e9dicinales , naturellement riche en iode et min\u00e9raux .","breadcrumb":{"@id":"https:\/\/gerajeune.com\/produit\/sel-spa\/#breadcrumb"},"inLanguage":"ar","potentialAction":[{"@type":"ReadAction","target":["https:\/\/gerajeune.com\/produit\/sel-spa\/"]}]},{"@type":"ImageObject","inLanguage":"ar","@id":"https:\/\/gerajeune.com\/produit\/sel-spa\/#primaryimage","url":"https:\/\/gerajeune.com\/wp-content\/uploads\/2024\/02\/IMG_2742-scaled.jpeg","contentUrl":"https:\/\/gerajeune.com\/wp-content\/uploads\/2024\/02\/IMG_2742-scaled.jpeg","width":1920,"height":2560,"caption":"sel spa"},{"@type":"BreadcrumbList","@id":"https:\/\/gerajeune.com\/produit\/sel-spa\/#breadcrumb","itemListElement":[{"@type":"ListItem","position":1,"name":"Accueil","item":"https:\/\/gerajeune.com\/"},{"@type":"ListItem","position":2,"name":"Produits","item":"https:\/\/gerajeune.com\/__trashed-6\/"},{"@type":"ListItem","position":3,"name":"Sel Spa Jasmin et Petit Grain"}]},{"@type":"WebSite","@id":"https:\/\/gerajeune.com\/#website","url":"https:\/\/gerajeune.com\/","name":"com.gerayoung","description":"\u062c\u0645\u064a\u0644\u0629 \u0628\u0634\u0643\u0644 \u0637\u0628\u064a\u0639\u064a\u060c \u0634\u0627\u0628\u0629 \u0628\u0634\u0643\u0644 \u0648\u0627\u0636\u062d","publisher":{"@id":"https:\/\/gerajeune.com\/#organization"},"potentialAction":[{"@type":"SearchAction","target":{"@type":"EntryPoint","urlTemplate":"https:\/\/gerajeune.com\/?s={search_term_string}"},"query-input":{"@type":"PropertyValueSpecification","valueRequired":true,"valueName":"search_term_string"}}],"inLanguage":"ar"},{"@type":"Organization","@id":"https:\/\/gerajeune.com\/#organization","name":"com.gerayoung","url":"https:\/\/gerajeune.com\/","logo":{"@type":"ImageObject","inLanguage":"ar","@id":"https:\/\/gerajeune.com\/#\/schema\/logo\/image\/","url":"http:\/\/gerajeune.com\/wp-content\/uploads\/2021\/12\/cropped-logo-modifier-1-e1645608409226.png","contentUrl":"http:\/\/gerajeune.com\/wp-content\/uploads\/2021\/12\/cropped-logo-modifier-1-e1645608409226.png","width":250,"height":120,"caption":"gerajeune"},"image":{"@id":"https:\/\/gerajeune.com\/#\/schema\/logo\/image\/"},"sameAs":["https:\/\/www.facebook.com\/gerajeune","https:\/\/www.instagram.com\/gerajeune\/reels\/?hl=fr"]}]}},"jetpack_sharing_enabled":true,"_links":{"self":[{"href":"https:\/\/gerajeune.com\/ar\/wp-json\/wp\/v2\/product\/6726","targetHints":{"allow":["GET"]}}],"collection":[{"href":"https:\/\/gerajeune.com\/ar\/wp-json\/wp\/v2\/product"}],"about":[{"href":"https:\/\/gerajeune.com\/ar\/wp-json\/wp\/v2\/types\/product"}],"replies":[{"embeddable":true,"href":"https:\/\/gerajeune.com\/ar\/wp-json\/wp\/v2\/comments?post=6726"}],"version-history":[{"count":4,"href":"https:\/\/gerajeune.com\/ar\/wp-json\/wp\/v2\/product\/6726\/revisions"}],"predecessor-version":[{"id":7077,"href":"https:\/\/gerajeune.com\/ar\/wp-json\/wp\/v2\/product\/6726\/revisions\/7077"}],"wp:featuredmedia":[{"embeddable":true,"href":"https:\/\/gerajeune.com\/ar\/wp-json\/wp\/v2\/media\/6687"}],"wp:attachment":[{"href":"https:\/\/gerajeune.com\/ar\/wp-json\/wp\/v2\/media?parent=6726"}],"wp:term":[{"taxonomy":"product_brand","embeddable":true,"href":"https:\/\/gerajeune.com\/ar\/wp-json\/wp\/v2\/product_brand?post=6726"},{"taxonomy":"product_cat","embeddable":true,"href":"https:\/\/gerajeune.com\/ar\/wp-json\/wp\/v2\/product_cat?post=6726"},{"taxonomy":"product_tag","embeddable":true,"href":"https:\/\/gerajeune.com\/ar\/wp-json\/wp\/v2\/product_tag?post=6726"}],"curies":[{"name":"wp","href":"https:\/\/api.w.org\/{rel}","templated":true}]}}