{"id":6791,"date":"2024-02-29T15:32:34","date_gmt":"2024-02-29T14:32:34","guid":{"rendered":"http:\/\/gerajeune.com\/?post_type=product&#038;p=6791"},"modified":"2024-04-30T15:15:05","modified_gmt":"2024-04-30T14:15:05","slug":"diffuseur-positive-vibes-7ml","status":"publish","type":"product","link":"https:\/\/gerajeune.com\/ar\/product\/diffuseur-positive-vibes-7ml\/","title":{"rendered":"\u0646\u0627\u0634\u0631 \u0631\u0627\u0626\u062d\u0629 \u0625\u064a\u062c\u0627\u0628\u064a\u0629 7 \u0645\u0644"},"content":{"rendered":"<p>\u0646\u0627\u0634\u0631 \u0627\u0644\u0645\u0634\u0627\u0639\u0631 \u0627\u0644\u0625\u064a\u062c\u0627\u0628\u064a\u0629<\/p>\n<p><strong>\u0645\u0627 \u0647\u0648 \u062f\u0648\u0631 \u0646\u0627\u0634\u0631 \u0627\u0644\u0645\u0634\u0627\u0639\u0631 \u0627\u0644\u0625\u064a\u062c\u0627\u0628\u064a\u0629\u061f<\/strong><\/p>\n<p>\u0648\u0633\u064a\u0644\u0629 \u0644\u0646\u0634\u0631 \u0627\u0644\u0639\u0637\u0631 \u0628\u0634\u0643\u0644 \u0645\u0633\u062a\u0645\u0631 \u0641\u064a \u0628\u064a\u0626\u062a\u0643. \u0644\u0627 \u062f\u062e\u0627\u0646 \u0627\u0644\u0634\u0645\u0639 \u0648\u0644\u0627<br \/>\n\u0628\u062d\u0627\u062c\u0629 \u0644\u062d\u0631\u0642 \u0627\u0644\u0634\u0645\u0648\u0639.<\/p>\n<p>\u0641\u0639\u0627\u0644\u064a\u0629 \u0636\u062f:<\/p>\n<ul>\n<li>\u0627\u0644\u00a0<strong>\u0636\u063a\u0637<\/strong> : \u0647\u0648 \u0631\u062f \u0641\u0639\u0644 \u062a\u0643\u064a\u0641\u064a \u0637\u0628\u064a\u0639\u064a \u0627\u0633\u062a\u062c\u0627\u0628\u0629 \u0644\u0645\u0648\u0642\u0641 \u063a\u064a\u0631 \u0639\u0627\u062f\u064a \u064a\u064f\u0646\u0638\u0631 \u0625\u0644\u064a\u0647 \u0639\u0644\u0649 \u0623\u0646\u0647 \u062a\u0647\u062f\u064a\u062f\u060c \u0645\u0645\u0627 \u064a\u0636\u0639 \u0627\u0644\u062c\u0633\u0645 \u0641\u064a \u0648\u0636\u0639 \u0627\u0644\u0637\u064a\u0631\u0627\u0646 \u0623\u0648 \u0627\u0644\u0642\u062a\u0627\u0644. \u0648\u063a\u0627\u0644\u0628\u0627\u064b \u0645\u0627 \u064a\u062a\u0645\u064a\u0632 \u0628\u0627\u0644\u064a\u0642\u0638\u0629 \u0627\u0644\u0645\u0641\u0631\u0637\u0629\u060c \u0648\u0632\u064a\u0627\u062f\u0629 \u0641\u064a \u0645\u0639\u062f\u0644 \u0636\u0631\u0628\u0627\u062a \u0627\u0644\u0642\u0644\u0628\u060c \u0648\u0627\u0644\u062a\u0639\u0631\u0642\u060c \u0648\u0627\u0644\u0647\u064a\u0627\u062c\u060c \u0648\u0641\u0642\u062f\u0627\u0646 \u0627\u0644\u0642\u062f\u0631\u0629 \u0623\u0648 \u062d\u062a\u0649 \u0627\u0636\u0637\u0631\u0627\u0628\u0627\u062a \u0641\u064a \u0627\u0644\u062c\u0647\u0627\u0632 \u0627\u0644\u0647\u0636\u0645\u064a.<\/li>\n<li>\u0644&#039;<strong>\u0642\u0644\u0642<\/strong>\u00a0\u0647\u064a \u0642\u062f\u0631\u062a\u0646\u0627 \u0639\u0644\u0649 \u062a\u0636\u062e\u064a\u0645 \u0623\u0648 \u062e\u0644\u0642 \u0627\u0644\u062a\u0648\u062a\u0631 \u0628\u0623\u0646\u0641\u0633\u0646\u0627 \u062a\u062d\u0633\u0628\u064b\u0627. \u0648\u064a\u0646\u062a\u062c \u0639\u0646\u0647 \u063a\u0627\u0644\u0628\u0627\u064b \u0634\u0639\u0648\u0631 \u0628\u0627\u0644\u062e\u0648\u0641 \u0645\u0639 \u0647\u064a\u0627\u062c \u0623\u0648 \u0639\u0644\u0649 \u0627\u0644\u0639\u0643\u0633 \u0645\u0646 \u0627\u0644\u0644\u0627\u0645\u0628\u0627\u0644\u0627\u0629\u060c \u0648\u0623\u062d\u064a\u0627\u0646\u0627\u064b \u0639\u0644\u0627\u0645\u0627\u062a \u062c\u0633\u062f\u064a\u0629 (\u0634\u062f \u0639\u0636\u0644\u064a\u060c \u0622\u0644\u0627\u0645 \u0641\u064a \u0627\u0644\u0645\u0639\u062f\u0629). \u0647\u0630\u0647 \u0627\u0644\u0645\u0634\u0627\u0639\u0631 \u0637\u0628\u064a\u0639\u064a\u0629 \u0648\u0644\u0643\u0646 \u0644\u0627 \u064a\u0646\u0628\u063a\u064a \u0623\u0646 \u062a\u0634\u063a\u0644 \u0645\u0633\u0627\u062d\u0629 \u0643\u0628\u064a\u0631\u0629 \u0641\u064a \u0627\u0644\u062d\u064a\u0627\u0629 \u0627\u0644\u064a\u0648\u0645\u064a\u0629.<\/li>\n<\/ul>\n<p><strong>\u0643\u064a\u0641 \u064a\u0639\u0645\u0644 \u0627\u0644\u0646\u0627\u0634\u0631\u061f<\/strong><\/p>\n<p>\u062a\u0631\u062a\u0628\u0637 \u0645\u062c\u0645\u0648\u0639\u0629 \u0627\u0644\u0627\u0646\u062a\u0634\u0627\u0631 \u0647\u0630\u0647 \u0628\u0627\u0644\u062e\u0644\u064a\u0637 <a href=\"https:\/\/fr.wikipedia.org\/wiki\/Huile_essentielle\">\u0632\u064a\u062a \u0623\u0633\u0627\u0633\u064a<\/a> \u0644<br \/>\n\u0632\u0647\u0631\u0629 \u062d\u0644\u0648\u0629 \u064a\u0645\u0643\u0646\u0647\u0627 \u0623\u0646 \u062a\u064f\u0628\u0647\u062c \u062d\u0648\u0627\u0633\u0643 \u0648\u062a\u062e\u0644\u0642 \u0631\u0627\u0626\u062d\u0629 \u0645\u0646\u0639\u0634\u0629 \u0648\u0645\u0646\u0639\u0634\u0629.<\/p>\n<p><strong>\u0627\u062d\u062a\u064a\u0627\u0637\u0627\u062a \u0627\u0644\u0627\u0633\u062a\u062e\u062f\u0627\u0645:\u00a0<\/strong><\/p>\n<p>\u0627\u0644\u0627\u0628\u062a\u0639\u0627\u062f \u0639\u0646 \u0645\u0635\u0627\u062f\u0631 \u0627\u0644\u062d\u0631\u0627\u0631\u0629 \u0648\u0627\u0644\u0645\u0646\u062a\u062c\u0627\u062a \u0627\u0644\u0642\u0627\u0628\u0644\u0629 \u0644\u0644\u0627\u0634\u062a\u0639\u0627\u0644.<\/p>\n<p>\u0627\u0644\u0627\u0628\u062a\u0639\u0627\u062f \u0639\u0646 \u0627\u0644\u0623\u0637\u0641\u0627\u0644 \u0648\u0627\u0644\u062d\u064a\u0648\u0627\u0646\u0627\u062a.<\/p>\n<p>\u0627\u0643\u062a\u0634\u0641 \u0623\u064a\u0636\u0627 <a href=\"http:\/\/gerajeune.com\/ar\/product\/diffuseur-concentrate-7ml\/\">\u0627\u0644\u0646\u0627\u0634\u0631 \u0627\u0644\u0631\u063a\u0628\u0629 \u0627\u0644\u0634\u062f\u064a\u062f\u0629 \u0642\u0637\u0639<\/a><\/p>","protected":false},"excerpt":{"rendered":"<p>Diffuseur Positive Vibes Quel est le r\u00f4le du Diffuseur Positive Vibes\u00a0 ? Moyen\u00a0 de diffusion\u00a0 du\u00a0 parfum en continu dans votre environnement. Pas de fum\u00e9e de cire et pas besoin de bruler des bougies. efficacit\u00e9 contre : Le\u00a0stress : est une r\u00e9action naturelle\u00a0d\u2019adaptation en r\u00e9ponse \u00e0 une situation inhabituelle per\u00e7ue comme mena\u00e7ante, mettant le corps dans un mode de fuite ou de combat. Il se caract\u00e9rise souvent par une hypervigilance, une augmentation du rythme cardiaque, des su\u00e9es, une agitation, une perte de moyens ou encore des troubles digestifs. L\u2019anxi\u00e9t\u00e9\u00a0est quant \u00e0 elle notre capacit\u00e9 \u00e0\u00a0amplifier ou cr\u00e9er soi-m\u00eame du stress\u00a0par anticipation. Elle se traduit souvent par une sensation de peur avec de l&rsquo;agitation ou au contraire de l&rsquo;apathie, et parfois des signes physiques (tensions musculaires, maux de ventre). Cette \u00e9motion est normale mais elle ne doit pas prend trop de place dans le quotidien. Comment \u00e7a marche un diffuseur ? Cet ensemble de diffusion est associ\u00e9 au m\u00e9lange d&rsquo;huile essentielle de fleur douce, qui peut ravir vos sens et cr\u00e9er un arome tonifiant et revitalisant . Pr\u00e9cautions d&#8217;emploi :\u00a0 Garder a l&rsquo;abri des sources de chaleurs et des Produits inflammables . Tenir \u00e0 l&rsquo;\u00e9cart des enfants et des animaux. d\u00e9couvrez aussi le diffuseur cut cravings<\/p>","protected":false},"featured_media":6819,"comment_status":"open","ping_status":"closed","template":"","meta":{"_monsterinsights_skip_tracking":false,"_monsterinsights_sitenote_active":false,"_monsterinsights_sitenote_note":"","_monsterinsights_sitenote_category":0,"ocean_post_layout":"","ocean_both_sidebars_style":"","ocean_both_sidebars_content_width":0,"ocean_both_sidebars_sidebars_width":0,"ocean_sidebar":"0","ocean_second_sidebar":"0","ocean_disable_margins":"enable","ocean_add_body_class":"","ocean_shortcode_before_top_bar":"","ocean_shortcode_after_top_bar":"","ocean_shortcode_before_header":"","ocean_shortcode_after_header":"","ocean_has_shortcode":"","ocean_shortcode_after_title":"","ocean_shortcode_before_footer_widgets":"","ocean_shortcode_after_footer_widgets":"","ocean_shortcode_before_footer_bottom":"","ocean_shortcode_after_footer_bottom":"","ocean_display_top_bar":"default","ocean_display_header":"default","ocean_header_style":"","ocean_center_header_left_menu":"0","ocean_custom_header_template":"0","ocean_custom_logo":0,"ocean_custom_retina_logo":0,"ocean_custom_logo_max_width":0,"ocean_custom_logo_tablet_max_width":0,"ocean_custom_logo_mobile_max_width":0,"ocean_custom_logo_max_height":0,"ocean_custom_logo_tablet_max_height":0,"ocean_custom_logo_mobile_max_height":0,"ocean_header_custom_menu":"0","ocean_menu_typo_font_family":"0","ocean_menu_typo_font_subset":"","ocean_menu_typo_font_size":0,"ocean_menu_typo_font_size_tablet":0,"ocean_menu_typo_font_size_mobile":0,"ocean_menu_typo_font_size_unit":"px","ocean_menu_typo_font_weight":"","ocean_menu_typo_font_weight_tablet":"","ocean_menu_typo_font_weight_mobile":"","ocean_menu_typo_transform":"","ocean_menu_typo_transform_tablet":"","ocean_menu_typo_transform_mobile":"","ocean_menu_typo_line_height":0,"ocean_menu_typo_line_height_tablet":0,"ocean_menu_typo_line_height_mobile":0,"ocean_menu_typo_line_height_unit":"","ocean_menu_typo_spacing":0,"ocean_menu_typo_spacing_tablet":0,"ocean_menu_typo_spacing_mobile":0,"ocean_menu_typo_spacing_unit":"","ocean_menu_link_color":"","ocean_menu_link_color_hover":"","ocean_menu_link_color_active":"","ocean_menu_link_background":"","ocean_menu_link_hover_background":"","ocean_menu_link_active_background":"","ocean_menu_social_links_bg":"","ocean_menu_social_hover_links_bg":"","ocean_menu_social_links_color":"","ocean_menu_social_hover_links_color":"","ocean_disable_title":"default","ocean_disable_heading":"default","ocean_post_title":"","ocean_post_subheading":"","ocean_post_title_style":"","ocean_post_title_background_color":"","ocean_post_title_background":0,"ocean_post_title_bg_image_position":"","ocean_post_title_bg_image_attachment":"","ocean_post_title_bg_image_repeat":"","ocean_post_title_bg_image_size":"","ocean_post_title_height":0,"ocean_post_title_bg_overlay":0.5,"ocean_post_title_bg_overlay_color":"","ocean_disable_breadcrumbs":"default","ocean_breadcrumbs_color":"","ocean_breadcrumbs_separator_color":"","ocean_breadcrumbs_links_color":"","ocean_breadcrumbs_links_hover_color":"","ocean_display_footer_widgets":"default","ocean_display_footer_bottom":"default","ocean_custom_footer_template":"0","omw_enable_modal_window":"enable"},"product_brand":[],"product_cat":[159],"product_tag":[],"class_list":{"0":"post-6791","1":"product","2":"type-product","3":"status-publish","4":"has-post-thumbnail","6":"product_cat-bien-etre","8":"entry","9":"has-media","11":"first","12":"instock","13":"taxable","14":"shipping-taxable","15":"purchasable","16":"product-type-simple","17":"col","18":"span_1_of_3","19":"owp-content-center","20":"owp-thumbs-layout-horizontal","21":"owp-btn-normal","22":"owp-tabs-layout-horizontal","23":"has-no-thumbnails"},"yoast_head":"<!-- This site is optimized with the Yoast SEO plugin v27.0 - https:\/\/yoast.com\/product\/yoast-seo-wordpress\/ -->\n<title>Diffuseur-Positive-Vibes 7ml - gerajeune<\/title>\n<meta name=\"description\" content=\"Profitez d&#039;un voyage olfactif avec notre diffuseur aux extraits naturels qui vous aide \u00e0 la fois \u00e0 am\u00e9liorer votre humeur et \u00e0 parfumer votre espace .\" \/>\n<meta name=\"robots\" content=\"index, follow, max-snippet:-1, max-image-preview:large, max-video-preview:-1\" \/>\n<link rel=\"canonical\" href=\"https:\/\/gerajeune.com\/ar\/product\/diffuseur-positive-vibes-7ml\/\" \/>\n<meta property=\"og:locale\" content=\"ar_AR\" \/>\n<meta property=\"og:type\" content=\"article\" \/>\n<meta property=\"og:title\" content=\"Diffuseur-Positive-Vibes 7ml - gerajeune\" \/>\n<meta property=\"og:description\" content=\"Profitez d&#039;un voyage olfactif avec notre diffuseur aux extraits naturels qui vous aide \u00e0 la fois \u00e0 am\u00e9liorer votre humeur et \u00e0 parfumer votre espace .\" \/>\n<meta property=\"og:url\" content=\"https:\/\/gerajeune.com\/ar\/product\/diffuseur-positive-vibes-7ml\/\" \/>\n<meta property=\"og:site_name\" content=\"gerajeune\" \/>\n<meta property=\"article:publisher\" content=\"https:\/\/www.facebook.com\/gerajeune\" \/>\n<meta property=\"article:modified_time\" content=\"2024-04-30T14:15:05+00:00\" \/>\n<meta property=\"og:image\" content=\"https:\/\/gerajeune.com\/wp-content\/uploads\/2024\/02\/IMG_2769-scaled.jpeg\" \/>\n\t<meta property=\"og:image:width\" content=\"2213\" \/>\n\t<meta property=\"og:image:height\" content=\"2560\" \/>\n\t<meta property=\"og:image:type\" content=\"image\/jpeg\" \/>\n<meta name=\"twitter:card\" content=\"summary_large_image\" \/>\n<meta name=\"twitter:label1\" content=\"\u0648\u0642\u062a \u0627\u0644\u0642\u0631\u0627\u0621\u0629 \u0627\u0644\u0645\u064f\u0642\u062f\u0651\u0631\" \/>\n\t<meta name=\"twitter:data1\" content=\"\u062f\u0642\u064a\u0642\u0629 \u0648\u0627\u062d\u062f\u0629\" \/>\n<script type=\"application\/ld+json\" class=\"yoast-schema-graph\">{\"@context\":\"https:\/\/schema.org\",\"@graph\":[{\"@type\":\"WebPage\",\"@id\":\"https:\/\/gerajeune.com\/produit\/diffuseur-positive-vibes-7ml\/\",\"url\":\"https:\/\/gerajeune.com\/produit\/diffuseur-positive-vibes-7ml\/\",\"name\":\"Diffuseur-Positive-Vibes 7ml - gerajeune\",\"isPartOf\":{\"@id\":\"https:\/\/gerajeune.com\/#website\"},\"primaryImageOfPage\":{\"@id\":\"https:\/\/gerajeune.com\/produit\/diffuseur-positive-vibes-7ml\/#primaryimage\"},\"image\":{\"@id\":\"https:\/\/gerajeune.com\/produit\/diffuseur-positive-vibes-7ml\/#primaryimage\"},\"thumbnailUrl\":\"https:\/\/gerajeune.com\/wp-content\/uploads\/2024\/02\/IMG_2769-scaled.jpeg\",\"datePublished\":\"2024-02-29T14:32:34+00:00\",\"dateModified\":\"2024-04-30T14:15:05+00:00\",\"description\":\"Profitez d'un voyage olfactif avec notre diffuseur aux extraits naturels qui vous aide \u00e0 la fois \u00e0 am\u00e9liorer votre humeur et \u00e0 parfumer votre espace .\",\"breadcrumb\":{\"@id\":\"https:\/\/gerajeune.com\/produit\/diffuseur-positive-vibes-7ml\/#breadcrumb\"},\"inLanguage\":\"ar\",\"potentialAction\":[{\"@type\":\"ReadAction\",\"target\":[\"https:\/\/gerajeune.com\/produit\/diffuseur-positive-vibes-7ml\/\"]}]},{\"@type\":\"ImageObject\",\"inLanguage\":\"ar\",\"@id\":\"https:\/\/gerajeune.com\/produit\/diffuseur-positive-vibes-7ml\/#primaryimage\",\"url\":\"https:\/\/gerajeune.com\/wp-content\/uploads\/2024\/02\/IMG_2769-scaled.jpeg\",\"contentUrl\":\"https:\/\/gerajeune.com\/wp-content\/uploads\/2024\/02\/IMG_2769-scaled.jpeg\",\"width\":2213,\"height\":2560},{\"@type\":\"BreadcrumbList\",\"@id\":\"https:\/\/gerajeune.com\/produit\/diffuseur-positive-vibes-7ml\/#breadcrumb\",\"itemListElement\":[{\"@type\":\"ListItem\",\"position\":1,\"name\":\"Accueil\",\"item\":\"https:\/\/gerajeune.com\/\"},{\"@type\":\"ListItem\",\"position\":2,\"name\":\"Produits\",\"item\":\"https:\/\/gerajeune.com\/__trashed-6\/\"},{\"@type\":\"ListItem\",\"position\":3,\"name\":\"Diffuseur-Positive-Vibes 7ml\"}]},{\"@type\":\"WebSite\",\"@id\":\"https:\/\/gerajeune.com\/#website\",\"url\":\"https:\/\/gerajeune.com\/\",\"name\":\"gerajeune\",\"description\":\"Naturellement belle, visiblement jeune\",\"publisher\":{\"@id\":\"https:\/\/gerajeune.com\/#organization\"},\"potentialAction\":[{\"@type\":\"SearchAction\",\"target\":{\"@type\":\"EntryPoint\",\"urlTemplate\":\"https:\/\/gerajeune.com\/?s={search_term_string}\"},\"query-input\":{\"@type\":\"PropertyValueSpecification\",\"valueRequired\":true,\"valueName\":\"search_term_string\"}}],\"inLanguage\":\"ar\"},{\"@type\":\"Organization\",\"@id\":\"https:\/\/gerajeune.com\/#organization\",\"name\":\"gerajeune\",\"url\":\"https:\/\/gerajeune.com\/\",\"logo\":{\"@type\":\"ImageObject\",\"inLanguage\":\"ar\",\"@id\":\"https:\/\/gerajeune.com\/#\/schema\/logo\/image\/\",\"url\":\"http:\/\/gerajeune.com\/wp-content\/uploads\/2021\/12\/cropped-logo-modifier-1-e1645608409226.png\",\"contentUrl\":\"http:\/\/gerajeune.com\/wp-content\/uploads\/2021\/12\/cropped-logo-modifier-1-e1645608409226.png\",\"width\":250,\"height\":120,\"caption\":\"gerajeune\"},\"image\":{\"@id\":\"https:\/\/gerajeune.com\/#\/schema\/logo\/image\/\"},\"sameAs\":[\"https:\/\/www.facebook.com\/gerajeune\",\"https:\/\/www.instagram.com\/gerajeune\/reels\/?hl=fr\"]}]}<\/script>\n<!-- \/ Yoast SEO plugin. -->","yoast_head_json":{"title":"Diffuseur-Positive-Vibes 7ml - gerajeune","description":"Profitez d'un voyage olfactif avec notre diffuseur aux extraits naturels qui vous aide \u00e0 la fois \u00e0 am\u00e9liorer votre humeur et \u00e0 parfumer votre espace .","robots":{"index":"index","follow":"follow","max-snippet":"max-snippet:-1","max-image-preview":"max-image-preview:large","max-video-preview":"max-video-preview:-1"},"canonical":"https:\/\/gerajeune.com\/ar\/product\/diffuseur-positive-vibes-7ml\/","og_locale":"ar_AR","og_type":"article","og_title":"Diffuseur-Positive-Vibes 7ml - gerajeune","og_description":"Profitez d'un voyage olfactif avec notre diffuseur aux extraits naturels qui vous aide \u00e0 la fois \u00e0 am\u00e9liorer votre humeur et \u00e0 parfumer votre espace .","og_url":"https:\/\/gerajeune.com\/ar\/product\/diffuseur-positive-vibes-7ml\/","og_site_name":"gerajeune","article_publisher":"https:\/\/www.facebook.com\/gerajeune","article_modified_time":"2024-04-30T14:15:05+00:00","og_image":[{"width":2213,"height":2560,"url":"https:\/\/gerajeune.com\/wp-content\/uploads\/2024\/02\/IMG_2769-scaled.jpeg","type":"image\/jpeg"}],"twitter_card":"summary_large_image","twitter_misc":{"\u0648\u0642\u062a \u0627\u0644\u0642\u0631\u0627\u0621\u0629 \u0627\u0644\u0645\u064f\u0642\u062f\u0651\u0631":"\u062f\u0642\u064a\u0642\u0629 \u0648\u0627\u062d\u062f\u0629"},"schema":{"@context":"https:\/\/schema.org","@graph":[{"@type":"WebPage","@id":"https:\/\/gerajeune.com\/produit\/diffuseur-positive-vibes-7ml\/","url":"https:\/\/gerajeune.com\/produit\/diffuseur-positive-vibes-7ml\/","name":"Diffuseur-Positive-Vibes 7ml - gerajeune","isPartOf":{"@id":"https:\/\/gerajeune.com\/#website"},"primaryImageOfPage":{"@id":"https:\/\/gerajeune.com\/produit\/diffuseur-positive-vibes-7ml\/#primaryimage"},"image":{"@id":"https:\/\/gerajeune.com\/produit\/diffuseur-positive-vibes-7ml\/#primaryimage"},"thumbnailUrl":"https:\/\/gerajeune.com\/wp-content\/uploads\/2024\/02\/IMG_2769-scaled.jpeg","datePublished":"2024-02-29T14:32:34+00:00","dateModified":"2024-04-30T14:15:05+00:00","description":"Profitez d'un voyage olfactif avec notre diffuseur aux extraits naturels qui vous aide \u00e0 la fois \u00e0 am\u00e9liorer votre humeur et \u00e0 parfumer votre espace .","breadcrumb":{"@id":"https:\/\/gerajeune.com\/produit\/diffuseur-positive-vibes-7ml\/#breadcrumb"},"inLanguage":"ar","potentialAction":[{"@type":"ReadAction","target":["https:\/\/gerajeune.com\/produit\/diffuseur-positive-vibes-7ml\/"]}]},{"@type":"ImageObject","inLanguage":"ar","@id":"https:\/\/gerajeune.com\/produit\/diffuseur-positive-vibes-7ml\/#primaryimage","url":"https:\/\/gerajeune.com\/wp-content\/uploads\/2024\/02\/IMG_2769-scaled.jpeg","contentUrl":"https:\/\/gerajeune.com\/wp-content\/uploads\/2024\/02\/IMG_2769-scaled.jpeg","width":2213,"height":2560},{"@type":"BreadcrumbList","@id":"https:\/\/gerajeune.com\/produit\/diffuseur-positive-vibes-7ml\/#breadcrumb","itemListElement":[{"@type":"ListItem","position":1,"name":"Accueil","item":"https:\/\/gerajeune.com\/"},{"@type":"ListItem","position":2,"name":"Produits","item":"https:\/\/gerajeune.com\/__trashed-6\/"},{"@type":"ListItem","position":3,"name":"Diffuseur-Positive-Vibes 7ml"}]},{"@type":"WebSite","@id":"https:\/\/gerajeune.com\/#website","url":"https:\/\/gerajeune.com\/","name":"com.gerayoung","description":"\u062c\u0645\u064a\u0644\u0629 \u0628\u0634\u0643\u0644 \u0637\u0628\u064a\u0639\u064a\u060c \u0634\u0627\u0628\u0629 \u0628\u0634\u0643\u0644 \u0648\u0627\u0636\u062d","publisher":{"@id":"https:\/\/gerajeune.com\/#organization"},"potentialAction":[{"@type":"SearchAction","target":{"@type":"EntryPoint","urlTemplate":"https:\/\/gerajeune.com\/?s={search_term_string}"},"query-input":{"@type":"PropertyValueSpecification","valueRequired":true,"valueName":"search_term_string"}}],"inLanguage":"ar"},{"@type":"Organization","@id":"https:\/\/gerajeune.com\/#organization","name":"com.gerayoung","url":"https:\/\/gerajeune.com\/","logo":{"@type":"ImageObject","inLanguage":"ar","@id":"https:\/\/gerajeune.com\/#\/schema\/logo\/image\/","url":"http:\/\/gerajeune.com\/wp-content\/uploads\/2021\/12\/cropped-logo-modifier-1-e1645608409226.png","contentUrl":"http:\/\/gerajeune.com\/wp-content\/uploads\/2021\/12\/cropped-logo-modifier-1-e1645608409226.png","width":250,"height":120,"caption":"gerajeune"},"image":{"@id":"https:\/\/gerajeune.com\/#\/schema\/logo\/image\/"},"sameAs":["https:\/\/www.facebook.com\/gerajeune","https:\/\/www.instagram.com\/gerajeune\/reels\/?hl=fr"]}]}},"jetpack_sharing_enabled":true,"_links":{"self":[{"href":"https:\/\/gerajeune.com\/ar\/wp-json\/wp\/v2\/product\/6791","targetHints":{"allow":["GET"]}}],"collection":[{"href":"https:\/\/gerajeune.com\/ar\/wp-json\/wp\/v2\/product"}],"about":[{"href":"https:\/\/gerajeune.com\/ar\/wp-json\/wp\/v2\/types\/product"}],"replies":[{"embeddable":true,"href":"https:\/\/gerajeune.com\/ar\/wp-json\/wp\/v2\/comments?post=6791"}],"version-history":[{"count":3,"href":"https:\/\/gerajeune.com\/ar\/wp-json\/wp\/v2\/product\/6791\/revisions"}],"predecessor-version":[{"id":7113,"href":"https:\/\/gerajeune.com\/ar\/wp-json\/wp\/v2\/product\/6791\/revisions\/7113"}],"wp:featuredmedia":[{"embeddable":true,"href":"https:\/\/gerajeune.com\/ar\/wp-json\/wp\/v2\/media\/6819"}],"wp:attachment":[{"href":"https:\/\/gerajeune.com\/ar\/wp-json\/wp\/v2\/media?parent=6791"}],"wp:term":[{"taxonomy":"product_brand","embeddable":true,"href":"https:\/\/gerajeune.com\/ar\/wp-json\/wp\/v2\/product_brand?post=6791"},{"taxonomy":"product_cat","embeddable":true,"href":"https:\/\/gerajeune.com\/ar\/wp-json\/wp\/v2\/product_cat?post=6791"},{"taxonomy":"product_tag","embeddable":true,"href":"https:\/\/gerajeune.com\/ar\/wp-json\/wp\/v2\/product_tag?post=6791"}],"curies":[{"name":"wp","href":"https:\/\/api.w.org\/{rel}","templated":true}]}}