{"id":6799,"date":"2024-04-30T12:02:13","date_gmt":"2024-04-30T11:02:13","guid":{"rendered":"http:\/\/gerajeune.com\/?post_type=product&#038;p=6799"},"modified":"2024-04-30T12:02:14","modified_gmt":"2024-04-30T11:02:14","slug":"bougie-de-massage","status":"publish","type":"product","link":"https:\/\/gerajeune.com\/ar\/product\/bougie-de-massage\/","title":{"rendered":"\u0634\u0645\u0639\u0629 \u062a\u062f\u0644\u064a\u0643 \u0627\u0644\u0641\u0648\u0627\u0643\u0647 \u0648\u0627\u0644\u0645\u0632\u0627\u062c"},"content":{"rendered":"<p>\u0634\u0645\u0639\u0629 \u0627\u0644\u062a\u062f\u0644\u064a\u0643<\/p>\n<p><strong>\u0644\u0645\u0627\u0630\u0627 \u062a\u0639\u062a\u0628\u0631 \u0634\u0645\u0639\u0629 \u0627\u0644\u062a\u062f\u0644\u064a\u0643 \u0627\u0644\u062e\u0627\u0635\u0629 \u0628\u0646\u0627 \u0645\u0645\u064a\u0632\u0629 \u062c\u062f\u064b\u0627\u061f<\/strong><\/p>\n<p>\u0625\u0646\u0647\u0627 \u0634\u0645\u0639\u0629 \u0645\u0639\u0637\u0631\u0629 \u0630\u0627\u062a \u062e\u0627\u0635\u064a\u0629 \u062e\u0627\u0635\u0629 \u062c\u062f\u064b\u0627: \u0634\u0645\u0639\u0647\u0627 \u0644\u0627 \u064a\u062d\u062a\u0631\u0642 \u0639\u0646\u062f\u0645\u0627 \u064a\u0630\u0648\u0628 \u0628\u0644 \u064a\u062a\u062d\u0648\u0644 \u0625\u0644\u0649 \u0632\u064a\u062a. <a href=\"https:\/\/fr.wikipedia.org\/wiki\/Massage\">\u062a\u062f\u0644\u064a\u0643.<\/a><\/p>\n<p>100% NATURAL \u0639\u0644\u0649 \u0639\u0643\u0633 \u0627\u0644\u0634\u0645\u0648\u0639 \u0627\u0644\u062a\u0642\u0644\u064a\u062f\u064a\u0629\u060c \u0641\u0647\u064a \u0644\u064a\u0633\u062a \u062e\u0637\u0631\u0629 \u0639\u0644\u0649 \u0627\u0644\u062c\u0644\u062f \u0644\u0623\u0646\u0647\u0627 \u0645\u0635\u0645\u0645\u0629 \u0644\u0644\u0627\u0633\u062a\u062e\u062f\u0627\u0645 \u0641\u0642\u0637 \u0644\u0644\u062a\u062f\u0644\u064a\u0643.<\/p>\n<p><strong>\u0644\u0645\u0627\u0630\u0627 \u062a\u062e\u062a\u0627\u0631\u0647\u061f<\/strong><\/p>\n<p>\u0625\u0646\u0647 \u0627\u0644\u0625\u0643\u0633\u0633\u0648\u0627\u0631 \u0627\u0644\u0645\u062b\u0627\u0644\u064a \u0644\u0625\u0639\u0627\u062f\u0629 \u0625\u0646\u062a\u0627\u062c \u062a\u062f\u0644\u064a\u0643 \u0645\u0631\u064a\u062d \u0648\u0645\u0647\u062f\u0626 \u0641\u064a \u0627\u0644\u0645\u0646\u0632\u0644\u060c \u0648\u0627\u0644\u0627\u0633\u062a\u0641\u0627\u062f\u0629 \u0645\u0646 \u062c\u0645\u064a\u0639 \u0627\u0644\u0645\u0632\u0627\u064a\u0627 \u0627\u0644\u0645\u0636\u0627\u062f\u0629 \u0644\u0644\u062a\u0648\u062a\u0631 \u0627\u0644\u062a\u064a \u062a\u0648\u0641\u0631\u0647\u0627 \u0632\u064a\u0648\u062a\u0647 \u0627\u0644\u0645\u0641\u064a\u062f\u0629.<\/p>\n<p>\u0628\u0639\u062f \u0627\u0644\u062c\u0644\u0633\u0629\u060c \u0633\u064a\u062a\u0645 \u062a\u0639\u0637\u064a\u0631 \u0627\u0644\u0628\u0634\u0631\u0629 \u0628\u0634\u0643\u0644 \u062e\u0641\u064a\u0641 \u0648\u062a\u063a\u0630\u064a\u062a\u0647\u0627 \u0648\u062a\u0631\u0637\u064a\u0628\u0647\u0627 \u0628\u0634\u0643\u0644 \u062f\u0627\u0626\u0645.<\/p>\n<p><strong>\u0643\u064a\u0641 \u062a\u062e\u062a\u0627\u0631\u0647 \u062c\u064a\u062f\u064b\u0627\u061f<\/strong><\/p>\n<p>\u0627\u062e\u062a\u0631 \u0627\u0644\u0634\u0645\u0648\u0639 \u0627\u0644\u0645\u0635\u0646\u0648\u0639\u0629 \u0645\u0646 \u0627\u0644\u0634\u0645\u0639 \u0627\u0644\u0637\u0628\u064a\u0639\u064a \u0648\u0627\u0644\u0646\u0628\u0627\u062a\u064a \u0648\u0627\u0644\u062a\u064a \u0647\u064a \u0641\u064a \u0627\u0644\u0648\u0627\u0642\u0639 \u0623\u0642\u0644 \u0633\u0645\u064a\u0629 \u0648\u0623\u0643\u062b\u0631 \u0635\u062f\u0627\u0642\u0629 \u0644\u0644\u0628\u064a\u0626\u0629.<\/p>\n<p><strong>\u0643\u064a\u0641\u064a\u0629 \u0627\u0644\u0642\u064a\u0627\u0645 \u0628\u0627\u0644\u062a\u062f\u0644\u064a\u0643 \u0627\u0644\u0627\u0633\u062a\u0631\u062e\u0627\u0626\u064a\u061f<\/strong><\/p>\n<ul>\n<li>\u0643\u0646 \u062f\u0627\u0626\u0645\u064b\u0627 \u0639\u0644\u0649 \u0627\u062a\u0635\u0627\u0644 \u0628\u0627\u0644\u062c\u0644\u062f.<\/li>\n<li>\u0627\u0633\u062a\u062e\u062f\u0645 \u064a\u062f\u0643 \u0628\u0623\u0643\u0645\u0644\u0647\u0627<\/li>\n<li>\u0627\u062d\u062a\u0631\u0627\u0645 \u0627\u062a\u062c\u0627\u0647 \u0627\u0644\u062f\u0648\u0631\u0629 \u0627\u0644\u062f\u0645\u0648\u064a\u0629<\/li>\n<li>\u062e\u0630 \u0648\u0642\u062a\u0643<\/li>\n<\/ul>\n<p><strong>\u0627\u062d\u062a\u064a\u0627\u0637\u0627\u062a:<\/strong><\/p>\n<ul>\n<li>\u062a\u062c\u0646\u0628 \u0645\u0644\u0627\u0645\u0633\u0629 \u0627\u0644\u0639\u064a\u0646\u064a\u0646\u060c \u0648\u0625\u0644\u0627 \u0627\u0634\u0637\u0641\u0647\u0627 \u0628\u0627\u0644\u0643\u062b\u064a\u0631 \u0645\u0646 \u0627\u0644\u0645\u0627\u0621<\/li>\n<li>\u0627\u0644\u0627\u0628\u062a\u0639\u0627\u062f \u0639\u0646 \u0645\u0635\u0627\u062f\u0631 \u0627\u0644\u062d\u0631\u0627\u0631\u0629 \u0648\u0627\u0644\u0645\u0646\u062a\u062c\u0627\u062a \u0627\u0644\u0642\u0627\u0628\u0644\u0629 \u0644\u0644\u0627\u0634\u062a\u0639\u0627\u0644<\/li>\n<li>\u0627\u0644\u0627\u0628\u062a\u0639\u0627\u062f \u0639\u0646 \u0627\u0644\u0623\u0637\u0641\u0627\u0644 \u0648\u0627\u0644\u062d\u064a\u0648\u0627\u0646\u0627\u062a<\/li>\n<\/ul>\n<p>\u0627\u062e\u062a\u0628\u0631 \u0645\u0646\u062a\u062c\u0627\u062a\u0646\u0627 \u0627\u0644\u0635\u062d\u064a\u0629:<\/p>\n<ul>\n<li><a href=\"http:\/\/gerajeune.com\/ar\/product\/coeur-fondant-fruity-mood\/\">\u0630\u0648\u0628\u0627\u0646 \u0627\u0644\u0642\u0644\u0628\u00a0<\/a><\/li>\n<li><a href=\"http:\/\/gerajeune.com\/ar\/product\/sel-spa\/\">\u0645\u0644\u062d \u0633\u0628\u0627<\/a><\/li>\n<\/ul>","protected":false},"excerpt":{"rendered":"<p>bougie de massage Pourquoi notre bougie de massage est si sp\u00e9ciale ? c&rsquo;est une bougie parfum\u00e9e avec une propri\u00e9t\u00e9 bien particuli\u00e8re : sa cire ne br\u00fble pas lorsqu&rsquo;elle fond mais se transforme en huile de massage. 100% NATURELLE a l&rsquo;inverse des bougies classiques , elles ne sont pas dangereuses pour la peau car elles ont \u00e9t\u00e9 con\u00e7ues dans le but d&rsquo;\u00eatre utilis\u00e9es uniquement pour le massage . Pourquoi la choisir\u00a0 ? c&rsquo;est l&rsquo;accessoire id\u00e9al pour reproduire chez vous un massage relaxant et apaisant, et profiter de toutes les vertus antistress de ses huiles bienfaisantes. apr\u00e8s la s\u00e9ance\u00a0 la peau sera l\u00e9g\u00e8rement parfum\u00e9e et durablement nourrie et hydrat\u00e9e . Comment bien la choisir\u00a0 ? Optez pour des bougies faites \u00e0 base de cire naturelle et v\u00e9g\u00e9tale qui sont \u00a0en effet moins toxiques et plus respectueuses de l&rsquo;environnement. Comment faire un massage de relaxation ? Soyez toujours en contact avec la peau. Utilisez toute votre main Respectez le sens de la circulation sanguine Prenez votre temps Pr\u00e9cautions: \u00e9vitez le contact avec les yeux , sinon rincez abondamment \u00e0 l&rsquo;eau gardez \u00e0 l&rsquo;abri des sources de chaleurs , produits inflammables tenir \u00e0 l&rsquo;\u00e9cart des enfants et des animaux tester nos produits de bien \u00eatre : coeur fondant\u00a0 sel spa<\/p>","protected":false},"featured_media":0,"comment_status":"open","ping_status":"closed","template":"","meta":{"_monsterinsights_skip_tracking":false,"_monsterinsights_sitenote_active":false,"_monsterinsights_sitenote_note":"","_monsterinsights_sitenote_category":0,"ocean_post_layout":"","ocean_both_sidebars_style":"","ocean_both_sidebars_content_width":0,"ocean_both_sidebars_sidebars_width":0,"ocean_sidebar":"0","ocean_second_sidebar":"0","ocean_disable_margins":"enable","ocean_add_body_class":"","ocean_shortcode_before_top_bar":"","ocean_shortcode_after_top_bar":"","ocean_shortcode_before_header":"","ocean_shortcode_after_header":"","ocean_has_shortcode":"","ocean_shortcode_after_title":"","ocean_shortcode_before_footer_widgets":"","ocean_shortcode_after_footer_widgets":"","ocean_shortcode_before_footer_bottom":"","ocean_shortcode_after_footer_bottom":"","ocean_display_top_bar":"default","ocean_display_header":"default","ocean_header_style":"","ocean_center_header_left_menu":"0","ocean_custom_header_template":"0","ocean_custom_logo":0,"ocean_custom_retina_logo":0,"ocean_custom_logo_max_width":0,"ocean_custom_logo_tablet_max_width":0,"ocean_custom_logo_mobile_max_width":0,"ocean_custom_logo_max_height":0,"ocean_custom_logo_tablet_max_height":0,"ocean_custom_logo_mobile_max_height":0,"ocean_header_custom_menu":"0","ocean_menu_typo_font_family":"0","ocean_menu_typo_font_subset":"","ocean_menu_typo_font_size":0,"ocean_menu_typo_font_size_tablet":0,"ocean_menu_typo_font_size_mobile":0,"ocean_menu_typo_font_size_unit":"px","ocean_menu_typo_font_weight":"","ocean_menu_typo_font_weight_tablet":"","ocean_menu_typo_font_weight_mobile":"","ocean_menu_typo_transform":"","ocean_menu_typo_transform_tablet":"","ocean_menu_typo_transform_mobile":"","ocean_menu_typo_line_height":0,"ocean_menu_typo_line_height_tablet":0,"ocean_menu_typo_line_height_mobile":0,"ocean_menu_typo_line_height_unit":"","ocean_menu_typo_spacing":0,"ocean_menu_typo_spacing_tablet":0,"ocean_menu_typo_spacing_mobile":0,"ocean_menu_typo_spacing_unit":"","ocean_menu_link_color":"","ocean_menu_link_color_hover":"","ocean_menu_link_color_active":"","ocean_menu_link_background":"","ocean_menu_link_hover_background":"","ocean_menu_link_active_background":"","ocean_menu_social_links_bg":"","ocean_menu_social_hover_links_bg":"","ocean_menu_social_links_color":"","ocean_menu_social_hover_links_color":"","ocean_disable_title":"default","ocean_disable_heading":"default","ocean_post_title":"","ocean_post_subheading":"","ocean_post_title_style":"","ocean_post_title_background_color":"","ocean_post_title_background":0,"ocean_post_title_bg_image_position":"","ocean_post_title_bg_image_attachment":"","ocean_post_title_bg_image_repeat":"","ocean_post_title_bg_image_size":"","ocean_post_title_height":0,"ocean_post_title_bg_overlay":0.5,"ocean_post_title_bg_overlay_color":"","ocean_disable_breadcrumbs":"default","ocean_breadcrumbs_color":"","ocean_breadcrumbs_separator_color":"","ocean_breadcrumbs_links_color":"","ocean_breadcrumbs_links_hover_color":"","ocean_display_footer_widgets":"default","ocean_display_footer_bottom":"default","ocean_custom_footer_template":"0","omw_enable_modal_window":"enable"},"product_brand":[],"product_cat":[159],"product_tag":[],"class_list":{"0":"post-6799","1":"product","2":"type-product","3":"status-publish","5":"product_cat-bien-etre","7":"entry","9":"first","10":"instock","11":"taxable","12":"shipping-taxable","13":"purchasable","14":"product-type-simple","15":"col","16":"span_1_of_3","17":"owp-content-center","18":"owp-thumbs-layout-horizontal","19":"owp-btn-normal","20":"owp-tabs-layout-horizontal","21":"has-no-thumbnails"},"yoast_head":"<!-- This site is optimized with the Yoast SEO plugin v27.0 - https:\/\/yoast.com\/product\/yoast-seo-wordpress\/ -->\n<title>Bougie de massage Fruity-Mood - gerajeune<\/title>\n<meta name=\"description\" content=\"100% NATURELLE permet de d\u00e9nouer les tensions ainsi que d&#039;apaiser votre corps gr\u00e2ce \u00e0 l&#039;association des diff\u00e9rentes techniques de massoth\u00e9rapie.\" \/>\n<meta name=\"robots\" content=\"index, follow, max-snippet:-1, max-image-preview:large, max-video-preview:-1\" \/>\n<link rel=\"canonical\" href=\"https:\/\/gerajeune.com\/ar\/product\/bougie-de-massage\/\" \/>\n<meta property=\"og:locale\" content=\"ar_AR\" \/>\n<meta property=\"og:type\" content=\"article\" \/>\n<meta property=\"og:title\" content=\"Bougie de massage Fruity-Mood - gerajeune\" \/>\n<meta property=\"og:description\" content=\"100% NATURELLE permet de d\u00e9nouer les tensions ainsi que d&#039;apaiser votre corps gr\u00e2ce \u00e0 l&#039;association des diff\u00e9rentes techniques de massoth\u00e9rapie.\" \/>\n<meta property=\"og:url\" content=\"https:\/\/gerajeune.com\/ar\/product\/bougie-de-massage\/\" \/>\n<meta property=\"og:site_name\" content=\"gerajeune\" \/>\n<meta property=\"article:publisher\" content=\"https:\/\/www.facebook.com\/gerajeune\" \/>\n<meta property=\"article:modified_time\" content=\"2024-04-30T11:02:14+00:00\" \/>\n<meta name=\"twitter:card\" content=\"summary_large_image\" \/>\n<meta name=\"twitter:label1\" content=\"\u0648\u0642\u062a \u0627\u0644\u0642\u0631\u0627\u0621\u0629 \u0627\u0644\u0645\u064f\u0642\u062f\u0651\u0631\" \/>\n\t<meta name=\"twitter:data1\" content=\"\u062f\u0642\u064a\u0642\u0629 \u0648\u0627\u062d\u062f\u0629\" \/>\n<script type=\"application\/ld+json\" class=\"yoast-schema-graph\">{\"@context\":\"https:\/\/schema.org\",\"@graph\":[{\"@type\":\"WebPage\",\"@id\":\"https:\/\/gerajeune.com\/produit\/bougie-de-massage\/\",\"url\":\"https:\/\/gerajeune.com\/produit\/bougie-de-massage\/\",\"name\":\"Bougie de massage Fruity-Mood - gerajeune\",\"isPartOf\":{\"@id\":\"https:\/\/gerajeune.com\/#website\"},\"datePublished\":\"2024-04-30T11:02:13+00:00\",\"dateModified\":\"2024-04-30T11:02:14+00:00\",\"description\":\"100% NATURELLE permet de d\u00e9nouer les tensions ainsi que d'apaiser votre corps gr\u00e2ce \u00e0 l'association des diff\u00e9rentes techniques de massoth\u00e9rapie.\",\"breadcrumb\":{\"@id\":\"https:\/\/gerajeune.com\/produit\/bougie-de-massage\/#breadcrumb\"},\"inLanguage\":\"ar\",\"potentialAction\":[{\"@type\":\"ReadAction\",\"target\":[\"https:\/\/gerajeune.com\/produit\/bougie-de-massage\/\"]}]},{\"@type\":\"BreadcrumbList\",\"@id\":\"https:\/\/gerajeune.com\/produit\/bougie-de-massage\/#breadcrumb\",\"itemListElement\":[{\"@type\":\"ListItem\",\"position\":1,\"name\":\"Accueil\",\"item\":\"https:\/\/gerajeune.com\/\"},{\"@type\":\"ListItem\",\"position\":2,\"name\":\"Produits\",\"item\":\"https:\/\/gerajeune.com\/__trashed-6\/\"},{\"@type\":\"ListItem\",\"position\":3,\"name\":\"Bougie de massage Fruity-Mood\"}]},{\"@type\":\"WebSite\",\"@id\":\"https:\/\/gerajeune.com\/#website\",\"url\":\"https:\/\/gerajeune.com\/\",\"name\":\"gerajeune\",\"description\":\"Naturellement belle, visiblement jeune\",\"publisher\":{\"@id\":\"https:\/\/gerajeune.com\/#organization\"},\"potentialAction\":[{\"@type\":\"SearchAction\",\"target\":{\"@type\":\"EntryPoint\",\"urlTemplate\":\"https:\/\/gerajeune.com\/?s={search_term_string}\"},\"query-input\":{\"@type\":\"PropertyValueSpecification\",\"valueRequired\":true,\"valueName\":\"search_term_string\"}}],\"inLanguage\":\"ar\"},{\"@type\":\"Organization\",\"@id\":\"https:\/\/gerajeune.com\/#organization\",\"name\":\"gerajeune\",\"url\":\"https:\/\/gerajeune.com\/\",\"logo\":{\"@type\":\"ImageObject\",\"inLanguage\":\"ar\",\"@id\":\"https:\/\/gerajeune.com\/#\/schema\/logo\/image\/\",\"url\":\"http:\/\/gerajeune.com\/wp-content\/uploads\/2021\/12\/cropped-logo-modifier-1-e1645608409226.png\",\"contentUrl\":\"http:\/\/gerajeune.com\/wp-content\/uploads\/2021\/12\/cropped-logo-modifier-1-e1645608409226.png\",\"width\":250,\"height\":120,\"caption\":\"gerajeune\"},\"image\":{\"@id\":\"https:\/\/gerajeune.com\/#\/schema\/logo\/image\/\"},\"sameAs\":[\"https:\/\/www.facebook.com\/gerajeune\",\"https:\/\/www.instagram.com\/gerajeune\/reels\/?hl=fr\"]}]}<\/script>\n<!-- \/ Yoast SEO plugin. -->","yoast_head_json":{"title":"Bougie de massage Fruity-Mood - gerajeune","description":"100% NATURELLE permet de d\u00e9nouer les tensions ainsi que d'apaiser votre corps gr\u00e2ce \u00e0 l'association des diff\u00e9rentes techniques de massoth\u00e9rapie.","robots":{"index":"index","follow":"follow","max-snippet":"max-snippet:-1","max-image-preview":"max-image-preview:large","max-video-preview":"max-video-preview:-1"},"canonical":"https:\/\/gerajeune.com\/ar\/product\/bougie-de-massage\/","og_locale":"ar_AR","og_type":"article","og_title":"Bougie de massage Fruity-Mood - gerajeune","og_description":"100% NATURELLE permet de d\u00e9nouer les tensions ainsi que d'apaiser votre corps gr\u00e2ce \u00e0 l'association des diff\u00e9rentes techniques de massoth\u00e9rapie.","og_url":"https:\/\/gerajeune.com\/ar\/product\/bougie-de-massage\/","og_site_name":"gerajeune","article_publisher":"https:\/\/www.facebook.com\/gerajeune","article_modified_time":"2024-04-30T11:02:14+00:00","twitter_card":"summary_large_image","twitter_misc":{"\u0648\u0642\u062a \u0627\u0644\u0642\u0631\u0627\u0621\u0629 \u0627\u0644\u0645\u064f\u0642\u062f\u0651\u0631":"\u062f\u0642\u064a\u0642\u0629 \u0648\u0627\u062d\u062f\u0629"},"schema":{"@context":"https:\/\/schema.org","@graph":[{"@type":"WebPage","@id":"https:\/\/gerajeune.com\/produit\/bougie-de-massage\/","url":"https:\/\/gerajeune.com\/produit\/bougie-de-massage\/","name":"Bougie de massage Fruity-Mood - gerajeune","isPartOf":{"@id":"https:\/\/gerajeune.com\/#website"},"datePublished":"2024-04-30T11:02:13+00:00","dateModified":"2024-04-30T11:02:14+00:00","description":"100% NATURELLE permet de d\u00e9nouer les tensions ainsi que d'apaiser votre corps gr\u00e2ce \u00e0 l'association des diff\u00e9rentes techniques de massoth\u00e9rapie.","breadcrumb":{"@id":"https:\/\/gerajeune.com\/produit\/bougie-de-massage\/#breadcrumb"},"inLanguage":"ar","potentialAction":[{"@type":"ReadAction","target":["https:\/\/gerajeune.com\/produit\/bougie-de-massage\/"]}]},{"@type":"BreadcrumbList","@id":"https:\/\/gerajeune.com\/produit\/bougie-de-massage\/#breadcrumb","itemListElement":[{"@type":"ListItem","position":1,"name":"Accueil","item":"https:\/\/gerajeune.com\/"},{"@type":"ListItem","position":2,"name":"Produits","item":"https:\/\/gerajeune.com\/__trashed-6\/"},{"@type":"ListItem","position":3,"name":"Bougie de massage Fruity-Mood"}]},{"@type":"WebSite","@id":"https:\/\/gerajeune.com\/#website","url":"https:\/\/gerajeune.com\/","name":"com.gerayoung","description":"\u062c\u0645\u064a\u0644\u0629 \u0628\u0634\u0643\u0644 \u0637\u0628\u064a\u0639\u064a\u060c \u0634\u0627\u0628\u0629 \u0628\u0634\u0643\u0644 \u0648\u0627\u0636\u062d","publisher":{"@id":"https:\/\/gerajeune.com\/#organization"},"potentialAction":[{"@type":"SearchAction","target":{"@type":"EntryPoint","urlTemplate":"https:\/\/gerajeune.com\/?s={search_term_string}"},"query-input":{"@type":"PropertyValueSpecification","valueRequired":true,"valueName":"search_term_string"}}],"inLanguage":"ar"},{"@type":"Organization","@id":"https:\/\/gerajeune.com\/#organization","name":"com.gerayoung","url":"https:\/\/gerajeune.com\/","logo":{"@type":"ImageObject","inLanguage":"ar","@id":"https:\/\/gerajeune.com\/#\/schema\/logo\/image\/","url":"http:\/\/gerajeune.com\/wp-content\/uploads\/2021\/12\/cropped-logo-modifier-1-e1645608409226.png","contentUrl":"http:\/\/gerajeune.com\/wp-content\/uploads\/2021\/12\/cropped-logo-modifier-1-e1645608409226.png","width":250,"height":120,"caption":"gerajeune"},"image":{"@id":"https:\/\/gerajeune.com\/#\/schema\/logo\/image\/"},"sameAs":["https:\/\/www.facebook.com\/gerajeune","https:\/\/www.instagram.com\/gerajeune\/reels\/?hl=fr"]}]}},"jetpack_sharing_enabled":true,"_links":{"self":[{"href":"https:\/\/gerajeune.com\/ar\/wp-json\/wp\/v2\/product\/6799","targetHints":{"allow":["GET"]}}],"collection":[{"href":"https:\/\/gerajeune.com\/ar\/wp-json\/wp\/v2\/product"}],"about":[{"href":"https:\/\/gerajeune.com\/ar\/wp-json\/wp\/v2\/types\/product"}],"replies":[{"embeddable":true,"href":"https:\/\/gerajeune.com\/ar\/wp-json\/wp\/v2\/comments?post=6799"}],"version-history":[{"count":3,"href":"https:\/\/gerajeune.com\/ar\/wp-json\/wp\/v2\/product\/6799\/revisions"}],"predecessor-version":[{"id":7196,"href":"https:\/\/gerajeune.com\/ar\/wp-json\/wp\/v2\/product\/6799\/revisions\/7196"}],"wp:attachment":[{"href":"https:\/\/gerajeune.com\/ar\/wp-json\/wp\/v2\/media?parent=6799"}],"wp:term":[{"taxonomy":"product_brand","embeddable":true,"href":"https:\/\/gerajeune.com\/ar\/wp-json\/wp\/v2\/product_brand?post=6799"},{"taxonomy":"product_cat","embeddable":true,"href":"https:\/\/gerajeune.com\/ar\/wp-json\/wp\/v2\/product_cat?post=6799"},{"taxonomy":"product_tag","embeddable":true,"href":"https:\/\/gerajeune.com\/ar\/wp-json\/wp\/v2\/product_tag?post=6799"}],"curies":[{"name":"wp","href":"https:\/\/api.w.org\/{rel}","templated":true}]}}