{"id":6801,"date":"2024-02-29T16:10:34","date_gmt":"2024-02-29T15:10:34","guid":{"rendered":"http:\/\/gerajeune.com\/?post_type=product&#038;p=6801"},"modified":"2025-08-23T12:32:48","modified_gmt":"2025-08-23T11:32:48","slug":"baume-fondant-noix-de-coco","status":"publish","type":"product","link":"https:\/\/gerajeune.com\/ar\/product\/baume-fondant-noix-de-coco\/","title":{"rendered":"\u0628\u0644\u0633\u0645 \u0630\u0648\u0628\u0627\u0646 \u062c\u0648\u0632 \u0627\u0644\u0647\u0646\u062f"},"content":{"rendered":"<p>\u0628\u0644\u0633\u0645 \u0630\u0648\u0628\u0627\u0646<\/p>\n<p><strong>\u0645\u0627 \u0647\u0648 \u0628\u0644\u0633\u0645 \u0630\u0648\u0628\u0627\u0646\u061f<\/strong><\/p>\n<p>\u0641\u0647\u0648 \u0639\u0628\u0627\u0631\u0629 \u0639\u0646 \u062e\u0644\u064a\u0637 \u063a\u0646\u064a \u0628\u0627\u0644\u0645\u0648\u0627\u062f \u0627\u0644\u062f\u0647\u0646\u064a\u0629 \u0645\u062b\u0644 <a href=\"https:\/\/fr.wikipedia.org\/wiki\/Huile_v%C3%A9g%C3%A9tale\">\u0627\u0644\u0632\u064a\u0648\u062a \u0627\u0644\u0646\u0628\u0627\u062a\u064a\u0629<\/a>\u0627\u0644\u0632\u0628\u062f\u0629. \u0628\u0644\u0633\u0645 \u062c\u0648\u0632 \u0627\u0644\u0647\u0646\u062f \u0627\u0644\u0637\u0628\u064a\u0639\u064a 100%\u060c <a href=\"https:\/\/fr.wikipedia.org\/wiki\/%C3%89coconception\">\u0645\u0635\u0645\u0645\u0629 \u0628\u064a\u0626\u064a\u0627<\/a>\u00a0 \u064a\u062d\u062a\u0648\u064a \u0639\u0644\u0649 \u0645\u0643\u0648\u0646\u0627\u062a \u0646\u0634\u0637\u0629 \u0645\u063a\u0630\u064a\u0629 \u0648\u0645\u0635\u0644\u062d\u0629 \u0648\u0641\u064a\u062a\u0627\u0645\u064a\u0646\u0627\u062a \u0628\u0627\u0644\u0625\u0636\u0627\u0641\u0629 \u0625\u0644\u0649 \u0645\u0636\u0627\u062f\u0627\u062a \u0627\u0644\u0623\u0643\u0633\u062f\u0629 \u0644\u062a\u0648\u0641\u064a\u0631 \u0627\u0644\u0639\u0646\u0627\u0635\u0631 \u0627\u0644\u063a\u0630\u0627\u0626\u064a\u0629 \u0648\u0627\u0644\u0641\u064a\u062a\u0627\u0645\u064a\u0646\u0627\u062a \u0644\u0644\u0628\u0634\u0631\u0629 \u062f\u0648\u0646 \u0627\u0644\u062a\u0633\u0628\u0628 \u0641\u064a \u0623\u064a \u062e\u0637\u0631.<\/p>\n<p><strong>\u0645\u0646 \u064a\u0645\u0643\u0646\u0647 \u0627\u0633\u062a\u062e\u062f\u0627\u0645 \u0628\u0644\u0633\u0645 \u062c\u0648\u0632 \u0627\u0644\u0647\u0646\u062f \u0627\u0644\u0630\u0627\u0626\u0628\u061f<\/strong><\/p>\n<p>\u0627\u0644\u0623\u0634\u062e\u0627\u0635 \u0627\u0644\u062e\u0627\u0636\u0639\u0648\u0646 \u0644\u0640:<\/p>\n<ul>\n<li>\u0628\u0634\u0631\u0629 \u062c\u0627\u0641\u0629 \u062c\u062f\u064b\u0627<\/li>\n<li>\u0627\u0644\u0628\u0634\u0631\u0629 \u0627\u0644\u062d\u0633\u0627\u0633\u0629<\/li>\n<li>\u0627\u0644\u062c\u0644\u062f \u0627\u0644\u0623\u0643\u0632\u064a\u0645\u064a<\/li>\n<li>\u0627\u0644\u0634\u0642\u0648\u0642<\/li>\n<li>\u0645\u0646\u0627\u0637\u0642 \u0627\u0644\u0634\u0641\u0627\u0621<\/li>\n<li>\u0634\u0639\u0631 \u062c\u0627\u0641<\/li>\n<li>\u0634\u0639\u0631 \u062c\u0627\u0645\u062d<\/li>\n<\/ul>\n<p><strong>\u0645\u0627 \u0647\u064a \u0641\u0648\u0627\u0626\u062f \u062c\u0648\u0632 \u0627\u0644\u0647\u0646\u062f \u0639\u0644\u0649 \u0627\u0644\u0628\u0634\u0631\u0629\u061f<\/strong><\/p>\n<ul>\n<li>\u0645\u063a\u0630\u064a\u0629<\/li>\n<li>\u0645\u0647\u062f\u0626<\/li>\n<li>\u064a\u062d\u0645\u064a \u0645\u0646 \u0627\u0644\u062c\u0641\u0627\u0641<\/li>\n<li>\u00a0\u064a\u0639\u064a\u062f \u0627\u0644\u0646\u0639\u0648\u0645\u0629 \u0648\u0627\u0644\u0631\u0627\u062d\u0629 \u0648\u0627\u0644\u0631\u0641\u0627\u0647\u064a\u0629 \u0644\u0644\u0628\u0634\u0631\u0629<\/li>\n<\/ul>\n<p><strong>\u0645\u0627 \u0647\u064a \u0641\u0648\u0627\u0626\u062f \u062c\u0648\u0632 \u0627\u0644\u0647\u0646\u062f \u0644\u0644\u0634\u0639\u0631\u061f<\/strong><\/p>\n<ul>\n<li>\u0625\u0646\u0647 \u064a\u062e\u0644\u0642 \u062d\u062c\u0627\u0628\u064b\u0627 \u0648\u0627\u0642\u064a\u064b\u0627 \u064a\u062d\u0645\u064a \u0627\u0644\u0634\u0639\u0631 \u0645\u0646 \u0627\u0644\u062a\u0623\u062b\u064a\u0631\u0627\u062a \u0627\u0644\u062e\u0627\u0631\u062c\u064a\u0629 \u0627\u0644\u0645\u062e\u062a\u0644\u0641\u0629 (\u0627\u0644\u062a\u0644\u0648\u062b \u0623\u0648 \u0627\u0644\u0645\u0627\u0621 \u0623\u0648 \u0627\u0644\u0634\u0645\u0633 \u0623\u0648 \u062d\u062a\u0649 \u0645\u062c\u0641\u0641\u0627\u062a \u0627\u0644\u0634\u0639\u0631) \u0628\u0641\u0636\u0644 \u062a\u0623\u062b\u064a\u0631 \u062a\u0634\u0643\u064a\u0644 \u0627\u0644\u0641\u064a\u0644\u0645.<\/li>\n<li>\u064a\u062a\u0645\u062a\u0639 \u0628\u0642\u0648\u0629 \u0645\u0637\u0631\u064a\u0629 \u062a\u0633\u0645\u062d \u0644\u0647 \u0628\u062a\u0646\u0639\u064a\u0645 \u0623\u0644\u064a\u0627\u0641 \u0627\u0644\u0634\u0639\u0631 \u0648\u0627\u0633\u062a\u0631\u062e\u0627\u0626\u0647\u0627<\/li>\n<\/ul>\n<p><strong>\u0643\u064a\u0641\u064a\u0629 \u0627\u0633\u062a\u062e\u062f\u0627\u0645 \u0628\u0644\u0633\u0645 \u0630\u0648\u0628\u0627\u0646 \u0627\u0644\u062c\u0633\u0645\u061f<\/strong><\/p>\n<p>\u0636\u0639\u064a \u0628\u0644\u0633\u0645 \u0627\u0644\u062c\u0633\u0645 \u0639\u0644\u0649 \u0628\u0634\u0631\u062a\u0643\u060c \u0648\u062f\u0644\u0643\u064a \u0628\u0644\u0637\u0641 \u062d\u062a\u0649 \u064a\u062a\u0645 \u0627\u0645\u062a\u0635\u0627\u0635\u0647 \u0628\u0627\u0644\u0643\u0627\u0645\u0644. \u0631\u0643\u0632\u064a \u0639\u0644\u0649 \u0627\u0644\u0645\u0646\u0627\u0637\u0642 \u0627\u0644\u0623\u0643\u062b\u0631 \u062c\u0641\u0627\u0641\u064b\u0627 \u0648\u062e\u0634\u0648\u0646\u0629 \u0641\u064a \u062c\u0633\u0645\u0643\u060c \u0645\u062b\u0644 \u0627\u0644\u0645\u0631\u0641\u0642\u064a\u0646 \u0648\u0627\u0644\u0631\u0643\u0628\u062a\u064a\u0646 \u0648\u0627\u0644\u0643\u0639\u0628\u064a\u0646.<\/p>\n<p><strong>\u0643\u064a\u0641\u064a\u0629 \u0627\u0633\u062a\u062e\u062f\u0627\u0645 \u0628\u0644\u0633\u0645 \u0627\u0644\u0634\u0639\u0631 \u0627\u0644\u0630\u0627\u0626\u0628\u061f<\/strong><\/p>\n<p>\u0636\u0639\u064a\u0647 \u0643\u0642\u0646\u0627\u0639 \u0623\u0648 \u0644\u062a\u0631\u0648\u064a\u0636 \u062a\u062c\u0639\u064a\u062f \u0627\u0644\u0634\u0639\u0631<\/p>\n<p><strong>\u0645\u0643\u0648\u0646\u0627\u062a :<\/strong><\/p>\n<p>\u0645\u0633\u062a\u062e\u0644\u0635 \u0641\u0627\u0643\u0647\u0629 \u062c\u0648\u0632 \u0627\u0644\u0647\u0646\u062f \u0646\u0648\u0633\u064a\u0641\u064a\u0631\u0627\u060c \u062a\u0648\u0643\u0648\u0641\u064a\u0646\u0648\u0644 \u0628\u0627\u0644\u0645\u064a\u062a\u0627\u062a (\u0641\u064a\u062a\u0627\u0645\u064a\u0646 \u0647\u0640)<\/p>","protected":false},"excerpt":{"rendered":"<p>Baume Fondant C&rsquo;est quoi un baume fondant ? c&rsquo;est un m\u00e9lange enrichi en corps gras comme des huiles v\u00e9g\u00e9tales, des beurres. Notre baume de Noix de coco 100% naturel , \u00e9co-con\u00e7u\u00a0 contient des actifs nourrissants et r\u00e9parateurs, des vitamines ainsi que des antioxydants pour apporter nutriments et vitamines \u00e0 l&rsquo;\u00e9piderme sans lui causer de danger . Qui peut utiliser le baume fondant de noix de coco ? personnes sujettes de : peaux tr\u00e8s\u00a0 s\u00e8ches peaux sensibles peaux ecz\u00e9mateuses les ger\u00e7ures zones en cours de cicatrisation cheveux secs cheveux non disciplin\u00e9s Quels sont les bienfaits de noix de coco sur\u00a0 la peaux ? Nourrissante Apaisante Prot\u00e8ge de la d\u00e9shydratation \u00a0Redonne de la souplesse, du confort et du bien-\u00eatre \u00e0 la peau Quels sont les bienfaits de noix de coco sur les cheveux ? Elle cr\u00e9e un voile protecteur qui prot\u00e8ge la chevelure des diverses agressions ext\u00e9rieures (pollution, eau, soleil ou encore s\u00e8che-cheveux) gr\u00e2ce \u00e0 un effet filmog\u00e8ne. Elle dispose d&rsquo;un pouvoir \u00e9mollient qui lui permet d&rsquo;assouplir et de d\u00e9tendre la fibre capillaire Comment utiliser le baume fondant pour le corps ? Appliquez le\u00a0baume\u00a0corporel sur votre peau en massant doucement jusqu&rsquo;\u00e0 ce qu&rsquo;il soit compl\u00e8tement absorb\u00e9. Concentrez-vous sur les zones les plus s\u00e8ches et rugueuses de votre\u00a0corps, comme les coudes, les genoux et les talons. Comment utiliser le baume fondant pour les cheveux ? Appliquer comme un masque ou pour discipliner les boucles Ingr\u00e9dients : cocos nucifera fruit extract , tocoph\u00e9nol palmitatet (vitamin E)<\/p>","protected":false},"featured_media":9437,"comment_status":"open","ping_status":"closed","template":"","meta":{"_monsterinsights_skip_tracking":false,"_monsterinsights_sitenote_active":false,"_monsterinsights_sitenote_note":"","_monsterinsights_sitenote_category":0,"ocean_post_layout":"","ocean_both_sidebars_style":"","ocean_both_sidebars_content_width":0,"ocean_both_sidebars_sidebars_width":0,"ocean_sidebar":"0","ocean_second_sidebar":"0","ocean_disable_margins":"enable","ocean_add_body_class":"","ocean_shortcode_before_top_bar":"","ocean_shortcode_after_top_bar":"","ocean_shortcode_before_header":"","ocean_shortcode_after_header":"","ocean_has_shortcode":"","ocean_shortcode_after_title":"","ocean_shortcode_before_footer_widgets":"","ocean_shortcode_after_footer_widgets":"","ocean_shortcode_before_footer_bottom":"","ocean_shortcode_after_footer_bottom":"","ocean_display_top_bar":"default","ocean_display_header":"default","ocean_header_style":"","ocean_center_header_left_menu":"0","ocean_custom_header_template":"0","ocean_custom_logo":0,"ocean_custom_retina_logo":0,"ocean_custom_logo_max_width":0,"ocean_custom_logo_tablet_max_width":0,"ocean_custom_logo_mobile_max_width":0,"ocean_custom_logo_max_height":0,"ocean_custom_logo_tablet_max_height":0,"ocean_custom_logo_mobile_max_height":0,"ocean_header_custom_menu":"0","ocean_menu_typo_font_family":"0","ocean_menu_typo_font_subset":"","ocean_menu_typo_font_size":0,"ocean_menu_typo_font_size_tablet":0,"ocean_menu_typo_font_size_mobile":0,"ocean_menu_typo_font_size_unit":"px","ocean_menu_typo_font_weight":"","ocean_menu_typo_font_weight_tablet":"","ocean_menu_typo_font_weight_mobile":"","ocean_menu_typo_transform":"","ocean_menu_typo_transform_tablet":"","ocean_menu_typo_transform_mobile":"","ocean_menu_typo_line_height":0,"ocean_menu_typo_line_height_tablet":0,"ocean_menu_typo_line_height_mobile":0,"ocean_menu_typo_line_height_unit":"","ocean_menu_typo_spacing":0,"ocean_menu_typo_spacing_tablet":0,"ocean_menu_typo_spacing_mobile":0,"ocean_menu_typo_spacing_unit":"","ocean_menu_link_color":"","ocean_menu_link_color_hover":"","ocean_menu_link_color_active":"","ocean_menu_link_background":"","ocean_menu_link_hover_background":"","ocean_menu_link_active_background":"","ocean_menu_social_links_bg":"","ocean_menu_social_hover_links_bg":"","ocean_menu_social_links_color":"","ocean_menu_social_hover_links_color":"","ocean_disable_title":"default","ocean_disable_heading":"default","ocean_post_title":"","ocean_post_subheading":"","ocean_post_title_style":"","ocean_post_title_background_color":"","ocean_post_title_background":0,"ocean_post_title_bg_image_position":"","ocean_post_title_bg_image_attachment":"","ocean_post_title_bg_image_repeat":"","ocean_post_title_bg_image_size":"","ocean_post_title_height":0,"ocean_post_title_bg_overlay":0.5,"ocean_post_title_bg_overlay_color":"","ocean_disable_breadcrumbs":"default","ocean_breadcrumbs_color":"","ocean_breadcrumbs_separator_color":"","ocean_breadcrumbs_links_color":"","ocean_breadcrumbs_links_hover_color":"","ocean_display_footer_widgets":"default","ocean_display_footer_bottom":"default","ocean_custom_footer_template":"0","omw_enable_modal_window":"enable"},"product_brand":[],"product_cat":[41,157,56],"product_tag":[],"class_list":{"0":"post-6801","1":"product","2":"type-product","3":"status-publish","4":"has-post-thumbnail","6":"product_cat-soin-cheveux","7":"product_cat-soin-corps","8":"product_cat-soin-visage","10":"entry","11":"has-media","13":"first","14":"instock","15":"taxable","16":"shipping-taxable","17":"purchasable","18":"product-type-simple","19":"has-rating","20":"col","21":"span_1_of_3","22":"owp-content-center","23":"owp-thumbs-layout-horizontal","24":"owp-btn-normal","25":"owp-tabs-layout-horizontal","26":"has-no-thumbnails"},"yoast_head":"<!-- This site is optimized with the Yoast SEO plugin v27.0 - https:\/\/yoast.com\/product\/yoast-seo-wordpress\/ -->\n<title>Baume Fondant Noix De Coco - gerajeune<\/title>\n<meta name=\"description\" content=\"D&#039;ingr\u00e9dients 100% naturelles ,sans silicone , ce baume fondant multi-usages aux noix de coco est un v\u00e9ritable soin hydratant pour le corps et les cheveux .\" \/>\n<meta name=\"robots\" content=\"index, follow, max-snippet:-1, max-image-preview:large, max-video-preview:-1\" \/>\n<link rel=\"canonical\" href=\"https:\/\/gerajeune.com\/ar\/product\/baume-fondant-noix-de-coco\/\" \/>\n<meta property=\"og:locale\" content=\"ar_AR\" \/>\n<meta property=\"og:type\" content=\"article\" \/>\n<meta property=\"og:title\" content=\"Baume Fondant Noix De Coco - gerajeune\" \/>\n<meta property=\"og:description\" content=\"D&#039;ingr\u00e9dients 100% naturelles ,sans silicone , ce baume fondant multi-usages aux noix de coco est un v\u00e9ritable soin hydratant pour le corps et les cheveux .\" \/>\n<meta property=\"og:url\" content=\"https:\/\/gerajeune.com\/ar\/product\/baume-fondant-noix-de-coco\/\" \/>\n<meta property=\"og:site_name\" content=\"gerajeune\" \/>\n<meta property=\"article:publisher\" content=\"https:\/\/www.facebook.com\/gerajeune\" \/>\n<meta property=\"article:modified_time\" content=\"2025-08-23T11:32:48+00:00\" \/>\n<meta property=\"og:image\" content=\"https:\/\/gerajeune.com\/wp-content\/uploads\/2024\/06\/49.png\" \/>\n\t<meta property=\"og:image:width\" content=\"1587\" \/>\n\t<meta property=\"og:image:height\" content=\"2245\" \/>\n\t<meta property=\"og:image:type\" content=\"image\/png\" \/>\n<meta name=\"twitter:card\" content=\"summary_large_image\" \/>\n<meta name=\"twitter:label1\" content=\"\u0648\u0642\u062a \u0627\u0644\u0642\u0631\u0627\u0621\u0629 \u0627\u0644\u0645\u064f\u0642\u062f\u0651\u0631\" \/>\n\t<meta name=\"twitter:data1\" content=\"\u062f\u0642\u064a\u0642\u0629 \u0648\u0627\u062d\u062f\u0629\" \/>\n<script type=\"application\/ld+json\" class=\"yoast-schema-graph\">{\"@context\":\"https:\/\/schema.org\",\"@graph\":[{\"@type\":\"WebPage\",\"@id\":\"https:\/\/gerajeune.com\/produit\/baume-fondant-noix-de-coco\/\",\"url\":\"https:\/\/gerajeune.com\/produit\/baume-fondant-noix-de-coco\/\",\"name\":\"Baume Fondant Noix De Coco - gerajeune\",\"isPartOf\":{\"@id\":\"https:\/\/gerajeune.com\/#website\"},\"primaryImageOfPage\":{\"@id\":\"https:\/\/gerajeune.com\/produit\/baume-fondant-noix-de-coco\/#primaryimage\"},\"image\":{\"@id\":\"https:\/\/gerajeune.com\/produit\/baume-fondant-noix-de-coco\/#primaryimage\"},\"thumbnailUrl\":\"https:\/\/gerajeune.com\/wp-content\/uploads\/2024\/06\/49.png\",\"datePublished\":\"2024-02-29T15:10:34+00:00\",\"dateModified\":\"2025-08-23T11:32:48+00:00\",\"description\":\"D'ingr\u00e9dients 100% naturelles ,sans silicone , ce baume fondant multi-usages aux noix de coco est un v\u00e9ritable soin hydratant pour le corps et les cheveux .\",\"breadcrumb\":{\"@id\":\"https:\/\/gerajeune.com\/produit\/baume-fondant-noix-de-coco\/#breadcrumb\"},\"inLanguage\":\"ar\",\"potentialAction\":[{\"@type\":\"ReadAction\",\"target\":[\"https:\/\/gerajeune.com\/produit\/baume-fondant-noix-de-coco\/\"]}]},{\"@type\":\"ImageObject\",\"inLanguage\":\"ar\",\"@id\":\"https:\/\/gerajeune.com\/produit\/baume-fondant-noix-de-coco\/#primaryimage\",\"url\":\"https:\/\/gerajeune.com\/wp-content\/uploads\/2024\/06\/49.png\",\"contentUrl\":\"https:\/\/gerajeune.com\/wp-content\/uploads\/2024\/06\/49.png\",\"width\":1587,\"height\":2245},{\"@type\":\"BreadcrumbList\",\"@id\":\"https:\/\/gerajeune.com\/produit\/baume-fondant-noix-de-coco\/#breadcrumb\",\"itemListElement\":[{\"@type\":\"ListItem\",\"position\":1,\"name\":\"Accueil\",\"item\":\"https:\/\/gerajeune.com\/\"},{\"@type\":\"ListItem\",\"position\":2,\"name\":\"Produits\",\"item\":\"https:\/\/gerajeune.com\/__trashed-6\/\"},{\"@type\":\"ListItem\",\"position\":3,\"name\":\"Baume Fondant Noix De Coco\"}]},{\"@type\":\"WebSite\",\"@id\":\"https:\/\/gerajeune.com\/#website\",\"url\":\"https:\/\/gerajeune.com\/\",\"name\":\"gerajeune\",\"description\":\"Naturellement belle, visiblement jeune\",\"publisher\":{\"@id\":\"https:\/\/gerajeune.com\/#organization\"},\"potentialAction\":[{\"@type\":\"SearchAction\",\"target\":{\"@type\":\"EntryPoint\",\"urlTemplate\":\"https:\/\/gerajeune.com\/?s={search_term_string}\"},\"query-input\":{\"@type\":\"PropertyValueSpecification\",\"valueRequired\":true,\"valueName\":\"search_term_string\"}}],\"inLanguage\":\"ar\"},{\"@type\":\"Organization\",\"@id\":\"https:\/\/gerajeune.com\/#organization\",\"name\":\"gerajeune\",\"url\":\"https:\/\/gerajeune.com\/\",\"logo\":{\"@type\":\"ImageObject\",\"inLanguage\":\"ar\",\"@id\":\"https:\/\/gerajeune.com\/#\/schema\/logo\/image\/\",\"url\":\"http:\/\/gerajeune.com\/wp-content\/uploads\/2021\/12\/cropped-logo-modifier-1-e1645608409226.png\",\"contentUrl\":\"http:\/\/gerajeune.com\/wp-content\/uploads\/2021\/12\/cropped-logo-modifier-1-e1645608409226.png\",\"width\":250,\"height\":120,\"caption\":\"gerajeune\"},\"image\":{\"@id\":\"https:\/\/gerajeune.com\/#\/schema\/logo\/image\/\"},\"sameAs\":[\"https:\/\/www.facebook.com\/gerajeune\",\"https:\/\/www.instagram.com\/gerajeune\/reels\/?hl=fr\"]}]}<\/script>\n<!-- \/ Yoast SEO plugin. -->","yoast_head_json":{"title":"Baume Fondant Noix De Coco - gerajeune","description":"D'ingr\u00e9dients 100% naturelles ,sans silicone , ce baume fondant multi-usages aux noix de coco est un v\u00e9ritable soin hydratant pour le corps et les cheveux .","robots":{"index":"index","follow":"follow","max-snippet":"max-snippet:-1","max-image-preview":"max-image-preview:large","max-video-preview":"max-video-preview:-1"},"canonical":"https:\/\/gerajeune.com\/ar\/product\/baume-fondant-noix-de-coco\/","og_locale":"ar_AR","og_type":"article","og_title":"Baume Fondant Noix De Coco - gerajeune","og_description":"D'ingr\u00e9dients 100% naturelles ,sans silicone , ce baume fondant multi-usages aux noix de coco est un v\u00e9ritable soin hydratant pour le corps et les cheveux .","og_url":"https:\/\/gerajeune.com\/ar\/product\/baume-fondant-noix-de-coco\/","og_site_name":"gerajeune","article_publisher":"https:\/\/www.facebook.com\/gerajeune","article_modified_time":"2025-08-23T11:32:48+00:00","og_image":[{"width":1587,"height":2245,"url":"https:\/\/gerajeune.com\/wp-content\/uploads\/2024\/06\/49.png","type":"image\/png"}],"twitter_card":"summary_large_image","twitter_misc":{"\u0648\u0642\u062a \u0627\u0644\u0642\u0631\u0627\u0621\u0629 \u0627\u0644\u0645\u064f\u0642\u062f\u0651\u0631":"\u062f\u0642\u064a\u0642\u0629 \u0648\u0627\u062d\u062f\u0629"},"schema":{"@context":"https:\/\/schema.org","@graph":[{"@type":"WebPage","@id":"https:\/\/gerajeune.com\/produit\/baume-fondant-noix-de-coco\/","url":"https:\/\/gerajeune.com\/produit\/baume-fondant-noix-de-coco\/","name":"Baume Fondant Noix De Coco - gerajeune","isPartOf":{"@id":"https:\/\/gerajeune.com\/#website"},"primaryImageOfPage":{"@id":"https:\/\/gerajeune.com\/produit\/baume-fondant-noix-de-coco\/#primaryimage"},"image":{"@id":"https:\/\/gerajeune.com\/produit\/baume-fondant-noix-de-coco\/#primaryimage"},"thumbnailUrl":"https:\/\/gerajeune.com\/wp-content\/uploads\/2024\/06\/49.png","datePublished":"2024-02-29T15:10:34+00:00","dateModified":"2025-08-23T11:32:48+00:00","description":"D'ingr\u00e9dients 100% naturelles ,sans silicone , ce baume fondant multi-usages aux noix de coco est un v\u00e9ritable soin hydratant pour le corps et les cheveux .","breadcrumb":{"@id":"https:\/\/gerajeune.com\/produit\/baume-fondant-noix-de-coco\/#breadcrumb"},"inLanguage":"ar","potentialAction":[{"@type":"ReadAction","target":["https:\/\/gerajeune.com\/produit\/baume-fondant-noix-de-coco\/"]}]},{"@type":"ImageObject","inLanguage":"ar","@id":"https:\/\/gerajeune.com\/produit\/baume-fondant-noix-de-coco\/#primaryimage","url":"https:\/\/gerajeune.com\/wp-content\/uploads\/2024\/06\/49.png","contentUrl":"https:\/\/gerajeune.com\/wp-content\/uploads\/2024\/06\/49.png","width":1587,"height":2245},{"@type":"BreadcrumbList","@id":"https:\/\/gerajeune.com\/produit\/baume-fondant-noix-de-coco\/#breadcrumb","itemListElement":[{"@type":"ListItem","position":1,"name":"Accueil","item":"https:\/\/gerajeune.com\/"},{"@type":"ListItem","position":2,"name":"Produits","item":"https:\/\/gerajeune.com\/__trashed-6\/"},{"@type":"ListItem","position":3,"name":"Baume Fondant Noix De Coco"}]},{"@type":"WebSite","@id":"https:\/\/gerajeune.com\/#website","url":"https:\/\/gerajeune.com\/","name":"com.gerayoung","description":"\u062c\u0645\u064a\u0644\u0629 \u0628\u0634\u0643\u0644 \u0637\u0628\u064a\u0639\u064a\u060c \u0634\u0627\u0628\u0629 \u0628\u0634\u0643\u0644 \u0648\u0627\u0636\u062d","publisher":{"@id":"https:\/\/gerajeune.com\/#organization"},"potentialAction":[{"@type":"SearchAction","target":{"@type":"EntryPoint","urlTemplate":"https:\/\/gerajeune.com\/?s={search_term_string}"},"query-input":{"@type":"PropertyValueSpecification","valueRequired":true,"valueName":"search_term_string"}}],"inLanguage":"ar"},{"@type":"Organization","@id":"https:\/\/gerajeune.com\/#organization","name":"com.gerayoung","url":"https:\/\/gerajeune.com\/","logo":{"@type":"ImageObject","inLanguage":"ar","@id":"https:\/\/gerajeune.com\/#\/schema\/logo\/image\/","url":"http:\/\/gerajeune.com\/wp-content\/uploads\/2021\/12\/cropped-logo-modifier-1-e1645608409226.png","contentUrl":"http:\/\/gerajeune.com\/wp-content\/uploads\/2021\/12\/cropped-logo-modifier-1-e1645608409226.png","width":250,"height":120,"caption":"gerajeune"},"image":{"@id":"https:\/\/gerajeune.com\/#\/schema\/logo\/image\/"},"sameAs":["https:\/\/www.facebook.com\/gerajeune","https:\/\/www.instagram.com\/gerajeune\/reels\/?hl=fr"]}]}},"jetpack_sharing_enabled":true,"_links":{"self":[{"href":"https:\/\/gerajeune.com\/ar\/wp-json\/wp\/v2\/product\/6801","targetHints":{"allow":["GET"]}}],"collection":[{"href":"https:\/\/gerajeune.com\/ar\/wp-json\/wp\/v2\/product"}],"about":[{"href":"https:\/\/gerajeune.com\/ar\/wp-json\/wp\/v2\/types\/product"}],"replies":[{"embeddable":true,"href":"https:\/\/gerajeune.com\/ar\/wp-json\/wp\/v2\/comments?post=6801"}],"version-history":[{"count":7,"href":"https:\/\/gerajeune.com\/ar\/wp-json\/wp\/v2\/product\/6801\/revisions"}],"predecessor-version":[{"id":12195,"href":"https:\/\/gerajeune.com\/ar\/wp-json\/wp\/v2\/product\/6801\/revisions\/12195"}],"wp:featuredmedia":[{"embeddable":true,"href":"https:\/\/gerajeune.com\/ar\/wp-json\/wp\/v2\/media\/9437"}],"wp:attachment":[{"href":"https:\/\/gerajeune.com\/ar\/wp-json\/wp\/v2\/media?parent=6801"}],"wp:term":[{"taxonomy":"product_brand","embeddable":true,"href":"https:\/\/gerajeune.com\/ar\/wp-json\/wp\/v2\/product_brand?post=6801"},{"taxonomy":"product_cat","embeddable":true,"href":"https:\/\/gerajeune.com\/ar\/wp-json\/wp\/v2\/product_cat?post=6801"},{"taxonomy":"product_tag","embeddable":true,"href":"https:\/\/gerajeune.com\/ar\/wp-json\/wp\/v2\/product_tag?post=6801"}],"curies":[{"name":"wp","href":"https:\/\/api.w.org\/{rel}","templated":true}]}}