{"id":6805,"date":"2024-02-29T16:00:58","date_gmt":"2024-02-29T15:00:58","guid":{"rendered":"http:\/\/gerajeune.com\/?post_type=product&#038;p=6805"},"modified":"2025-05-12T10:52:33","modified_gmt":"2025-05-12T09:52:33","slug":"ecran-solaire-teinte-age-deffense","status":"publish","type":"product","link":"https:\/\/gerajeune.com\/ar\/product\/ecran-solaire-teinte-age-deffense\/","title":{"rendered":"Soin Solaire Teint\u00e9"},"content":{"rendered":"<p>\u0648\u0627\u0642\u064a \u0634\u0645\u0633\u064a \u0645\u0644\u0648\u0646<\/p>\n<p><strong>\u0644\u0645\u0627\u0630\u0627 \u0646\u0633\u062a\u062e\u062f\u0645 \u0648\u0627\u0642\u064a \u0627\u0644\u0634\u0645\u0633\u061f<\/strong><\/p>\n<p>Gerajeune AGE-DEFENSE \u0647\u0648 \u0645\u0646\u062a\u062c \u0648\u0642\u0627\u0626\u064a \u0644\u0644\u0639\u0646\u0627\u064a\u0629 \u0628\u0627\u0644\u0634\u0645\u0633 \u0628\u062a\u0631\u0643\u064a\u0628\u0629 \u062c\u062f\u064a\u062f\u0629 4 \u0641\u064a 1:<\/p>\n<ul>\n<li>\u062d\u0645\u0627\u064a\u0629 <a href=\"https:\/\/fr.wikipedia.org\/wiki\/UV\">\u0627\u0644\u0623\u0634\u0639\u0629 \u0641\u0648\u0642 \u0627\u0644\u0628\u0646\u0641\u0633\u062c\u064a\u0629<\/a><\/li>\n<li>\u0627\u0644\u0648\u0642\u0627\u064a\u0629 \u0645\u0646 \u0627\u0644\u062a\u062c\u0627\u0639\u064a\u062f \u0648\u0627\u0644\u0628\u0642\u0639 \u0627\u0644\u0634\u064a\u062e\u0648\u062e\u0629 \u060c<\/li>\n<li>\u062a\u0623\u062b\u064a\u0631 \u0645\u0636\u0627\u062f \u0644\u062d\u0628 \u0627\u0644\u0634\u0628\u0627\u0628 \u0648\u0627\u0644\u062a\u062c\u0645\u064a\u0644 \u060c<\/li>\n<li>\u062a\u0623\u062b\u064a\u0631 \u0627\u0644\u062c\u0644\u062f \u0627\u0644\u0645\u0636\u064a\u0621.<\/li>\n<\/ul>\n<p>\u0646\u0633\u064a\u062c \u0648\u0642\u0627\u0626\u064a \u0648\u0644\u0648\u0646 \u062e\u0641\u064a \u064a\u0633\u0645\u062d \u0644\u0643 \u0628\u0631\u0624\u064a\u0629 \u0627\u0644\u0645\u0632\u064a\u062f \u0645\u0646 \u0627\u0644\u0636\u0648\u0621\u060c<br \/>\n\u0627\u0644\u0646\u0636\u0627\u0631\u0629 \u0648\u0627\u0644\u062a\u063a\u0630\u064a\u0629 \u0641\u064a \u0628\u0634\u0631\u062a\u0643.<\/p>\n<p>\u064a\u0648\u0635\u0649 \u0628\u0647 \u0643\u0645\u0646\u062a\u062c \u0644\u0644\u0639\u0646\u0627\u064a\u0629 \u0628\u0623\u0634\u0639\u0629 \u0627\u0644\u0634\u0645\u0633 \u0644\u0644\u0628\u0634\u0631\u0629 \u0627\u0644\u062d\u0633\u0627\u0633\u0629.<\/p>\n<p>GERAJEUNE AGE-DEFENSE \u0627\u0644\u0639\u0646\u0627\u064a\u0629 \u0627\u0644\u0637\u0628\u064a\u0639\u064a\u0629 \u0628\u0627\u0644\u0634\u0645\u0633 \u062a\u063a\u0630\u064a \u0627\u0644\u0628\u0634\u0631\u0629 \u0648\u062a\u062d\u0645\u064a\u0647\u0627 \u0645\u0646 \u0627\u0644\u0623\u0643\u0633\u062f\u0629<br \/>\n\u0627\u0644\u0646\u0627\u062c\u0645\u0629 \u0639\u0646 \u0627\u0644\u062a\u0644\u0648\u062b \u0648\u0627\u0644\u0623\u0634\u0639\u0629 \u0627\u0644\u0634\u0645\u0633\u064a\u0629.<\/p>\n<p>\u0628\u0641\u0636\u0644 \u0645\u0632\u064a\u062c \u0645\u0646 \u0639\u0634\u0631\u0629 \u0647\u064a\u062f\u0631\u0648\u0633\u0648\u0644\u0627\u062a \u0646\u0628\u0627\u062a\u064a\u0629 \u0648\u062b\u0645\u0627\u0646\u064a\u0629 \u0632\u064a\u0648\u062a \u062b\u0645\u064a\u0646\u0629 \u0645\u0636\u0627\u062f\u0629 \u0644\u0644\u0634\u064a\u062e\u0648\u062e\u0629<br \/>\n\u0627\u0644\u0645\u0639\u0627\u062f\u0646 \u0648\u0627\u0644\u0641\u064a\u062a\u0627\u0645\u064a\u0646\u0627\u062a \u0648\u0645\u0636\u0627\u062f\u0627\u062a \u0627\u0644\u0623\u0643\u0633\u062f\u0629 \u0627\u0644\u0645\u062e\u062a\u0644\u0641\u0629 \u0627\u0644\u0636\u0631\u0648\u0631\u064a\u0629 \u0644\u062a\u062c\u062f\u064a\u062f \u0627\u0644\u0628\u0634\u0631\u0629 \u0648\u0627\u0644\u062d\u0641\u0627\u0638 \u0639\u0644\u064a\u0647\u0627\u060c \u0648\u062a\u0635\u0641\u064a\u062a\u0647\u0627<br \/>\n\u0645\u0639\u062f\u0646 \u063a\u064a\u0631 \u0636\u0627\u0631 \u064a\u0639\u062a\u0645\u062f \u0639\u0644\u0649 \u0623\u0643\u0633\u064a\u062f \u0627\u0644\u0632\u0646\u0643.<\/p>\n<ul>\n<li>\u064a\u0633\u062a\u0639\u064a\u062f \u0627\u0644\u062c\u0644\u062f \u0627\u0644\u0631\u0627\u062d\u0629 \u0648\u0627\u0644\u062d\u0645\u0627\u064a\u0629 \u0639\u0644\u0649 \u0627\u0644\u0641\u0648\u0631.<\/li>\n<li>\u064a\u0642\u0644\u0644 \u0645\u0646 \u0627\u0644\u062a\u0639\u0631\u0642<\/li>\n<\/ul>\n<p><strong>\u0643\u064a\u0641\u064a\u0629 \u062a\u0637\u0628\u064a\u0642 \u0648\u0627\u0642\u064a \u0627\u0644\u0634\u0645\u0633 \u0627\u0644\u0645\u0644\u0648\u0646\u061f<\/strong><\/p>\n<p>\u0636\u0639\u064a\u0647 \u0639\u0644\u0649 \u0628\u0634\u0631\u0629 \u0646\u0638\u064a\u0641\u0629 \u0648\u062c\u0627\u0641\u0629 \u0642\u0628\u0644 \u0627\u0644\u062a\u0639\u0631\u0636 \u0644\u0623\u0634\u0639\u0629 \u0627\u0644\u0634\u0645\u0633\u060c \u0643\u0631\u0631\u064a \u0627\u0644\u0627\u0633\u062a\u062e\u062f\u0627\u0645 \u0643\u0644 \u0645\u0631\u0629<br \/>\n\u0633\u0627\u0639\u062a\u064a\u0646.<\/p>\n<p>\u0627\u062e\u062a\u0628\u0631\u0647 \u0639\u0644\u0649 \u062b\u0646\u064a\u0629 \u0627\u0644\u0630\u0631\u0627\u0639 \u0623\u0648 \u0623\u0633\u0641\u0644 \u0627\u0644\u0623\u0630\u0646 \u0644\u0644\u062a\u0623\u0643\u062f \u0645\u0646 \u0639\u062f\u0645 \u0648\u062c\u0648\u062f \u062d\u0633\u0627\u0633\u064a\u0629 \u062a\u062c\u0627\u0647 \u0623\u064a \u0645\u0646 \u0627\u0644\u0645\u0643\u0648\u0646\u0627\u062a.<\/p>\n<p><strong>\u0643\u064a\u0641 \u062a\u062e\u062a\u0627\u0631\u064a\u0646 \u0648\u0627\u0642\u064a \u0627\u0644\u0634\u0645\u0633 \u0627\u0644\u0645\u0646\u0627\u0633\u0628\u061f<\/strong><\/p>\n<p>\u0627\u062e\u062a\u0631 \u0645\u0646\u062a\u062c\u064b\u0627 \u0628\u0645\u0639\u0627\u0645\u0644 \u062d\u0645\u0627\u064a\u0629 SPF \u0644\u0627 \u064a\u0642\u0644 \u0639\u0646 30.<\/p>\n<p><strong>\u0645\u062a\u0649 \u064a\u062c\u0628 \u062a\u0637\u0628\u064a\u0642 \u0648\u0627\u0642\u064a \u0627\u0644\u0634\u0645\u0633\u061f<\/strong><\/p>\n<p>\u0627\u0633\u062a\u062e\u062f\u0645\u0647 \u0643\u0644 \u064a\u0648\u0645.<\/p>\n<p>\u0647\u0630\u0647 \u0647\u064a \u0627\u0644\u062e\u0637\u0648\u0629 \u0627\u0644\u0623\u062e\u064a\u0631\u0629 \u0641\u064a \u0631\u0648\u062a\u064a\u0646 \u0627\u0644\u0639\u0646\u0627\u064a\u0629 \u0628\u0627\u0644\u0628\u0634\u0631\u0629 \u0627\u0644\u0635\u0628\u0627\u062d\u064a.<\/p>\n<p>\u062a\u062c\u062f\u064a\u062f \u0627\u0644\u0637\u0644\u0628 \u0643\u0644 \u0633\u0627\u0639\u062a\u064a\u0646. \u062a\u0623\u0643\u062f \u0645\u0646 \u0627\u0633\u062a\u062e\u062f\u0627\u0645 \u0645\u0627 \u064a\u0643\u0641\u064a \u0645\u0646 \u0627\u0644\u0645\u0646\u062a\u062c<\/p>\n<p><strong>\u0627\u062d\u062a\u064a\u0627\u0637\u0627\u062a \u0627\u0644\u0627\u0633\u062a\u062e\u062f\u0627\u0645:\u00a0<\/strong><\/p>\n<p>\u0627\u062e\u062a\u0628\u0627\u0631 \u0639\u0644\u0649 \u0645\u0646\u062d\u0646\u0649 \u0627\u0644\u0630\u0631\u0627\u0639 \u0623\u0648 \u0623\u0633\u0641\u0644 \u0627\u0644\u0623\u0630\u0646 \u0644\u0644\u062a\u062d\u0642\u0642 \u0645\u0646 \u0639\u062f\u0645 \u0648\u062c\u0648\u062f \u062d\u0633\u0627\u0633\u064a\u0629 \u0644\u0623\u064a \u0645\u0646 \u0627\u0644\u0645\u0643\u0648\u0646\u0627\u062a.<\/p>\n<p>\u062a\u062e\u0632\u064a\u0646\u0647\u0627 \u0641\u064a -25 \u062f\u0631\u062c\u0629 \u0645\u0626\u0648\u064a\u0629.<\/p>\n<p>\u0644\u0627 \u064a\u0632\u0627\u0644 \u0645\u0648\u062c\u0648\u062f\u0627 \u0641\u064a <a href=\"http:\/\/gerajeune.com\/ar\/product\/gerajeune-age-defense\/\">\u062a\u0646\u0633\u064a\u0642 \u063a\u064a\u0631 \u0645\u0631\u0626\u064a\u00a0<\/a><\/p>\n<p><b>\u0645\u0643\u0648\u0646\u0627\u062a<\/b><strong>\u00a0:<\/strong><\/p>\n<p>\u0645\u0627\u0621\u060c \u0647\u064a\u062f\u0631\u0648\u0633\u0648\u0644 \u0628\u0630\u0648\u0631 \u0627\u0644\u0643\u0627\u0631\u0648\u062a\u0627\u060c \u0643\u0648\u0643\u0648 \u0643\u0627\u0628\u0631\u064a\u0644\u0627\u062a\/\u0643\u0627\u0628\u0631\u0627\u062a\u060c \u0632\u064a\u062a \u0635\u0645\u063a \u0627\u0644\u0641\u0633\u062a\u0642 \u0627\u0644\u0639\u062f\u0633\u064a (\u0627\u0644\u0645\u0635\u0637\u0643\u064a)\u060c \u0645\u0648\u0646\u0648 \u0628\u0631\u0648\u0628\u064a\u0644\u064a\u0646 \u062c\u0644\u064a\u0643\u0648\u0644\u060c \u062d\u0645\u0636 \u0627\u0644\u0647\u064a\u0627\u0644\u0648\u0631\u0648\u0646\u064a\u0643\u060c \u062d\u0645\u0636 \u0627\u0644\u0644\u0627\u0643\u062a\u064a\u0643\u060c \u0628\u0646\u0632\u0648\u0627\u062a \u0627\u0644\u0635\u0648\u062f\u064a\u0648\u0645\u060c \u0633\u0648\u0631\u0628\u0627\u062a \u0627\u0644\u0628\u0648\u062a\u0627\u0633\u064a\u0648\u0645\u060c \u062c\u0644\u064a\u0633\u0631\u064a\u0646\u060c \u0645\u0633\u062a\u062e\u0644\u0635 \u0639\u0631\u0642 \u0627\u0644\u0633\u0648\u0633 (\u0645\u0633\u062a\u062e\u0644\u0635 \u062c\u0630\u0631 \u062c\u0644\u064a\u0633\u064a\u0645\u0631\u0647\u064a\u0632\u0627 \u062c\u0644\u0627\u0628\u0631\u0627)\u060c \u0623\u0644\u0641\u0627 - \u0623\u0631\u0628\u0648\u062a\u064a\u0646\u060c \u0635\u0645\u063a \u0627\u0644\u0632\u0627\u0646\u062b\u0627\u0646\u060c \u0639\u0637\u0631 (\u0639\u0637\u0631)\u060c \u0633\u0648\u0631\u0628\u0627\u062a \u0627\u0644\u0628\u0648\u062a\u0627\u0633\u064a\u0648\u0645.<\/p>","protected":false},"excerpt":{"rendered":"<p>Ecran Solaire Teint\u00e9 Pourquoi utiliser l&rsquo;\u00e9cran solaire ? Gerajeune AGE-DEFENSE est un soin solaire protecteur\u00a0 de\u00a0 nouvelle formule 4 en 1: protection UV pr\u00e9vention du vieillissement rides et taches, effet anti-acn\u00e9 et embellissant, effet peau \u00a0\u00e9clair\u00e9e. Une texture protectrice et une teinte discr\u00e8te qui vous laisse voir plus de lumi\u00e8re, de fra\u00eecheur, de nutrition dans votre teint. Recommand\u00e9e\u00a0 comme soin solaire pour les peaux sensibles . Le soin solaire Naturel GERAJEUNE AGE-DEFENSE nourrit et prot\u00e8ge la peau contre l&rsquo;oxydation engendr\u00e9e par la pollution et les rayons solaires. Grace \u00e0 une combinaison de dix hydrolats v\u00e9g\u00e9taux, huit huiles pr\u00e9cieuses anti \u00e2ge, apportant min\u00e9raux vitamines et divers antioxydants n\u00e9cessaires \u00e0 reg\u00e9n\u00e9rer et pr\u00e9server la peau, et le filtre min\u00e9ral inoffensif \u00e0 base d&rsquo;oxyde de Zinc. La peau retrouve imm\u00e9diatement confort et protection. R\u00e9duit la transpiration Comment appliquer l&rsquo;Ecran Solaire Teint\u00e9 ? Appliquer sur une peau propre et s\u00e8che avant l&rsquo;exposition solaire renouveler l&rsquo;application toutes les deux heures. Tester sur le creux du bras ou en dessous de l&rsquo;oreille pour v\u00e9rifier l&rsquo;absence d&rsquo;allergie \u00e0 l&rsquo;un des ingr\u00e9dient . Comment bien choisir mon \u00e9cran solaire ? choisissez un produit ayant un FPS d&rsquo;au moins 30. Quand appliquer l&rsquo;\u00e9cran solaire ? l&rsquo;Utilisez tous les jours. C&rsquo;est la derni\u00e8re \u00e9tape dans votre routine de soin du matin. Renouveler l&rsquo;application toutes les deux heures. Assurez-vous d&rsquo;utiliser suffisamment de produit Pr\u00e9cautions d&rsquo;utilisation :\u00a0 tester sur le creux du bras ou en dessous de l&rsquo;oreille pour v\u00e9rifier l&rsquo;absence d&rsquo;allergie a l &lsquo;un des ingr\u00e9dients . A conserver \u00e0 une temp\u00e9rature \u00e0 -25\u00b0C. Existe encore en format invisible\u00a0 Ingr\u00e9dients\u00a0: water , Daucus carota seeds hydrosol , coco-Caprylate\/Caprate ,Pistacia Lentiscus (Mastic) Gum Oil ,Mono Propylene Glycol , Hyaluronique Acid , Lactc Acid\u00a0 , Sodium Benzoate ,Potassium Sorbate , Glycerin , Licorice Extract (Glycymrrhiza Glabra Root Extract ), Alpha -Arbutin , Xanthan Gum , Fragrance (Parfum ), Potassium Sorbate .<\/p>","protected":false},"featured_media":14270,"comment_status":"open","ping_status":"closed","template":"","meta":{"_monsterinsights_skip_tracking":false,"_monsterinsights_sitenote_active":false,"_monsterinsights_sitenote_note":"","_monsterinsights_sitenote_category":0,"ocean_post_layout":"","ocean_both_sidebars_style":"","ocean_both_sidebars_content_width":0,"ocean_both_sidebars_sidebars_width":0,"ocean_sidebar":"0","ocean_second_sidebar":"0","ocean_disable_margins":"enable","ocean_add_body_class":"","ocean_shortcode_before_top_bar":"","ocean_shortcode_after_top_bar":"","ocean_shortcode_before_header":"","ocean_shortcode_after_header":"","ocean_has_shortcode":"","ocean_shortcode_after_title":"","ocean_shortcode_before_footer_widgets":"","ocean_shortcode_after_footer_widgets":"","ocean_shortcode_before_footer_bottom":"","ocean_shortcode_after_footer_bottom":"","ocean_display_top_bar":"default","ocean_display_header":"default","ocean_header_style":"","ocean_center_header_left_menu":"0","ocean_custom_header_template":"0","ocean_custom_logo":0,"ocean_custom_retina_logo":0,"ocean_custom_logo_max_width":0,"ocean_custom_logo_tablet_max_width":0,"ocean_custom_logo_mobile_max_width":0,"ocean_custom_logo_max_height":0,"ocean_custom_logo_tablet_max_height":0,"ocean_custom_logo_mobile_max_height":0,"ocean_header_custom_menu":"0","ocean_menu_typo_font_family":"0","ocean_menu_typo_font_subset":"","ocean_menu_typo_font_size":0,"ocean_menu_typo_font_size_tablet":0,"ocean_menu_typo_font_size_mobile":0,"ocean_menu_typo_font_size_unit":"px","ocean_menu_typo_font_weight":"","ocean_menu_typo_font_weight_tablet":"","ocean_menu_typo_font_weight_mobile":"","ocean_menu_typo_transform":"","ocean_menu_typo_transform_tablet":"","ocean_menu_typo_transform_mobile":"","ocean_menu_typo_line_height":0,"ocean_menu_typo_line_height_tablet":0,"ocean_menu_typo_line_height_mobile":0,"ocean_menu_typo_line_height_unit":"","ocean_menu_typo_spacing":0,"ocean_menu_typo_spacing_tablet":0,"ocean_menu_typo_spacing_mobile":0,"ocean_menu_typo_spacing_unit":"","ocean_menu_link_color":"","ocean_menu_link_color_hover":"","ocean_menu_link_color_active":"","ocean_menu_link_background":"","ocean_menu_link_hover_background":"","ocean_menu_link_active_background":"","ocean_menu_social_links_bg":"","ocean_menu_social_hover_links_bg":"","ocean_menu_social_links_color":"","ocean_menu_social_hover_links_color":"","ocean_disable_title":"default","ocean_disable_heading":"default","ocean_post_title":"","ocean_post_subheading":"","ocean_post_title_style":"","ocean_post_title_background_color":"","ocean_post_title_background":0,"ocean_post_title_bg_image_position":"","ocean_post_title_bg_image_attachment":"","ocean_post_title_bg_image_repeat":"","ocean_post_title_bg_image_size":"","ocean_post_title_height":0,"ocean_post_title_bg_overlay":0.5,"ocean_post_title_bg_overlay_color":"","ocean_disable_breadcrumbs":"default","ocean_breadcrumbs_color":"","ocean_breadcrumbs_separator_color":"","ocean_breadcrumbs_links_color":"","ocean_breadcrumbs_links_hover_color":"","ocean_display_footer_widgets":"default","ocean_display_footer_bottom":"default","ocean_custom_footer_template":"0","omw_enable_modal_window":"enable"},"product_brand":[],"product_cat":[56],"product_tag":[],"class_list":{"0":"post-6805","1":"product","2":"type-product","3":"status-publish","4":"has-post-thumbnail","6":"product_cat-soin-visage","8":"entry","9":"has-media","11":"first","12":"instock","13":"sale","14":"taxable","15":"shipping-taxable","16":"purchasable","17":"product-type-simple","18":"col","19":"span_1_of_3","20":"owp-content-center","21":"owp-thumbs-layout-horizontal","22":"owp-btn-normal","23":"owp-tabs-layout-horizontal","24":"has-no-thumbnails"},"yoast_head":"<!-- This site is optimized with the Yoast SEO plugin v27.0 - https:\/\/yoast.com\/product\/yoast-seo-wordpress\/ -->\n<title>Soin Solaire Teint\u00e9 - gerajeune<\/title>\n<meta name=\"description\" content=\"Soin solaire Teint\u00e9 ,NATUREL, Eclaircissant , \u00e0 filtre min\u00e9ral pour peaux sensibles . SPF 50 , r\u00e9sistant a l&#039;eau et non gras. Anti acn\u00e9 , Anti rides.\" \/>\n<meta name=\"robots\" content=\"index, follow, max-snippet:-1, max-image-preview:large, max-video-preview:-1\" \/>\n<link rel=\"canonical\" href=\"https:\/\/gerajeune.com\/ar\/product\/ecran-solaire-teinte-age-deffense\/\" \/>\n<meta property=\"og:locale\" content=\"ar_AR\" \/>\n<meta property=\"og:type\" content=\"article\" \/>\n<meta property=\"og:title\" content=\"Soin Solaire Teint\u00e9 - gerajeune\" \/>\n<meta property=\"og:description\" content=\"Soin solaire Teint\u00e9 ,NATUREL, Eclaircissant , \u00e0 filtre min\u00e9ral pour peaux sensibles . SPF 50 , r\u00e9sistant a l&#039;eau et non gras. Anti acn\u00e9 , Anti rides.\" \/>\n<meta property=\"og:url\" content=\"https:\/\/gerajeune.com\/ar\/product\/ecran-solaire-teinte-age-deffense\/\" \/>\n<meta property=\"og:site_name\" content=\"gerajeune\" \/>\n<meta property=\"article:publisher\" content=\"https:\/\/www.facebook.com\/gerajeune\" \/>\n<meta property=\"article:modified_time\" content=\"2025-05-12T09:52:33+00:00\" \/>\n<meta property=\"og:image\" content=\"https:\/\/gerajeune.com\/wp-content\/uploads\/2024\/02\/Soins_Solaire_Tainte_New.webp\" \/>\n\t<meta property=\"og:image:width\" content=\"1080\" \/>\n\t<meta property=\"og:image:height\" content=\"1080\" \/>\n\t<meta property=\"og:image:type\" content=\"image\/webp\" \/>\n<meta name=\"twitter:card\" content=\"summary_large_image\" \/>\n<meta name=\"twitter:label1\" content=\"\u0648\u0642\u062a \u0627\u0644\u0642\u0631\u0627\u0621\u0629 \u0627\u0644\u0645\u064f\u0642\u062f\u0651\u0631\" \/>\n\t<meta name=\"twitter:data1\" content=\"\u062f\u0642\u064a\u0642\u062a\u0627\u0646\" \/>\n<script type=\"application\/ld+json\" class=\"yoast-schema-graph\">{\"@context\":\"https:\/\/schema.org\",\"@graph\":[{\"@type\":\"WebPage\",\"@id\":\"https:\/\/gerajeune.com\/produit\/ecran-solaire-teinte-age-deffense\/\",\"url\":\"https:\/\/gerajeune.com\/produit\/ecran-solaire-teinte-age-deffense\/\",\"name\":\"Soin Solaire Teint\u00e9 - gerajeune\",\"isPartOf\":{\"@id\":\"https:\/\/gerajeune.com\/#website\"},\"primaryImageOfPage\":{\"@id\":\"https:\/\/gerajeune.com\/produit\/ecran-solaire-teinte-age-deffense\/#primaryimage\"},\"image\":{\"@id\":\"https:\/\/gerajeune.com\/produit\/ecran-solaire-teinte-age-deffense\/#primaryimage\"},\"thumbnailUrl\":\"https:\/\/gerajeune.com\/wp-content\/uploads\/2024\/02\/Soins_Solaire_Tainte_New.webp\",\"datePublished\":\"2024-02-29T15:00:58+00:00\",\"dateModified\":\"2025-05-12T09:52:33+00:00\",\"description\":\"Soin solaire Teint\u00e9 ,NATUREL, Eclaircissant , \u00e0 filtre min\u00e9ral pour peaux sensibles . SPF 50 , r\u00e9sistant a l'eau et non gras. Anti acn\u00e9 , Anti rides.\",\"breadcrumb\":{\"@id\":\"https:\/\/gerajeune.com\/produit\/ecran-solaire-teinte-age-deffense\/#breadcrumb\"},\"inLanguage\":\"ar\",\"potentialAction\":[{\"@type\":\"ReadAction\",\"target\":[\"https:\/\/gerajeune.com\/produit\/ecran-solaire-teinte-age-deffense\/\"]}]},{\"@type\":\"ImageObject\",\"inLanguage\":\"ar\",\"@id\":\"https:\/\/gerajeune.com\/produit\/ecran-solaire-teinte-age-deffense\/#primaryimage\",\"url\":\"https:\/\/gerajeune.com\/wp-content\/uploads\/2024\/02\/Soins_Solaire_Tainte_New.webp\",\"contentUrl\":\"https:\/\/gerajeune.com\/wp-content\/uploads\/2024\/02\/Soins_Solaire_Tainte_New.webp\",\"width\":1080,\"height\":1080},{\"@type\":\"BreadcrumbList\",\"@id\":\"https:\/\/gerajeune.com\/produit\/ecran-solaire-teinte-age-deffense\/#breadcrumb\",\"itemListElement\":[{\"@type\":\"ListItem\",\"position\":1,\"name\":\"Accueil\",\"item\":\"https:\/\/gerajeune.com\/\"},{\"@type\":\"ListItem\",\"position\":2,\"name\":\"Produits\",\"item\":\"https:\/\/gerajeune.com\/__trashed-6\/\"},{\"@type\":\"ListItem\",\"position\":3,\"name\":\"Soin Solaire Teint\u00e9\"}]},{\"@type\":\"WebSite\",\"@id\":\"https:\/\/gerajeune.com\/#website\",\"url\":\"https:\/\/gerajeune.com\/\",\"name\":\"gerajeune\",\"description\":\"Naturellement belle, visiblement jeune\",\"publisher\":{\"@id\":\"https:\/\/gerajeune.com\/#organization\"},\"potentialAction\":[{\"@type\":\"SearchAction\",\"target\":{\"@type\":\"EntryPoint\",\"urlTemplate\":\"https:\/\/gerajeune.com\/?s={search_term_string}\"},\"query-input\":{\"@type\":\"PropertyValueSpecification\",\"valueRequired\":true,\"valueName\":\"search_term_string\"}}],\"inLanguage\":\"ar\"},{\"@type\":\"Organization\",\"@id\":\"https:\/\/gerajeune.com\/#organization\",\"name\":\"gerajeune\",\"url\":\"https:\/\/gerajeune.com\/\",\"logo\":{\"@type\":\"ImageObject\",\"inLanguage\":\"ar\",\"@id\":\"https:\/\/gerajeune.com\/#\/schema\/logo\/image\/\",\"url\":\"http:\/\/gerajeune.com\/wp-content\/uploads\/2021\/12\/cropped-logo-modifier-1-e1645608409226.png\",\"contentUrl\":\"http:\/\/gerajeune.com\/wp-content\/uploads\/2021\/12\/cropped-logo-modifier-1-e1645608409226.png\",\"width\":250,\"height\":120,\"caption\":\"gerajeune\"},\"image\":{\"@id\":\"https:\/\/gerajeune.com\/#\/schema\/logo\/image\/\"},\"sameAs\":[\"https:\/\/www.facebook.com\/gerajeune\",\"https:\/\/www.instagram.com\/gerajeune\/reels\/?hl=fr\"]}]}<\/script>\n<!-- \/ Yoast SEO plugin. -->","yoast_head_json":{"title":"Soin Solaire Teint\u00e9 - gerajeune","description":"Soin solaire Teint\u00e9 ,NATUREL, Eclaircissant , \u00e0 filtre min\u00e9ral pour peaux sensibles . SPF 50 , r\u00e9sistant a l'eau et non gras. Anti acn\u00e9 , Anti rides.","robots":{"index":"index","follow":"follow","max-snippet":"max-snippet:-1","max-image-preview":"max-image-preview:large","max-video-preview":"max-video-preview:-1"},"canonical":"https:\/\/gerajeune.com\/ar\/product\/ecran-solaire-teinte-age-deffense\/","og_locale":"ar_AR","og_type":"article","og_title":"Soin Solaire Teint\u00e9 - gerajeune","og_description":"Soin solaire Teint\u00e9 ,NATUREL, Eclaircissant , \u00e0 filtre min\u00e9ral pour peaux sensibles . SPF 50 , r\u00e9sistant a l'eau et non gras. Anti acn\u00e9 , Anti rides.","og_url":"https:\/\/gerajeune.com\/ar\/product\/ecran-solaire-teinte-age-deffense\/","og_site_name":"gerajeune","article_publisher":"https:\/\/www.facebook.com\/gerajeune","article_modified_time":"2025-05-12T09:52:33+00:00","og_image":[{"width":1080,"height":1080,"url":"https:\/\/gerajeune.com\/wp-content\/uploads\/2024\/02\/Soins_Solaire_Tainte_New.webp","type":"image\/webp"}],"twitter_card":"summary_large_image","twitter_misc":{"\u0648\u0642\u062a \u0627\u0644\u0642\u0631\u0627\u0621\u0629 \u0627\u0644\u0645\u064f\u0642\u062f\u0651\u0631":"\u062f\u0642\u064a\u0642\u062a\u0627\u0646"},"schema":{"@context":"https:\/\/schema.org","@graph":[{"@type":"WebPage","@id":"https:\/\/gerajeune.com\/produit\/ecran-solaire-teinte-age-deffense\/","url":"https:\/\/gerajeune.com\/produit\/ecran-solaire-teinte-age-deffense\/","name":"Soin Solaire Teint\u00e9 - gerajeune","isPartOf":{"@id":"https:\/\/gerajeune.com\/#website"},"primaryImageOfPage":{"@id":"https:\/\/gerajeune.com\/produit\/ecran-solaire-teinte-age-deffense\/#primaryimage"},"image":{"@id":"https:\/\/gerajeune.com\/produit\/ecran-solaire-teinte-age-deffense\/#primaryimage"},"thumbnailUrl":"https:\/\/gerajeune.com\/wp-content\/uploads\/2024\/02\/Soins_Solaire_Tainte_New.webp","datePublished":"2024-02-29T15:00:58+00:00","dateModified":"2025-05-12T09:52:33+00:00","description":"Soin solaire Teint\u00e9 ,NATUREL, Eclaircissant , \u00e0 filtre min\u00e9ral pour peaux sensibles . SPF 50 , r\u00e9sistant a l'eau et non gras. Anti acn\u00e9 , Anti rides.","breadcrumb":{"@id":"https:\/\/gerajeune.com\/produit\/ecran-solaire-teinte-age-deffense\/#breadcrumb"},"inLanguage":"ar","potentialAction":[{"@type":"ReadAction","target":["https:\/\/gerajeune.com\/produit\/ecran-solaire-teinte-age-deffense\/"]}]},{"@type":"ImageObject","inLanguage":"ar","@id":"https:\/\/gerajeune.com\/produit\/ecran-solaire-teinte-age-deffense\/#primaryimage","url":"https:\/\/gerajeune.com\/wp-content\/uploads\/2024\/02\/Soins_Solaire_Tainte_New.webp","contentUrl":"https:\/\/gerajeune.com\/wp-content\/uploads\/2024\/02\/Soins_Solaire_Tainte_New.webp","width":1080,"height":1080},{"@type":"BreadcrumbList","@id":"https:\/\/gerajeune.com\/produit\/ecran-solaire-teinte-age-deffense\/#breadcrumb","itemListElement":[{"@type":"ListItem","position":1,"name":"Accueil","item":"https:\/\/gerajeune.com\/"},{"@type":"ListItem","position":2,"name":"Produits","item":"https:\/\/gerajeune.com\/__trashed-6\/"},{"@type":"ListItem","position":3,"name":"Soin Solaire Teint\u00e9"}]},{"@type":"WebSite","@id":"https:\/\/gerajeune.com\/#website","url":"https:\/\/gerajeune.com\/","name":"com.gerayoung","description":"\u062c\u0645\u064a\u0644\u0629 \u0628\u0634\u0643\u0644 \u0637\u0628\u064a\u0639\u064a\u060c \u0634\u0627\u0628\u0629 \u0628\u0634\u0643\u0644 \u0648\u0627\u0636\u062d","publisher":{"@id":"https:\/\/gerajeune.com\/#organization"},"potentialAction":[{"@type":"SearchAction","target":{"@type":"EntryPoint","urlTemplate":"https:\/\/gerajeune.com\/?s={search_term_string}"},"query-input":{"@type":"PropertyValueSpecification","valueRequired":true,"valueName":"search_term_string"}}],"inLanguage":"ar"},{"@type":"Organization","@id":"https:\/\/gerajeune.com\/#organization","name":"com.gerayoung","url":"https:\/\/gerajeune.com\/","logo":{"@type":"ImageObject","inLanguage":"ar","@id":"https:\/\/gerajeune.com\/#\/schema\/logo\/image\/","url":"http:\/\/gerajeune.com\/wp-content\/uploads\/2021\/12\/cropped-logo-modifier-1-e1645608409226.png","contentUrl":"http:\/\/gerajeune.com\/wp-content\/uploads\/2021\/12\/cropped-logo-modifier-1-e1645608409226.png","width":250,"height":120,"caption":"gerajeune"},"image":{"@id":"https:\/\/gerajeune.com\/#\/schema\/logo\/image\/"},"sameAs":["https:\/\/www.facebook.com\/gerajeune","https:\/\/www.instagram.com\/gerajeune\/reels\/?hl=fr"]}]}},"jetpack_sharing_enabled":true,"_links":{"self":[{"href":"https:\/\/gerajeune.com\/ar\/wp-json\/wp\/v2\/product\/6805","targetHints":{"allow":["GET"]}}],"collection":[{"href":"https:\/\/gerajeune.com\/ar\/wp-json\/wp\/v2\/product"}],"about":[{"href":"https:\/\/gerajeune.com\/ar\/wp-json\/wp\/v2\/types\/product"}],"replies":[{"embeddable":true,"href":"https:\/\/gerajeune.com\/ar\/wp-json\/wp\/v2\/comments?post=6805"}],"version-history":[{"count":7,"href":"https:\/\/gerajeune.com\/ar\/wp-json\/wp\/v2\/product\/6805\/revisions"}],"predecessor-version":[{"id":7048,"href":"https:\/\/gerajeune.com\/ar\/wp-json\/wp\/v2\/product\/6805\/revisions\/7048"}],"wp:featuredmedia":[{"embeddable":true,"href":"https:\/\/gerajeune.com\/ar\/wp-json\/wp\/v2\/media\/14270"}],"wp:attachment":[{"href":"https:\/\/gerajeune.com\/ar\/wp-json\/wp\/v2\/media?parent=6805"}],"wp:term":[{"taxonomy":"product_brand","embeddable":true,"href":"https:\/\/gerajeune.com\/ar\/wp-json\/wp\/v2\/product_brand?post=6805"},{"taxonomy":"product_cat","embeddable":true,"href":"https:\/\/gerajeune.com\/ar\/wp-json\/wp\/v2\/product_cat?post=6805"},{"taxonomy":"product_tag","embeddable":true,"href":"https:\/\/gerajeune.com\/ar\/wp-json\/wp\/v2\/product_tag?post=6805"}],"curies":[{"name":"wp","href":"https:\/\/api.w.org\/{rel}","templated":true}]}}