{"id":6832,"date":"2024-03-01T17:34:44","date_gmt":"2024-03-01T16:34:44","guid":{"rendered":"http:\/\/gerajeune.com\/?post_type=product&#038;p=6832"},"modified":"2025-04-03T16:48:51","modified_gmt":"2025-04-03T15:48:51","slug":"lotion-parfumee-jardin-secret","status":"publish","type":"product","link":"https:\/\/gerajeune.com\/ar\/product\/lotion-parfumee-jardin-secret\/","title":{"rendered":"Lotion Jardin Secret"},"content":{"rendered":"<p>\u064a\u0633\u062a\u0647\u062f\u0641 \u0647\u0630\u0627 \u0627\u0644\u0645\u0633\u062a\u062d\u0636\u0631 \u0623\u064a \u0634\u062e\u0635 \u064a\u0631\u063a\u0628 \u0641\u064a \u062a\u063a\u0630\u064a\u0629 \u0628\u0634\u0631\u062a\u0647 \u0628\u0639\u0645\u0642 \u0645\u0639 \u062a\u0639\u0637\u064a\u0631\u0647\u0627 \u0628\u0631\u0648\u0627\u0626\u062d \u0637\u0628\u064a\u0639\u064a\u0629 \u0648\u0645\u0647\u062f\u0626\u0629. \u0625\u0646\u0647 \u0645\u0646\u0627\u0633\u0628 \u0628\u0634\u0643\u0644 \u062e\u0627\u0635 \u0644\u0623\u0648\u0644\u0626\u0643 \u0627\u0644\u0630\u064a\u0646 \u0644\u062f\u064a\u0647\u0645 \u0628\u0634\u0631\u0629 \u062c\u0627\u0641\u0629 \u0623\u0648 \u062d\u0633\u0627\u0633\u0629 \u0623\u0648 \u0645\u062a\u0647\u064a\u062c\u0629 \u0648\u0627\u0644\u0630\u064a\u0646 \u064a\u0628\u062d\u062b\u0648\u0646 \u0639\u0646 \u062d\u0644 \u0644\u0627\u0633\u062a\u0639\u0627\u062f\u0629 \u0628\u0634\u0631\u0629 \u0646\u0627\u0639\u0645\u0629 \u0648\u0646\u0636\u0631\u0629.<\/p>\n<p>\u0644\u0645\u0627\u0630\u0627 \u0646\u062d\u062a\u0627\u062c \u0625\u0644\u0649 \u062a\u0637\u0628\u064a\u0642 \u0627\u0644\u0645\u0633\u062a\u062d\u0636\u0631 \u0639\u0644\u0649 \u0627\u0644\u062c\u0633\u0645\u061f \u0643\u064a\u0641 \u0646\u0646\u0647\u064a \u0627\u0644\u062c\u0641\u0627\u0641 \u0648\u0627\u0644\u0627\u0646\u0632\u0639\u0627\u062c \u0627\u0644\u062c\u0644\u062f\u064a \u0641\u064a \u0623\u062c\u0633\u0627\u0645\u0646\u0627\u061f<\/p>\n<p>\u0627\u0644\u062a\u0631\u0637\u064a\u0628 \u0627\u0644\u0645\u0643\u062b\u0641: \u0627\u0644\u0645\u0643\u0648\u0646\u0627\u062a \u0645\u062b\u0644 \u0627\u0644\u0644\u0648\u0632 \u0645\u0639\u0631\u0648\u0641\u0629 \u0628\u062e\u0635\u0627\u0626\u0635\u0647\u0627 \u0627\u0644\u0645\u063a\u0630\u064a\u0629 \u0627\u0644\u062a\u064a \u062a\u0633\u0627\u0639\u062f \u0639\u0644\u0649 \u062a\u0647\u062f\u0626\u0629 \u0648\u062a\u0646\u0639\u064a\u0645 \u0627\u0644\u0628\u0634\u0631\u0629.<br \/>\n\u0639\u0637\u0631 \u0637\u0628\u064a\u0639\u064a \u0648\u0645\u0647\u062f\u0626: \u064a\u0642\u062f\u0645 \u0627\u0644\u0644\u0628\u0627\u0646 \u0648\u0625\u0628\u0631\u0629 \u0627\u0644\u0631\u0627\u0639\u064a \u0631\u0627\u0626\u062d\u0629 \u0631\u0642\u064a\u0642\u0629 \u062a\u0648\u0641\u0631 \u0634\u0639\u0648\u0631\u064b\u0627 \u0628\u0627\u0644\u0631\u0641\u0627\u0647\u064a\u0629 \u0637\u0648\u0627\u0644 \u0627\u0644\u064a\u0648\u0645.<br \/>\n\u062a\u0631\u0643\u064a\u0628\u0629 \u0637\u0628\u064a\u0639\u064a\u0629: \u062a\u0645 \u062a\u0635\u0645\u064a\u0645 \u0647\u0630\u0627 \u0627\u0644\u0645\u0633\u062a\u062d\u0636\u0631 \u0628\u062f\u0648\u0646 \u0645\u0643\u0648\u0646\u0627\u062a \u0643\u064a\u0645\u064a\u0627\u0626\u064a\u0629 \u0642\u0627\u0633\u064a\u0629\u060c \u0648\u0647\u0648 \u0645\u062b\u0627\u0644\u064a \u0644\u0623\u0648\u0644\u0626\u0643 \u0627\u0644\u0630\u064a\u0646 \u064a\u0641\u0636\u0644\u0648\u0646 \u0645\u0646\u062a\u062c\u0627\u062a \u0627\u0644\u0639\u0646\u0627\u064a\u0629 \u0628\u0627\u0644\u0628\u0634\u0631\u0629 \u0627\u0644\u062a\u064a \u062a\u062d\u062a\u0631\u0645 \u0628\u0634\u0631\u062a\u0647\u0645.<br \/>\n\u0627\u0644\u0646\u062a\u0627\u0626\u062c \u0627\u0644\u0645\u062a\u0648\u0642\u0639\u0629:<\/p>\n<p>\u0639\u0644\u0649 \u0627\u0644\u0641\u0648\u0631: \u062a\u0635\u0628\u062d \u0627\u0644\u0628\u0634\u0631\u0629 \u0623\u0643\u062b\u0631 \u0646\u0639\u0648\u0645\u0629 \u0648\u0631\u0637\u0648\u0628\u0629 \u0648\u0631\u0627\u0626\u062d\u0629 \u0631\u0642\u064a\u0642\u0629 \u0639\u0644\u0649 \u0627\u0644\u0641\u0648\u0631.<br \/>\n\u062e\u0644\u0627\u0644 \u0623\u0633\u0628\u0648\u0639 \u0648\u0627\u062d\u062f: \u062a\u062d\u0633\u0646 \u0645\u0644\u062d\u0648\u0638 \u0641\u064a \u0645\u0631\u0648\u0646\u0629 \u0627\u0644\u062c\u0644\u062f \u0648\u0645\u0644\u0645\u0633\u0647\u060c \u062d\u064a\u062b \u064a\u0635\u0628\u062d \u0623\u0643\u062b\u0631 \u0644\u064a\u0648\u0646\u0629 \u0648\u062a\u063a\u0630\u064a\u0629 \u0639\u0645\u064a\u0642\u0629\u060c \u0645\u0639 \u0627\u0646\u062e\u0641\u0627\u0636 \u0641\u064a \u0627\u0644\u0645\u0646\u0627\u0637\u0642 \u0627\u0644\u062c\u0627\u0641\u0629 \u0648\u0627\u0644\u062e\u0634\u0646\u0629.<\/p>","protected":false},"excerpt":{"rendered":"<p>Pour une peau douce, hydrat\u00e9e et subtilement parfum\u00e9e.<\/p>","protected":false},"featured_media":13751,"comment_status":"open","ping_status":"closed","template":"","meta":{"_monsterinsights_skip_tracking":false,"_monsterinsights_sitenote_active":false,"_monsterinsights_sitenote_note":"","_monsterinsights_sitenote_category":0,"ocean_post_layout":"","ocean_both_sidebars_style":"","ocean_both_sidebars_content_width":0,"ocean_both_sidebars_sidebars_width":0,"ocean_sidebar":"0","ocean_second_sidebar":"0","ocean_disable_margins":"enable","ocean_add_body_class":"","ocean_shortcode_before_top_bar":"","ocean_shortcode_after_top_bar":"","ocean_shortcode_before_header":"","ocean_shortcode_after_header":"","ocean_has_shortcode":"","ocean_shortcode_after_title":"","ocean_shortcode_before_footer_widgets":"","ocean_shortcode_after_footer_widgets":"","ocean_shortcode_before_footer_bottom":"","ocean_shortcode_after_footer_bottom":"","ocean_display_top_bar":"default","ocean_display_header":"default","ocean_header_style":"","ocean_center_header_left_menu":"0","ocean_custom_header_template":"0","ocean_custom_logo":0,"ocean_custom_retina_logo":0,"ocean_custom_logo_max_width":0,"ocean_custom_logo_tablet_max_width":0,"ocean_custom_logo_mobile_max_width":0,"ocean_custom_logo_max_height":0,"ocean_custom_logo_tablet_max_height":0,"ocean_custom_logo_mobile_max_height":0,"ocean_header_custom_menu":"0","ocean_menu_typo_font_family":"0","ocean_menu_typo_font_subset":"","ocean_menu_typo_font_size":0,"ocean_menu_typo_font_size_tablet":0,"ocean_menu_typo_font_size_mobile":0,"ocean_menu_typo_font_size_unit":"px","ocean_menu_typo_font_weight":"","ocean_menu_typo_font_weight_tablet":"","ocean_menu_typo_font_weight_mobile":"","ocean_menu_typo_transform":"","ocean_menu_typo_transform_tablet":"","ocean_menu_typo_transform_mobile":"","ocean_menu_typo_line_height":0,"ocean_menu_typo_line_height_tablet":0,"ocean_menu_typo_line_height_mobile":0,"ocean_menu_typo_line_height_unit":"","ocean_menu_typo_spacing":0,"ocean_menu_typo_spacing_tablet":0,"ocean_menu_typo_spacing_mobile":0,"ocean_menu_typo_spacing_unit":"","ocean_menu_link_color":"","ocean_menu_link_color_hover":"","ocean_menu_link_color_active":"","ocean_menu_link_background":"","ocean_menu_link_hover_background":"","ocean_menu_link_active_background":"","ocean_menu_social_links_bg":"","ocean_menu_social_hover_links_bg":"","ocean_menu_social_links_color":"","ocean_menu_social_hover_links_color":"","ocean_disable_title":"default","ocean_disable_heading":"default","ocean_post_title":"","ocean_post_subheading":"","ocean_post_title_style":"","ocean_post_title_background_color":"","ocean_post_title_background":0,"ocean_post_title_bg_image_position":"","ocean_post_title_bg_image_attachment":"","ocean_post_title_bg_image_repeat":"","ocean_post_title_bg_image_size":"","ocean_post_title_height":0,"ocean_post_title_bg_overlay":0.5,"ocean_post_title_bg_overlay_color":"","ocean_disable_breadcrumbs":"default","ocean_breadcrumbs_color":"","ocean_breadcrumbs_separator_color":"","ocean_breadcrumbs_links_color":"","ocean_breadcrumbs_links_hover_color":"","ocean_display_footer_widgets":"default","ocean_display_footer_bottom":"default","ocean_custom_footer_template":"0","omw_enable_modal_window":"enable"},"product_brand":[],"product_cat":[157],"product_tag":[],"class_list":{"0":"post-6832","1":"product","2":"type-product","3":"status-publish","4":"has-post-thumbnail","6":"product_cat-soin-corps","8":"entry","9":"has-media","11":"first","12":"instock","13":"taxable","14":"shipping-taxable","15":"purchasable","16":"product-type-simple","17":"col","18":"span_1_of_3","19":"owp-content-center","20":"owp-thumbs-layout-horizontal","21":"owp-btn-normal","22":"owp-tabs-layout-horizontal","23":"has-no-thumbnails"},"yoast_head":"<!-- This site is optimized with the Yoast SEO plugin v27.0 - https:\/\/yoast.com\/product\/yoast-seo-wordpress\/ -->\n<title>Lotion Jardin Secret - gerajeune<\/title>\n<meta name=\"description\" content=\"D\u00e9couvrez notre lait corps nourrissant \u00e0 l&#039;amande, oliban et g\u00e9ranium. Formule \u00e0 base d&#039;ingr\u00e9dients naturels, il hydrate et parfume la peau. Offrez \u00e0 votre peau un soin luxueux qui laisse une sensation douce et apaisante. Parfait pour une hydratation quotidienne et un moment de bien-\u00eatre.\" \/>\n<meta name=\"robots\" content=\"index, follow, max-snippet:-1, max-image-preview:large, max-video-preview:-1\" \/>\n<link rel=\"canonical\" href=\"https:\/\/gerajeune.com\/ar\/product\/lotion-parfumee-jardin-secret\/\" \/>\n<meta property=\"og:locale\" content=\"ar_AR\" \/>\n<meta property=\"og:type\" content=\"article\" \/>\n<meta property=\"og:title\" content=\"Lotion Jardin Secret - gerajeune\" \/>\n<meta property=\"og:description\" content=\"D\u00e9couvrez notre lait corps nourrissant \u00e0 l&#039;amande, oliban et g\u00e9ranium. Formule \u00e0 base d&#039;ingr\u00e9dients naturels, il hydrate et parfume la peau. Offrez \u00e0 votre peau un soin luxueux qui laisse une sensation douce et apaisante. Parfait pour une hydratation quotidienne et un moment de bien-\u00eatre.\" \/>\n<meta property=\"og:url\" content=\"https:\/\/gerajeune.com\/ar\/product\/lotion-parfumee-jardin-secret\/\" \/>\n<meta property=\"og:site_name\" content=\"gerajeune\" \/>\n<meta property=\"article:publisher\" content=\"https:\/\/www.facebook.com\/gerajeune\" \/>\n<meta property=\"article:modified_time\" content=\"2025-04-03T15:48:51+00:00\" \/>\n<meta property=\"og:image\" content=\"https:\/\/gerajeune.com\/wp-content\/uploads\/2024\/06\/Lotion_Parfume_Jardin_Secret_New.webp\" \/>\n\t<meta property=\"og:image:width\" content=\"1080\" \/>\n\t<meta property=\"og:image:height\" content=\"1080\" \/>\n\t<meta property=\"og:image:type\" content=\"image\/webp\" \/>\n<meta name=\"twitter:card\" content=\"summary_large_image\" \/>\n<meta name=\"twitter:label1\" content=\"\u0648\u0642\u062a \u0627\u0644\u0642\u0631\u0627\u0621\u0629 \u0627\u0644\u0645\u064f\u0642\u062f\u0651\u0631\" \/>\n\t<meta name=\"twitter:data1\" content=\"\u062f\u0642\u064a\u0642\u0629 \u0648\u0627\u062d\u062f\u0629\" \/>\n<script type=\"application\/ld+json\" class=\"yoast-schema-graph\">{\"@context\":\"https:\/\/schema.org\",\"@graph\":[{\"@type\":\"WebPage\",\"@id\":\"https:\/\/gerajeune.com\/produit\/lotion-parfumee-jardin-secret\/\",\"url\":\"https:\/\/gerajeune.com\/produit\/lotion-parfumee-jardin-secret\/\",\"name\":\"Lotion Jardin Secret - gerajeune\",\"isPartOf\":{\"@id\":\"https:\/\/gerajeune.com\/#website\"},\"primaryImageOfPage\":{\"@id\":\"https:\/\/gerajeune.com\/produit\/lotion-parfumee-jardin-secret\/#primaryimage\"},\"image\":{\"@id\":\"https:\/\/gerajeune.com\/produit\/lotion-parfumee-jardin-secret\/#primaryimage\"},\"thumbnailUrl\":\"https:\/\/gerajeune.com\/wp-content\/uploads\/2024\/06\/Lotion_Parfume_Jardin_Secret_New.webp\",\"datePublished\":\"2024-03-01T16:34:44+00:00\",\"dateModified\":\"2025-04-03T15:48:51+00:00\",\"description\":\"D\u00e9couvrez notre lait corps nourrissant \u00e0 l'amande, oliban et g\u00e9ranium. Formule \u00e0 base d'ingr\u00e9dients naturels, il hydrate et parfume la peau. Offrez \u00e0 votre peau un soin luxueux qui laisse une sensation douce et apaisante. Parfait pour une hydratation quotidienne et un moment de bien-\u00eatre.\",\"breadcrumb\":{\"@id\":\"https:\/\/gerajeune.com\/produit\/lotion-parfumee-jardin-secret\/#breadcrumb\"},\"inLanguage\":\"ar\",\"potentialAction\":[{\"@type\":\"ReadAction\",\"target\":[\"https:\/\/gerajeune.com\/produit\/lotion-parfumee-jardin-secret\/\"]}]},{\"@type\":\"ImageObject\",\"inLanguage\":\"ar\",\"@id\":\"https:\/\/gerajeune.com\/produit\/lotion-parfumee-jardin-secret\/#primaryimage\",\"url\":\"https:\/\/gerajeune.com\/wp-content\/uploads\/2024\/06\/Lotion_Parfume_Jardin_Secret_New.webp\",\"contentUrl\":\"https:\/\/gerajeune.com\/wp-content\/uploads\/2024\/06\/Lotion_Parfume_Jardin_Secret_New.webp\",\"width\":1080,\"height\":1080},{\"@type\":\"BreadcrumbList\",\"@id\":\"https:\/\/gerajeune.com\/produit\/lotion-parfumee-jardin-secret\/#breadcrumb\",\"itemListElement\":[{\"@type\":\"ListItem\",\"position\":1,\"name\":\"Accueil\",\"item\":\"https:\/\/gerajeune.com\/\"},{\"@type\":\"ListItem\",\"position\":2,\"name\":\"Produits\",\"item\":\"https:\/\/gerajeune.com\/__trashed-6\/\"},{\"@type\":\"ListItem\",\"position\":3,\"name\":\"Lotion Jardin Secret\"}]},{\"@type\":\"WebSite\",\"@id\":\"https:\/\/gerajeune.com\/#website\",\"url\":\"https:\/\/gerajeune.com\/\",\"name\":\"gerajeune\",\"description\":\"Naturellement belle, visiblement jeune\",\"publisher\":{\"@id\":\"https:\/\/gerajeune.com\/#organization\"},\"potentialAction\":[{\"@type\":\"SearchAction\",\"target\":{\"@type\":\"EntryPoint\",\"urlTemplate\":\"https:\/\/gerajeune.com\/?s={search_term_string}\"},\"query-input\":{\"@type\":\"PropertyValueSpecification\",\"valueRequired\":true,\"valueName\":\"search_term_string\"}}],\"inLanguage\":\"ar\"},{\"@type\":\"Organization\",\"@id\":\"https:\/\/gerajeune.com\/#organization\",\"name\":\"gerajeune\",\"url\":\"https:\/\/gerajeune.com\/\",\"logo\":{\"@type\":\"ImageObject\",\"inLanguage\":\"ar\",\"@id\":\"https:\/\/gerajeune.com\/#\/schema\/logo\/image\/\",\"url\":\"http:\/\/gerajeune.com\/wp-content\/uploads\/2021\/12\/cropped-logo-modifier-1-e1645608409226.png\",\"contentUrl\":\"http:\/\/gerajeune.com\/wp-content\/uploads\/2021\/12\/cropped-logo-modifier-1-e1645608409226.png\",\"width\":250,\"height\":120,\"caption\":\"gerajeune\"},\"image\":{\"@id\":\"https:\/\/gerajeune.com\/#\/schema\/logo\/image\/\"},\"sameAs\":[\"https:\/\/www.facebook.com\/gerajeune\",\"https:\/\/www.instagram.com\/gerajeune\/reels\/?hl=fr\"]}]}<\/script>\n<!-- \/ Yoast SEO plugin. -->","yoast_head_json":{"title":"Lotion Jardin Secret - gerajeune","description":"D\u00e9couvrez notre lait corps nourrissant \u00e0 l'amande, oliban et g\u00e9ranium. Formule \u00e0 base d'ingr\u00e9dients naturels, il hydrate et parfume la peau. Offrez \u00e0 votre peau un soin luxueux qui laisse une sensation douce et apaisante. Parfait pour une hydratation quotidienne et un moment de bien-\u00eatre.","robots":{"index":"index","follow":"follow","max-snippet":"max-snippet:-1","max-image-preview":"max-image-preview:large","max-video-preview":"max-video-preview:-1"},"canonical":"https:\/\/gerajeune.com\/ar\/product\/lotion-parfumee-jardin-secret\/","og_locale":"ar_AR","og_type":"article","og_title":"Lotion Jardin Secret - gerajeune","og_description":"D\u00e9couvrez notre lait corps nourrissant \u00e0 l'amande, oliban et g\u00e9ranium. Formule \u00e0 base d'ingr\u00e9dients naturels, il hydrate et parfume la peau. Offrez \u00e0 votre peau un soin luxueux qui laisse une sensation douce et apaisante. Parfait pour une hydratation quotidienne et un moment de bien-\u00eatre.","og_url":"https:\/\/gerajeune.com\/ar\/product\/lotion-parfumee-jardin-secret\/","og_site_name":"gerajeune","article_publisher":"https:\/\/www.facebook.com\/gerajeune","article_modified_time":"2025-04-03T15:48:51+00:00","og_image":[{"width":1080,"height":1080,"url":"https:\/\/gerajeune.com\/wp-content\/uploads\/2024\/06\/Lotion_Parfume_Jardin_Secret_New.webp","type":"image\/webp"}],"twitter_card":"summary_large_image","twitter_misc":{"\u0648\u0642\u062a \u0627\u0644\u0642\u0631\u0627\u0621\u0629 \u0627\u0644\u0645\u064f\u0642\u062f\u0651\u0631":"\u062f\u0642\u064a\u0642\u0629 \u0648\u0627\u062d\u062f\u0629"},"schema":{"@context":"https:\/\/schema.org","@graph":[{"@type":"WebPage","@id":"https:\/\/gerajeune.com\/produit\/lotion-parfumee-jardin-secret\/","url":"https:\/\/gerajeune.com\/produit\/lotion-parfumee-jardin-secret\/","name":"Lotion Jardin Secret - gerajeune","isPartOf":{"@id":"https:\/\/gerajeune.com\/#website"},"primaryImageOfPage":{"@id":"https:\/\/gerajeune.com\/produit\/lotion-parfumee-jardin-secret\/#primaryimage"},"image":{"@id":"https:\/\/gerajeune.com\/produit\/lotion-parfumee-jardin-secret\/#primaryimage"},"thumbnailUrl":"https:\/\/gerajeune.com\/wp-content\/uploads\/2024\/06\/Lotion_Parfume_Jardin_Secret_New.webp","datePublished":"2024-03-01T16:34:44+00:00","dateModified":"2025-04-03T15:48:51+00:00","description":"D\u00e9couvrez notre lait corps nourrissant \u00e0 l'amande, oliban et g\u00e9ranium. Formule \u00e0 base d'ingr\u00e9dients naturels, il hydrate et parfume la peau. Offrez \u00e0 votre peau un soin luxueux qui laisse une sensation douce et apaisante. Parfait pour une hydratation quotidienne et un moment de bien-\u00eatre.","breadcrumb":{"@id":"https:\/\/gerajeune.com\/produit\/lotion-parfumee-jardin-secret\/#breadcrumb"},"inLanguage":"ar","potentialAction":[{"@type":"ReadAction","target":["https:\/\/gerajeune.com\/produit\/lotion-parfumee-jardin-secret\/"]}]},{"@type":"ImageObject","inLanguage":"ar","@id":"https:\/\/gerajeune.com\/produit\/lotion-parfumee-jardin-secret\/#primaryimage","url":"https:\/\/gerajeune.com\/wp-content\/uploads\/2024\/06\/Lotion_Parfume_Jardin_Secret_New.webp","contentUrl":"https:\/\/gerajeune.com\/wp-content\/uploads\/2024\/06\/Lotion_Parfume_Jardin_Secret_New.webp","width":1080,"height":1080},{"@type":"BreadcrumbList","@id":"https:\/\/gerajeune.com\/produit\/lotion-parfumee-jardin-secret\/#breadcrumb","itemListElement":[{"@type":"ListItem","position":1,"name":"Accueil","item":"https:\/\/gerajeune.com\/"},{"@type":"ListItem","position":2,"name":"Produits","item":"https:\/\/gerajeune.com\/__trashed-6\/"},{"@type":"ListItem","position":3,"name":"Lotion Jardin Secret"}]},{"@type":"WebSite","@id":"https:\/\/gerajeune.com\/#website","url":"https:\/\/gerajeune.com\/","name":"com.gerayoung","description":"\u062c\u0645\u064a\u0644\u0629 \u0628\u0634\u0643\u0644 \u0637\u0628\u064a\u0639\u064a\u060c \u0634\u0627\u0628\u0629 \u0628\u0634\u0643\u0644 \u0648\u0627\u0636\u062d","publisher":{"@id":"https:\/\/gerajeune.com\/#organization"},"potentialAction":[{"@type":"SearchAction","target":{"@type":"EntryPoint","urlTemplate":"https:\/\/gerajeune.com\/?s={search_term_string}"},"query-input":{"@type":"PropertyValueSpecification","valueRequired":true,"valueName":"search_term_string"}}],"inLanguage":"ar"},{"@type":"Organization","@id":"https:\/\/gerajeune.com\/#organization","name":"com.gerayoung","url":"https:\/\/gerajeune.com\/","logo":{"@type":"ImageObject","inLanguage":"ar","@id":"https:\/\/gerajeune.com\/#\/schema\/logo\/image\/","url":"http:\/\/gerajeune.com\/wp-content\/uploads\/2021\/12\/cropped-logo-modifier-1-e1645608409226.png","contentUrl":"http:\/\/gerajeune.com\/wp-content\/uploads\/2021\/12\/cropped-logo-modifier-1-e1645608409226.png","width":250,"height":120,"caption":"gerajeune"},"image":{"@id":"https:\/\/gerajeune.com\/#\/schema\/logo\/image\/"},"sameAs":["https:\/\/www.facebook.com\/gerajeune","https:\/\/www.instagram.com\/gerajeune\/reels\/?hl=fr"]}]}},"jetpack_sharing_enabled":true,"_links":{"self":[{"href":"https:\/\/gerajeune.com\/ar\/wp-json\/wp\/v2\/product\/6832","targetHints":{"allow":["GET"]}}],"collection":[{"href":"https:\/\/gerajeune.com\/ar\/wp-json\/wp\/v2\/product"}],"about":[{"href":"https:\/\/gerajeune.com\/ar\/wp-json\/wp\/v2\/types\/product"}],"replies":[{"embeddable":true,"href":"https:\/\/gerajeune.com\/ar\/wp-json\/wp\/v2\/comments?post=6832"}],"version-history":[{"count":11,"href":"https:\/\/gerajeune.com\/ar\/wp-json\/wp\/v2\/product\/6832\/revisions"}],"predecessor-version":[{"id":14077,"href":"https:\/\/gerajeune.com\/ar\/wp-json\/wp\/v2\/product\/6832\/revisions\/14077"}],"wp:featuredmedia":[{"embeddable":true,"href":"https:\/\/gerajeune.com\/ar\/wp-json\/wp\/v2\/media\/13751"}],"wp:attachment":[{"href":"https:\/\/gerajeune.com\/ar\/wp-json\/wp\/v2\/media?parent=6832"}],"wp:term":[{"taxonomy":"product_brand","embeddable":true,"href":"https:\/\/gerajeune.com\/ar\/wp-json\/wp\/v2\/product_brand?post=6832"},{"taxonomy":"product_cat","embeddable":true,"href":"https:\/\/gerajeune.com\/ar\/wp-json\/wp\/v2\/product_cat?post=6832"},{"taxonomy":"product_tag","embeddable":true,"href":"https:\/\/gerajeune.com\/ar\/wp-json\/wp\/v2\/product_tag?post=6832"}],"curies":[{"name":"wp","href":"https:\/\/api.w.org\/{rel}","templated":true}]}}