{"id":6910,"date":"2024-04-23T12:21:00","date_gmt":"2024-04-23T11:21:00","guid":{"rendered":"http:\/\/gerajeune.com\/?post_type=product&#038;p=6910"},"modified":"2025-03-30T17:45:25","modified_gmt":"2025-03-30T16:45:25","slug":"eau-micellaire-apaisante","status":"publish","type":"product","link":"https:\/\/gerajeune.com\/ar\/product\/eau-micellaire-apaisante\/","title":{"rendered":"\u0645\u0647\u062f\u0626 \u062b\u0646\u0627\u0626\u064a \u0627\u0644\u0637\u0648\u0631 Micellar"},"content":{"rendered":"<p>\u0645\u0627\u0621 \u0645\u064a\u0633\u064a\u0644\u0627\u0631 \u0627\u0644\u0645\u0647\u062f\u0626 \u064a\u0646\u0638\u0641 \u0648\u064a\u0632\u064a\u0644 \u0627\u0644\u0645\u0643\u064a\u0627\u062c \u0648\u064a\u0647\u062f\u0626 \u0627\u0644\u0628\u0634\u0631\u0629. \u0645\u0639 \u0645\u0633\u062a\u062e\u0644\u0635\u0627\u062a \u0627\u0644\u0632\u0647\u0648\u0631 \u0627\u0644\u0645\u0647\u062f\u0626\u0629\u060c <a href=\"https:\/\/fr.wikipedia.org\/wiki\/Aloe_vera\">\u0627\u0644\u0635\u0628\u0627\u0631<\/a> ,<a href=\"https:\/\/fr.wikipedia.org\/wiki\/Vitamine_A\"> \u0641\u064a\u062a\u0627\u0645\u064a\u0646 \u0623<\/a> , <a href=\"https:\/\/fr.wikipedia.org\/wiki\/Vitamine_B3\">\u06283<\/a> \u0648\u0645\u062c\u0645\u0639 \u0645\u0631\u0637\u0628.<\/p>\n<p><strong>\u0645\u0627 \u0647\u0648 \u062f\u0648\u0631 \u0645\u0627\u0621 \u0645\u064a\u0633\u064a\u0644\u0627\u0631\u061f<\/strong><\/p>\n<p>\u064a\u0632\u064a\u0644 \u0645\u0627\u0621 \u0645\u064a\u0633\u064a\u0644\u0627\u0631 GERAJEUNE \u0627\u0644\u0645\u0643\u064a\u0627\u062c \u0648\u064a\u0646\u0638\u0641 \u0648\u064a\u0632\u064a\u0644 \u062c\u0645\u064a\u0639 \u0623\u0646\u0648\u0627\u0639 \u0627\u0644\u0634\u0648\u0627\u0626\u0628 \u0648\u0627\u0644\u062a\u0644\u0648\u062b \u062f\u0648\u0646 \u062a\u0623\u062b\u064a\u0631 \u062f\u0647\u0646\u064a. \u0645\u0646\u0627\u0633\u0628 \u0644\u062c\u0645\u064a\u0639 \u0623\u0646\u0648\u0627\u0639 \u0627\u0644\u0628\u0634\u0631\u0629\u060c \u062d\u062a\u0649 \u0627\u0644\u0623\u0643\u062b\u0631 \u062d\u0633\u0627\u0633\u064a\u0629. \u0625\u0646\u0647\u0627 \u062a\u0647\u062f\u0626 \u0627\u0644\u0628\u0634\u0631\u0629 \u0628\u062d\u0631\u0643\u0629 \u0648\u0627\u062d\u062f\u0629\u060c \u0627\u0644\u0648\u062c\u0647 \u0648\u0627\u0644\u0639\u064a\u0646\u064a\u0646 \u0648\u0627\u0644\u0634\u0641\u0627\u0647\u060c \u0648\u0630\u0644\u0643 \u0628\u0641\u0636\u0644 \u0645\u0643\u0648\u0646\u0627\u062a\u0647\u0627 \u0627\u0644\u0646\u0634\u0637\u0629 \u0627\u0644\u0645\u0631\u0637\u0628\u0629 \u0648\u0627\u0644\u0645\u0647\u062f\u0626\u0629 \u0648\u0625\u0639\u0627\u062f\u0629 \u0627\u0644\u062a\u0648\u0627\u0632\u0646.<\/p>\n<p><strong>\u0645\u062a\u0649 \u064a\u0633\u062a\u062e\u062f\u0645 \u0645\u0627\u0621 \u0645\u064a\u0633\u064a\u0644\u0627\u0631\u061f<\/strong><\/p>\n<p>\u064a\u0633\u062a\u062e\u062f\u0645 \u0641\u064a \u0627\u0644\u0635\u0628\u0627\u062d \u0642\u0628\u0644 \u0627\u0644\u0645\u0631\u0637\u0628 \u0648\u0641\u064a \u0627\u0644\u0645\u0633\u0627\u0621 \u0644\u0625\u0632\u0627\u0644\u0629 \u0627\u0644\u0645\u0643\u064a\u0627\u062c \u0648\u062a\u0646\u0638\u064a\u0641 \u0627\u0644\u0628\u0634\u0631\u0629 \u0642\u0628\u0644 \u0627\u0644\u0639\u0646\u0627\u064a\u0629 \u0627\u0644\u0644\u064a\u0644\u064a\u0629.<\/p>\n<p><strong>\u0643\u064a\u0641\u064a\u0629 \u0627\u0633\u062a\u062e\u062f\u0627\u0645 \u0645\u0627\u0621 \u0645\u064a\u0633\u064a\u0644\u0627\u0631\u061f<\/strong><\/p>\n<p>\u0627\u0646\u0642\u0639\u064a \u0642\u0637\u0639\u0629 \u0645\u0646 \u0627\u0644\u0642\u0637\u0646 \u0641\u064a \u0645\u0627\u0621 \u0645\u064a\u0633\u064a\u0644\u0627\u0631 \u062b\u0645 \u0645\u0631\u0631\u064a\u0647\u0627 \u0639\u0644\u0649 \u0627\u0644\u0648\u062c\u0647 \u0645\u0646 \u0627\u0644\u062f\u0627\u062e\u0644 \u0625\u0644\u0649 \u0627\u0644\u062e\u0627\u0631\u062c. \u0644\u0627 \u062d\u0627\u062c\u0629 \u0644\u0644\u0641\u0631\u0643\u060c \u0641\u0642\u0637 \u0642\u0645 \u0628\u062a\u0646\u0639\u064a\u0645 \u0627\u0644\u0628\u0634\u0631\u0629 \u0628\u0644\u0637\u0641.<\/p>\n<p><strong>\u0643\u064a\u0641 \u062a\u062e\u062a\u0627\u0631\u064a\u0646 \u0645\u0627\u0621 \u0645\u064a\u0633\u064a\u0644\u0627\u0631 \u0627\u0644\u0645\u0646\u0627\u0633\u0628\u061f<\/strong><\/p>\n<p>\u0625\u0630\u0627 \u0643\u0627\u0646\u062a \u0628\u0634\u0631\u062a\u0643 \u062a\u0645\u064a\u0644 \u0625\u0644\u0649 \u0627\u0644\u0627\u062d\u0645\u0631\u0627\u0631 \u0623\u0648 \u0627\u0644\u062a\u0647\u064a\u062c \u0628\u0633\u0631\u0639\u0629\u060c \u0641\u0647\u0630\u0627 \u064a\u0639\u0646\u064a \u0623\u0646 \u0628\u0634\u0631\u062a\u0643 \u062d\u0633\u0627\u0633\u0629. \u0641\u064a \u0647\u0630\u0647 \u0627\u0644\u062d\u0627\u0644\u0629\u060c \u0627\u062e\u062a\u0631 <b>\u0645\u064a\u0627\u0647 \u0645\u064a\u0633\u064a\u0644\u0627\u0631 \u0627\u0644\u0645\u0647\u062f\u0626\u0629 \u0645\u0646 \u062c\u064a\u0631\u0627\u062c\u064a\u0648\u0646 <\/b>\u0644\u0644\u0628\u0634\u0631\u0629 \u0627\u0644\u062d\u0633\u0627\u0633\u0629. \u0639\u0644\u0649 \u0627\u0644\u0639\u0643\u0633 \u0645\u0646 \u0630\u0644\u0643\u060c \u0625\u0630\u0627 \u0643\u0627\u0646\u062a \u0628\u0634\u0631\u062a\u0643 \u062a\u0645\u064a\u0644 \u0625\u0644\u0649 \u0625\u0646\u062a\u0627\u062c \u0627\u0644\u0643\u062b\u064a\u0631 \u0645\u0646 \u0627\u0644\u0632\u0647\u0645 \u0648\u062a\u0644\u0645\u0639 \u0643\u062b\u064a\u0631\u064b\u0627\u060c \u0641\u0623\u0646\u062a \u062a\u0645\u062a\u0644\u0643\u064a\u0646 \u0645\u0627 \u064a\u0633\u0645\u0649 \u0628\u0627\u0644\u0628\u0634\u0631\u0629 \u0627\u0644\u062f\u0647\u0646\u064a\u0629. \u0641\u0645\u0646 \u0627\u0644\u0623\u0641\u0636\u0644 \u0628\u0639\u062f \u0630\u0644\u0643 \u0634\u0631\u0627\u0621\u00a0<a href=\"http:\/\/gerajeune.com\/ar\/product\/biphase-micellaire-regulatrice\/\"><b>\u0645\u0627\u0621 \u0645\u064a\u0633\u064a\u0644\u0627\u0631<\/b><\/a> \u0645\u0646\u0638\u0645 \u0645\u0646 Gerajeune \u0644\u062c\u0645\u064a\u0639 \u0623\u0646\u0648\u0627\u0639 \u0627\u0644\u0628\u0634\u0631\u0629\u060c \u062d\u062a\u0649 \u0627\u0644\u0628\u0634\u0631\u0629 \u0627\u0644\u062f\u0647\u0646\u064a\u0629 \u0623\u0648 \u0627\u0644\u0645\u062e\u062a\u0644\u0637\u0629\u060c \u0648\u0644\u0647 \u062a\u0623\u062b\u064a\u0631 \u0645\u0646\u0638\u0645 \u0644\u0644\u062f\u0647\u0648\u0646.<\/p>\n<p><b>\u0647\u0644 \u064a\u062c\u0628 \u0639\u0644\u064a\u0643 \u0634\u0637\u0641 \u0645\u0627\u0621 \u0645\u064a\u0633\u064a\u0644\u0627\u0631\u061f\u00a0<\/b><\/p>\n<p>\u0646\u0642\u0631\u0623 \u0643\u062b\u064a\u0631\u064b\u0627 \u0623\u0646 \u0645\u0627\u0621 \u0645\u064a\u0633\u064a\u0644\u0627\u0631 \u0644\u0627 \u064a\u0634\u0637\u0641. \u0641\u064a \u0627\u0644\u0648\u0627\u0642\u0639\u060c \u0646\u0638\u0631\u064b\u0627 \u0644\u0623\u0646\u0647 \u0644\u0627 \u064a\u062d\u062a\u0648\u064a \u0639\u0644\u0649 \u0627\u0644\u0643\u062d\u0648\u0644 \u0623\u0648 \u0627\u0644\u0635\u0627\u0628\u0648\u0646\u060c \u063a\u0627\u0644\u0628\u064b\u0627 \u0645\u0627 \u064a\u064f\u0639\u062a\u0642\u062f \u0623\u0646\u0647 \u064a\u0645\u0643\u0646 \u0648\u0636\u0639\u0647 \u062f\u0648\u0646 \u0634\u0637\u0641\u0647.<\/p>\n<p><strong>\u0645\u0643\u0648\u0646\u0627\u062a :\u00a0<\/strong><\/p>\n<p>\u0623\u0643\u0648\u0627\u060c \u0645\u0633\u062a\u062e\u0644\u0635 \u0625\u0628\u0631\u0629 \u0627\u0644\u0631\u0627\u0639\u064a \u0631\u0648\u0633\u0627\u062a\u060c \u0632\u064a\u062a \u0628\u0630\u0648\u0631 \u0633\u064a\u0645\u0648\u0646\u062f\u0633\u064a\u0627 \u062a\u0634\u064a\u0646\u064a\u0646\u0633\u064a\u0633 (\u0627\u0644\u062c\u0648\u062c\u0648\u0628\u0627)\u060c \u0647\u064a\u062f\u0631\u0648\u0644\u0627\u062a \u0627\u0644\u0648\u0631\u062f \u0627\u0644\u062f\u0645\u0634\u0642\u064a\u060c \u0645\u0633\u062a\u062e\u0644\u0635 \u0631\u0648\u0632\u0627 \u0631\u0648\u0628\u064a\u062c\u064a\u0646\u0648\u0633\u0627 \u0641\u0644\u0648\u0643\u0633\u0631\u060c \u0645\u0633\u062a\u062e\u0644\u0635 \u0632\u0647\u0631\u0629 \u062c\u0627\u0631\u062f\u064a\u0646\u064a\u0627 \u062a\u0627\u0647\u064a\u062a\u064a\u0646\u0633\u064a\u0633\u060c \u0645\u0633\u062a\u062e\u0644\u0635 \u0644\u0645\u0628\u0629 \u0632\u0646\u0628\u0642 \u0627\u0644\u0645\u0628\u064a\u0636\u0627\u062a\u060c \u0632\u0647\u0631\u0629 \u0627\u0644\u0643\u0627\u0644\u064a\u0646\u062f\u0648\u0644\u0627 \u0623\u0648\u0641\u064a\u0633\u064a\u0646\u0627\u0644\u064a\u0633 \u0643\u0648\u0643\u0648 \u062c\u0644\u0648\u0643\u0648\u0633\u064a\u062f\u060c \u0623\u0648\u0644\u064a\u0627\u062a \u062c\u0644\u064a\u0633\u064a\u0631\u064a\u0644\u060c \u0623\u0633\u064a\u062a\u0627\u062a \u0627\u0644\u0643\u0627\u0643\u0627\u0648 \u0627\u0644\u0635\u0648\u062f\u064a\u0648\u0645\u060c \u062c\u0644\u064a\u0633\u0631\u064a\u0646\u060c \u0643\u0648\u0644\u0627\u062c\u064a\u0646\u060c \u0644\u0648\u0631\u064a\u0644. \u0627\u0644\u062c\u0644\u0648\u0643\u0648\u0632\u0627\u064a\u062f\u060c \u0643\u0648\u0643\u0648\u064a\u0644 \u0627\u0644\u0635\u0648\u062f\u064a\u0648\u0645\u060c \u0627\u0644\u063a\u0644\u0648\u062a\u0627\u0645\u0627\u062a\u060c \u0644\u0648\u0631\u064a\u0644 \u0627\u0644\u062c\u0644\u0648\u0643\u0648\u0632 \u0643\u0631\u0628\u0648\u0643\u0633\u064a\u0644\u0627\u062a \u0627\u0644\u0635\u0648\u062f\u064a\u0648\u0645\u060c PCA \u0627\u0644\u0635\u0648\u062f\u064a\u0648\u0645\u060c \u0627\u0644\u062c\u0644\u0633\u0631\u064a\u0646\u060c \u0627\u0644\u0641\u0631\u0643\u062a\u0648\u0632\u060c \u0627\u0644\u064a\u0648\u0631\u064a\u0627\u060c \u0627\u0644\u0646\u064a\u0627\u0633\u064a\u0646\u0627\u0645\u064a\u062f (\u0641\u064a\u062a\u0627\u0645\u064a\u0646 \u0628 3)\u060c \u0623\u0648\u0644\u064a\u0641\u0633\u0643\u0648\u0627\u0644\u0627\u0646\u060c \u0639\u0635\u064a\u0631 \u0623\u0648\u0631\u0627\u0642 \u0627\u0644\u0635\u0628\u0627\u0631\u060c PCA \u0627\u0644\u0635\u0648\u062f\u064a\u0648\u0645\u060c \u0633\u064a\u062a\u0631\u0648\u0646\u064a\u0644\u0648\u0644\u060c \u0627\u0644\u0631\u064a\u062a\u064a\u0646\u0648\u0644\u060c \u0628\u0631\u0648\u0641\u064a\u062a\u0627\u0645\u064a\u0646 \u0628 5\u060c \u0627\u0644\u064a\u0648\u0631\u064a\u0627\u060c \u0627\u0644\u0643\u0648\u0644\u0627\u062c\u064a\u0646 \u0627\u0644\u0628\u062d\u0631\u064a\u060c \u0623\u064a\u0632\u0648\u062b\u064a\u0627\u0632\u0648\u0644\u064a\u0646\u0648\u0646. \u0627\u064a\u0646\u0648\u0632\u064a\u062a\u0648\u0644\u060c \u0628\u0646\u0632\u0648\u0627\u062a \u0627\u0644\u0635\u0648\u062f\u064a\u0648\u0645\u060c \u062d\u0645\u0636 \u0627\u0644\u0644\u0627\u0643\u062a\u064a\u0643.<\/p>","protected":false},"excerpt":{"rendered":"<p>Eau Micellaire Apaisante Nettoie, d\u00e9maquille et apaise. Aux extraits de fleurs apaisante , aloe vera , vitamine A , B3 et un complexe hydratant . C&rsquo;est qui le r\u00f4le d&rsquo;eau micellaire ? L&rsquo;eau micellaire GERAJEUNE\u00a0 d\u00e9maquille, nettoie et \u00e9limine toutes sortes d&rsquo; impuret\u00e9s et de pollutions sans effet gras. convient \u00e0 tous les types de peaux, m\u00eame les plus sensibles. Elles apaise la peau en un seul geste, visage, yeux et l\u00e8vres, gr\u00e2ce \u00e0 ses actifs hydratants, apaisants et r\u00e9\u00e9quilibrant. Quand mettre une eau micellaire ? Elle s&rsquo;utilise le matin avant la cr\u00e8me hydratante et le soir pour \u00e9liminer le maquillage et nettoyer la peau avant l&rsquo;\u00e9tape du soin de nuit. Comment utiliser l&rsquo;eau micellaire ? Imbibez un coton d&rsquo;eau micellaire puis passez-le sur le visage, de l&rsquo;int\u00e9rieur vers l&rsquo;ext\u00e9rieur.\u00a0Inutile de frotter, contentez-vous de lisser doucement la peau. Comment bien choisir mon eau micellaire ? Si votre peau a tendance \u00e0 rougir ou \u00e0 s\u2019irriter rapidement, cela veut dire que vous avez une peau sensible. Dans ce cas, choisissez l&rsquo; eau micellaire\u00a0 apaisante de Gerajeune pour peaux sensibles. Si, au contraire, votre peau a plut\u00f4t tendance \u00e0 produire beaucoup de s\u00e9bum et brille beaucoup, vous avez une peau dite grasse. Il est alors meilleur d\u2019acheter une\u00a0eau micellaire r\u00e9gulatrice de Gerajeune pour tout types de peau m\u00eame les\u00a0 \u00a0grasses ou mixtes et avec un effet s\u00e9bo- r\u00e9gulateur. Est ce qu&rsquo;il faut rincer l&rsquo;eau micellaire ?\u00a0 On lit beaucoup que l&rsquo;eau micellaire ne se rince pas. Effectivement, comme elle ne contient ni alcool ni savon,\u00a0on consid\u00e8re souvent qu&rsquo;elle peut s&rsquo;appliquer sans rin\u00e7age. Ingr\u00e9dients :\u00a0 Aqua , Geranium rosat extract, simmondsia chinensis (jojoba) seed oil, rosa damascena hydrolate , rosa rubiginosa floxer extract, gardenia tahitensis flower extract , lilium candidum bulb extract , calendula officinalis flower coco glucoside, glyceryl oleate, sodium cocoamphoacetate, glycerin , collagene, lauryl glucoside, sodium cocoyl, glutamate, sodium lauryl glucose carboxylate, sodium PCA, glycerine, fructose, urea, niacinamide (vitamine B3), olivesqualane, aloe barbadensis leaf juice, sodium PCA,citronellol,retinol, provitamin B5, urea , marine collagen, isothiazolinone,inositol, sodium benzoate, lactic acide.<\/p>","protected":false},"featured_media":14192,"comment_status":"open","ping_status":"closed","template":"","meta":{"_monsterinsights_skip_tracking":false,"_monsterinsights_sitenote_active":false,"_monsterinsights_sitenote_note":"","_monsterinsights_sitenote_category":0,"ocean_post_layout":"","ocean_both_sidebars_style":"","ocean_both_sidebars_content_width":0,"ocean_both_sidebars_sidebars_width":0,"ocean_sidebar":"0","ocean_second_sidebar":"0","ocean_disable_margins":"enable","ocean_add_body_class":"","ocean_shortcode_before_top_bar":"","ocean_shortcode_after_top_bar":"","ocean_shortcode_before_header":"","ocean_shortcode_after_header":"","ocean_has_shortcode":"","ocean_shortcode_after_title":"","ocean_shortcode_before_footer_widgets":"","ocean_shortcode_after_footer_widgets":"","ocean_shortcode_before_footer_bottom":"","ocean_shortcode_after_footer_bottom":"","ocean_display_top_bar":"default","ocean_display_header":"default","ocean_header_style":"","ocean_center_header_left_menu":"0","ocean_custom_header_template":"0","ocean_custom_logo":0,"ocean_custom_retina_logo":0,"ocean_custom_logo_max_width":0,"ocean_custom_logo_tablet_max_width":0,"ocean_custom_logo_mobile_max_width":0,"ocean_custom_logo_max_height":0,"ocean_custom_logo_tablet_max_height":0,"ocean_custom_logo_mobile_max_height":0,"ocean_header_custom_menu":"0","ocean_menu_typo_font_family":"0","ocean_menu_typo_font_subset":"","ocean_menu_typo_font_size":0,"ocean_menu_typo_font_size_tablet":0,"ocean_menu_typo_font_size_mobile":0,"ocean_menu_typo_font_size_unit":"px","ocean_menu_typo_font_weight":"","ocean_menu_typo_font_weight_tablet":"","ocean_menu_typo_font_weight_mobile":"","ocean_menu_typo_transform":"","ocean_menu_typo_transform_tablet":"","ocean_menu_typo_transform_mobile":"","ocean_menu_typo_line_height":0,"ocean_menu_typo_line_height_tablet":0,"ocean_menu_typo_line_height_mobile":0,"ocean_menu_typo_line_height_unit":"","ocean_menu_typo_spacing":0,"ocean_menu_typo_spacing_tablet":0,"ocean_menu_typo_spacing_mobile":0,"ocean_menu_typo_spacing_unit":"","ocean_menu_link_color":"","ocean_menu_link_color_hover":"","ocean_menu_link_color_active":"","ocean_menu_link_background":"","ocean_menu_link_hover_background":"","ocean_menu_link_active_background":"","ocean_menu_social_links_bg":"","ocean_menu_social_hover_links_bg":"","ocean_menu_social_links_color":"","ocean_menu_social_hover_links_color":"","ocean_disable_title":"default","ocean_disable_heading":"default","ocean_post_title":"","ocean_post_subheading":"","ocean_post_title_style":"","ocean_post_title_background_color":"","ocean_post_title_background":0,"ocean_post_title_bg_image_position":"","ocean_post_title_bg_image_attachment":"","ocean_post_title_bg_image_repeat":"","ocean_post_title_bg_image_size":"","ocean_post_title_height":0,"ocean_post_title_bg_overlay":0.5,"ocean_post_title_bg_overlay_color":"","ocean_disable_breadcrumbs":"default","ocean_breadcrumbs_color":"","ocean_breadcrumbs_separator_color":"","ocean_breadcrumbs_links_color":"","ocean_breadcrumbs_links_hover_color":"","ocean_display_footer_widgets":"default","ocean_display_footer_bottom":"default","ocean_custom_footer_template":"0","omw_enable_modal_window":"enable"},"product_brand":[],"product_cat":[56],"product_tag":[],"class_list":{"0":"post-6910","1":"product","2":"type-product","3":"status-publish","4":"has-post-thumbnail","6":"product_cat-soin-visage","8":"entry","9":"has-media","11":"first","12":"outofstock","13":"taxable","14":"shipping-taxable","15":"purchasable","16":"product-type-simple","17":"col","18":"span_1_of_3","19":"owp-content-center","20":"owp-thumbs-layout-horizontal","21":"owp-btn-normal","22":"owp-tabs-layout-horizontal","23":"has-no-thumbnails"},"yoast_head":"<!-- This site is optimized with the Yoast SEO plugin v27.0 - https:\/\/yoast.com\/product\/yoast-seo-wordpress\/ -->\n<title>Biphase Micellaire Apaisante - gerajeune<\/title>\n<meta name=\"description\" content=\"Nettoie, d\u00e9maquille et apaise. Aux extraits de petit grain r\u00e9gulateur, alo\u00e9 Vera, vitamines A, B3 et E et complexe hydratant\" \/>\n<meta name=\"robots\" content=\"index, follow, max-snippet:-1, max-image-preview:large, max-video-preview:-1\" \/>\n<link rel=\"canonical\" href=\"https:\/\/gerajeune.com\/ar\/product\/eau-micellaire-apaisante\/\" \/>\n<meta property=\"og:locale\" content=\"ar_AR\" \/>\n<meta property=\"og:type\" content=\"article\" \/>\n<meta property=\"og:title\" content=\"Biphase Micellaire Apaisante - gerajeune\" \/>\n<meta property=\"og:description\" content=\"Nettoie, d\u00e9maquille et apaise. Aux extraits de petit grain r\u00e9gulateur, alo\u00e9 Vera, vitamines A, B3 et E et complexe hydratant\" \/>\n<meta property=\"og:url\" content=\"https:\/\/gerajeune.com\/ar\/product\/eau-micellaire-apaisante\/\" \/>\n<meta property=\"og:site_name\" content=\"gerajeune\" \/>\n<meta property=\"article:publisher\" content=\"https:\/\/www.facebook.com\/gerajeune\" \/>\n<meta property=\"article:modified_time\" content=\"2025-03-30T16:45:25+00:00\" \/>\n<meta property=\"og:image\" content=\"https:\/\/gerajeune.com\/wp-content\/uploads\/2024\/04\/Bisphase_Micellaire_New.webp\" \/>\n\t<meta property=\"og:image:width\" content=\"1080\" \/>\n\t<meta property=\"og:image:height\" content=\"1080\" \/>\n\t<meta property=\"og:image:type\" content=\"image\/webp\" \/>\n<meta name=\"twitter:card\" content=\"summary_large_image\" \/>\n<meta name=\"twitter:label1\" content=\"\u0648\u0642\u062a \u0627\u0644\u0642\u0631\u0627\u0621\u0629 \u0627\u0644\u0645\u064f\u0642\u062f\u0651\u0631\" \/>\n\t<meta name=\"twitter:data1\" content=\"\u062f\u0642\u064a\u0642\u062a\u0627\u0646\" \/>\n<script type=\"application\/ld+json\" class=\"yoast-schema-graph\">{\"@context\":\"https:\/\/schema.org\",\"@graph\":[{\"@type\":\"WebPage\",\"@id\":\"https:\/\/gerajeune.com\/produit\/eau-micellaire-apaisante\/\",\"url\":\"https:\/\/gerajeune.com\/produit\/eau-micellaire-apaisante\/\",\"name\":\"Biphase Micellaire Apaisante - gerajeune\",\"isPartOf\":{\"@id\":\"https:\/\/gerajeune.com\/#website\"},\"primaryImageOfPage\":{\"@id\":\"https:\/\/gerajeune.com\/produit\/eau-micellaire-apaisante\/#primaryimage\"},\"image\":{\"@id\":\"https:\/\/gerajeune.com\/produit\/eau-micellaire-apaisante\/#primaryimage\"},\"thumbnailUrl\":\"https:\/\/gerajeune.com\/wp-content\/uploads\/2024\/04\/Bisphase_Micellaire_New.webp\",\"datePublished\":\"2024-04-23T11:21:00+00:00\",\"dateModified\":\"2025-03-30T16:45:25+00:00\",\"description\":\"Nettoie, d\u00e9maquille et apaise. Aux extraits de petit grain r\u00e9gulateur, alo\u00e9 Vera, vitamines A, B3 et E et complexe hydratant\",\"breadcrumb\":{\"@id\":\"https:\/\/gerajeune.com\/produit\/eau-micellaire-apaisante\/#breadcrumb\"},\"inLanguage\":\"ar\",\"potentialAction\":[{\"@type\":\"ReadAction\",\"target\":[\"https:\/\/gerajeune.com\/produit\/eau-micellaire-apaisante\/\"]}]},{\"@type\":\"ImageObject\",\"inLanguage\":\"ar\",\"@id\":\"https:\/\/gerajeune.com\/produit\/eau-micellaire-apaisante\/#primaryimage\",\"url\":\"https:\/\/gerajeune.com\/wp-content\/uploads\/2024\/04\/Bisphase_Micellaire_New.webp\",\"contentUrl\":\"https:\/\/gerajeune.com\/wp-content\/uploads\/2024\/04\/Bisphase_Micellaire_New.webp\",\"width\":1080,\"height\":1080},{\"@type\":\"BreadcrumbList\",\"@id\":\"https:\/\/gerajeune.com\/produit\/eau-micellaire-apaisante\/#breadcrumb\",\"itemListElement\":[{\"@type\":\"ListItem\",\"position\":1,\"name\":\"Accueil\",\"item\":\"https:\/\/gerajeune.com\/\"},{\"@type\":\"ListItem\",\"position\":2,\"name\":\"Produits\",\"item\":\"https:\/\/gerajeune.com\/__trashed-6\/\"},{\"@type\":\"ListItem\",\"position\":3,\"name\":\"Biphase Micellaire Apaisante\"}]},{\"@type\":\"WebSite\",\"@id\":\"https:\/\/gerajeune.com\/#website\",\"url\":\"https:\/\/gerajeune.com\/\",\"name\":\"gerajeune\",\"description\":\"Naturellement belle, visiblement jeune\",\"publisher\":{\"@id\":\"https:\/\/gerajeune.com\/#organization\"},\"potentialAction\":[{\"@type\":\"SearchAction\",\"target\":{\"@type\":\"EntryPoint\",\"urlTemplate\":\"https:\/\/gerajeune.com\/?s={search_term_string}\"},\"query-input\":{\"@type\":\"PropertyValueSpecification\",\"valueRequired\":true,\"valueName\":\"search_term_string\"}}],\"inLanguage\":\"ar\"},{\"@type\":\"Organization\",\"@id\":\"https:\/\/gerajeune.com\/#organization\",\"name\":\"gerajeune\",\"url\":\"https:\/\/gerajeune.com\/\",\"logo\":{\"@type\":\"ImageObject\",\"inLanguage\":\"ar\",\"@id\":\"https:\/\/gerajeune.com\/#\/schema\/logo\/image\/\",\"url\":\"http:\/\/gerajeune.com\/wp-content\/uploads\/2021\/12\/cropped-logo-modifier-1-e1645608409226.png\",\"contentUrl\":\"http:\/\/gerajeune.com\/wp-content\/uploads\/2021\/12\/cropped-logo-modifier-1-e1645608409226.png\",\"width\":250,\"height\":120,\"caption\":\"gerajeune\"},\"image\":{\"@id\":\"https:\/\/gerajeune.com\/#\/schema\/logo\/image\/\"},\"sameAs\":[\"https:\/\/www.facebook.com\/gerajeune\",\"https:\/\/www.instagram.com\/gerajeune\/reels\/?hl=fr\"]}]}<\/script>\n<!-- \/ Yoast SEO plugin. -->","yoast_head_json":{"title":"Biphase Micellaire Apaisante - gerajeune","description":"Nettoie, d\u00e9maquille et apaise. Aux extraits de petit grain r\u00e9gulateur, alo\u00e9 Vera, vitamines A, B3 et E et complexe hydratant","robots":{"index":"index","follow":"follow","max-snippet":"max-snippet:-1","max-image-preview":"max-image-preview:large","max-video-preview":"max-video-preview:-1"},"canonical":"https:\/\/gerajeune.com\/ar\/product\/eau-micellaire-apaisante\/","og_locale":"ar_AR","og_type":"article","og_title":"Biphase Micellaire Apaisante - gerajeune","og_description":"Nettoie, d\u00e9maquille et apaise. Aux extraits de petit grain r\u00e9gulateur, alo\u00e9 Vera, vitamines A, B3 et E et complexe hydratant","og_url":"https:\/\/gerajeune.com\/ar\/product\/eau-micellaire-apaisante\/","og_site_name":"gerajeune","article_publisher":"https:\/\/www.facebook.com\/gerajeune","article_modified_time":"2025-03-30T16:45:25+00:00","og_image":[{"width":1080,"height":1080,"url":"https:\/\/gerajeune.com\/wp-content\/uploads\/2024\/04\/Bisphase_Micellaire_New.webp","type":"image\/webp"}],"twitter_card":"summary_large_image","twitter_misc":{"\u0648\u0642\u062a \u0627\u0644\u0642\u0631\u0627\u0621\u0629 \u0627\u0644\u0645\u064f\u0642\u062f\u0651\u0631":"\u062f\u0642\u064a\u0642\u062a\u0627\u0646"},"schema":{"@context":"https:\/\/schema.org","@graph":[{"@type":"WebPage","@id":"https:\/\/gerajeune.com\/produit\/eau-micellaire-apaisante\/","url":"https:\/\/gerajeune.com\/produit\/eau-micellaire-apaisante\/","name":"Biphase Micellaire Apaisante - gerajeune","isPartOf":{"@id":"https:\/\/gerajeune.com\/#website"},"primaryImageOfPage":{"@id":"https:\/\/gerajeune.com\/produit\/eau-micellaire-apaisante\/#primaryimage"},"image":{"@id":"https:\/\/gerajeune.com\/produit\/eau-micellaire-apaisante\/#primaryimage"},"thumbnailUrl":"https:\/\/gerajeune.com\/wp-content\/uploads\/2024\/04\/Bisphase_Micellaire_New.webp","datePublished":"2024-04-23T11:21:00+00:00","dateModified":"2025-03-30T16:45:25+00:00","description":"Nettoie, d\u00e9maquille et apaise. Aux extraits de petit grain r\u00e9gulateur, alo\u00e9 Vera, vitamines A, B3 et E et complexe hydratant","breadcrumb":{"@id":"https:\/\/gerajeune.com\/produit\/eau-micellaire-apaisante\/#breadcrumb"},"inLanguage":"ar","potentialAction":[{"@type":"ReadAction","target":["https:\/\/gerajeune.com\/produit\/eau-micellaire-apaisante\/"]}]},{"@type":"ImageObject","inLanguage":"ar","@id":"https:\/\/gerajeune.com\/produit\/eau-micellaire-apaisante\/#primaryimage","url":"https:\/\/gerajeune.com\/wp-content\/uploads\/2024\/04\/Bisphase_Micellaire_New.webp","contentUrl":"https:\/\/gerajeune.com\/wp-content\/uploads\/2024\/04\/Bisphase_Micellaire_New.webp","width":1080,"height":1080},{"@type":"BreadcrumbList","@id":"https:\/\/gerajeune.com\/produit\/eau-micellaire-apaisante\/#breadcrumb","itemListElement":[{"@type":"ListItem","position":1,"name":"Accueil","item":"https:\/\/gerajeune.com\/"},{"@type":"ListItem","position":2,"name":"Produits","item":"https:\/\/gerajeune.com\/__trashed-6\/"},{"@type":"ListItem","position":3,"name":"Biphase Micellaire Apaisante"}]},{"@type":"WebSite","@id":"https:\/\/gerajeune.com\/#website","url":"https:\/\/gerajeune.com\/","name":"com.gerayoung","description":"\u062c\u0645\u064a\u0644\u0629 \u0628\u0634\u0643\u0644 \u0637\u0628\u064a\u0639\u064a\u060c \u0634\u0627\u0628\u0629 \u0628\u0634\u0643\u0644 \u0648\u0627\u0636\u062d","publisher":{"@id":"https:\/\/gerajeune.com\/#organization"},"potentialAction":[{"@type":"SearchAction","target":{"@type":"EntryPoint","urlTemplate":"https:\/\/gerajeune.com\/?s={search_term_string}"},"query-input":{"@type":"PropertyValueSpecification","valueRequired":true,"valueName":"search_term_string"}}],"inLanguage":"ar"},{"@type":"Organization","@id":"https:\/\/gerajeune.com\/#organization","name":"com.gerayoung","url":"https:\/\/gerajeune.com\/","logo":{"@type":"ImageObject","inLanguage":"ar","@id":"https:\/\/gerajeune.com\/#\/schema\/logo\/image\/","url":"http:\/\/gerajeune.com\/wp-content\/uploads\/2021\/12\/cropped-logo-modifier-1-e1645608409226.png","contentUrl":"http:\/\/gerajeune.com\/wp-content\/uploads\/2021\/12\/cropped-logo-modifier-1-e1645608409226.png","width":250,"height":120,"caption":"gerajeune"},"image":{"@id":"https:\/\/gerajeune.com\/#\/schema\/logo\/image\/"},"sameAs":["https:\/\/www.facebook.com\/gerajeune","https:\/\/www.instagram.com\/gerajeune\/reels\/?hl=fr"]}]}},"jetpack_sharing_enabled":true,"_links":{"self":[{"href":"https:\/\/gerajeune.com\/ar\/wp-json\/wp\/v2\/product\/6910","targetHints":{"allow":["GET"]}}],"collection":[{"href":"https:\/\/gerajeune.com\/ar\/wp-json\/wp\/v2\/product"}],"about":[{"href":"https:\/\/gerajeune.com\/ar\/wp-json\/wp\/v2\/types\/product"}],"replies":[{"embeddable":true,"href":"https:\/\/gerajeune.com\/ar\/wp-json\/wp\/v2\/comments?post=6910"}],"version-history":[{"count":4,"href":"https:\/\/gerajeune.com\/ar\/wp-json\/wp\/v2\/product\/6910\/revisions"}],"predecessor-version":[{"id":7199,"href":"https:\/\/gerajeune.com\/ar\/wp-json\/wp\/v2\/product\/6910\/revisions\/7199"}],"wp:featuredmedia":[{"embeddable":true,"href":"https:\/\/gerajeune.com\/ar\/wp-json\/wp\/v2\/media\/14192"}],"wp:attachment":[{"href":"https:\/\/gerajeune.com\/ar\/wp-json\/wp\/v2\/media?parent=6910"}],"wp:term":[{"taxonomy":"product_brand","embeddable":true,"href":"https:\/\/gerajeune.com\/ar\/wp-json\/wp\/v2\/product_brand?post=6910"},{"taxonomy":"product_cat","embeddable":true,"href":"https:\/\/gerajeune.com\/ar\/wp-json\/wp\/v2\/product_cat?post=6910"},{"taxonomy":"product_tag","embeddable":true,"href":"https:\/\/gerajeune.com\/ar\/wp-json\/wp\/v2\/product_tag?post=6910"}],"curies":[{"name":"wp","href":"https:\/\/api.w.org\/{rel}","templated":true}]}}