{"id":6913,"date":"2024-04-30T10:30:42","date_gmt":"2024-04-30T09:30:42","guid":{"rendered":"http:\/\/gerajeune.com\/?post_type=product&#038;p=6913"},"modified":"2024-04-30T10:30:42","modified_gmt":"2024-04-30T09:30:42","slug":"gelee-nettoyante","status":"publish","type":"product","link":"https:\/\/gerajeune.com\/ar\/product\/gelee-nettoyante\/","title":{"rendered":"\u0647\u0644\u0627\u0645 \u0627\u0644\u062a\u0637\u0647\u064a\u0631"},"content":{"rendered":"<p><strong>\u0645\u0627 \u0647\u0648 \u0647\u0644\u0627\u0645 \u0627\u0644\u062a\u0637\u0647\u064a\u0631\u061f :<\/strong><\/p>\n<p>\u0625\u0646\u0647 \u0639\u0644\u0627\u062c \u064a\u0633\u062a\u062e\u062f\u0645 \u0644\u0625\u0632\u0627\u0644\u0629 \u0627\u0644\u0634\u0648\u0627\u0626\u0628 \u0627\u0644\u062a\u064a \u062a\u0644\u062a\u0635\u0642 \u0628\u0627\u0644\u0637\u0628\u0642\u0629 \u0627\u0644\u0647\u064a\u062f\u0631\u0648\u0644\u064a\u0628\u064a\u062f\u064a\u0629 \u0628\u0644\u0637\u0641 (\u062c\u0632\u064a\u0626\u0627\u062a \u0627\u0644\u062a\u0644\u0648\u062b \u0648\u0627\u0644\u063a\u0628\u0627\u0631 \u0648\u0627\u0644\u0632\u0647\u0645 \u0648\u0627\u0644\u0639\u0631\u0642 \u0648\u0645\u0627 \u0625\u0644\u0649 \u0630\u0644\u0643)\u060c \u0643\u0644 \u0630\u0644\u0643 \u062f\u0648\u0646 \u062a\u062c\u0631\u064a\u062f \u0627\u0644\u062c\u0644\u062f.<\/p>\n<p><strong>\u0643\u064a\u0641\u064a\u0629 \u0627\u0633\u062a\u062e\u062f\u0627\u0645 \u0647\u0644\u0627\u0645 \u0627\u0644\u062a\u0637\u0647\u064a\u0631 \u061f:<\/strong><\/p>\n<p>\u0642\u0645 \u0628\u0627\u0644\u062a\u062f\u0644\u064a\u0643 \u0639\u0644\u0649 \u0628\u0634\u0631\u0629 \u0627\u0644\u0648\u062c\u0647 \u0648\u0627\u0644\u0631\u0642\u0628\u0629 \u0644\u0645\u062f\u0629 \u0639\u0634\u0631 \u062b\u0648\u0627\u0646 \u0628\u0627\u0633\u062a\u062e\u062f\u0627\u0645 \u062d\u0631\u0643\u0627\u062a \u062f\u0627\u0626\u0631\u064a\u0629. \u0639\u062f \u0625\u0644\u0649 \u0639\u0634\u0631\u0629 \u0648\u0627\u0646\u062a\u0647\u064a\u062a. \u0634\u0637\u0641 \u062c\u064a\u062f\u0627. \u0628\u0634\u0631\u062a\u0643 \u0627\u0644\u0622\u0646 \u062c\u0627\u0647\u0632\u0629 \u0644\u062a\u0644\u0642\u064a \u062c\u0645\u064a\u0639 \u0623\u0646\u0648\u0627\u0639 \u0627\u0644\u0631\u0639\u0627\u064a\u0629.<\/p>\n<p><strong>\u0645\u062a\u0649 \u064a\u062a\u0645 \u062a\u0637\u0628\u064a\u0642 \u0647\u0644\u0627\u0645 \u0627\u0644\u062a\u0637\u0647\u064a\u0631\u061f :<\/strong><\/p>\n<p>\u064a\u062c\u0628 \u0627\u0633\u062a\u062e\u062f\u0627\u0645 \u062c\u0644 \u062a\u0646\u0638\u064a\u0641 \u0627\u0644\u0648\u062c\u0647 <b>\u0627\u0644\u0635\u0628\u0627\u062d \u0648\u0627\u0644\u0645\u0633\u0627\u0621<\/b>. \u0648\u0628\u0627\u0644\u0641\u0639\u0644\u060c \u0644\u0627 \u0628\u062f \u0645\u0646 \u062a\u0646\u0642\u064a\u0629 \u0627\u0644\u0628\u0634\u0631\u0629 \u0641\u064a \u0627\u0644\u0635\u0628\u0627\u062d \u0639\u0646\u062f \u0627\u0644\u0627\u0633\u062a\u064a\u0642\u0627\u0638 \u0644\u0625\u0632\u0627\u0644\u0629 \u0627\u0644\u0639\u0631\u0642 \u0648\u0627\u0644\u0632\u0647\u0645 \u0627\u0644\u0632\u0627\u0626\u062f \u0627\u0644\u0646\u0627\u062a\u062c \u0623\u062b\u0646\u0627\u0621 \u0627\u0644\u0644\u064a\u0644\u060c \u0648\u0641\u064a \u0627\u0644\u0645\u0633\u0627\u0621 \u0644\u0625\u0632\u0627\u0644\u0629 \u0623\u064a \u0646\u0648\u0639 \u0645\u0646 \u0627\u0644\u0634\u0648\u0627\u0626\u0628 \u0627\u0644\u0646\u0627\u062a\u062c\u0629 \u0639\u0646 \u0627\u0644\u0645\u0643\u064a\u0627\u062c \u0623\u0648 \u0627\u0644\u0628\u064a\u0626\u0629 \u0627\u0644\u062e\u0627\u0631\u062c\u064a\u0629.<\/p>\n<p><strong>\u0641\u0648\u0627\u0626\u062f \u0627\u0644\u0623\u0644\u0648\u0641\u064a\u0631\u0627 :<\/strong><\/p>\n<ul>\n<li>\u0642\u0648\u0629 \u0627\u0644\u062a\u062c\u0627\u0646\u0633: \u0644\u0647\u0627 \u062a\u0623\u062b\u064a\u0631 \u0641\u0639\u0627\u0644 \u0628\u0634\u0643\u0644 \u062e\u0627\u0635 \u0641\u064a \u0645\u0643\u0627\u0641\u062d\u0629 \u0627\u0644\u0634\u064a\u062e\u0648\u062e\u0629. \u064a\u0639\u0645\u0644 \u0639\u0644\u0649 \u0634\u062f \u0623\u0646\u0633\u062c\u0629 \u0627\u0644\u062c\u0644\u062f\u060c \u0648\u0630\u0644\u0643 \u0628\u0641\u0636\u0644 \u062a\u0623\u062b\u064a\u0631\u0647 \u0627\u0644\u0641\u0648\u0631\u064a \u0641\u064a \u0627\u0644\u0634\u062f.<\/li>\n<li>\u0642\u0648\u0629 \u0627\u0644\u062d\u0645\u0627\u064a\u0629: \u062d\u062a\u0649 \u0644\u0648 \u0627\u062e\u062a\u0631\u0642\u062a \u0627\u0644\u0637\u0628\u0642\u0627\u062a \u0627\u0644\u0645\u062e\u062a\u0644\u0641\u0629 \u0644\u0644\u0628\u0634\u0631\u0629 \u0628\u0633\u0647\u0648\u0644\u0629\u060c \u0641\u0625\u0646\u0647\u0627 \u062a\u062a\u0634\u0643\u0644 \u0639\u0644\u0649 \u0633\u0637\u062d \u0627\u0644\u0628\u0634\u0631\u0629 <b>\u062c\u0644\u062f<\/b>\u00a0\u0637\u0628\u0642\u0629 \u0648\u0627\u0642\u064a\u0629 \u0636\u062f \u0627\u0644\u0623\u0634\u0639\u0629 \u0641\u0648\u0642 \u0627\u0644\u0628\u0646\u0641\u0633\u062c\u064a\u0629 \u0623\u0648 \u0627\u0644\u0631\u064a\u0627\u062d \u0623\u0648 \u0627\u0644\u062c\u0633\u064a\u0645\u0627\u062a \u0627\u0644\u062f\u0642\u064a\u0642\u0629.<\/li>\n<li>\u0625\u0646\u0647 \u0639\u0644\u0627\u062c \u062c\u064a\u062f \u0644\u062a\u0642\u0644\u064a\u0644 \u0648\u0645\u0643\u0627\u0641\u062d\u0629 \u0627\u0644\u062a\u062c\u0627\u0639\u064a\u062f \u0627\u0644\u0639\u0645\u064a\u0642\u0629<\/li>\n<\/ul>\n<p><strong>\u00a0\u0641\u0648\u0627\u0626\u062f \u0627\u0644\u064a\u0648\u0631\u064a\u0627 \u0639\u0644\u0649 \u0627\u0644\u062c\u0644\u062f:<\/strong><\/p>\n<ul>\n<li>\u064a\u0633\u0645\u062d \u0644\u0643 \u0628\u0627\u0644\u062a\u0631\u0637\u064a\u0628 <em>\u062c\u0644\u0648\u062f<\/em>\u00a0\u0627\u0644\u0623\u0643\u062b\u0631 \u062c\u0641\u0627\u0641\u0627<\/li>\n<li>\u064a\u0639\u0645\u0644 \u0639\u0644\u0649 \u062a\u0646\u0642\u064a\u0629\u00a0<em>\u062c\u0644\u062f<\/em> : \u0641\u064a \u062d\u0627\u0644\u0629 \u062d\u0628 \u0627\u0644\u0634\u0628\u0627\u0628 \u0623\u0648 \u0627\u0644\u0631\u0624\u0648\u0633 \u0627\u0644\u0633\u0648\u062f\u0627\u0621 \u0623\u0648 \u0627\u0644\u0645\u062e\u0627\u0644\u0641\u0627\u062a<\/li>\n<li>\u064a\u0639\u062a\u0628\u0631 \u0645\u0631\u0637\u0628\u0627\u064b\u060c \u0645\u0645\u0627 \u064a\u0639\u0646\u064a \u0623\u0646\u0647 \u064a\u0645\u062a\u0635 \u0627\u0644\u0631\u0637\u0648\u0628\u0629 \u0648\u064a\u0646\u0639\u0645 \u0627\u0644\u0628\u0634\u0631\u0629 <em>\u062c\u0644\u062f<\/em>.<\/li>\n<li>\u064a\u0632\u064a\u0644 \u0627\u0644\u062e\u0644\u0627\u064a\u0627 \u0627\u0644\u0645\u064a\u062a\u0629 \u0628\u0644\u0637\u0641 \u0645\u0646 \u0633\u0637\u062d \u0627\u0644\u062c\u0644\u062f <em>\u062c\u0644\u062f<\/em>\u00a0\u0648: \u2013 \u064a\u0642\u0644\u0644 \u0645\u0646 \u0627\u0644\u0645\u0638\u0647\u0631 \u0627\u0644\u0645\u062d\u0628\u0628 \u0644\u0644\u062c\u0644\u062f <a href=\"https:\/\/fr.wikipedia.org\/wiki\/La_Peau\">\u0647\u0646\u0627\u0643\u00a0<em>\u062c\u0644\u062f<\/em><\/a> \u0648\u064a\u0646\u0639\u0645 \u0627\u0644\u062e\u0634\u0648\u0646\u0629.<\/li>\n<\/ul>\n<p><strong>\u0645\u0643\u0648\u0646\u0627\u062a :<\/strong><\/p>\n<p>\u0623\u0643\u0648\u0627\u060c \u0639\u0635\u064a\u0631 \u0623\u0648\u0631\u0627\u0642 \u0646\u0628\u0627\u062a \u0627\u0644\u0635\u0628\u0627\u0631\u060c \u0623\u0633\u064a\u062a\u0627\u062a \u0627\u0644\u0643\u0627\u0643\u0627\u0648 \u0627\u0644\u0635\u0648\u062f\u064a\u0648\u0645\u060c \u062c\u0644\u064a\u0633\u0631\u064a\u0646\u060c \u0644\u0648\u0631\u064a\u0644 \u062c\u0644\u0648\u0643\u0648\u0633\u064a\u062f\u060c \u063a\u0644\u0648\u062a\u0627\u0645\u0627\u062a \u0643\u0648\u0643\u0648\u064a\u0644 \u0627\u0644\u0635\u0648\u062f\u064a\u0648\u0645\u060c \u0643\u0631\u0628\u0648\u0643\u0633\u064a\u0644\u0627\u062a \u062c\u0644\u0648\u0643\u0648\u0632 \u0644\u0648\u0631\u064a\u0644 \u0633\u0648\u0633\u064a\u0648\u0645\u060c \u0645\u0633\u062a\u062e\u0644\u0635 \u0641\u0627\u0643\u0647\u0629 \u0645\u064a\u062a\u064a\u0644\u0648\u0633 \u0644\u0642\u0627\u062d\u060c \u0645\u0633\u062a\u062e\u0644\u0635 \u0623\u0648\u0644\u064a\u0627 \u0623\u0648\u0631\u0648\u0628\u0627 \u0633\u0643\u0648\u0627\u0644\u0627\u0646\u060c \u062d\u0645\u0636 \u0627\u0644\u062c\u0644\u064a\u0643\u0648\u0644\u064a\u0643 \u0644\u0627\u0643\u062a\u0627\u062a \u0627\u0644\u0635\u0648\u062f\u064a\u0648\u0645\u060c PCA \u0627\u0644\u0635\u0648\u062f\u064a\u0648\u0645\u060c \u062c\u0644\u0627\u064a\u0633\u064a\u0646\u060c \u0641\u0631\u0643\u062a\u0648\u0632\u060c \u064a\u0648\u0631\u064a\u0627\u060c \u0646\u064a\u0627\u0633\u064a\u0646\u0627\u0645\u064a\u062f\u060c \u0625\u064a\u0646\u0648\u0632\u064a\u062a\u0648\u0644\u060c \u0628\u0646\u0632\u0648\u0627\u062a \u0627\u0644\u0635\u0648\u062f\u064a\u0648\u0645\u060c \u062d\u0645\u0636 \u0627\u0644\u0644\u0627\u0643\u062a\u064a\u0643.<\/p>\n<p>\u0627\u0643\u062a\u0634\u0641 \u0627\u0644\u0645\u0632\u064a\u062f \u0645\u0646 \u0645\u0646\u062a\u062c\u0627\u062a\u0646\u0627 <a href=\"http:\/\/gerajeune.com\/ar\/soins-corps\/\">\u0627\u0644\u0639\u0646\u0627\u064a\u0629 \u0628\u0627\u0644\u062c\u0633\u0645\u00a0<\/a><\/p>","protected":false},"excerpt":{"rendered":"<p>C&rsquo;est quoi une gel\u00e9e nettoyante ? : C&rsquo;est un soin utilis\u00e9 pour d\u00e9loger tout en douceur les impuret\u00e9s qui s&rsquo;accrochent au film hydrolipidique\u00a0(particules de pollution, poussi\u00e8res, s\u00e9bum, sueur&#8230;), le tout sans d\u00e9caper la peau. Comment utiliser une gel\u00e9e nettoyante ?: Massez sur la peau du visage et du cou pendant dix secondes par des mouvements circulaires. Comptez jusqu&rsquo;\u00e0 dix et le tour est jou\u00e9. Rincez abondamment. Votre peau est d\u00e9sormais pr\u00eate \u00e0 recevoir tous les types de soins. Quand mettre la gel\u00e9e nettoyante ? : Le gel nettoyant visage\u00a0 doit \u00eatre utilis\u00e9s matin et soir. En effet, il est n\u00e9cessaire de purifier la peau le matin au r\u00e9veil pour enlever la transpiration et l&rsquo;exc\u00e8s de s\u00e9bum g\u00e9n\u00e9r\u00e9s durant la nuit , et le soir pour \u00e9liminer toute sorte d&rsquo;impuret\u00e9 issu de maquillage ou de l&rsquo;environnement ext\u00e9rieur . les bienfaits de l&rsquo;alo-vera : Pouvoir Lissant : il poss\u00e8de une action anti-\u00e2ge particuli\u00e8rement efficace. Il resserre les tissus cutan\u00e9s, gr\u00e2ce \u00e0 son effet tenseur imm\u00e9diat. Pouvoir Protecteur : m\u00eame s&rsquo;il p\u00e9n\u00e8tre ais\u00e9ment les diff\u00e9rentes couches de l&rsquo;\u00e9piderme, il forme \u00e0 la surface de la peau\u00a0un film protecteur contre les UV, le vent ou les particules fines. C&rsquo;est un bon rem\u00e8de pour att\u00e9nuer et lutter contre les rides profondes \u00a0les bienfaits de l&rsquo;ur\u00e9e sur la peau : Permet d&rsquo;hydrater les peaux\u00a0les plus s\u00e8ches \u00b7 Elle purifie la\u00a0peau : en cas d&rsquo;acn\u00e9, de com\u00e9dons, ou d&rsquo;irr\u00e9gulation Est un agent humectant , ce qui veut dire qu&rsquo;elle absorbe l&rsquo;humidit\u00e9 et adoucit la peau. Elimine en douceur les cellules mortes de la surface de la peau\u00a0et : &#8211; r\u00e9duit l&rsquo;aspect granuleux de la\u00a0peau et lisse les rugosit\u00e9s. Ingr\u00e9dients : Aqua,aloe barbendensis leaf juice,sodiumcocoamphoacetate, glycerin, lauryl glucoside, sodium cocoyl glutamate, sausium lauryl glucose carboxylate,vaccinu mytillus fruit extract , olea europea squalan extract, glycolic acide sodium lactate, sodium PCA, glycin, fructose, urea, niacinamide, inositol,sodium benzoate, lactic acid . D\u00e9couvrez encore\u00a0 nos produits de soin du corps\u00a0<\/p>","protected":false},"featured_media":6871,"comment_status":"open","ping_status":"closed","template":"","meta":{"_monsterinsights_skip_tracking":false,"_monsterinsights_sitenote_active":false,"_monsterinsights_sitenote_note":"","_monsterinsights_sitenote_category":0,"ocean_post_layout":"","ocean_both_sidebars_style":"","ocean_both_sidebars_content_width":0,"ocean_both_sidebars_sidebars_width":0,"ocean_sidebar":"0","ocean_second_sidebar":"0","ocean_disable_margins":"enable","ocean_add_body_class":"","ocean_shortcode_before_top_bar":"","ocean_shortcode_after_top_bar":"","ocean_shortcode_before_header":"","ocean_shortcode_after_header":"","ocean_has_shortcode":"","ocean_shortcode_after_title":"","ocean_shortcode_before_footer_widgets":"","ocean_shortcode_after_footer_widgets":"","ocean_shortcode_before_footer_bottom":"","ocean_shortcode_after_footer_bottom":"","ocean_display_top_bar":"default","ocean_display_header":"default","ocean_header_style":"","ocean_center_header_left_menu":"0","ocean_custom_header_template":"0","ocean_custom_logo":0,"ocean_custom_retina_logo":0,"ocean_custom_logo_max_width":0,"ocean_custom_logo_tablet_max_width":0,"ocean_custom_logo_mobile_max_width":0,"ocean_custom_logo_max_height":0,"ocean_custom_logo_tablet_max_height":0,"ocean_custom_logo_mobile_max_height":0,"ocean_header_custom_menu":"0","ocean_menu_typo_font_family":"0","ocean_menu_typo_font_subset":"","ocean_menu_typo_font_size":0,"ocean_menu_typo_font_size_tablet":0,"ocean_menu_typo_font_size_mobile":0,"ocean_menu_typo_font_size_unit":"px","ocean_menu_typo_font_weight":"","ocean_menu_typo_font_weight_tablet":"","ocean_menu_typo_font_weight_mobile":"","ocean_menu_typo_transform":"","ocean_menu_typo_transform_tablet":"","ocean_menu_typo_transform_mobile":"","ocean_menu_typo_line_height":0,"ocean_menu_typo_line_height_tablet":0,"ocean_menu_typo_line_height_mobile":0,"ocean_menu_typo_line_height_unit":"","ocean_menu_typo_spacing":0,"ocean_menu_typo_spacing_tablet":0,"ocean_menu_typo_spacing_mobile":0,"ocean_menu_typo_spacing_unit":"","ocean_menu_link_color":"","ocean_menu_link_color_hover":"","ocean_menu_link_color_active":"","ocean_menu_link_background":"","ocean_menu_link_hover_background":"","ocean_menu_link_active_background":"","ocean_menu_social_links_bg":"","ocean_menu_social_hover_links_bg":"","ocean_menu_social_links_color":"","ocean_menu_social_hover_links_color":"","ocean_disable_title":"default","ocean_disable_heading":"default","ocean_post_title":"","ocean_post_subheading":"","ocean_post_title_style":"","ocean_post_title_background_color":"","ocean_post_title_background":0,"ocean_post_title_bg_image_position":"","ocean_post_title_bg_image_attachment":"","ocean_post_title_bg_image_repeat":"","ocean_post_title_bg_image_size":"","ocean_post_title_height":0,"ocean_post_title_bg_overlay":0.5,"ocean_post_title_bg_overlay_color":"","ocean_disable_breadcrumbs":"default","ocean_breadcrumbs_color":"","ocean_breadcrumbs_separator_color":"","ocean_breadcrumbs_links_color":"","ocean_breadcrumbs_links_hover_color":"","ocean_display_footer_widgets":"default","ocean_display_footer_bottom":"default","ocean_custom_footer_template":"0","omw_enable_modal_window":"enable"},"product_brand":[],"product_cat":[157],"product_tag":[],"class_list":{"0":"post-6913","1":"product","2":"type-product","3":"status-publish","4":"has-post-thumbnail","6":"product_cat-soin-corps","8":"entry","9":"has-media","11":"first","12":"instock","13":"taxable","14":"shipping-taxable","15":"product-type-simple","16":"col","17":"span_1_of_3","18":"owp-content-center","19":"owp-thumbs-layout-horizontal","20":"owp-btn-normal","21":"owp-tabs-layout-horizontal","22":"has-no-thumbnails"},"yoast_head":"<!-- This site is optimized with the Yoast SEO plugin v27.0 - https:\/\/yoast.com\/product\/yoast-seo-wordpress\/ -->\n<title>Gel\u00e9e Nettoyante - gerajeune<\/title>\n<meta name=\"description\" content=\"Elimine en douceur et efficacement la salet\u00e9, l&#039;exc\u00e8s de s\u00e9bum et le maquillage sans ab\u00eemer la barri\u00e8re cutan\u00e9es aux ingr\u00e9dients naturels.\" \/>\n<meta name=\"robots\" content=\"index, follow, max-snippet:-1, max-image-preview:large, max-video-preview:-1\" \/>\n<link rel=\"canonical\" href=\"https:\/\/gerajeune.com\/ar\/product\/gelee-nettoyante\/\" \/>\n<meta property=\"og:locale\" content=\"ar_AR\" \/>\n<meta property=\"og:type\" content=\"article\" \/>\n<meta property=\"og:title\" content=\"Gel\u00e9e Nettoyante - gerajeune\" \/>\n<meta property=\"og:description\" content=\"Elimine en douceur et efficacement la salet\u00e9, l&#039;exc\u00e8s de s\u00e9bum et le maquillage sans ab\u00eemer la barri\u00e8re cutan\u00e9es aux ingr\u00e9dients naturels.\" \/>\n<meta property=\"og:url\" content=\"https:\/\/gerajeune.com\/ar\/product\/gelee-nettoyante\/\" \/>\n<meta property=\"og:site_name\" content=\"gerajeune\" \/>\n<meta property=\"article:publisher\" content=\"https:\/\/www.facebook.com\/gerajeune\" \/>\n<meta property=\"og:image\" content=\"https:\/\/gerajeune.com\/wp-content\/uploads\/2024\/02\/IMG_2803-scaled.jpeg\" \/>\n\t<meta property=\"og:image:width\" content=\"1481\" \/>\n\t<meta property=\"og:image:height\" content=\"2560\" \/>\n\t<meta property=\"og:image:type\" content=\"image\/jpeg\" \/>\n<meta name=\"twitter:card\" content=\"summary_large_image\" \/>\n<meta name=\"twitter:label1\" content=\"\u0648\u0642\u062a \u0627\u0644\u0642\u0631\u0627\u0621\u0629 \u0627\u0644\u0645\u064f\u0642\u062f\u0651\u0631\" \/>\n\t<meta name=\"twitter:data1\" content=\"\u062f\u0642\u064a\u0642\u062a\u0627\u0646\" \/>\n<script type=\"application\/ld+json\" class=\"yoast-schema-graph\">{\"@context\":\"https:\/\/schema.org\",\"@graph\":[{\"@type\":\"WebPage\",\"@id\":\"https:\/\/gerajeune.com\/produit\/gelee-nettoyante\/\",\"url\":\"https:\/\/gerajeune.com\/produit\/gelee-nettoyante\/\",\"name\":\"Gel\u00e9e Nettoyante - gerajeune\",\"isPartOf\":{\"@id\":\"https:\/\/gerajeune.com\/#website\"},\"primaryImageOfPage\":{\"@id\":\"https:\/\/gerajeune.com\/produit\/gelee-nettoyante\/#primaryimage\"},\"image\":{\"@id\":\"https:\/\/gerajeune.com\/produit\/gelee-nettoyante\/#primaryimage\"},\"thumbnailUrl\":\"https:\/\/gerajeune.com\/wp-content\/uploads\/2024\/02\/IMG_2803-scaled.jpeg\",\"datePublished\":\"2024-04-30T09:30:42+00:00\",\"description\":\"Elimine en douceur et efficacement la salet\u00e9, l'exc\u00e8s de s\u00e9bum et le maquillage sans ab\u00eemer la barri\u00e8re cutan\u00e9es aux ingr\u00e9dients naturels.\",\"breadcrumb\":{\"@id\":\"https:\/\/gerajeune.com\/produit\/gelee-nettoyante\/#breadcrumb\"},\"inLanguage\":\"ar\",\"potentialAction\":[{\"@type\":\"ReadAction\",\"target\":[\"https:\/\/gerajeune.com\/produit\/gelee-nettoyante\/\"]}]},{\"@type\":\"ImageObject\",\"inLanguage\":\"ar\",\"@id\":\"https:\/\/gerajeune.com\/produit\/gelee-nettoyante\/#primaryimage\",\"url\":\"https:\/\/gerajeune.com\/wp-content\/uploads\/2024\/02\/IMG_2803-scaled.jpeg\",\"contentUrl\":\"https:\/\/gerajeune.com\/wp-content\/uploads\/2024\/02\/IMG_2803-scaled.jpeg\",\"width\":1481,\"height\":2560,\"caption\":\"Gel aloe vera\"},{\"@type\":\"BreadcrumbList\",\"@id\":\"https:\/\/gerajeune.com\/produit\/gelee-nettoyante\/#breadcrumb\",\"itemListElement\":[{\"@type\":\"ListItem\",\"position\":1,\"name\":\"Accueil\",\"item\":\"https:\/\/gerajeune.com\/\"},{\"@type\":\"ListItem\",\"position\":2,\"name\":\"Produits\",\"item\":\"https:\/\/gerajeune.com\/__trashed-6\/\"},{\"@type\":\"ListItem\",\"position\":3,\"name\":\"Gel\u00e9e Nettoyante\"}]},{\"@type\":\"WebSite\",\"@id\":\"https:\/\/gerajeune.com\/#website\",\"url\":\"https:\/\/gerajeune.com\/\",\"name\":\"gerajeune\",\"description\":\"Naturellement belle, visiblement jeune\",\"publisher\":{\"@id\":\"https:\/\/gerajeune.com\/#organization\"},\"potentialAction\":[{\"@type\":\"SearchAction\",\"target\":{\"@type\":\"EntryPoint\",\"urlTemplate\":\"https:\/\/gerajeune.com\/?s={search_term_string}\"},\"query-input\":{\"@type\":\"PropertyValueSpecification\",\"valueRequired\":true,\"valueName\":\"search_term_string\"}}],\"inLanguage\":\"ar\"},{\"@type\":\"Organization\",\"@id\":\"https:\/\/gerajeune.com\/#organization\",\"name\":\"gerajeune\",\"url\":\"https:\/\/gerajeune.com\/\",\"logo\":{\"@type\":\"ImageObject\",\"inLanguage\":\"ar\",\"@id\":\"https:\/\/gerajeune.com\/#\/schema\/logo\/image\/\",\"url\":\"http:\/\/gerajeune.com\/wp-content\/uploads\/2021\/12\/cropped-logo-modifier-1-e1645608409226.png\",\"contentUrl\":\"http:\/\/gerajeune.com\/wp-content\/uploads\/2021\/12\/cropped-logo-modifier-1-e1645608409226.png\",\"width\":250,\"height\":120,\"caption\":\"gerajeune\"},\"image\":{\"@id\":\"https:\/\/gerajeune.com\/#\/schema\/logo\/image\/\"},\"sameAs\":[\"https:\/\/www.facebook.com\/gerajeune\",\"https:\/\/www.instagram.com\/gerajeune\/reels\/?hl=fr\"]}]}<\/script>\n<!-- \/ Yoast SEO plugin. -->","yoast_head_json":{"title":"Gel\u00e9e Nettoyante - gerajeune","description":"Elimine en douceur et efficacement la salet\u00e9, l'exc\u00e8s de s\u00e9bum et le maquillage sans ab\u00eemer la barri\u00e8re cutan\u00e9es aux ingr\u00e9dients naturels.","robots":{"index":"index","follow":"follow","max-snippet":"max-snippet:-1","max-image-preview":"max-image-preview:large","max-video-preview":"max-video-preview:-1"},"canonical":"https:\/\/gerajeune.com\/ar\/product\/gelee-nettoyante\/","og_locale":"ar_AR","og_type":"article","og_title":"Gel\u00e9e Nettoyante - gerajeune","og_description":"Elimine en douceur et efficacement la salet\u00e9, l'exc\u00e8s de s\u00e9bum et le maquillage sans ab\u00eemer la barri\u00e8re cutan\u00e9es aux ingr\u00e9dients naturels.","og_url":"https:\/\/gerajeune.com\/ar\/product\/gelee-nettoyante\/","og_site_name":"gerajeune","article_publisher":"https:\/\/www.facebook.com\/gerajeune","og_image":[{"width":1481,"height":2560,"url":"https:\/\/gerajeune.com\/wp-content\/uploads\/2024\/02\/IMG_2803-scaled.jpeg","type":"image\/jpeg"}],"twitter_card":"summary_large_image","twitter_misc":{"\u0648\u0642\u062a \u0627\u0644\u0642\u0631\u0627\u0621\u0629 \u0627\u0644\u0645\u064f\u0642\u062f\u0651\u0631":"\u062f\u0642\u064a\u0642\u062a\u0627\u0646"},"schema":{"@context":"https:\/\/schema.org","@graph":[{"@type":"WebPage","@id":"https:\/\/gerajeune.com\/produit\/gelee-nettoyante\/","url":"https:\/\/gerajeune.com\/produit\/gelee-nettoyante\/","name":"Gel\u00e9e Nettoyante - gerajeune","isPartOf":{"@id":"https:\/\/gerajeune.com\/#website"},"primaryImageOfPage":{"@id":"https:\/\/gerajeune.com\/produit\/gelee-nettoyante\/#primaryimage"},"image":{"@id":"https:\/\/gerajeune.com\/produit\/gelee-nettoyante\/#primaryimage"},"thumbnailUrl":"https:\/\/gerajeune.com\/wp-content\/uploads\/2024\/02\/IMG_2803-scaled.jpeg","datePublished":"2024-04-30T09:30:42+00:00","description":"Elimine en douceur et efficacement la salet\u00e9, l'exc\u00e8s de s\u00e9bum et le maquillage sans ab\u00eemer la barri\u00e8re cutan\u00e9es aux ingr\u00e9dients naturels.","breadcrumb":{"@id":"https:\/\/gerajeune.com\/produit\/gelee-nettoyante\/#breadcrumb"},"inLanguage":"ar","potentialAction":[{"@type":"ReadAction","target":["https:\/\/gerajeune.com\/produit\/gelee-nettoyante\/"]}]},{"@type":"ImageObject","inLanguage":"ar","@id":"https:\/\/gerajeune.com\/produit\/gelee-nettoyante\/#primaryimage","url":"https:\/\/gerajeune.com\/wp-content\/uploads\/2024\/02\/IMG_2803-scaled.jpeg","contentUrl":"https:\/\/gerajeune.com\/wp-content\/uploads\/2024\/02\/IMG_2803-scaled.jpeg","width":1481,"height":2560,"caption":"Gel aloe vera"},{"@type":"BreadcrumbList","@id":"https:\/\/gerajeune.com\/produit\/gelee-nettoyante\/#breadcrumb","itemListElement":[{"@type":"ListItem","position":1,"name":"Accueil","item":"https:\/\/gerajeune.com\/"},{"@type":"ListItem","position":2,"name":"Produits","item":"https:\/\/gerajeune.com\/__trashed-6\/"},{"@type":"ListItem","position":3,"name":"Gel\u00e9e Nettoyante"}]},{"@type":"WebSite","@id":"https:\/\/gerajeune.com\/#website","url":"https:\/\/gerajeune.com\/","name":"com.gerayoung","description":"\u062c\u0645\u064a\u0644\u0629 \u0628\u0634\u0643\u0644 \u0637\u0628\u064a\u0639\u064a\u060c \u0634\u0627\u0628\u0629 \u0628\u0634\u0643\u0644 \u0648\u0627\u0636\u062d","publisher":{"@id":"https:\/\/gerajeune.com\/#organization"},"potentialAction":[{"@type":"SearchAction","target":{"@type":"EntryPoint","urlTemplate":"https:\/\/gerajeune.com\/?s={search_term_string}"},"query-input":{"@type":"PropertyValueSpecification","valueRequired":true,"valueName":"search_term_string"}}],"inLanguage":"ar"},{"@type":"Organization","@id":"https:\/\/gerajeune.com\/#organization","name":"com.gerayoung","url":"https:\/\/gerajeune.com\/","logo":{"@type":"ImageObject","inLanguage":"ar","@id":"https:\/\/gerajeune.com\/#\/schema\/logo\/image\/","url":"http:\/\/gerajeune.com\/wp-content\/uploads\/2021\/12\/cropped-logo-modifier-1-e1645608409226.png","contentUrl":"http:\/\/gerajeune.com\/wp-content\/uploads\/2021\/12\/cropped-logo-modifier-1-e1645608409226.png","width":250,"height":120,"caption":"gerajeune"},"image":{"@id":"https:\/\/gerajeune.com\/#\/schema\/logo\/image\/"},"sameAs":["https:\/\/www.facebook.com\/gerajeune","https:\/\/www.instagram.com\/gerajeune\/reels\/?hl=fr"]}]}},"jetpack_sharing_enabled":true,"_links":{"self":[{"href":"https:\/\/gerajeune.com\/ar\/wp-json\/wp\/v2\/product\/6913","targetHints":{"allow":["GET"]}}],"collection":[{"href":"https:\/\/gerajeune.com\/ar\/wp-json\/wp\/v2\/product"}],"about":[{"href":"https:\/\/gerajeune.com\/ar\/wp-json\/wp\/v2\/types\/product"}],"replies":[{"embeddable":true,"href":"https:\/\/gerajeune.com\/ar\/wp-json\/wp\/v2\/comments?post=6913"}],"version-history":[{"count":2,"href":"https:\/\/gerajeune.com\/ar\/wp-json\/wp\/v2\/product\/6913\/revisions"}],"predecessor-version":[{"id":7014,"href":"https:\/\/gerajeune.com\/ar\/wp-json\/wp\/v2\/product\/6913\/revisions\/7014"}],"wp:featuredmedia":[{"embeddable":true,"href":"https:\/\/gerajeune.com\/ar\/wp-json\/wp\/v2\/media\/6871"}],"wp:attachment":[{"href":"https:\/\/gerajeune.com\/ar\/wp-json\/wp\/v2\/media?parent=6913"}],"wp:term":[{"taxonomy":"product_brand","embeddable":true,"href":"https:\/\/gerajeune.com\/ar\/wp-json\/wp\/v2\/product_brand?post=6913"},{"taxonomy":"product_cat","embeddable":true,"href":"https:\/\/gerajeune.com\/ar\/wp-json\/wp\/v2\/product_cat?post=6913"},{"taxonomy":"product_tag","embeddable":true,"href":"https:\/\/gerajeune.com\/ar\/wp-json\/wp\/v2\/product_tag?post=6913"}],"curies":[{"name":"wp","href":"https:\/\/api.w.org\/{rel}","templated":true}]}}