{"id":6930,"date":"2024-04-08T11:01:34","date_gmt":"2024-04-08T10:01:34","guid":{"rendered":"http:\/\/gerajeune.com\/?post_type=product&#038;p=6930"},"modified":"2024-08-06T18:26:42","modified_gmt":"2024-08-06T17:26:42","slug":"fond-de-teint-naturel","status":"publish","type":"product","link":"https:\/\/gerajeune.com\/ar\/product\/fond-de-teint-naturel\/","title":{"rendered":"\u0645\u0624\u0633\u0633\u0629 \u0637\u0628\u064a\u0639\u064a\u0629"},"content":{"rendered":"<p>\u0643\u0631\u064a\u0645 \u0627\u0644\u0623\u0633\u0627\u0633 \u0627\u0644\u0637\u0628\u064a\u0639\u064a: \u0639\u0644\u0649 \u0639\u0643\u0633 \u0645\u0627 \u0642\u062f \u064a\u0639\u062a\u0642\u062f\u0647 \u0627\u0644\u0645\u0631\u0621\u060c \u0641\u0625\u0646 \u0643\u0631\u064a\u0645 \u0627\u0644\u0623\u0633\u0627\u0633 \u0627\u0644\u0637\u0628\u064a\u0639\u064a \u0644\u0647 \u0646\u0641\u0633 \u0641\u0639\u0627\u0644\u064a\u0629 \u0643\u0631\u064a\u0645 \u0627\u0644\u0623\u0633\u0627\u0633 \u0627\u0644\u0643\u0644\u0627\u0633\u064a\u0643\u064a. \u0625\u0644\u0627 \u0623\u0646\u0647\u0627 \u062a\u062d\u062a\u0648\u064a \u0639\u0644\u0649 \u062a\u0631\u0643\u064a\u0628\u0629 \u0623\u0643\u062b\u0631 \u0635\u062d\u0629 \u0644\u0628\u0634\u0631\u062a\u0646\u0627\u060c \u0648\u063a\u0627\u0644\u0628\u064b\u0627 \u0645\u0627 \u062a\u0643\u0648\u0646 \u0644\u0647\u0627 \u0641\u0648\u0627\u0626\u062f \u0639\u062f\u064a\u062f\u0629.<\/p>\n<h4><strong>\u0644\u0645\u0627\u0630\u0627 \u0645\u0624\u0633\u0633\u0629 Gerajeune\u061f<\/strong><\/h4>\n<ul>\n<li>\u0635\u064a\u063a\u0629 \u0637\u0628\u064a\u0639\u064a\u0629<\/li>\n<li>\u0644\u0627 \u064a\u062d\u062a\u0648\u064a \u0639\u0644\u0649 \u0645\u0643\u0648\u0646\u0627\u062a \u0628\u062a\u0631\u0648\u0643\u064a\u0645\u0627\u0648\u064a\u0629<\/li>\n<li>\u0642\u0648\u0629 \u0645\u063a\u0630\u064a\u0629<\/li>\n<li>\u0627\u0644\u062d\u0645\u0627\u064a\u0629 \u0645\u0646 \u0627\u0644\u0634\u0645\u0633 spf 30<\/li>\n<li>\u0639\u0645\u0644\u064a: \u0639\u0644\u0649 \u0634\u0643\u0644 \u0623\u0648\u0627\u0646\u064a \u0635\u063a\u064a\u0631\u0629<\/li>\n<li>\u0645\u0631\u0637\u0628<\/li>\n<\/ul>\n<p><strong>\u062f\u0648\u0631 \u0627\u0644\u0623\u0633\u0627\u0633:<\/strong><\/p>\n<ul>\n<li>\u064a\u0633\u0627\u0639\u062f \u0639\u0644\u0649 \u062a\u0648\u062d\u064a\u062f \u0644\u0648\u0646 \u0627\u0644\u0628\u0634\u0631\u0629<\/li>\n<li>\u0643\u0645\u0627 \u064a\u0642\u0644\u0644 \u0645\u0646 \u0648\u0636\u0648\u062d \u0627\u0644\u0639\u064a\u0648\u0628<\/li>\n<li>\u062d\u0645\u0627\u064a\u0629<a title=\"\" href=\"https:\/\/fr.wikipedia.org\/wiki\/%C3%89piderme_(anatomie)\">\u0627\u0644\u0628\u0634\u0631\u0629<\/a><\/li>\n<\/ul>\n<p><strong>\u0645\u0639\u0627\u064a\u064a\u0631 \u0627\u062e\u062a\u064a\u0627\u0631 \u0627\u0644\u0623\u0633\u0627\u0633:<\/strong><\/p>\n<p>\u0623\u0648\u0644\u0627\u064b\u060c \u0627\u062e\u062a\u0627\u0631\u064a \u0627\u0644\u0638\u0644 \u0627\u0644\u0645\u0646\u0627\u0633\u0628 \u0644\u0628\u0634\u0631\u062a\u0643\u060c \u0648\u062b\u0627\u0646\u064a\u064b\u0627 \u062a\u0623\u0643\u062f\u064a \u0645\u0646 \u0623\u0646 \u0627\u0644\u0638\u0644 \u0644\u0627 \u064a\u0646\u0628\u063a\u064a \u0623\u0646 \u064a\u0643\u0648\u0646 \u062f\u0627\u0643\u0646\u064b\u0627 \u062c\u062f\u064b\u0627 \u0623\u0648 \u063a\u0627\u0645\u0642\u064b\u0627 \u0623\u0648 \u0641\u0627\u062a\u062d\u064b\u0627 \u062c\u062f\u064b\u0627\u060c \u0648\u0623\u062e\u064a\u0631\u064b\u0627 \u062a\u0623\u0643\u062f\u064a \u0645\u0646 \u0645\u0639\u0631\u0641\u0629 \u0627\u0644\u062f\u0631\u062c\u0629 \u0627\u0644\u062a\u062d\u062a\u064a\u0629 \u0644\u0628\u0634\u0631\u062a\u0643 \u0645\u0645\u0627 \u064a\u0633\u0645\u062d \u0644\u0643 \u0628\u062a\u062d\u062f\u064a\u062f \u0645\u0627 \u0625\u0630\u0627 \u0643\u0627\u0646 \u064a\u062c\u0628 \u0639\u0644\u064a\u0643 \u0627\u0644\u062a\u0648\u062c\u0647 \u0625\u0644\u0649 \u0627\u0644\u0644\u0648\u0646 \u0627\u0644\u0630\u0647\u0628\u064a \u0623\u0648 \u0627\u0644\u0630\u0647\u0628\u064a. \u0627\u0644\u0623\u0633\u0627\u0633 \u0627\u0644\u0648\u0631\u062f\u064a<\/p>\n<p><strong>\u0627\u062a\u062c\u0627\u0647\u0627\u062a \u0644\u0644\u0627\u0633\u062a\u062e\u062f\u0627\u0645:\u00a0<\/strong><\/p>\n<ol>\n<li>\u0636\u0639\u064a \u0643\u0631\u064a\u0645 \u0627\u0644\u0623\u0633\u0627\u0633 \u0641\u064a \u0627\u0644\u0635\u0628\u0627\u062d \u0639\u0644\u0649 \u0627\u0644\u0648\u062c\u0647 \u0648\u0627\u0644\u0631\u0642\u0628\u0629 \u0628\u0639\u062f \u0639\u0644\u0627\u062c \u064a\u0648\u0645 Gerajeune.<\/li>\n<li>\u062b\u0645 \u0636\u0639\u064a \u0644\u0645\u0633\u0629 \u0645\u0646 \u0643\u0631\u064a\u0645 \u0627\u0644\u0623\u0633\u0627\u0633 \u0639\u0644\u0649 \u0627\u0644\u062c\u0628\u0647\u0629 \u0648\u0627\u0644\u0623\u0646\u0641 \u0648\u0627\u0644\u0630\u0642\u0646 \u0648\u0639\u0638\u0627\u0645 \u0627\u0644\u062e\u062f<\/li>\n<li>\u00a0\u062b\u0645 \u0627\u0646\u062a\u0634\u0631 \u0639\u0646 \u0637\u0631\u064a\u0642 \u0645\u062f \u0627\u0644\u0642\u0648\u0627\u0645 \u0645\u0646 \u0645\u0646\u062a\u0635\u0641 \u0627\u0644\u0648\u062c\u0647 \u0625\u0644\u0649 \u0627\u0644\u062e\u0627\u0631\u062c.<\/li>\n<li>\u0641\u064a \u0627\u0644\u0646\u0647\u0627\u064a\u0629\u060c \u0627\u0645\u0632\u062c\u064a \u0643\u0631\u064a\u0645 \u0627\u0644\u0623\u0633\u0627\u0633<\/li>\n<\/ol>\n<p><strong>\u0645\u062e\u0627\u0648\u0641:<\/strong><\/p>\n<p>\u0645\u0643\u064a\u0627\u062c \u0627\u0644\u0628\u0634\u0631\u0629. \u062a\u063a\u0637\u064a\u0629 \u062e\u0641\u064a\u0641\u0629. \u0644\u0645\u0633\u0629 \u0646\u0647\u0627\u0626\u064a\u0629 \u062d\u0631\u064a\u0631\u064a\u0629 \u0648\u0645\u062e\u0645\u0644\u064a\u0629.<\/p>\n<p><strong>\u0627\u0644\u0645\u0643\u0648\u0646\u0627\u062a \u0627\u0644\u0646\u0634\u0637\u0629:<\/strong><\/p>\n<p><em>\u0641\u064a\u062a\u0627\u0645\u064a\u0646 \u062c:<\/em><\/p>\n<ul>\n<li>\u064a\u062d\u0641\u0632 \u0625\u0646\u062a\u0627\u062c \u0627\u0644\u0643\u0648\u0644\u0627\u062c\u064a\u0646.<\/li>\n<li>\u064a\u062c\u0644\u0628 \u0627\u0644\u062d\u0632\u0645 \u0648\u0627\u0644\u0645\u0631\u0648\u0646\u0629 \u0644\u0644\u0628\u0634\u0631\u0629.<\/li>\n<li>\u00a0\u062d\u0627\u0645\u064a \u0636\u062f \u0627\u0644\u0647\u062c\u0645\u0627\u062a \u0627\u0644\u064a\u0648\u0645\u064a\u0629<\/li>\n<li>\u064a\u0642\u0648\u064a \u062f\u0641\u0627\u0639\u0627\u062a \u0627\u0644\u062c\u0644\u062f<\/li>\n<li>\u064a\u0639\u0632\u0632 \u0627\u0644\u0642\u0636\u0627\u0621 \u0639\u0644\u0649 \u0627\u0644\u062e\u0644\u0627\u064a\u0627 \u0627\u0644\u0645\u064a\u062a\u0629<\/li>\n<\/ul>\n<p><em>\u0641\u064a\u062a\u0627\u0645\u064a\u0646 \u0647\u0640:<\/em><\/p>\n<ul>\n<li>\u0639\u0646\u0635\u0631 \u0646\u0634\u0637 \u0645\u0636\u0627\u062f \u0644\u0644\u0634\u064a\u062e\u0648\u062e\u0629 \u0628\u0633\u0628\u0628 \u062e\u0635\u0627\u0626\u0635\u0647 \u0627\u0644\u0645\u0636\u0627\u062f\u0629 \u0644\u0644\u0623\u0643\u0633\u062f\u0629<\/li>\n<li>\u0645\u0646\u0639 \u0627\u0644\u0625\u062c\u0647\u0627\u062f \u0627\u0644\u062a\u0623\u0643\u0633\u062f\u064a \u0644\u0644\u062e\u0644\u0627\u064a\u0627<\/li>\n<li>\u064a\u0642\u0644\u0644 \u0645\u0646 \u062a\u0644\u0641 \u0627\u0644\u062c\u0644\u062f \u0627\u0644\u0645\u0631\u062a\u0628\u0637 \u0628\u0627\u0644\u0627\u0639\u062a\u062f\u0627\u0621\u0627\u062a \u0627\u0644\u062e\u0627\u0631\u062c\u064a\u0629<\/li>\n<\/ul>\n<p><strong>\u0645\u0643\u0648\u0646\u0627\u062a :<\/strong><\/p>\n<p>\u0645\u064a\u0643\u0627 \u0632\u064a \u0645\u064a\u0633\u060c \u0643\u0627\u0628\u0631\u064a\u0644\u0627\u062a \u062c\u0648\u0632 \u0627\u0644\u0647\u0646\u062f\u060c \u0633\u062a\u064a\u0631\u0627\u062a \u0623\u0643\u0633\u064a\u062f \u0627\u0644\u0632\u0646\u0643\u060c \u062c\u0644\u0633\u0631\u064a\u0646\u060c \u0628\u0646\u062b\u064a\u0644\u064a\u0646 \u062c\u0644\u0627\u064a\u0643\u0648\u0644\u060c \u0627\u0644\u062c\u0648\u062c\u0648\u0628\u0627\u060c \u0632\u064a\u062a \u0627\u0644\u0628\u0630\u0648\u0631\u060c \u0627\u0644\u0639\u062f\u0633\u060c \u0632\u064a\u062a \u0627\u0644\u0641\u0633\u062a\u0642\u060c \u062a\u0648\u0643\u0648\u0641\u064a\u0646\u0648\u0644\u060c \u0628\u0627\u0644\u0645\u064a\u062a\u0627\u062a \u0627\u0644\u0623\u0633\u0643\u0648\u0631\u064a\u0644\u060c \u0627\u0644\u0639\u0637\u0631\u060c \u0628\u0646\u0632\u0648\u0627\u062a \u0627\u0644\u0635\u0648\u062f\u064a\u0648\u0645 \u0627\u0644\u0633\u062a\u0631\u064a\u0643\u060c \u062d\u0645\u0636 \u0642\u062f \u064a\u062d\u062a\u0648\u064a \u0639\u0644\u0649.<\/p>\n<p>\u0627\u0643\u062a\u0634\u0641 \u0623\u064a\u0636\u064b\u0627:<\/p>\n<ul>\n<li><a href=\"http:\/\/gerajeune.com\/ar\/product\/natural-lip-gloss-15ml\/\">\u0645\u0644\u0645\u0639 \u0634\u0641\u0627\u0647 \u0637\u0628\u064a\u0639\u064a<\/a><\/li>\n<li><a href=\"http:\/\/gerajeune.com\/ar\/product\/natural-eye-shadow\/\">\u0638\u0644\u0627\u0644 \u0627\u0644\u0639\u064a\u0648\u0646 \u0627\u0644\u0637\u0628\u064a\u0639\u064a\u0629\u00a0<\/a><\/li>\n<li><a href=\"http:\/\/gerajeune.com\/ar\/product\/baume-a-levres-naturel\/\">\u0645\u0631\u0647\u0645 \u0627\u0644\u0634\u0641\u0629\u00a0<\/a><\/li>\n<\/ul>","protected":false},"excerpt":{"rendered":"<p>Fond de Teint Naturel :Contrairement \u00e0 ce que l\u2019on pourrait penser, les fonds de teint Naturels\u00a0 sont tout aussi efficaces que les fonds de teint classiques. Si ce n\u2019est qu\u2019ils ont une composition bien plus saine pour notre peau, et souvent de nombreux b\u00e9n\u00e9fices. Pourquoi un Fond de teint\u00a0 Gerajeune ? De formule naturelle Ne contient\u00a0 pas d\u2019ingr\u00e9dients issus de la p\u00e9trochimie Pouvoir nourrissant protection solaire spf 30 Pratique : sous forme de petits pots Hydratant le r\u00f4le du fond de teint : permet d&rsquo;unifier le teint permet encore\u00a0 d&rsquo;att\u00e9nuer \u00a0la visibilit\u00e9 des imperfections prot\u00e9ger l&rsquo;\u00e9piderme crit\u00e8res\u00a0 de choix du fond de teint : Premi\u00e8rement s\u00e9lectionner la teinte qui correspond \u00e0 sa peau , deuxi\u00e8mement assurez vous que La teinte doit \u00eatre ni trop fonc\u00e9e, fonc\u00e9 ni trop claire , en fin assurez vous de connaitre le sous-ton de votre peau ce qui vous permet de d\u00e9terminer si vous devez vous diriger vers un fond de teint dor\u00e9 ou ros\u00e9 Conseils D\u2019utilisation :\u00a0 Appliquer le fond de teint e matin sur le visage et le cou apr\u00e8s un soin de jour de Gerajeune Puis d\u00e9poser une touche de fond de teint sur le front, le nez, le menton et les pommettes \u00a0En suite Etaler en \u00e9tirant la texture du centre du visage vers l\u2019ext\u00e9rieur. En fin Estomper le fond de teint Pr\u00e9occupations: Maquillage du teint. Couvrance l\u00e9g\u00e8re. Fini soyeux et velout\u00e9. principes actifs : vitamine C : stimule la production de collag\u00e8ne. apporte la\u00a0 fermet\u00e9 et \u00e9lasticit\u00e9 de la peau . \u00a0protecteur contre les agressions du quotidien renforce les d\u00e9fenses de la\u00a0peau favorise l&rsquo;\u00e9limination des cellules mortes vitamine E: actif anti-\u00e2ge par ses propri\u00e9t\u00e9s antioxydantes emp\u00eachent le stress oxydatif des cellules r\u00e9duit les dommages cutan\u00e9s li\u00e9s aux agressions ext\u00e9rieures Ingr\u00e9dients : Mica zea mays ,coco caprylate, zinc oxyde stearate ,glycerol,penthylene glycol,jojoba,seed oil,lentiscus,pistacia oil,tocophenol,ascorylpalmitate,fragrance,sodium benzoate citric ,acid may contan . d\u00e9couvrez aussi : Natural Lip gloss Natural Eye Shadow\u00a0 baume a l\u00e8vres\u00a0<\/p>","protected":false},"featured_media":0,"comment_status":"open","ping_status":"closed","template":"","meta":{"_monsterinsights_skip_tracking":false,"_monsterinsights_sitenote_active":false,"_monsterinsights_sitenote_note":"","_monsterinsights_sitenote_category":0,"ocean_post_layout":"","ocean_both_sidebars_style":"","ocean_both_sidebars_content_width":0,"ocean_both_sidebars_sidebars_width":0,"ocean_sidebar":"0","ocean_second_sidebar":"0","ocean_disable_margins":"enable","ocean_add_body_class":"","ocean_shortcode_before_top_bar":"","ocean_shortcode_after_top_bar":"","ocean_shortcode_before_header":"","ocean_shortcode_after_header":"","ocean_has_shortcode":"","ocean_shortcode_after_title":"","ocean_shortcode_before_footer_widgets":"","ocean_shortcode_after_footer_widgets":"","ocean_shortcode_before_footer_bottom":"","ocean_shortcode_after_footer_bottom":"","ocean_display_top_bar":"default","ocean_display_header":"default","ocean_header_style":"","ocean_center_header_left_menu":"0","ocean_custom_header_template":"0","ocean_custom_logo":0,"ocean_custom_retina_logo":0,"ocean_custom_logo_max_width":0,"ocean_custom_logo_tablet_max_width":0,"ocean_custom_logo_mobile_max_width":0,"ocean_custom_logo_max_height":0,"ocean_custom_logo_tablet_max_height":0,"ocean_custom_logo_mobile_max_height":0,"ocean_header_custom_menu":"0","ocean_menu_typo_font_family":"0","ocean_menu_typo_font_subset":"","ocean_menu_typo_font_size":0,"ocean_menu_typo_font_size_tablet":0,"ocean_menu_typo_font_size_mobile":0,"ocean_menu_typo_font_size_unit":"px","ocean_menu_typo_font_weight":"","ocean_menu_typo_font_weight_tablet":"","ocean_menu_typo_font_weight_mobile":"","ocean_menu_typo_transform":"","ocean_menu_typo_transform_tablet":"","ocean_menu_typo_transform_mobile":"","ocean_menu_typo_line_height":0,"ocean_menu_typo_line_height_tablet":0,"ocean_menu_typo_line_height_mobile":0,"ocean_menu_typo_line_height_unit":"","ocean_menu_typo_spacing":0,"ocean_menu_typo_spacing_tablet":0,"ocean_menu_typo_spacing_mobile":0,"ocean_menu_typo_spacing_unit":"","ocean_menu_link_color":"","ocean_menu_link_color_hover":"","ocean_menu_link_color_active":"","ocean_menu_link_background":"","ocean_menu_link_hover_background":"","ocean_menu_link_active_background":"","ocean_menu_social_links_bg":"","ocean_menu_social_hover_links_bg":"","ocean_menu_social_links_color":"","ocean_menu_social_hover_links_color":"","ocean_disable_title":"default","ocean_disable_heading":"default","ocean_post_title":"","ocean_post_subheading":"","ocean_post_title_style":"","ocean_post_title_background_color":"","ocean_post_title_background":0,"ocean_post_title_bg_image_position":"","ocean_post_title_bg_image_attachment":"","ocean_post_title_bg_image_repeat":"","ocean_post_title_bg_image_size":"","ocean_post_title_height":0,"ocean_post_title_bg_overlay":0.5,"ocean_post_title_bg_overlay_color":"","ocean_disable_breadcrumbs":"default","ocean_breadcrumbs_color":"","ocean_breadcrumbs_separator_color":"","ocean_breadcrumbs_links_color":"","ocean_breadcrumbs_links_hover_color":"","ocean_display_footer_widgets":"default","ocean_display_footer_bottom":"default","ocean_custom_footer_template":"0","omw_enable_modal_window":"enable"},"product_brand":[],"product_cat":[158],"product_tag":[],"class_list":{"0":"post-6930","1":"product","2":"type-product","3":"status-publish","5":"product_cat-clean-beauty","7":"entry","9":"first","10":"instock","11":"sale","12":"taxable","13":"shipping-taxable","14":"purchasable","15":"product-type-simple","16":"col","17":"span_1_of_3","18":"owp-content-center","19":"owp-thumbs-layout-horizontal","20":"owp-btn-normal","21":"owp-tabs-layout-horizontal","22":"has-no-thumbnails"},"yoast_head":"<!-- This site is optimized with the Yoast SEO plugin v27.0 - https:\/\/yoast.com\/product\/yoast-seo-wordpress\/ -->\n<title>Fond de Teint Naturel - gerajeune<\/title>\n<meta name=\"description\" content=\"Profitez d&#039;une texture fluide et l\u00e9g\u00e8re issue de formule Naturelle non dess\u00e9chante \u00e0 0% silicone, parfum et colorant de synth\u00e8se.\" \/>\n<meta name=\"robots\" content=\"index, follow, max-snippet:-1, max-image-preview:large, max-video-preview:-1\" \/>\n<link rel=\"canonical\" href=\"https:\/\/gerajeune.com\/ar\/product\/fond-de-teint-naturel\/\" \/>\n<meta property=\"og:locale\" content=\"ar_AR\" \/>\n<meta property=\"og:type\" content=\"article\" \/>\n<meta property=\"og:title\" content=\"Fond de Teint Naturel - gerajeune\" \/>\n<meta property=\"og:description\" content=\"Profitez d&#039;une texture fluide et l\u00e9g\u00e8re issue de formule Naturelle non dess\u00e9chante \u00e0 0% silicone, parfum et colorant de synth\u00e8se.\" \/>\n<meta property=\"og:url\" content=\"https:\/\/gerajeune.com\/ar\/product\/fond-de-teint-naturel\/\" \/>\n<meta property=\"og:site_name\" content=\"gerajeune\" \/>\n<meta property=\"article:publisher\" content=\"https:\/\/www.facebook.com\/gerajeune\" \/>\n<meta property=\"article:modified_time\" content=\"2024-08-06T17:26:42+00:00\" \/>\n<meta name=\"twitter:card\" content=\"summary_large_image\" \/>\n<meta name=\"twitter:label1\" content=\"\u0648\u0642\u062a \u0627\u0644\u0642\u0631\u0627\u0621\u0629 \u0627\u0644\u0645\u064f\u0642\u062f\u0651\u0631\" \/>\n\t<meta name=\"twitter:data1\" content=\"\u062f\u0642\u064a\u0642\u062a\u0627\u0646\" \/>\n<script type=\"application\/ld+json\" class=\"yoast-schema-graph\">{\"@context\":\"https:\/\/schema.org\",\"@graph\":[{\"@type\":\"WebPage\",\"@id\":\"https:\/\/gerajeune.com\/produit\/fond-de-teint-naturel\/\",\"url\":\"https:\/\/gerajeune.com\/produit\/fond-de-teint-naturel\/\",\"name\":\"Fond de Teint Naturel - gerajeune\",\"isPartOf\":{\"@id\":\"https:\/\/gerajeune.com\/#website\"},\"datePublished\":\"2024-04-08T10:01:34+00:00\",\"dateModified\":\"2024-08-06T17:26:42+00:00\",\"description\":\"Profitez d'une texture fluide et l\u00e9g\u00e8re issue de formule Naturelle non dess\u00e9chante \u00e0 0% silicone, parfum et colorant de synth\u00e8se.\",\"breadcrumb\":{\"@id\":\"https:\/\/gerajeune.com\/produit\/fond-de-teint-naturel\/#breadcrumb\"},\"inLanguage\":\"ar\",\"potentialAction\":[{\"@type\":\"ReadAction\",\"target\":[\"https:\/\/gerajeune.com\/produit\/fond-de-teint-naturel\/\"]}]},{\"@type\":\"BreadcrumbList\",\"@id\":\"https:\/\/gerajeune.com\/produit\/fond-de-teint-naturel\/#breadcrumb\",\"itemListElement\":[{\"@type\":\"ListItem\",\"position\":1,\"name\":\"Accueil\",\"item\":\"https:\/\/gerajeune.com\/\"},{\"@type\":\"ListItem\",\"position\":2,\"name\":\"Produits\",\"item\":\"https:\/\/gerajeune.com\/__trashed-6\/\"},{\"@type\":\"ListItem\",\"position\":3,\"name\":\"Fond de Teint Naturel\"}]},{\"@type\":\"WebSite\",\"@id\":\"https:\/\/gerajeune.com\/#website\",\"url\":\"https:\/\/gerajeune.com\/\",\"name\":\"gerajeune\",\"description\":\"Naturellement belle, visiblement jeune\",\"publisher\":{\"@id\":\"https:\/\/gerajeune.com\/#organization\"},\"potentialAction\":[{\"@type\":\"SearchAction\",\"target\":{\"@type\":\"EntryPoint\",\"urlTemplate\":\"https:\/\/gerajeune.com\/?s={search_term_string}\"},\"query-input\":{\"@type\":\"PropertyValueSpecification\",\"valueRequired\":true,\"valueName\":\"search_term_string\"}}],\"inLanguage\":\"ar\"},{\"@type\":\"Organization\",\"@id\":\"https:\/\/gerajeune.com\/#organization\",\"name\":\"gerajeune\",\"url\":\"https:\/\/gerajeune.com\/\",\"logo\":{\"@type\":\"ImageObject\",\"inLanguage\":\"ar\",\"@id\":\"https:\/\/gerajeune.com\/#\/schema\/logo\/image\/\",\"url\":\"http:\/\/gerajeune.com\/wp-content\/uploads\/2021\/12\/cropped-logo-modifier-1-e1645608409226.png\",\"contentUrl\":\"http:\/\/gerajeune.com\/wp-content\/uploads\/2021\/12\/cropped-logo-modifier-1-e1645608409226.png\",\"width\":250,\"height\":120,\"caption\":\"gerajeune\"},\"image\":{\"@id\":\"https:\/\/gerajeune.com\/#\/schema\/logo\/image\/\"},\"sameAs\":[\"https:\/\/www.facebook.com\/gerajeune\",\"https:\/\/www.instagram.com\/gerajeune\/reels\/?hl=fr\"]}]}<\/script>\n<!-- \/ Yoast SEO plugin. -->","yoast_head_json":{"title":"Fond de Teint Naturel - gerajeune","description":"Profitez d'une texture fluide et l\u00e9g\u00e8re issue de formule Naturelle non dess\u00e9chante \u00e0 0% silicone, parfum et colorant de synth\u00e8se.","robots":{"index":"index","follow":"follow","max-snippet":"max-snippet:-1","max-image-preview":"max-image-preview:large","max-video-preview":"max-video-preview:-1"},"canonical":"https:\/\/gerajeune.com\/ar\/product\/fond-de-teint-naturel\/","og_locale":"ar_AR","og_type":"article","og_title":"Fond de Teint Naturel - gerajeune","og_description":"Profitez d'une texture fluide et l\u00e9g\u00e8re issue de formule Naturelle non dess\u00e9chante \u00e0 0% silicone, parfum et colorant de synth\u00e8se.","og_url":"https:\/\/gerajeune.com\/ar\/product\/fond-de-teint-naturel\/","og_site_name":"gerajeune","article_publisher":"https:\/\/www.facebook.com\/gerajeune","article_modified_time":"2024-08-06T17:26:42+00:00","twitter_card":"summary_large_image","twitter_misc":{"\u0648\u0642\u062a \u0627\u0644\u0642\u0631\u0627\u0621\u0629 \u0627\u0644\u0645\u064f\u0642\u062f\u0651\u0631":"\u062f\u0642\u064a\u0642\u062a\u0627\u0646"},"schema":{"@context":"https:\/\/schema.org","@graph":[{"@type":"WebPage","@id":"https:\/\/gerajeune.com\/produit\/fond-de-teint-naturel\/","url":"https:\/\/gerajeune.com\/produit\/fond-de-teint-naturel\/","name":"Fond de Teint Naturel - gerajeune","isPartOf":{"@id":"https:\/\/gerajeune.com\/#website"},"datePublished":"2024-04-08T10:01:34+00:00","dateModified":"2024-08-06T17:26:42+00:00","description":"Profitez d'une texture fluide et l\u00e9g\u00e8re issue de formule Naturelle non dess\u00e9chante \u00e0 0% silicone, parfum et colorant de synth\u00e8se.","breadcrumb":{"@id":"https:\/\/gerajeune.com\/produit\/fond-de-teint-naturel\/#breadcrumb"},"inLanguage":"ar","potentialAction":[{"@type":"ReadAction","target":["https:\/\/gerajeune.com\/produit\/fond-de-teint-naturel\/"]}]},{"@type":"BreadcrumbList","@id":"https:\/\/gerajeune.com\/produit\/fond-de-teint-naturel\/#breadcrumb","itemListElement":[{"@type":"ListItem","position":1,"name":"Accueil","item":"https:\/\/gerajeune.com\/"},{"@type":"ListItem","position":2,"name":"Produits","item":"https:\/\/gerajeune.com\/__trashed-6\/"},{"@type":"ListItem","position":3,"name":"Fond de Teint Naturel"}]},{"@type":"WebSite","@id":"https:\/\/gerajeune.com\/#website","url":"https:\/\/gerajeune.com\/","name":"com.gerayoung","description":"\u062c\u0645\u064a\u0644\u0629 \u0628\u0634\u0643\u0644 \u0637\u0628\u064a\u0639\u064a\u060c \u0634\u0627\u0628\u0629 \u0628\u0634\u0643\u0644 \u0648\u0627\u0636\u062d","publisher":{"@id":"https:\/\/gerajeune.com\/#organization"},"potentialAction":[{"@type":"SearchAction","target":{"@type":"EntryPoint","urlTemplate":"https:\/\/gerajeune.com\/?s={search_term_string}"},"query-input":{"@type":"PropertyValueSpecification","valueRequired":true,"valueName":"search_term_string"}}],"inLanguage":"ar"},{"@type":"Organization","@id":"https:\/\/gerajeune.com\/#organization","name":"com.gerayoung","url":"https:\/\/gerajeune.com\/","logo":{"@type":"ImageObject","inLanguage":"ar","@id":"https:\/\/gerajeune.com\/#\/schema\/logo\/image\/","url":"http:\/\/gerajeune.com\/wp-content\/uploads\/2021\/12\/cropped-logo-modifier-1-e1645608409226.png","contentUrl":"http:\/\/gerajeune.com\/wp-content\/uploads\/2021\/12\/cropped-logo-modifier-1-e1645608409226.png","width":250,"height":120,"caption":"gerajeune"},"image":{"@id":"https:\/\/gerajeune.com\/#\/schema\/logo\/image\/"},"sameAs":["https:\/\/www.facebook.com\/gerajeune","https:\/\/www.instagram.com\/gerajeune\/reels\/?hl=fr"]}]}},"jetpack_sharing_enabled":true,"_links":{"self":[{"href":"https:\/\/gerajeune.com\/ar\/wp-json\/wp\/v2\/product\/6930","targetHints":{"allow":["GET"]}}],"collection":[{"href":"https:\/\/gerajeune.com\/ar\/wp-json\/wp\/v2\/product"}],"about":[{"href":"https:\/\/gerajeune.com\/ar\/wp-json\/wp\/v2\/types\/product"}],"replies":[{"embeddable":true,"href":"https:\/\/gerajeune.com\/ar\/wp-json\/wp\/v2\/comments?post=6930"}],"version-history":[{"count":5,"href":"https:\/\/gerajeune.com\/ar\/wp-json\/wp\/v2\/product\/6930\/revisions"}],"predecessor-version":[{"id":7026,"href":"https:\/\/gerajeune.com\/ar\/wp-json\/wp\/v2\/product\/6930\/revisions\/7026"}],"wp:attachment":[{"href":"https:\/\/gerajeune.com\/ar\/wp-json\/wp\/v2\/media?parent=6930"}],"wp:term":[{"taxonomy":"product_brand","embeddable":true,"href":"https:\/\/gerajeune.com\/ar\/wp-json\/wp\/v2\/product_brand?post=6930"},{"taxonomy":"product_cat","embeddable":true,"href":"https:\/\/gerajeune.com\/ar\/wp-json\/wp\/v2\/product_cat?post=6930"},{"taxonomy":"product_tag","embeddable":true,"href":"https:\/\/gerajeune.com\/ar\/wp-json\/wp\/v2\/product_tag?post=6930"}],"curies":[{"name":"wp","href":"https:\/\/api.w.org\/{rel}","templated":true}]}}