{"id":7823,"date":"2024-06-10T12:57:52","date_gmt":"2024-06-10T11:57:52","guid":{"rendered":"http:\/\/gerajeune.com\/?post_type=product&#038;p=7823"},"modified":"2025-12-23T21:21:02","modified_gmt":"2025-12-23T20:21:02","slug":"soin-lissant-et-eclat-gerajeune","status":"publish","type":"product","link":"https:\/\/gerajeune.com\/ar\/product\/soin-lissant-et-eclat-gerajeune\/","title":{"rendered":"Soin lissant et \u00e9clat Elixir Hyaluronique Gerajeune"},"content":{"rendered":"<p data-start=\"632\" data-end=\"699\"><strong data-start=\"632\" data-end=\"697\">Soin Lissant et \u00c9claircissant \u2013 \u00c9lixir Hyaluronique G\u00e9rajeune<\/strong><\/p>\n<p data-start=\"701\" data-end=\"1162\"><strong data-start=\"701\" data-end=\"716\">\u0641\u0648\u0627\u0626\u062f:<\/strong><br data-start=\"716\" data-end=\"719\" \/>\u0627\u0644 <strong data-start=\"722\" data-end=\"760\">Soin \u00c9lixir Hyaluronique G\u00e9rajeune<\/strong> est une solution 100 % naturelle sp\u00e9cialement formul\u00e9e pour les <strong data-start=\"825\" data-end=\"884\">peaux matures, ternes ou sujettes \u00e0 la perte de fermet\u00e9<\/strong>. En combinant <strong data-start=\"899\" data-end=\"961\">acide hyaluronique, collag\u00e8ne marin et extraits botaniques<\/strong> (huile d\u2019olive, beurre de palmier, eaux florales de g\u00e9ranium et de rose), ce soin <strong data-start=\"1044\" data-end=\"1089\">hydrate en profondeur, nourrit et prot\u00e8ge<\/strong> la peau contre le stress oxydatif et les agressions environnementales.<\/p>\n<p data-start=\"1164\" data-end=\"1595\">D\u00e8s <strong data-start=\"1168\" data-end=\"1195\">la premi\u00e8re application<\/strong>, la peau est <strong data-start=\"1209\" data-end=\"1255\">douce, confortable et visiblement repulp\u00e9e<\/strong>. Apr\u00e8s <strong data-start=\"1263\" data-end=\"1281\">2 \u00e0 4 semaines<\/strong>, le teint devient plus <strong data-start=\"1305\" data-end=\"1329\">uniforme et lumineux<\/strong>, les ridules sont att\u00e9nu\u00e9es et la peau retrouve un <strong data-start=\"1381\" data-end=\"1408\">aspect ferme et rebondi<\/strong>. Apr\u00e8s <strong data-start=\"1416\" data-end=\"1434\">6 \u00e0 8 semaines<\/strong>, l\u2019\u00e9lixir contribue \u00e0 am\u00e9liorer <strong data-start=\"1467\" data-end=\"1505\">l\u2019\u00e9lasticit\u00e9 et la densit\u00e9 cutan\u00e9e<\/strong>, r\u00e9duisant l\u2019apparence des rides profondes et r\u00e9v\u00e9lant un <strong data-start=\"1564\" data-end=\"1592\">\u00e9clat naturel et durable<\/strong>.<\/p>\n<p data-start=\"1597\" data-end=\"1914\">Ce soin est id\u00e9al pour celles et ceux qui recherchent un <strong data-start=\"1654\" data-end=\"1674\">anti-\u00e2ge naturel<\/strong>, hydratant et \u00e9claircissant, tout en b\u00e9n\u00e9ficiant d\u2019une <strong data-start=\"1730\" data-end=\"1772\">routine visage luxueuse et sensorielle<\/strong>. Convient aux <strong data-start=\"1787\" data-end=\"1824\">peaux sensibles, s\u00e8ches ou mixtes<\/strong>, et peut \u00eatre utilis\u00e9 en <strong data-start=\"1850\" data-end=\"1884\">modelage facial ou gym faciale<\/strong> pour optimiser les r\u00e9sultats.<\/p>\n<p data-start=\"1916\" data-end=\"2205\"><strong data-start=\"1916\" data-end=\"1933\">\u064a\u0633\u062a\u062e\u062f\u0645 :<\/strong><br data-start=\"1933\" data-end=\"1936\" \/>Appliquer matin et soir sur le visage propre en <strong data-start=\"1984\" data-end=\"2015\">l\u00e9gers massages circulaires<\/strong>, en insistant sur les zones marqu\u00e9es par les rides ou le rel\u00e2chement. Peut \u00eatre utilis\u00e9 pour les techniques de <strong data-start=\"2127\" data-end=\"2154\">massage facial anti-\u00e2ge<\/strong> pour stimuler la circulation et raffermir la peau.<\/p>\n<p data-start=\"2207\" data-end=\"2587\"><strong data-start=\"2207\" data-end=\"2229\">INGR\u00c9DIENTS CL\u00c9S :<\/strong><br \/>\n\u064a\u0633\u062a\u062e\u062f\u0645 \u0635\u0628\u0627\u062d\u0627\u064b \u0648\u0645\u0633\u0627\u0621\u064b \u0645\u0639 \u0627\u0644\u062a\u062f\u0644\u064a\u0643 \u0627\u0644\u062e\u0641\u064a\u0641 \u0639\u0644\u0649 \u0648\u062c\u0647 \u0646\u0638\u064a\u0641. \u0645\u0646\u0627\u0633\u0628\u0629 \u0644\u0623\u062f\u0627\u0621 \u0627\u0644\u062a\u062f\u0644\u064a\u0643 \u0623\u0648 \u062c\u0645\u0628\u0627\u0632 \u0627\u0644\u0648\u062c\u0647<\/p>\n<p>\u0623\u0643\u0648\u0627\u060c \u0632\u064a\u062a \u0641\u0627\u0643\u0647\u0629 \u0623\u0648\u0644\u064a\u0627 \u0623\u0648\u0631\u0648\u0628\u0627\u064a\u0627 (\u0627\u0644\u0632\u064a\u062a\u0648\u0646)\u060c \u0632\u0628\u062f\u0629 \u0625\u0644\u064a\u0633 \u062c\u0648\u0644\u0646\u064a\u0646\u0633\u064a\u0633 (\u0627\u0644\u0646\u062e\u064a\u0644)\u060c \u0647\u064a\u062f\u0631\u0648\u0633\u0648\u0644 \u0631\u0648\u0633\u0627\u062a \u0625\u0628\u0631\u0629 \u0627\u0644\u0631\u0627\u0639\u064a\u060c \u0645\u0627\u0621 \u0627\u0644\u0648\u0631\u062f \u0627\u0644\u062f\u0645\u0634\u0642\u064a\u060c \u0633\u062a\u064a\u0631\u0627\u062a \u0627\u0644\u062c\u0644\u064a\u0633\u0631\u064a\u0644\u060c \u0635\u0645\u063a \u0627\u0644\u0632\u0627\u0646\u062b\u0627\u0646\u060c \u0641\u064a\u062a\u0627\u0645\u064a\u0646 \u0647\u0640: \u062a\u0648\u0643\u0648\u0641\u064a\u0631\u0648\u0644\u060c \u0643\u062d\u0648\u0644 \u0627\u0644\u0633\u064a\u062a\u0631\u064a\u0644\u060c \u0632\u064a\u062a \u0623\u0648\u0631\u0627\u0642 \u0646\u0628\u0627\u062a \u0627\u0644\u0645\u064a\u0644\u0627\u0644\u064a\u0648\u0643\u0627 \u0641\u064a\u0631\u064a\u062f\u064a\u0641\u0644\u0648\u0631\u0627\u060c \u0639\u0637\u0631\u060c \u0628\u0646\u0632\u0648\u0627\u062a \u0627\u0644\u0635\u0648\u062f\u064a\u0648\u0645\u060c \u0627\u0644\u0647\u064a\u0627\u0644\u0648\u0631\u0648\u0646\u064a\u0643. \u062d\u0645\u0636\u060c \u0627\u0644\u0643\u0648\u0644\u0627\u062c\u064a\u0646 \u0627\u0644\u0628\u062d\u0631\u064a\u060c \u0627\u0644\u0643\u0627\u0628\u0631\u064a\u0644\u064a\u0643 \/ \u0627\u0644\u0643\u0627\u0628\u0631\u064a\u0643 \u0627\u0644\u062f\u0647\u0648\u0646 \u0627\u0644\u062b\u0644\u0627\u062b\u064a\u0629: \u0643\u0627\u0628\u0631\u064a\u0644\u064a\u0643\/\u0643\u0627\u0628\u0631\u064a\u0643 \u062b\u0644\u0627\u062b\u064a \u0627\u0644\u063a\u0644\u064a\u0633\u0631\u064a\u062f\u060c \u0628\u0648\u0644\u064a\u0633\u0648\u0631\u0628\u0627\u062a 20\u060c \u0646\u064a\u0631\u0648\u0644**\u060c \u0641\u0627\u0646\u064a\u0644\u064a\u0646&quot;\u060c \u0644\u064a\u0646\u0627\u0644\u0648\u0644**\u060c \u0644\u064a\u0645\u0648\u0646\u064a\u0646**\u060c \u062c\u064a\u0631\u0627\u0646\u064a\u0648\u0644&quot;*. *\u0645\u0643\u0648\u0646 \u0645\u0646 \u0627\u0644\u0632\u0631\u0627\u0639\u0629 \u0627\u0644\u0639\u0636\u0648\u064a\u0629 ** \u0645\u0648\u062c\u0648\u062f \u0628\u0634\u0643\u0644 \u0637\u0628\u064a\u0639\u064a \u0641\u064a \u0627\u0644\u0643\u0648\u0644\u0648\u0646\u064a\u0627 \u0644\u0645\u0646\u062a\u062c\u0627\u062a \u0627\u0644\u0639\u0646\u0627\u064a\u0629 \u0628\u0627\u0644\u0628\u0634\u0631\u0629.<\/p>\n<p>\u0646\u0635\u064a\u062d\u0629 :<br \/>\nPour de meilleurs r\u00e9sultats, utilisez ce soin matin et soir et utilisez<a href=\"https:\/\/gerajeune.com\/ar\/product\/ecran-solaire-teinte-age-deffense\/\"> l&rsquo;\u00e9cran solaire Gerajeune Age Defense<\/a> pour prot\u00e9ger la peau pendant la journ\u00e9e.<\/p>\n<p>\u2705 <strong data-start=\"2591\" data-end=\"2613\">Synergie prouv\u00e9e :<\/strong> L\u2019association de <strong data-start=\"2631\" data-end=\"2674\">collag\u00e8ne marin et d\u2019acide hyaluronique<\/strong> am\u00e9liore la densit\u00e9 et l\u2019\u00e9lasticit\u00e9 cutan\u00e9e, comme le confirment plusieurs \u00e9tudes scientifiques <a class=\"decorated-link\" href=\"https:\/\/pubmed.ncbi.nlm.nih.gov\/28780002\/\" target=\"_new\" rel=\"noopener\" data-start=\"2771\" data-end=\"2858\">PubMed \u2013 Marine Collagen + Hyaluronic Acid<\/a>.<\/p>","protected":false},"excerpt":{"rendered":"<p>\u0643\u0631\u064a\u0645 \u0644\u0644\u0648\u062c\u0647<\/p>\n<p>50 \u062c\u0631\u0627\u0645<\/p>","protected":false},"featured_media":10310,"comment_status":"open","ping_status":"closed","template":"","meta":{"_monsterinsights_skip_tracking":false,"_monsterinsights_sitenote_active":false,"_monsterinsights_sitenote_note":"","_monsterinsights_sitenote_category":0,"ocean_post_layout":"","ocean_both_sidebars_style":"","ocean_both_sidebars_content_width":0,"ocean_both_sidebars_sidebars_width":0,"ocean_sidebar":"0","ocean_second_sidebar":"0","ocean_disable_margins":"enable","ocean_add_body_class":"","ocean_shortcode_before_top_bar":"","ocean_shortcode_after_top_bar":"","ocean_shortcode_before_header":"","ocean_shortcode_after_header":"","ocean_has_shortcode":"","ocean_shortcode_after_title":"","ocean_shortcode_before_footer_widgets":"","ocean_shortcode_after_footer_widgets":"","ocean_shortcode_before_footer_bottom":"","ocean_shortcode_after_footer_bottom":"","ocean_display_top_bar":"default","ocean_display_header":"default","ocean_header_style":"","ocean_center_header_left_menu":"0","ocean_custom_header_template":"0","ocean_custom_logo":7822,"ocean_custom_retina_logo":0,"ocean_custom_logo_max_width":0,"ocean_custom_logo_tablet_max_width":0,"ocean_custom_logo_mobile_max_width":0,"ocean_custom_logo_max_height":0,"ocean_custom_logo_tablet_max_height":0,"ocean_custom_logo_mobile_max_height":0,"ocean_header_custom_menu":"0","ocean_menu_typo_font_family":"0","ocean_menu_typo_font_subset":"","ocean_menu_typo_font_size":0,"ocean_menu_typo_font_size_tablet":0,"ocean_menu_typo_font_size_mobile":0,"ocean_menu_typo_font_size_unit":"px","ocean_menu_typo_font_weight":"","ocean_menu_typo_font_weight_tablet":"","ocean_menu_typo_font_weight_mobile":"","ocean_menu_typo_transform":"","ocean_menu_typo_transform_tablet":"","ocean_menu_typo_transform_mobile":"","ocean_menu_typo_line_height":0,"ocean_menu_typo_line_height_tablet":0,"ocean_menu_typo_line_height_mobile":0,"ocean_menu_typo_line_height_unit":"","ocean_menu_typo_spacing":0,"ocean_menu_typo_spacing_tablet":0,"ocean_menu_typo_spacing_mobile":0,"ocean_menu_typo_spacing_unit":"","ocean_menu_link_color":"","ocean_menu_link_color_hover":"","ocean_menu_link_color_active":"","ocean_menu_link_background":"","ocean_menu_link_hover_background":"","ocean_menu_link_active_background":"","ocean_menu_social_links_bg":"","ocean_menu_social_hover_links_bg":"","ocean_menu_social_links_color":"","ocean_menu_social_hover_links_color":"","ocean_disable_title":"default","ocean_disable_heading":"default","ocean_post_title":"","ocean_post_subheading":"","ocean_post_title_style":"","ocean_post_title_background_color":"","ocean_post_title_background":0,"ocean_post_title_bg_image_position":"","ocean_post_title_bg_image_attachment":"","ocean_post_title_bg_image_repeat":"","ocean_post_title_bg_image_size":"","ocean_post_title_height":0,"ocean_post_title_bg_overlay":0.5,"ocean_post_title_bg_overlay_color":"","ocean_disable_breadcrumbs":"default","ocean_breadcrumbs_color":"","ocean_breadcrumbs_separator_color":"","ocean_breadcrumbs_links_color":"","ocean_breadcrumbs_links_hover_color":"","ocean_display_footer_widgets":"default","ocean_display_footer_bottom":"default","ocean_custom_footer_template":"0","omw_enable_modal_window":"enable"},"product_brand":[],"product_cat":[56],"product_tag":[226],"class_list":{"0":"post-7823","1":"product","2":"type-product","3":"status-publish","4":"has-post-thumbnail","6":"product_cat-soin-visage","7":"product_tag-soin-lissant-et-eclat-elixir-hyaluronique-gerajeune","9":"entry","10":"has-media","12":"first","13":"instock","14":"sale","15":"taxable","16":"shipping-taxable","17":"purchasable","18":"product-type-simple","19":"col","20":"span_1_of_3","21":"owp-content-center","22":"owp-thumbs-layout-horizontal","23":"owp-btn-normal","24":"owp-tabs-layout-horizontal"},"yoast_head":"<!-- This site is optimized with the Yoast SEO plugin v27.0 - https:\/\/yoast.com\/product\/yoast-seo-wordpress\/ -->\n<title>Soin lissant et \u00e9claircissant \u00c9lixir Hyaluronique Gerajeune<\/title>\n<meta name=\"description\" content=\"\u00c9lixir Hyaluronique Gerajeune : s\u00e9rum anti-\u00e2ge naturel, hydrate, repulpe et illumine la peau, am\u00e9liore fermet\u00e9 et \u00e9clat d\u00e8s les premi\u00e8res semaines.\" \/>\n<meta name=\"robots\" content=\"index, follow, max-snippet:-1, max-image-preview:large, max-video-preview:-1\" \/>\n<link rel=\"canonical\" href=\"https:\/\/gerajeune.com\/ar\/product\/soin-lissant-et-eclat-gerajeune\/\" \/>\n<meta property=\"og:locale\" content=\"ar_AR\" \/>\n<meta property=\"og:type\" content=\"article\" \/>\n<meta property=\"og:title\" content=\"Soin lissant et \u00e9claircissant \u00c9lixir Hyaluronique Gerajeune\" \/>\n<meta property=\"og:description\" content=\"\u00c9lixir Hyaluronique Gerajeune : s\u00e9rum anti-\u00e2ge naturel, hydrate, repulpe et illumine la peau, am\u00e9liore fermet\u00e9 et \u00e9clat d\u00e8s les premi\u00e8res semaines.\" \/>\n<meta property=\"og:url\" content=\"https:\/\/gerajeune.com\/ar\/product\/soin-lissant-et-eclat-gerajeune\/\" \/>\n<meta property=\"og:site_name\" content=\"gerajeune\" \/>\n<meta property=\"article:publisher\" content=\"https:\/\/www.facebook.com\/gerajeune\" \/>\n<meta property=\"article:modified_time\" content=\"2025-12-23T20:21:02+00:00\" \/>\n<meta property=\"og:image\" content=\"https:\/\/gerajeune.com\/wp-content\/uploads\/2024\/06\/Fond-Blanc-7.png\" \/>\n\t<meta property=\"og:image:width\" content=\"1587\" \/>\n\t<meta property=\"og:image:height\" content=\"2245\" \/>\n\t<meta property=\"og:image:type\" content=\"image\/png\" \/>\n<meta name=\"twitter:card\" content=\"summary_large_image\" \/>\n<meta name=\"twitter:label1\" content=\"\u0648\u0642\u062a \u0627\u0644\u0642\u0631\u0627\u0621\u0629 \u0627\u0644\u0645\u064f\u0642\u062f\u0651\u0631\" \/>\n\t<meta name=\"twitter:data1\" content=\"\u062f\u0642\u064a\u0642\u062a\u0627\u0646\" \/>\n<script type=\"application\/ld+json\" class=\"yoast-schema-graph\">{\"@context\":\"https:\/\/schema.org\",\"@graph\":[{\"@type\":\"WebPage\",\"@id\":\"https:\/\/gerajeune.com\/produit\/soin-lissant-et-eclat-gerajeune\/\",\"url\":\"https:\/\/gerajeune.com\/produit\/soin-lissant-et-eclat-gerajeune\/\",\"name\":\"Soin lissant et \u00e9claircissant \u00c9lixir Hyaluronique Gerajeune\",\"isPartOf\":{\"@id\":\"https:\/\/gerajeune.com\/#website\"},\"primaryImageOfPage\":{\"@id\":\"https:\/\/gerajeune.com\/produit\/soin-lissant-et-eclat-gerajeune\/#primaryimage\"},\"image\":{\"@id\":\"https:\/\/gerajeune.com\/produit\/soin-lissant-et-eclat-gerajeune\/#primaryimage\"},\"thumbnailUrl\":\"https:\/\/gerajeune.com\/wp-content\/uploads\/2024\/06\/Fond-Blanc-7.png\",\"datePublished\":\"2024-06-10T11:57:52+00:00\",\"dateModified\":\"2025-12-23T20:21:02+00:00\",\"description\":\"\u00c9lixir Hyaluronique Gerajeune : s\u00e9rum anti-\u00e2ge naturel, hydrate, repulpe et illumine la peau, am\u00e9liore fermet\u00e9 et \u00e9clat d\u00e8s les premi\u00e8res semaines.\",\"breadcrumb\":{\"@id\":\"https:\/\/gerajeune.com\/produit\/soin-lissant-et-eclat-gerajeune\/#breadcrumb\"},\"inLanguage\":\"ar\",\"potentialAction\":[{\"@type\":\"ReadAction\",\"target\":[\"https:\/\/gerajeune.com\/produit\/soin-lissant-et-eclat-gerajeune\/\"]}]},{\"@type\":\"ImageObject\",\"inLanguage\":\"ar\",\"@id\":\"https:\/\/gerajeune.com\/produit\/soin-lissant-et-eclat-gerajeune\/#primaryimage\",\"url\":\"https:\/\/gerajeune.com\/wp-content\/uploads\/2024\/06\/Fond-Blanc-7.png\",\"contentUrl\":\"https:\/\/gerajeune.com\/wp-content\/uploads\/2024\/06\/Fond-Blanc-7.png\",\"width\":1587,\"height\":2245},{\"@type\":\"BreadcrumbList\",\"@id\":\"https:\/\/gerajeune.com\/produit\/soin-lissant-et-eclat-gerajeune\/#breadcrumb\",\"itemListElement\":[{\"@type\":\"ListItem\",\"position\":1,\"name\":\"Accueil\",\"item\":\"https:\/\/gerajeune.com\/\"},{\"@type\":\"ListItem\",\"position\":2,\"name\":\"Produits\",\"item\":\"https:\/\/gerajeune.com\/__trashed-6\/\"},{\"@type\":\"ListItem\",\"position\":3,\"name\":\"Soin lissant et \u00e9clat Elixir Hyaluronique Gerajeune\"}]},{\"@type\":\"WebSite\",\"@id\":\"https:\/\/gerajeune.com\/#website\",\"url\":\"https:\/\/gerajeune.com\/\",\"name\":\"gerajeune\",\"description\":\"Naturellement belle, visiblement jeune\",\"publisher\":{\"@id\":\"https:\/\/gerajeune.com\/#organization\"},\"potentialAction\":[{\"@type\":\"SearchAction\",\"target\":{\"@type\":\"EntryPoint\",\"urlTemplate\":\"https:\/\/gerajeune.com\/?s={search_term_string}\"},\"query-input\":{\"@type\":\"PropertyValueSpecification\",\"valueRequired\":true,\"valueName\":\"search_term_string\"}}],\"inLanguage\":\"ar\"},{\"@type\":\"Organization\",\"@id\":\"https:\/\/gerajeune.com\/#organization\",\"name\":\"gerajeune\",\"url\":\"https:\/\/gerajeune.com\/\",\"logo\":{\"@type\":\"ImageObject\",\"inLanguage\":\"ar\",\"@id\":\"https:\/\/gerajeune.com\/#\/schema\/logo\/image\/\",\"url\":\"http:\/\/gerajeune.com\/wp-content\/uploads\/2021\/12\/cropped-logo-modifier-1-e1645608409226.png\",\"contentUrl\":\"http:\/\/gerajeune.com\/wp-content\/uploads\/2021\/12\/cropped-logo-modifier-1-e1645608409226.png\",\"width\":250,\"height\":120,\"caption\":\"gerajeune\"},\"image\":{\"@id\":\"https:\/\/gerajeune.com\/#\/schema\/logo\/image\/\"},\"sameAs\":[\"https:\/\/www.facebook.com\/gerajeune\",\"https:\/\/www.instagram.com\/gerajeune\/reels\/?hl=fr\"]}]}<\/script>\n<!-- \/ Yoast SEO plugin. -->","yoast_head_json":{"title":"Soin lissant et \u00e9claircissant \u00c9lixir Hyaluronique Gerajeune","description":"\u00c9lixir Hyaluronique Gerajeune : s\u00e9rum anti-\u00e2ge naturel, hydrate, repulpe et illumine la peau, am\u00e9liore fermet\u00e9 et \u00e9clat d\u00e8s les premi\u00e8res semaines.","robots":{"index":"index","follow":"follow","max-snippet":"max-snippet:-1","max-image-preview":"max-image-preview:large","max-video-preview":"max-video-preview:-1"},"canonical":"https:\/\/gerajeune.com\/ar\/product\/soin-lissant-et-eclat-gerajeune\/","og_locale":"ar_AR","og_type":"article","og_title":"Soin lissant et \u00e9claircissant \u00c9lixir Hyaluronique Gerajeune","og_description":"\u00c9lixir Hyaluronique Gerajeune : s\u00e9rum anti-\u00e2ge naturel, hydrate, repulpe et illumine la peau, am\u00e9liore fermet\u00e9 et \u00e9clat d\u00e8s les premi\u00e8res semaines.","og_url":"https:\/\/gerajeune.com\/ar\/product\/soin-lissant-et-eclat-gerajeune\/","og_site_name":"gerajeune","article_publisher":"https:\/\/www.facebook.com\/gerajeune","article_modified_time":"2025-12-23T20:21:02+00:00","og_image":[{"width":1587,"height":2245,"url":"https:\/\/gerajeune.com\/wp-content\/uploads\/2024\/06\/Fond-Blanc-7.png","type":"image\/png"}],"twitter_card":"summary_large_image","twitter_misc":{"\u0648\u0642\u062a \u0627\u0644\u0642\u0631\u0627\u0621\u0629 \u0627\u0644\u0645\u064f\u0642\u062f\u0651\u0631":"\u062f\u0642\u064a\u0642\u062a\u0627\u0646"},"schema":{"@context":"https:\/\/schema.org","@graph":[{"@type":"WebPage","@id":"https:\/\/gerajeune.com\/produit\/soin-lissant-et-eclat-gerajeune\/","url":"https:\/\/gerajeune.com\/produit\/soin-lissant-et-eclat-gerajeune\/","name":"Soin lissant et \u00e9claircissant \u00c9lixir Hyaluronique Gerajeune","isPartOf":{"@id":"https:\/\/gerajeune.com\/#website"},"primaryImageOfPage":{"@id":"https:\/\/gerajeune.com\/produit\/soin-lissant-et-eclat-gerajeune\/#primaryimage"},"image":{"@id":"https:\/\/gerajeune.com\/produit\/soin-lissant-et-eclat-gerajeune\/#primaryimage"},"thumbnailUrl":"https:\/\/gerajeune.com\/wp-content\/uploads\/2024\/06\/Fond-Blanc-7.png","datePublished":"2024-06-10T11:57:52+00:00","dateModified":"2025-12-23T20:21:02+00:00","description":"\u00c9lixir Hyaluronique Gerajeune : s\u00e9rum anti-\u00e2ge naturel, hydrate, repulpe et illumine la peau, am\u00e9liore fermet\u00e9 et \u00e9clat d\u00e8s les premi\u00e8res semaines.","breadcrumb":{"@id":"https:\/\/gerajeune.com\/produit\/soin-lissant-et-eclat-gerajeune\/#breadcrumb"},"inLanguage":"ar","potentialAction":[{"@type":"ReadAction","target":["https:\/\/gerajeune.com\/produit\/soin-lissant-et-eclat-gerajeune\/"]}]},{"@type":"ImageObject","inLanguage":"ar","@id":"https:\/\/gerajeune.com\/produit\/soin-lissant-et-eclat-gerajeune\/#primaryimage","url":"https:\/\/gerajeune.com\/wp-content\/uploads\/2024\/06\/Fond-Blanc-7.png","contentUrl":"https:\/\/gerajeune.com\/wp-content\/uploads\/2024\/06\/Fond-Blanc-7.png","width":1587,"height":2245},{"@type":"BreadcrumbList","@id":"https:\/\/gerajeune.com\/produit\/soin-lissant-et-eclat-gerajeune\/#breadcrumb","itemListElement":[{"@type":"ListItem","position":1,"name":"Accueil","item":"https:\/\/gerajeune.com\/"},{"@type":"ListItem","position":2,"name":"Produits","item":"https:\/\/gerajeune.com\/__trashed-6\/"},{"@type":"ListItem","position":3,"name":"Soin lissant et \u00e9clat Elixir Hyaluronique Gerajeune"}]},{"@type":"WebSite","@id":"https:\/\/gerajeune.com\/#website","url":"https:\/\/gerajeune.com\/","name":"com.gerayoung","description":"\u062c\u0645\u064a\u0644\u0629 \u0628\u0634\u0643\u0644 \u0637\u0628\u064a\u0639\u064a\u060c \u0634\u0627\u0628\u0629 \u0628\u0634\u0643\u0644 \u0648\u0627\u0636\u062d","publisher":{"@id":"https:\/\/gerajeune.com\/#organization"},"potentialAction":[{"@type":"SearchAction","target":{"@type":"EntryPoint","urlTemplate":"https:\/\/gerajeune.com\/?s={search_term_string}"},"query-input":{"@type":"PropertyValueSpecification","valueRequired":true,"valueName":"search_term_string"}}],"inLanguage":"ar"},{"@type":"Organization","@id":"https:\/\/gerajeune.com\/#organization","name":"com.gerayoung","url":"https:\/\/gerajeune.com\/","logo":{"@type":"ImageObject","inLanguage":"ar","@id":"https:\/\/gerajeune.com\/#\/schema\/logo\/image\/","url":"http:\/\/gerajeune.com\/wp-content\/uploads\/2021\/12\/cropped-logo-modifier-1-e1645608409226.png","contentUrl":"http:\/\/gerajeune.com\/wp-content\/uploads\/2021\/12\/cropped-logo-modifier-1-e1645608409226.png","width":250,"height":120,"caption":"gerajeune"},"image":{"@id":"https:\/\/gerajeune.com\/#\/schema\/logo\/image\/"},"sameAs":["https:\/\/www.facebook.com\/gerajeune","https:\/\/www.instagram.com\/gerajeune\/reels\/?hl=fr"]}]}},"jetpack_sharing_enabled":true,"_links":{"self":[{"href":"https:\/\/gerajeune.com\/ar\/wp-json\/wp\/v2\/product\/7823","targetHints":{"allow":["GET"]}}],"collection":[{"href":"https:\/\/gerajeune.com\/ar\/wp-json\/wp\/v2\/product"}],"about":[{"href":"https:\/\/gerajeune.com\/ar\/wp-json\/wp\/v2\/types\/product"}],"replies":[{"embeddable":true,"href":"https:\/\/gerajeune.com\/ar\/wp-json\/wp\/v2\/comments?post=7823"}],"version-history":[{"count":6,"href":"https:\/\/gerajeune.com\/ar\/wp-json\/wp\/v2\/product\/7823\/revisions"}],"predecessor-version":[{"id":15065,"href":"https:\/\/gerajeune.com\/ar\/wp-json\/wp\/v2\/product\/7823\/revisions\/15065"}],"wp:featuredmedia":[{"embeddable":true,"href":"https:\/\/gerajeune.com\/ar\/wp-json\/wp\/v2\/media\/10310"}],"wp:attachment":[{"href":"https:\/\/gerajeune.com\/ar\/wp-json\/wp\/v2\/media?parent=7823"}],"wp:term":[{"taxonomy":"product_brand","embeddable":true,"href":"https:\/\/gerajeune.com\/ar\/wp-json\/wp\/v2\/product_brand?post=7823"},{"taxonomy":"product_cat","embeddable":true,"href":"https:\/\/gerajeune.com\/ar\/wp-json\/wp\/v2\/product_cat?post=7823"},{"taxonomy":"product_tag","embeddable":true,"href":"https:\/\/gerajeune.com\/ar\/wp-json\/wp\/v2\/product_tag?post=7823"}],"curies":[{"name":"wp","href":"https:\/\/api.w.org\/{rel}","templated":true}]}}