{"id":8173,"date":"2024-06-11T19:31:14","date_gmt":"2024-06-11T18:31:14","guid":{"rendered":"http:\/\/gerajeune.com\/?post_type=product&#038;p=8173"},"modified":"2024-06-19T15:28:29","modified_gmt":"2024-06-19T14:28:29","slug":"spray-anti-fongique","status":"publish","type":"product","link":"https:\/\/gerajeune.com\/ar\/product\/spray-anti-fongique\/","title":{"rendered":"\u0631\u0630\u0627\u0630 \u0645\u0636\u0627\u062f \u0644\u0644\u0641\u0637\u0631\u064a\u0627\u062a"},"content":{"rendered":"<p>\u0631\u0630\u0627\u0630 \u0645\u0636\u0627\u062f \u0644\u0644\u0641\u0637\u0631\u064a\u0627\u062a \u062e\u0627\u0644\u064a \u0645\u0646 \u0627\u0644\u0639\u0637\u0648\u0631 \u0644\u0644\u062d\u062c\u0627\u062c<\/p>\n<p>\u062a\u0645 \u062a\u0635\u0645\u064a\u0645 \u0647\u0630\u0627 \u0627\u0644\u0631\u0630\u0627\u0630 \u0627\u0644\u0645\u0636\u0627\u062f \u0644\u0644\u0641\u0637\u0631\u064a\u0627\u062a \u0627\u0644\u062e\u0627\u0644\u064a \u0645\u0646 \u0627\u0644\u0639\u0637\u0648\u0631 \u062e\u0635\u064a\u0635\u064b\u0627 \u0644\u062a\u0644\u0628\u064a\u0629 \u0627\u062d\u062a\u064a\u0627\u062c\u0627\u062a \u0627\u0644\u062d\u062c\u0627\u062c \u0627\u0644\u0645\u0633\u0644\u0645\u064a\u0646 \u0641\u064a \u062d\u0627\u0644\u0629 \u0627\u0644\u0625\u062d\u0631\u0627\u0645. \u062a\u0645 \u062a\u0635\u0645\u064a\u0645 \u0647\u0630\u0627 \u0627\u0644\u0645\u0646\u062a\u062c \u0644\u0644\u062d\u0645\u0627\u064a\u0629 \u0628\u0634\u0643\u0644 \u0641\u0639\u0627\u0644 \u0645\u0646 \u0627\u0644\u0627\u0644\u062a\u0647\u0627\u0628\u0627\u062a \u0627\u0644\u0641\u0637\u0631\u064a\u0629 \u0645\u0639 \u0627\u0644\u0627\u0644\u062a\u0632\u0627\u0645 \u0628\u0645\u062a\u0637\u0644\u0628\u0627\u062a IHRAM\u060c \u0648\u064a\u0642\u062f\u0645 \u062d\u0644\u0627\u064b \u0639\u0645\u0644\u064a\u064b\u0627 \u0648\u0635\u062d\u064a\u064b\u0627.<\/p>\n<p>\u0633\u0645\u0627\u062a :<\/p>\n<p>\u062e\u0627\u0644\u064a \u0645\u0646 \u0627\u0644\u0639\u0637\u0648\u0631: \u062a\u0645 \u062a\u0631\u0643\u064a\u0628\u0647 \u0628\u062f\u0648\u0646 \u0625\u0636\u0627\u0641\u0629 \u0623\u064a \u0639\u0637\u0631 \u0645\u0646 \u0623\u062c\u0644 \u0627\u062d\u062a\u0631\u0627\u0645 \u0642\u064a\u0648\u062f \u0627\u0644\u0625\u062d\u0631\u0627\u0645\u060c \u0647\u0630\u0627 \u0627\u0644\u0631\u0630\u0627\u0630 \u0644\u0637\u064a\u0641 \u0639\u0644\u0649 \u0627\u0644\u0628\u0634\u0631\u0629 \u0628\u064a\u0646\u0645\u0627 \u064a\u0643\u0648\u0646 \u0641\u0639\u0627\u0644\u0627\u064b \u0636\u062f \u0627\u0644\u0641\u0637\u0631\u064a\u0627\u062a.<\/p>\n<p>\u0645\u0636\u0627\u062f \u0644\u0644\u0641\u0637\u0631\u064a\u0627\u062a: \u064a\u062d\u0645\u064a \u0645\u0646 \u0627\u0644\u0627\u0644\u062a\u0647\u0627\u0628\u0627\u062a \u0627\u0644\u0641\u0637\u0631\u064a\u0629 \u0627\u0644\u0634\u0627\u0626\u0639\u0629\u060c \u0645\u0645\u0627 \u064a\u0636\u0645\u0646 \u0627\u0644\u0646\u0638\u0627\u0641\u0629 \u0627\u0644\u0645\u062b\u0644\u0649 \u062e\u0644\u0627\u0644 \u0627\u0644\u0631\u062d\u0644\u0629 \u0627\u0644\u0645\u0642\u062f\u0633\u0629.<\/p>\n<p>\u0633\u0647\u0644 \u0627\u0644\u0627\u0633\u062a\u062e\u062f\u0627\u0645: \u064a\u062a\u064a\u062d \u0634\u0643\u0644 \u0627\u0644\u0631\u0634 \u0627\u0644\u062e\u0627\u0635 \u0628\u0647 \u062a\u0637\u0628\u064a\u0642\u064b\u0627 \u0628\u0633\u064a\u0637\u064b\u0627 \u0648\u0633\u0631\u064a\u0639\u064b\u0627\u060c \u0648\u0647\u0648 \u0645\u062b\u0627\u0644\u064a \u0644\u0644\u0627\u0633\u062a\u062e\u062f\u0627\u0645 \u0627\u0644\u064a\u0648\u0645\u064a \u0623\u062b\u0646\u0627\u0621 \u0627\u0644\u062d\u062c.<\/p>\n<p>\u064a\u062a\u0648\u0627\u0641\u0642 \u0645\u0639 \u0627\u0644\u0645\u0639\u0627\u064a\u064a\u0631 \u0627\u0644\u062f\u064a\u0646\u064a\u0629: \u062a\u0645 \u062a\u0635\u0646\u064a\u0639\u0647 \u0648\u0641\u0642\u064b\u0627 \u0644\u0644\u0645\u0639\u0627\u064a\u064a\u0631 \u0648\u0627\u0644\u0642\u064a\u0645 \u0627\u0644\u0625\u0633\u0644\u0627\u0645\u064a\u0629 \u0644\u0636\u0645\u0627\u0646 \u0627\u0644\u0627\u0633\u062a\u062e\u062f\u0627\u0645 \u0628\u0631\u0627\u062d\u0629 \u0627\u0644\u0628\u0627\u0644 \u0627\u0644\u0643\u0627\u0645\u0644\u0629.<\/p>\n<p>\u0633\u0648\u0627\u0621 \u0644\u0644\u062d\u062c \u0623\u0648 \u0627\u0644\u0639\u0645\u0631\u0629 \u0623\u0648 \u0623\u064a \u0631\u062d\u0644\u0629 \u062d\u062c \u0623\u062e\u0631\u0649\u060c \u064a\u0639\u062f \u0647\u0630\u0627 \u0627\u0644\u0631\u0630\u0627\u0630 \u0627\u0644\u0645\u0636\u0627\u062f \u0644\u0644\u0641\u0637\u0631\u064a\u0627\u062a \u0631\u0641\u064a\u0642\u064b\u0627 \u0623\u0633\u0627\u0633\u064a\u064b\u0627 \u0644\u0644\u062d\u0641\u0627\u0638 \u0639\u0644\u0649 \u0623\u0642\u062f\u0627\u0645 \u0646\u0638\u064a\u0641\u0629 \u0648\u0635\u062d\u064a\u0629 \u0648\u0641\u0642\u064b\u0627 \u0644\u062a\u0639\u0627\u0644\u064a\u0645 \u0627\u0644\u0625\u0633\u0644\u0627\u0645.<\/p>","protected":false},"excerpt":{"rendered":"<p>Spray Antifongique Sans Parfum pour les P\u00e8lerins Ce spray antifongique sans parfum est sp\u00e9cialement formul\u00e9 pour r\u00e9pondre aux besoins des p\u00e8lerins musulmans en \u00e9tat de ihram. Con\u00e7u pour prot\u00e9ger efficacement contre les infections fongiques tout en respectant les exigences de l&rsquo;ihram, ce produit offre une solution pratique et hygi\u00e9nique. Caract\u00e9ristiques : Sans Parfum : Formul\u00e9 sans ajout de parfum afin de respecter les restrictions de l&rsquo;ihram, ce spray est doux pour la peau tout en \u00e9tant efficace contre les champignons. Antifongique : Prot\u00e8ge contre les infections fongiques courantes, assurant une hygi\u00e8ne optimale pendant le voyage sacr\u00e9. Facile \u00e0 Utiliser : Son format spray permet une application simple et rapide, id\u00e9ale pour une utilisation quotidienne pendant le p\u00e8lerinage. Conforme aux Normes Religieuses : Fabriqu\u00e9 dans le respect des normes et des valeurs islamiques pour assurer une utilisation en toute tranquillit\u00e9 d&rsquo;esprit. Que ce soit pour le Hajj, la Umrah ou tout autre voyage de p\u00e8lerinage, ce spray antifongique est un compagnon essentiel pour maintenir la propret\u00e9 et la sant\u00e9 des pieds, conform\u00e9ment aux enseignements de l&rsquo;islam.<\/p>","protected":false},"featured_media":0,"comment_status":"open","ping_status":"closed","template":"","meta":{"_monsterinsights_skip_tracking":false,"_monsterinsights_sitenote_active":false,"_monsterinsights_sitenote_note":"","_monsterinsights_sitenote_category":0,"ocean_post_layout":"","ocean_both_sidebars_style":"","ocean_both_sidebars_content_width":0,"ocean_both_sidebars_sidebars_width":0,"ocean_sidebar":"0","ocean_second_sidebar":"0","ocean_disable_margins":"enable","ocean_add_body_class":"","ocean_shortcode_before_top_bar":"","ocean_shortcode_after_top_bar":"","ocean_shortcode_before_header":"","ocean_shortcode_after_header":"","ocean_has_shortcode":"","ocean_shortcode_after_title":"","ocean_shortcode_before_footer_widgets":"","ocean_shortcode_after_footer_widgets":"","ocean_shortcode_before_footer_bottom":"","ocean_shortcode_after_footer_bottom":"","ocean_display_top_bar":"default","ocean_display_header":"default","ocean_header_style":"","ocean_center_header_left_menu":"0","ocean_custom_header_template":"0","ocean_custom_logo":0,"ocean_custom_retina_logo":0,"ocean_custom_logo_max_width":0,"ocean_custom_logo_tablet_max_width":0,"ocean_custom_logo_mobile_max_width":0,"ocean_custom_logo_max_height":0,"ocean_custom_logo_tablet_max_height":0,"ocean_custom_logo_mobile_max_height":0,"ocean_header_custom_menu":"0","ocean_menu_typo_font_family":"0","ocean_menu_typo_font_subset":"","ocean_menu_typo_font_size":0,"ocean_menu_typo_font_size_tablet":0,"ocean_menu_typo_font_size_mobile":0,"ocean_menu_typo_font_size_unit":"px","ocean_menu_typo_font_weight":"","ocean_menu_typo_font_weight_tablet":"","ocean_menu_typo_font_weight_mobile":"","ocean_menu_typo_transform":"","ocean_menu_typo_transform_tablet":"","ocean_menu_typo_transform_mobile":"","ocean_menu_typo_line_height":0,"ocean_menu_typo_line_height_tablet":0,"ocean_menu_typo_line_height_mobile":0,"ocean_menu_typo_line_height_unit":"","ocean_menu_typo_spacing":0,"ocean_menu_typo_spacing_tablet":0,"ocean_menu_typo_spacing_mobile":0,"ocean_menu_typo_spacing_unit":"","ocean_menu_link_color":"","ocean_menu_link_color_hover":"","ocean_menu_link_color_active":"","ocean_menu_link_background":"","ocean_menu_link_hover_background":"","ocean_menu_link_active_background":"","ocean_menu_social_links_bg":"","ocean_menu_social_hover_links_bg":"","ocean_menu_social_links_color":"","ocean_menu_social_hover_links_color":"","ocean_disable_title":"default","ocean_disable_heading":"default","ocean_post_title":"","ocean_post_subheading":"","ocean_post_title_style":"","ocean_post_title_background_color":"","ocean_post_title_background":0,"ocean_post_title_bg_image_position":"","ocean_post_title_bg_image_attachment":"","ocean_post_title_bg_image_repeat":"","ocean_post_title_bg_image_size":"","ocean_post_title_height":0,"ocean_post_title_bg_overlay":0.5,"ocean_post_title_bg_overlay_color":"","ocean_disable_breadcrumbs":"default","ocean_breadcrumbs_color":"","ocean_breadcrumbs_separator_color":"","ocean_breadcrumbs_links_color":"","ocean_breadcrumbs_links_hover_color":"","ocean_display_footer_widgets":"default","ocean_display_footer_bottom":"default","ocean_custom_footer_template":"0","omw_enable_modal_window":"enable"},"product_brand":[],"product_cat":[157],"product_tag":[],"class_list":{"0":"post-8173","1":"product","2":"type-product","3":"status-publish","5":"product_cat-soin-corps","7":"entry","9":"first","10":"instock","11":"taxable","12":"shipping-taxable","13":"purchasable","14":"product-type-simple","15":"col","16":"span_1_of_3","17":"owp-content-center","18":"owp-thumbs-layout-horizontal","19":"owp-btn-normal","20":"owp-tabs-layout-horizontal","21":"has-no-thumbnails"},"yoast_head":"<!-- This site is optimized with the Yoast SEO plugin v27.0 - https:\/\/yoast.com\/product\/yoast-seo-wordpress\/ -->\n<title>Spray anti fongique - gerajeune<\/title>\n<meta name=\"robots\" content=\"index, follow, max-snippet:-1, max-image-preview:large, max-video-preview:-1\" \/>\n<link rel=\"canonical\" href=\"https:\/\/gerajeune.com\/ar\/product\/spray-anti-fongique\/\" \/>\n<meta property=\"og:locale\" content=\"ar_AR\" \/>\n<meta property=\"og:type\" content=\"article\" \/>\n<meta property=\"og:title\" content=\"Spray anti fongique - gerajeune\" \/>\n<meta property=\"og:description\" content=\"Spray Antifongique Sans Parfum pour les P\u00e8lerins Ce spray antifongique sans parfum est sp\u00e9cialement formul\u00e9 pour r\u00e9pondre aux besoins des p\u00e8lerins musulmans en \u00e9tat de ihram. Con\u00e7u pour prot\u00e9ger efficacement contre les infections fongiques tout en respectant les exigences de l&rsquo;ihram, ce produit offre une solution pratique et hygi\u00e9nique. Caract\u00e9ristiques : Sans Parfum : Formul\u00e9 sans ajout de parfum afin de respecter les restrictions de l&rsquo;ihram, ce spray est doux pour la peau tout en \u00e9tant efficace contre les champignons. Antifongique : Prot\u00e8ge contre les infections fongiques courantes, assurant une hygi\u00e8ne optimale pendant le voyage sacr\u00e9. Facile \u00e0 Utiliser : Son format spray permet une application simple et rapide, id\u00e9ale pour une utilisation quotidienne pendant le p\u00e8lerinage. Conforme aux Normes Religieuses : Fabriqu\u00e9 dans le respect des normes et des valeurs islamiques pour assurer une utilisation en toute tranquillit\u00e9 d&rsquo;esprit. Que ce soit pour le Hajj, la Umrah ou tout autre voyage de p\u00e8lerinage, ce spray antifongique est un compagnon essentiel pour maintenir la propret\u00e9 et la sant\u00e9 des pieds, conform\u00e9ment aux enseignements de l&rsquo;islam.\" \/>\n<meta property=\"og:url\" content=\"https:\/\/gerajeune.com\/ar\/product\/spray-anti-fongique\/\" \/>\n<meta property=\"og:site_name\" content=\"gerajeune\" \/>\n<meta property=\"article:publisher\" content=\"https:\/\/www.facebook.com\/gerajeune\" \/>\n<meta property=\"article:modified_time\" content=\"2024-06-19T14:28:29+00:00\" \/>\n<meta name=\"twitter:card\" content=\"summary_large_image\" \/>\n<meta name=\"twitter:label1\" content=\"\u0648\u0642\u062a \u0627\u0644\u0642\u0631\u0627\u0621\u0629 \u0627\u0644\u0645\u064f\u0642\u062f\u0651\u0631\" \/>\n\t<meta name=\"twitter:data1\" content=\"\u062f\u0642\u064a\u0642\u0629 \u0648\u0627\u062d\u062f\u0629\" \/>\n<script type=\"application\/ld+json\" class=\"yoast-schema-graph\">{\"@context\":\"https:\/\/schema.org\",\"@graph\":[{\"@type\":\"WebPage\",\"@id\":\"https:\/\/gerajeune.com\/ar\/product\/spray-anti-fongique\/\",\"url\":\"https:\/\/gerajeune.com\/ar\/product\/spray-anti-fongique\/\",\"name\":\"Spray anti fongique - gerajeune\",\"isPartOf\":{\"@id\":\"https:\/\/gerajeune.com\/#website\"},\"datePublished\":\"2024-06-11T18:31:14+00:00\",\"dateModified\":\"2024-06-19T14:28:29+00:00\",\"breadcrumb\":{\"@id\":\"https:\/\/gerajeune.com\/ar\/product\/spray-anti-fongique\/#breadcrumb\"},\"inLanguage\":\"ar\",\"potentialAction\":[{\"@type\":\"ReadAction\",\"target\":[\"https:\/\/gerajeune.com\/ar\/product\/spray-anti-fongique\/\"]}]},{\"@type\":\"BreadcrumbList\",\"@id\":\"https:\/\/gerajeune.com\/ar\/product\/spray-anti-fongique\/#breadcrumb\",\"itemListElement\":[{\"@type\":\"ListItem\",\"position\":1,\"name\":\"Accueil\",\"item\":\"https:\/\/gerajeune.com\/\"},{\"@type\":\"ListItem\",\"position\":2,\"name\":\"Produits\",\"item\":\"https:\/\/gerajeune.com\/__trashed-6\/\"},{\"@type\":\"ListItem\",\"position\":3,\"name\":\"Spray anti fongique\"}]},{\"@type\":\"WebSite\",\"@id\":\"https:\/\/gerajeune.com\/#website\",\"url\":\"https:\/\/gerajeune.com\/\",\"name\":\"gerajeune\",\"description\":\"Naturellement belle, visiblement jeune\",\"publisher\":{\"@id\":\"https:\/\/gerajeune.com\/#organization\"},\"potentialAction\":[{\"@type\":\"SearchAction\",\"target\":{\"@type\":\"EntryPoint\",\"urlTemplate\":\"https:\/\/gerajeune.com\/?s={search_term_string}\"},\"query-input\":{\"@type\":\"PropertyValueSpecification\",\"valueRequired\":true,\"valueName\":\"search_term_string\"}}],\"inLanguage\":\"ar\"},{\"@type\":\"Organization\",\"@id\":\"https:\/\/gerajeune.com\/#organization\",\"name\":\"gerajeune\",\"url\":\"https:\/\/gerajeune.com\/\",\"logo\":{\"@type\":\"ImageObject\",\"inLanguage\":\"ar\",\"@id\":\"https:\/\/gerajeune.com\/#\/schema\/logo\/image\/\",\"url\":\"http:\/\/gerajeune.com\/wp-content\/uploads\/2021\/12\/cropped-logo-modifier-1-e1645608409226.png\",\"contentUrl\":\"http:\/\/gerajeune.com\/wp-content\/uploads\/2021\/12\/cropped-logo-modifier-1-e1645608409226.png\",\"width\":250,\"height\":120,\"caption\":\"gerajeune\"},\"image\":{\"@id\":\"https:\/\/gerajeune.com\/#\/schema\/logo\/image\/\"},\"sameAs\":[\"https:\/\/www.facebook.com\/gerajeune\",\"https:\/\/www.instagram.com\/gerajeune\/reels\/?hl=fr\"]}]}<\/script>\n<!-- \/ Yoast SEO plugin. -->","yoast_head_json":{"title":"Spray anti fongique - gerajeune","robots":{"index":"index","follow":"follow","max-snippet":"max-snippet:-1","max-image-preview":"max-image-preview:large","max-video-preview":"max-video-preview:-1"},"canonical":"https:\/\/gerajeune.com\/ar\/product\/spray-anti-fongique\/","og_locale":"ar_AR","og_type":"article","og_title":"Spray anti fongique - gerajeune","og_description":"Spray Antifongique Sans Parfum pour les P\u00e8lerins Ce spray antifongique sans parfum est sp\u00e9cialement formul\u00e9 pour r\u00e9pondre aux besoins des p\u00e8lerins musulmans en \u00e9tat de ihram. Con\u00e7u pour prot\u00e9ger efficacement contre les infections fongiques tout en respectant les exigences de l&rsquo;ihram, ce produit offre une solution pratique et hygi\u00e9nique. Caract\u00e9ristiques : Sans Parfum : Formul\u00e9 sans ajout de parfum afin de respecter les restrictions de l&rsquo;ihram, ce spray est doux pour la peau tout en \u00e9tant efficace contre les champignons. Antifongique : Prot\u00e8ge contre les infections fongiques courantes, assurant une hygi\u00e8ne optimale pendant le voyage sacr\u00e9. Facile \u00e0 Utiliser : Son format spray permet une application simple et rapide, id\u00e9ale pour une utilisation quotidienne pendant le p\u00e8lerinage. Conforme aux Normes Religieuses : Fabriqu\u00e9 dans le respect des normes et des valeurs islamiques pour assurer une utilisation en toute tranquillit\u00e9 d&rsquo;esprit. Que ce soit pour le Hajj, la Umrah ou tout autre voyage de p\u00e8lerinage, ce spray antifongique est un compagnon essentiel pour maintenir la propret\u00e9 et la sant\u00e9 des pieds, conform\u00e9ment aux enseignements de l&rsquo;islam.","og_url":"https:\/\/gerajeune.com\/ar\/product\/spray-anti-fongique\/","og_site_name":"gerajeune","article_publisher":"https:\/\/www.facebook.com\/gerajeune","article_modified_time":"2024-06-19T14:28:29+00:00","twitter_card":"summary_large_image","twitter_misc":{"\u0648\u0642\u062a \u0627\u0644\u0642\u0631\u0627\u0621\u0629 \u0627\u0644\u0645\u064f\u0642\u062f\u0651\u0631":"\u062f\u0642\u064a\u0642\u0629 \u0648\u0627\u062d\u062f\u0629"},"schema":{"@context":"https:\/\/schema.org","@graph":[{"@type":"WebPage","@id":"https:\/\/gerajeune.com\/ar\/product\/spray-anti-fongique\/","url":"https:\/\/gerajeune.com\/ar\/product\/spray-anti-fongique\/","name":"Spray anti fongique - gerajeune","isPartOf":{"@id":"https:\/\/gerajeune.com\/#website"},"datePublished":"2024-06-11T18:31:14+00:00","dateModified":"2024-06-19T14:28:29+00:00","breadcrumb":{"@id":"https:\/\/gerajeune.com\/ar\/product\/spray-anti-fongique\/#breadcrumb"},"inLanguage":"ar","potentialAction":[{"@type":"ReadAction","target":["https:\/\/gerajeune.com\/ar\/product\/spray-anti-fongique\/"]}]},{"@type":"BreadcrumbList","@id":"https:\/\/gerajeune.com\/ar\/product\/spray-anti-fongique\/#breadcrumb","itemListElement":[{"@type":"ListItem","position":1,"name":"Accueil","item":"https:\/\/gerajeune.com\/"},{"@type":"ListItem","position":2,"name":"Produits","item":"https:\/\/gerajeune.com\/__trashed-6\/"},{"@type":"ListItem","position":3,"name":"Spray anti fongique"}]},{"@type":"WebSite","@id":"https:\/\/gerajeune.com\/#website","url":"https:\/\/gerajeune.com\/","name":"com.gerayoung","description":"\u062c\u0645\u064a\u0644\u0629 \u0628\u0634\u0643\u0644 \u0637\u0628\u064a\u0639\u064a\u060c \u0634\u0627\u0628\u0629 \u0628\u0634\u0643\u0644 \u0648\u0627\u0636\u062d","publisher":{"@id":"https:\/\/gerajeune.com\/#organization"},"potentialAction":[{"@type":"SearchAction","target":{"@type":"EntryPoint","urlTemplate":"https:\/\/gerajeune.com\/?s={search_term_string}"},"query-input":{"@type":"PropertyValueSpecification","valueRequired":true,"valueName":"search_term_string"}}],"inLanguage":"ar"},{"@type":"Organization","@id":"https:\/\/gerajeune.com\/#organization","name":"com.gerayoung","url":"https:\/\/gerajeune.com\/","logo":{"@type":"ImageObject","inLanguage":"ar","@id":"https:\/\/gerajeune.com\/#\/schema\/logo\/image\/","url":"http:\/\/gerajeune.com\/wp-content\/uploads\/2021\/12\/cropped-logo-modifier-1-e1645608409226.png","contentUrl":"http:\/\/gerajeune.com\/wp-content\/uploads\/2021\/12\/cropped-logo-modifier-1-e1645608409226.png","width":250,"height":120,"caption":"gerajeune"},"image":{"@id":"https:\/\/gerajeune.com\/#\/schema\/logo\/image\/"},"sameAs":["https:\/\/www.facebook.com\/gerajeune","https:\/\/www.instagram.com\/gerajeune\/reels\/?hl=fr"]}]}},"jetpack_sharing_enabled":true,"_links":{"self":[{"href":"https:\/\/gerajeune.com\/ar\/wp-json\/wp\/v2\/product\/8173","targetHints":{"allow":["GET"]}}],"collection":[{"href":"https:\/\/gerajeune.com\/ar\/wp-json\/wp\/v2\/product"}],"about":[{"href":"https:\/\/gerajeune.com\/ar\/wp-json\/wp\/v2\/types\/product"}],"replies":[{"embeddable":true,"href":"https:\/\/gerajeune.com\/ar\/wp-json\/wp\/v2\/comments?post=8173"}],"version-history":[{"count":2,"href":"https:\/\/gerajeune.com\/ar\/wp-json\/wp\/v2\/product\/8173\/revisions"}],"predecessor-version":[{"id":8370,"href":"https:\/\/gerajeune.com\/ar\/wp-json\/wp\/v2\/product\/8173\/revisions\/8370"}],"wp:attachment":[{"href":"https:\/\/gerajeune.com\/ar\/wp-json\/wp\/v2\/media?parent=8173"}],"wp:term":[{"taxonomy":"product_brand","embeddable":true,"href":"https:\/\/gerajeune.com\/ar\/wp-json\/wp\/v2\/product_brand?post=8173"},{"taxonomy":"product_cat","embeddable":true,"href":"https:\/\/gerajeune.com\/ar\/wp-json\/wp\/v2\/product_cat?post=8173"},{"taxonomy":"product_tag","embeddable":true,"href":"https:\/\/gerajeune.com\/ar\/wp-json\/wp\/v2\/product_tag?post=8173"}],"curies":[{"name":"wp","href":"https:\/\/api.w.org\/{rel}","templated":true}]}}