{"id":9744,"date":"2024-06-26T11:35:34","date_gmt":"2024-06-26T10:35:34","guid":{"rendered":"http:\/\/gerajeune.com\/?post_type=product&#038;p=9744"},"modified":"2024-06-28T12:47:05","modified_gmt":"2024-06-28T11:47:05","slug":"huile-damla-indienne","status":"publish","type":"product","link":"https:\/\/gerajeune.com\/ar\/product\/huile-damla-indienne\/","title":{"rendered":"\u0632\u064a\u062a \u0623\u0645\u0644\u0627 \u0627\u0644\u0647\u0646\u062f\u064a"},"content":{"rendered":"<article>\n<h2>\u0632\u064a\u062a \u0623\u0645\u0644\u0627 \u0627\u0644\u0647\u0646\u062f\u064a \u0644\u0644\u0634\u0639\u0631<\/h2>\n<section>\n<h3>\u0641\u0648\u0627\u0626\u062f :<\/h3>\n<ul>\n<li>\u064a\u062d\u0641\u0632 \u0646\u0645\u0648 \u0627\u0644\u0634\u0639\u0631.<\/li>\n<li>\u064a\u0642\u0644\u0644 \u0645\u0646 \u062a\u0633\u0627\u0642\u0637 \u0627\u0644\u0634\u0639\u0631.<\/li>\n<li>\u064a\u0632\u064a\u0644 \u0627\u0644\u0642\u0634\u0631\u0629.<\/li>\n<li>\u064a\u062c\u0644\u0628 \u0627\u0644\u0644\u0645\u0639\u0627\u0646 \u0648\u0627\u0644\u0646\u0639\u0648\u0645\u0629.<\/li>\n<\/ul>\n<\/section>\n<section>\n<h3>\u062c\u0648\u062f\u0629 :<\/h3>\n<p>100% \u0646\u0642\u064a \u0648\u0637\u0628\u064a\u0639\u064a\u060c \u0628\u062f\u0648\u0646 \u0645\u0639\u0627\u0644\u062c\u0629 \u0643\u064a\u0645\u064a\u0627\u0626\u064a\u0629 \u0623\u0648 \u0625\u0636\u0627\u0641\u0627\u062a.<\/p>\n<\/section>\n<section>\n<h3>\u0645\u0643\u0648\u0646\u0627\u062a :<\/h3>\n<ul>\n<li>\u0645\u0633\u062a\u062e\u0644\u0635 \u0641\u064a\u0644\u0627\u0646\u062b\u0648\u0633 \u0625\u0645\u0628\u0644\u064a\u0643\u0627 (\u0642\u0627\u0646\u0648\u0646 \u0645\u0643\u0627\u0641\u062d\u0629 \u063a\u0633\u0644 \u0627\u0644\u0623\u0645\u0648\u0627\u0644).<\/li>\n<li>\u0632\u064a\u062a Prunus amygdalus dulcis (\u0627\u0644\u0644\u0648\u0632 \u0627\u0644\u062d\u0644\u0648).<\/li>\n<\/ul>\n<\/section>\n<footer>\n<p>\u0642\u0645 \u0628\u062a\u063a\u064a\u064a\u0631 \u0631\u0648\u062a\u064a\u0646 \u0634\u0639\u0631\u0643 \u0628\u0627\u0633\u062a\u062e\u062f\u0627\u0645 \u0632\u064a\u062a \u0623\u0645\u0644\u0627 \u0627\u0644\u0647\u0646\u062f\u064a. \u0639\u0627\u0644\u062c\u064a \u0634\u0639\u0631\u0643 \u0628\u0639\u0644\u0627\u062c \u0645\u0646\u0634\u0637 \u0644\u0644\u062c\u0645\u0627\u0644 \u0627\u0644\u0637\u0628\u064a\u0639\u064a \u0648\u0627\u0644\u0635\u062d\u0629 \u0627\u0644\u0645\u0639\u0632\u0632\u0629.<\/p>\n<\/footer>\n<\/article>","protected":false},"excerpt":{"rendered":"<p>Huile d&rsquo;Amla Indienne pour Cheveux Avantages : Stimule la croissance des cheveux. R\u00e9duit la chute des cheveux. \u00c9limine les pellicules. Apporte brillance et douceur. Qualit\u00e9 : 100% pur et naturel, sans traitement chimique ni additif. Ingr\u00e9dients : Extrait de Phyllanthus emblica (Amla). Huile de Prunus amygdalus dulcis (Amande douce). Transformez votre routine capillaire avec notre Huile d&rsquo;Amla Indienne. Offrez \u00e0 vos cheveux une cure revitalisante pour une beaut\u00e9 naturelle et une sant\u00e9 renforc\u00e9e.<\/p>","protected":false},"featured_media":9741,"comment_status":"open","ping_status":"closed","template":"","meta":{"_monsterinsights_skip_tracking":false,"_monsterinsights_sitenote_active":false,"_monsterinsights_sitenote_note":"","_monsterinsights_sitenote_category":0,"ocean_post_layout":"","ocean_both_sidebars_style":"","ocean_both_sidebars_content_width":0,"ocean_both_sidebars_sidebars_width":0,"ocean_sidebar":"0","ocean_second_sidebar":"0","ocean_disable_margins":"enable","ocean_add_body_class":"","ocean_shortcode_before_top_bar":"","ocean_shortcode_after_top_bar":"","ocean_shortcode_before_header":"","ocean_shortcode_after_header":"","ocean_has_shortcode":"","ocean_shortcode_after_title":"","ocean_shortcode_before_footer_widgets":"","ocean_shortcode_after_footer_widgets":"","ocean_shortcode_before_footer_bottom":"","ocean_shortcode_after_footer_bottom":"","ocean_display_top_bar":"default","ocean_display_header":"default","ocean_header_style":"","ocean_center_header_left_menu":"0","ocean_custom_header_template":"0","ocean_custom_logo":0,"ocean_custom_retina_logo":0,"ocean_custom_logo_max_width":0,"ocean_custom_logo_tablet_max_width":0,"ocean_custom_logo_mobile_max_width":0,"ocean_custom_logo_max_height":0,"ocean_custom_logo_tablet_max_height":0,"ocean_custom_logo_mobile_max_height":0,"ocean_header_custom_menu":"0","ocean_menu_typo_font_family":"0","ocean_menu_typo_font_subset":"","ocean_menu_typo_font_size":0,"ocean_menu_typo_font_size_tablet":0,"ocean_menu_typo_font_size_mobile":0,"ocean_menu_typo_font_size_unit":"px","ocean_menu_typo_font_weight":"","ocean_menu_typo_font_weight_tablet":"","ocean_menu_typo_font_weight_mobile":"","ocean_menu_typo_transform":"","ocean_menu_typo_transform_tablet":"","ocean_menu_typo_transform_mobile":"","ocean_menu_typo_line_height":0,"ocean_menu_typo_line_height_tablet":0,"ocean_menu_typo_line_height_mobile":0,"ocean_menu_typo_line_height_unit":"","ocean_menu_typo_spacing":0,"ocean_menu_typo_spacing_tablet":0,"ocean_menu_typo_spacing_mobile":0,"ocean_menu_typo_spacing_unit":"","ocean_menu_link_color":"","ocean_menu_link_color_hover":"","ocean_menu_link_color_active":"","ocean_menu_link_background":"","ocean_menu_link_hover_background":"","ocean_menu_link_active_background":"","ocean_menu_social_links_bg":"","ocean_menu_social_hover_links_bg":"","ocean_menu_social_links_color":"","ocean_menu_social_hover_links_color":"","ocean_disable_title":"default","ocean_disable_heading":"default","ocean_post_title":"","ocean_post_subheading":"","ocean_post_title_style":"","ocean_post_title_background_color":"","ocean_post_title_background":0,"ocean_post_title_bg_image_position":"","ocean_post_title_bg_image_attachment":"","ocean_post_title_bg_image_repeat":"","ocean_post_title_bg_image_size":"","ocean_post_title_height":0,"ocean_post_title_bg_overlay":0.5,"ocean_post_title_bg_overlay_color":"","ocean_disable_breadcrumbs":"default","ocean_breadcrumbs_color":"","ocean_breadcrumbs_separator_color":"","ocean_breadcrumbs_links_color":"","ocean_breadcrumbs_links_hover_color":"","ocean_display_footer_widgets":"default","ocean_display_footer_bottom":"default","ocean_custom_footer_template":"0","omw_enable_modal_window":"enable"},"product_brand":[],"product_cat":[163,41],"product_tag":[],"class_list":{"0":"post-9744","1":"product","2":"type-product","3":"status-publish","4":"has-post-thumbnail","6":"product_cat-herboristerie","7":"product_cat-soin-cheveux","9":"entry","10":"has-media","12":"first","13":"instock","14":"taxable","15":"shipping-taxable","16":"purchasable","17":"product-type-simple","18":"col","19":"span_1_of_3","20":"owp-content-center","21":"owp-thumbs-layout-horizontal","22":"owp-btn-normal","23":"owp-tabs-layout-horizontal","24":"has-no-thumbnails"},"yoast_head":"<!-- This site is optimized with the Yoast SEO plugin v27.0 - https:\/\/yoast.com\/product\/yoast-seo-wordpress\/ -->\n<title>Huile D&#039;amla Indienne - gerajeune<\/title>\n<meta name=\"robots\" content=\"index, follow, max-snippet:-1, max-image-preview:large, max-video-preview:-1\" \/>\n<link rel=\"canonical\" href=\"https:\/\/gerajeune.com\/ar\/product\/huile-damla-indienne\/\" \/>\n<meta property=\"og:locale\" content=\"ar_AR\" \/>\n<meta property=\"og:type\" content=\"article\" \/>\n<meta property=\"og:title\" content=\"Huile D&#039;amla Indienne - gerajeune\" \/>\n<meta property=\"og:description\" content=\"Huile d&rsquo;Amla Indienne pour Cheveux Avantages : Stimule la croissance des cheveux. R\u00e9duit la chute des cheveux. \u00c9limine les pellicules. Apporte brillance et douceur. Qualit\u00e9 : 100% pur et naturel, sans traitement chimique ni additif. Ingr\u00e9dients : Extrait de Phyllanthus emblica (Amla). Huile de Prunus amygdalus dulcis (Amande douce). Transformez votre routine capillaire avec notre Huile d&rsquo;Amla Indienne. Offrez \u00e0 vos cheveux une cure revitalisante pour une beaut\u00e9 naturelle et une sant\u00e9 renforc\u00e9e.\" \/>\n<meta property=\"og:url\" content=\"https:\/\/gerajeune.com\/ar\/product\/huile-damla-indienne\/\" \/>\n<meta property=\"og:site_name\" content=\"gerajeune\" \/>\n<meta property=\"article:publisher\" content=\"https:\/\/www.facebook.com\/gerajeune\" \/>\n<meta property=\"article:modified_time\" content=\"2024-06-28T11:47:05+00:00\" \/>\n<meta property=\"og:image\" content=\"https:\/\/gerajeune.com\/wp-content\/uploads\/2024\/06\/68.png\" \/>\n\t<meta property=\"og:image:width\" content=\"1587\" \/>\n\t<meta property=\"og:image:height\" content=\"2245\" \/>\n\t<meta property=\"og:image:type\" content=\"image\/png\" \/>\n<meta name=\"twitter:card\" content=\"summary_large_image\" \/>\n<script type=\"application\/ld+json\" class=\"yoast-schema-graph\">{\"@context\":\"https:\/\/schema.org\",\"@graph\":[{\"@type\":\"WebPage\",\"@id\":\"https:\/\/gerajeune.com\/produit\/huile-damla-indienne\/\",\"url\":\"https:\/\/gerajeune.com\/produit\/huile-damla-indienne\/\",\"name\":\"Huile D'amla Indienne - gerajeune\",\"isPartOf\":{\"@id\":\"https:\/\/gerajeune.com\/#website\"},\"primaryImageOfPage\":{\"@id\":\"https:\/\/gerajeune.com\/produit\/huile-damla-indienne\/#primaryimage\"},\"image\":{\"@id\":\"https:\/\/gerajeune.com\/produit\/huile-damla-indienne\/#primaryimage\"},\"thumbnailUrl\":\"https:\/\/gerajeune.com\/wp-content\/uploads\/2024\/06\/68.png\",\"datePublished\":\"2024-06-26T10:35:34+00:00\",\"dateModified\":\"2024-06-28T11:47:05+00:00\",\"breadcrumb\":{\"@id\":\"https:\/\/gerajeune.com\/produit\/huile-damla-indienne\/#breadcrumb\"},\"inLanguage\":\"ar\",\"potentialAction\":[{\"@type\":\"ReadAction\",\"target\":[\"https:\/\/gerajeune.com\/produit\/huile-damla-indienne\/\"]}]},{\"@type\":\"ImageObject\",\"inLanguage\":\"ar\",\"@id\":\"https:\/\/gerajeune.com\/produit\/huile-damla-indienne\/#primaryimage\",\"url\":\"https:\/\/gerajeune.com\/wp-content\/uploads\/2024\/06\/68.png\",\"contentUrl\":\"https:\/\/gerajeune.com\/wp-content\/uploads\/2024\/06\/68.png\",\"width\":1587,\"height\":2245},{\"@type\":\"BreadcrumbList\",\"@id\":\"https:\/\/gerajeune.com\/produit\/huile-damla-indienne\/#breadcrumb\",\"itemListElement\":[{\"@type\":\"ListItem\",\"position\":1,\"name\":\"Accueil\",\"item\":\"https:\/\/gerajeune.com\/\"},{\"@type\":\"ListItem\",\"position\":2,\"name\":\"Produits\",\"item\":\"https:\/\/gerajeune.com\/__trashed-6\/\"},{\"@type\":\"ListItem\",\"position\":3,\"name\":\"Huile D&rsquo;amla Indienne\"}]},{\"@type\":\"WebSite\",\"@id\":\"https:\/\/gerajeune.com\/#website\",\"url\":\"https:\/\/gerajeune.com\/\",\"name\":\"gerajeune\",\"description\":\"Naturellement belle, visiblement jeune\",\"publisher\":{\"@id\":\"https:\/\/gerajeune.com\/#organization\"},\"potentialAction\":[{\"@type\":\"SearchAction\",\"target\":{\"@type\":\"EntryPoint\",\"urlTemplate\":\"https:\/\/gerajeune.com\/?s={search_term_string}\"},\"query-input\":{\"@type\":\"PropertyValueSpecification\",\"valueRequired\":true,\"valueName\":\"search_term_string\"}}],\"inLanguage\":\"ar\"},{\"@type\":\"Organization\",\"@id\":\"https:\/\/gerajeune.com\/#organization\",\"name\":\"gerajeune\",\"url\":\"https:\/\/gerajeune.com\/\",\"logo\":{\"@type\":\"ImageObject\",\"inLanguage\":\"ar\",\"@id\":\"https:\/\/gerajeune.com\/#\/schema\/logo\/image\/\",\"url\":\"http:\/\/gerajeune.com\/wp-content\/uploads\/2021\/12\/cropped-logo-modifier-1-e1645608409226.png\",\"contentUrl\":\"http:\/\/gerajeune.com\/wp-content\/uploads\/2021\/12\/cropped-logo-modifier-1-e1645608409226.png\",\"width\":250,\"height\":120,\"caption\":\"gerajeune\"},\"image\":{\"@id\":\"https:\/\/gerajeune.com\/#\/schema\/logo\/image\/\"},\"sameAs\":[\"https:\/\/www.facebook.com\/gerajeune\",\"https:\/\/www.instagram.com\/gerajeune\/reels\/?hl=fr\"]}]}<\/script>\n<!-- \/ Yoast SEO plugin. -->","yoast_head_json":{"title":"Huile D'amla Indienne - gerajeune","robots":{"index":"index","follow":"follow","max-snippet":"max-snippet:-1","max-image-preview":"max-image-preview:large","max-video-preview":"max-video-preview:-1"},"canonical":"https:\/\/gerajeune.com\/ar\/product\/huile-damla-indienne\/","og_locale":"ar_AR","og_type":"article","og_title":"Huile D'amla Indienne - gerajeune","og_description":"Huile d&rsquo;Amla Indienne pour Cheveux Avantages : Stimule la croissance des cheveux. R\u00e9duit la chute des cheveux. \u00c9limine les pellicules. Apporte brillance et douceur. Qualit\u00e9 : 100% pur et naturel, sans traitement chimique ni additif. Ingr\u00e9dients : Extrait de Phyllanthus emblica (Amla). Huile de Prunus amygdalus dulcis (Amande douce). Transformez votre routine capillaire avec notre Huile d&rsquo;Amla Indienne. Offrez \u00e0 vos cheveux une cure revitalisante pour une beaut\u00e9 naturelle et une sant\u00e9 renforc\u00e9e.","og_url":"https:\/\/gerajeune.com\/ar\/product\/huile-damla-indienne\/","og_site_name":"gerajeune","article_publisher":"https:\/\/www.facebook.com\/gerajeune","article_modified_time":"2024-06-28T11:47:05+00:00","og_image":[{"width":1587,"height":2245,"url":"https:\/\/gerajeune.com\/wp-content\/uploads\/2024\/06\/68.png","type":"image\/png"}],"twitter_card":"summary_large_image","schema":{"@context":"https:\/\/schema.org","@graph":[{"@type":"WebPage","@id":"https:\/\/gerajeune.com\/produit\/huile-damla-indienne\/","url":"https:\/\/gerajeune.com\/produit\/huile-damla-indienne\/","name":"Huile D'amla Indienne - gerajeune","isPartOf":{"@id":"https:\/\/gerajeune.com\/#website"},"primaryImageOfPage":{"@id":"https:\/\/gerajeune.com\/produit\/huile-damla-indienne\/#primaryimage"},"image":{"@id":"https:\/\/gerajeune.com\/produit\/huile-damla-indienne\/#primaryimage"},"thumbnailUrl":"https:\/\/gerajeune.com\/wp-content\/uploads\/2024\/06\/68.png","datePublished":"2024-06-26T10:35:34+00:00","dateModified":"2024-06-28T11:47:05+00:00","breadcrumb":{"@id":"https:\/\/gerajeune.com\/produit\/huile-damla-indienne\/#breadcrumb"},"inLanguage":"ar","potentialAction":[{"@type":"ReadAction","target":["https:\/\/gerajeune.com\/produit\/huile-damla-indienne\/"]}]},{"@type":"ImageObject","inLanguage":"ar","@id":"https:\/\/gerajeune.com\/produit\/huile-damla-indienne\/#primaryimage","url":"https:\/\/gerajeune.com\/wp-content\/uploads\/2024\/06\/68.png","contentUrl":"https:\/\/gerajeune.com\/wp-content\/uploads\/2024\/06\/68.png","width":1587,"height":2245},{"@type":"BreadcrumbList","@id":"https:\/\/gerajeune.com\/produit\/huile-damla-indienne\/#breadcrumb","itemListElement":[{"@type":"ListItem","position":1,"name":"Accueil","item":"https:\/\/gerajeune.com\/"},{"@type":"ListItem","position":2,"name":"Produits","item":"https:\/\/gerajeune.com\/__trashed-6\/"},{"@type":"ListItem","position":3,"name":"Huile D&rsquo;amla Indienne"}]},{"@type":"WebSite","@id":"https:\/\/gerajeune.com\/#website","url":"https:\/\/gerajeune.com\/","name":"com.gerayoung","description":"\u062c\u0645\u064a\u0644\u0629 \u0628\u0634\u0643\u0644 \u0637\u0628\u064a\u0639\u064a\u060c \u0634\u0627\u0628\u0629 \u0628\u0634\u0643\u0644 \u0648\u0627\u0636\u062d","publisher":{"@id":"https:\/\/gerajeune.com\/#organization"},"potentialAction":[{"@type":"SearchAction","target":{"@type":"EntryPoint","urlTemplate":"https:\/\/gerajeune.com\/?s={search_term_string}"},"query-input":{"@type":"PropertyValueSpecification","valueRequired":true,"valueName":"search_term_string"}}],"inLanguage":"ar"},{"@type":"Organization","@id":"https:\/\/gerajeune.com\/#organization","name":"com.gerayoung","url":"https:\/\/gerajeune.com\/","logo":{"@type":"ImageObject","inLanguage":"ar","@id":"https:\/\/gerajeune.com\/#\/schema\/logo\/image\/","url":"http:\/\/gerajeune.com\/wp-content\/uploads\/2021\/12\/cropped-logo-modifier-1-e1645608409226.png","contentUrl":"http:\/\/gerajeune.com\/wp-content\/uploads\/2021\/12\/cropped-logo-modifier-1-e1645608409226.png","width":250,"height":120,"caption":"gerajeune"},"image":{"@id":"https:\/\/gerajeune.com\/#\/schema\/logo\/image\/"},"sameAs":["https:\/\/www.facebook.com\/gerajeune","https:\/\/www.instagram.com\/gerajeune\/reels\/?hl=fr"]}]}},"jetpack_sharing_enabled":true,"_links":{"self":[{"href":"https:\/\/gerajeune.com\/ar\/wp-json\/wp\/v2\/product\/9744","targetHints":{"allow":["GET"]}}],"collection":[{"href":"https:\/\/gerajeune.com\/ar\/wp-json\/wp\/v2\/product"}],"about":[{"href":"https:\/\/gerajeune.com\/ar\/wp-json\/wp\/v2\/types\/product"}],"replies":[{"embeddable":true,"href":"https:\/\/gerajeune.com\/ar\/wp-json\/wp\/v2\/comments?post=9744"}],"version-history":[{"count":2,"href":"https:\/\/gerajeune.com\/ar\/wp-json\/wp\/v2\/product\/9744\/revisions"}],"predecessor-version":[{"id":11876,"href":"https:\/\/gerajeune.com\/ar\/wp-json\/wp\/v2\/product\/9744\/revisions\/11876"}],"wp:featuredmedia":[{"embeddable":true,"href":"https:\/\/gerajeune.com\/ar\/wp-json\/wp\/v2\/media\/9741"}],"wp:attachment":[{"href":"https:\/\/gerajeune.com\/ar\/wp-json\/wp\/v2\/media?parent=9744"}],"wp:term":[{"taxonomy":"product_brand","embeddable":true,"href":"https:\/\/gerajeune.com\/ar\/wp-json\/wp\/v2\/product_brand?post=9744"},{"taxonomy":"product_cat","embeddable":true,"href":"https:\/\/gerajeune.com\/ar\/wp-json\/wp\/v2\/product_cat?post=9744"},{"taxonomy":"product_tag","embeddable":true,"href":"https:\/\/gerajeune.com\/ar\/wp-json\/wp\/v2\/product_tag?post=9744"}],"curies":[{"name":"wp","href":"https:\/\/api.w.org\/{rel}","templated":true}]}}