{"id":13883,"date":"2025-03-18T17:56:00","date_gmt":"2025-03-18T16:56:00","guid":{"rendered":"http:\/\/gerajeune.com\/?post_type=product&#038;p=13883"},"modified":"2025-05-16T20:11:10","modified_gmt":"2025-05-16T19:11:10","slug":"nuage-deodorant-edition-pomme-damour","status":"publish","type":"product","link":"https:\/\/gerajeune.com\/en\/product\/nuage-deodorant-edition-pomme-damour\/","title":{"rendered":"Nuage Deodorant \u00e9dition Pomme D&rsquo;amour"},"content":{"rendered":"<p><strong><em>Nuage D\u00e9odorant GERAJEUNE Pomme d&rsquo;Amour<\/em> :<\/strong><\/p>\n<ul>\n<li style=\"list-style-type: none;\">\n<ul>\n<li><strong>Protection longue dur\u00e9e :<\/strong> Neutralise les odeurs tout en laissant un parfum gourmand et fruit\u00e9.<\/li>\n<li><strong>Formule douce :<\/strong> Convient \u00e0 toutes les peaux, m\u00eame les plus sensibles.<\/li>\n<li><strong>Application facile :<\/strong> Son format vaporisateur est id\u00e9al pour une utilisation quotidienneNuage D\u00e9odorant Fleur Sucr\u00e9e\n<p><b>What is the healthiest deodorant?<\/b><\/p>\n<p>Le nuage d\u00e9odorant Gerajeune est excellent pour la sant\u00e9 et l\u2019environnement est de pr\u00e9f\u00e9rence\u00a0 \u00a0de formule 100% NATURELLE, hypoallerg\u00e9nique, 0% sels d\u2019aluminium, 0% phtalates et 0% agents chimiques nocifs, pour contrer les d\u00e9odorants conventionnels <a href=\"https:\/\/fr.wikipedia.org\/wiki\/Canc%C3%A9rog%C3%A8ne\">carcinogens<\/a>\u00a0which block the body&#039;s normal perspiration.<\/p>\n<p>Le nuage d\u00e9odorant Gerajeune vous garantit un d\u00e9odorant sain, naturel et non canc\u00e9rog\u00e8ne.<\/p>\n<p><strong>What is the role of deodorant?\u00a0<\/strong><\/p>\n<p>Le Nuage D\u00e9odorant Gerajeune Pomme d&rsquo;amour aide a lutter contre les mauvaises odeurs. Il r\u00e9duit la transpiration excessive. Il assure aussi une action anti repousse poils, hydratante et \u00e9claircissante. Sa formule est riche en actifs aromatiques naturels.<\/p>\n<p><b>How to use deodorant?<\/b><\/p>\n<p>A very generous silky texture, a very small amount of the cream is enough to protect a large area of your skin, guaranteeing a dry and comfortable touch. This economical 50g format of compact cream allows you to offer more product in less packaging.<\/p>\n<p><strong>Ingredients :<\/strong><\/p>\n<p>E Olea Europaea (Olive) Fruit Oil, Helianthus Annuus (Sunflower), Seed Oil, Aqua, Elaeis Guineensis (Palm), Butter Zea Mays (Conrn), Strach, Zinc Oxide, Sodium Bicarbonate, Glyceryl Stearate, Xanthan Gum, Vitamin E, Tocophero, Cetearyl alcohol, Melaleuca, Viridiflora Leaf Oil, Fragrance, Sodium benzoate, Cymbopogon, Martini Oil, Palmarosa Extract Caprylic\/capiric triglyceride, Polysorbate 20, nerol **, Vanillin **, Linalool **, Limonene **, Geraniol ** .<\/p>\n<p>*Ingredients from organic farming, naturally present in essential oils.<\/p>\n<p>test it again\u00a0<a href=\"https:\/\/gerajeune.com\/en\/product\/deodorant-creme-naturelle-genereuse-50g-2\/\">deodorant\u00a0<\/a>wild scent<\/li>\n<\/ul>\n<\/li>\n<\/ul>","protected":false},"excerpt":{"rendered":"<p>Cr\u00e8me 50ml. Prot\u00e8ge le corps de l&rsquo;odeur de la transpiration et renforce l&rsquo;odeur du parfum.<\/p>","protected":false},"featured_media":13884,"comment_status":"open","ping_status":"closed","template":"","meta":{"_monsterinsights_skip_tracking":false,"_monsterinsights_sitenote_active":false,"_monsterinsights_sitenote_note":"","_monsterinsights_sitenote_category":0,"ocean_post_layout":"","ocean_both_sidebars_style":"","ocean_both_sidebars_content_width":0,"ocean_both_sidebars_sidebars_width":0,"ocean_sidebar":"0","ocean_second_sidebar":"0","ocean_disable_margins":"enable","ocean_add_body_class":"","ocean_shortcode_before_top_bar":"","ocean_shortcode_after_top_bar":"","ocean_shortcode_before_header":"","ocean_shortcode_after_header":"","ocean_has_shortcode":"","ocean_shortcode_after_title":"","ocean_shortcode_before_footer_widgets":"","ocean_shortcode_after_footer_widgets":"","ocean_shortcode_before_footer_bottom":"","ocean_shortcode_after_footer_bottom":"","ocean_display_top_bar":"default","ocean_display_header":"default","ocean_header_style":"","ocean_center_header_left_menu":"0","ocean_custom_header_template":"0","ocean_custom_logo":0,"ocean_custom_retina_logo":0,"ocean_custom_logo_max_width":0,"ocean_custom_logo_tablet_max_width":0,"ocean_custom_logo_mobile_max_width":0,"ocean_custom_logo_max_height":0,"ocean_custom_logo_tablet_max_height":0,"ocean_custom_logo_mobile_max_height":0,"ocean_header_custom_menu":"0","ocean_menu_typo_font_family":"0","ocean_menu_typo_font_subset":"","ocean_menu_typo_font_size":0,"ocean_menu_typo_font_size_tablet":0,"ocean_menu_typo_font_size_mobile":0,"ocean_menu_typo_font_size_unit":"px","ocean_menu_typo_font_weight":"","ocean_menu_typo_font_weight_tablet":"","ocean_menu_typo_font_weight_mobile":"","ocean_menu_typo_transform":"","ocean_menu_typo_transform_tablet":"","ocean_menu_typo_transform_mobile":"","ocean_menu_typo_line_height":0,"ocean_menu_typo_line_height_tablet":0,"ocean_menu_typo_line_height_mobile":0,"ocean_menu_typo_line_height_unit":"","ocean_menu_typo_spacing":0,"ocean_menu_typo_spacing_tablet":0,"ocean_menu_typo_spacing_mobile":0,"ocean_menu_typo_spacing_unit":"","ocean_menu_link_color":"","ocean_menu_link_color_hover":"","ocean_menu_link_color_active":"","ocean_menu_link_background":"","ocean_menu_link_hover_background":"","ocean_menu_link_active_background":"","ocean_menu_social_links_bg":"","ocean_menu_social_hover_links_bg":"","ocean_menu_social_links_color":"","ocean_menu_social_hover_links_color":"","ocean_disable_title":"default","ocean_disable_heading":"default","ocean_post_title":"","ocean_post_subheading":"","ocean_post_title_style":"","ocean_post_title_background_color":"","ocean_post_title_background":0,"ocean_post_title_bg_image_position":"","ocean_post_title_bg_image_attachment":"","ocean_post_title_bg_image_repeat":"","ocean_post_title_bg_image_size":"","ocean_post_title_height":0,"ocean_post_title_bg_overlay":0.5,"ocean_post_title_bg_overlay_color":"","ocean_disable_breadcrumbs":"default","ocean_breadcrumbs_color":"","ocean_breadcrumbs_separator_color":"","ocean_breadcrumbs_links_color":"","ocean_breadcrumbs_links_hover_color":"","ocean_display_footer_widgets":"default","ocean_display_footer_bottom":"default","ocean_custom_footer_template":"0","omw_enable_modal_window":"enable"},"product_brand":[],"product_cat":[157],"product_tag":[222],"class_list":{"0":"post-13883","1":"product","2":"type-product","3":"status-publish","4":"has-post-thumbnail","6":"product_cat-soin-corps","7":"product_tag-nuage-deodorant-gerajeune","9":"entry","10":"has-media","12":"first","13":"instock","14":"sale","15":"taxable","16":"shipping-taxable","17":"purchasable","18":"product-type-simple","19":"col","20":"span_1_of_3","21":"owp-content-center","22":"owp-thumbs-layout-horizontal","23":"owp-btn-normal","24":"owp-tabs-layout-horizontal","25":"has-no-thumbnails"},"yoast_head":"<!-- This site is optimized with the Yoast SEO plugin v27.0 - https:\/\/yoast.com\/product\/yoast-seo-wordpress\/ -->\n<title>nuage-deodorant- pomme d&#039;amour-gerajeune<\/title>\n<meta name=\"description\" content=\"Nuage D\u00e9odorant Gerajeune Pomme d&#039;Amour :Protection longue dur\u00e9e : Neutralise les odeurs tout en laissant un parfum gourmand et fruit\u00e9.\" \/>\n<meta name=\"robots\" content=\"index, follow, max-snippet:-1, max-image-preview:large, max-video-preview:-1\" \/>\n<link rel=\"canonical\" href=\"https:\/\/gerajeune.com\/en\/product\/nuage-deodorant-edition-pomme-damour\/\" \/>\n<meta property=\"og:locale\" content=\"en_US\" \/>\n<meta property=\"og:type\" content=\"article\" \/>\n<meta property=\"og:title\" content=\"nuage-deodorant- pomme d&#039;amour-gerajeune\" \/>\n<meta property=\"og:description\" content=\"Nuage D\u00e9odorant Gerajeune Pomme d&#039;Amour :Protection longue dur\u00e9e : Neutralise les odeurs tout en laissant un parfum gourmand et fruit\u00e9.\" \/>\n<meta property=\"og:url\" content=\"https:\/\/gerajeune.com\/en\/product\/nuage-deodorant-edition-pomme-damour\/\" \/>\n<meta property=\"og:site_name\" content=\"gerajeune\" \/>\n<meta property=\"article:publisher\" content=\"https:\/\/www.facebook.com\/gerajeune\" \/>\n<meta property=\"article:modified_time\" content=\"2025-05-16T19:11:10+00:00\" \/>\n<meta property=\"og:image\" content=\"https:\/\/gerajeune.com\/wp-content\/uploads\/2025\/03\/Nuage_Deodorant_Pomme_New.webp\" \/>\n\t<meta property=\"og:image:width\" content=\"1080\" \/>\n\t<meta property=\"og:image:height\" content=\"1080\" \/>\n\t<meta property=\"og:image:type\" content=\"image\/webp\" \/>\n<meta name=\"twitter:card\" content=\"summary_large_image\" \/>\n<meta name=\"twitter:label1\" content=\"Est. reading time\" \/>\n\t<meta name=\"twitter:data1\" content=\"2 minutes\" \/>\n<script type=\"application\/ld+json\" class=\"yoast-schema-graph\">{\"@context\":\"https:\/\/schema.org\",\"@graph\":[{\"@type\":\"WebPage\",\"@id\":\"https:\/\/gerajeune.com\/produit\/nuage-deodorant-edition-pomme-damour\/\",\"url\":\"https:\/\/gerajeune.com\/produit\/nuage-deodorant-edition-pomme-damour\/\",\"name\":\"nuage-deodorant- pomme d'amour-gerajeune\",\"isPartOf\":{\"@id\":\"https:\/\/gerajeune.com\/#website\"},\"primaryImageOfPage\":{\"@id\":\"https:\/\/gerajeune.com\/produit\/nuage-deodorant-edition-pomme-damour\/#primaryimage\"},\"image\":{\"@id\":\"https:\/\/gerajeune.com\/produit\/nuage-deodorant-edition-pomme-damour\/#primaryimage\"},\"thumbnailUrl\":\"https:\/\/gerajeune.com\/wp-content\/uploads\/2025\/03\/Nuage_Deodorant_Pomme_New.webp\",\"datePublished\":\"2025-03-18T16:56:00+00:00\",\"dateModified\":\"2025-05-16T19:11:10+00:00\",\"description\":\"Nuage D\u00e9odorant Gerajeune Pomme d'Amour :Protection longue dur\u00e9e : Neutralise les odeurs tout en laissant un parfum gourmand et fruit\u00e9.\",\"breadcrumb\":{\"@id\":\"https:\/\/gerajeune.com\/produit\/nuage-deodorant-edition-pomme-damour\/#breadcrumb\"},\"inLanguage\":\"en-US\",\"potentialAction\":[{\"@type\":\"ReadAction\",\"target\":[\"https:\/\/gerajeune.com\/produit\/nuage-deodorant-edition-pomme-damour\/\"]}]},{\"@type\":\"ImageObject\",\"inLanguage\":\"en-US\",\"@id\":\"https:\/\/gerajeune.com\/produit\/nuage-deodorant-edition-pomme-damour\/#primaryimage\",\"url\":\"https:\/\/gerajeune.com\/wp-content\/uploads\/2025\/03\/Nuage_Deodorant_Pomme_New.webp\",\"contentUrl\":\"https:\/\/gerajeune.com\/wp-content\/uploads\/2025\/03\/Nuage_Deodorant_Pomme_New.webp\",\"width\":1080,\"height\":1080},{\"@type\":\"BreadcrumbList\",\"@id\":\"https:\/\/gerajeune.com\/produit\/nuage-deodorant-edition-pomme-damour\/#breadcrumb\",\"itemListElement\":[{\"@type\":\"ListItem\",\"position\":1,\"name\":\"Accueil\",\"item\":\"https:\/\/gerajeune.com\/\"},{\"@type\":\"ListItem\",\"position\":2,\"name\":\"Produits\",\"item\":\"https:\/\/gerajeune.com\/__trashed-6\/\"},{\"@type\":\"ListItem\",\"position\":3,\"name\":\"Nuage Deodorant \u00e9dition Pomme D&rsquo;amour\"}]},{\"@type\":\"WebSite\",\"@id\":\"https:\/\/gerajeune.com\/#website\",\"url\":\"https:\/\/gerajeune.com\/\",\"name\":\"gerajeune\",\"description\":\"Naturellement belle, visiblement jeune\",\"publisher\":{\"@id\":\"https:\/\/gerajeune.com\/#organization\"},\"potentialAction\":[{\"@type\":\"SearchAction\",\"target\":{\"@type\":\"EntryPoint\",\"urlTemplate\":\"https:\/\/gerajeune.com\/?s={search_term_string}\"},\"query-input\":{\"@type\":\"PropertyValueSpecification\",\"valueRequired\":true,\"valueName\":\"search_term_string\"}}],\"inLanguage\":\"en-US\"},{\"@type\":\"Organization\",\"@id\":\"https:\/\/gerajeune.com\/#organization\",\"name\":\"gerajeune\",\"url\":\"https:\/\/gerajeune.com\/\",\"logo\":{\"@type\":\"ImageObject\",\"inLanguage\":\"en-US\",\"@id\":\"https:\/\/gerajeune.com\/#\/schema\/logo\/image\/\",\"url\":\"http:\/\/gerajeune.com\/wp-content\/uploads\/2021\/12\/cropped-logo-modifier-1-e1645608409226.png\",\"contentUrl\":\"http:\/\/gerajeune.com\/wp-content\/uploads\/2021\/12\/cropped-logo-modifier-1-e1645608409226.png\",\"width\":250,\"height\":120,\"caption\":\"gerajeune\"},\"image\":{\"@id\":\"https:\/\/gerajeune.com\/#\/schema\/logo\/image\/\"},\"sameAs\":[\"https:\/\/www.facebook.com\/gerajeune\",\"https:\/\/www.instagram.com\/gerajeune\/reels\/?hl=fr\"]}]}<\/script>\n<!-- \/ Yoast SEO plugin. -->","yoast_head_json":{"title":"nuage-deodorant- pomme d'amour-gerajeune","description":"Nuage D\u00e9odorant Gerajeune Pomme d'Amour :Protection longue dur\u00e9e : Neutralise les odeurs tout en laissant un parfum gourmand et fruit\u00e9.","robots":{"index":"index","follow":"follow","max-snippet":"max-snippet:-1","max-image-preview":"max-image-preview:large","max-video-preview":"max-video-preview:-1"},"canonical":"https:\/\/gerajeune.com\/en\/product\/nuage-deodorant-edition-pomme-damour\/","og_locale":"en_US","og_type":"article","og_title":"nuage-deodorant- pomme d'amour-gerajeune","og_description":"Nuage D\u00e9odorant Gerajeune Pomme d'Amour :Protection longue dur\u00e9e : Neutralise les odeurs tout en laissant un parfum gourmand et fruit\u00e9.","og_url":"https:\/\/gerajeune.com\/en\/product\/nuage-deodorant-edition-pomme-damour\/","og_site_name":"gerajeune","article_publisher":"https:\/\/www.facebook.com\/gerajeune","article_modified_time":"2025-05-16T19:11:10+00:00","og_image":[{"width":1080,"height":1080,"url":"https:\/\/gerajeune.com\/wp-content\/uploads\/2025\/03\/Nuage_Deodorant_Pomme_New.webp","type":"image\/webp"}],"twitter_card":"summary_large_image","twitter_misc":{"Est. reading time":"2 minutes"},"schema":{"@context":"https:\/\/schema.org","@graph":[{"@type":"WebPage","@id":"https:\/\/gerajeune.com\/produit\/nuage-deodorant-edition-pomme-damour\/","url":"https:\/\/gerajeune.com\/produit\/nuage-deodorant-edition-pomme-damour\/","name":"nuage-deodorant- pomme d'amour-gerajeune","isPartOf":{"@id":"https:\/\/gerajeune.com\/#website"},"primaryImageOfPage":{"@id":"https:\/\/gerajeune.com\/produit\/nuage-deodorant-edition-pomme-damour\/#primaryimage"},"image":{"@id":"https:\/\/gerajeune.com\/produit\/nuage-deodorant-edition-pomme-damour\/#primaryimage"},"thumbnailUrl":"https:\/\/gerajeune.com\/wp-content\/uploads\/2025\/03\/Nuage_Deodorant_Pomme_New.webp","datePublished":"2025-03-18T16:56:00+00:00","dateModified":"2025-05-16T19:11:10+00:00","description":"Nuage D\u00e9odorant Gerajeune Pomme d'Amour :Protection longue dur\u00e9e : Neutralise les odeurs tout en laissant un parfum gourmand et fruit\u00e9.","breadcrumb":{"@id":"https:\/\/gerajeune.com\/produit\/nuage-deodorant-edition-pomme-damour\/#breadcrumb"},"inLanguage":"en-US","potentialAction":[{"@type":"ReadAction","target":["https:\/\/gerajeune.com\/produit\/nuage-deodorant-edition-pomme-damour\/"]}]},{"@type":"ImageObject","inLanguage":"en-US","@id":"https:\/\/gerajeune.com\/produit\/nuage-deodorant-edition-pomme-damour\/#primaryimage","url":"https:\/\/gerajeune.com\/wp-content\/uploads\/2025\/03\/Nuage_Deodorant_Pomme_New.webp","contentUrl":"https:\/\/gerajeune.com\/wp-content\/uploads\/2025\/03\/Nuage_Deodorant_Pomme_New.webp","width":1080,"height":1080},{"@type":"BreadcrumbList","@id":"https:\/\/gerajeune.com\/produit\/nuage-deodorant-edition-pomme-damour\/#breadcrumb","itemListElement":[{"@type":"ListItem","position":1,"name":"Accueil","item":"https:\/\/gerajeune.com\/"},{"@type":"ListItem","position":2,"name":"Produits","item":"https:\/\/gerajeune.com\/__trashed-6\/"},{"@type":"ListItem","position":3,"name":"Nuage Deodorant \u00e9dition Pomme D&rsquo;amour"}]},{"@type":"WebSite","@id":"https:\/\/gerajeune.com\/#website","url":"https:\/\/gerajeune.com\/","name":"gerajeune","description":"Naturally beautiful, visibly young","publisher":{"@id":"https:\/\/gerajeune.com\/#organization"},"potentialAction":[{"@type":"SearchAction","target":{"@type":"EntryPoint","urlTemplate":"https:\/\/gerajeune.com\/?s={search_term_string}"},"query-input":{"@type":"PropertyValueSpecification","valueRequired":true,"valueName":"search_term_string"}}],"inLanguage":"en-US"},{"@type":"Organization","@id":"https:\/\/gerajeune.com\/#organization","name":"gerajeune","url":"https:\/\/gerajeune.com\/","logo":{"@type":"ImageObject","inLanguage":"en-US","@id":"https:\/\/gerajeune.com\/#\/schema\/logo\/image\/","url":"http:\/\/gerajeune.com\/wp-content\/uploads\/2021\/12\/cropped-logo-modifier-1-e1645608409226.png","contentUrl":"http:\/\/gerajeune.com\/wp-content\/uploads\/2021\/12\/cropped-logo-modifier-1-e1645608409226.png","width":250,"height":120,"caption":"gerajeune"},"image":{"@id":"https:\/\/gerajeune.com\/#\/schema\/logo\/image\/"},"sameAs":["https:\/\/www.facebook.com\/gerajeune","https:\/\/www.instagram.com\/gerajeune\/reels\/?hl=fr"]}]}},"jetpack_sharing_enabled":true,"_links":{"self":[{"href":"https:\/\/gerajeune.com\/en\/wp-json\/wp\/v2\/product\/13883","targetHints":{"allow":["GET"]}}],"collection":[{"href":"https:\/\/gerajeune.com\/en\/wp-json\/wp\/v2\/product"}],"about":[{"href":"https:\/\/gerajeune.com\/en\/wp-json\/wp\/v2\/types\/product"}],"replies":[{"embeddable":true,"href":"https:\/\/gerajeune.com\/en\/wp-json\/wp\/v2\/comments?post=13883"}],"version-history":[{"count":5,"href":"https:\/\/gerajeune.com\/en\/wp-json\/wp\/v2\/product\/13883\/revisions"}],"predecessor-version":[{"id":14761,"href":"https:\/\/gerajeune.com\/en\/wp-json\/wp\/v2\/product\/13883\/revisions\/14761"}],"wp:featuredmedia":[{"embeddable":true,"href":"https:\/\/gerajeune.com\/en\/wp-json\/wp\/v2\/media\/13884"}],"wp:attachment":[{"href":"https:\/\/gerajeune.com\/en\/wp-json\/wp\/v2\/media?parent=13883"}],"wp:term":[{"taxonomy":"product_brand","embeddable":true,"href":"https:\/\/gerajeune.com\/en\/wp-json\/wp\/v2\/product_brand?post=13883"},{"taxonomy":"product_cat","embeddable":true,"href":"https:\/\/gerajeune.com\/en\/wp-json\/wp\/v2\/product_cat?post=13883"},{"taxonomy":"product_tag","embeddable":true,"href":"https:\/\/gerajeune.com\/en\/wp-json\/wp\/v2\/product_tag?post=13883"}],"curies":[{"name":"wp","href":"https:\/\/api.w.org\/{rel}","templated":true}]}}