{"id":14276,"date":"2025-03-31T11:54:48","date_gmt":"2025-03-31T10:54:48","guid":{"rendered":"https:\/\/gerajeune.com\/?post_type=product&#038;p=14276"},"modified":"2026-01-20T17:36:50","modified_gmt":"2026-01-20T16:36:50","slug":"soin-solaire-pigment-control","status":"publish","type":"product","link":"https:\/\/gerajeune.com\/en\/product\/soin-solaire-pigment-control\/","title":{"rendered":"Soin Solaire Pigment Control"},"content":{"rendered":"<h2 class=\"\" data-start=\"252\" data-end=\"316\">\ud83c\udf1e \u00c9cran Solaire Min\u00e9ral SPF 50 \u2013 Gerajeune Pigment Control<\/h2>\n<p class=\"\" data-start=\"317\" data-end=\"402\"><strong data-start=\"317\" data-end=\"402\">Haute protection \u2013 Formule naturelle \u2013 Sans parfum \u2013 Convient aux peaux sensibles<\/strong><\/p>\n<h3 class=\"\" data-start=\"404\" data-end=\"525\">\ud83c\udf3f 97 % d\u2019ingr\u00e9dients d\u2019origine naturelle | Sans filtres chimiques | Sans parab\u00e8nes | Sans silicones | Non com\u00e9dog\u00e8ne<\/h3>\n<hr class=\"\" data-start=\"527\" data-end=\"530\" \/>\n<h3 class=\"\" data-start=\"532\" data-end=\"549\">\u2728 Description<\/h3>\n<p class=\"\" data-start=\"550\" data-end=\"887\"><strong data-start=\"400\" data-end=\"450\">Notre \u00e9cran solaire min\u00e9ral sans parfum SPF 50<\/strong>, compos\u00e9 \u00e0 97\u202f% d\u2019ingr\u00e9dients naturels, est con\u00e7u pour prot\u00e9ger efficacement la peau sensible des rayons nocifs du soleil. Sp\u00e9cialement formul\u00e9 pour les <strong data-start=\"694\" data-end=\"713\">sensitive skin<\/strong>, il allie <strong data-start=\"724\" data-end=\"752\">haute protection UVA\/UVB<\/strong> And <strong data-start=\"756\" data-end=\"776\">soin nourrissant<\/strong>, dans une formule <strong data-start=\"795\" data-end=\"810\">sans parfum<\/strong>, <strong data-start=\"812\" data-end=\"845\">sans ingr\u00e9dients controvers\u00e9s<\/strong> And <strong data-start=\"849\" data-end=\"886\">sans filtres chimiques absorbants<\/strong>.<\/p>\n<p class=\"\" data-start=\"889\" data-end=\"1124\">Sa texture douce et non grasse s\u2019\u00e9tale facilement et laisse un fini invisible, sans traces blanches ni sensation lourde. Id\u00e9al pour le <strong data-start=\"1024\" data-end=\"1046\">visage et le corps<\/strong>, y compris chez les peaux r\u00e9actives, atopiques ou sujettes \u00e0 la pigmentation.<\/p>\n<hr class=\"\" data-start=\"1126\" data-end=\"1129\" \/>\n<h3 class=\"\" data-start=\"1131\" data-end=\"1172\">\ud83d\udd2c Pourquoi choisir notre <strong data-start=\"1629\" data-end=\"1666\">\u00e9cran solaire min\u00e9ral sans parfum<\/strong> ?<\/h3>\n<ul>\n<li class=\"\" data-start=\"1669\" data-end=\"1737\">\n<p class=\"\" data-start=\"1671\" data-end=\"1737\">Une formule clean pour un <strong data-start=\"1697\" data-end=\"1737\">soin solaire naturel et sans risques<\/strong><\/p>\n<\/li>\n<li class=\"\" data-start=\"1738\" data-end=\"1791\"><strong data-start=\"1292\" data-end=\"1330\">Sans ingr\u00e9dients \u00e0 risque sur Yuka<\/strong> : aucune substance class\u00e9e canc\u00e9rig\u00e8ne, perturbatrice endocrinienne ou allerg\u00e8ne.<\/li>\n<\/ul>\n<ul data-start=\"1173\" data-end=\"1642\">\n<li class=\"\" data-start=\"1413\" data-end=\"1531\">\n<p class=\"\" data-start=\"1415\" data-end=\"1531\"><strong data-start=\"1415\" data-end=\"1447\">PEG-30 Dipolyhydroxystearate<\/strong> : un \u00e9mulsifiant de haute puret\u00e9, s\u00fbr et autoris\u00e9 par la r\u00e9glementation europ\u00e9enne.<\/p>\n<\/li>\n<li class=\"\" data-start=\"1532\" data-end=\"1642\">\n<p class=\"\" data-start=\"1534\" data-end=\"1642\"><strong data-start=\"1534\" data-end=\"1562\">Dioxyde de titane (nano)<\/strong> : utilis\u00e9 sous forme non p\u00e9n\u00e9trante, enrob\u00e9e, conforme \u00e0 <a href=\"https:\/\/www.ccis-expertise.com\/fr\/reglement-europeen-sur-les-cosmetiques#:~:text=Le%20nouveau%20r%C3%A8glement%20(CE)%20N,produits%20cosm%C3%A9tiques%20pour%20le%20consommateur.\">la norme EU 1223\/2009<\/a>.<\/p>\n<\/li>\n<\/ul>\n<hr class=\"\" data-start=\"1644\" data-end=\"1647\" \/>\n<h3 class=\"\" data-start=\"1649\" data-end=\"1665\">\ud83d\udca7 Bienfaits de notre <strong data-start=\"1759\" data-end=\"1791\">soin solaire pigment control<\/strong><\/h3>\n<ul data-start=\"1666\" data-end=\"1898\">\n<li class=\"\" data-start=\"1666\" data-end=\"1744\">\n<p class=\"\" data-start=\"1668\" data-end=\"1744\">Prot\u00e8ge des coups de soleil, taches pigmentaires et vieillissement pr\u00e9matur\u00e9<\/p>\n<\/li>\n<li class=\"\" data-start=\"1745\" data-end=\"1794\">\n<p class=\"\" data-start=\"1747\" data-end=\"1794\">Apaise, nourrit et renforce la barri\u00e8re cutan\u00e9e<\/p>\n<\/li>\n<li class=\"\" data-start=\"1795\" data-end=\"1841\">\n<p class=\"\" data-start=\"1797\" data-end=\"1841\">Adapt\u00e9 \u00e0 toute la famille (hors nourrissons)<\/p>\n<\/li>\n<li class=\"\" data-start=\"1842\" data-end=\"1898\">\n<p class=\"\" data-start=\"1844\" data-end=\"1898\">Compatible avec le maquillage et les routines skincare<\/p>\n<\/li>\n<\/ul>\n<hr class=\"\" data-start=\"1900\" data-end=\"1903\" \/>\n<h3 class=\"\" data-start=\"1905\" data-end=\"1930\">\ud83c\udf38 Composition INCI\u00a0indicatif \u2013 peut varier l\u00e9g\u00e8rement selon la disponibilit\u00e9 et la naturalit\u00e9 des mati\u00e8res premi\u00e8res.<br data-start=\"1524\" data-end=\"1527\" \/>La liste exacte figure sur l\u2019\u00e9tiquette du produit.<\/h3>\n<p class=\"\" data-start=\"1931\" data-end=\"2290\">Aqua, Zinc Oxide, Titanium Dioxide (nano), CI 77492, CI 77491, Persea Gratissima Oil, Caprylic\/Capric Triglyceride, Coco-Caprylate, Triticum Vulgare Germ Oil, Prunus Amygdalus Dulcis Oil, Cocos Nucifera Oil, Sesamum Indicum Oil, Tocopherol, Panthenol, Xanthan Gum, Cetyl Alcohol, Polyglyceryl-3 Polyricinoleate, Cera Alba<\/p>\n<hr class=\"\" data-start=\"2292\" data-end=\"2295\" \/>\n<h3 class=\"\" data-start=\"2297\" data-end=\"2326\">\ud83e\uddf4 Comment bien utiliser votre <strong data-start=\"1822\" data-end=\"1854\">\u00e9cran solaire min\u00e9ral SPF 50<\/strong> ?<\/h3>\n<ol data-start=\"2327\" data-end=\"2564\">\n<li class=\"\" data-start=\"2327\" data-end=\"2392\">\n<p class=\"\" data-start=\"2330\" data-end=\"2392\">Appliquez g\u00e9n\u00e9reusement sur peau s\u00e8che avant toute exposition.<\/p>\n<\/li>\n<li class=\"\" data-start=\"2393\" data-end=\"2504\">\n<p class=\"\" data-start=\"2396\" data-end=\"2504\">Renouvelez l\u2019application toutes les 2 heures, et syst\u00e9matiquement apr\u00e8s baignade, transpiration ou essuyage.<\/p>\n<\/li>\n<li class=\"\" data-start=\"2505\" data-end=\"2564\">\n<p class=\"\" data-start=\"2508\" data-end=\"2564\">Ne pas exposer les jeunes enfants directement au soleil.<\/p>\n<\/li>\n<\/ol>\n<hr class=\"\" data-start=\"2566\" data-end=\"2569\" \/>\n<h3 class=\"\" data-start=\"2571\" data-end=\"2599\">\ud83d\udce6 Caract\u00e9ristiques cl\u00e9s<\/h3>\n<ul data-start=\"2600\" data-end=\"2915\">\n<li class=\"\" data-start=\"2600\" data-end=\"2639\">\n<p class=\"\" data-start=\"2602\" data-end=\"2639\"><strong data-start=\"2602\" data-end=\"2612\">SPF 50<\/strong> : haute protection solaire<\/p>\n<\/li>\n<li class=\"\" data-start=\"2640\" data-end=\"2713\">\n<p class=\"\" data-start=\"2642\" data-end=\"2713\"><strong data-start=\"2642\" data-end=\"2665\">Filtration min\u00e9rale<\/strong> : respectueuse de la peau et de l\u2019environnement<\/p>\n<\/li>\n<li class=\"\" data-start=\"2714\" data-end=\"2787\">\n<p class=\"\" data-start=\"2716\" data-end=\"2787\"><strong data-start=\"2716\" data-end=\"2733\">Formule clean<\/strong> : sans parfum, sans colorants, sans allerg\u00e8nes list\u00e9s<\/p>\n<\/li>\n<li class=\"\" data-start=\"2788\" data-end=\"2837\">\n<p class=\"\" data-start=\"2790\" data-end=\"2837\"><strong data-start=\"2790\" data-end=\"2837\">Non com\u00e9dog\u00e8ne et test\u00e9e dermatologiquement<\/strong><\/p>\n<\/li>\n<li class=\"\" data-start=\"2838\" data-end=\"2915\">\n<p class=\"\" data-start=\"2840\" data-end=\"2915\"><strong data-start=\"2840\" data-end=\"2915\">Convient aux femmes enceintes et peaux sujettes aux taches pigmentaires.<\/strong><\/p>\n<\/li>\n<\/ul>\n<p class=\"\" data-start=\"2840\" data-end=\"2915\"><strong data-start=\"2840\" data-end=\"2915\">D\u00e9couvrez aussi notre gamme <a href=\"https:\/\/gerajeune.com\/en\/soins-visage\/\" rel=\"noopener\" data-start=\"2006\" data-end=\"2069\">soins hydratants pour peaux sensibles<\/a>.<\/strong><\/p>","protected":false},"excerpt":{"rendered":"<p><strong>\u00c9cran Solaire Min\u00e9ral Sans Parfum SPF 50 \u2013GERAJEUNE Pigment Control, 50 g<\/strong><\/p>","protected":false},"featured_media":14277,"comment_status":"open","ping_status":"closed","template":"","meta":{"_monsterinsights_skip_tracking":false,"_monsterinsights_sitenote_active":false,"_monsterinsights_sitenote_note":"","_monsterinsights_sitenote_category":0,"ocean_post_layout":"","ocean_both_sidebars_style":"","ocean_both_sidebars_content_width":0,"ocean_both_sidebars_sidebars_width":0,"ocean_sidebar":"0","ocean_second_sidebar":"0","ocean_disable_margins":"enable","ocean_add_body_class":"","ocean_shortcode_before_top_bar":"","ocean_shortcode_after_top_bar":"","ocean_shortcode_before_header":"","ocean_shortcode_after_header":"","ocean_has_shortcode":"","ocean_shortcode_after_title":"","ocean_shortcode_before_footer_widgets":"","ocean_shortcode_after_footer_widgets":"","ocean_shortcode_before_footer_bottom":"","ocean_shortcode_after_footer_bottom":"","ocean_display_top_bar":"default","ocean_display_header":"default","ocean_header_style":"","ocean_center_header_left_menu":"0","ocean_custom_header_template":"0","ocean_custom_logo":0,"ocean_custom_retina_logo":0,"ocean_custom_logo_max_width":0,"ocean_custom_logo_tablet_max_width":0,"ocean_custom_logo_mobile_max_width":0,"ocean_custom_logo_max_height":0,"ocean_custom_logo_tablet_max_height":0,"ocean_custom_logo_mobile_max_height":0,"ocean_header_custom_menu":"0","ocean_menu_typo_font_family":"0","ocean_menu_typo_font_subset":"","ocean_menu_typo_font_size":0,"ocean_menu_typo_font_size_tablet":0,"ocean_menu_typo_font_size_mobile":0,"ocean_menu_typo_font_size_unit":"px","ocean_menu_typo_font_weight":"","ocean_menu_typo_font_weight_tablet":"","ocean_menu_typo_font_weight_mobile":"","ocean_menu_typo_transform":"","ocean_menu_typo_transform_tablet":"","ocean_menu_typo_transform_mobile":"","ocean_menu_typo_line_height":0,"ocean_menu_typo_line_height_tablet":0,"ocean_menu_typo_line_height_mobile":0,"ocean_menu_typo_line_height_unit":"","ocean_menu_typo_spacing":0,"ocean_menu_typo_spacing_tablet":0,"ocean_menu_typo_spacing_mobile":0,"ocean_menu_typo_spacing_unit":"","ocean_menu_link_color":"","ocean_menu_link_color_hover":"","ocean_menu_link_color_active":"","ocean_menu_link_background":"","ocean_menu_link_hover_background":"","ocean_menu_link_active_background":"","ocean_menu_social_links_bg":"","ocean_menu_social_hover_links_bg":"","ocean_menu_social_links_color":"","ocean_menu_social_hover_links_color":"","ocean_disable_title":"default","ocean_disable_heading":"default","ocean_post_title":"","ocean_post_subheading":"","ocean_post_title_style":"","ocean_post_title_background_color":"","ocean_post_title_background":0,"ocean_post_title_bg_image_position":"","ocean_post_title_bg_image_attachment":"","ocean_post_title_bg_image_repeat":"","ocean_post_title_bg_image_size":"","ocean_post_title_height":0,"ocean_post_title_bg_overlay":0.5,"ocean_post_title_bg_overlay_color":"","ocean_disable_breadcrumbs":"default","ocean_breadcrumbs_color":"","ocean_breadcrumbs_separator_color":"","ocean_breadcrumbs_links_color":"","ocean_breadcrumbs_links_hover_color":"","ocean_display_footer_widgets":"default","ocean_display_footer_bottom":"default","ocean_custom_footer_template":"0","omw_enable_modal_window":"enable"},"product_brand":[],"product_cat":[56],"product_tag":[218],"class_list":{"0":"post-14276","1":"product","2":"type-product","3":"status-publish","4":"has-post-thumbnail","6":"product_cat-soin-visage","7":"product_tag-ecran-solaire-mineral-sans-parfum-spf-50-naturel-gerajeune","9":"entry","10":"has-media","12":"first","13":"instock","14":"taxable","15":"shipping-taxable","16":"purchasable","17":"product-type-simple","18":"col","19":"span_1_of_3","20":"owp-content-center","21":"owp-thumbs-layout-horizontal","22":"owp-btn-normal","23":"owp-tabs-layout-horizontal","24":"has-no-thumbnails"},"yoast_head":"<!-- This site is optimized with the Yoast SEO plugin v27.0 - https:\/\/yoast.com\/product\/yoast-seo-wordpress\/ -->\n<title>\u00c9cran solaire min\u00e9ral sans parfum SPF 50 naturel \u2013 Gerajeune<\/title>\n<meta name=\"description\" content=\"Soin solaire pigment control avec \u00e9cran min\u00e9ral sans parfum SPF 50. 97\u202f% naturel. sans ingr\u00e9dients controvers\u00e9s. Id\u00e9al peaux sensibles et pigment\u00e9es.\" \/>\n<meta name=\"robots\" content=\"index, follow, max-snippet:-1, max-image-preview:large, max-video-preview:-1\" \/>\n<link rel=\"canonical\" href=\"https:\/\/gerajeune.com\/en\/product\/soin-solaire-pigment-control\/\" \/>\n<meta property=\"og:locale\" content=\"en_US\" \/>\n<meta property=\"og:type\" content=\"article\" \/>\n<meta property=\"og:title\" content=\"\u00c9cran solaire min\u00e9ral sans parfum SPF 50 naturel \u2013 Gerajeune\" \/>\n<meta property=\"og:description\" content=\"Soin solaire pigment control avec \u00e9cran min\u00e9ral sans parfum SPF 50. 97\u202f% naturel. sans ingr\u00e9dients controvers\u00e9s. Id\u00e9al peaux sensibles et pigment\u00e9es.\" \/>\n<meta property=\"og:url\" content=\"https:\/\/gerajeune.com\/en\/product\/soin-solaire-pigment-control\/\" \/>\n<meta property=\"og:site_name\" content=\"gerajeune\" \/>\n<meta property=\"article:publisher\" content=\"https:\/\/www.facebook.com\/gerajeune\" \/>\n<meta property=\"article:modified_time\" content=\"2026-01-20T16:36:50+00:00\" \/>\n<meta property=\"og:image\" content=\"https:\/\/gerajeune.com\/wp-content\/uploads\/2025\/03\/Soins_Solaire_Pigment_Control_New.webp\" \/>\n\t<meta property=\"og:image:width\" content=\"1080\" \/>\n\t<meta property=\"og:image:height\" content=\"1080\" \/>\n\t<meta property=\"og:image:type\" content=\"image\/webp\" \/>\n<meta name=\"twitter:card\" content=\"summary_large_image\" \/>\n<meta name=\"twitter:label1\" content=\"Est. reading time\" \/>\n\t<meta name=\"twitter:data1\" content=\"2 minutes\" \/>\n<script type=\"application\/ld+json\" class=\"yoast-schema-graph\">{\"@context\":\"https:\/\/schema.org\",\"@graph\":[{\"@type\":\"WebPage\",\"@id\":\"https:\/\/gerajeune.com\/produit\/soin-solaire-pigment-control\/\",\"url\":\"https:\/\/gerajeune.com\/produit\/soin-solaire-pigment-control\/\",\"name\":\"\u00c9cran solaire min\u00e9ral sans parfum SPF 50 naturel \u2013 Gerajeune\",\"isPartOf\":{\"@id\":\"https:\/\/gerajeune.com\/#website\"},\"primaryImageOfPage\":{\"@id\":\"https:\/\/gerajeune.com\/produit\/soin-solaire-pigment-control\/#primaryimage\"},\"image\":{\"@id\":\"https:\/\/gerajeune.com\/produit\/soin-solaire-pigment-control\/#primaryimage\"},\"thumbnailUrl\":\"https:\/\/gerajeune.com\/wp-content\/uploads\/2025\/03\/Soins_Solaire_Pigment_Control_New.webp\",\"datePublished\":\"2025-03-31T10:54:48+00:00\",\"dateModified\":\"2026-01-20T16:36:50+00:00\",\"description\":\"Soin solaire pigment control avec \u00e9cran min\u00e9ral sans parfum SPF 50. 97\u202f% naturel. sans ingr\u00e9dients controvers\u00e9s. Id\u00e9al peaux sensibles et pigment\u00e9es.\",\"breadcrumb\":{\"@id\":\"https:\/\/gerajeune.com\/produit\/soin-solaire-pigment-control\/#breadcrumb\"},\"inLanguage\":\"en-US\",\"potentialAction\":[{\"@type\":\"ReadAction\",\"target\":[\"https:\/\/gerajeune.com\/produit\/soin-solaire-pigment-control\/\"]}]},{\"@type\":\"ImageObject\",\"inLanguage\":\"en-US\",\"@id\":\"https:\/\/gerajeune.com\/produit\/soin-solaire-pigment-control\/#primaryimage\",\"url\":\"https:\/\/gerajeune.com\/wp-content\/uploads\/2025\/03\/Soins_Solaire_Pigment_Control_New.webp\",\"contentUrl\":\"https:\/\/gerajeune.com\/wp-content\/uploads\/2025\/03\/Soins_Solaire_Pigment_Control_New.webp\",\"width\":1080,\"height\":1080},{\"@type\":\"BreadcrumbList\",\"@id\":\"https:\/\/gerajeune.com\/produit\/soin-solaire-pigment-control\/#breadcrumb\",\"itemListElement\":[{\"@type\":\"ListItem\",\"position\":1,\"name\":\"Accueil\",\"item\":\"https:\/\/gerajeune.com\/\"},{\"@type\":\"ListItem\",\"position\":2,\"name\":\"Produits\",\"item\":\"https:\/\/gerajeune.com\/__trashed-6\/\"},{\"@type\":\"ListItem\",\"position\":3,\"name\":\"Soin Solaire Pigment Control\"}]},{\"@type\":\"WebSite\",\"@id\":\"https:\/\/gerajeune.com\/#website\",\"url\":\"https:\/\/gerajeune.com\/\",\"name\":\"gerajeune\",\"description\":\"Naturellement belle, visiblement jeune\",\"publisher\":{\"@id\":\"https:\/\/gerajeune.com\/#organization\"},\"potentialAction\":[{\"@type\":\"SearchAction\",\"target\":{\"@type\":\"EntryPoint\",\"urlTemplate\":\"https:\/\/gerajeune.com\/?s={search_term_string}\"},\"query-input\":{\"@type\":\"PropertyValueSpecification\",\"valueRequired\":true,\"valueName\":\"search_term_string\"}}],\"inLanguage\":\"en-US\"},{\"@type\":\"Organization\",\"@id\":\"https:\/\/gerajeune.com\/#organization\",\"name\":\"gerajeune\",\"url\":\"https:\/\/gerajeune.com\/\",\"logo\":{\"@type\":\"ImageObject\",\"inLanguage\":\"en-US\",\"@id\":\"https:\/\/gerajeune.com\/#\/schema\/logo\/image\/\",\"url\":\"http:\/\/gerajeune.com\/wp-content\/uploads\/2021\/12\/cropped-logo-modifier-1-e1645608409226.png\",\"contentUrl\":\"http:\/\/gerajeune.com\/wp-content\/uploads\/2021\/12\/cropped-logo-modifier-1-e1645608409226.png\",\"width\":250,\"height\":120,\"caption\":\"gerajeune\"},\"image\":{\"@id\":\"https:\/\/gerajeune.com\/#\/schema\/logo\/image\/\"},\"sameAs\":[\"https:\/\/www.facebook.com\/gerajeune\",\"https:\/\/www.instagram.com\/gerajeune\/reels\/?hl=fr\"]}]}<\/script>\n<!-- \/ Yoast SEO plugin. -->","yoast_head_json":{"title":"\u00c9cran solaire min\u00e9ral sans parfum SPF 50 naturel \u2013 Gerajeune","description":"Soin solaire pigment control avec \u00e9cran min\u00e9ral sans parfum SPF 50. 97\u202f% naturel. sans ingr\u00e9dients controvers\u00e9s. Id\u00e9al peaux sensibles et pigment\u00e9es.","robots":{"index":"index","follow":"follow","max-snippet":"max-snippet:-1","max-image-preview":"max-image-preview:large","max-video-preview":"max-video-preview:-1"},"canonical":"https:\/\/gerajeune.com\/en\/product\/soin-solaire-pigment-control\/","og_locale":"en_US","og_type":"article","og_title":"\u00c9cran solaire min\u00e9ral sans parfum SPF 50 naturel \u2013 Gerajeune","og_description":"Soin solaire pigment control avec \u00e9cran min\u00e9ral sans parfum SPF 50. 97\u202f% naturel. sans ingr\u00e9dients controvers\u00e9s. Id\u00e9al peaux sensibles et pigment\u00e9es.","og_url":"https:\/\/gerajeune.com\/en\/product\/soin-solaire-pigment-control\/","og_site_name":"gerajeune","article_publisher":"https:\/\/www.facebook.com\/gerajeune","article_modified_time":"2026-01-20T16:36:50+00:00","og_image":[{"width":1080,"height":1080,"url":"https:\/\/gerajeune.com\/wp-content\/uploads\/2025\/03\/Soins_Solaire_Pigment_Control_New.webp","type":"image\/webp"}],"twitter_card":"summary_large_image","twitter_misc":{"Est. reading time":"2 minutes"},"schema":{"@context":"https:\/\/schema.org","@graph":[{"@type":"WebPage","@id":"https:\/\/gerajeune.com\/produit\/soin-solaire-pigment-control\/","url":"https:\/\/gerajeune.com\/produit\/soin-solaire-pigment-control\/","name":"\u00c9cran solaire min\u00e9ral sans parfum SPF 50 naturel \u2013 Gerajeune","isPartOf":{"@id":"https:\/\/gerajeune.com\/#website"},"primaryImageOfPage":{"@id":"https:\/\/gerajeune.com\/produit\/soin-solaire-pigment-control\/#primaryimage"},"image":{"@id":"https:\/\/gerajeune.com\/produit\/soin-solaire-pigment-control\/#primaryimage"},"thumbnailUrl":"https:\/\/gerajeune.com\/wp-content\/uploads\/2025\/03\/Soins_Solaire_Pigment_Control_New.webp","datePublished":"2025-03-31T10:54:48+00:00","dateModified":"2026-01-20T16:36:50+00:00","description":"Soin solaire pigment control avec \u00e9cran min\u00e9ral sans parfum SPF 50. 97\u202f% naturel. sans ingr\u00e9dients controvers\u00e9s. Id\u00e9al peaux sensibles et pigment\u00e9es.","breadcrumb":{"@id":"https:\/\/gerajeune.com\/produit\/soin-solaire-pigment-control\/#breadcrumb"},"inLanguage":"en-US","potentialAction":[{"@type":"ReadAction","target":["https:\/\/gerajeune.com\/produit\/soin-solaire-pigment-control\/"]}]},{"@type":"ImageObject","inLanguage":"en-US","@id":"https:\/\/gerajeune.com\/produit\/soin-solaire-pigment-control\/#primaryimage","url":"https:\/\/gerajeune.com\/wp-content\/uploads\/2025\/03\/Soins_Solaire_Pigment_Control_New.webp","contentUrl":"https:\/\/gerajeune.com\/wp-content\/uploads\/2025\/03\/Soins_Solaire_Pigment_Control_New.webp","width":1080,"height":1080},{"@type":"BreadcrumbList","@id":"https:\/\/gerajeune.com\/produit\/soin-solaire-pigment-control\/#breadcrumb","itemListElement":[{"@type":"ListItem","position":1,"name":"Accueil","item":"https:\/\/gerajeune.com\/"},{"@type":"ListItem","position":2,"name":"Produits","item":"https:\/\/gerajeune.com\/__trashed-6\/"},{"@type":"ListItem","position":3,"name":"Soin Solaire Pigment Control"}]},{"@type":"WebSite","@id":"https:\/\/gerajeune.com\/#website","url":"https:\/\/gerajeune.com\/","name":"gerajeune","description":"Naturally beautiful, visibly young","publisher":{"@id":"https:\/\/gerajeune.com\/#organization"},"potentialAction":[{"@type":"SearchAction","target":{"@type":"EntryPoint","urlTemplate":"https:\/\/gerajeune.com\/?s={search_term_string}"},"query-input":{"@type":"PropertyValueSpecification","valueRequired":true,"valueName":"search_term_string"}}],"inLanguage":"en-US"},{"@type":"Organization","@id":"https:\/\/gerajeune.com\/#organization","name":"gerajeune","url":"https:\/\/gerajeune.com\/","logo":{"@type":"ImageObject","inLanguage":"en-US","@id":"https:\/\/gerajeune.com\/#\/schema\/logo\/image\/","url":"http:\/\/gerajeune.com\/wp-content\/uploads\/2021\/12\/cropped-logo-modifier-1-e1645608409226.png","contentUrl":"http:\/\/gerajeune.com\/wp-content\/uploads\/2021\/12\/cropped-logo-modifier-1-e1645608409226.png","width":250,"height":120,"caption":"gerajeune"},"image":{"@id":"https:\/\/gerajeune.com\/#\/schema\/logo\/image\/"},"sameAs":["https:\/\/www.facebook.com\/gerajeune","https:\/\/www.instagram.com\/gerajeune\/reels\/?hl=fr"]}]}},"jetpack_sharing_enabled":true,"_links":{"self":[{"href":"https:\/\/gerajeune.com\/en\/wp-json\/wp\/v2\/product\/14276","targetHints":{"allow":["GET"]}}],"collection":[{"href":"https:\/\/gerajeune.com\/en\/wp-json\/wp\/v2\/product"}],"about":[{"href":"https:\/\/gerajeune.com\/en\/wp-json\/wp\/v2\/types\/product"}],"replies":[{"embeddable":true,"href":"https:\/\/gerajeune.com\/en\/wp-json\/wp\/v2\/comments?post=14276"}],"version-history":[{"count":5,"href":"https:\/\/gerajeune.com\/en\/wp-json\/wp\/v2\/product\/14276\/revisions"}],"predecessor-version":[{"id":15084,"href":"https:\/\/gerajeune.com\/en\/wp-json\/wp\/v2\/product\/14276\/revisions\/15084"}],"wp:featuredmedia":[{"embeddable":true,"href":"https:\/\/gerajeune.com\/en\/wp-json\/wp\/v2\/media\/14277"}],"wp:attachment":[{"href":"https:\/\/gerajeune.com\/en\/wp-json\/wp\/v2\/media?parent=14276"}],"wp:term":[{"taxonomy":"product_brand","embeddable":true,"href":"https:\/\/gerajeune.com\/en\/wp-json\/wp\/v2\/product_brand?post=14276"},{"taxonomy":"product_cat","embeddable":true,"href":"https:\/\/gerajeune.com\/en\/wp-json\/wp\/v2\/product_cat?post=14276"},{"taxonomy":"product_tag","embeddable":true,"href":"https:\/\/gerajeune.com\/en\/wp-json\/wp\/v2\/product_tag?post=14276"}],"curies":[{"name":"wp","href":"https:\/\/api.w.org\/{rel}","templated":true}]}}