{"id":14404,"date":"2025-04-03T15:31:54","date_gmt":"2025-04-03T14:31:54","guid":{"rendered":"https:\/\/gerajeune.com\/?post_type=product&#038;p=14404"},"modified":"2025-06-03T18:37:21","modified_gmt":"2025-06-03T17:37:21","slug":"pack-gerajeune-anti-acne","status":"publish","type":"product","link":"https:\/\/gerajeune.com\/en\/product\/pack-gerajeune-anti-acne\/","title":{"rendered":"Pack GERAJEUNE Anti Acne"},"content":{"rendered":"<div class=\"elementor-element elementor-element-48ff73c elementor-widget elementor-widget-woocommerce-product-content animated fadeIn\" data-id=\"48ff73c\" data-element_type=\"widget\" data-settings=\"{&quot;_animation&quot;:&quot;fadeIn&quot;}\" data-widget_type=\"woocommerce-product-content.default\">\n<div class=\"elementor-widget-container\"><center><img decoding=\"async\" class=\"alignnone size-full wp-image-13163\" src=\"https:\/\/gerajeune.com\/wp-content\/uploads\/2024\/06\/Description_Title.gif\" alt=\"\" width=\"250\" height=\"50\" \/><\/center>&nbsp;<\/p>\n<h1 data-start=\"131\" data-end=\"205\"><\/h1>\n<h1 data-start=\"131\" data-end=\"205\">\ud83c\udf3f Pack Anti-Acn\u00e9 efficace de Gerajeune : Dites Adieu \u00e0 l\u2019Acn\u00e9, Naturellement ! \ud83c\udf3f<\/h1>\n<h3 data-start=\"207\" data-end=\"276\"><strong data-start=\"211\" data-end=\"274\">Une solution compl\u00e8te pour une peau nette, saine et apais\u00e9e<\/strong><\/h3>\n<p data-start=\"278\" data-end=\"452\"><strong data-start=\"436\" data-end=\"463\">Pack anti-acn\u00e9 efficace<\/strong>, con\u00e7u pour \u00e9liminer boutons et imperfections tout en r\u00e9parant la peau. Gr\u00e2ce \u00e0 sa\u00a0<em>Mousse Florale Purifiante<\/em>\u00a0\u00e0 l\u2019arbre \u00e0 th\u00e9 et niacinamide, il nettoie en profondeur tout en apaisant les inflammations. Ensuite, son<em>\u00a0Peeling<\/em>\u00a0aux AHA et BHA exfolie en douceur, d\u00e9sobstrue les pores et favorise le renouvellement cellulaire. De plus,<em>\u00a0la Solution Locale Acne Peel<\/em>\u00a0agit directement sur les imperfections pour pr\u00e9venir leur r\u00e9apparition. Enfin, la Cr\u00e8me Apaisante r\u00e9pare la barri\u00e8re cutan\u00e9e, r\u00e9duit les cicatrices et prot\u00e8ge la peau gr\u00e2ce \u00e0 son solaire min\u00e9ral. En somme, ce P<strong data-start=\"1024\" data-end=\"1051\">ack Anti-acn\u00e9 efficace<\/strong>\u00a0apporte une solution compl\u00e8te pour retrouver une peau nette, saine et \u00e9clatante. Adoptez d\u00e8s aujourd\u2019hui le\u00a0<strong data-start=\"1160\" data-end=\"1187\">pack anti acn\u00e9 efficace<\/strong>\u00a0et dites adieu aux imperfections !<\/p>\n<p data-start=\"278\" data-end=\"452\">\u2705\u00a0<strong data-start=\"280\" data-end=\"316\">\u00c9limine boutons et imperfections<\/strong><br data-start=\"316\" data-end=\"319\" \/>\u2705\u00a0<strong data-start=\"321\" data-end=\"360\">R\u00e9duit les cicatrices et les taches.<\/strong><br data-start=\"360\" data-end=\"363\" \/>\u2705\u00a0<strong data-start=\"365\" data-end=\"407\">Apaise et r\u00e9pare la peau apr\u00e8s peeling<\/strong><br data-start=\"407\" data-end=\"410\" \/>\u2705\u00a0<strong data-start=\"412\" data-end=\"450\">Prot\u00e8ge des agressions ext\u00e9rieures<\/strong><\/p>\n<hr data-start=\"454\" data-end=\"457\" \/>\n<h2 data-start=\"459\" data-end=\"527\"><\/h2>\n<h2 data-start=\"459\" data-end=\"527\"><a class=\"oceanwp-lightbox\" href=\"https:\/\/gerajeune.com\/wp-content\/uploads\/2024\/06\/Contenu_Title.gif\"><img decoding=\"async\" class=\"alignnone size-full wp-image-13161\" src=\"https:\/\/gerajeune.com\/wp-content\/uploads\/2024\/06\/Contenu_Title.gif\" alt=\"\" width=\"250\" height=\"50\" \/><\/a><\/h2>\n<h2 data-start=\"459\" data-end=\"527\">\ud83e\uddf4 Une synergie d\u2019actifs puissants pour une efficacit\u00e9 maximale<\/h2>\n<p data-start=\"529\" data-end=\"665\">\ud83d\udca7\u00a0<em><strong data-start=\"532\" data-end=\"561\">Mousse florale purifiante<\/strong><\/em>\u00a0\u2013 Extraits d\u2019arbre \u00e0 th\u00e9, niacinamide et oliban pour nettoyer en profondeur et calmer l\u2019inflammation.<\/p>\n<p data-start=\"667\" data-end=\"828\">\ud83c\udf4b\u00a0<em><strong data-start=\"670\" data-end=\"691\">Peeling AHA &amp; BHA<\/strong><\/em>\u00a0\u2013 Acide lactique, acide hyaluronique et BHA pour exfolier en douceur, d\u00e9sobstruer les pores et favoriser le renouvellement cellulaire.<\/p>\n<p data-start=\"830\" data-end=\"955\">\ud83c\udfaf\u00a0<em><strong data-start=\"833\" data-end=\"862\">Solution locale Acne Peel<\/strong><\/em>\u00a0\u2013cadeau Offert dans le pack:\u00a0 Formule cibl\u00e9e pour stopper les imperfections \u00e0 la source et pr\u00e9venir leur r\u00e9apparition.<\/p>\n<p data-start=\"957\" data-end=\"1126\">\ud83c\udf3f\u00a0<em><strong data-start=\"960\" data-end=\"993\">Cr\u00e8me apaisante &amp; r\u00e9paratrice<\/strong><\/em>\u00a0\u2013 Un soin post-peeling qui acc\u00e9l\u00e8re la r\u00e9g\u00e9n\u00e9ration cutan\u00e9e, apaise et r\u00e9duit les cicatrices d\u2019acn\u00e9 (pigmentaires et atrophiques).<\/p>\n<p data-start=\"1128\" data-end=\"1263\">\u2600\ufe0f<em>\u00a0<strong data-start=\"1131\" data-end=\"1163\">Solaire Min\u00e9ral Acne Control<\/strong><\/em>\u00a0\u2013 Protection optimale \u00e0 base d\u2019oxyde de zinc, sp\u00e9cialement con\u00e7ue pour les peaux \u00e0 imperfections.<\/p>\n<hr data-start=\"1265\" data-end=\"1268\" \/>\n<h2 data-start=\"1270\" data-end=\"1319\"><\/h2>\n<h2 data-start=\"1270\" data-end=\"1319\"><a class=\"oceanwp-lightbox\" href=\"https:\/\/gerajeune.com\/wp-content\/uploads\/2024\/06\/Pourquoi_Title.gif\"><img decoding=\"async\" class=\"alignnone size-full wp-image-13159\" src=\"https:\/\/gerajeune.com\/wp-content\/uploads\/2024\/06\/Pourquoi_Title.gif\" alt=\"\" width=\"250\" height=\"50\" \/><\/a><\/h2>\n<p data-start=\"1321\" data-end=\"1540\">\ud83c\udf31\u00a0<strong data-start=\"1324\" data-end=\"1366\">Formules naturelles et haute tol\u00e9rance<\/strong><br data-start=\"1366\" data-end=\"1369\" \/>\ud83d\udd2c\u00a0<strong data-start=\"1372\" data-end=\"1440\">D\u00e9velopp\u00e9 pour toutes les formes d\u2019acn\u00e9 : bact\u00e9rienne &amp; fongique<\/strong><br data-start=\"1440\" data-end=\"1443\" \/>\ud83d\udee1\ufe0f\u00a0<strong data-start=\"1447\" data-end=\"1495\">Convient aux peaux sensibles et post-peeling<\/strong><br data-start=\"1495\" data-end=\"1498\" \/>\ud83d\udc96\u00a0<strong data-start=\"1501\" data-end=\"1538\">Test\u00e9 et approuv\u00e9 par nos clients<\/strong><\/p>\n<p data-start=\"1542\" data-end=\"1659\">\ud83d\udca1\u00a0<strong data-start=\"1545\" data-end=\"1657\">Votre peau m\u00e9rite ce qu\u2019il y a de mieux. Offrez-lui un soin expert et retrouvez un teint \u00e9clatant de sant\u00e9 !<\/strong><\/p>\n<p data-start=\"1661\" data-end=\"1725\">\ud83d\udce6\u00a0<strong data-start=\"1664\" data-end=\"1723\">\ud83d\ude80 Commandez d\u00e8s maintenant et transformez votre peau !<\/strong><\/p>\n<p data-start=\"1727\" data-end=\"1777\" data-is-last-node=\"\" data-is-only-node=\"\">\ud83d\udecd\ufe0f\u00a0<strong data-start=\"1731\" data-end=\"1777\" data-is-last-node=\"\">Je d\u00e9couvre le pack Gerajeune anti-acn\u00e9 efficace<\/strong><\/p>\n<\/div>\n<\/div>\n<div class=\"elementor-element elementor-element-3e70d940 elementor-widget-divider--view-line elementor-widget elementor-widget-divider\" data-id=\"3e70d940\" data-element_type=\"widget\" data-widget_type=\"divider.default\">\n<div class=\"elementor-widget-container\">\n<div class=\"elementor-divider\"><\/div>\n<\/div>\n<\/div>","protected":false},"excerpt":{"rendered":"<p><strong data-start=\"436\" data-end=\"463\">Pack anti-acn\u00e9 efficace<\/strong>, con\u00e7u pour \u00e9liminer boutons et imperfections tout en r\u00e9parant la peau. Gr\u00e2ce \u00e0 sa <em>Mousse Florale Purifiante<\/em> \u00e0 l\u2019arbre \u00e0 th\u00e9 et niacinamide, il nettoie en profondeur tout en apaisant les inflammations.<\/p>","protected":false},"featured_media":13747,"comment_status":"open","ping_status":"closed","template":"","meta":{"_monsterinsights_skip_tracking":false,"_monsterinsights_sitenote_active":false,"_monsterinsights_sitenote_note":"","_monsterinsights_sitenote_category":0,"ocean_post_layout":"","ocean_both_sidebars_style":"","ocean_both_sidebars_content_width":0,"ocean_both_sidebars_sidebars_width":0,"ocean_sidebar":"0","ocean_second_sidebar":"0","ocean_disable_margins":"enable","ocean_add_body_class":"","ocean_shortcode_before_top_bar":"","ocean_shortcode_after_top_bar":"","ocean_shortcode_before_header":"","ocean_shortcode_after_header":"","ocean_has_shortcode":"","ocean_shortcode_after_title":"","ocean_shortcode_before_footer_widgets":"","ocean_shortcode_after_footer_widgets":"","ocean_shortcode_before_footer_bottom":"","ocean_shortcode_after_footer_bottom":"","ocean_display_top_bar":"default","ocean_display_header":"default","ocean_header_style":"","ocean_center_header_left_menu":"0","ocean_custom_header_template":"0","ocean_custom_logo":0,"ocean_custom_retina_logo":0,"ocean_custom_logo_max_width":0,"ocean_custom_logo_tablet_max_width":0,"ocean_custom_logo_mobile_max_width":0,"ocean_custom_logo_max_height":0,"ocean_custom_logo_tablet_max_height":0,"ocean_custom_logo_mobile_max_height":0,"ocean_header_custom_menu":"0","ocean_menu_typo_font_family":"0","ocean_menu_typo_font_subset":"","ocean_menu_typo_font_size":0,"ocean_menu_typo_font_size_tablet":0,"ocean_menu_typo_font_size_mobile":0,"ocean_menu_typo_font_size_unit":"px","ocean_menu_typo_font_weight":"","ocean_menu_typo_font_weight_tablet":"","ocean_menu_typo_font_weight_mobile":"","ocean_menu_typo_transform":"","ocean_menu_typo_transform_tablet":"","ocean_menu_typo_transform_mobile":"","ocean_menu_typo_line_height":0,"ocean_menu_typo_line_height_tablet":0,"ocean_menu_typo_line_height_mobile":0,"ocean_menu_typo_line_height_unit":"","ocean_menu_typo_spacing":0,"ocean_menu_typo_spacing_tablet":0,"ocean_menu_typo_spacing_mobile":0,"ocean_menu_typo_spacing_unit":"","ocean_menu_link_color":"","ocean_menu_link_color_hover":"","ocean_menu_link_color_active":"","ocean_menu_link_background":"","ocean_menu_link_hover_background":"","ocean_menu_link_active_background":"","ocean_menu_social_links_bg":"","ocean_menu_social_hover_links_bg":"","ocean_menu_social_links_color":"","ocean_menu_social_hover_links_color":"","ocean_disable_title":"default","ocean_disable_heading":"default","ocean_post_title":"","ocean_post_subheading":"","ocean_post_title_style":"","ocean_post_title_background_color":"","ocean_post_title_background":0,"ocean_post_title_bg_image_position":"","ocean_post_title_bg_image_attachment":"","ocean_post_title_bg_image_repeat":"","ocean_post_title_bg_image_size":"","ocean_post_title_height":0,"ocean_post_title_bg_overlay":0.5,"ocean_post_title_bg_overlay_color":"","ocean_disable_breadcrumbs":"default","ocean_breadcrumbs_color":"","ocean_breadcrumbs_separator_color":"","ocean_breadcrumbs_links_color":"","ocean_breadcrumbs_links_hover_color":"","ocean_display_footer_widgets":"default","ocean_display_footer_bottom":"default","ocean_custom_footer_template":"0","omw_enable_modal_window":"enable"},"product_brand":[],"product_cat":[56],"product_tag":[],"class_list":{"0":"post-14404","1":"product","2":"type-product","3":"status-publish","4":"has-post-thumbnail","6":"product_cat-soin-visage","8":"entry","9":"has-media","11":"first","12":"instock","13":"sale","14":"taxable","15":"shipping-taxable","16":"purchasable","17":"product-type-variable","18":"has-default-attributes","19":"col","20":"span_1_of_3","21":"owp-content-center","22":"owp-thumbs-layout-horizontal","23":"owp-btn-normal","24":"owp-tabs-layout-horizontal"},"yoast_head":"<!-- This site is optimized with the Yoast SEO plugin v27.0 - https:\/\/yoast.com\/product\/yoast-seo-wordpress\/ -->\n<title>Pack anti-acn\u00e9 Gerajeune | Solution Naturelle Efficace contre l&#039;acn\u00e9<\/title>\n<meta name=\"description\" content=\"Adoptez le Pack Anti-Acn\u00e9 Gerajeune . Une routine compl\u00e8te \u00e0 base d\u2019ingr\u00e9dients naturels pour \u00e9liminer boutons, r\u00e9duire les cicatrices et apaiser la peau.\" \/>\n<meta name=\"robots\" content=\"index, follow, max-snippet:-1, max-image-preview:large, max-video-preview:-1\" \/>\n<link rel=\"canonical\" href=\"https:\/\/gerajeune.com\/en\/product\/pack-gerajeune-anti-acne\/\" \/>\n<meta property=\"og:locale\" content=\"en_US\" \/>\n<meta property=\"og:type\" content=\"article\" \/>\n<meta property=\"og:title\" content=\"Pack anti-acn\u00e9 Gerajeune | Solution Naturelle Efficace contre l&#039;acn\u00e9\" \/>\n<meta property=\"og:description\" content=\"Adoptez le Pack Anti-Acn\u00e9 Gerajeune . Une routine compl\u00e8te \u00e0 base d\u2019ingr\u00e9dients naturels pour \u00e9liminer boutons, r\u00e9duire les cicatrices et apaiser la peau.\" \/>\n<meta property=\"og:url\" content=\"https:\/\/gerajeune.com\/en\/product\/pack-gerajeune-anti-acne\/\" \/>\n<meta property=\"og:site_name\" content=\"gerajeune\" \/>\n<meta property=\"article:publisher\" content=\"https:\/\/www.facebook.com\/gerajeune\" \/>\n<meta property=\"article:modified_time\" content=\"2025-06-03T17:37:21+00:00\" \/>\n<meta property=\"og:image\" content=\"https:\/\/gerajeune.com\/wp-content\/uploads\/2025\/03\/Pack-Anti_Acne-1.webp\" \/>\n\t<meta property=\"og:image:width\" content=\"1080\" \/>\n\t<meta property=\"og:image:height\" content=\"1080\" \/>\n\t<meta property=\"og:image:type\" content=\"image\/webp\" \/>\n<meta name=\"twitter:card\" content=\"summary_large_image\" \/>\n<meta name=\"twitter:label1\" content=\"Est. reading time\" \/>\n\t<meta name=\"twitter:data1\" content=\"2 minutes\" \/>\n<script type=\"application\/ld+json\" class=\"yoast-schema-graph\">{\"@context\":\"https:\/\/schema.org\",\"@graph\":[{\"@type\":\"WebPage\",\"@id\":\"https:\/\/gerajeune.com\/produit\/pack-gerajeune-anti-acne\/\",\"url\":\"https:\/\/gerajeune.com\/produit\/pack-gerajeune-anti-acne\/\",\"name\":\"Pack anti-acn\u00e9 Gerajeune | Solution Naturelle Efficace contre l'acn\u00e9\",\"isPartOf\":{\"@id\":\"https:\/\/gerajeune.com\/#website\"},\"primaryImageOfPage\":{\"@id\":\"https:\/\/gerajeune.com\/produit\/pack-gerajeune-anti-acne\/#primaryimage\"},\"image\":{\"@id\":\"https:\/\/gerajeune.com\/produit\/pack-gerajeune-anti-acne\/#primaryimage\"},\"thumbnailUrl\":\"https:\/\/gerajeune.com\/wp-content\/uploads\/2025\/03\/Pack-Anti_Acne-1.webp\",\"datePublished\":\"2025-04-03T14:31:54+00:00\",\"dateModified\":\"2025-06-03T17:37:21+00:00\",\"description\":\"Adoptez le Pack Anti-Acn\u00e9 Gerajeune . Une routine compl\u00e8te \u00e0 base d\u2019ingr\u00e9dients naturels pour \u00e9liminer boutons, r\u00e9duire les cicatrices et apaiser la peau.\",\"breadcrumb\":{\"@id\":\"https:\/\/gerajeune.com\/produit\/pack-gerajeune-anti-acne\/#breadcrumb\"},\"inLanguage\":\"en-US\",\"potentialAction\":[{\"@type\":\"ReadAction\",\"target\":[\"https:\/\/gerajeune.com\/produit\/pack-gerajeune-anti-acne\/\"]}]},{\"@type\":\"ImageObject\",\"inLanguage\":\"en-US\",\"@id\":\"https:\/\/gerajeune.com\/produit\/pack-gerajeune-anti-acne\/#primaryimage\",\"url\":\"https:\/\/gerajeune.com\/wp-content\/uploads\/2025\/03\/Pack-Anti_Acne-1.webp\",\"contentUrl\":\"https:\/\/gerajeune.com\/wp-content\/uploads\/2025\/03\/Pack-Anti_Acne-1.webp\",\"width\":1080,\"height\":1080},{\"@type\":\"BreadcrumbList\",\"@id\":\"https:\/\/gerajeune.com\/produit\/pack-gerajeune-anti-acne\/#breadcrumb\",\"itemListElement\":[{\"@type\":\"ListItem\",\"position\":1,\"name\":\"Accueil\",\"item\":\"https:\/\/gerajeune.com\/\"},{\"@type\":\"ListItem\",\"position\":2,\"name\":\"Produits\",\"item\":\"https:\/\/gerajeune.com\/__trashed-6\/\"},{\"@type\":\"ListItem\",\"position\":3,\"name\":\"Pack GERAJEUNE Anti Acne\"}]},{\"@type\":\"WebSite\",\"@id\":\"https:\/\/gerajeune.com\/#website\",\"url\":\"https:\/\/gerajeune.com\/\",\"name\":\"gerajeune\",\"description\":\"Naturellement belle, visiblement jeune\",\"publisher\":{\"@id\":\"https:\/\/gerajeune.com\/#organization\"},\"potentialAction\":[{\"@type\":\"SearchAction\",\"target\":{\"@type\":\"EntryPoint\",\"urlTemplate\":\"https:\/\/gerajeune.com\/?s={search_term_string}\"},\"query-input\":{\"@type\":\"PropertyValueSpecification\",\"valueRequired\":true,\"valueName\":\"search_term_string\"}}],\"inLanguage\":\"en-US\"},{\"@type\":\"Organization\",\"@id\":\"https:\/\/gerajeune.com\/#organization\",\"name\":\"gerajeune\",\"url\":\"https:\/\/gerajeune.com\/\",\"logo\":{\"@type\":\"ImageObject\",\"inLanguage\":\"en-US\",\"@id\":\"https:\/\/gerajeune.com\/#\/schema\/logo\/image\/\",\"url\":\"http:\/\/gerajeune.com\/wp-content\/uploads\/2021\/12\/cropped-logo-modifier-1-e1645608409226.png\",\"contentUrl\":\"http:\/\/gerajeune.com\/wp-content\/uploads\/2021\/12\/cropped-logo-modifier-1-e1645608409226.png\",\"width\":250,\"height\":120,\"caption\":\"gerajeune\"},\"image\":{\"@id\":\"https:\/\/gerajeune.com\/#\/schema\/logo\/image\/\"},\"sameAs\":[\"https:\/\/www.facebook.com\/gerajeune\",\"https:\/\/www.instagram.com\/gerajeune\/reels\/?hl=fr\"]}]}<\/script>\n<!-- \/ Yoast SEO plugin. -->","yoast_head_json":{"title":"Pack anti-acn\u00e9 Gerajeune | Solution Naturelle Efficace contre l'acn\u00e9","description":"Adoptez le Pack Anti-Acn\u00e9 Gerajeune . Une routine compl\u00e8te \u00e0 base d\u2019ingr\u00e9dients naturels pour \u00e9liminer boutons, r\u00e9duire les cicatrices et apaiser la peau.","robots":{"index":"index","follow":"follow","max-snippet":"max-snippet:-1","max-image-preview":"max-image-preview:large","max-video-preview":"max-video-preview:-1"},"canonical":"https:\/\/gerajeune.com\/en\/product\/pack-gerajeune-anti-acne\/","og_locale":"en_US","og_type":"article","og_title":"Pack anti-acn\u00e9 Gerajeune | Solution Naturelle Efficace contre l'acn\u00e9","og_description":"Adoptez le Pack Anti-Acn\u00e9 Gerajeune . Une routine compl\u00e8te \u00e0 base d\u2019ingr\u00e9dients naturels pour \u00e9liminer boutons, r\u00e9duire les cicatrices et apaiser la peau.","og_url":"https:\/\/gerajeune.com\/en\/product\/pack-gerajeune-anti-acne\/","og_site_name":"gerajeune","article_publisher":"https:\/\/www.facebook.com\/gerajeune","article_modified_time":"2025-06-03T17:37:21+00:00","og_image":[{"width":1080,"height":1080,"url":"https:\/\/gerajeune.com\/wp-content\/uploads\/2025\/03\/Pack-Anti_Acne-1.webp","type":"image\/webp"}],"twitter_card":"summary_large_image","twitter_misc":{"Est. reading time":"2 minutes"},"schema":{"@context":"https:\/\/schema.org","@graph":[{"@type":"WebPage","@id":"https:\/\/gerajeune.com\/produit\/pack-gerajeune-anti-acne\/","url":"https:\/\/gerajeune.com\/produit\/pack-gerajeune-anti-acne\/","name":"Pack anti-acn\u00e9 Gerajeune | Solution Naturelle Efficace contre l'acn\u00e9","isPartOf":{"@id":"https:\/\/gerajeune.com\/#website"},"primaryImageOfPage":{"@id":"https:\/\/gerajeune.com\/produit\/pack-gerajeune-anti-acne\/#primaryimage"},"image":{"@id":"https:\/\/gerajeune.com\/produit\/pack-gerajeune-anti-acne\/#primaryimage"},"thumbnailUrl":"https:\/\/gerajeune.com\/wp-content\/uploads\/2025\/03\/Pack-Anti_Acne-1.webp","datePublished":"2025-04-03T14:31:54+00:00","dateModified":"2025-06-03T17:37:21+00:00","description":"Adoptez le Pack Anti-Acn\u00e9 Gerajeune . Une routine compl\u00e8te \u00e0 base d\u2019ingr\u00e9dients naturels pour \u00e9liminer boutons, r\u00e9duire les cicatrices et apaiser la peau.","breadcrumb":{"@id":"https:\/\/gerajeune.com\/produit\/pack-gerajeune-anti-acne\/#breadcrumb"},"inLanguage":"en-US","potentialAction":[{"@type":"ReadAction","target":["https:\/\/gerajeune.com\/produit\/pack-gerajeune-anti-acne\/"]}]},{"@type":"ImageObject","inLanguage":"en-US","@id":"https:\/\/gerajeune.com\/produit\/pack-gerajeune-anti-acne\/#primaryimage","url":"https:\/\/gerajeune.com\/wp-content\/uploads\/2025\/03\/Pack-Anti_Acne-1.webp","contentUrl":"https:\/\/gerajeune.com\/wp-content\/uploads\/2025\/03\/Pack-Anti_Acne-1.webp","width":1080,"height":1080},{"@type":"BreadcrumbList","@id":"https:\/\/gerajeune.com\/produit\/pack-gerajeune-anti-acne\/#breadcrumb","itemListElement":[{"@type":"ListItem","position":1,"name":"Accueil","item":"https:\/\/gerajeune.com\/"},{"@type":"ListItem","position":2,"name":"Produits","item":"https:\/\/gerajeune.com\/__trashed-6\/"},{"@type":"ListItem","position":3,"name":"Pack GERAJEUNE Anti Acne"}]},{"@type":"WebSite","@id":"https:\/\/gerajeune.com\/#website","url":"https:\/\/gerajeune.com\/","name":"gerajeune","description":"Naturally beautiful, visibly young","publisher":{"@id":"https:\/\/gerajeune.com\/#organization"},"potentialAction":[{"@type":"SearchAction","target":{"@type":"EntryPoint","urlTemplate":"https:\/\/gerajeune.com\/?s={search_term_string}"},"query-input":{"@type":"PropertyValueSpecification","valueRequired":true,"valueName":"search_term_string"}}],"inLanguage":"en-US"},{"@type":"Organization","@id":"https:\/\/gerajeune.com\/#organization","name":"gerajeune","url":"https:\/\/gerajeune.com\/","logo":{"@type":"ImageObject","inLanguage":"en-US","@id":"https:\/\/gerajeune.com\/#\/schema\/logo\/image\/","url":"http:\/\/gerajeune.com\/wp-content\/uploads\/2021\/12\/cropped-logo-modifier-1-e1645608409226.png","contentUrl":"http:\/\/gerajeune.com\/wp-content\/uploads\/2021\/12\/cropped-logo-modifier-1-e1645608409226.png","width":250,"height":120,"caption":"gerajeune"},"image":{"@id":"https:\/\/gerajeune.com\/#\/schema\/logo\/image\/"},"sameAs":["https:\/\/www.facebook.com\/gerajeune","https:\/\/www.instagram.com\/gerajeune\/reels\/?hl=fr"]}]}},"jetpack_sharing_enabled":true,"_links":{"self":[{"href":"https:\/\/gerajeune.com\/en\/wp-json\/wp\/v2\/product\/14404","targetHints":{"allow":["GET"]}}],"collection":[{"href":"https:\/\/gerajeune.com\/en\/wp-json\/wp\/v2\/product"}],"about":[{"href":"https:\/\/gerajeune.com\/en\/wp-json\/wp\/v2\/types\/product"}],"replies":[{"embeddable":true,"href":"https:\/\/gerajeune.com\/en\/wp-json\/wp\/v2\/comments?post=14404"}],"version-history":[{"count":2,"href":"https:\/\/gerajeune.com\/en\/wp-json\/wp\/v2\/product\/14404\/revisions"}],"predecessor-version":[{"id":14466,"href":"https:\/\/gerajeune.com\/en\/wp-json\/wp\/v2\/product\/14404\/revisions\/14466"}],"wp:featuredmedia":[{"embeddable":true,"href":"https:\/\/gerajeune.com\/en\/wp-json\/wp\/v2\/media\/13747"}],"wp:attachment":[{"href":"https:\/\/gerajeune.com\/en\/wp-json\/wp\/v2\/media?parent=14404"}],"wp:term":[{"taxonomy":"product_brand","embeddable":true,"href":"https:\/\/gerajeune.com\/en\/wp-json\/wp\/v2\/product_brand?post=14404"},{"taxonomy":"product_cat","embeddable":true,"href":"https:\/\/gerajeune.com\/en\/wp-json\/wp\/v2\/product_cat?post=14404"},{"taxonomy":"product_tag","embeddable":true,"href":"https:\/\/gerajeune.com\/en\/wp-json\/wp\/v2\/product_tag?post=14404"}],"curies":[{"name":"wp","href":"https:\/\/api.w.org\/{rel}","templated":true}]}}