{"id":4217,"date":"2022-02-24T11:08:00","date_gmt":"2022-02-24T10:08:00","guid":{"rendered":"http:\/\/gerajeune.com\/?post_type=product&#038;p=4217"},"modified":"2024-07-07T10:07:49","modified_gmt":"2024-07-07T09:07:49","slug":"gel-aloe-vera-gerajeune","status":"publish","type":"product","link":"https:\/\/gerajeune.com\/en\/product\/gel-aloe-vera-gerajeune\/","title":{"rendered":"Aloe vera gel"},"content":{"rendered":"<p>Aloe vera gel<\/p>\n<p><b>What are the benefits of aloe vera gel?<\/b><\/p>\n<ul>\n<li>moisturizing<\/li>\n<li>soothing<\/li>\n<li>healing<\/li>\n<li>reduces acne and preserves the skin from pimple marks and traces<\/li>\n<li>used against itching, burning, insect bites, sunburn, friction, after hair removal, imitations, or even redness.<\/li>\n<li>stimulates collagen production<\/li>\n<li>prevents skin aging and fades stretch marks.<\/li>\n<li>\u00a0protects the scalp from bacterial aggression, will reduce excess sebum and will calm itching or imitations. The hair will gain shine and flexibility.<\/li>\n<\/ul>\n<h3>How to use the cleansing jelly:<\/h3>\n<ul>\n<li><strong>For hair:<\/strong> It is advisable to use the gel <a href=\"https:\/\/fr.wikipedia.org\/wiki\/Aloe_vera\">Aloe Vera<\/a> G\u00e9rajeune two to three times a week as a hair mask before showering: Apply a small amount of gel to the hair and leave for at least two hours before rinsing.<\/li>\n<li><strong>For face and body<\/strong><em><strong>:<\/strong><\/em> Apply a small amount of gel to the areas to be treated, massaging gently to allow the product to penetrate, leave for a few minutes and rinse thoroughly.<\/li>\n<\/ul>\n<p><b>Ingredients:<\/b><strong>\u00a0<\/strong><\/p>\n<p>aqua, aloe barbendensis leaf juice, sodium cocoamphoacetate, glycerin, lauryl glucoside, sodium cocoyl glutamate, sausium lauryl glucose carboxylate, vaccine mytillus fruit extract, olea europea squalan extract, glygolic acid sodium, lactate, sodium PCA, glycin, fructose, urea, niacinamide , insositol, sodium benzoate, lactic acid.<\/p>\n<p>discover the <a href=\"http:\/\/gerajeune.com\/en\/product\/lait-nettoyant-3\/\">cleansing milk<\/a> gerajeune<\/p>","protected":false},"excerpt":{"rendered":"<p><b>Free home delivery for purchases over 99,000 TND.<\/b><\/p>","protected":false},"featured_media":10017,"comment_status":"open","ping_status":"closed","template":"","meta":{"_monsterinsights_skip_tracking":false,"_monsterinsights_sitenote_active":false,"_monsterinsights_sitenote_note":"","_monsterinsights_sitenote_category":0,"ocean_post_layout":"","ocean_both_sidebars_style":"","ocean_both_sidebars_content_width":0,"ocean_both_sidebars_sidebars_width":0,"ocean_sidebar":"0","ocean_second_sidebar":"0","ocean_disable_margins":"enable","ocean_add_body_class":"","ocean_shortcode_before_top_bar":"","ocean_shortcode_after_top_bar":"","ocean_shortcode_before_header":"","ocean_shortcode_after_header":"","ocean_has_shortcode":"","ocean_shortcode_after_title":"","ocean_shortcode_before_footer_widgets":"","ocean_shortcode_after_footer_widgets":"","ocean_shortcode_before_footer_bottom":"","ocean_shortcode_after_footer_bottom":"","ocean_display_top_bar":"default","ocean_display_header":"default","ocean_header_style":"","ocean_center_header_left_menu":"0","ocean_custom_header_template":"0","ocean_custom_logo":0,"ocean_custom_retina_logo":0,"ocean_custom_logo_max_width":0,"ocean_custom_logo_tablet_max_width":0,"ocean_custom_logo_mobile_max_width":0,"ocean_custom_logo_max_height":0,"ocean_custom_logo_tablet_max_height":0,"ocean_custom_logo_mobile_max_height":0,"ocean_header_custom_menu":"0","ocean_menu_typo_font_family":"0","ocean_menu_typo_font_subset":"","ocean_menu_typo_font_size":0,"ocean_menu_typo_font_size_tablet":0,"ocean_menu_typo_font_size_mobile":0,"ocean_menu_typo_font_size_unit":"px","ocean_menu_typo_font_weight":"","ocean_menu_typo_font_weight_tablet":"","ocean_menu_typo_font_weight_mobile":"","ocean_menu_typo_transform":"","ocean_menu_typo_transform_tablet":"","ocean_menu_typo_transform_mobile":"","ocean_menu_typo_line_height":0,"ocean_menu_typo_line_height_tablet":0,"ocean_menu_typo_line_height_mobile":0,"ocean_menu_typo_line_height_unit":"","ocean_menu_typo_spacing":0,"ocean_menu_typo_spacing_tablet":0,"ocean_menu_typo_spacing_mobile":0,"ocean_menu_typo_spacing_unit":"","ocean_menu_link_color":"","ocean_menu_link_color_hover":"","ocean_menu_link_color_active":"","ocean_menu_link_background":"","ocean_menu_link_hover_background":"","ocean_menu_link_active_background":"","ocean_menu_social_links_bg":"","ocean_menu_social_hover_links_bg":"","ocean_menu_social_links_color":"","ocean_menu_social_hover_links_color":"","ocean_disable_title":"default","ocean_disable_heading":"default","ocean_post_title":"","ocean_post_subheading":"","ocean_post_title_style":"","ocean_post_title_background_color":"","ocean_post_title_background":0,"ocean_post_title_bg_image_position":"","ocean_post_title_bg_image_attachment":"","ocean_post_title_bg_image_repeat":"","ocean_post_title_bg_image_size":"","ocean_post_title_height":0,"ocean_post_title_bg_overlay":0.5,"ocean_post_title_bg_overlay_color":"","ocean_disable_breadcrumbs":"default","ocean_breadcrumbs_color":"","ocean_breadcrumbs_separator_color":"","ocean_breadcrumbs_links_color":"","ocean_breadcrumbs_links_hover_color":"","ocean_display_footer_widgets":"default","ocean_display_footer_bottom":"default","ocean_custom_footer_template":"0","omw_enable_modal_window":"enable"},"product_brand":[],"product_cat":[163,56],"product_tag":[],"class_list":{"0":"post-4217","1":"product","2":"type-product","3":"status-publish","4":"has-post-thumbnail","6":"product_cat-herboristerie","7":"product_cat-soin-visage","9":"entry","10":"has-media","12":"first","13":"instock","14":"taxable","15":"shipping-taxable","16":"purchasable","17":"product-type-simple","18":"has-rating","19":"col","20":"span_1_of_3","21":"owp-content-center","22":"owp-thumbs-layout-horizontal","23":"owp-btn-normal","24":"owp-tabs-layout-horizontal","25":"has-no-thumbnails"},"yoast_head":"<!-- This site is optimized with the Yoast SEO plugin v27.0 - https:\/\/yoast.com\/product\/yoast-seo-wordpress\/ -->\n<title>Gel aloe vera - gerajeune<\/title>\n<meta name=\"description\" content=\"Gel\u00e9e nettoyante Naturelle pour tous types de peaux m\u00eame celles tr\u00e8s s\u00e8ches et a tendance a gratter ,a 5% d&#039;Ur\u00e9e ,d&#039;aloe verra et aux actifs hydratants .\" \/>\n<meta name=\"robots\" content=\"index, follow, max-snippet:-1, max-image-preview:large, max-video-preview:-1\" \/>\n<link rel=\"canonical\" href=\"https:\/\/gerajeune.com\/en\/product\/gel-aloe-vera-gerajeune\/\" \/>\n<meta property=\"og:locale\" content=\"en_US\" \/>\n<meta property=\"og:type\" content=\"article\" \/>\n<meta property=\"og:title\" content=\"Gel aloe vera - gerajeune\" \/>\n<meta property=\"og:description\" content=\"Gel\u00e9e nettoyante Naturelle pour tous types de peaux m\u00eame celles tr\u00e8s s\u00e8ches et a tendance a gratter ,a 5% d&#039;Ur\u00e9e ,d&#039;aloe verra et aux actifs hydratants .\" \/>\n<meta property=\"og:url\" content=\"https:\/\/gerajeune.com\/en\/product\/gel-aloe-vera-gerajeune\/\" \/>\n<meta property=\"og:site_name\" content=\"gerajeune\" \/>\n<meta property=\"article:publisher\" content=\"https:\/\/www.facebook.com\/gerajeune\" \/>\n<meta property=\"article:modified_time\" content=\"2024-07-07T09:07:49+00:00\" \/>\n<meta property=\"og:image\" content=\"https:\/\/gerajeune.com\/wp-content\/uploads\/2024\/06\/19.png\" \/>\n\t<meta property=\"og:image:width\" content=\"1587\" \/>\n\t<meta property=\"og:image:height\" content=\"2245\" \/>\n\t<meta property=\"og:image:type\" content=\"image\/png\" \/>\n<meta name=\"twitter:card\" content=\"summary_large_image\" \/>\n<meta name=\"twitter:label1\" content=\"Est. reading time\" \/>\n\t<meta name=\"twitter:data1\" content=\"1 minute\" \/>\n<script type=\"application\/ld+json\" class=\"yoast-schema-graph\">{\"@context\":\"https:\/\/schema.org\",\"@graph\":[{\"@type\":\"WebPage\",\"@id\":\"https:\/\/gerajeune.com\/produit\/gel-aloe-vera-gerajeune\/\",\"url\":\"https:\/\/gerajeune.com\/produit\/gel-aloe-vera-gerajeune\/\",\"name\":\"Gel aloe vera - gerajeune\",\"isPartOf\":{\"@id\":\"https:\/\/gerajeune.com\/#website\"},\"primaryImageOfPage\":{\"@id\":\"https:\/\/gerajeune.com\/produit\/gel-aloe-vera-gerajeune\/#primaryimage\"},\"image\":{\"@id\":\"https:\/\/gerajeune.com\/produit\/gel-aloe-vera-gerajeune\/#primaryimage\"},\"thumbnailUrl\":\"https:\/\/gerajeune.com\/wp-content\/uploads\/2024\/06\/19.png\",\"datePublished\":\"2022-02-24T10:08:00+00:00\",\"dateModified\":\"2024-07-07T09:07:49+00:00\",\"description\":\"Gel\u00e9e nettoyante Naturelle pour tous types de peaux m\u00eame celles tr\u00e8s s\u00e8ches et a tendance a gratter ,a 5% d'Ur\u00e9e ,d'aloe verra et aux actifs hydratants .\",\"breadcrumb\":{\"@id\":\"https:\/\/gerajeune.com\/produit\/gel-aloe-vera-gerajeune\/#breadcrumb\"},\"inLanguage\":\"en-US\",\"potentialAction\":[{\"@type\":\"ReadAction\",\"target\":[\"https:\/\/gerajeune.com\/produit\/gel-aloe-vera-gerajeune\/\"]}]},{\"@type\":\"ImageObject\",\"inLanguage\":\"en-US\",\"@id\":\"https:\/\/gerajeune.com\/produit\/gel-aloe-vera-gerajeune\/#primaryimage\",\"url\":\"https:\/\/gerajeune.com\/wp-content\/uploads\/2024\/06\/19.png\",\"contentUrl\":\"https:\/\/gerajeune.com\/wp-content\/uploads\/2024\/06\/19.png\",\"width\":1587,\"height\":2245},{\"@type\":\"BreadcrumbList\",\"@id\":\"https:\/\/gerajeune.com\/produit\/gel-aloe-vera-gerajeune\/#breadcrumb\",\"itemListElement\":[{\"@type\":\"ListItem\",\"position\":1,\"name\":\"Accueil\",\"item\":\"https:\/\/gerajeune.com\/\"},{\"@type\":\"ListItem\",\"position\":2,\"name\":\"Produits\",\"item\":\"https:\/\/gerajeune.com\/__trashed-6\/\"},{\"@type\":\"ListItem\",\"position\":3,\"name\":\"Gel aloe vera\"}]},{\"@type\":\"WebSite\",\"@id\":\"https:\/\/gerajeune.com\/#website\",\"url\":\"https:\/\/gerajeune.com\/\",\"name\":\"gerajeune\",\"description\":\"Naturellement belle, visiblement jeune\",\"publisher\":{\"@id\":\"https:\/\/gerajeune.com\/#organization\"},\"potentialAction\":[{\"@type\":\"SearchAction\",\"target\":{\"@type\":\"EntryPoint\",\"urlTemplate\":\"https:\/\/gerajeune.com\/?s={search_term_string}\"},\"query-input\":{\"@type\":\"PropertyValueSpecification\",\"valueRequired\":true,\"valueName\":\"search_term_string\"}}],\"inLanguage\":\"en-US\"},{\"@type\":\"Organization\",\"@id\":\"https:\/\/gerajeune.com\/#organization\",\"name\":\"gerajeune\",\"url\":\"https:\/\/gerajeune.com\/\",\"logo\":{\"@type\":\"ImageObject\",\"inLanguage\":\"en-US\",\"@id\":\"https:\/\/gerajeune.com\/#\/schema\/logo\/image\/\",\"url\":\"http:\/\/gerajeune.com\/wp-content\/uploads\/2021\/12\/cropped-logo-modifier-1-e1645608409226.png\",\"contentUrl\":\"http:\/\/gerajeune.com\/wp-content\/uploads\/2021\/12\/cropped-logo-modifier-1-e1645608409226.png\",\"width\":250,\"height\":120,\"caption\":\"gerajeune\"},\"image\":{\"@id\":\"https:\/\/gerajeune.com\/#\/schema\/logo\/image\/\"},\"sameAs\":[\"https:\/\/www.facebook.com\/gerajeune\",\"https:\/\/www.instagram.com\/gerajeune\/reels\/?hl=fr\"]}]}<\/script>\n<!-- \/ Yoast SEO plugin. -->","yoast_head_json":{"title":"Gel aloe vera - gerajeune","description":"Gel\u00e9e nettoyante Naturelle pour tous types de peaux m\u00eame celles tr\u00e8s s\u00e8ches et a tendance a gratter ,a 5% d'Ur\u00e9e ,d'aloe verra et aux actifs hydratants .","robots":{"index":"index","follow":"follow","max-snippet":"max-snippet:-1","max-image-preview":"max-image-preview:large","max-video-preview":"max-video-preview:-1"},"canonical":"https:\/\/gerajeune.com\/en\/product\/gel-aloe-vera-gerajeune\/","og_locale":"en_US","og_type":"article","og_title":"Gel aloe vera - gerajeune","og_description":"Gel\u00e9e nettoyante Naturelle pour tous types de peaux m\u00eame celles tr\u00e8s s\u00e8ches et a tendance a gratter ,a 5% d'Ur\u00e9e ,d'aloe verra et aux actifs hydratants .","og_url":"https:\/\/gerajeune.com\/en\/product\/gel-aloe-vera-gerajeune\/","og_site_name":"gerajeune","article_publisher":"https:\/\/www.facebook.com\/gerajeune","article_modified_time":"2024-07-07T09:07:49+00:00","og_image":[{"width":1587,"height":2245,"url":"https:\/\/gerajeune.com\/wp-content\/uploads\/2024\/06\/19.png","type":"image\/png"}],"twitter_card":"summary_large_image","twitter_misc":{"Est. reading time":"1 minute"},"schema":{"@context":"https:\/\/schema.org","@graph":[{"@type":"WebPage","@id":"https:\/\/gerajeune.com\/produit\/gel-aloe-vera-gerajeune\/","url":"https:\/\/gerajeune.com\/produit\/gel-aloe-vera-gerajeune\/","name":"Gel aloe vera - gerajeune","isPartOf":{"@id":"https:\/\/gerajeune.com\/#website"},"primaryImageOfPage":{"@id":"https:\/\/gerajeune.com\/produit\/gel-aloe-vera-gerajeune\/#primaryimage"},"image":{"@id":"https:\/\/gerajeune.com\/produit\/gel-aloe-vera-gerajeune\/#primaryimage"},"thumbnailUrl":"https:\/\/gerajeune.com\/wp-content\/uploads\/2024\/06\/19.png","datePublished":"2022-02-24T10:08:00+00:00","dateModified":"2024-07-07T09:07:49+00:00","description":"Gel\u00e9e nettoyante Naturelle pour tous types de peaux m\u00eame celles tr\u00e8s s\u00e8ches et a tendance a gratter ,a 5% d'Ur\u00e9e ,d'aloe verra et aux actifs hydratants .","breadcrumb":{"@id":"https:\/\/gerajeune.com\/produit\/gel-aloe-vera-gerajeune\/#breadcrumb"},"inLanguage":"en-US","potentialAction":[{"@type":"ReadAction","target":["https:\/\/gerajeune.com\/produit\/gel-aloe-vera-gerajeune\/"]}]},{"@type":"ImageObject","inLanguage":"en-US","@id":"https:\/\/gerajeune.com\/produit\/gel-aloe-vera-gerajeune\/#primaryimage","url":"https:\/\/gerajeune.com\/wp-content\/uploads\/2024\/06\/19.png","contentUrl":"https:\/\/gerajeune.com\/wp-content\/uploads\/2024\/06\/19.png","width":1587,"height":2245},{"@type":"BreadcrumbList","@id":"https:\/\/gerajeune.com\/produit\/gel-aloe-vera-gerajeune\/#breadcrumb","itemListElement":[{"@type":"ListItem","position":1,"name":"Accueil","item":"https:\/\/gerajeune.com\/"},{"@type":"ListItem","position":2,"name":"Produits","item":"https:\/\/gerajeune.com\/__trashed-6\/"},{"@type":"ListItem","position":3,"name":"Gel aloe vera"}]},{"@type":"WebSite","@id":"https:\/\/gerajeune.com\/#website","url":"https:\/\/gerajeune.com\/","name":"gerajeune","description":"Naturally beautiful, visibly young","publisher":{"@id":"https:\/\/gerajeune.com\/#organization"},"potentialAction":[{"@type":"SearchAction","target":{"@type":"EntryPoint","urlTemplate":"https:\/\/gerajeune.com\/?s={search_term_string}"},"query-input":{"@type":"PropertyValueSpecification","valueRequired":true,"valueName":"search_term_string"}}],"inLanguage":"en-US"},{"@type":"Organization","@id":"https:\/\/gerajeune.com\/#organization","name":"gerajeune","url":"https:\/\/gerajeune.com\/","logo":{"@type":"ImageObject","inLanguage":"en-US","@id":"https:\/\/gerajeune.com\/#\/schema\/logo\/image\/","url":"http:\/\/gerajeune.com\/wp-content\/uploads\/2021\/12\/cropped-logo-modifier-1-e1645608409226.png","contentUrl":"http:\/\/gerajeune.com\/wp-content\/uploads\/2021\/12\/cropped-logo-modifier-1-e1645608409226.png","width":250,"height":120,"caption":"gerajeune"},"image":{"@id":"https:\/\/gerajeune.com\/#\/schema\/logo\/image\/"},"sameAs":["https:\/\/www.facebook.com\/gerajeune","https:\/\/www.instagram.com\/gerajeune\/reels\/?hl=fr"]}]}},"jetpack_sharing_enabled":true,"_links":{"self":[{"href":"https:\/\/gerajeune.com\/en\/wp-json\/wp\/v2\/product\/4217","targetHints":{"allow":["GET"]}}],"collection":[{"href":"https:\/\/gerajeune.com\/en\/wp-json\/wp\/v2\/product"}],"about":[{"href":"https:\/\/gerajeune.com\/en\/wp-json\/wp\/v2\/types\/product"}],"replies":[{"embeddable":true,"href":"https:\/\/gerajeune.com\/en\/wp-json\/wp\/v2\/comments?post=4217"}],"version-history":[{"count":4,"href":"https:\/\/gerajeune.com\/en\/wp-json\/wp\/v2\/product\/4217\/revisions"}],"predecessor-version":[{"id":7129,"href":"https:\/\/gerajeune.com\/en\/wp-json\/wp\/v2\/product\/4217\/revisions\/7129"}],"wp:featuredmedia":[{"embeddable":true,"href":"https:\/\/gerajeune.com\/en\/wp-json\/wp\/v2\/media\/10017"}],"wp:attachment":[{"href":"https:\/\/gerajeune.com\/en\/wp-json\/wp\/v2\/media?parent=4217"}],"wp:term":[{"taxonomy":"product_brand","embeddable":true,"href":"https:\/\/gerajeune.com\/en\/wp-json\/wp\/v2\/product_brand?post=4217"},{"taxonomy":"product_cat","embeddable":true,"href":"https:\/\/gerajeune.com\/en\/wp-json\/wp\/v2\/product_cat?post=4217"},{"taxonomy":"product_tag","embeddable":true,"href":"https:\/\/gerajeune.com\/en\/wp-json\/wp\/v2\/product_tag?post=4217"}],"curies":[{"name":"wp","href":"https:\/\/api.w.org\/{rel}","templated":true}]}}