{"id":4339,"date":"2022-02-24T11:57:15","date_gmt":"2022-02-24T10:57:15","guid":{"rendered":"http:\/\/gerajeune.com\/?post_type=product&#038;p=4339"},"modified":"2024-04-19T18:10:59","modified_gmt":"2024-04-19T17:10:59","slug":"elixir-hyaluronique","status":"publish","type":"product","link":"https:\/\/gerajeune.com\/en\/product\/elixir-hyaluronique\/","title":{"rendered":"Hyaluronic Elixir"},"content":{"rendered":"<p>Hyaluronic Elixir<\/p>\n<p><strong>What is the role of Hyaluronic Elixir?<\/strong><\/p>\n<ul>\n<li>shape on<a href=\"https:\/\/fr.wikipedia.org\/wiki\/%C3%89piderme\"> the epidermis<\/a> a protective veil against dehydration.<\/li>\n<li>ideal for reducing wrinkles and expression lines<\/li>\n<li>brings freshness to the skin<\/li>\n<li>regulates the skin and stimulates the production of youth proteins<\/li>\n<li>helps the skin regulate melanogenesis.<\/li>\n<li>for a brighter complexion with a perfectly matte finish.<\/li>\n<li>combination of active ingredients hyaluronic acid-marine collagen plumping and lifting<\/li>\n<li>stimulates the production of youth proteins, thanks to vitamins and the antioxidant and nourishing concentrate of carrot seeds, mulberry leaves, and precious oils, including the rare prickly pear seed oil.<\/li>\n<\/ul>\n<p><strong>Does hyaluronic elixir lighten skin?\u00a0<\/strong><\/p>\n<p>It helps improve volume loss, visibly reduce wrinkles and lighten the appearance of dark spots.<\/p>\n<p><strong>How to apply Hyaluronic Elixir?<\/strong><\/p>\n<p>Apply the treatment with light massages to clean skin on the face and d\u00e9collet\u00e9.<\/p>\n<p>Suitable for all skin types, even the most sensitive.<\/p>\n<p><strong>Ingredients :<\/strong><\/p>\n<p>Aqua, Geranium rosat hydrolate, Lavandula hydrolate, Maurus alba extract, daucus carota hydrolate, glyceryl stearate SE, olea europea oil, marine collagen, sodium hyaluronate, jasmine officinale extract, vitis vinifera oil, cocos nucifera, rosa damascena oil, argania spinosa kernel oil , schinus terebenthifoluis, xanthan gum, benzyl alcohol, dehyroacetic acid, vitamin E, linalool, limonene, geraniol.<\/p>\n<p>discover <a href=\"http:\/\/gerajeune.com\/en\/product\/serum-reparateur\/\">the youth repair serum\u00a0<\/a><\/p>","protected":false},"excerpt":{"rendered":"<p>Smoothing and radiance care<\/p>\n<p><b>Free home delivery for purchases over 99,000 TND.<\/b><\/p>","protected":false},"featured_media":6620,"comment_status":"open","ping_status":"closed","template":"","meta":{"_monsterinsights_skip_tracking":false,"_monsterinsights_sitenote_active":false,"_monsterinsights_sitenote_note":"","_monsterinsights_sitenote_category":0,"ocean_post_layout":"","ocean_both_sidebars_style":"","ocean_both_sidebars_content_width":0,"ocean_both_sidebars_sidebars_width":0,"ocean_sidebar":"0","ocean_second_sidebar":"0","ocean_disable_margins":"enable","ocean_add_body_class":"","ocean_shortcode_before_top_bar":"","ocean_shortcode_after_top_bar":"","ocean_shortcode_before_header":"","ocean_shortcode_after_header":"","ocean_has_shortcode":"","ocean_shortcode_after_title":"","ocean_shortcode_before_footer_widgets":"","ocean_shortcode_after_footer_widgets":"","ocean_shortcode_before_footer_bottom":"","ocean_shortcode_after_footer_bottom":"","ocean_display_top_bar":"default","ocean_display_header":"default","ocean_header_style":"","ocean_center_header_left_menu":"0","ocean_custom_header_template":"0","ocean_custom_logo":0,"ocean_custom_retina_logo":0,"ocean_custom_logo_max_width":0,"ocean_custom_logo_tablet_max_width":0,"ocean_custom_logo_mobile_max_width":0,"ocean_custom_logo_max_height":0,"ocean_custom_logo_tablet_max_height":0,"ocean_custom_logo_mobile_max_height":0,"ocean_header_custom_menu":"0","ocean_menu_typo_font_family":"0","ocean_menu_typo_font_subset":"","ocean_menu_typo_font_size":0,"ocean_menu_typo_font_size_tablet":0,"ocean_menu_typo_font_size_mobile":0,"ocean_menu_typo_font_size_unit":"px","ocean_menu_typo_font_weight":"","ocean_menu_typo_font_weight_tablet":"","ocean_menu_typo_font_weight_mobile":"","ocean_menu_typo_transform":"","ocean_menu_typo_transform_tablet":"","ocean_menu_typo_transform_mobile":"","ocean_menu_typo_line_height":0,"ocean_menu_typo_line_height_tablet":0,"ocean_menu_typo_line_height_mobile":0,"ocean_menu_typo_line_height_unit":"","ocean_menu_typo_spacing":0,"ocean_menu_typo_spacing_tablet":0,"ocean_menu_typo_spacing_mobile":0,"ocean_menu_typo_spacing_unit":"","ocean_menu_link_color":"","ocean_menu_link_color_hover":"","ocean_menu_link_color_active":"","ocean_menu_link_background":"","ocean_menu_link_hover_background":"","ocean_menu_link_active_background":"","ocean_menu_social_links_bg":"","ocean_menu_social_hover_links_bg":"","ocean_menu_social_links_color":"","ocean_menu_social_hover_links_color":"","ocean_disable_title":"default","ocean_disable_heading":"default","ocean_post_title":"","ocean_post_subheading":"","ocean_post_title_style":"","ocean_post_title_background_color":"","ocean_post_title_background":0,"ocean_post_title_bg_image_position":"","ocean_post_title_bg_image_attachment":"","ocean_post_title_bg_image_repeat":"","ocean_post_title_bg_image_size":"","ocean_post_title_height":0,"ocean_post_title_bg_overlay":0.5,"ocean_post_title_bg_overlay_color":"","ocean_disable_breadcrumbs":"default","ocean_breadcrumbs_color":"","ocean_breadcrumbs_separator_color":"","ocean_breadcrumbs_links_color":"","ocean_breadcrumbs_links_hover_color":"","ocean_display_footer_widgets":"default","ocean_display_footer_bottom":"default","ocean_custom_footer_template":"0","omw_enable_modal_window":"enable"},"product_brand":[],"product_cat":[56],"product_tag":[],"class_list":{"0":"post-4339","1":"product","2":"type-product","3":"status-publish","4":"has-post-thumbnail","6":"product_cat-soin-visage","8":"entry","9":"has-media","11":"first","12":"instock","13":"taxable","14":"shipping-taxable","15":"purchasable","16":"product-type-simple","17":"col","18":"span_1_of_3","19":"owp-content-center","20":"owp-thumbs-layout-horizontal","21":"owp-btn-normal","22":"owp-tabs-layout-horizontal"},"yoast_head":"<!-- This site is optimized with the Yoast SEO plugin v27.0 - https:\/\/yoast.com\/product\/yoast-seo-wordpress\/ -->\n<title>Elixir Hyaluronique - gerajeune<\/title>\n<meta name=\"description\" content=\"Soins lissant et \u00e9clat, de formule Naturelle et unique qui aide \u00e0 rajeunir ,prot\u00e9ger et r\u00e9guler la peau gr\u00e2ce a une combinaison d&#039;huiles pr\u00e9cieuses.\" \/>\n<meta name=\"robots\" content=\"index, follow, max-snippet:-1, max-image-preview:large, max-video-preview:-1\" \/>\n<link rel=\"canonical\" href=\"https:\/\/gerajeune.com\/en\/product\/elixir-hyaluronique\/\" \/>\n<meta property=\"og:locale\" content=\"en_US\" \/>\n<meta property=\"og:type\" content=\"article\" \/>\n<meta property=\"og:title\" content=\"Elixir Hyaluronique - gerajeune\" \/>\n<meta property=\"og:description\" content=\"Soins lissant et \u00e9clat, de formule Naturelle et unique qui aide \u00e0 rajeunir ,prot\u00e9ger et r\u00e9guler la peau gr\u00e2ce a une combinaison d&#039;huiles pr\u00e9cieuses.\" \/>\n<meta property=\"og:url\" content=\"https:\/\/gerajeune.com\/en\/product\/elixir-hyaluronique\/\" \/>\n<meta property=\"og:site_name\" content=\"gerajeune\" \/>\n<meta property=\"article:publisher\" content=\"https:\/\/www.facebook.com\/gerajeune\" \/>\n<meta property=\"article:modified_time\" content=\"2024-04-19T17:10:59+00:00\" \/>\n<meta property=\"og:image\" content=\"https:\/\/gerajeune.com\/wp-content\/uploads\/2022\/02\/IMG_2678-2-scaled.jpeg\" \/>\n\t<meta property=\"og:image:width\" content=\"1920\" \/>\n\t<meta property=\"og:image:height\" content=\"2560\" \/>\n\t<meta property=\"og:image:type\" content=\"image\/jpeg\" \/>\n<meta name=\"twitter:card\" content=\"summary_large_image\" \/>\n<meta name=\"twitter:label1\" content=\"Est. reading time\" \/>\n\t<meta name=\"twitter:data1\" content=\"1 minute\" \/>\n<script type=\"application\/ld+json\" class=\"yoast-schema-graph\">{\"@context\":\"https:\/\/schema.org\",\"@graph\":[{\"@type\":\"WebPage\",\"@id\":\"https:\/\/gerajeune.com\/produit\/elixir-hyaluronique\/\",\"url\":\"https:\/\/gerajeune.com\/produit\/elixir-hyaluronique\/\",\"name\":\"Elixir Hyaluronique - gerajeune\",\"isPartOf\":{\"@id\":\"https:\/\/gerajeune.com\/#website\"},\"primaryImageOfPage\":{\"@id\":\"https:\/\/gerajeune.com\/produit\/elixir-hyaluronique\/#primaryimage\"},\"image\":{\"@id\":\"https:\/\/gerajeune.com\/produit\/elixir-hyaluronique\/#primaryimage\"},\"thumbnailUrl\":\"https:\/\/gerajeune.com\/wp-content\/uploads\/2022\/02\/IMG_2678-2-scaled.jpeg\",\"datePublished\":\"2022-02-24T10:57:15+00:00\",\"dateModified\":\"2024-04-19T17:10:59+00:00\",\"description\":\"Soins lissant et \u00e9clat, de formule Naturelle et unique qui aide \u00e0 rajeunir ,prot\u00e9ger et r\u00e9guler la peau gr\u00e2ce a une combinaison d'huiles pr\u00e9cieuses.\",\"breadcrumb\":{\"@id\":\"https:\/\/gerajeune.com\/produit\/elixir-hyaluronique\/#breadcrumb\"},\"inLanguage\":\"en-US\",\"potentialAction\":[{\"@type\":\"ReadAction\",\"target\":[\"https:\/\/gerajeune.com\/produit\/elixir-hyaluronique\/\"]}]},{\"@type\":\"ImageObject\",\"inLanguage\":\"en-US\",\"@id\":\"https:\/\/gerajeune.com\/produit\/elixir-hyaluronique\/#primaryimage\",\"url\":\"https:\/\/gerajeune.com\/wp-content\/uploads\/2022\/02\/IMG_2678-2-scaled.jpeg\",\"contentUrl\":\"https:\/\/gerajeune.com\/wp-content\/uploads\/2022\/02\/IMG_2678-2-scaled.jpeg\",\"width\":1920,\"height\":2560,\"caption\":\"Elixir Hyaluronique\"},{\"@type\":\"BreadcrumbList\",\"@id\":\"https:\/\/gerajeune.com\/produit\/elixir-hyaluronique\/#breadcrumb\",\"itemListElement\":[{\"@type\":\"ListItem\",\"position\":1,\"name\":\"Accueil\",\"item\":\"https:\/\/gerajeune.com\/\"},{\"@type\":\"ListItem\",\"position\":2,\"name\":\"Produits\",\"item\":\"https:\/\/gerajeune.com\/__trashed-6\/\"},{\"@type\":\"ListItem\",\"position\":3,\"name\":\"Elixir Hyaluronique\"}]},{\"@type\":\"WebSite\",\"@id\":\"https:\/\/gerajeune.com\/#website\",\"url\":\"https:\/\/gerajeune.com\/\",\"name\":\"gerajeune\",\"description\":\"Naturellement belle, visiblement jeune\",\"publisher\":{\"@id\":\"https:\/\/gerajeune.com\/#organization\"},\"potentialAction\":[{\"@type\":\"SearchAction\",\"target\":{\"@type\":\"EntryPoint\",\"urlTemplate\":\"https:\/\/gerajeune.com\/?s={search_term_string}\"},\"query-input\":{\"@type\":\"PropertyValueSpecification\",\"valueRequired\":true,\"valueName\":\"search_term_string\"}}],\"inLanguage\":\"en-US\"},{\"@type\":\"Organization\",\"@id\":\"https:\/\/gerajeune.com\/#organization\",\"name\":\"gerajeune\",\"url\":\"https:\/\/gerajeune.com\/\",\"logo\":{\"@type\":\"ImageObject\",\"inLanguage\":\"en-US\",\"@id\":\"https:\/\/gerajeune.com\/#\/schema\/logo\/image\/\",\"url\":\"http:\/\/gerajeune.com\/wp-content\/uploads\/2021\/12\/cropped-logo-modifier-1-e1645608409226.png\",\"contentUrl\":\"http:\/\/gerajeune.com\/wp-content\/uploads\/2021\/12\/cropped-logo-modifier-1-e1645608409226.png\",\"width\":250,\"height\":120,\"caption\":\"gerajeune\"},\"image\":{\"@id\":\"https:\/\/gerajeune.com\/#\/schema\/logo\/image\/\"},\"sameAs\":[\"https:\/\/www.facebook.com\/gerajeune\",\"https:\/\/www.instagram.com\/gerajeune\/reels\/?hl=fr\"]}]}<\/script>\n<!-- \/ Yoast SEO plugin. -->","yoast_head_json":{"title":"Elixir Hyaluronique - gerajeune","description":"Soins lissant et \u00e9clat, de formule Naturelle et unique qui aide \u00e0 rajeunir ,prot\u00e9ger et r\u00e9guler la peau gr\u00e2ce a une combinaison d'huiles pr\u00e9cieuses.","robots":{"index":"index","follow":"follow","max-snippet":"max-snippet:-1","max-image-preview":"max-image-preview:large","max-video-preview":"max-video-preview:-1"},"canonical":"https:\/\/gerajeune.com\/en\/product\/elixir-hyaluronique\/","og_locale":"en_US","og_type":"article","og_title":"Elixir Hyaluronique - gerajeune","og_description":"Soins lissant et \u00e9clat, de formule Naturelle et unique qui aide \u00e0 rajeunir ,prot\u00e9ger et r\u00e9guler la peau gr\u00e2ce a une combinaison d'huiles pr\u00e9cieuses.","og_url":"https:\/\/gerajeune.com\/en\/product\/elixir-hyaluronique\/","og_site_name":"gerajeune","article_publisher":"https:\/\/www.facebook.com\/gerajeune","article_modified_time":"2024-04-19T17:10:59+00:00","og_image":[{"width":1920,"height":2560,"url":"https:\/\/gerajeune.com\/wp-content\/uploads\/2022\/02\/IMG_2678-2-scaled.jpeg","type":"image\/jpeg"}],"twitter_card":"summary_large_image","twitter_misc":{"Est. reading time":"1 minute"},"schema":{"@context":"https:\/\/schema.org","@graph":[{"@type":"WebPage","@id":"https:\/\/gerajeune.com\/produit\/elixir-hyaluronique\/","url":"https:\/\/gerajeune.com\/produit\/elixir-hyaluronique\/","name":"Elixir Hyaluronique - gerajeune","isPartOf":{"@id":"https:\/\/gerajeune.com\/#website"},"primaryImageOfPage":{"@id":"https:\/\/gerajeune.com\/produit\/elixir-hyaluronique\/#primaryimage"},"image":{"@id":"https:\/\/gerajeune.com\/produit\/elixir-hyaluronique\/#primaryimage"},"thumbnailUrl":"https:\/\/gerajeune.com\/wp-content\/uploads\/2022\/02\/IMG_2678-2-scaled.jpeg","datePublished":"2022-02-24T10:57:15+00:00","dateModified":"2024-04-19T17:10:59+00:00","description":"Soins lissant et \u00e9clat, de formule Naturelle et unique qui aide \u00e0 rajeunir ,prot\u00e9ger et r\u00e9guler la peau gr\u00e2ce a une combinaison d'huiles pr\u00e9cieuses.","breadcrumb":{"@id":"https:\/\/gerajeune.com\/produit\/elixir-hyaluronique\/#breadcrumb"},"inLanguage":"en-US","potentialAction":[{"@type":"ReadAction","target":["https:\/\/gerajeune.com\/produit\/elixir-hyaluronique\/"]}]},{"@type":"ImageObject","inLanguage":"en-US","@id":"https:\/\/gerajeune.com\/produit\/elixir-hyaluronique\/#primaryimage","url":"https:\/\/gerajeune.com\/wp-content\/uploads\/2022\/02\/IMG_2678-2-scaled.jpeg","contentUrl":"https:\/\/gerajeune.com\/wp-content\/uploads\/2022\/02\/IMG_2678-2-scaled.jpeg","width":1920,"height":2560,"caption":"Elixir Hyaluronique"},{"@type":"BreadcrumbList","@id":"https:\/\/gerajeune.com\/produit\/elixir-hyaluronique\/#breadcrumb","itemListElement":[{"@type":"ListItem","position":1,"name":"Accueil","item":"https:\/\/gerajeune.com\/"},{"@type":"ListItem","position":2,"name":"Produits","item":"https:\/\/gerajeune.com\/__trashed-6\/"},{"@type":"ListItem","position":3,"name":"Elixir Hyaluronique"}]},{"@type":"WebSite","@id":"https:\/\/gerajeune.com\/#website","url":"https:\/\/gerajeune.com\/","name":"gerajeune","description":"Naturally beautiful, visibly young","publisher":{"@id":"https:\/\/gerajeune.com\/#organization"},"potentialAction":[{"@type":"SearchAction","target":{"@type":"EntryPoint","urlTemplate":"https:\/\/gerajeune.com\/?s={search_term_string}"},"query-input":{"@type":"PropertyValueSpecification","valueRequired":true,"valueName":"search_term_string"}}],"inLanguage":"en-US"},{"@type":"Organization","@id":"https:\/\/gerajeune.com\/#organization","name":"gerajeune","url":"https:\/\/gerajeune.com\/","logo":{"@type":"ImageObject","inLanguage":"en-US","@id":"https:\/\/gerajeune.com\/#\/schema\/logo\/image\/","url":"http:\/\/gerajeune.com\/wp-content\/uploads\/2021\/12\/cropped-logo-modifier-1-e1645608409226.png","contentUrl":"http:\/\/gerajeune.com\/wp-content\/uploads\/2021\/12\/cropped-logo-modifier-1-e1645608409226.png","width":250,"height":120,"caption":"gerajeune"},"image":{"@id":"https:\/\/gerajeune.com\/#\/schema\/logo\/image\/"},"sameAs":["https:\/\/www.facebook.com\/gerajeune","https:\/\/www.instagram.com\/gerajeune\/reels\/?hl=fr"]}]}},"jetpack_sharing_enabled":true,"_links":{"self":[{"href":"https:\/\/gerajeune.com\/en\/wp-json\/wp\/v2\/product\/4339","targetHints":{"allow":["GET"]}}],"collection":[{"href":"https:\/\/gerajeune.com\/en\/wp-json\/wp\/v2\/product"}],"about":[{"href":"https:\/\/gerajeune.com\/en\/wp-json\/wp\/v2\/types\/product"}],"replies":[{"embeddable":true,"href":"https:\/\/gerajeune.com\/en\/wp-json\/wp\/v2\/comments?post=4339"}],"version-history":[{"count":5,"href":"https:\/\/gerajeune.com\/en\/wp-json\/wp\/v2\/product\/4339\/revisions"}],"predecessor-version":[{"id":7124,"href":"https:\/\/gerajeune.com\/en\/wp-json\/wp\/v2\/product\/4339\/revisions\/7124"}],"wp:featuredmedia":[{"embeddable":true,"href":"https:\/\/gerajeune.com\/en\/wp-json\/wp\/v2\/media\/6620"}],"wp:attachment":[{"href":"https:\/\/gerajeune.com\/en\/wp-json\/wp\/v2\/media?parent=4339"}],"wp:term":[{"taxonomy":"product_brand","embeddable":true,"href":"https:\/\/gerajeune.com\/en\/wp-json\/wp\/v2\/product_brand?post=4339"},{"taxonomy":"product_cat","embeddable":true,"href":"https:\/\/gerajeune.com\/en\/wp-json\/wp\/v2\/product_cat?post=4339"},{"taxonomy":"product_tag","embeddable":true,"href":"https:\/\/gerajeune.com\/en\/wp-json\/wp\/v2\/product_tag?post=4339"}],"curies":[{"name":"wp","href":"https:\/\/api.w.org\/{rel}","templated":true}]}}