{"id":4478,"date":"2022-02-25T15:18:06","date_gmt":"2022-02-25T14:18:06","guid":{"rendered":"http:\/\/gerajeune.com\/?post_type=product&#038;p=4478"},"modified":"2024-08-17T05:09:22","modified_gmt":"2024-08-17T04:09:22","slug":"lait-de-corps-raffermissant-250ml","status":"publish","type":"product","link":"https:\/\/gerajeune.com\/en\/product\/lait-de-corps-raffermissant-250ml\/","title":{"rendered":"Firming milk"},"content":{"rendered":"<p>Firming milk<\/p>\n<p><strong>What is a firming milk?<\/strong><\/p>\n<p>Gerajeune Firming Body Milk is a long-lasting moisturizing, nourishing and above all firming cosmetic for sagging and extra dry skin thanks to natural and organic ingredients such as:<\/p>\n<ul>\n<li>Olive oil from the fields of Sfax which promotes cell growth and healing. Has moisturizing properties and prevents water loss from the <em>skin.<\/em>\u00a0revitalizes the <em>skin and restore its shine <\/em><\/li>\n<li>\u00a0African Shea: An excellent moisturizer and emollient, helps maintain skin health and elasticity. Used to prevent and reduce stretch marks<b>.<\/b><\/li>\n<\/ul>\n<p><strong>When to put it?<\/strong><\/p>\n<p>It is recommended to apply the body milk after showering to instantly hydrate the skin, which becomes smoother thanks to the moisturizing active ingredients that stimulate cell renewal.<\/p>\n<p><strong>What type of milk for what type of skin?<\/strong><\/p>\n<p>For dull skin, moisturizing milk is a good way to add radiance to the complexion. <a href=\"https:\/\/fr.wikipedia.org\/wiki\/Peau\">skin<\/a> .<\/p>\n<p>For dry skin, moisturizer is a good way to nourish and hydrate the skin.<\/p>\n<p><strong>Ingredients :<\/strong><\/p>\n<p>Aqua, Geranium rose hydrolate, Lavandula, Angustifolia hydrolate, Citrus Arantius, Leaf hydrolate, Monopropylene glycol, Urea, Shea butter, Coconut oil, Olea Europea oil, Sodium polyacrylate, Glyceryl stearate, Hydrogenated Polydecene, Palmitate locopherol (vitamin E), Fragrance Sodium benzoate, Benzyl alcohol Todeceth-5 dehydroacetic acid.<\/p>\n<p>discover the<a href=\"http:\/\/gerajeune.com\/en\/product\/savon-noir-liquide\/\">and black soap<\/a> from Gerajeune<\/p>","protected":false},"excerpt":{"rendered":"<h3>\u00a0Firming body milk for sagging skin - 250ml<\/h3>\n<h3><strong>Free home delivery from 99,000TND of purchases.<\/strong><\/h3>","protected":false},"featured_media":9283,"comment_status":"open","ping_status":"closed","template":"","meta":{"_monsterinsights_skip_tracking":false,"_monsterinsights_sitenote_active":false,"_monsterinsights_sitenote_note":"","_monsterinsights_sitenote_category":0,"ocean_post_layout":"","ocean_both_sidebars_style":"","ocean_both_sidebars_content_width":0,"ocean_both_sidebars_sidebars_width":0,"ocean_sidebar":"0","ocean_second_sidebar":"0","ocean_disable_margins":"enable","ocean_add_body_class":"","ocean_shortcode_before_top_bar":"","ocean_shortcode_after_top_bar":"","ocean_shortcode_before_header":"","ocean_shortcode_after_header":"","ocean_has_shortcode":"","ocean_shortcode_after_title":"","ocean_shortcode_before_footer_widgets":"","ocean_shortcode_after_footer_widgets":"","ocean_shortcode_before_footer_bottom":"","ocean_shortcode_after_footer_bottom":"","ocean_display_top_bar":"default","ocean_display_header":"default","ocean_header_style":"","ocean_center_header_left_menu":"0","ocean_custom_header_template":"0","ocean_custom_logo":0,"ocean_custom_retina_logo":0,"ocean_custom_logo_max_width":0,"ocean_custom_logo_tablet_max_width":0,"ocean_custom_logo_mobile_max_width":0,"ocean_custom_logo_max_height":0,"ocean_custom_logo_tablet_max_height":0,"ocean_custom_logo_mobile_max_height":0,"ocean_header_custom_menu":"0","ocean_menu_typo_font_family":"0","ocean_menu_typo_font_subset":"","ocean_menu_typo_font_size":0,"ocean_menu_typo_font_size_tablet":0,"ocean_menu_typo_font_size_mobile":0,"ocean_menu_typo_font_size_unit":"px","ocean_menu_typo_font_weight":"","ocean_menu_typo_font_weight_tablet":"","ocean_menu_typo_font_weight_mobile":"","ocean_menu_typo_transform":"","ocean_menu_typo_transform_tablet":"","ocean_menu_typo_transform_mobile":"","ocean_menu_typo_line_height":0,"ocean_menu_typo_line_height_tablet":0,"ocean_menu_typo_line_height_mobile":0,"ocean_menu_typo_line_height_unit":"","ocean_menu_typo_spacing":0,"ocean_menu_typo_spacing_tablet":0,"ocean_menu_typo_spacing_mobile":0,"ocean_menu_typo_spacing_unit":"","ocean_menu_link_color":"","ocean_menu_link_color_hover":"","ocean_menu_link_color_active":"","ocean_menu_link_background":"","ocean_menu_link_hover_background":"","ocean_menu_link_active_background":"","ocean_menu_social_links_bg":"","ocean_menu_social_hover_links_bg":"","ocean_menu_social_links_color":"","ocean_menu_social_hover_links_color":"","ocean_disable_title":"default","ocean_disable_heading":"default","ocean_post_title":"","ocean_post_subheading":"","ocean_post_title_style":"","ocean_post_title_background_color":"","ocean_post_title_background":0,"ocean_post_title_bg_image_position":"","ocean_post_title_bg_image_attachment":"","ocean_post_title_bg_image_repeat":"","ocean_post_title_bg_image_size":"","ocean_post_title_height":0,"ocean_post_title_bg_overlay":0.5,"ocean_post_title_bg_overlay_color":"","ocean_disable_breadcrumbs":"default","ocean_breadcrumbs_color":"","ocean_breadcrumbs_separator_color":"","ocean_breadcrumbs_links_color":"","ocean_breadcrumbs_links_hover_color":"","ocean_display_footer_widgets":"default","ocean_display_footer_bottom":"default","ocean_custom_footer_template":"0","omw_enable_modal_window":"enable"},"product_brand":[],"product_cat":[157],"product_tag":[],"class_list":{"0":"post-4478","1":"product","2":"type-product","3":"status-publish","4":"has-post-thumbnail","6":"product_cat-soin-corps","8":"entry","9":"has-media","11":"first","12":"instock","13":"taxable","14":"shipping-taxable","15":"purchasable","16":"product-type-simple","17":"col","18":"span_1_of_3","19":"owp-content-center","20":"owp-thumbs-layout-horizontal","21":"owp-btn-normal","22":"owp-tabs-layout-horizontal","23":"has-no-thumbnails"},"yoast_head":"<!-- This site is optimized with the Yoast SEO plugin v27.0 - https:\/\/yoast.com\/product\/yoast-seo-wordpress\/ -->\n<title>Lait raffermissant - gerajeune<\/title>\n<meta name=\"description\" content=\"D\u00e9couvrez notre lait de corps NATUREL raffermissant a l&#039;huile d&#039;Olive BIOLOGIQUE , au karit\u00e9 et sans huile min\u00e9rale pour une hydratation intensive .\" \/>\n<meta name=\"robots\" content=\"index, follow, max-snippet:-1, max-image-preview:large, max-video-preview:-1\" \/>\n<link rel=\"canonical\" href=\"https:\/\/gerajeune.com\/en\/product\/lait-de-corps-raffermissant-250ml\/\" \/>\n<meta property=\"og:locale\" content=\"en_US\" \/>\n<meta property=\"og:type\" content=\"article\" \/>\n<meta property=\"og:title\" content=\"Lait raffermissant - gerajeune\" \/>\n<meta property=\"og:description\" content=\"D\u00e9couvrez notre lait de corps NATUREL raffermissant a l&#039;huile d&#039;Olive BIOLOGIQUE , au karit\u00e9 et sans huile min\u00e9rale pour une hydratation intensive .\" \/>\n<meta property=\"og:url\" content=\"https:\/\/gerajeune.com\/en\/product\/lait-de-corps-raffermissant-250ml\/\" \/>\n<meta property=\"og:site_name\" content=\"gerajeune\" \/>\n<meta property=\"article:publisher\" content=\"https:\/\/www.facebook.com\/gerajeune\" \/>\n<meta property=\"article:modified_time\" content=\"2024-08-17T04:09:22+00:00\" \/>\n<meta property=\"og:image\" content=\"https:\/\/gerajeune.com\/wp-content\/uploads\/2024\/06\/Fond-Blanc.png\" \/>\n\t<meta property=\"og:image:width\" content=\"1587\" \/>\n\t<meta property=\"og:image:height\" content=\"2245\" \/>\n\t<meta property=\"og:image:type\" content=\"image\/png\" \/>\n<meta name=\"twitter:card\" content=\"summary_large_image\" \/>\n<meta name=\"twitter:label1\" content=\"Est. reading time\" \/>\n\t<meta name=\"twitter:data1\" content=\"1 minute\" \/>\n<script type=\"application\/ld+json\" class=\"yoast-schema-graph\">{\"@context\":\"https:\/\/schema.org\",\"@graph\":[{\"@type\":\"WebPage\",\"@id\":\"https:\/\/gerajeune.com\/produit\/lait-de-corps-raffermissant-250ml\/\",\"url\":\"https:\/\/gerajeune.com\/produit\/lait-de-corps-raffermissant-250ml\/\",\"name\":\"Lait raffermissant - gerajeune\",\"isPartOf\":{\"@id\":\"https:\/\/gerajeune.com\/#website\"},\"primaryImageOfPage\":{\"@id\":\"https:\/\/gerajeune.com\/produit\/lait-de-corps-raffermissant-250ml\/#primaryimage\"},\"image\":{\"@id\":\"https:\/\/gerajeune.com\/produit\/lait-de-corps-raffermissant-250ml\/#primaryimage\"},\"thumbnailUrl\":\"https:\/\/gerajeune.com\/wp-content\/uploads\/2024\/06\/Fond-Blanc.png\",\"datePublished\":\"2022-02-25T14:18:06+00:00\",\"dateModified\":\"2024-08-17T04:09:22+00:00\",\"description\":\"D\u00e9couvrez notre lait de corps NATUREL raffermissant a l'huile d'Olive BIOLOGIQUE , au karit\u00e9 et sans huile min\u00e9rale pour une hydratation intensive .\",\"breadcrumb\":{\"@id\":\"https:\/\/gerajeune.com\/produit\/lait-de-corps-raffermissant-250ml\/#breadcrumb\"},\"inLanguage\":\"en-US\",\"potentialAction\":[{\"@type\":\"ReadAction\",\"target\":[\"https:\/\/gerajeune.com\/produit\/lait-de-corps-raffermissant-250ml\/\"]}]},{\"@type\":\"ImageObject\",\"inLanguage\":\"en-US\",\"@id\":\"https:\/\/gerajeune.com\/produit\/lait-de-corps-raffermissant-250ml\/#primaryimage\",\"url\":\"https:\/\/gerajeune.com\/wp-content\/uploads\/2024\/06\/Fond-Blanc.png\",\"contentUrl\":\"https:\/\/gerajeune.com\/wp-content\/uploads\/2024\/06\/Fond-Blanc.png\",\"width\":1587,\"height\":2245},{\"@type\":\"BreadcrumbList\",\"@id\":\"https:\/\/gerajeune.com\/produit\/lait-de-corps-raffermissant-250ml\/#breadcrumb\",\"itemListElement\":[{\"@type\":\"ListItem\",\"position\":1,\"name\":\"Accueil\",\"item\":\"https:\/\/gerajeune.com\/\"},{\"@type\":\"ListItem\",\"position\":2,\"name\":\"Produits\",\"item\":\"https:\/\/gerajeune.com\/__trashed-6\/\"},{\"@type\":\"ListItem\",\"position\":3,\"name\":\"Lait raffermissant\"}]},{\"@type\":\"WebSite\",\"@id\":\"https:\/\/gerajeune.com\/#website\",\"url\":\"https:\/\/gerajeune.com\/\",\"name\":\"gerajeune\",\"description\":\"Naturellement belle, visiblement jeune\",\"publisher\":{\"@id\":\"https:\/\/gerajeune.com\/#organization\"},\"potentialAction\":[{\"@type\":\"SearchAction\",\"target\":{\"@type\":\"EntryPoint\",\"urlTemplate\":\"https:\/\/gerajeune.com\/?s={search_term_string}\"},\"query-input\":{\"@type\":\"PropertyValueSpecification\",\"valueRequired\":true,\"valueName\":\"search_term_string\"}}],\"inLanguage\":\"en-US\"},{\"@type\":\"Organization\",\"@id\":\"https:\/\/gerajeune.com\/#organization\",\"name\":\"gerajeune\",\"url\":\"https:\/\/gerajeune.com\/\",\"logo\":{\"@type\":\"ImageObject\",\"inLanguage\":\"en-US\",\"@id\":\"https:\/\/gerajeune.com\/#\/schema\/logo\/image\/\",\"url\":\"http:\/\/gerajeune.com\/wp-content\/uploads\/2021\/12\/cropped-logo-modifier-1-e1645608409226.png\",\"contentUrl\":\"http:\/\/gerajeune.com\/wp-content\/uploads\/2021\/12\/cropped-logo-modifier-1-e1645608409226.png\",\"width\":250,\"height\":120,\"caption\":\"gerajeune\"},\"image\":{\"@id\":\"https:\/\/gerajeune.com\/#\/schema\/logo\/image\/\"},\"sameAs\":[\"https:\/\/www.facebook.com\/gerajeune\",\"https:\/\/www.instagram.com\/gerajeune\/reels\/?hl=fr\"]}]}<\/script>\n<!-- \/ Yoast SEO plugin. -->","yoast_head_json":{"title":"Lait raffermissant - gerajeune","description":"D\u00e9couvrez notre lait de corps NATUREL raffermissant a l'huile d'Olive BIOLOGIQUE , au karit\u00e9 et sans huile min\u00e9rale pour une hydratation intensive .","robots":{"index":"index","follow":"follow","max-snippet":"max-snippet:-1","max-image-preview":"max-image-preview:large","max-video-preview":"max-video-preview:-1"},"canonical":"https:\/\/gerajeune.com\/en\/product\/lait-de-corps-raffermissant-250ml\/","og_locale":"en_US","og_type":"article","og_title":"Lait raffermissant - gerajeune","og_description":"D\u00e9couvrez notre lait de corps NATUREL raffermissant a l'huile d'Olive BIOLOGIQUE , au karit\u00e9 et sans huile min\u00e9rale pour une hydratation intensive .","og_url":"https:\/\/gerajeune.com\/en\/product\/lait-de-corps-raffermissant-250ml\/","og_site_name":"gerajeune","article_publisher":"https:\/\/www.facebook.com\/gerajeune","article_modified_time":"2024-08-17T04:09:22+00:00","og_image":[{"width":1587,"height":2245,"url":"https:\/\/gerajeune.com\/wp-content\/uploads\/2024\/06\/Fond-Blanc.png","type":"image\/png"}],"twitter_card":"summary_large_image","twitter_misc":{"Est. reading time":"1 minute"},"schema":{"@context":"https:\/\/schema.org","@graph":[{"@type":"WebPage","@id":"https:\/\/gerajeune.com\/produit\/lait-de-corps-raffermissant-250ml\/","url":"https:\/\/gerajeune.com\/produit\/lait-de-corps-raffermissant-250ml\/","name":"Lait raffermissant - gerajeune","isPartOf":{"@id":"https:\/\/gerajeune.com\/#website"},"primaryImageOfPage":{"@id":"https:\/\/gerajeune.com\/produit\/lait-de-corps-raffermissant-250ml\/#primaryimage"},"image":{"@id":"https:\/\/gerajeune.com\/produit\/lait-de-corps-raffermissant-250ml\/#primaryimage"},"thumbnailUrl":"https:\/\/gerajeune.com\/wp-content\/uploads\/2024\/06\/Fond-Blanc.png","datePublished":"2022-02-25T14:18:06+00:00","dateModified":"2024-08-17T04:09:22+00:00","description":"D\u00e9couvrez notre lait de corps NATUREL raffermissant a l'huile d'Olive BIOLOGIQUE , au karit\u00e9 et sans huile min\u00e9rale pour une hydratation intensive .","breadcrumb":{"@id":"https:\/\/gerajeune.com\/produit\/lait-de-corps-raffermissant-250ml\/#breadcrumb"},"inLanguage":"en-US","potentialAction":[{"@type":"ReadAction","target":["https:\/\/gerajeune.com\/produit\/lait-de-corps-raffermissant-250ml\/"]}]},{"@type":"ImageObject","inLanguage":"en-US","@id":"https:\/\/gerajeune.com\/produit\/lait-de-corps-raffermissant-250ml\/#primaryimage","url":"https:\/\/gerajeune.com\/wp-content\/uploads\/2024\/06\/Fond-Blanc.png","contentUrl":"https:\/\/gerajeune.com\/wp-content\/uploads\/2024\/06\/Fond-Blanc.png","width":1587,"height":2245},{"@type":"BreadcrumbList","@id":"https:\/\/gerajeune.com\/produit\/lait-de-corps-raffermissant-250ml\/#breadcrumb","itemListElement":[{"@type":"ListItem","position":1,"name":"Accueil","item":"https:\/\/gerajeune.com\/"},{"@type":"ListItem","position":2,"name":"Produits","item":"https:\/\/gerajeune.com\/__trashed-6\/"},{"@type":"ListItem","position":3,"name":"Lait raffermissant"}]},{"@type":"WebSite","@id":"https:\/\/gerajeune.com\/#website","url":"https:\/\/gerajeune.com\/","name":"gerajeune","description":"Naturally beautiful, visibly young","publisher":{"@id":"https:\/\/gerajeune.com\/#organization"},"potentialAction":[{"@type":"SearchAction","target":{"@type":"EntryPoint","urlTemplate":"https:\/\/gerajeune.com\/?s={search_term_string}"},"query-input":{"@type":"PropertyValueSpecification","valueRequired":true,"valueName":"search_term_string"}}],"inLanguage":"en-US"},{"@type":"Organization","@id":"https:\/\/gerajeune.com\/#organization","name":"gerajeune","url":"https:\/\/gerajeune.com\/","logo":{"@type":"ImageObject","inLanguage":"en-US","@id":"https:\/\/gerajeune.com\/#\/schema\/logo\/image\/","url":"http:\/\/gerajeune.com\/wp-content\/uploads\/2021\/12\/cropped-logo-modifier-1-e1645608409226.png","contentUrl":"http:\/\/gerajeune.com\/wp-content\/uploads\/2021\/12\/cropped-logo-modifier-1-e1645608409226.png","width":250,"height":120,"caption":"gerajeune"},"image":{"@id":"https:\/\/gerajeune.com\/#\/schema\/logo\/image\/"},"sameAs":["https:\/\/www.facebook.com\/gerajeune","https:\/\/www.instagram.com\/gerajeune\/reels\/?hl=fr"]}]}},"jetpack_sharing_enabled":true,"_links":{"self":[{"href":"https:\/\/gerajeune.com\/en\/wp-json\/wp\/v2\/product\/4478","targetHints":{"allow":["GET"]}}],"collection":[{"href":"https:\/\/gerajeune.com\/en\/wp-json\/wp\/v2\/product"}],"about":[{"href":"https:\/\/gerajeune.com\/en\/wp-json\/wp\/v2\/types\/product"}],"replies":[{"embeddable":true,"href":"https:\/\/gerajeune.com\/en\/wp-json\/wp\/v2\/comments?post=4478"}],"version-history":[{"count":6,"href":"https:\/\/gerajeune.com\/en\/wp-json\/wp\/v2\/product\/4478\/revisions"}],"predecessor-version":[{"id":7119,"href":"https:\/\/gerajeune.com\/en\/wp-json\/wp\/v2\/product\/4478\/revisions\/7119"}],"wp:featuredmedia":[{"embeddable":true,"href":"https:\/\/gerajeune.com\/en\/wp-json\/wp\/v2\/media\/9283"}],"wp:attachment":[{"href":"https:\/\/gerajeune.com\/en\/wp-json\/wp\/v2\/media?parent=4478"}],"wp:term":[{"taxonomy":"product_brand","embeddable":true,"href":"https:\/\/gerajeune.com\/en\/wp-json\/wp\/v2\/product_brand?post=4478"},{"taxonomy":"product_cat","embeddable":true,"href":"https:\/\/gerajeune.com\/en\/wp-json\/wp\/v2\/product_cat?post=4478"},{"taxonomy":"product_tag","embeddable":true,"href":"https:\/\/gerajeune.com\/en\/wp-json\/wp\/v2\/product_tag?post=4478"}],"curies":[{"name":"wp","href":"https:\/\/api.w.org\/{rel}","templated":true}]}}