{"id":5174,"date":"2022-03-14T09:31:26","date_gmt":"2022-03-14T08:31:26","guid":{"rendered":"http:\/\/gerajeune.com\/?post_type=product&#038;p=5174"},"modified":"2024-06-28T14:26:00","modified_gmt":"2024-06-28T13:26:00","slug":"huile-macerat-damla","status":"publish","type":"product","link":"https:\/\/gerajeune.com\/en\/product\/huile-macerat-damla\/","title":{"rendered":"Amla Macerated Oil"},"content":{"rendered":"<p>Amla Macerated Oil<\/p>\n<p><strong>What are the benefits of Amla Macerated Oil?<\/strong><\/p>\n<p>Amla oil greatly facilitates hair growth, limits hair loss,<br \/>\neliminates dandruff and strengthens the hair, giving it great shine.<br \/>\nFor the face, it helps regenerate the skin by nourishing it as best as possible.<\/p>\n<p><strong>What are the qualities of Gerajeune Amla oil?<\/strong><\/p>\n<p>100% pure and natural, without any chemical or addictive treatment.<\/p>\n<p><strong>Method of obtaining:<\/strong><\/p>\n<p><a href=\"https:\/\/fr.wikipedia.org\/wiki\/Mac%C3%A9ration\">Maceration<\/a> of Amla fruit pieces <strong>organic<\/strong> in castor vegetable oil<strong> organic<\/strong><\/p>\n<p>virgin.<\/p>\n<p><strong>Quality:<\/strong><\/p>\n<p>100% pure and natural, without any chemical or addictive treatment, cosmetic quality.<\/p>\n<p><strong>How to use Amla oil for hair?<\/strong><\/p>\n<p>Take 2 to 3 drops in your hand. Apply to your scalp and distribute the remaining oil in your hand over your lengths and ends.<\/p>\n<p><strong>How to use Amla oil for face?<\/strong><\/p>\n<p>Gently massage the damp face using small upward movements then rinse with cool water.<\/p>\n<p><strong>When to use Amla oil?\u00a0<\/strong><\/p>\n<p>daily care<\/p>\n<p><strong>Ingredients: <\/strong><\/p>\n<p>Phyllanthus emblica extract, Prunus amygdalus dulcis oil.<br \/>\nBotanical name: Emblica officinalis<\/p>\n<p><strong>INCI designation:<\/strong><\/p>\n<p>Ricinus communis seed oil, embica officinalis fruit extract<\/p>\n<p>Formulate your oil bath with our selection of organic oils: <a href=\"http:\/\/gerajeune.com\/en\/product\/huile-dail-50ml\/\">garlic oil<\/a> , <a href=\"http:\/\/gerajeune.com\/en\/product\/huile-vierge-de-sesame\/\">sesame oil<\/a><\/p>","protected":false},"excerpt":{"rendered":"<h3>Organic care for your hair -50ml<\/h3>\n<h3><strong>Liv<\/strong><strong>free home delivery from 99,000TND of purchases.<\/strong><\/h3>","protected":false},"featured_media":6715,"comment_status":"open","ping_status":"closed","template":"","meta":{"_monsterinsights_skip_tracking":false,"_monsterinsights_sitenote_active":false,"_monsterinsights_sitenote_note":"","_monsterinsights_sitenote_category":0,"ocean_post_layout":"","ocean_both_sidebars_style":"","ocean_both_sidebars_content_width":0,"ocean_both_sidebars_sidebars_width":0,"ocean_sidebar":"0","ocean_second_sidebar":"0","ocean_disable_margins":"enable","ocean_add_body_class":"","ocean_shortcode_before_top_bar":"","ocean_shortcode_after_top_bar":"","ocean_shortcode_before_header":"","ocean_shortcode_after_header":"","ocean_has_shortcode":"","ocean_shortcode_after_title":"","ocean_shortcode_before_footer_widgets":"","ocean_shortcode_after_footer_widgets":"","ocean_shortcode_before_footer_bottom":"","ocean_shortcode_after_footer_bottom":"","ocean_display_top_bar":"default","ocean_display_header":"default","ocean_header_style":"","ocean_center_header_left_menu":"0","ocean_custom_header_template":"0","ocean_custom_logo":0,"ocean_custom_retina_logo":0,"ocean_custom_logo_max_width":0,"ocean_custom_logo_tablet_max_width":0,"ocean_custom_logo_mobile_max_width":0,"ocean_custom_logo_max_height":0,"ocean_custom_logo_tablet_max_height":0,"ocean_custom_logo_mobile_max_height":0,"ocean_header_custom_menu":"0","ocean_menu_typo_font_family":"0","ocean_menu_typo_font_subset":"","ocean_menu_typo_font_size":0,"ocean_menu_typo_font_size_tablet":0,"ocean_menu_typo_font_size_mobile":0,"ocean_menu_typo_font_size_unit":"px","ocean_menu_typo_font_weight":"","ocean_menu_typo_font_weight_tablet":"","ocean_menu_typo_font_weight_mobile":"","ocean_menu_typo_transform":"","ocean_menu_typo_transform_tablet":"","ocean_menu_typo_transform_mobile":"","ocean_menu_typo_line_height":0,"ocean_menu_typo_line_height_tablet":0,"ocean_menu_typo_line_height_mobile":0,"ocean_menu_typo_line_height_unit":"","ocean_menu_typo_spacing":0,"ocean_menu_typo_spacing_tablet":0,"ocean_menu_typo_spacing_mobile":0,"ocean_menu_typo_spacing_unit":"","ocean_menu_link_color":"","ocean_menu_link_color_hover":"","ocean_menu_link_color_active":"","ocean_menu_link_background":"","ocean_menu_link_hover_background":"","ocean_menu_link_active_background":"","ocean_menu_social_links_bg":"","ocean_menu_social_hover_links_bg":"","ocean_menu_social_links_color":"","ocean_menu_social_hover_links_color":"","ocean_disable_title":"default","ocean_disable_heading":"default","ocean_post_title":"","ocean_post_subheading":"","ocean_post_title_style":"","ocean_post_title_background_color":"","ocean_post_title_background":0,"ocean_post_title_bg_image_position":"","ocean_post_title_bg_image_attachment":"","ocean_post_title_bg_image_repeat":"","ocean_post_title_bg_image_size":"","ocean_post_title_height":0,"ocean_post_title_bg_overlay":0.5,"ocean_post_title_bg_overlay_color":"","ocean_disable_breadcrumbs":"default","ocean_breadcrumbs_color":"","ocean_breadcrumbs_separator_color":"","ocean_breadcrumbs_links_color":"","ocean_breadcrumbs_links_hover_color":"","ocean_display_footer_widgets":"default","ocean_display_footer_bottom":"default","ocean_custom_footer_template":"0","omw_enable_modal_window":"enable"},"product_brand":[],"product_cat":[41],"product_tag":[],"class_list":{"0":"post-5174","1":"product","2":"type-product","3":"status-publish","4":"has-post-thumbnail","6":"product_cat-soin-cheveux","8":"entry","9":"has-media","11":"first","12":"instock","13":"taxable","14":"shipping-taxable","15":"purchasable","16":"product-type-simple","17":"col","18":"span_1_of_3","19":"owp-content-center","20":"owp-thumbs-layout-horizontal","21":"owp-btn-normal","22":"owp-tabs-layout-horizontal","23":"has-no-thumbnails"},"yoast_head":"<!-- This site is optimized with the Yoast SEO plugin v27.4 - https:\/\/yoast.com\/product\/yoast-seo-wordpress\/ -->\n<title>HUILE MACERAT D&#039;AMLA-50 ml<\/title>\n<meta name=\"description\" content=\"Un merveilleux soin BIO pour vos cheveux , stimule leur pouss\u00e9e ,limite leur chute ,\u00e9limine les pellicules et hydrate les pointes s\u00e8ches .\" \/>\n<meta name=\"robots\" content=\"index, follow, max-snippet:-1, max-image-preview:large, max-video-preview:-1\" \/>\n<link rel=\"canonical\" href=\"https:\/\/gerajeune.com\/en\/product\/huile-macerat-damla\/\" \/>\n<meta property=\"og:locale\" content=\"en_US\" \/>\n<meta property=\"og:type\" content=\"article\" \/>\n<meta property=\"og:title\" content=\"HUILE MACERAT D&#039;AMLA-50 ml\" \/>\n<meta property=\"og:description\" content=\"Un merveilleux soin BIO pour vos cheveux , stimule leur pouss\u00e9e ,limite leur chute ,\u00e9limine les pellicules et hydrate les pointes s\u00e8ches .\" \/>\n<meta property=\"og:url\" content=\"https:\/\/gerajeune.com\/en\/product\/huile-macerat-damla\/\" \/>\n<meta property=\"og:site_name\" content=\"gerajeune\" \/>\n<meta property=\"article:publisher\" content=\"https:\/\/www.facebook.com\/gerajeune\" \/>\n<meta property=\"article:modified_time\" content=\"2024-06-28T13:26:00+00:00\" \/>\n<meta property=\"og:image\" content=\"https:\/\/gerajeune.com\/wp-content\/uploads\/2022\/03\/IMG_2710-scaled.jpeg\" \/>\n\t<meta property=\"og:image:width\" content=\"1920\" \/>\n\t<meta property=\"og:image:height\" content=\"2560\" \/>\n\t<meta property=\"og:image:type\" content=\"image\/jpeg\" \/>\n<meta name=\"twitter:card\" content=\"summary_large_image\" \/>\n<meta name=\"twitter:label1\" content=\"Est. reading time\" \/>\n\t<meta name=\"twitter:data1\" content=\"1 minute\" \/>\n<script type=\"application\/ld+json\" class=\"yoast-schema-graph\">{\"@context\":\"https:\\\/\\\/schema.org\",\"@graph\":[{\"@type\":\"WebPage\",\"@id\":\"https:\\\/\\\/gerajeune.com\\\/produit\\\/huile-macerat-damla\\\/\",\"url\":\"https:\\\/\\\/gerajeune.com\\\/produit\\\/huile-macerat-damla\\\/\",\"name\":\"HUILE MACERAT D'AMLA-50 ml\",\"isPartOf\":{\"@id\":\"https:\\\/\\\/gerajeune.com\\\/#website\"},\"primaryImageOfPage\":{\"@id\":\"https:\\\/\\\/gerajeune.com\\\/produit\\\/huile-macerat-damla\\\/#primaryimage\"},\"image\":{\"@id\":\"https:\\\/\\\/gerajeune.com\\\/produit\\\/huile-macerat-damla\\\/#primaryimage\"},\"thumbnailUrl\":\"https:\\\/\\\/gerajeune.com\\\/wp-content\\\/uploads\\\/2022\\\/03\\\/IMG_2710-scaled.jpeg\",\"datePublished\":\"2022-03-14T08:31:26+00:00\",\"dateModified\":\"2024-06-28T13:26:00+00:00\",\"description\":\"Un merveilleux soin BIO pour vos cheveux , stimule leur pouss\u00e9e ,limite leur chute ,\u00e9limine les pellicules et hydrate les pointes s\u00e8ches .\",\"breadcrumb\":{\"@id\":\"https:\\\/\\\/gerajeune.com\\\/produit\\\/huile-macerat-damla\\\/#breadcrumb\"},\"inLanguage\":\"en-US\",\"potentialAction\":[{\"@type\":\"ReadAction\",\"target\":[\"https:\\\/\\\/gerajeune.com\\\/produit\\\/huile-macerat-damla\\\/\"]}]},{\"@type\":\"ImageObject\",\"inLanguage\":\"en-US\",\"@id\":\"https:\\\/\\\/gerajeune.com\\\/produit\\\/huile-macerat-damla\\\/#primaryimage\",\"url\":\"https:\\\/\\\/gerajeune.com\\\/wp-content\\\/uploads\\\/2022\\\/03\\\/IMG_2710-scaled.jpeg\",\"contentUrl\":\"https:\\\/\\\/gerajeune.com\\\/wp-content\\\/uploads\\\/2022\\\/03\\\/IMG_2710-scaled.jpeg\",\"width\":1920,\"height\":2560,\"caption\":\"Huile Mac\u00e9r\u00e2t D'Amla\"},{\"@type\":\"BreadcrumbList\",\"@id\":\"https:\\\/\\\/gerajeune.com\\\/produit\\\/huile-macerat-damla\\\/#breadcrumb\",\"itemListElement\":[{\"@type\":\"ListItem\",\"position\":1,\"name\":\"Accueil\",\"item\":\"https:\\\/\\\/gerajeune.com\\\/\"},{\"@type\":\"ListItem\",\"position\":2,\"name\":\"Produits\",\"item\":\"https:\\\/\\\/gerajeune.com\\\/__trashed-6\\\/\"},{\"@type\":\"ListItem\",\"position\":3,\"name\":\"Huile Mac\u00e9r\u00e2t D&rsquo;Amla\"}]},{\"@type\":\"WebSite\",\"@id\":\"https:\\\/\\\/gerajeune.com\\\/#website\",\"url\":\"https:\\\/\\\/gerajeune.com\\\/\",\"name\":\"gerajeune\",\"description\":\"Naturellement belle, visiblement jeune\",\"publisher\":{\"@id\":\"https:\\\/\\\/gerajeune.com\\\/#organization\"},\"potentialAction\":[{\"@type\":\"SearchAction\",\"target\":{\"@type\":\"EntryPoint\",\"urlTemplate\":\"https:\\\/\\\/gerajeune.com\\\/?s={search_term_string}\"},\"query-input\":{\"@type\":\"PropertyValueSpecification\",\"valueRequired\":true,\"valueName\":\"search_term_string\"}}],\"inLanguage\":\"en-US\"},{\"@type\":\"Organization\",\"@id\":\"https:\\\/\\\/gerajeune.com\\\/#organization\",\"name\":\"gerajeune\",\"url\":\"https:\\\/\\\/gerajeune.com\\\/\",\"logo\":{\"@type\":\"ImageObject\",\"inLanguage\":\"en-US\",\"@id\":\"https:\\\/\\\/gerajeune.com\\\/#\\\/schema\\\/logo\\\/image\\\/\",\"url\":\"http:\\\/\\\/gerajeune.com\\\/wp-content\\\/uploads\\\/2021\\\/12\\\/cropped-logo-modifier-1-e1645608409226.png\",\"contentUrl\":\"http:\\\/\\\/gerajeune.com\\\/wp-content\\\/uploads\\\/2021\\\/12\\\/cropped-logo-modifier-1-e1645608409226.png\",\"width\":250,\"height\":120,\"caption\":\"gerajeune\"},\"image\":{\"@id\":\"https:\\\/\\\/gerajeune.com\\\/#\\\/schema\\\/logo\\\/image\\\/\"},\"sameAs\":[\"https:\\\/\\\/www.facebook.com\\\/gerajeune\",\"https:\\\/\\\/www.instagram.com\\\/gerajeune\\\/reels\\\/?hl=fr\"]}]}<\/script>\n<!-- \/ Yoast SEO plugin. -->","yoast_head_json":{"title":"HUILE MACERAT D'AMLA-50 ml","description":"Un merveilleux soin BIO pour vos cheveux , stimule leur pouss\u00e9e ,limite leur chute ,\u00e9limine les pellicules et hydrate les pointes s\u00e8ches .","robots":{"index":"index","follow":"follow","max-snippet":"max-snippet:-1","max-image-preview":"max-image-preview:large","max-video-preview":"max-video-preview:-1"},"canonical":"https:\/\/gerajeune.com\/en\/product\/huile-macerat-damla\/","og_locale":"en_US","og_type":"article","og_title":"HUILE MACERAT D'AMLA-50 ml","og_description":"Un merveilleux soin BIO pour vos cheveux , stimule leur pouss\u00e9e ,limite leur chute ,\u00e9limine les pellicules et hydrate les pointes s\u00e8ches .","og_url":"https:\/\/gerajeune.com\/en\/product\/huile-macerat-damla\/","og_site_name":"gerajeune","article_publisher":"https:\/\/www.facebook.com\/gerajeune","article_modified_time":"2024-06-28T13:26:00+00:00","og_image":[{"width":1920,"height":2560,"url":"https:\/\/gerajeune.com\/wp-content\/uploads\/2022\/03\/IMG_2710-scaled.jpeg","type":"image\/jpeg"}],"twitter_card":"summary_large_image","twitter_misc":{"Est. reading time":"1 minute"},"schema":{"@context":"https:\/\/schema.org","@graph":[{"@type":"WebPage","@id":"https:\/\/gerajeune.com\/produit\/huile-macerat-damla\/","url":"https:\/\/gerajeune.com\/produit\/huile-macerat-damla\/","name":"HUILE MACERAT D'AMLA-50 ml","isPartOf":{"@id":"https:\/\/gerajeune.com\/#website"},"primaryImageOfPage":{"@id":"https:\/\/gerajeune.com\/produit\/huile-macerat-damla\/#primaryimage"},"image":{"@id":"https:\/\/gerajeune.com\/produit\/huile-macerat-damla\/#primaryimage"},"thumbnailUrl":"https:\/\/gerajeune.com\/wp-content\/uploads\/2022\/03\/IMG_2710-scaled.jpeg","datePublished":"2022-03-14T08:31:26+00:00","dateModified":"2024-06-28T13:26:00+00:00","description":"Un merveilleux soin BIO pour vos cheveux , stimule leur pouss\u00e9e ,limite leur chute ,\u00e9limine les pellicules et hydrate les pointes s\u00e8ches .","breadcrumb":{"@id":"https:\/\/gerajeune.com\/produit\/huile-macerat-damla\/#breadcrumb"},"inLanguage":"en-US","potentialAction":[{"@type":"ReadAction","target":["https:\/\/gerajeune.com\/produit\/huile-macerat-damla\/"]}]},{"@type":"ImageObject","inLanguage":"en-US","@id":"https:\/\/gerajeune.com\/produit\/huile-macerat-damla\/#primaryimage","url":"https:\/\/gerajeune.com\/wp-content\/uploads\/2022\/03\/IMG_2710-scaled.jpeg","contentUrl":"https:\/\/gerajeune.com\/wp-content\/uploads\/2022\/03\/IMG_2710-scaled.jpeg","width":1920,"height":2560,"caption":"Huile Mac\u00e9r\u00e2t D'Amla"},{"@type":"BreadcrumbList","@id":"https:\/\/gerajeune.com\/produit\/huile-macerat-damla\/#breadcrumb","itemListElement":[{"@type":"ListItem","position":1,"name":"Accueil","item":"https:\/\/gerajeune.com\/"},{"@type":"ListItem","position":2,"name":"Produits","item":"https:\/\/gerajeune.com\/__trashed-6\/"},{"@type":"ListItem","position":3,"name":"Huile Mac\u00e9r\u00e2t D&rsquo;Amla"}]},{"@type":"WebSite","@id":"https:\/\/gerajeune.com\/#website","url":"https:\/\/gerajeune.com\/","name":"gerajeune","description":"Naturally beautiful, visibly young","publisher":{"@id":"https:\/\/gerajeune.com\/#organization"},"potentialAction":[{"@type":"SearchAction","target":{"@type":"EntryPoint","urlTemplate":"https:\/\/gerajeune.com\/?s={search_term_string}"},"query-input":{"@type":"PropertyValueSpecification","valueRequired":true,"valueName":"search_term_string"}}],"inLanguage":"en-US"},{"@type":"Organization","@id":"https:\/\/gerajeune.com\/#organization","name":"gerajeune","url":"https:\/\/gerajeune.com\/","logo":{"@type":"ImageObject","inLanguage":"en-US","@id":"https:\/\/gerajeune.com\/#\/schema\/logo\/image\/","url":"http:\/\/gerajeune.com\/wp-content\/uploads\/2021\/12\/cropped-logo-modifier-1-e1645608409226.png","contentUrl":"http:\/\/gerajeune.com\/wp-content\/uploads\/2021\/12\/cropped-logo-modifier-1-e1645608409226.png","width":250,"height":120,"caption":"gerajeune"},"image":{"@id":"https:\/\/gerajeune.com\/#\/schema\/logo\/image\/"},"sameAs":["https:\/\/www.facebook.com\/gerajeune","https:\/\/www.instagram.com\/gerajeune\/reels\/?hl=fr"]}]}},"jetpack_sharing_enabled":true,"_links":{"self":[{"href":"https:\/\/gerajeune.com\/en\/wp-json\/wp\/v2\/product\/5174","targetHints":{"allow":["GET"]}}],"collection":[{"href":"https:\/\/gerajeune.com\/en\/wp-json\/wp\/v2\/product"}],"about":[{"href":"https:\/\/gerajeune.com\/en\/wp-json\/wp\/v2\/types\/product"}],"replies":[{"embeddable":true,"href":"https:\/\/gerajeune.com\/en\/wp-json\/wp\/v2\/comments?post=5174"}],"version-history":[{"count":6,"href":"https:\/\/gerajeune.com\/en\/wp-json\/wp\/v2\/product\/5174\/revisions"}],"predecessor-version":[{"id":7106,"href":"https:\/\/gerajeune.com\/en\/wp-json\/wp\/v2\/product\/5174\/revisions\/7106"}],"wp:featuredmedia":[{"embeddable":true,"href":"https:\/\/gerajeune.com\/en\/wp-json\/wp\/v2\/media\/6715"}],"wp:attachment":[{"href":"https:\/\/gerajeune.com\/en\/wp-json\/wp\/v2\/media?parent=5174"}],"wp:term":[{"taxonomy":"product_brand","embeddable":true,"href":"https:\/\/gerajeune.com\/en\/wp-json\/wp\/v2\/product_brand?post=5174"},{"taxonomy":"product_cat","embeddable":true,"href":"https:\/\/gerajeune.com\/en\/wp-json\/wp\/v2\/product_cat?post=5174"},{"taxonomy":"product_tag","embeddable":true,"href":"https:\/\/gerajeune.com\/en\/wp-json\/wp\/v2\/product_tag?post=5174"}],"curies":[{"name":"wp","href":"https:\/\/api.w.org\/{rel}","templated":true}]}}