{"id":5251,"date":"2022-03-14T15:54:01","date_gmt":"2022-03-14T14:54:01","guid":{"rendered":"http:\/\/gerajeune.com\/?post_type=product&#038;p=5251"},"modified":"2024-03-27T11:12:08","modified_gmt":"2024-03-27T10:12:08","slug":"mousse-nettoyante","status":"publish","type":"product","link":"https:\/\/gerajeune.com\/en\/product\/mousse-nettoyante\/","title":{"rendered":"CLEANSING FOAM - Floral - Softness of Neroli"},"content":{"rendered":"<p><strong>Why use a facial cleansing foam?<\/strong><\/p>\n<p>A cleansing foam has one action at a time <strong>gentle<\/strong> thanks to the sweetness of Neroli and rose water, and <strong>effective<\/strong> thanks to moisturizing active ingredients, such as Olive oil, Aloe Vera, and fruit acids. It strengthens the skin barrier, reduces the feeling of discomfort and protects the skin against dehydration.<strong> .<\/strong><\/p>\n<p><strong>How to use a cleansing foam?<\/strong><\/p>\n<p>Apply the foam with your fingertips to wet skin and lather.<\/p>\n<p><strong>When to use a cleansing foam?<\/strong><\/p>\n<p>The cleansing foam can be applied alone in the morning to revive the complexion&#039;s radiance, but also in the evening after removing makeup.<\/p>\n<p><strong>What are the benefits of neroli floral mousse?<\/strong><\/p>\n<ul>\n<li>Aloe vera: Antibacterial: aloetin and aloesin have antimicrobial properties that help fight the proliferation of bacteria on the surface of the skin and therefore prevent blemishes. \u2013 Moisturizing: it takes care of dehydrated skin.<\/li>\n<li>Petitgrain: has purifying, healing, anti-inflammatory and anti-infectious properties.<\/li>\n<li>Vitamin B3: promotes the production of collagen and elastin, two proteins essential for skin tone and firmness.<\/li>\n<li>Neroli: helps alleviate skin problems and signs of skin aging<\/li>\n<\/ul>\n<p><strong>Precautions for use:<\/strong><\/p>\n<p>Avoid contact with eyes.<\/p>\n<p>Rinse with lukewarm water.<\/p>\n<p><strong>Ingredients :<\/strong><\/p>\n<p>Aqua, Aloe Barbendensis Leaf Juice, Sodium Cocoamphoacetate, Glycerin, Lauryl Glucoside, Sodium Cocoyl Glutamate, Sodium Lauryl Glucose Carboxylate, Vaccinu Myrtillus Fruit Extract, Olea Europea Squalan Extract, Glycolic Acid, Sodium Lactate, Sodium PCA, Glycin, Fructose, UREA, Niacin amide , Inositol, Sodium Benzoate, Lactate Acid.<\/p>\n<p>&nbsp;<\/p>\n<p>&nbsp;<\/p>","protected":false},"excerpt":{"rendered":"<p>Purifying Natural Floral Mousse with the softness of Neroli for all skin types \u2013<strong>100ml<\/strong><\/p>","protected":false},"featured_media":6974,"comment_status":"open","ping_status":"closed","template":"","meta":{"_monsterinsights_skip_tracking":false,"_monsterinsights_sitenote_active":false,"_monsterinsights_sitenote_note":"","_monsterinsights_sitenote_category":0,"ocean_post_layout":"","ocean_both_sidebars_style":"","ocean_both_sidebars_content_width":0,"ocean_both_sidebars_sidebars_width":0,"ocean_sidebar":"0","ocean_second_sidebar":"0","ocean_disable_margins":"enable","ocean_add_body_class":"","ocean_shortcode_before_top_bar":"","ocean_shortcode_after_top_bar":"","ocean_shortcode_before_header":"","ocean_shortcode_after_header":"","ocean_has_shortcode":"","ocean_shortcode_after_title":"","ocean_shortcode_before_footer_widgets":"","ocean_shortcode_after_footer_widgets":"","ocean_shortcode_before_footer_bottom":"","ocean_shortcode_after_footer_bottom":"","ocean_display_top_bar":"default","ocean_display_header":"default","ocean_header_style":"","ocean_center_header_left_menu":"0","ocean_custom_header_template":"0","ocean_custom_logo":0,"ocean_custom_retina_logo":0,"ocean_custom_logo_max_width":0,"ocean_custom_logo_tablet_max_width":0,"ocean_custom_logo_mobile_max_width":0,"ocean_custom_logo_max_height":0,"ocean_custom_logo_tablet_max_height":0,"ocean_custom_logo_mobile_max_height":0,"ocean_header_custom_menu":"0","ocean_menu_typo_font_family":"0","ocean_menu_typo_font_subset":"","ocean_menu_typo_font_size":0,"ocean_menu_typo_font_size_tablet":0,"ocean_menu_typo_font_size_mobile":0,"ocean_menu_typo_font_size_unit":"px","ocean_menu_typo_font_weight":"","ocean_menu_typo_font_weight_tablet":"","ocean_menu_typo_font_weight_mobile":"","ocean_menu_typo_transform":"","ocean_menu_typo_transform_tablet":"","ocean_menu_typo_transform_mobile":"","ocean_menu_typo_line_height":0,"ocean_menu_typo_line_height_tablet":0,"ocean_menu_typo_line_height_mobile":0,"ocean_menu_typo_line_height_unit":"","ocean_menu_typo_spacing":0,"ocean_menu_typo_spacing_tablet":0,"ocean_menu_typo_spacing_mobile":0,"ocean_menu_typo_spacing_unit":"","ocean_menu_link_color":"","ocean_menu_link_color_hover":"","ocean_menu_link_color_active":"","ocean_menu_link_background":"","ocean_menu_link_hover_background":"","ocean_menu_link_active_background":"","ocean_menu_social_links_bg":"","ocean_menu_social_hover_links_bg":"","ocean_menu_social_links_color":"","ocean_menu_social_hover_links_color":"","ocean_disable_title":"default","ocean_disable_heading":"default","ocean_post_title":"","ocean_post_subheading":"","ocean_post_title_style":"","ocean_post_title_background_color":"","ocean_post_title_background":0,"ocean_post_title_bg_image_position":"","ocean_post_title_bg_image_attachment":"","ocean_post_title_bg_image_repeat":"","ocean_post_title_bg_image_size":"","ocean_post_title_height":0,"ocean_post_title_bg_overlay":0.5,"ocean_post_title_bg_overlay_color":"","ocean_disable_breadcrumbs":"default","ocean_breadcrumbs_color":"","ocean_breadcrumbs_separator_color":"","ocean_breadcrumbs_links_color":"","ocean_breadcrumbs_links_hover_color":"","ocean_display_footer_widgets":"default","ocean_display_footer_bottom":"default","ocean_custom_footer_template":"0","omw_enable_modal_window":"enable"},"product_brand":[],"product_cat":[56],"product_tag":[],"class_list":{"0":"post-5251","1":"product","2":"type-product","3":"status-publish","4":"has-post-thumbnail","6":"product_cat-soin-visage","8":"entry","9":"has-media","11":"first","12":"instock","13":"taxable","14":"shipping-taxable","15":"purchasable","16":"product-type-simple","17":"col","18":"span_1_of_3","19":"owp-content-center","20":"owp-thumbs-layout-horizontal","21":"owp-btn-normal","22":"owp-tabs-layout-horizontal","23":"has-no-thumbnails"},"yoast_head":"<!-- This site is optimized with the Yoast SEO plugin v27.0 - https:\/\/yoast.com\/product\/yoast-seo-wordpress\/ -->\n<title>Mousse-Nettoyante-Florale - GERAJEUNE - Soins visage<\/title>\n<meta name=\"description\" content=\"D\u00e9couvrez notre Mousse Nettoyante pour tout type de peau ,de composition naturelle ultra active la douceur de N\u00e9roli . Nettoie la peau d\u00e9licatement .\" \/>\n<meta name=\"robots\" content=\"index, follow, max-snippet:-1, max-image-preview:large, max-video-preview:-1\" \/>\n<link rel=\"canonical\" href=\"https:\/\/gerajeune.com\/en\/product\/mousse-nettoyante\/\" \/>\n<meta property=\"og:locale\" content=\"en_US\" \/>\n<meta property=\"og:type\" content=\"article\" \/>\n<meta property=\"og:title\" content=\"Mousse-Nettoyante-Florale - GERAJEUNE - Soins visage\" \/>\n<meta property=\"og:description\" content=\"D\u00e9couvrez notre Mousse Nettoyante pour tout type de peau ,de composition naturelle ultra active la douceur de N\u00e9roli . Nettoie la peau d\u00e9licatement .\" \/>\n<meta property=\"og:url\" content=\"https:\/\/gerajeune.com\/en\/product\/mousse-nettoyante\/\" \/>\n<meta property=\"og:site_name\" content=\"gerajeune\" \/>\n<meta property=\"article:publisher\" content=\"https:\/\/www.facebook.com\/gerajeune\" \/>\n<meta property=\"article:modified_time\" content=\"2024-03-27T10:12:08+00:00\" \/>\n<meta property=\"og:image\" content=\"https:\/\/gerajeune.com\/wp-content\/uploads\/2024\/03\/IMG_1307.jpeg\" \/>\n\t<meta property=\"og:image:width\" content=\"1006\" \/>\n\t<meta property=\"og:image:height\" content=\"654\" \/>\n\t<meta property=\"og:image:type\" content=\"image\/jpeg\" \/>\n<meta name=\"twitter:card\" content=\"summary_large_image\" \/>\n<meta name=\"twitter:label1\" content=\"Est. reading time\" \/>\n\t<meta name=\"twitter:data1\" content=\"1 minute\" \/>\n<script type=\"application\/ld+json\" class=\"yoast-schema-graph\">{\"@context\":\"https:\/\/schema.org\",\"@graph\":[{\"@type\":\"WebPage\",\"@id\":\"https:\/\/gerajeune.com\/produit\/mousse-nettoyante\/\",\"url\":\"https:\/\/gerajeune.com\/produit\/mousse-nettoyante\/\",\"name\":\"Mousse-Nettoyante-Florale - GERAJEUNE - Soins visage\",\"isPartOf\":{\"@id\":\"https:\/\/gerajeune.com\/#website\"},\"primaryImageOfPage\":{\"@id\":\"https:\/\/gerajeune.com\/produit\/mousse-nettoyante\/#primaryimage\"},\"image\":{\"@id\":\"https:\/\/gerajeune.com\/produit\/mousse-nettoyante\/#primaryimage\"},\"thumbnailUrl\":\"https:\/\/gerajeune.com\/wp-content\/uploads\/2024\/03\/IMG_1307.jpeg\",\"datePublished\":\"2022-03-14T14:54:01+00:00\",\"dateModified\":\"2024-03-27T10:12:08+00:00\",\"description\":\"D\u00e9couvrez notre Mousse Nettoyante pour tout type de peau ,de composition naturelle ultra active la douceur de N\u00e9roli . Nettoie la peau d\u00e9licatement .\",\"breadcrumb\":{\"@id\":\"https:\/\/gerajeune.com\/produit\/mousse-nettoyante\/#breadcrumb\"},\"inLanguage\":\"en-US\",\"potentialAction\":[{\"@type\":\"ReadAction\",\"target\":[\"https:\/\/gerajeune.com\/produit\/mousse-nettoyante\/\"]}]},{\"@type\":\"ImageObject\",\"inLanguage\":\"en-US\",\"@id\":\"https:\/\/gerajeune.com\/produit\/mousse-nettoyante\/#primaryimage\",\"url\":\"https:\/\/gerajeune.com\/wp-content\/uploads\/2024\/03\/IMG_1307.jpeg\",\"contentUrl\":\"https:\/\/gerajeune.com\/wp-content\/uploads\/2024\/03\/IMG_1307.jpeg\",\"width\":1006,\"height\":654,\"caption\":\"mousse nettoyante florale douceur de neroli\"},{\"@type\":\"BreadcrumbList\",\"@id\":\"https:\/\/gerajeune.com\/produit\/mousse-nettoyante\/#breadcrumb\",\"itemListElement\":[{\"@type\":\"ListItem\",\"position\":1,\"name\":\"Accueil\",\"item\":\"https:\/\/gerajeune.com\/\"},{\"@type\":\"ListItem\",\"position\":2,\"name\":\"Produits\",\"item\":\"https:\/\/gerajeune.com\/__trashed-6\/\"},{\"@type\":\"ListItem\",\"position\":3,\"name\":\"MOUSSE NETTOYANTE-Florale- Douceur De Neroli\"}]},{\"@type\":\"WebSite\",\"@id\":\"https:\/\/gerajeune.com\/#website\",\"url\":\"https:\/\/gerajeune.com\/\",\"name\":\"gerajeune\",\"description\":\"Naturellement belle, visiblement jeune\",\"publisher\":{\"@id\":\"https:\/\/gerajeune.com\/#organization\"},\"potentialAction\":[{\"@type\":\"SearchAction\",\"target\":{\"@type\":\"EntryPoint\",\"urlTemplate\":\"https:\/\/gerajeune.com\/?s={search_term_string}\"},\"query-input\":{\"@type\":\"PropertyValueSpecification\",\"valueRequired\":true,\"valueName\":\"search_term_string\"}}],\"inLanguage\":\"en-US\"},{\"@type\":\"Organization\",\"@id\":\"https:\/\/gerajeune.com\/#organization\",\"name\":\"gerajeune\",\"url\":\"https:\/\/gerajeune.com\/\",\"logo\":{\"@type\":\"ImageObject\",\"inLanguage\":\"en-US\",\"@id\":\"https:\/\/gerajeune.com\/#\/schema\/logo\/image\/\",\"url\":\"http:\/\/gerajeune.com\/wp-content\/uploads\/2021\/12\/cropped-logo-modifier-1-e1645608409226.png\",\"contentUrl\":\"http:\/\/gerajeune.com\/wp-content\/uploads\/2021\/12\/cropped-logo-modifier-1-e1645608409226.png\",\"width\":250,\"height\":120,\"caption\":\"gerajeune\"},\"image\":{\"@id\":\"https:\/\/gerajeune.com\/#\/schema\/logo\/image\/\"},\"sameAs\":[\"https:\/\/www.facebook.com\/gerajeune\",\"https:\/\/www.instagram.com\/gerajeune\/reels\/?hl=fr\"]}]}<\/script>\n<!-- \/ Yoast SEO plugin. -->","yoast_head_json":{"title":"Mousse-Nettoyante-Florale - GERAJEUNE - Soins visage","description":"D\u00e9couvrez notre Mousse Nettoyante pour tout type de peau ,de composition naturelle ultra active la douceur de N\u00e9roli . Nettoie la peau d\u00e9licatement .","robots":{"index":"index","follow":"follow","max-snippet":"max-snippet:-1","max-image-preview":"max-image-preview:large","max-video-preview":"max-video-preview:-1"},"canonical":"https:\/\/gerajeune.com\/en\/product\/mousse-nettoyante\/","og_locale":"en_US","og_type":"article","og_title":"Mousse-Nettoyante-Florale - GERAJEUNE - Soins visage","og_description":"D\u00e9couvrez notre Mousse Nettoyante pour tout type de peau ,de composition naturelle ultra active la douceur de N\u00e9roli . Nettoie la peau d\u00e9licatement .","og_url":"https:\/\/gerajeune.com\/en\/product\/mousse-nettoyante\/","og_site_name":"gerajeune","article_publisher":"https:\/\/www.facebook.com\/gerajeune","article_modified_time":"2024-03-27T10:12:08+00:00","og_image":[{"width":1006,"height":654,"url":"https:\/\/gerajeune.com\/wp-content\/uploads\/2024\/03\/IMG_1307.jpeg","type":"image\/jpeg"}],"twitter_card":"summary_large_image","twitter_misc":{"Est. reading time":"1 minute"},"schema":{"@context":"https:\/\/schema.org","@graph":[{"@type":"WebPage","@id":"https:\/\/gerajeune.com\/produit\/mousse-nettoyante\/","url":"https:\/\/gerajeune.com\/produit\/mousse-nettoyante\/","name":"Mousse-Nettoyante-Florale - GERAJEUNE - Soins visage","isPartOf":{"@id":"https:\/\/gerajeune.com\/#website"},"primaryImageOfPage":{"@id":"https:\/\/gerajeune.com\/produit\/mousse-nettoyante\/#primaryimage"},"image":{"@id":"https:\/\/gerajeune.com\/produit\/mousse-nettoyante\/#primaryimage"},"thumbnailUrl":"https:\/\/gerajeune.com\/wp-content\/uploads\/2024\/03\/IMG_1307.jpeg","datePublished":"2022-03-14T14:54:01+00:00","dateModified":"2024-03-27T10:12:08+00:00","description":"D\u00e9couvrez notre Mousse Nettoyante pour tout type de peau ,de composition naturelle ultra active la douceur de N\u00e9roli . Nettoie la peau d\u00e9licatement .","breadcrumb":{"@id":"https:\/\/gerajeune.com\/produit\/mousse-nettoyante\/#breadcrumb"},"inLanguage":"en-US","potentialAction":[{"@type":"ReadAction","target":["https:\/\/gerajeune.com\/produit\/mousse-nettoyante\/"]}]},{"@type":"ImageObject","inLanguage":"en-US","@id":"https:\/\/gerajeune.com\/produit\/mousse-nettoyante\/#primaryimage","url":"https:\/\/gerajeune.com\/wp-content\/uploads\/2024\/03\/IMG_1307.jpeg","contentUrl":"https:\/\/gerajeune.com\/wp-content\/uploads\/2024\/03\/IMG_1307.jpeg","width":1006,"height":654,"caption":"mousse nettoyante florale douceur de neroli"},{"@type":"BreadcrumbList","@id":"https:\/\/gerajeune.com\/produit\/mousse-nettoyante\/#breadcrumb","itemListElement":[{"@type":"ListItem","position":1,"name":"Accueil","item":"https:\/\/gerajeune.com\/"},{"@type":"ListItem","position":2,"name":"Produits","item":"https:\/\/gerajeune.com\/__trashed-6\/"},{"@type":"ListItem","position":3,"name":"MOUSSE NETTOYANTE-Florale- Douceur De Neroli"}]},{"@type":"WebSite","@id":"https:\/\/gerajeune.com\/#website","url":"https:\/\/gerajeune.com\/","name":"gerajeune","description":"Naturally beautiful, visibly young","publisher":{"@id":"https:\/\/gerajeune.com\/#organization"},"potentialAction":[{"@type":"SearchAction","target":{"@type":"EntryPoint","urlTemplate":"https:\/\/gerajeune.com\/?s={search_term_string}"},"query-input":{"@type":"PropertyValueSpecification","valueRequired":true,"valueName":"search_term_string"}}],"inLanguage":"en-US"},{"@type":"Organization","@id":"https:\/\/gerajeune.com\/#organization","name":"gerajeune","url":"https:\/\/gerajeune.com\/","logo":{"@type":"ImageObject","inLanguage":"en-US","@id":"https:\/\/gerajeune.com\/#\/schema\/logo\/image\/","url":"http:\/\/gerajeune.com\/wp-content\/uploads\/2021\/12\/cropped-logo-modifier-1-e1645608409226.png","contentUrl":"http:\/\/gerajeune.com\/wp-content\/uploads\/2021\/12\/cropped-logo-modifier-1-e1645608409226.png","width":250,"height":120,"caption":"gerajeune"},"image":{"@id":"https:\/\/gerajeune.com\/#\/schema\/logo\/image\/"},"sameAs":["https:\/\/www.facebook.com\/gerajeune","https:\/\/www.instagram.com\/gerajeune\/reels\/?hl=fr"]}]}},"jetpack_sharing_enabled":true,"_links":{"self":[{"href":"https:\/\/gerajeune.com\/en\/wp-json\/wp\/v2\/product\/5251","targetHints":{"allow":["GET"]}}],"collection":[{"href":"https:\/\/gerajeune.com\/en\/wp-json\/wp\/v2\/product"}],"about":[{"href":"https:\/\/gerajeune.com\/en\/wp-json\/wp\/v2\/types\/product"}],"replies":[{"embeddable":true,"href":"https:\/\/gerajeune.com\/en\/wp-json\/wp\/v2\/comments?post=5251"}],"version-history":[{"count":14,"href":"https:\/\/gerajeune.com\/en\/wp-json\/wp\/v2\/product\/5251\/revisions"}],"predecessor-version":[{"id":6997,"href":"https:\/\/gerajeune.com\/en\/wp-json\/wp\/v2\/product\/5251\/revisions\/6997"}],"wp:featuredmedia":[{"embeddable":true,"href":"https:\/\/gerajeune.com\/en\/wp-json\/wp\/v2\/media\/6974"}],"wp:attachment":[{"href":"https:\/\/gerajeune.com\/en\/wp-json\/wp\/v2\/media?parent=5251"}],"wp:term":[{"taxonomy":"product_brand","embeddable":true,"href":"https:\/\/gerajeune.com\/en\/wp-json\/wp\/v2\/product_brand?post=5251"},{"taxonomy":"product_cat","embeddable":true,"href":"https:\/\/gerajeune.com\/en\/wp-json\/wp\/v2\/product_cat?post=5251"},{"taxonomy":"product_tag","embeddable":true,"href":"https:\/\/gerajeune.com\/en\/wp-json\/wp\/v2\/product_tag?post=5251"}],"curies":[{"name":"wp","href":"https:\/\/api.w.org\/{rel}","templated":true}]}}