{"id":6453,"date":"2024-02-12T10:03:56","date_gmt":"2024-02-12T09:03:56","guid":{"rendered":"http:\/\/gerajeune.com\/?post_type=product&#038;p=6453"},"modified":"2025-11-20T23:12:35","modified_gmt":"2025-11-20T22:12:35","slug":"deodorant-creme-naturelle-genereuse-50g-3","status":"publish","type":"product","link":"https:\/\/gerajeune.com\/en\/product\/deodorant-creme-naturelle-genereuse-50g-3\/","title":{"rendered":"Nuage D\u00e9odorant GERAJEUNE"},"content":{"rendered":"<blockquote><p>Nuage D\u00e9odorant GERAJEUNE<\/p><\/blockquote>\n<p><b>What is the healthiest deodorant?<\/b><\/p>\n<p>The best deodorant for health and the environment is preferably 100% NATURAL formula, hypoallergenic, 0% aluminum salts, 0% phthalates and 0% harmful chemical agents, to counter conventional deodorants <a href=\"https:\/\/fr.wikipedia.org\/wiki\/Canc%C3%A9rog%C3%A8ne\">carcinogens<\/a> which block the body&#039;s normal perspiration.<\/p>\n<p>Gerajeune deodorant cloud guarantees you a healthy, natural and non-carcinogenic deodorant.<\/p>\n<p><strong>What is the role of deodorant?\u00a0<\/strong><\/p>\n<p>Gerajeune Sweet Flower Deodorant Cloud helps fight bad odors. It reduces excessive perspiration. It also provides anti-hair regrowth, moisturizing and lightening action. Its formula is rich in natural aromatic active ingredients.<\/p>\n<p><b>How to use deodorant?<\/b><\/p>\n<p>A very generous silky texture, a very small amount of the cream is enough to protect a large area of your skin, guaranteeing a dry and comfortable touch. This economical 50g format of compact cream allows you to offer more product in less packaging.<\/p>\n<p><strong>Ingredients :<\/strong><\/p>\n<p>E Olea Europaea (Olive) Fruit Oil, Helianthus Annuus (Sunflower), Seed Oil, Aqua, Elaeis Guineensis (Palm), Butter Zea Mays (Conrn), Strach, Zinc Oxide, Sodium Bicarbonate, Glyceryl Stearate, Xanthan Gum, Vitamin E, Tocophero, Cetearyl alcohol, Melaleuca, Viridiflora Leaf Oil, Fragrance, Sodium benzoate, Cymbopogon, Martini Oil, Palmarosa Extract Caprylic\/capiric triglyceride, Polysorbate 20, nerol **, Vanillin **, Linalool **, Limonene **, Geraniol ** .<\/p>\n<p>*Ingredients from organic farming, naturally present in essential oils.<\/p>\n<p>test it again <a href=\"http:\/\/gerajeune.com\/en\/product\/deodorant-creme-naturelle-genereuse-50g-2\/\">deodorant\u00a0<\/a>wild scent<\/p>","protected":false},"excerpt":{"rendered":"<ul>\n<li>Natural deodorant without aluminum, tested and approved by dermatologists for its effectiveness and safety, well tolerated by sensitive skin.<\/li>\n<\/ul>\n<p>Best solution to end bad body odor: armpits, feet, any area that can cause an embarrassing odor.<\/p>","protected":false},"featured_media":0,"comment_status":"open","ping_status":"closed","template":"","meta":{"_monsterinsights_skip_tracking":false,"_monsterinsights_sitenote_active":false,"_monsterinsights_sitenote_note":"","_monsterinsights_sitenote_category":0,"ocean_post_layout":"","ocean_both_sidebars_style":"","ocean_both_sidebars_content_width":0,"ocean_both_sidebars_sidebars_width":0,"ocean_sidebar":"0","ocean_second_sidebar":"0","ocean_disable_margins":"enable","ocean_add_body_class":"","ocean_shortcode_before_top_bar":"","ocean_shortcode_after_top_bar":"","ocean_shortcode_before_header":"","ocean_shortcode_after_header":"","ocean_has_shortcode":"","ocean_shortcode_after_title":"","ocean_shortcode_before_footer_widgets":"","ocean_shortcode_after_footer_widgets":"","ocean_shortcode_before_footer_bottom":"","ocean_shortcode_after_footer_bottom":"","ocean_display_top_bar":"default","ocean_display_header":"default","ocean_header_style":"","ocean_center_header_left_menu":"0","ocean_custom_header_template":"0","ocean_custom_logo":0,"ocean_custom_retina_logo":0,"ocean_custom_logo_max_width":0,"ocean_custom_logo_tablet_max_width":0,"ocean_custom_logo_mobile_max_width":0,"ocean_custom_logo_max_height":0,"ocean_custom_logo_tablet_max_height":0,"ocean_custom_logo_mobile_max_height":0,"ocean_header_custom_menu":"0","ocean_menu_typo_font_family":"0","ocean_menu_typo_font_subset":"","ocean_menu_typo_font_size":0,"ocean_menu_typo_font_size_tablet":0,"ocean_menu_typo_font_size_mobile":0,"ocean_menu_typo_font_size_unit":"px","ocean_menu_typo_font_weight":"","ocean_menu_typo_font_weight_tablet":"","ocean_menu_typo_font_weight_mobile":"","ocean_menu_typo_transform":"","ocean_menu_typo_transform_tablet":"","ocean_menu_typo_transform_mobile":"","ocean_menu_typo_line_height":0,"ocean_menu_typo_line_height_tablet":0,"ocean_menu_typo_line_height_mobile":0,"ocean_menu_typo_line_height_unit":"","ocean_menu_typo_spacing":0,"ocean_menu_typo_spacing_tablet":0,"ocean_menu_typo_spacing_mobile":0,"ocean_menu_typo_spacing_unit":"","ocean_menu_link_color":"","ocean_menu_link_color_hover":"","ocean_menu_link_color_active":"","ocean_menu_link_background":"","ocean_menu_link_hover_background":"","ocean_menu_link_active_background":"","ocean_menu_social_links_bg":"","ocean_menu_social_hover_links_bg":"","ocean_menu_social_links_color":"","ocean_menu_social_hover_links_color":"","ocean_disable_title":"default","ocean_disable_heading":"default","ocean_post_title":"","ocean_post_subheading":"","ocean_post_title_style":"","ocean_post_title_background_color":"","ocean_post_title_background":0,"ocean_post_title_bg_image_position":"","ocean_post_title_bg_image_attachment":"","ocean_post_title_bg_image_repeat":"","ocean_post_title_bg_image_size":"","ocean_post_title_height":0,"ocean_post_title_bg_overlay":0.5,"ocean_post_title_bg_overlay_color":"","ocean_disable_breadcrumbs":"default","ocean_breadcrumbs_color":"","ocean_breadcrumbs_separator_color":"","ocean_breadcrumbs_links_color":"","ocean_breadcrumbs_links_hover_color":"","ocean_display_footer_widgets":"default","ocean_display_footer_bottom":"default","ocean_custom_footer_template":"0","omw_enable_modal_window":"enable"},"product_brand":[],"product_cat":[157],"product_tag":[],"class_list":{"0":"post-6453","1":"product","2":"type-product","3":"status-publish","5":"product_cat-soin-corps","7":"entry","9":"first","10":"instock","11":"taxable","12":"shipping-taxable","13":"purchasable","14":"product-type-simple","15":"has-rating","16":"col","17":"span_1_of_3","18":"owp-content-center","19":"owp-thumbs-layout-horizontal","20":"owp-btn-normal","21":"owp-tabs-layout-horizontal"},"yoast_head":"<!-- This site is optimized with the Yoast SEO plugin v27.0 - https:\/\/yoast.com\/product\/yoast-seo-wordpress\/ -->\n<title>Nuage D\u00e9odorant Fleur Sucr\u00e9e | Gerajeune<\/title>\n<meta name=\"description\" content=\"Nuage D\u00e9odorant Fleur Sucr\u00e9e de formule tunisienne de Cr\u00e8me Naturelle ,sans pierre d&#039;alun ,sans sels d\u2019aluminium et sans agents chimiques nocifs.\" \/>\n<meta name=\"robots\" content=\"index, follow, max-snippet:-1, max-image-preview:large, max-video-preview:-1\" \/>\n<link rel=\"canonical\" href=\"https:\/\/gerajeune.com\/en\/product\/deodorant-creme-naturelle-genereuse-50g-3\/\" \/>\n<meta property=\"og:locale\" content=\"en_US\" \/>\n<meta property=\"og:type\" content=\"article\" \/>\n<meta property=\"og:title\" content=\"Nuage D\u00e9odorant Fleur Sucr\u00e9e | Gerajeune\" \/>\n<meta property=\"og:description\" content=\"Nuage D\u00e9odorant Fleur Sucr\u00e9e de formule tunisienne de Cr\u00e8me Naturelle ,sans pierre d&#039;alun ,sans sels d\u2019aluminium et sans agents chimiques nocifs.\" \/>\n<meta property=\"og:url\" content=\"https:\/\/gerajeune.com\/en\/product\/deodorant-creme-naturelle-genereuse-50g-3\/\" \/>\n<meta property=\"og:site_name\" content=\"gerajeune\" \/>\n<meta property=\"article:publisher\" content=\"https:\/\/www.facebook.com\/gerajeune\" \/>\n<meta property=\"article:modified_time\" content=\"2025-11-20T22:12:35+00:00\" \/>\n<meta name=\"twitter:card\" content=\"summary_large_image\" \/>\n<meta name=\"twitter:label1\" content=\"Est. reading time\" \/>\n\t<meta name=\"twitter:data1\" content=\"1 minute\" \/>\n<script type=\"application\/ld+json\" class=\"yoast-schema-graph\">{\"@context\":\"https:\/\/schema.org\",\"@graph\":[{\"@type\":\"WebPage\",\"@id\":\"https:\/\/gerajeune.com\/produit\/deodorant-creme-naturelle-genereuse-50g-3\/\",\"url\":\"https:\/\/gerajeune.com\/produit\/deodorant-creme-naturelle-genereuse-50g-3\/\",\"name\":\"Nuage D\u00e9odorant Fleur Sucr\u00e9e | Gerajeune\",\"isPartOf\":{\"@id\":\"https:\/\/gerajeune.com\/#website\"},\"datePublished\":\"2024-02-12T09:03:56+00:00\",\"dateModified\":\"2025-11-20T22:12:35+00:00\",\"description\":\"Nuage D\u00e9odorant Fleur Sucr\u00e9e de formule tunisienne de Cr\u00e8me Naturelle ,sans pierre d'alun ,sans sels d\u2019aluminium et sans agents chimiques nocifs.\",\"breadcrumb\":{\"@id\":\"https:\/\/gerajeune.com\/produit\/deodorant-creme-naturelle-genereuse-50g-3\/#breadcrumb\"},\"inLanguage\":\"en-US\",\"potentialAction\":[{\"@type\":\"ReadAction\",\"target\":[\"https:\/\/gerajeune.com\/produit\/deodorant-creme-naturelle-genereuse-50g-3\/\"]}]},{\"@type\":\"BreadcrumbList\",\"@id\":\"https:\/\/gerajeune.com\/produit\/deodorant-creme-naturelle-genereuse-50g-3\/#breadcrumb\",\"itemListElement\":[{\"@type\":\"ListItem\",\"position\":1,\"name\":\"Accueil\",\"item\":\"https:\/\/gerajeune.com\/\"},{\"@type\":\"ListItem\",\"position\":2,\"name\":\"Produits\",\"item\":\"https:\/\/gerajeune.com\/__trashed-6\/\"},{\"@type\":\"ListItem\",\"position\":3,\"name\":\"Nuage D\u00e9odorant GERAJEUNE\"}]},{\"@type\":\"WebSite\",\"@id\":\"https:\/\/gerajeune.com\/#website\",\"url\":\"https:\/\/gerajeune.com\/\",\"name\":\"gerajeune\",\"description\":\"Naturellement belle, visiblement jeune\",\"publisher\":{\"@id\":\"https:\/\/gerajeune.com\/#organization\"},\"potentialAction\":[{\"@type\":\"SearchAction\",\"target\":{\"@type\":\"EntryPoint\",\"urlTemplate\":\"https:\/\/gerajeune.com\/?s={search_term_string}\"},\"query-input\":{\"@type\":\"PropertyValueSpecification\",\"valueRequired\":true,\"valueName\":\"search_term_string\"}}],\"inLanguage\":\"en-US\"},{\"@type\":\"Organization\",\"@id\":\"https:\/\/gerajeune.com\/#organization\",\"name\":\"gerajeune\",\"url\":\"https:\/\/gerajeune.com\/\",\"logo\":{\"@type\":\"ImageObject\",\"inLanguage\":\"en-US\",\"@id\":\"https:\/\/gerajeune.com\/#\/schema\/logo\/image\/\",\"url\":\"http:\/\/gerajeune.com\/wp-content\/uploads\/2021\/12\/cropped-logo-modifier-1-e1645608409226.png\",\"contentUrl\":\"http:\/\/gerajeune.com\/wp-content\/uploads\/2021\/12\/cropped-logo-modifier-1-e1645608409226.png\",\"width\":250,\"height\":120,\"caption\":\"gerajeune\"},\"image\":{\"@id\":\"https:\/\/gerajeune.com\/#\/schema\/logo\/image\/\"},\"sameAs\":[\"https:\/\/www.facebook.com\/gerajeune\",\"https:\/\/www.instagram.com\/gerajeune\/reels\/?hl=fr\"]}]}<\/script>\n<!-- \/ Yoast SEO plugin. -->","yoast_head_json":{"title":"Nuage D\u00e9odorant Fleur Sucr\u00e9e | Gerajeune","description":"Nuage D\u00e9odorant Fleur Sucr\u00e9e de formule tunisienne de Cr\u00e8me Naturelle ,sans pierre d'alun ,sans sels d\u2019aluminium et sans agents chimiques nocifs.","robots":{"index":"index","follow":"follow","max-snippet":"max-snippet:-1","max-image-preview":"max-image-preview:large","max-video-preview":"max-video-preview:-1"},"canonical":"https:\/\/gerajeune.com\/en\/product\/deodorant-creme-naturelle-genereuse-50g-3\/","og_locale":"en_US","og_type":"article","og_title":"Nuage D\u00e9odorant Fleur Sucr\u00e9e | Gerajeune","og_description":"Nuage D\u00e9odorant Fleur Sucr\u00e9e de formule tunisienne de Cr\u00e8me Naturelle ,sans pierre d'alun ,sans sels d\u2019aluminium et sans agents chimiques nocifs.","og_url":"https:\/\/gerajeune.com\/en\/product\/deodorant-creme-naturelle-genereuse-50g-3\/","og_site_name":"gerajeune","article_publisher":"https:\/\/www.facebook.com\/gerajeune","article_modified_time":"2025-11-20T22:12:35+00:00","twitter_card":"summary_large_image","twitter_misc":{"Est. reading time":"1 minute"},"schema":{"@context":"https:\/\/schema.org","@graph":[{"@type":"WebPage","@id":"https:\/\/gerajeune.com\/produit\/deodorant-creme-naturelle-genereuse-50g-3\/","url":"https:\/\/gerajeune.com\/produit\/deodorant-creme-naturelle-genereuse-50g-3\/","name":"Nuage D\u00e9odorant Fleur Sucr\u00e9e | Gerajeune","isPartOf":{"@id":"https:\/\/gerajeune.com\/#website"},"datePublished":"2024-02-12T09:03:56+00:00","dateModified":"2025-11-20T22:12:35+00:00","description":"Nuage D\u00e9odorant Fleur Sucr\u00e9e de formule tunisienne de Cr\u00e8me Naturelle ,sans pierre d'alun ,sans sels d\u2019aluminium et sans agents chimiques nocifs.","breadcrumb":{"@id":"https:\/\/gerajeune.com\/produit\/deodorant-creme-naturelle-genereuse-50g-3\/#breadcrumb"},"inLanguage":"en-US","potentialAction":[{"@type":"ReadAction","target":["https:\/\/gerajeune.com\/produit\/deodorant-creme-naturelle-genereuse-50g-3\/"]}]},{"@type":"BreadcrumbList","@id":"https:\/\/gerajeune.com\/produit\/deodorant-creme-naturelle-genereuse-50g-3\/#breadcrumb","itemListElement":[{"@type":"ListItem","position":1,"name":"Accueil","item":"https:\/\/gerajeune.com\/"},{"@type":"ListItem","position":2,"name":"Produits","item":"https:\/\/gerajeune.com\/__trashed-6\/"},{"@type":"ListItem","position":3,"name":"Nuage D\u00e9odorant GERAJEUNE"}]},{"@type":"WebSite","@id":"https:\/\/gerajeune.com\/#website","url":"https:\/\/gerajeune.com\/","name":"gerajeune","description":"Naturally beautiful, visibly young","publisher":{"@id":"https:\/\/gerajeune.com\/#organization"},"potentialAction":[{"@type":"SearchAction","target":{"@type":"EntryPoint","urlTemplate":"https:\/\/gerajeune.com\/?s={search_term_string}"},"query-input":{"@type":"PropertyValueSpecification","valueRequired":true,"valueName":"search_term_string"}}],"inLanguage":"en-US"},{"@type":"Organization","@id":"https:\/\/gerajeune.com\/#organization","name":"gerajeune","url":"https:\/\/gerajeune.com\/","logo":{"@type":"ImageObject","inLanguage":"en-US","@id":"https:\/\/gerajeune.com\/#\/schema\/logo\/image\/","url":"http:\/\/gerajeune.com\/wp-content\/uploads\/2021\/12\/cropped-logo-modifier-1-e1645608409226.png","contentUrl":"http:\/\/gerajeune.com\/wp-content\/uploads\/2021\/12\/cropped-logo-modifier-1-e1645608409226.png","width":250,"height":120,"caption":"gerajeune"},"image":{"@id":"https:\/\/gerajeune.com\/#\/schema\/logo\/image\/"},"sameAs":["https:\/\/www.facebook.com\/gerajeune","https:\/\/www.instagram.com\/gerajeune\/reels\/?hl=fr"]}]}},"jetpack_sharing_enabled":true,"_links":{"self":[{"href":"https:\/\/gerajeune.com\/en\/wp-json\/wp\/v2\/product\/6453","targetHints":{"allow":["GET"]}}],"collection":[{"href":"https:\/\/gerajeune.com\/en\/wp-json\/wp\/v2\/product"}],"about":[{"href":"https:\/\/gerajeune.com\/en\/wp-json\/wp\/v2\/types\/product"}],"replies":[{"embeddable":true,"href":"https:\/\/gerajeune.com\/en\/wp-json\/wp\/v2\/comments?post=6453"}],"version-history":[{"count":6,"href":"https:\/\/gerajeune.com\/en\/wp-json\/wp\/v2\/product\/6453\/revisions"}],"predecessor-version":[{"id":15055,"href":"https:\/\/gerajeune.com\/en\/wp-json\/wp\/v2\/product\/6453\/revisions\/15055"}],"wp:attachment":[{"href":"https:\/\/gerajeune.com\/en\/wp-json\/wp\/v2\/media?parent=6453"}],"wp:term":[{"taxonomy":"product_brand","embeddable":true,"href":"https:\/\/gerajeune.com\/en\/wp-json\/wp\/v2\/product_brand?post=6453"},{"taxonomy":"product_cat","embeddable":true,"href":"https:\/\/gerajeune.com\/en\/wp-json\/wp\/v2\/product_cat?post=6453"},{"taxonomy":"product_tag","embeddable":true,"href":"https:\/\/gerajeune.com\/en\/wp-json\/wp\/v2\/product_tag?post=6453"}],"curies":[{"name":"wp","href":"https:\/\/api.w.org\/{rel}","templated":true}]}}