{"id":6581,"date":"2024-02-23T13:44:04","date_gmt":"2024-02-23T12:44:04","guid":{"rendered":"http:\/\/gerajeune.com\/?post_type=product&#038;p=6581"},"modified":"2025-03-30T20:09:25","modified_gmt":"2025-03-30T19:09:25","slug":"hand-and-body-wash-bubbles","status":"publish","type":"product","link":"https:\/\/gerajeune.com\/en\/product\/hand-and-body-wash-bubbles\/","title":{"rendered":"Hand And Body Wash Bubbles"},"content":{"rendered":"<p>Hand-And-Body-Wash-Bubbles<\/p>\n<p><strong>What is a washing gel?<\/strong><\/p>\n<p>BUBLES cleansing gel is a foaming treatment used to gently remove impurities that cling to the skin.<a href=\"https:\/\/fr.wikipedia.org\/wiki\/Film_cutan%C3%A9\"> hydrolipidic film<\/a> for soothed and delicately perfumed hands and body. It transforms into a generous foam to effectively remove dirt.<\/p>\n<p><strong>What are the benefits of sweet almond oil?<\/strong><\/p>\n<p>It hydrates the skin and supports its natural repair process, but can also help reduce the signs of aging, improve skin tone, and make it soft and smooth to the touch. Gives skin a silky appearance. Has anti-inflammatory properties, which help treat many skin conditions such as eczema<\/p>\n<p><strong>How to apply Hand-And-Body-Wash-Bubbles cleansing gel?<\/strong><\/p>\n<p>Apply the\u00a0<b>cleansing gel<\/b> all over the body. Use circular movements to gently exfoliate. Rinse with lukewarm water and make sure you have purified your skin. Tighten your pores by rinsing again with cold water.<\/p>\n<p><strong>Benefits:\u00a0<\/strong><\/p>\n<ul>\n<li>Delicate cleaning.<\/li>\n<li>Soft and hydrated skin.<\/li>\n<li>Persistent fragrance<\/li>\n<\/ul>\n<p><strong>Other articles to discover:<\/strong><\/p>\n<ul>\n<li><a href=\"http:\/\/gerajeune.com\/en\/product\/hand-and-body-wash-honey-and-vanilla\/\">Hand And Body Wash Honey and Vanilla with Olive Oil<\/a><\/li>\n<li><a href=\"http:\/\/gerajeune.com\/en\/product\/hand-and-body-wash-fruity-mood\/\">Hand And Body Wash Fruity Mood with almond oil<\/a><\/li>\n<li><a href=\"http:\/\/gerajeune.com\/en\/product\/hand-and-body-wash-pure-musc\/\">Hand And Body Wash Pure Musk with Almond Oil<\/a><\/li>\n<li><a href=\"http:\/\/gerajeune.com\/en\/product\/hand-and-body-wash-jardin-secret\/\">Hand-And-Body-Wash-Garden -Secret<\/a><\/li>\n<\/ul>","protected":false},"excerpt":{"rendered":"<p>Hand-And-Body-Wash-Bubbles C&rsquo;est quoi un gel lavant? Le gel nettoyant BUBLES\u00a0 est un soin moussant utilis\u00e9 pour d\u00e9loger tout en douceur les impuret\u00e9s qui s&rsquo;accrochent au film hydrolipidique pour des mains et corps apais\u00e9s et d\u00e9licatement parfum\u00e9s .Il se transforme en mousse g\u00e9n\u00e9reuse pour \u00e9liminer efficacement la salet\u00e9. Quels sont les bienfaits de l&rsquo;huile d&rsquo;amande douce ? Elle hydrate la peau et soutient son processus naturel de r\u00e9paration, mais peut \u00e9galement contribuer \u00e0 att\u00e9nuer les signes de vieillissement, \u00e0 am\u00e9liorer le teint de la peau et \u00e0 la rendre douce et lisse au toucher. donne \u00e0 la peau un aspect soyeux. a des propri\u00e9t\u00e9s anti-inflammatoires, qui permettent de soigner de nombreux probl\u00e8mes de peau comme l&rsquo;ecz\u00e9ma Comment appliquer un gel nettoyant Hand-And-Body-Wash-Bubbles\u00a0? Appliquez le\u00a0gel nettoyant sur l&rsquo;ensemble du corps . Effectuez des mouvements circulaires pour r\u00e9aliser un petit gommage d\u00e9licat. Rincez \u00e0 l&rsquo;eau ti\u00e8de et assurez-vous d&rsquo;avoir bien purifi\u00e9 votre peau. Resserrez les pores de votre peau en faisant un second rin\u00e7age \u00e0 l&rsquo;eau froide. B\u00e9n\u00e9fices :\u00a0 Nettoyage d\u00e9licat. Peau douce et hydrat\u00e9e. Parfum persistant Autres articles a d\u00e9couvrir : Hand And Body Wash Honey and Vanilla \u00e0 L&rsquo;huile d&rsquo;olive Hand And Body Wash Fruity Mood \u00e0 l&rsquo;huile d&rsquo;amande Hand And Body Wash Pure Musc \u00e0 l&rsquo;huile d&rsquo;amande Hand-And-Body-Wash-Jardin -Secret<\/p>","protected":false},"featured_media":14220,"comment_status":"open","ping_status":"closed","template":"","meta":{"_monsterinsights_skip_tracking":false,"_monsterinsights_sitenote_active":false,"_monsterinsights_sitenote_note":"","_monsterinsights_sitenote_category":0,"ocean_post_layout":"","ocean_both_sidebars_style":"","ocean_both_sidebars_content_width":0,"ocean_both_sidebars_sidebars_width":0,"ocean_sidebar":"0","ocean_second_sidebar":"0","ocean_disable_margins":"enable","ocean_add_body_class":"","ocean_shortcode_before_top_bar":"","ocean_shortcode_after_top_bar":"","ocean_shortcode_before_header":"","ocean_shortcode_after_header":"","ocean_has_shortcode":"","ocean_shortcode_after_title":"","ocean_shortcode_before_footer_widgets":"","ocean_shortcode_after_footer_widgets":"","ocean_shortcode_before_footer_bottom":"","ocean_shortcode_after_footer_bottom":"","ocean_display_top_bar":"default","ocean_display_header":"default","ocean_header_style":"","ocean_center_header_left_menu":"0","ocean_custom_header_template":"0","ocean_custom_logo":0,"ocean_custom_retina_logo":0,"ocean_custom_logo_max_width":0,"ocean_custom_logo_tablet_max_width":0,"ocean_custom_logo_mobile_max_width":0,"ocean_custom_logo_max_height":0,"ocean_custom_logo_tablet_max_height":0,"ocean_custom_logo_mobile_max_height":0,"ocean_header_custom_menu":"0","ocean_menu_typo_font_family":"0","ocean_menu_typo_font_subset":"","ocean_menu_typo_font_size":0,"ocean_menu_typo_font_size_tablet":0,"ocean_menu_typo_font_size_mobile":0,"ocean_menu_typo_font_size_unit":"px","ocean_menu_typo_font_weight":"","ocean_menu_typo_font_weight_tablet":"","ocean_menu_typo_font_weight_mobile":"","ocean_menu_typo_transform":"","ocean_menu_typo_transform_tablet":"","ocean_menu_typo_transform_mobile":"","ocean_menu_typo_line_height":0,"ocean_menu_typo_line_height_tablet":0,"ocean_menu_typo_line_height_mobile":0,"ocean_menu_typo_line_height_unit":"","ocean_menu_typo_spacing":0,"ocean_menu_typo_spacing_tablet":0,"ocean_menu_typo_spacing_mobile":0,"ocean_menu_typo_spacing_unit":"","ocean_menu_link_color":"","ocean_menu_link_color_hover":"","ocean_menu_link_color_active":"","ocean_menu_link_background":"","ocean_menu_link_hover_background":"","ocean_menu_link_active_background":"","ocean_menu_social_links_bg":"","ocean_menu_social_hover_links_bg":"","ocean_menu_social_links_color":"","ocean_menu_social_hover_links_color":"","ocean_disable_title":"default","ocean_disable_heading":"default","ocean_post_title":"","ocean_post_subheading":"","ocean_post_title_style":"","ocean_post_title_background_color":"","ocean_post_title_background":0,"ocean_post_title_bg_image_position":"","ocean_post_title_bg_image_attachment":"","ocean_post_title_bg_image_repeat":"","ocean_post_title_bg_image_size":"","ocean_post_title_height":0,"ocean_post_title_bg_overlay":0.5,"ocean_post_title_bg_overlay_color":"","ocean_disable_breadcrumbs":"default","ocean_breadcrumbs_color":"","ocean_breadcrumbs_separator_color":"","ocean_breadcrumbs_links_color":"","ocean_breadcrumbs_links_hover_color":"","ocean_display_footer_widgets":"default","ocean_display_footer_bottom":"default","ocean_custom_footer_template":"0","omw_enable_modal_window":"enable"},"product_brand":[],"product_cat":[157],"product_tag":[],"class_list":{"0":"post-6581","1":"product","2":"type-product","3":"status-publish","4":"has-post-thumbnail","6":"product_cat-soin-corps","8":"entry","9":"has-media","11":"first","12":"instock","13":"taxable","14":"shipping-taxable","15":"purchasable","16":"product-type-simple","17":"has-rating","18":"col","19":"span_1_of_3","20":"owp-content-center","21":"owp-thumbs-layout-horizontal","22":"owp-btn-normal","23":"owp-tabs-layout-horizontal","24":"has-no-thumbnails"},"yoast_head":"<!-- This site is optimized with the Yoast SEO plugin v27.0 - https:\/\/yoast.com\/product\/yoast-seo-wordpress\/ -->\n<title>Hand And Body Wash Bubbles - gerajeune<\/title>\n<meta name=\"description\" content=\"Nettoyez et nourrissez votre peau en douceur avec notre gel lavant : HAND-AND-BODY-WASH-BUBBLES de formule NATURELLE \u00e0 l&#039;huile d&#039;amande douce.\" \/>\n<meta name=\"robots\" content=\"index, follow, max-snippet:-1, max-image-preview:large, max-video-preview:-1\" \/>\n<link rel=\"canonical\" href=\"https:\/\/gerajeune.com\/en\/product\/hand-and-body-wash-bubbles\/\" \/>\n<meta property=\"og:locale\" content=\"en_US\" \/>\n<meta property=\"og:type\" content=\"article\" \/>\n<meta property=\"og:title\" content=\"Hand And Body Wash Bubbles - gerajeune\" \/>\n<meta property=\"og:description\" content=\"Nettoyez et nourrissez votre peau en douceur avec notre gel lavant : HAND-AND-BODY-WASH-BUBBLES de formule NATURELLE \u00e0 l&#039;huile d&#039;amande douce.\" \/>\n<meta property=\"og:url\" content=\"https:\/\/gerajeune.com\/en\/product\/hand-and-body-wash-bubbles\/\" \/>\n<meta property=\"og:site_name\" content=\"gerajeune\" \/>\n<meta property=\"article:publisher\" content=\"https:\/\/www.facebook.com\/gerajeune\" \/>\n<meta property=\"article:modified_time\" content=\"2025-03-30T19:09:25+00:00\" \/>\n<meta property=\"og:image\" content=\"https:\/\/gerajeune.com\/wp-content\/uploads\/2024\/02\/Hand_And_Body_Wash_Bubbles_New.webp\" \/>\n\t<meta property=\"og:image:width\" content=\"1080\" \/>\n\t<meta property=\"og:image:height\" content=\"1080\" \/>\n\t<meta property=\"og:image:type\" content=\"image\/webp\" \/>\n<meta name=\"twitter:card\" content=\"summary_large_image\" \/>\n<meta name=\"twitter:label1\" content=\"Est. reading time\" \/>\n\t<meta name=\"twitter:data1\" content=\"1 minute\" \/>\n<script type=\"application\/ld+json\" class=\"yoast-schema-graph\">{\"@context\":\"https:\/\/schema.org\",\"@graph\":[{\"@type\":\"WebPage\",\"@id\":\"https:\/\/gerajeune.com\/produit\/hand-and-body-wash-bubbles\/\",\"url\":\"https:\/\/gerajeune.com\/produit\/hand-and-body-wash-bubbles\/\",\"name\":\"Hand And Body Wash Bubbles - gerajeune\",\"isPartOf\":{\"@id\":\"https:\/\/gerajeune.com\/#website\"},\"primaryImageOfPage\":{\"@id\":\"https:\/\/gerajeune.com\/produit\/hand-and-body-wash-bubbles\/#primaryimage\"},\"image\":{\"@id\":\"https:\/\/gerajeune.com\/produit\/hand-and-body-wash-bubbles\/#primaryimage\"},\"thumbnailUrl\":\"https:\/\/gerajeune.com\/wp-content\/uploads\/2024\/02\/Hand_And_Body_Wash_Bubbles_New.webp\",\"datePublished\":\"2024-02-23T12:44:04+00:00\",\"dateModified\":\"2025-03-30T19:09:25+00:00\",\"description\":\"Nettoyez et nourrissez votre peau en douceur avec notre gel lavant : HAND-AND-BODY-WASH-BUBBLES de formule NATURELLE \u00e0 l'huile d'amande douce.\",\"breadcrumb\":{\"@id\":\"https:\/\/gerajeune.com\/produit\/hand-and-body-wash-bubbles\/#breadcrumb\"},\"inLanguage\":\"en-US\",\"potentialAction\":[{\"@type\":\"ReadAction\",\"target\":[\"https:\/\/gerajeune.com\/produit\/hand-and-body-wash-bubbles\/\"]}]},{\"@type\":\"ImageObject\",\"inLanguage\":\"en-US\",\"@id\":\"https:\/\/gerajeune.com\/produit\/hand-and-body-wash-bubbles\/#primaryimage\",\"url\":\"https:\/\/gerajeune.com\/wp-content\/uploads\/2024\/02\/Hand_And_Body_Wash_Bubbles_New.webp\",\"contentUrl\":\"https:\/\/gerajeune.com\/wp-content\/uploads\/2024\/02\/Hand_And_Body_Wash_Bubbles_New.webp\",\"width\":1080,\"height\":1080},{\"@type\":\"BreadcrumbList\",\"@id\":\"https:\/\/gerajeune.com\/produit\/hand-and-body-wash-bubbles\/#breadcrumb\",\"itemListElement\":[{\"@type\":\"ListItem\",\"position\":1,\"name\":\"Accueil\",\"item\":\"https:\/\/gerajeune.com\/\"},{\"@type\":\"ListItem\",\"position\":2,\"name\":\"Produits\",\"item\":\"https:\/\/gerajeune.com\/__trashed-6\/\"},{\"@type\":\"ListItem\",\"position\":3,\"name\":\"Hand And Body Wash Bubbles\"}]},{\"@type\":\"WebSite\",\"@id\":\"https:\/\/gerajeune.com\/#website\",\"url\":\"https:\/\/gerajeune.com\/\",\"name\":\"gerajeune\",\"description\":\"Naturellement belle, visiblement jeune\",\"publisher\":{\"@id\":\"https:\/\/gerajeune.com\/#organization\"},\"potentialAction\":[{\"@type\":\"SearchAction\",\"target\":{\"@type\":\"EntryPoint\",\"urlTemplate\":\"https:\/\/gerajeune.com\/?s={search_term_string}\"},\"query-input\":{\"@type\":\"PropertyValueSpecification\",\"valueRequired\":true,\"valueName\":\"search_term_string\"}}],\"inLanguage\":\"en-US\"},{\"@type\":\"Organization\",\"@id\":\"https:\/\/gerajeune.com\/#organization\",\"name\":\"gerajeune\",\"url\":\"https:\/\/gerajeune.com\/\",\"logo\":{\"@type\":\"ImageObject\",\"inLanguage\":\"en-US\",\"@id\":\"https:\/\/gerajeune.com\/#\/schema\/logo\/image\/\",\"url\":\"http:\/\/gerajeune.com\/wp-content\/uploads\/2021\/12\/cropped-logo-modifier-1-e1645608409226.png\",\"contentUrl\":\"http:\/\/gerajeune.com\/wp-content\/uploads\/2021\/12\/cropped-logo-modifier-1-e1645608409226.png\",\"width\":250,\"height\":120,\"caption\":\"gerajeune\"},\"image\":{\"@id\":\"https:\/\/gerajeune.com\/#\/schema\/logo\/image\/\"},\"sameAs\":[\"https:\/\/www.facebook.com\/gerajeune\",\"https:\/\/www.instagram.com\/gerajeune\/reels\/?hl=fr\"]}]}<\/script>\n<!-- \/ Yoast SEO plugin. -->","yoast_head_json":{"title":"Hand And Body Wash Bubbles - gerajeune","description":"Nettoyez et nourrissez votre peau en douceur avec notre gel lavant : HAND-AND-BODY-WASH-BUBBLES de formule NATURELLE \u00e0 l'huile d'amande douce.","robots":{"index":"index","follow":"follow","max-snippet":"max-snippet:-1","max-image-preview":"max-image-preview:large","max-video-preview":"max-video-preview:-1"},"canonical":"https:\/\/gerajeune.com\/en\/product\/hand-and-body-wash-bubbles\/","og_locale":"en_US","og_type":"article","og_title":"Hand And Body Wash Bubbles - gerajeune","og_description":"Nettoyez et nourrissez votre peau en douceur avec notre gel lavant : HAND-AND-BODY-WASH-BUBBLES de formule NATURELLE \u00e0 l'huile d'amande douce.","og_url":"https:\/\/gerajeune.com\/en\/product\/hand-and-body-wash-bubbles\/","og_site_name":"gerajeune","article_publisher":"https:\/\/www.facebook.com\/gerajeune","article_modified_time":"2025-03-30T19:09:25+00:00","og_image":[{"width":1080,"height":1080,"url":"https:\/\/gerajeune.com\/wp-content\/uploads\/2024\/02\/Hand_And_Body_Wash_Bubbles_New.webp","type":"image\/webp"}],"twitter_card":"summary_large_image","twitter_misc":{"Est. reading time":"1 minute"},"schema":{"@context":"https:\/\/schema.org","@graph":[{"@type":"WebPage","@id":"https:\/\/gerajeune.com\/produit\/hand-and-body-wash-bubbles\/","url":"https:\/\/gerajeune.com\/produit\/hand-and-body-wash-bubbles\/","name":"Hand And Body Wash Bubbles - gerajeune","isPartOf":{"@id":"https:\/\/gerajeune.com\/#website"},"primaryImageOfPage":{"@id":"https:\/\/gerajeune.com\/produit\/hand-and-body-wash-bubbles\/#primaryimage"},"image":{"@id":"https:\/\/gerajeune.com\/produit\/hand-and-body-wash-bubbles\/#primaryimage"},"thumbnailUrl":"https:\/\/gerajeune.com\/wp-content\/uploads\/2024\/02\/Hand_And_Body_Wash_Bubbles_New.webp","datePublished":"2024-02-23T12:44:04+00:00","dateModified":"2025-03-30T19:09:25+00:00","description":"Nettoyez et nourrissez votre peau en douceur avec notre gel lavant : HAND-AND-BODY-WASH-BUBBLES de formule NATURELLE \u00e0 l'huile d'amande douce.","breadcrumb":{"@id":"https:\/\/gerajeune.com\/produit\/hand-and-body-wash-bubbles\/#breadcrumb"},"inLanguage":"en-US","potentialAction":[{"@type":"ReadAction","target":["https:\/\/gerajeune.com\/produit\/hand-and-body-wash-bubbles\/"]}]},{"@type":"ImageObject","inLanguage":"en-US","@id":"https:\/\/gerajeune.com\/produit\/hand-and-body-wash-bubbles\/#primaryimage","url":"https:\/\/gerajeune.com\/wp-content\/uploads\/2024\/02\/Hand_And_Body_Wash_Bubbles_New.webp","contentUrl":"https:\/\/gerajeune.com\/wp-content\/uploads\/2024\/02\/Hand_And_Body_Wash_Bubbles_New.webp","width":1080,"height":1080},{"@type":"BreadcrumbList","@id":"https:\/\/gerajeune.com\/produit\/hand-and-body-wash-bubbles\/#breadcrumb","itemListElement":[{"@type":"ListItem","position":1,"name":"Accueil","item":"https:\/\/gerajeune.com\/"},{"@type":"ListItem","position":2,"name":"Produits","item":"https:\/\/gerajeune.com\/__trashed-6\/"},{"@type":"ListItem","position":3,"name":"Hand And Body Wash Bubbles"}]},{"@type":"WebSite","@id":"https:\/\/gerajeune.com\/#website","url":"https:\/\/gerajeune.com\/","name":"gerajeune","description":"Naturally beautiful, visibly young","publisher":{"@id":"https:\/\/gerajeune.com\/#organization"},"potentialAction":[{"@type":"SearchAction","target":{"@type":"EntryPoint","urlTemplate":"https:\/\/gerajeune.com\/?s={search_term_string}"},"query-input":{"@type":"PropertyValueSpecification","valueRequired":true,"valueName":"search_term_string"}}],"inLanguage":"en-US"},{"@type":"Organization","@id":"https:\/\/gerajeune.com\/#organization","name":"gerajeune","url":"https:\/\/gerajeune.com\/","logo":{"@type":"ImageObject","inLanguage":"en-US","@id":"https:\/\/gerajeune.com\/#\/schema\/logo\/image\/","url":"http:\/\/gerajeune.com\/wp-content\/uploads\/2021\/12\/cropped-logo-modifier-1-e1645608409226.png","contentUrl":"http:\/\/gerajeune.com\/wp-content\/uploads\/2021\/12\/cropped-logo-modifier-1-e1645608409226.png","width":250,"height":120,"caption":"gerajeune"},"image":{"@id":"https:\/\/gerajeune.com\/#\/schema\/logo\/image\/"},"sameAs":["https:\/\/www.facebook.com\/gerajeune","https:\/\/www.instagram.com\/gerajeune\/reels\/?hl=fr"]}]}},"jetpack_sharing_enabled":true,"_links":{"self":[{"href":"https:\/\/gerajeune.com\/en\/wp-json\/wp\/v2\/product\/6581","targetHints":{"allow":["GET"]}}],"collection":[{"href":"https:\/\/gerajeune.com\/en\/wp-json\/wp\/v2\/product"}],"about":[{"href":"https:\/\/gerajeune.com\/en\/wp-json\/wp\/v2\/types\/product"}],"replies":[{"embeddable":true,"href":"https:\/\/gerajeune.com\/en\/wp-json\/wp\/v2\/comments?post=6581"}],"version-history":[{"count":5,"href":"https:\/\/gerajeune.com\/en\/wp-json\/wp\/v2\/product\/6581\/revisions"}],"predecessor-version":[{"id":12191,"href":"https:\/\/gerajeune.com\/en\/wp-json\/wp\/v2\/product\/6581\/revisions\/12191"}],"wp:featuredmedia":[{"embeddable":true,"href":"https:\/\/gerajeune.com\/en\/wp-json\/wp\/v2\/media\/14220"}],"wp:attachment":[{"href":"https:\/\/gerajeune.com\/en\/wp-json\/wp\/v2\/media?parent=6581"}],"wp:term":[{"taxonomy":"product_brand","embeddable":true,"href":"https:\/\/gerajeune.com\/en\/wp-json\/wp\/v2\/product_brand?post=6581"},{"taxonomy":"product_cat","embeddable":true,"href":"https:\/\/gerajeune.com\/en\/wp-json\/wp\/v2\/product_cat?post=6581"},{"taxonomy":"product_tag","embeddable":true,"href":"https:\/\/gerajeune.com\/en\/wp-json\/wp\/v2\/product_tag?post=6581"}],"curies":[{"name":"wp","href":"https:\/\/api.w.org\/{rel}","templated":true}]}}