{"id":6674,"date":"2024-02-26T15:38:04","date_gmt":"2024-02-26T14:38:04","guid":{"rendered":"http:\/\/gerajeune.com\/?post_type=product&#038;p=6674"},"modified":"2024-04-16T15:18:18","modified_gmt":"2024-04-16T14:18:18","slug":"huile-de-ricin-50ml","status":"publish","type":"product","link":"https:\/\/gerajeune.com\/en\/product\/huile-de-ricin-50ml\/","title":{"rendered":"castor oil"},"content":{"rendered":"<p>castor oil<\/p>\n<p><strong>What are the benefits of castor oil?<\/strong><\/p>\n<ul>\n<li>soothes delicate and discomfort-prone skin<\/li>\n<li>nourishes and soothes dry and sensitive skin (even prone to<a href=\"https:\/\/fr.wikipedia.org\/wiki\/Ecz%C3%A9ma_(syndrome)\"> eczema<\/a> !)<\/li>\n<li>softening and restorative action<\/li>\n<li>action against brown spots<\/li>\n<li>has an asset in purifying care<\/li>\n<li>prevents and delays the appearance of wrinkles.<\/li>\n<li>has restorative, anti-wrinkle and antibacterial properties<\/li>\n<li>acts as a lightening agent thanks to its moisturizing and nourishing properties<\/li>\n<li>Strengthens nails<\/li>\n<li>Make eyelashes long and thick<\/li>\n<li>Strengthens eyebrows.<\/li>\n<li>Nourishes dry and broken hair<\/li>\n<li>has relaxing properties<\/li>\n<\/ul>\n<p><strong>How to use it?<\/strong><\/p>\n<p>Used as an ingredient in skin care preparations.<\/p>\n<p>Apply castor oil in circular motions for 2 minutes to allow it to penetrate your skin well.<\/p>\n<p><strong>To discover\u00a0<\/strong><\/p>\n<ul>\n<li><a href=\"http:\/\/gerajeune.com\/en\/product\/huile-dail\/\">garlic oil\u00a0<\/a><\/li>\n<li><a href=\"http:\/\/gerajeune.com\/en\/product\/huile-vierge-de-sesame\/\">sesame oil\u00a0<\/a><\/li>\n<li><a href=\"http:\/\/gerajeune.com\/en\/product\/huile-vierge-de-jojoba-50ml\/\">jojoba oil<\/a><\/li>\n<li><a href=\"http:\/\/gerajeune.com\/en\/product\/huile-damande-douce-2\/\">sweet almond oil\u00a0<\/a><\/li>\n<li><a href=\"http:\/\/gerajeune.com\/en\/product\/huile-de-pepin-de-figue-de-barbarie-10ml\/\">prickly pear seed oil\u00a0<\/a><\/li>\n<li><a href=\"http:\/\/gerajeune.com\/en\/product\/huile-macerat-damla\/\">Amla macerated oil<\/a><\/li>\n<\/ul>\n<p>&nbsp;<\/p>\n<p>&nbsp;<\/p>","protected":false},"excerpt":{"rendered":"<p>huile de ricin Quels sont les bienfaits de l&rsquo;huile de ricin ? apaise les peaux d\u00e9licates et sujettes a inconfort nourrit et apaise les peaux s\u00e8ches et sensibles (m\u00eame sujettes \u00e0 l&rsquo;ecz\u00e9ma !) action adoucissante et r\u00e9paratrice action contre les taches brunes a un atout dans les soins purifiants pr\u00e9vient et retarde l&rsquo;apparition des rides. a des vertus r\u00e9paratrices, anti-rides et antibact\u00e9riennes agit comme un agent \u00e9claircissant gr\u00e2ce \u00e0 ses propri\u00e9t\u00e9s hydratantes et nourrissantes Renforce les ongles Rendre les cils longs et \u00e9pais Fortifie les sourcils. Nourrit les cheveux secs et cass\u00e9s a des propri\u00e9t\u00e9 relaxantes Comment l&rsquo;utiliser\u00a0 ? S&rsquo;utilise en tant qu&rsquo;ingr\u00e9dient dans les pr\u00e9parations de soins pour la peau. Appliquer l&rsquo;huile de ricin en mouvements circulaires pendant 2 minutes pour bien la faire p\u00e9n\u00e9trer dans votre peau. A d\u00e9couvrir\u00a0 huile d&rsquo;Ail\u00a0 huile de s\u00e9same\u00a0 huile de jojoba huile d&rsquo;amande douce\u00a0 huile de pepin de figue de barbarie\u00a0 huile mac\u00e9r\u00e2t d&rsquo;Amla &nbsp; &nbsp;<\/p>","protected":false},"featured_media":6677,"comment_status":"open","ping_status":"closed","template":"","meta":{"_monsterinsights_skip_tracking":false,"_monsterinsights_sitenote_active":false,"_monsterinsights_sitenote_note":"","_monsterinsights_sitenote_category":0,"ocean_post_layout":"","ocean_both_sidebars_style":"","ocean_both_sidebars_content_width":0,"ocean_both_sidebars_sidebars_width":0,"ocean_sidebar":"0","ocean_second_sidebar":"0","ocean_disable_margins":"enable","ocean_add_body_class":"","ocean_shortcode_before_top_bar":"","ocean_shortcode_after_top_bar":"","ocean_shortcode_before_header":"","ocean_shortcode_after_header":"","ocean_has_shortcode":"","ocean_shortcode_after_title":"","ocean_shortcode_before_footer_widgets":"","ocean_shortcode_after_footer_widgets":"","ocean_shortcode_before_footer_bottom":"","ocean_shortcode_after_footer_bottom":"","ocean_display_top_bar":"default","ocean_display_header":"default","ocean_header_style":"","ocean_center_header_left_menu":"0","ocean_custom_header_template":"0","ocean_custom_logo":0,"ocean_custom_retina_logo":0,"ocean_custom_logo_max_width":0,"ocean_custom_logo_tablet_max_width":0,"ocean_custom_logo_mobile_max_width":0,"ocean_custom_logo_max_height":0,"ocean_custom_logo_tablet_max_height":0,"ocean_custom_logo_mobile_max_height":0,"ocean_header_custom_menu":"0","ocean_menu_typo_font_family":"0","ocean_menu_typo_font_subset":"","ocean_menu_typo_font_size":0,"ocean_menu_typo_font_size_tablet":0,"ocean_menu_typo_font_size_mobile":0,"ocean_menu_typo_font_size_unit":"px","ocean_menu_typo_font_weight":"","ocean_menu_typo_font_weight_tablet":"","ocean_menu_typo_font_weight_mobile":"","ocean_menu_typo_transform":"","ocean_menu_typo_transform_tablet":"","ocean_menu_typo_transform_mobile":"","ocean_menu_typo_line_height":0,"ocean_menu_typo_line_height_tablet":0,"ocean_menu_typo_line_height_mobile":0,"ocean_menu_typo_line_height_unit":"","ocean_menu_typo_spacing":0,"ocean_menu_typo_spacing_tablet":0,"ocean_menu_typo_spacing_mobile":0,"ocean_menu_typo_spacing_unit":"","ocean_menu_link_color":"","ocean_menu_link_color_hover":"","ocean_menu_link_color_active":"","ocean_menu_link_background":"","ocean_menu_link_hover_background":"","ocean_menu_link_active_background":"","ocean_menu_social_links_bg":"","ocean_menu_social_hover_links_bg":"","ocean_menu_social_links_color":"","ocean_menu_social_hover_links_color":"","ocean_disable_title":"default","ocean_disable_heading":"default","ocean_post_title":"","ocean_post_subheading":"","ocean_post_title_style":"","ocean_post_title_background_color":"","ocean_post_title_background":0,"ocean_post_title_bg_image_position":"","ocean_post_title_bg_image_attachment":"","ocean_post_title_bg_image_repeat":"","ocean_post_title_bg_image_size":"","ocean_post_title_height":0,"ocean_post_title_bg_overlay":0.5,"ocean_post_title_bg_overlay_color":"","ocean_disable_breadcrumbs":"default","ocean_breadcrumbs_color":"","ocean_breadcrumbs_separator_color":"","ocean_breadcrumbs_links_color":"","ocean_breadcrumbs_links_hover_color":"","ocean_display_footer_widgets":"default","ocean_display_footer_bottom":"default","ocean_custom_footer_template":"0","omw_enable_modal_window":"enable"},"product_brand":[],"product_cat":[20],"product_tag":[],"class_list":{"0":"post-6674","1":"product","2":"type-product","3":"status-publish","4":"has-post-thumbnail","6":"product_cat-non-classe","8":"entry","9":"has-media","11":"first","12":"instock","13":"taxable","14":"shipping-taxable","15":"purchasable","16":"product-type-simple","17":"col","18":"span_1_of_3","19":"owp-content-center","20":"owp-thumbs-layout-horizontal","21":"owp-btn-normal","22":"owp-tabs-layout-horizontal","23":"has-no-thumbnails"},"yoast_head":"<!-- This site is optimized with the Yoast SEO plugin v27.0 - https:\/\/yoast.com\/product\/yoast-seo-wordpress\/ -->\n<title>huile de ricin - gerajeune<\/title>\n<meta name=\"description\" content=\"Huile BIO \u00e9claircissante et r\u00e9g\u00e9n\u00e9rante pour les peaux d\u00e9licates, Renforce les cheveux, les cils, les sourcils \u00b7 Renforce les ongles\" \/>\n<meta name=\"robots\" content=\"index, follow, max-snippet:-1, max-image-preview:large, max-video-preview:-1\" \/>\n<link rel=\"canonical\" href=\"https:\/\/gerajeune.com\/en\/product\/huile-de-ricin-50ml\/\" \/>\n<meta property=\"og:locale\" content=\"en_US\" \/>\n<meta property=\"og:type\" content=\"article\" \/>\n<meta property=\"og:title\" content=\"huile de ricin - gerajeune\" \/>\n<meta property=\"og:description\" content=\"Huile BIO \u00e9claircissante et r\u00e9g\u00e9n\u00e9rante pour les peaux d\u00e9licates, Renforce les cheveux, les cils, les sourcils \u00b7 Renforce les ongles\" \/>\n<meta property=\"og:url\" content=\"https:\/\/gerajeune.com\/en\/product\/huile-de-ricin-50ml\/\" \/>\n<meta property=\"og:site_name\" content=\"gerajeune\" \/>\n<meta property=\"article:publisher\" content=\"https:\/\/www.facebook.com\/gerajeune\" \/>\n<meta property=\"article:modified_time\" content=\"2024-04-16T14:18:18+00:00\" \/>\n<meta property=\"og:image\" content=\"https:\/\/gerajeune.com\/wp-content\/uploads\/2024\/02\/IMG_2711-scaled.jpeg\" \/>\n\t<meta property=\"og:image:width\" content=\"1920\" \/>\n\t<meta property=\"og:image:height\" content=\"2560\" \/>\n\t<meta property=\"og:image:type\" content=\"image\/jpeg\" \/>\n<meta name=\"twitter:card\" content=\"summary_large_image\" \/>\n<meta name=\"twitter:label1\" content=\"Est. reading time\" \/>\n\t<meta name=\"twitter:data1\" content=\"1 minute\" \/>\n<script type=\"application\/ld+json\" class=\"yoast-schema-graph\">{\"@context\":\"https:\/\/schema.org\",\"@graph\":[{\"@type\":\"WebPage\",\"@id\":\"https:\/\/gerajeune.com\/produit\/huile-de-ricin-50ml\/\",\"url\":\"https:\/\/gerajeune.com\/produit\/huile-de-ricin-50ml\/\",\"name\":\"huile de ricin - gerajeune\",\"isPartOf\":{\"@id\":\"https:\/\/gerajeune.com\/#website\"},\"primaryImageOfPage\":{\"@id\":\"https:\/\/gerajeune.com\/produit\/huile-de-ricin-50ml\/#primaryimage\"},\"image\":{\"@id\":\"https:\/\/gerajeune.com\/produit\/huile-de-ricin-50ml\/#primaryimage\"},\"thumbnailUrl\":\"https:\/\/gerajeune.com\/wp-content\/uploads\/2024\/02\/IMG_2711-scaled.jpeg\",\"datePublished\":\"2024-02-26T14:38:04+00:00\",\"dateModified\":\"2024-04-16T14:18:18+00:00\",\"description\":\"Huile BIO \u00e9claircissante et r\u00e9g\u00e9n\u00e9rante pour les peaux d\u00e9licates, Renforce les cheveux, les cils, les sourcils \u00b7 Renforce les ongles\",\"breadcrumb\":{\"@id\":\"https:\/\/gerajeune.com\/produit\/huile-de-ricin-50ml\/#breadcrumb\"},\"inLanguage\":\"en-US\",\"potentialAction\":[{\"@type\":\"ReadAction\",\"target\":[\"https:\/\/gerajeune.com\/produit\/huile-de-ricin-50ml\/\"]}]},{\"@type\":\"ImageObject\",\"inLanguage\":\"en-US\",\"@id\":\"https:\/\/gerajeune.com\/produit\/huile-de-ricin-50ml\/#primaryimage\",\"url\":\"https:\/\/gerajeune.com\/wp-content\/uploads\/2024\/02\/IMG_2711-scaled.jpeg\",\"contentUrl\":\"https:\/\/gerajeune.com\/wp-content\/uploads\/2024\/02\/IMG_2711-scaled.jpeg\",\"width\":1920,\"height\":2560,\"caption\":\"huile de ricin\"},{\"@type\":\"BreadcrumbList\",\"@id\":\"https:\/\/gerajeune.com\/produit\/huile-de-ricin-50ml\/#breadcrumb\",\"itemListElement\":[{\"@type\":\"ListItem\",\"position\":1,\"name\":\"Accueil\",\"item\":\"https:\/\/gerajeune.com\/\"},{\"@type\":\"ListItem\",\"position\":2,\"name\":\"Produits\",\"item\":\"https:\/\/gerajeune.com\/__trashed-6\/\"},{\"@type\":\"ListItem\",\"position\":3,\"name\":\"huile de ricin\"}]},{\"@type\":\"WebSite\",\"@id\":\"https:\/\/gerajeune.com\/#website\",\"url\":\"https:\/\/gerajeune.com\/\",\"name\":\"gerajeune\",\"description\":\"Naturellement belle, visiblement jeune\",\"publisher\":{\"@id\":\"https:\/\/gerajeune.com\/#organization\"},\"potentialAction\":[{\"@type\":\"SearchAction\",\"target\":{\"@type\":\"EntryPoint\",\"urlTemplate\":\"https:\/\/gerajeune.com\/?s={search_term_string}\"},\"query-input\":{\"@type\":\"PropertyValueSpecification\",\"valueRequired\":true,\"valueName\":\"search_term_string\"}}],\"inLanguage\":\"en-US\"},{\"@type\":\"Organization\",\"@id\":\"https:\/\/gerajeune.com\/#organization\",\"name\":\"gerajeune\",\"url\":\"https:\/\/gerajeune.com\/\",\"logo\":{\"@type\":\"ImageObject\",\"inLanguage\":\"en-US\",\"@id\":\"https:\/\/gerajeune.com\/#\/schema\/logo\/image\/\",\"url\":\"http:\/\/gerajeune.com\/wp-content\/uploads\/2021\/12\/cropped-logo-modifier-1-e1645608409226.png\",\"contentUrl\":\"http:\/\/gerajeune.com\/wp-content\/uploads\/2021\/12\/cropped-logo-modifier-1-e1645608409226.png\",\"width\":250,\"height\":120,\"caption\":\"gerajeune\"},\"image\":{\"@id\":\"https:\/\/gerajeune.com\/#\/schema\/logo\/image\/\"},\"sameAs\":[\"https:\/\/www.facebook.com\/gerajeune\",\"https:\/\/www.instagram.com\/gerajeune\/reels\/?hl=fr\"]}]}<\/script>\n<!-- \/ Yoast SEO plugin. -->","yoast_head_json":{"title":"huile de ricin - gerajeune","description":"Huile BIO \u00e9claircissante et r\u00e9g\u00e9n\u00e9rante pour les peaux d\u00e9licates, Renforce les cheveux, les cils, les sourcils \u00b7 Renforce les ongles","robots":{"index":"index","follow":"follow","max-snippet":"max-snippet:-1","max-image-preview":"max-image-preview:large","max-video-preview":"max-video-preview:-1"},"canonical":"https:\/\/gerajeune.com\/en\/product\/huile-de-ricin-50ml\/","og_locale":"en_US","og_type":"article","og_title":"huile de ricin - gerajeune","og_description":"Huile BIO \u00e9claircissante et r\u00e9g\u00e9n\u00e9rante pour les peaux d\u00e9licates, Renforce les cheveux, les cils, les sourcils \u00b7 Renforce les ongles","og_url":"https:\/\/gerajeune.com\/en\/product\/huile-de-ricin-50ml\/","og_site_name":"gerajeune","article_publisher":"https:\/\/www.facebook.com\/gerajeune","article_modified_time":"2024-04-16T14:18:18+00:00","og_image":[{"width":1920,"height":2560,"url":"https:\/\/gerajeune.com\/wp-content\/uploads\/2024\/02\/IMG_2711-scaled.jpeg","type":"image\/jpeg"}],"twitter_card":"summary_large_image","twitter_misc":{"Est. reading time":"1 minute"},"schema":{"@context":"https:\/\/schema.org","@graph":[{"@type":"WebPage","@id":"https:\/\/gerajeune.com\/produit\/huile-de-ricin-50ml\/","url":"https:\/\/gerajeune.com\/produit\/huile-de-ricin-50ml\/","name":"huile de ricin - gerajeune","isPartOf":{"@id":"https:\/\/gerajeune.com\/#website"},"primaryImageOfPage":{"@id":"https:\/\/gerajeune.com\/produit\/huile-de-ricin-50ml\/#primaryimage"},"image":{"@id":"https:\/\/gerajeune.com\/produit\/huile-de-ricin-50ml\/#primaryimage"},"thumbnailUrl":"https:\/\/gerajeune.com\/wp-content\/uploads\/2024\/02\/IMG_2711-scaled.jpeg","datePublished":"2024-02-26T14:38:04+00:00","dateModified":"2024-04-16T14:18:18+00:00","description":"Huile BIO \u00e9claircissante et r\u00e9g\u00e9n\u00e9rante pour les peaux d\u00e9licates, Renforce les cheveux, les cils, les sourcils \u00b7 Renforce les ongles","breadcrumb":{"@id":"https:\/\/gerajeune.com\/produit\/huile-de-ricin-50ml\/#breadcrumb"},"inLanguage":"en-US","potentialAction":[{"@type":"ReadAction","target":["https:\/\/gerajeune.com\/produit\/huile-de-ricin-50ml\/"]}]},{"@type":"ImageObject","inLanguage":"en-US","@id":"https:\/\/gerajeune.com\/produit\/huile-de-ricin-50ml\/#primaryimage","url":"https:\/\/gerajeune.com\/wp-content\/uploads\/2024\/02\/IMG_2711-scaled.jpeg","contentUrl":"https:\/\/gerajeune.com\/wp-content\/uploads\/2024\/02\/IMG_2711-scaled.jpeg","width":1920,"height":2560,"caption":"huile de ricin"},{"@type":"BreadcrumbList","@id":"https:\/\/gerajeune.com\/produit\/huile-de-ricin-50ml\/#breadcrumb","itemListElement":[{"@type":"ListItem","position":1,"name":"Accueil","item":"https:\/\/gerajeune.com\/"},{"@type":"ListItem","position":2,"name":"Produits","item":"https:\/\/gerajeune.com\/__trashed-6\/"},{"@type":"ListItem","position":3,"name":"huile de ricin"}]},{"@type":"WebSite","@id":"https:\/\/gerajeune.com\/#website","url":"https:\/\/gerajeune.com\/","name":"gerajeune","description":"Naturally beautiful, visibly young","publisher":{"@id":"https:\/\/gerajeune.com\/#organization"},"potentialAction":[{"@type":"SearchAction","target":{"@type":"EntryPoint","urlTemplate":"https:\/\/gerajeune.com\/?s={search_term_string}"},"query-input":{"@type":"PropertyValueSpecification","valueRequired":true,"valueName":"search_term_string"}}],"inLanguage":"en-US"},{"@type":"Organization","@id":"https:\/\/gerajeune.com\/#organization","name":"gerajeune","url":"https:\/\/gerajeune.com\/","logo":{"@type":"ImageObject","inLanguage":"en-US","@id":"https:\/\/gerajeune.com\/#\/schema\/logo\/image\/","url":"http:\/\/gerajeune.com\/wp-content\/uploads\/2021\/12\/cropped-logo-modifier-1-e1645608409226.png","contentUrl":"http:\/\/gerajeune.com\/wp-content\/uploads\/2021\/12\/cropped-logo-modifier-1-e1645608409226.png","width":250,"height":120,"caption":"gerajeune"},"image":{"@id":"https:\/\/gerajeune.com\/#\/schema\/logo\/image\/"},"sameAs":["https:\/\/www.facebook.com\/gerajeune","https:\/\/www.instagram.com\/gerajeune\/reels\/?hl=fr"]}]}},"jetpack_sharing_enabled":true,"_links":{"self":[{"href":"https:\/\/gerajeune.com\/en\/wp-json\/wp\/v2\/product\/6674","targetHints":{"allow":["GET"]}}],"collection":[{"href":"https:\/\/gerajeune.com\/en\/wp-json\/wp\/v2\/product"}],"about":[{"href":"https:\/\/gerajeune.com\/en\/wp-json\/wp\/v2\/types\/product"}],"replies":[{"embeddable":true,"href":"https:\/\/gerajeune.com\/en\/wp-json\/wp\/v2\/comments?post=6674"}],"version-history":[{"count":5,"href":"https:\/\/gerajeune.com\/en\/wp-json\/wp\/v2\/product\/6674\/revisions"}],"predecessor-version":[{"id":7079,"href":"https:\/\/gerajeune.com\/en\/wp-json\/wp\/v2\/product\/6674\/revisions\/7079"}],"wp:featuredmedia":[{"embeddable":true,"href":"https:\/\/gerajeune.com\/en\/wp-json\/wp\/v2\/media\/6677"}],"wp:attachment":[{"href":"https:\/\/gerajeune.com\/en\/wp-json\/wp\/v2\/media?parent=6674"}],"wp:term":[{"taxonomy":"product_brand","embeddable":true,"href":"https:\/\/gerajeune.com\/en\/wp-json\/wp\/v2\/product_brand?post=6674"},{"taxonomy":"product_cat","embeddable":true,"href":"https:\/\/gerajeune.com\/en\/wp-json\/wp\/v2\/product_cat?post=6674"},{"taxonomy":"product_tag","embeddable":true,"href":"https:\/\/gerajeune.com\/en\/wp-json\/wp\/v2\/product_tag?post=6674"}],"curies":[{"name":"wp","href":"https:\/\/api.w.org\/{rel}","templated":true}]}}