{"id":6709,"date":"2024-02-28T11:47:49","date_gmt":"2024-02-28T10:47:49","guid":{"rendered":"http:\/\/gerajeune.com\/?post_type=product&#038;p=6709"},"modified":"2024-06-24T12:37:58","modified_gmt":"2024-06-24T11:37:58","slug":"savon-noir-liquide","status":"publish","type":"product","link":"https:\/\/gerajeune.com\/en\/product\/savon-noir-liquide\/","title":{"rendered":"Liquid Black Soap"},"content":{"rendered":"<p>black soap<\/p>\n<p><strong>What are the benefits of<a href=\"https:\/\/fr.wikipedia.org\/wiki\/Savon#Types_de_savon_anciens_et_modernes\"> soap<\/a> black ?<\/strong><\/p>\n<ul>\n<li>usable by the whole family<\/li>\n<li>usable by all skin types<\/li>\n<li>exfoliating<\/li>\n<li>feeding<\/li>\n<li>reduces pores<\/li>\n<li>Perfect for acne-prone skin<\/li>\n<li>It can brighten your complexion and eliminate facial blemishes<\/li>\n<li>soothing and antiseptic properties<\/li>\n<li>helps treat skin problems such as eczema, spots, acne, oily skin and psoriasis<\/li>\n<li>gently exfoliates the skin<\/li>\n<li>\u00a0The skin can renew itself more easily<\/li>\n<\/ul>\n<p><strong>How to make a good scrub?<\/strong><\/p>\n<p>In the shower, apply the black soap to wet skin and vigorously scrub the entire body with your glove. Then, rinse with lukewarm water. To have beautiful skin all year round, it is advisable to exfoliate 1 to 2 times a week.<\/p>\n<p>you can use black soap in the hammam which envelops you in a soothing heat from which your pores open, This helps eliminate impurities from the epidermis, leaving room for a radiant complexion.<\/p>\n<p><strong>Use :<\/strong><\/p>\n<p>Apply a layer to the body for 15 min then gently exfoliate before removing with a damp sponge.<\/p>\n<p><strong>Ingredients<\/strong> :<\/p>\n<p>Eucalyptus, globulus leaf water, rosa damascena water, glycerin, olea europea, fruit oil, tocopherol, potassium hydroxide fragrance<\/p>\n<p>also discover:<\/p>\n<ul>\n<li>solid soap<a href=\"http:\/\/gerajeune.com\/en\/product\/cake-douceur-3\/\"> detox cake\u00a0<\/a><\/li>\n<\/ul>","protected":false},"excerpt":{"rendered":"<p>savon noir Quels sont les bienfaits du savon noir ? utilisable par toute la famille utilisable par tous types de peaux exfoliant nourrissant r\u00e9duit les pores Parfait pour les peaux acn\u00e9iques Il peut \u00e9clairer votre teint et \u00e9liminer les imperfections du visage propri\u00e9t\u00e9s apaisantes et antiseptiques aide \u00e0 traiter les probl\u00e8mes de la peau tels que l&rsquo;ecz\u00e9ma, les taches, l&rsquo;acn\u00e9, la peau grasse et le psoriasis permet d&rsquo;exfolier la peau tout en douceur \u00a0La peau peut\u00a0 se renouveler plus simplement Comment faire un bon gommage\u00a0 ? Sous la douche, appliquez le savon noir sur peau mouill\u00e9e et frottez vigoureusement tout le corps avec votre gant.\u00a0Ensuite, rincez \u00e0 l&rsquo;eau ti\u00e8de. Pour avoir une belle peau tout au long de l&rsquo;ann\u00e9e, il est conseill\u00e9 de r\u00e9aliser un gommage 1 \u00e0 2 fois par semaine. vous pouvez utiliser le savon noir au hammam qui vous enveloppe dans une chaleur apaisante d&rsquo;o\u00f9 vos pores s&rsquo;ouvrent , Cela permet d&rsquo;\u00e9liminer les impuret\u00e9s de l&rsquo;\u00e9piderme, laissant place \u00e0 un teint radieux. Utilisation : appliquer une couche sur le corps pendant 15 min puis exfolier d\u00e9licatement avant de retirer avec une \u00e9ponge mouill\u00e9e . Ingredients : Eucalyptus ,globulus leaf water , rosa damascena water , glycerin ,olea europea ,fruit oil ,tocopherol , potassium hydroxyde fragrance d\u00e9couvrez aussi : savon solide cake detox\u00a0<\/p>","protected":false},"featured_media":9438,"comment_status":"open","ping_status":"closed","template":"","meta":{"_monsterinsights_skip_tracking":false,"_monsterinsights_sitenote_active":false,"_monsterinsights_sitenote_note":"","_monsterinsights_sitenote_category":0,"ocean_post_layout":"","ocean_both_sidebars_style":"","ocean_both_sidebars_content_width":0,"ocean_both_sidebars_sidebars_width":0,"ocean_sidebar":"0","ocean_second_sidebar":"0","ocean_disable_margins":"enable","ocean_add_body_class":"","ocean_shortcode_before_top_bar":"","ocean_shortcode_after_top_bar":"","ocean_shortcode_before_header":"","ocean_shortcode_after_header":"","ocean_has_shortcode":"","ocean_shortcode_after_title":"","ocean_shortcode_before_footer_widgets":"","ocean_shortcode_after_footer_widgets":"","ocean_shortcode_before_footer_bottom":"","ocean_shortcode_after_footer_bottom":"","ocean_display_top_bar":"default","ocean_display_header":"default","ocean_header_style":"","ocean_center_header_left_menu":"0","ocean_custom_header_template":"0","ocean_custom_logo":0,"ocean_custom_retina_logo":0,"ocean_custom_logo_max_width":0,"ocean_custom_logo_tablet_max_width":0,"ocean_custom_logo_mobile_max_width":0,"ocean_custom_logo_max_height":0,"ocean_custom_logo_tablet_max_height":0,"ocean_custom_logo_mobile_max_height":0,"ocean_header_custom_menu":"0","ocean_menu_typo_font_family":"0","ocean_menu_typo_font_subset":"","ocean_menu_typo_font_size":0,"ocean_menu_typo_font_size_tablet":0,"ocean_menu_typo_font_size_mobile":0,"ocean_menu_typo_font_size_unit":"px","ocean_menu_typo_font_weight":"","ocean_menu_typo_font_weight_tablet":"","ocean_menu_typo_font_weight_mobile":"","ocean_menu_typo_transform":"","ocean_menu_typo_transform_tablet":"","ocean_menu_typo_transform_mobile":"","ocean_menu_typo_line_height":0,"ocean_menu_typo_line_height_tablet":0,"ocean_menu_typo_line_height_mobile":0,"ocean_menu_typo_line_height_unit":"","ocean_menu_typo_spacing":0,"ocean_menu_typo_spacing_tablet":0,"ocean_menu_typo_spacing_mobile":0,"ocean_menu_typo_spacing_unit":"","ocean_menu_link_color":"","ocean_menu_link_color_hover":"","ocean_menu_link_color_active":"","ocean_menu_link_background":"","ocean_menu_link_hover_background":"","ocean_menu_link_active_background":"","ocean_menu_social_links_bg":"","ocean_menu_social_hover_links_bg":"","ocean_menu_social_links_color":"","ocean_menu_social_hover_links_color":"","ocean_disable_title":"default","ocean_disable_heading":"default","ocean_post_title":"","ocean_post_subheading":"","ocean_post_title_style":"","ocean_post_title_background_color":"","ocean_post_title_background":0,"ocean_post_title_bg_image_position":"","ocean_post_title_bg_image_attachment":"","ocean_post_title_bg_image_repeat":"","ocean_post_title_bg_image_size":"","ocean_post_title_height":0,"ocean_post_title_bg_overlay":0.5,"ocean_post_title_bg_overlay_color":"","ocean_disable_breadcrumbs":"default","ocean_breadcrumbs_color":"","ocean_breadcrumbs_separator_color":"","ocean_breadcrumbs_links_color":"","ocean_breadcrumbs_links_hover_color":"","ocean_display_footer_widgets":"default","ocean_display_footer_bottom":"default","ocean_custom_footer_template":"0","omw_enable_modal_window":"enable"},"product_brand":[],"product_cat":[157,56],"product_tag":[],"class_list":{"0":"post-6709","1":"product","2":"type-product","3":"status-publish","4":"has-post-thumbnail","6":"product_cat-soin-corps","7":"product_cat-soin-visage","9":"entry","10":"has-media","12":"first","13":"instock","14":"sale","15":"taxable","16":"shipping-taxable","17":"purchasable","18":"product-type-simple","19":"col","20":"span_1_of_3","21":"owp-content-center","22":"owp-thumbs-layout-horizontal","23":"owp-btn-normal","24":"owp-tabs-layout-horizontal","25":"has-no-thumbnails"},"yoast_head":"<!-- This site is optimized with the Yoast SEO plugin v27.0 - https:\/\/yoast.com\/product\/yoast-seo-wordpress\/ -->\n<title>Savon Noir Liquide - gerajeune<\/title>\n<meta name=\"description\" content=\"100% NATUREL et BIODEGRADABLE ,le savon noir liquide \u00e0 l&#039;huile d&#039;olive convient \u00e0 tous types de peaux en l&#039;exfoliant en douceur et la nourrissant\" \/>\n<meta name=\"robots\" content=\"index, follow, max-snippet:-1, max-image-preview:large, max-video-preview:-1\" \/>\n<link rel=\"canonical\" href=\"https:\/\/gerajeune.com\/en\/product\/savon-noir-liquide\/\" \/>\n<meta property=\"og:locale\" content=\"en_US\" \/>\n<meta property=\"og:type\" content=\"article\" \/>\n<meta property=\"og:title\" content=\"Savon Noir Liquide - gerajeune\" \/>\n<meta property=\"og:description\" content=\"100% NATUREL et BIODEGRADABLE ,le savon noir liquide \u00e0 l&#039;huile d&#039;olive convient \u00e0 tous types de peaux en l&#039;exfoliant en douceur et la nourrissant\" \/>\n<meta property=\"og:url\" content=\"https:\/\/gerajeune.com\/en\/product\/savon-noir-liquide\/\" \/>\n<meta property=\"og:site_name\" content=\"gerajeune\" \/>\n<meta property=\"article:publisher\" content=\"https:\/\/www.facebook.com\/gerajeune\" \/>\n<meta property=\"article:modified_time\" content=\"2024-06-24T11:37:58+00:00\" \/>\n<meta property=\"og:image\" content=\"https:\/\/gerajeune.com\/wp-content\/uploads\/2024\/06\/50.png\" \/>\n\t<meta property=\"og:image:width\" content=\"1587\" \/>\n\t<meta property=\"og:image:height\" content=\"2245\" \/>\n\t<meta property=\"og:image:type\" content=\"image\/png\" \/>\n<meta name=\"twitter:card\" content=\"summary_large_image\" \/>\n<meta name=\"twitter:label1\" content=\"Est. reading time\" \/>\n\t<meta name=\"twitter:data1\" content=\"1 minute\" \/>\n<script type=\"application\/ld+json\" class=\"yoast-schema-graph\">{\"@context\":\"https:\/\/schema.org\",\"@graph\":[{\"@type\":\"WebPage\",\"@id\":\"https:\/\/gerajeune.com\/produit\/savon-noir-liquide\/\",\"url\":\"https:\/\/gerajeune.com\/produit\/savon-noir-liquide\/\",\"name\":\"Savon Noir Liquide - gerajeune\",\"isPartOf\":{\"@id\":\"https:\/\/gerajeune.com\/#website\"},\"primaryImageOfPage\":{\"@id\":\"https:\/\/gerajeune.com\/produit\/savon-noir-liquide\/#primaryimage\"},\"image\":{\"@id\":\"https:\/\/gerajeune.com\/produit\/savon-noir-liquide\/#primaryimage\"},\"thumbnailUrl\":\"https:\/\/gerajeune.com\/wp-content\/uploads\/2024\/06\/50.png\",\"datePublished\":\"2024-02-28T10:47:49+00:00\",\"dateModified\":\"2024-06-24T11:37:58+00:00\",\"description\":\"100% NATUREL et BIODEGRADABLE ,le savon noir liquide \u00e0 l'huile d'olive convient \u00e0 tous types de peaux en l'exfoliant en douceur et la nourrissant\",\"breadcrumb\":{\"@id\":\"https:\/\/gerajeune.com\/produit\/savon-noir-liquide\/#breadcrumb\"},\"inLanguage\":\"en-US\",\"potentialAction\":[{\"@type\":\"ReadAction\",\"target\":[\"https:\/\/gerajeune.com\/produit\/savon-noir-liquide\/\"]}]},{\"@type\":\"ImageObject\",\"inLanguage\":\"en-US\",\"@id\":\"https:\/\/gerajeune.com\/produit\/savon-noir-liquide\/#primaryimage\",\"url\":\"https:\/\/gerajeune.com\/wp-content\/uploads\/2024\/06\/50.png\",\"contentUrl\":\"https:\/\/gerajeune.com\/wp-content\/uploads\/2024\/06\/50.png\",\"width\":1587,\"height\":2245},{\"@type\":\"BreadcrumbList\",\"@id\":\"https:\/\/gerajeune.com\/produit\/savon-noir-liquide\/#breadcrumb\",\"itemListElement\":[{\"@type\":\"ListItem\",\"position\":1,\"name\":\"Accueil\",\"item\":\"https:\/\/gerajeune.com\/\"},{\"@type\":\"ListItem\",\"position\":2,\"name\":\"Produits\",\"item\":\"https:\/\/gerajeune.com\/__trashed-6\/\"},{\"@type\":\"ListItem\",\"position\":3,\"name\":\"Savon Noir Liquide\"}]},{\"@type\":\"WebSite\",\"@id\":\"https:\/\/gerajeune.com\/#website\",\"url\":\"https:\/\/gerajeune.com\/\",\"name\":\"gerajeune\",\"description\":\"Naturellement belle, visiblement jeune\",\"publisher\":{\"@id\":\"https:\/\/gerajeune.com\/#organization\"},\"potentialAction\":[{\"@type\":\"SearchAction\",\"target\":{\"@type\":\"EntryPoint\",\"urlTemplate\":\"https:\/\/gerajeune.com\/?s={search_term_string}\"},\"query-input\":{\"@type\":\"PropertyValueSpecification\",\"valueRequired\":true,\"valueName\":\"search_term_string\"}}],\"inLanguage\":\"en-US\"},{\"@type\":\"Organization\",\"@id\":\"https:\/\/gerajeune.com\/#organization\",\"name\":\"gerajeune\",\"url\":\"https:\/\/gerajeune.com\/\",\"logo\":{\"@type\":\"ImageObject\",\"inLanguage\":\"en-US\",\"@id\":\"https:\/\/gerajeune.com\/#\/schema\/logo\/image\/\",\"url\":\"http:\/\/gerajeune.com\/wp-content\/uploads\/2021\/12\/cropped-logo-modifier-1-e1645608409226.png\",\"contentUrl\":\"http:\/\/gerajeune.com\/wp-content\/uploads\/2021\/12\/cropped-logo-modifier-1-e1645608409226.png\",\"width\":250,\"height\":120,\"caption\":\"gerajeune\"},\"image\":{\"@id\":\"https:\/\/gerajeune.com\/#\/schema\/logo\/image\/\"},\"sameAs\":[\"https:\/\/www.facebook.com\/gerajeune\",\"https:\/\/www.instagram.com\/gerajeune\/reels\/?hl=fr\"]}]}<\/script>\n<!-- \/ Yoast SEO plugin. -->","yoast_head_json":{"title":"Savon Noir Liquide - gerajeune","description":"100% NATUREL et BIODEGRADABLE ,le savon noir liquide \u00e0 l'huile d'olive convient \u00e0 tous types de peaux en l'exfoliant en douceur et la nourrissant","robots":{"index":"index","follow":"follow","max-snippet":"max-snippet:-1","max-image-preview":"max-image-preview:large","max-video-preview":"max-video-preview:-1"},"canonical":"https:\/\/gerajeune.com\/en\/product\/savon-noir-liquide\/","og_locale":"en_US","og_type":"article","og_title":"Savon Noir Liquide - gerajeune","og_description":"100% NATUREL et BIODEGRADABLE ,le savon noir liquide \u00e0 l'huile d'olive convient \u00e0 tous types de peaux en l'exfoliant en douceur et la nourrissant","og_url":"https:\/\/gerajeune.com\/en\/product\/savon-noir-liquide\/","og_site_name":"gerajeune","article_publisher":"https:\/\/www.facebook.com\/gerajeune","article_modified_time":"2024-06-24T11:37:58+00:00","og_image":[{"width":1587,"height":2245,"url":"https:\/\/gerajeune.com\/wp-content\/uploads\/2024\/06\/50.png","type":"image\/png"}],"twitter_card":"summary_large_image","twitter_misc":{"Est. reading time":"1 minute"},"schema":{"@context":"https:\/\/schema.org","@graph":[{"@type":"WebPage","@id":"https:\/\/gerajeune.com\/produit\/savon-noir-liquide\/","url":"https:\/\/gerajeune.com\/produit\/savon-noir-liquide\/","name":"Savon Noir Liquide - gerajeune","isPartOf":{"@id":"https:\/\/gerajeune.com\/#website"},"primaryImageOfPage":{"@id":"https:\/\/gerajeune.com\/produit\/savon-noir-liquide\/#primaryimage"},"image":{"@id":"https:\/\/gerajeune.com\/produit\/savon-noir-liquide\/#primaryimage"},"thumbnailUrl":"https:\/\/gerajeune.com\/wp-content\/uploads\/2024\/06\/50.png","datePublished":"2024-02-28T10:47:49+00:00","dateModified":"2024-06-24T11:37:58+00:00","description":"100% NATUREL et BIODEGRADABLE ,le savon noir liquide \u00e0 l'huile d'olive convient \u00e0 tous types de peaux en l'exfoliant en douceur et la nourrissant","breadcrumb":{"@id":"https:\/\/gerajeune.com\/produit\/savon-noir-liquide\/#breadcrumb"},"inLanguage":"en-US","potentialAction":[{"@type":"ReadAction","target":["https:\/\/gerajeune.com\/produit\/savon-noir-liquide\/"]}]},{"@type":"ImageObject","inLanguage":"en-US","@id":"https:\/\/gerajeune.com\/produit\/savon-noir-liquide\/#primaryimage","url":"https:\/\/gerajeune.com\/wp-content\/uploads\/2024\/06\/50.png","contentUrl":"https:\/\/gerajeune.com\/wp-content\/uploads\/2024\/06\/50.png","width":1587,"height":2245},{"@type":"BreadcrumbList","@id":"https:\/\/gerajeune.com\/produit\/savon-noir-liquide\/#breadcrumb","itemListElement":[{"@type":"ListItem","position":1,"name":"Accueil","item":"https:\/\/gerajeune.com\/"},{"@type":"ListItem","position":2,"name":"Produits","item":"https:\/\/gerajeune.com\/__trashed-6\/"},{"@type":"ListItem","position":3,"name":"Savon Noir Liquide"}]},{"@type":"WebSite","@id":"https:\/\/gerajeune.com\/#website","url":"https:\/\/gerajeune.com\/","name":"gerajeune","description":"Naturally beautiful, visibly young","publisher":{"@id":"https:\/\/gerajeune.com\/#organization"},"potentialAction":[{"@type":"SearchAction","target":{"@type":"EntryPoint","urlTemplate":"https:\/\/gerajeune.com\/?s={search_term_string}"},"query-input":{"@type":"PropertyValueSpecification","valueRequired":true,"valueName":"search_term_string"}}],"inLanguage":"en-US"},{"@type":"Organization","@id":"https:\/\/gerajeune.com\/#organization","name":"gerajeune","url":"https:\/\/gerajeune.com\/","logo":{"@type":"ImageObject","inLanguage":"en-US","@id":"https:\/\/gerajeune.com\/#\/schema\/logo\/image\/","url":"http:\/\/gerajeune.com\/wp-content\/uploads\/2021\/12\/cropped-logo-modifier-1-e1645608409226.png","contentUrl":"http:\/\/gerajeune.com\/wp-content\/uploads\/2021\/12\/cropped-logo-modifier-1-e1645608409226.png","width":250,"height":120,"caption":"gerajeune"},"image":{"@id":"https:\/\/gerajeune.com\/#\/schema\/logo\/image\/"},"sameAs":["https:\/\/www.facebook.com\/gerajeune","https:\/\/www.instagram.com\/gerajeune\/reels\/?hl=fr"]}]}},"jetpack_sharing_enabled":true,"_links":{"self":[{"href":"https:\/\/gerajeune.com\/en\/wp-json\/wp\/v2\/product\/6709","targetHints":{"allow":["GET"]}}],"collection":[{"href":"https:\/\/gerajeune.com\/en\/wp-json\/wp\/v2\/product"}],"about":[{"href":"https:\/\/gerajeune.com\/en\/wp-json\/wp\/v2\/types\/product"}],"replies":[{"embeddable":true,"href":"https:\/\/gerajeune.com\/en\/wp-json\/wp\/v2\/comments?post=6709"}],"version-history":[{"count":4,"href":"https:\/\/gerajeune.com\/en\/wp-json\/wp\/v2\/product\/6709\/revisions"}],"predecessor-version":[{"id":7070,"href":"https:\/\/gerajeune.com\/en\/wp-json\/wp\/v2\/product\/6709\/revisions\/7070"}],"wp:featuredmedia":[{"embeddable":true,"href":"https:\/\/gerajeune.com\/en\/wp-json\/wp\/v2\/media\/9438"}],"wp:attachment":[{"href":"https:\/\/gerajeune.com\/en\/wp-json\/wp\/v2\/media?parent=6709"}],"wp:term":[{"taxonomy":"product_brand","embeddable":true,"href":"https:\/\/gerajeune.com\/en\/wp-json\/wp\/v2\/product_brand?post=6709"},{"taxonomy":"product_cat","embeddable":true,"href":"https:\/\/gerajeune.com\/en\/wp-json\/wp\/v2\/product_cat?post=6709"},{"taxonomy":"product_tag","embeddable":true,"href":"https:\/\/gerajeune.com\/en\/wp-json\/wp\/v2\/product_tag?post=6709"}],"curies":[{"name":"wp","href":"https:\/\/api.w.org\/{rel}","templated":true}]}}