{"id":6779,"date":"2024-04-23T12:23:41","date_gmt":"2024-04-23T11:23:41","guid":{"rendered":"http:\/\/gerajeune.com\/?post_type=product&#038;p=6779"},"modified":"2024-08-18T00:35:57","modified_gmt":"2024-08-17T23:35:57","slug":"savon-cake-douceur","status":"publish","type":"product","link":"https:\/\/gerajeune.com\/en\/product\/savon-cake-douceur\/","title":{"rendered":"Sweet Cake"},"content":{"rendered":"<p>soap<\/p>\n<p><b>What is the base of our sweet cake?<\/b><\/p>\n<ul>\n<li>virgin olive oil<\/li>\n<li>grape seed oil<\/li>\n<li>mastic oil<\/li>\n<li>coconut butter<\/li>\n<li>shea butter<\/li>\n<li>beeswax<\/li>\n<li>glycerin<\/li>\n<li>moringue<\/li>\n<li>cinnamon<\/li>\n<li>geranium<\/li>\n<li>mint<\/li>\n<li>Geranium hydrosol<\/li>\n<li>Marjoram hydrosol<\/li>\n<\/ul>\n<p><strong>What is natural soap?<\/strong><\/p>\n<p>It is obtained using a traditional process: <a href=\"https:\/\/fr.wikipedia.org\/wiki\/Saponification\">saponification<\/a> cold. The latter allows the properties of each ingredient that constitutes it to be preserved<\/p>\n<p><strong>Why use cake douceur?\u00a0<\/strong><\/p>\n<ul>\n<li>Avoid skin drying.<\/li>\n<li>cleanse, purify, hydrate and deeply protect your skin.<\/li>\n<li>Unlike traditional soap which eliminates the hydrolipidic film formed on the surface of the epidermis when rinsing, natural soap limits the loss of water present in the skin and protects it from external aggressions.<\/li>\n<li>You can wash your hands, face and body with just one product<\/li>\n<li>It weighs a few hundred grams, so it doesn&#039;t take up much space.<\/li>\n<\/ul>\n<p>Discover our the <a href=\"http:\/\/gerajeune.com\/en\/product\/cake-douceur-3\/\">detox cake<\/a><\/p>","protected":false},"excerpt":{"rendered":"<p>savon C&rsquo;est quoi la base de notre cake douceur\u00a0 ? huile d&rsquo;olive vierge huile de pepins de raisin huile de lentisque beurre de coco beurre de karit\u00e9 cire d&rsquo;abeille glyc\u00e9rine moringue cannelle g\u00e9ranium menthe hydrolat de g\u00e9ranium hydrolat de marjolaine C&rsquo;est quoi le savon naturel ? il est obtenu suivant un proc\u00e9d\u00e9 traditionnel : la saponification \u00e0 froid. Ce dernier permet de conserver les propri\u00e9t\u00e9s de chaque ingr\u00e9dient qui le\u00a0 constitue Pourquoi utiliser cake douceur\u00a0 ?\u00a0 Eviter le dess\u00e8chement cutan\u00e9e. nettoyer, purifier, hydrater et prot\u00e9ger en profondeur votre peau. contrairement au savon classique qui \u00e9liminent le film hydrolipidique form\u00e9 \u00e0 la surface de l&rsquo;\u00e9piderme au moment du rin\u00e7age\u00a0 , le savon naturel limite les pertes en eau pr\u00e9sente dans la peau et la prot\u00e9ger des agressions ext\u00e9rieures. Vous pouvez vous laver les mains, le visage et le corps avec un seul et m\u00eame produit il est\u00a0 quelques centaines de grammes donc peu encombrant. D\u00e9couvrez notre le cake detox<\/p>","protected":false},"featured_media":6396,"comment_status":"open","ping_status":"closed","template":"","meta":{"_monsterinsights_skip_tracking":false,"_monsterinsights_sitenote_active":false,"_monsterinsights_sitenote_note":"","_monsterinsights_sitenote_category":0,"ocean_post_layout":"","ocean_both_sidebars_style":"","ocean_both_sidebars_content_width":0,"ocean_both_sidebars_sidebars_width":0,"ocean_sidebar":"0","ocean_second_sidebar":"0","ocean_disable_margins":"enable","ocean_add_body_class":"","ocean_shortcode_before_top_bar":"","ocean_shortcode_after_top_bar":"","ocean_shortcode_before_header":"","ocean_shortcode_after_header":"","ocean_has_shortcode":"","ocean_shortcode_after_title":"","ocean_shortcode_before_footer_widgets":"","ocean_shortcode_after_footer_widgets":"","ocean_shortcode_before_footer_bottom":"","ocean_shortcode_after_footer_bottom":"","ocean_display_top_bar":"default","ocean_display_header":"default","ocean_header_style":"","ocean_center_header_left_menu":"0","ocean_custom_header_template":"0","ocean_custom_logo":0,"ocean_custom_retina_logo":0,"ocean_custom_logo_max_width":0,"ocean_custom_logo_tablet_max_width":0,"ocean_custom_logo_mobile_max_width":0,"ocean_custom_logo_max_height":0,"ocean_custom_logo_tablet_max_height":0,"ocean_custom_logo_mobile_max_height":0,"ocean_header_custom_menu":"0","ocean_menu_typo_font_family":"0","ocean_menu_typo_font_subset":"","ocean_menu_typo_font_size":0,"ocean_menu_typo_font_size_tablet":0,"ocean_menu_typo_font_size_mobile":0,"ocean_menu_typo_font_size_unit":"px","ocean_menu_typo_font_weight":"","ocean_menu_typo_font_weight_tablet":"","ocean_menu_typo_font_weight_mobile":"","ocean_menu_typo_transform":"","ocean_menu_typo_transform_tablet":"","ocean_menu_typo_transform_mobile":"","ocean_menu_typo_line_height":0,"ocean_menu_typo_line_height_tablet":0,"ocean_menu_typo_line_height_mobile":0,"ocean_menu_typo_line_height_unit":"","ocean_menu_typo_spacing":0,"ocean_menu_typo_spacing_tablet":0,"ocean_menu_typo_spacing_mobile":0,"ocean_menu_typo_spacing_unit":"","ocean_menu_link_color":"","ocean_menu_link_color_hover":"","ocean_menu_link_color_active":"","ocean_menu_link_background":"","ocean_menu_link_hover_background":"","ocean_menu_link_active_background":"","ocean_menu_social_links_bg":"","ocean_menu_social_hover_links_bg":"","ocean_menu_social_links_color":"","ocean_menu_social_hover_links_color":"","ocean_disable_title":"default","ocean_disable_heading":"default","ocean_post_title":"","ocean_post_subheading":"","ocean_post_title_style":"","ocean_post_title_background_color":"","ocean_post_title_background":0,"ocean_post_title_bg_image_position":"","ocean_post_title_bg_image_attachment":"","ocean_post_title_bg_image_repeat":"","ocean_post_title_bg_image_size":"","ocean_post_title_height":0,"ocean_post_title_bg_overlay":0.5,"ocean_post_title_bg_overlay_color":"","ocean_disable_breadcrumbs":"default","ocean_breadcrumbs_color":"","ocean_breadcrumbs_separator_color":"","ocean_breadcrumbs_links_color":"","ocean_breadcrumbs_links_hover_color":"","ocean_display_footer_widgets":"default","ocean_display_footer_bottom":"default","ocean_custom_footer_template":"0","omw_enable_modal_window":"enable"},"product_brand":[],"product_cat":[56],"product_tag":[],"class_list":{"0":"post-6779","1":"product","2":"type-product","3":"status-publish","4":"has-post-thumbnail","6":"product_cat-soin-visage","8":"entry","9":"has-media","11":"first","12":"instock","13":"taxable","14":"shipping-taxable","15":"purchasable","16":"product-type-simple","17":"col","18":"span_1_of_3","19":"owp-content-center","20":"owp-thumbs-layout-horizontal","21":"owp-btn-normal","22":"owp-tabs-layout-horizontal","23":"has-no-thumbnails"},"yoast_head":"<!-- This site is optimized with the Yoast SEO plugin v27.5 - https:\/\/yoast.com\/product\/yoast-seo-wordpress\/ -->\n<title>Cake Douceur - gerajeune<\/title>\n<meta name=\"description\" content=\"Le savon Cake Douceur , s&#039;adresse aux personnes souffrants de la cellulite a base de glyc\u00e9rine et l&#039;huile d&#039;olive vierge .\" \/>\n<meta name=\"robots\" content=\"index, follow, max-snippet:-1, max-image-preview:large, max-video-preview:-1\" \/>\n<link rel=\"canonical\" href=\"https:\/\/gerajeune.com\/en\/product\/savon-cake-douceur\/\" \/>\n<meta property=\"og:locale\" content=\"en_US\" \/>\n<meta property=\"og:type\" content=\"article\" \/>\n<meta property=\"og:title\" content=\"Cake Douceur - gerajeune\" \/>\n<meta property=\"og:description\" content=\"Le savon Cake Douceur , s&#039;adresse aux personnes souffrants de la cellulite a base de glyc\u00e9rine et l&#039;huile d&#039;olive vierge .\" \/>\n<meta property=\"og:url\" content=\"https:\/\/gerajeune.com\/en\/product\/savon-cake-douceur\/\" \/>\n<meta property=\"og:site_name\" content=\"gerajeune\" \/>\n<meta property=\"article:publisher\" content=\"https:\/\/www.facebook.com\/gerajeune\" \/>\n<meta property=\"article:modified_time\" content=\"2024-08-17T23:35:57+00:00\" \/>\n<meta property=\"og:image\" content=\"https:\/\/gerajeune.com\/wp-content\/uploads\/2022\/02\/cake-douceur.jpg\" \/>\n\t<meta property=\"og:image:width\" content=\"1080\" \/>\n\t<meta property=\"og:image:height\" content=\"1080\" \/>\n\t<meta property=\"og:image:type\" content=\"image\/jpeg\" \/>\n<meta name=\"twitter:card\" content=\"summary_large_image\" \/>\n<meta name=\"twitter:label1\" content=\"Est. reading time\" \/>\n\t<meta name=\"twitter:data1\" content=\"1 minute\" \/>\n<script type=\"application\/ld+json\" class=\"yoast-schema-graph\">{\"@context\":\"https:\\\/\\\/schema.org\",\"@graph\":[{\"@type\":\"WebPage\",\"@id\":\"https:\\\/\\\/gerajeune.com\\\/produit\\\/savon-cake-douceur\\\/\",\"url\":\"https:\\\/\\\/gerajeune.com\\\/produit\\\/savon-cake-douceur\\\/\",\"name\":\"Cake Douceur - gerajeune\",\"isPartOf\":{\"@id\":\"https:\\\/\\\/gerajeune.com\\\/#website\"},\"primaryImageOfPage\":{\"@id\":\"https:\\\/\\\/gerajeune.com\\\/produit\\\/savon-cake-douceur\\\/#primaryimage\"},\"image\":{\"@id\":\"https:\\\/\\\/gerajeune.com\\\/produit\\\/savon-cake-douceur\\\/#primaryimage\"},\"thumbnailUrl\":\"https:\\\/\\\/gerajeune.com\\\/wp-content\\\/uploads\\\/2022\\\/02\\\/cake-douceur.jpg\",\"datePublished\":\"2024-04-23T11:23:41+00:00\",\"dateModified\":\"2024-08-17T23:35:57+00:00\",\"description\":\"Le savon Cake Douceur , s'adresse aux personnes souffrants de la cellulite a base de glyc\u00e9rine et l'huile d'olive vierge .\",\"breadcrumb\":{\"@id\":\"https:\\\/\\\/gerajeune.com\\\/produit\\\/savon-cake-douceur\\\/#breadcrumb\"},\"inLanguage\":\"en-US\",\"potentialAction\":[{\"@type\":\"ReadAction\",\"target\":[\"https:\\\/\\\/gerajeune.com\\\/produit\\\/savon-cake-douceur\\\/\"]}]},{\"@type\":\"ImageObject\",\"inLanguage\":\"en-US\",\"@id\":\"https:\\\/\\\/gerajeune.com\\\/produit\\\/savon-cake-douceur\\\/#primaryimage\",\"url\":\"https:\\\/\\\/gerajeune.com\\\/wp-content\\\/uploads\\\/2022\\\/02\\\/cake-douceur.jpg\",\"contentUrl\":\"https:\\\/\\\/gerajeune.com\\\/wp-content\\\/uploads\\\/2022\\\/02\\\/cake-douceur.jpg\",\"width\":1080,\"height\":1080,\"caption\":\"savon\"},{\"@type\":\"BreadcrumbList\",\"@id\":\"https:\\\/\\\/gerajeune.com\\\/produit\\\/savon-cake-douceur\\\/#breadcrumb\",\"itemListElement\":[{\"@type\":\"ListItem\",\"position\":1,\"name\":\"Accueil\",\"item\":\"https:\\\/\\\/gerajeune.com\\\/\"},{\"@type\":\"ListItem\",\"position\":2,\"name\":\"Produits\",\"item\":\"https:\\\/\\\/gerajeune.com\\\/__trashed-6\\\/\"},{\"@type\":\"ListItem\",\"position\":3,\"name\":\"Cake Douceur\"}]},{\"@type\":\"WebSite\",\"@id\":\"https:\\\/\\\/gerajeune.com\\\/#website\",\"url\":\"https:\\\/\\\/gerajeune.com\\\/\",\"name\":\"gerajeune\",\"description\":\"Naturellement belle, visiblement jeune\",\"publisher\":{\"@id\":\"https:\\\/\\\/gerajeune.com\\\/#organization\"},\"potentialAction\":[{\"@type\":\"SearchAction\",\"target\":{\"@type\":\"EntryPoint\",\"urlTemplate\":\"https:\\\/\\\/gerajeune.com\\\/?s={search_term_string}\"},\"query-input\":{\"@type\":\"PropertyValueSpecification\",\"valueRequired\":true,\"valueName\":\"search_term_string\"}}],\"inLanguage\":\"en-US\"},{\"@type\":\"Organization\",\"@id\":\"https:\\\/\\\/gerajeune.com\\\/#organization\",\"name\":\"gerajeune\",\"url\":\"https:\\\/\\\/gerajeune.com\\\/\",\"logo\":{\"@type\":\"ImageObject\",\"inLanguage\":\"en-US\",\"@id\":\"https:\\\/\\\/gerajeune.com\\\/#\\\/schema\\\/logo\\\/image\\\/\",\"url\":\"http:\\\/\\\/gerajeune.com\\\/wp-content\\\/uploads\\\/2021\\\/12\\\/cropped-logo-modifier-1-e1645608409226.png\",\"contentUrl\":\"http:\\\/\\\/gerajeune.com\\\/wp-content\\\/uploads\\\/2021\\\/12\\\/cropped-logo-modifier-1-e1645608409226.png\",\"width\":250,\"height\":120,\"caption\":\"gerajeune\"},\"image\":{\"@id\":\"https:\\\/\\\/gerajeune.com\\\/#\\\/schema\\\/logo\\\/image\\\/\"},\"sameAs\":[\"https:\\\/\\\/www.facebook.com\\\/gerajeune\",\"https:\\\/\\\/www.instagram.com\\\/gerajeune\\\/reels\\\/?hl=fr\"]}]}<\/script>\n<!-- \/ Yoast SEO plugin. -->","yoast_head_json":{"title":"Cake Douceur - gerajeune","description":"Le savon Cake Douceur , s'adresse aux personnes souffrants de la cellulite a base de glyc\u00e9rine et l'huile d'olive vierge .","robots":{"index":"index","follow":"follow","max-snippet":"max-snippet:-1","max-image-preview":"max-image-preview:large","max-video-preview":"max-video-preview:-1"},"canonical":"https:\/\/gerajeune.com\/en\/product\/savon-cake-douceur\/","og_locale":"en_US","og_type":"article","og_title":"Cake Douceur - gerajeune","og_description":"Le savon Cake Douceur , s'adresse aux personnes souffrants de la cellulite a base de glyc\u00e9rine et l'huile d'olive vierge .","og_url":"https:\/\/gerajeune.com\/en\/product\/savon-cake-douceur\/","og_site_name":"gerajeune","article_publisher":"https:\/\/www.facebook.com\/gerajeune","article_modified_time":"2024-08-17T23:35:57+00:00","og_image":[{"width":1080,"height":1080,"url":"https:\/\/gerajeune.com\/wp-content\/uploads\/2022\/02\/cake-douceur.jpg","type":"image\/jpeg"}],"twitter_card":"summary_large_image","twitter_misc":{"Est. reading time":"1 minute"},"schema":{"@context":"https:\/\/schema.org","@graph":[{"@type":"WebPage","@id":"https:\/\/gerajeune.com\/produit\/savon-cake-douceur\/","url":"https:\/\/gerajeune.com\/produit\/savon-cake-douceur\/","name":"Cake Douceur - gerajeune","isPartOf":{"@id":"https:\/\/gerajeune.com\/#website"},"primaryImageOfPage":{"@id":"https:\/\/gerajeune.com\/produit\/savon-cake-douceur\/#primaryimage"},"image":{"@id":"https:\/\/gerajeune.com\/produit\/savon-cake-douceur\/#primaryimage"},"thumbnailUrl":"https:\/\/gerajeune.com\/wp-content\/uploads\/2022\/02\/cake-douceur.jpg","datePublished":"2024-04-23T11:23:41+00:00","dateModified":"2024-08-17T23:35:57+00:00","description":"Le savon Cake Douceur , s'adresse aux personnes souffrants de la cellulite a base de glyc\u00e9rine et l'huile d'olive vierge .","breadcrumb":{"@id":"https:\/\/gerajeune.com\/produit\/savon-cake-douceur\/#breadcrumb"},"inLanguage":"en-US","potentialAction":[{"@type":"ReadAction","target":["https:\/\/gerajeune.com\/produit\/savon-cake-douceur\/"]}]},{"@type":"ImageObject","inLanguage":"en-US","@id":"https:\/\/gerajeune.com\/produit\/savon-cake-douceur\/#primaryimage","url":"https:\/\/gerajeune.com\/wp-content\/uploads\/2022\/02\/cake-douceur.jpg","contentUrl":"https:\/\/gerajeune.com\/wp-content\/uploads\/2022\/02\/cake-douceur.jpg","width":1080,"height":1080,"caption":"savon"},{"@type":"BreadcrumbList","@id":"https:\/\/gerajeune.com\/produit\/savon-cake-douceur\/#breadcrumb","itemListElement":[{"@type":"ListItem","position":1,"name":"Accueil","item":"https:\/\/gerajeune.com\/"},{"@type":"ListItem","position":2,"name":"Produits","item":"https:\/\/gerajeune.com\/__trashed-6\/"},{"@type":"ListItem","position":3,"name":"Cake Douceur"}]},{"@type":"WebSite","@id":"https:\/\/gerajeune.com\/#website","url":"https:\/\/gerajeune.com\/","name":"gerajeune","description":"Naturally beautiful, visibly young","publisher":{"@id":"https:\/\/gerajeune.com\/#organization"},"potentialAction":[{"@type":"SearchAction","target":{"@type":"EntryPoint","urlTemplate":"https:\/\/gerajeune.com\/?s={search_term_string}"},"query-input":{"@type":"PropertyValueSpecification","valueRequired":true,"valueName":"search_term_string"}}],"inLanguage":"en-US"},{"@type":"Organization","@id":"https:\/\/gerajeune.com\/#organization","name":"gerajeune","url":"https:\/\/gerajeune.com\/","logo":{"@type":"ImageObject","inLanguage":"en-US","@id":"https:\/\/gerajeune.com\/#\/schema\/logo\/image\/","url":"http:\/\/gerajeune.com\/wp-content\/uploads\/2021\/12\/cropped-logo-modifier-1-e1645608409226.png","contentUrl":"http:\/\/gerajeune.com\/wp-content\/uploads\/2021\/12\/cropped-logo-modifier-1-e1645608409226.png","width":250,"height":120,"caption":"gerajeune"},"image":{"@id":"https:\/\/gerajeune.com\/#\/schema\/logo\/image\/"},"sameAs":["https:\/\/www.facebook.com\/gerajeune","https:\/\/www.instagram.com\/gerajeune\/reels\/?hl=fr"]}]}},"jetpack_sharing_enabled":true,"_links":{"self":[{"href":"https:\/\/gerajeune.com\/en\/wp-json\/wp\/v2\/product\/6779","targetHints":{"allow":["GET"]}}],"collection":[{"href":"https:\/\/gerajeune.com\/en\/wp-json\/wp\/v2\/product"}],"about":[{"href":"https:\/\/gerajeune.com\/en\/wp-json\/wp\/v2\/types\/product"}],"replies":[{"embeddable":true,"href":"https:\/\/gerajeune.com\/en\/wp-json\/wp\/v2\/comments?post=6779"}],"version-history":[{"count":3,"href":"https:\/\/gerajeune.com\/en\/wp-json\/wp\/v2\/product\/6779\/revisions"}],"predecessor-version":[{"id":12224,"href":"https:\/\/gerajeune.com\/en\/wp-json\/wp\/v2\/product\/6779\/revisions\/12224"}],"wp:featuredmedia":[{"embeddable":true,"href":"https:\/\/gerajeune.com\/en\/wp-json\/wp\/v2\/media\/6396"}],"wp:attachment":[{"href":"https:\/\/gerajeune.com\/en\/wp-json\/wp\/v2\/media?parent=6779"}],"wp:term":[{"taxonomy":"product_brand","embeddable":true,"href":"https:\/\/gerajeune.com\/en\/wp-json\/wp\/v2\/product_brand?post=6779"},{"taxonomy":"product_cat","embeddable":true,"href":"https:\/\/gerajeune.com\/en\/wp-json\/wp\/v2\/product_cat?post=6779"},{"taxonomy":"product_tag","embeddable":true,"href":"https:\/\/gerajeune.com\/en\/wp-json\/wp\/v2\/product_tag?post=6779"}],"curies":[{"name":"wp","href":"https:\/\/api.w.org\/{rel}","templated":true}]}}