{"id":6789,"date":"2024-02-29T14:26:07","date_gmt":"2024-02-29T13:26:07","guid":{"rendered":"http:\/\/gerajeune.com\/?post_type=product&#038;p=6789"},"modified":"2025-03-30T20:32:37","modified_gmt":"2025-03-30T19:32:37","slug":"coeur-fondant-positive-vibes","status":"publish","type":"product","link":"https:\/\/gerajeune.com\/en\/product\/coeur-fondant-positive-vibes\/","title":{"rendered":"Fondant Heart Positive Vibes"},"content":{"rendered":"<p>Melting heart diffuser<\/p>\n<h4><strong>What is the role of a broadcaster?<\/strong><\/h4>\n<p>A way to continuously diffuse fragrance into your environment. No wax smoke and no<br \/>\nneed to burn candles.<\/p>\n<p>effective against:<\/p>\n<ul>\n<li>THE\u00a0<strong>stress<\/strong> : is a natural adaptive reaction in response to an unusual situation perceived as threatening, putting the body in a flight or fight mode. It is often characterized by hypervigilance, increased heart rate, sweating, agitation, loss of energy or digestive disorders.<\/li>\n<li>L&#039;<strong>anxiety<\/strong>\u00a0is our ability to amplify or create stress ourselves in anticipation. It often results in a feeling of fear with agitation or on the contrary apathy, and sometimes physical signs (muscle tension, stomach aches). This emotion is normal but it should not take up too much space in everyday life<\/li>\n<\/ul>\n<h4><b>How does a melting heart diffuser work?<\/b><\/h4>\n<p>This diffusion set is associated with the essential oil blend of<br \/>\nsweet flower, which can delight your senses and create an invigorating and revitalizing aroma.<\/p>\n<p>Place the\u00a0<b>fondant<\/b>\u00a0on top of the burner and the tea light candle below. When lighting the candle, the heat produced will melt the\u00a0<b>fondant<\/b>\u00a0and will release its delicious fragrance into your home.<\/p>\n<h4><strong>Why use a melting diffuser?<\/strong><\/h4>\n<ul>\n<li>Unlike candles, scented wax melts do not have wicks, which allows the fragrance to be diffused more intensely.<\/li>\n<li>the fragrance is diffused optimally since it is not in direct contact with the flame<\/li>\n<li>tool to perfume your interior and create a pleasant atmosphere<\/li>\n<\/ul>\n<h4><strong>Aroma:<\/strong><\/h4>\n<p>Bergamot: strengthens the self-confidence of those who wear it, and gives self-confidence.<\/p>\n<p><a href=\"https:\/\/fr.wikipedia.org\/wiki\/Lavande\">lavender<\/a> : has calming and relaxing properties<\/p>\n<p>wild orange: improves the<em>mood<\/em>, gives cheerfulness and vitality<\/p>\n<h4><strong>Texture:<\/strong><\/h4>\n<p>light<\/p>\n<p>try again:<\/p>\n<ul>\n<li><a href=\"http:\/\/gerajeune.com\/en\/product\/coeur-fondant-be-courageous\/\">melting heart be courageous<\/a><\/li>\n<li><a href=\"http:\/\/gerajeune.com\/en\/product\/diffuseur-coeur-fondant\/\">melting heart breath easy\u00a0<\/a><\/li>\n<\/ul>","protected":false},"excerpt":{"rendered":"<p>Diffuseur coeur fondant Quel est le r\u00f4le d&rsquo;un diffuseur ? Moyen\u00a0 de diffusion\u00a0 du\u00a0 parfum en continu dans votre environnement. Pas de fum\u00e9e de cire et pas besoin de bruler des bougies. efficace\u00a0 contre : Le\u00a0stress : est une r\u00e9action naturelle\u00a0d\u2019adaptation en r\u00e9ponse \u00e0 une situation inhabituelle per\u00e7ue comme mena\u00e7ante, mettant le corps dans un mode de fuite ou de combat. Il se caract\u00e9rise souvent par une hypervigilance, une augmentation du rythme cardiaque, des su\u00e9es, une agitation, une perte de moyens ou encore des troubles digestifs. L\u2019anxi\u00e9t\u00e9\u00a0est quant \u00e0 elle notre capacit\u00e9 \u00e0\u00a0amplifier ou cr\u00e9er soi-m\u00eame du stress\u00a0par anticipation. Elle se traduit souvent par une sensation de peur avec de l&rsquo;agitation ou au contraire de l&rsquo;apathie, et parfois des signes physiques (tensions musculaires, maux de ventre). Cette \u00e9motion est normale mais elle ne doit pas prend trop de place dans le quotidien Comment \u00e7a marche un diffuseur c\u0153ur fondant\u00a0 ? Cet ensemble de diffusion est associ\u00e9 au m\u00e9lange d&rsquo;huile essentielle de fleur douce, qui peut ravir vos sens et cr\u00e9er un arome tonifiant et revitalisant . Placez le\u00a0fondant\u00a0sur le dessus du br\u00fble-parfum et la bougie chauffe-plat en dessous. En allumant la bougie, la chaleur produite fera fondre le\u00a0fondant\u00a0et lib\u00e9rera son parfum d\u00e9licieux dans votre maison. Pourquoi utiliser un diffuseur fondant ? Contrairement aux bougies,\u00a0les fondants parfum\u00e9s n&rsquo;ont pas de m\u00e8ches ce qui permet de diffuser le parfum plus intens\u00e9ment le parfum est\u00a0 diffus\u00e9 de mani\u00e8re optimale puisqu&rsquo;il n&rsquo;est pas \u00a0en contact direct avec la flemme outil pour parfumer votre int\u00e9rieur et cr\u00e9er une ambiance agr\u00e9able Arome : Bergamote : renforce l&rsquo;assurance des personnes qui la porte, et donne la confiance en soi. lavande : a des propri\u00e9t\u00e9s apaisantes et relaxantes wild orange: am\u00e9liore l&rsquo;humeur, donne de la gaiet\u00e9, et de la vitalit\u00e9 Texture: l\u00e9g\u00e8re essayez encore : c\u0153ur fondant be corageous c\u0153ur fondant breath easy\u00a0<\/p>","protected":false},"featured_media":14234,"comment_status":"open","ping_status":"closed","template":"","meta":{"_monsterinsights_skip_tracking":false,"_monsterinsights_sitenote_active":false,"_monsterinsights_sitenote_note":"","_monsterinsights_sitenote_category":0,"ocean_post_layout":"","ocean_both_sidebars_style":"","ocean_both_sidebars_content_width":0,"ocean_both_sidebars_sidebars_width":0,"ocean_sidebar":"0","ocean_second_sidebar":"0","ocean_disable_margins":"enable","ocean_add_body_class":"","ocean_shortcode_before_top_bar":"","ocean_shortcode_after_top_bar":"","ocean_shortcode_before_header":"","ocean_shortcode_after_header":"","ocean_has_shortcode":"","ocean_shortcode_after_title":"","ocean_shortcode_before_footer_widgets":"","ocean_shortcode_after_footer_widgets":"","ocean_shortcode_before_footer_bottom":"","ocean_shortcode_after_footer_bottom":"","ocean_display_top_bar":"default","ocean_display_header":"default","ocean_header_style":"","ocean_center_header_left_menu":"0","ocean_custom_header_template":"0","ocean_custom_logo":0,"ocean_custom_retina_logo":0,"ocean_custom_logo_max_width":0,"ocean_custom_logo_tablet_max_width":0,"ocean_custom_logo_mobile_max_width":0,"ocean_custom_logo_max_height":0,"ocean_custom_logo_tablet_max_height":0,"ocean_custom_logo_mobile_max_height":0,"ocean_header_custom_menu":"0","ocean_menu_typo_font_family":"0","ocean_menu_typo_font_subset":"","ocean_menu_typo_font_size":0,"ocean_menu_typo_font_size_tablet":0,"ocean_menu_typo_font_size_mobile":0,"ocean_menu_typo_font_size_unit":"px","ocean_menu_typo_font_weight":"","ocean_menu_typo_font_weight_tablet":"","ocean_menu_typo_font_weight_mobile":"","ocean_menu_typo_transform":"","ocean_menu_typo_transform_tablet":"","ocean_menu_typo_transform_mobile":"","ocean_menu_typo_line_height":0,"ocean_menu_typo_line_height_tablet":0,"ocean_menu_typo_line_height_mobile":0,"ocean_menu_typo_line_height_unit":"","ocean_menu_typo_spacing":0,"ocean_menu_typo_spacing_tablet":0,"ocean_menu_typo_spacing_mobile":0,"ocean_menu_typo_spacing_unit":"","ocean_menu_link_color":"","ocean_menu_link_color_hover":"","ocean_menu_link_color_active":"","ocean_menu_link_background":"","ocean_menu_link_hover_background":"","ocean_menu_link_active_background":"","ocean_menu_social_links_bg":"","ocean_menu_social_hover_links_bg":"","ocean_menu_social_links_color":"","ocean_menu_social_hover_links_color":"","ocean_disable_title":"default","ocean_disable_heading":"default","ocean_post_title":"","ocean_post_subheading":"","ocean_post_title_style":"","ocean_post_title_background_color":"","ocean_post_title_background":0,"ocean_post_title_bg_image_position":"","ocean_post_title_bg_image_attachment":"","ocean_post_title_bg_image_repeat":"","ocean_post_title_bg_image_size":"","ocean_post_title_height":0,"ocean_post_title_bg_overlay":0.5,"ocean_post_title_bg_overlay_color":"","ocean_disable_breadcrumbs":"default","ocean_breadcrumbs_color":"","ocean_breadcrumbs_separator_color":"","ocean_breadcrumbs_links_color":"","ocean_breadcrumbs_links_hover_color":"","ocean_display_footer_widgets":"default","ocean_display_footer_bottom":"default","ocean_custom_footer_template":"0","omw_enable_modal_window":"enable"},"product_brand":[],"product_cat":[159],"product_tag":[],"class_list":{"0":"post-6789","1":"product","2":"type-product","3":"status-publish","4":"has-post-thumbnail","6":"product_cat-bien-etre","8":"entry","9":"has-media","11":"first","12":"instock","13":"taxable","14":"shipping-taxable","15":"purchasable","16":"product-type-simple","17":"col","18":"span_1_of_3","19":"owp-content-center","20":"owp-thumbs-layout-horizontal","21":"owp-btn-normal","22":"owp-tabs-layout-horizontal","23":"has-no-thumbnails"},"yoast_head":"<!-- This site is optimized with the Yoast SEO plugin v27.4 - https:\/\/yoast.com\/product\/yoast-seo-wordpress\/ -->\n<title>C\u0153ur Fondant Positive Vibes - gerajeune<\/title>\n<meta name=\"description\" content=\"Profitez d&#039;un voyage olfactif et de la Bonne humeur avec le diffuseur c\u0153ur fondant positif vibes aux huiles prodigieuses naturelles .\" \/>\n<meta name=\"robots\" content=\"index, follow, max-snippet:-1, max-image-preview:large, max-video-preview:-1\" \/>\n<link rel=\"canonical\" href=\"https:\/\/gerajeune.com\/en\/product\/coeur-fondant-positive-vibes\/\" \/>\n<meta property=\"og:locale\" content=\"en_US\" \/>\n<meta property=\"og:type\" content=\"article\" \/>\n<meta property=\"og:title\" content=\"C\u0153ur Fondant Positive Vibes - gerajeune\" \/>\n<meta property=\"og:description\" content=\"Profitez d&#039;un voyage olfactif et de la Bonne humeur avec le diffuseur c\u0153ur fondant positif vibes aux huiles prodigieuses naturelles .\" \/>\n<meta property=\"og:url\" content=\"https:\/\/gerajeune.com\/en\/product\/coeur-fondant-positive-vibes\/\" \/>\n<meta property=\"og:site_name\" content=\"gerajeune\" \/>\n<meta property=\"article:publisher\" content=\"https:\/\/www.facebook.com\/gerajeune\" \/>\n<meta property=\"article:modified_time\" content=\"2025-03-30T19:32:37+00:00\" \/>\n<meta property=\"og:image\" content=\"https:\/\/gerajeune.com\/wp-content\/uploads\/2024\/02\/Coeur_Fondant_Positive_Vibes_New.webp\" \/>\n\t<meta property=\"og:image:width\" content=\"1080\" \/>\n\t<meta property=\"og:image:height\" content=\"1080\" \/>\n\t<meta property=\"og:image:type\" content=\"image\/webp\" \/>\n<meta name=\"twitter:card\" content=\"summary_large_image\" \/>\n<meta name=\"twitter:label1\" content=\"Est. reading time\" \/>\n\t<meta name=\"twitter:data1\" content=\"2 minutes\" \/>\n<script type=\"application\/ld+json\" class=\"yoast-schema-graph\">{\"@context\":\"https:\\\/\\\/schema.org\",\"@graph\":[{\"@type\":\"WebPage\",\"@id\":\"https:\\\/\\\/gerajeune.com\\\/produit\\\/coeur-fondant-positive-vibes\\\/\",\"url\":\"https:\\\/\\\/gerajeune.com\\\/produit\\\/coeur-fondant-positive-vibes\\\/\",\"name\":\"C\u0153ur Fondant Positive Vibes - gerajeune\",\"isPartOf\":{\"@id\":\"https:\\\/\\\/gerajeune.com\\\/#website\"},\"primaryImageOfPage\":{\"@id\":\"https:\\\/\\\/gerajeune.com\\\/produit\\\/coeur-fondant-positive-vibes\\\/#primaryimage\"},\"image\":{\"@id\":\"https:\\\/\\\/gerajeune.com\\\/produit\\\/coeur-fondant-positive-vibes\\\/#primaryimage\"},\"thumbnailUrl\":\"https:\\\/\\\/gerajeune.com\\\/wp-content\\\/uploads\\\/2024\\\/02\\\/Coeur_Fondant_Positive_Vibes_New.webp\",\"datePublished\":\"2024-02-29T13:26:07+00:00\",\"dateModified\":\"2025-03-30T19:32:37+00:00\",\"description\":\"Profitez d'un voyage olfactif et de la Bonne humeur avec le diffuseur c\u0153ur fondant positif vibes aux huiles prodigieuses naturelles .\",\"breadcrumb\":{\"@id\":\"https:\\\/\\\/gerajeune.com\\\/produit\\\/coeur-fondant-positive-vibes\\\/#breadcrumb\"},\"inLanguage\":\"en-US\",\"potentialAction\":[{\"@type\":\"ReadAction\",\"target\":[\"https:\\\/\\\/gerajeune.com\\\/produit\\\/coeur-fondant-positive-vibes\\\/\"]}]},{\"@type\":\"ImageObject\",\"inLanguage\":\"en-US\",\"@id\":\"https:\\\/\\\/gerajeune.com\\\/produit\\\/coeur-fondant-positive-vibes\\\/#primaryimage\",\"url\":\"https:\\\/\\\/gerajeune.com\\\/wp-content\\\/uploads\\\/2024\\\/02\\\/Coeur_Fondant_Positive_Vibes_New.webp\",\"contentUrl\":\"https:\\\/\\\/gerajeune.com\\\/wp-content\\\/uploads\\\/2024\\\/02\\\/Coeur_Fondant_Positive_Vibes_New.webp\",\"width\":1080,\"height\":1080},{\"@type\":\"BreadcrumbList\",\"@id\":\"https:\\\/\\\/gerajeune.com\\\/produit\\\/coeur-fondant-positive-vibes\\\/#breadcrumb\",\"itemListElement\":[{\"@type\":\"ListItem\",\"position\":1,\"name\":\"Accueil\",\"item\":\"https:\\\/\\\/gerajeune.com\\\/\"},{\"@type\":\"ListItem\",\"position\":2,\"name\":\"Produits\",\"item\":\"https:\\\/\\\/gerajeune.com\\\/__trashed-6\\\/\"},{\"@type\":\"ListItem\",\"position\":3,\"name\":\"C\u0153ur Fondant Positive Vibes\"}]},{\"@type\":\"WebSite\",\"@id\":\"https:\\\/\\\/gerajeune.com\\\/#website\",\"url\":\"https:\\\/\\\/gerajeune.com\\\/\",\"name\":\"gerajeune\",\"description\":\"Naturellement belle, visiblement jeune\",\"publisher\":{\"@id\":\"https:\\\/\\\/gerajeune.com\\\/#organization\"},\"potentialAction\":[{\"@type\":\"SearchAction\",\"target\":{\"@type\":\"EntryPoint\",\"urlTemplate\":\"https:\\\/\\\/gerajeune.com\\\/?s={search_term_string}\"},\"query-input\":{\"@type\":\"PropertyValueSpecification\",\"valueRequired\":true,\"valueName\":\"search_term_string\"}}],\"inLanguage\":\"en-US\"},{\"@type\":\"Organization\",\"@id\":\"https:\\\/\\\/gerajeune.com\\\/#organization\",\"name\":\"gerajeune\",\"url\":\"https:\\\/\\\/gerajeune.com\\\/\",\"logo\":{\"@type\":\"ImageObject\",\"inLanguage\":\"en-US\",\"@id\":\"https:\\\/\\\/gerajeune.com\\\/#\\\/schema\\\/logo\\\/image\\\/\",\"url\":\"http:\\\/\\\/gerajeune.com\\\/wp-content\\\/uploads\\\/2021\\\/12\\\/cropped-logo-modifier-1-e1645608409226.png\",\"contentUrl\":\"http:\\\/\\\/gerajeune.com\\\/wp-content\\\/uploads\\\/2021\\\/12\\\/cropped-logo-modifier-1-e1645608409226.png\",\"width\":250,\"height\":120,\"caption\":\"gerajeune\"},\"image\":{\"@id\":\"https:\\\/\\\/gerajeune.com\\\/#\\\/schema\\\/logo\\\/image\\\/\"},\"sameAs\":[\"https:\\\/\\\/www.facebook.com\\\/gerajeune\",\"https:\\\/\\\/www.instagram.com\\\/gerajeune\\\/reels\\\/?hl=fr\"]}]}<\/script>\n<!-- \/ Yoast SEO plugin. -->","yoast_head_json":{"title":"C\u0153ur Fondant Positive Vibes - gerajeune","description":"Profitez d'un voyage olfactif et de la Bonne humeur avec le diffuseur c\u0153ur fondant positif vibes aux huiles prodigieuses naturelles .","robots":{"index":"index","follow":"follow","max-snippet":"max-snippet:-1","max-image-preview":"max-image-preview:large","max-video-preview":"max-video-preview:-1"},"canonical":"https:\/\/gerajeune.com\/en\/product\/coeur-fondant-positive-vibes\/","og_locale":"en_US","og_type":"article","og_title":"C\u0153ur Fondant Positive Vibes - gerajeune","og_description":"Profitez d'un voyage olfactif et de la Bonne humeur avec le diffuseur c\u0153ur fondant positif vibes aux huiles prodigieuses naturelles .","og_url":"https:\/\/gerajeune.com\/en\/product\/coeur-fondant-positive-vibes\/","og_site_name":"gerajeune","article_publisher":"https:\/\/www.facebook.com\/gerajeune","article_modified_time":"2025-03-30T19:32:37+00:00","og_image":[{"width":1080,"height":1080,"url":"https:\/\/gerajeune.com\/wp-content\/uploads\/2024\/02\/Coeur_Fondant_Positive_Vibes_New.webp","type":"image\/webp"}],"twitter_card":"summary_large_image","twitter_misc":{"Est. reading time":"2 minutes"},"schema":{"@context":"https:\/\/schema.org","@graph":[{"@type":"WebPage","@id":"https:\/\/gerajeune.com\/produit\/coeur-fondant-positive-vibes\/","url":"https:\/\/gerajeune.com\/produit\/coeur-fondant-positive-vibes\/","name":"C\u0153ur Fondant Positive Vibes - gerajeune","isPartOf":{"@id":"https:\/\/gerajeune.com\/#website"},"primaryImageOfPage":{"@id":"https:\/\/gerajeune.com\/produit\/coeur-fondant-positive-vibes\/#primaryimage"},"image":{"@id":"https:\/\/gerajeune.com\/produit\/coeur-fondant-positive-vibes\/#primaryimage"},"thumbnailUrl":"https:\/\/gerajeune.com\/wp-content\/uploads\/2024\/02\/Coeur_Fondant_Positive_Vibes_New.webp","datePublished":"2024-02-29T13:26:07+00:00","dateModified":"2025-03-30T19:32:37+00:00","description":"Profitez d'un voyage olfactif et de la Bonne humeur avec le diffuseur c\u0153ur fondant positif vibes aux huiles prodigieuses naturelles .","breadcrumb":{"@id":"https:\/\/gerajeune.com\/produit\/coeur-fondant-positive-vibes\/#breadcrumb"},"inLanguage":"en-US","potentialAction":[{"@type":"ReadAction","target":["https:\/\/gerajeune.com\/produit\/coeur-fondant-positive-vibes\/"]}]},{"@type":"ImageObject","inLanguage":"en-US","@id":"https:\/\/gerajeune.com\/produit\/coeur-fondant-positive-vibes\/#primaryimage","url":"https:\/\/gerajeune.com\/wp-content\/uploads\/2024\/02\/Coeur_Fondant_Positive_Vibes_New.webp","contentUrl":"https:\/\/gerajeune.com\/wp-content\/uploads\/2024\/02\/Coeur_Fondant_Positive_Vibes_New.webp","width":1080,"height":1080},{"@type":"BreadcrumbList","@id":"https:\/\/gerajeune.com\/produit\/coeur-fondant-positive-vibes\/#breadcrumb","itemListElement":[{"@type":"ListItem","position":1,"name":"Accueil","item":"https:\/\/gerajeune.com\/"},{"@type":"ListItem","position":2,"name":"Produits","item":"https:\/\/gerajeune.com\/__trashed-6\/"},{"@type":"ListItem","position":3,"name":"C\u0153ur Fondant Positive Vibes"}]},{"@type":"WebSite","@id":"https:\/\/gerajeune.com\/#website","url":"https:\/\/gerajeune.com\/","name":"gerajeune","description":"Naturally beautiful, visibly young","publisher":{"@id":"https:\/\/gerajeune.com\/#organization"},"potentialAction":[{"@type":"SearchAction","target":{"@type":"EntryPoint","urlTemplate":"https:\/\/gerajeune.com\/?s={search_term_string}"},"query-input":{"@type":"PropertyValueSpecification","valueRequired":true,"valueName":"search_term_string"}}],"inLanguage":"en-US"},{"@type":"Organization","@id":"https:\/\/gerajeune.com\/#organization","name":"gerajeune","url":"https:\/\/gerajeune.com\/","logo":{"@type":"ImageObject","inLanguage":"en-US","@id":"https:\/\/gerajeune.com\/#\/schema\/logo\/image\/","url":"http:\/\/gerajeune.com\/wp-content\/uploads\/2021\/12\/cropped-logo-modifier-1-e1645608409226.png","contentUrl":"http:\/\/gerajeune.com\/wp-content\/uploads\/2021\/12\/cropped-logo-modifier-1-e1645608409226.png","width":250,"height":120,"caption":"gerajeune"},"image":{"@id":"https:\/\/gerajeune.com\/#\/schema\/logo\/image\/"},"sameAs":["https:\/\/www.facebook.com\/gerajeune","https:\/\/www.instagram.com\/gerajeune\/reels\/?hl=fr"]}]}},"jetpack_sharing_enabled":true,"_links":{"self":[{"href":"https:\/\/gerajeune.com\/en\/wp-json\/wp\/v2\/product\/6789","targetHints":{"allow":["GET"]}}],"collection":[{"href":"https:\/\/gerajeune.com\/en\/wp-json\/wp\/v2\/product"}],"about":[{"href":"https:\/\/gerajeune.com\/en\/wp-json\/wp\/v2\/types\/product"}],"replies":[{"embeddable":true,"href":"https:\/\/gerajeune.com\/en\/wp-json\/wp\/v2\/comments?post=6789"}],"version-history":[{"count":5,"href":"https:\/\/gerajeune.com\/en\/wp-json\/wp\/v2\/product\/6789\/revisions"}],"predecessor-version":[{"id":12236,"href":"https:\/\/gerajeune.com\/en\/wp-json\/wp\/v2\/product\/6789\/revisions\/12236"}],"wp:featuredmedia":[{"embeddable":true,"href":"https:\/\/gerajeune.com\/en\/wp-json\/wp\/v2\/media\/14234"}],"wp:attachment":[{"href":"https:\/\/gerajeune.com\/en\/wp-json\/wp\/v2\/media?parent=6789"}],"wp:term":[{"taxonomy":"product_brand","embeddable":true,"href":"https:\/\/gerajeune.com\/en\/wp-json\/wp\/v2\/product_brand?post=6789"},{"taxonomy":"product_cat","embeddable":true,"href":"https:\/\/gerajeune.com\/en\/wp-json\/wp\/v2\/product_cat?post=6789"},{"taxonomy":"product_tag","embeddable":true,"href":"https:\/\/gerajeune.com\/en\/wp-json\/wp\/v2\/product_tag?post=6789"}],"curies":[{"name":"wp","href":"https:\/\/api.w.org\/{rel}","templated":true}]}}