{"id":6801,"date":"2024-02-29T16:10:34","date_gmt":"2024-02-29T15:10:34","guid":{"rendered":"http:\/\/gerajeune.com\/?post_type=product&#038;p=6801"},"modified":"2025-08-23T12:32:48","modified_gmt":"2025-08-23T11:32:48","slug":"baume-fondant-noix-de-coco","status":"publish","type":"product","link":"https:\/\/gerajeune.com\/en\/product\/baume-fondant-noix-de-coco\/","title":{"rendered":"Coconut Melting Balm"},"content":{"rendered":"<p>Melting Balm<\/p>\n<p><strong>What is a melting balm?<\/strong><\/p>\n<p>It is a mixture enriched with fatty substances such as <a href=\"https:\/\/fr.wikipedia.org\/wiki\/Huile_v%C3%A9g%C3%A9tale\">vegetable oils<\/a>, butters. Our natural 100% Coconut Balm, <a href=\"https:\/\/fr.wikipedia.org\/wiki\/%C3%89coconception\">eco-designed<\/a>\u00a0 contains nourishing and restorative active ingredients, vitamins and antioxidants to provide nutrients and vitamins to the skin without causing any harm.<\/p>\n<p><strong>Who can use Coconut Melting Balm?<\/strong><\/p>\n<p>people subject to:<\/p>\n<ul>\n<li>very dry skin<\/li>\n<li>sensitive skin<\/li>\n<li>eczematous skin<\/li>\n<li>cracks<\/li>\n<li>areas in the process of healing<\/li>\n<li>dry hair<\/li>\n<li>unruly hair<\/li>\n<\/ul>\n<p><strong>What are the benefits of coconut on the skin?<\/strong><\/p>\n<ul>\n<li>Nourishing<\/li>\n<li>Soothing<\/li>\n<li>Protects against dehydration<\/li>\n<li>\u00a0Restores suppleness, comfort and well-being to the skin<\/li>\n<\/ul>\n<p><strong>What are the benefits of coconut on hair?<\/strong><\/p>\n<ul>\n<li>It creates a protective veil which protects the hair from various external aggressions (pollution, water, sun or even hair dryers) thanks to a film-forming effect.<\/li>\n<li>It has an emollient power which allows it to soften and relax the hair fiber.<\/li>\n<\/ul>\n<p><strong>How to use the melting body balm?<\/strong><\/p>\n<p>Apply the body balm to your skin, massaging gently until it is completely absorbed. Focus on the driest and roughest areas of your body, such as elbows, knees and heels.<\/p>\n<p><strong>How to use melting hair balm?<\/strong><\/p>\n<p>Apply as a mask or to discipline curls<\/p>\n<p><strong>Ingredients :<\/strong><\/p>\n<p>cocos nucifera fruit extract, tocophenol palmitatet (vitamin E)<\/p>","protected":false},"excerpt":{"rendered":"<p>Baume Fondant C&rsquo;est quoi un baume fondant ? c&rsquo;est un m\u00e9lange enrichi en corps gras comme des huiles v\u00e9g\u00e9tales, des beurres. Notre baume de Noix de coco 100% naturel , \u00e9co-con\u00e7u\u00a0 contient des actifs nourrissants et r\u00e9parateurs, des vitamines ainsi que des antioxydants pour apporter nutriments et vitamines \u00e0 l&rsquo;\u00e9piderme sans lui causer de danger . Qui peut utiliser le baume fondant de noix de coco ? personnes sujettes de : peaux tr\u00e8s\u00a0 s\u00e8ches peaux sensibles peaux ecz\u00e9mateuses les ger\u00e7ures zones en cours de cicatrisation cheveux secs cheveux non disciplin\u00e9s Quels sont les bienfaits de noix de coco sur\u00a0 la peaux ? Nourrissante Apaisante Prot\u00e8ge de la d\u00e9shydratation \u00a0Redonne de la souplesse, du confort et du bien-\u00eatre \u00e0 la peau Quels sont les bienfaits de noix de coco sur les cheveux ? Elle cr\u00e9e un voile protecteur qui prot\u00e8ge la chevelure des diverses agressions ext\u00e9rieures (pollution, eau, soleil ou encore s\u00e8che-cheveux) gr\u00e2ce \u00e0 un effet filmog\u00e8ne. Elle dispose d&rsquo;un pouvoir \u00e9mollient qui lui permet d&rsquo;assouplir et de d\u00e9tendre la fibre capillaire Comment utiliser le baume fondant pour le corps ? Appliquez le\u00a0baume\u00a0corporel sur votre peau en massant doucement jusqu&rsquo;\u00e0 ce qu&rsquo;il soit compl\u00e8tement absorb\u00e9. Concentrez-vous sur les zones les plus s\u00e8ches et rugueuses de votre\u00a0corps, comme les coudes, les genoux et les talons. Comment utiliser le baume fondant pour les cheveux ? Appliquer comme un masque ou pour discipliner les boucles Ingr\u00e9dients : cocos nucifera fruit extract , tocoph\u00e9nol palmitatet (vitamin E)<\/p>","protected":false},"featured_media":9437,"comment_status":"open","ping_status":"closed","template":"","meta":{"_monsterinsights_skip_tracking":false,"_monsterinsights_sitenote_active":false,"_monsterinsights_sitenote_note":"","_monsterinsights_sitenote_category":0,"ocean_post_layout":"","ocean_both_sidebars_style":"","ocean_both_sidebars_content_width":0,"ocean_both_sidebars_sidebars_width":0,"ocean_sidebar":"0","ocean_second_sidebar":"0","ocean_disable_margins":"enable","ocean_add_body_class":"","ocean_shortcode_before_top_bar":"","ocean_shortcode_after_top_bar":"","ocean_shortcode_before_header":"","ocean_shortcode_after_header":"","ocean_has_shortcode":"","ocean_shortcode_after_title":"","ocean_shortcode_before_footer_widgets":"","ocean_shortcode_after_footer_widgets":"","ocean_shortcode_before_footer_bottom":"","ocean_shortcode_after_footer_bottom":"","ocean_display_top_bar":"default","ocean_display_header":"default","ocean_header_style":"","ocean_center_header_left_menu":"0","ocean_custom_header_template":"0","ocean_custom_logo":0,"ocean_custom_retina_logo":0,"ocean_custom_logo_max_width":0,"ocean_custom_logo_tablet_max_width":0,"ocean_custom_logo_mobile_max_width":0,"ocean_custom_logo_max_height":0,"ocean_custom_logo_tablet_max_height":0,"ocean_custom_logo_mobile_max_height":0,"ocean_header_custom_menu":"0","ocean_menu_typo_font_family":"0","ocean_menu_typo_font_subset":"","ocean_menu_typo_font_size":0,"ocean_menu_typo_font_size_tablet":0,"ocean_menu_typo_font_size_mobile":0,"ocean_menu_typo_font_size_unit":"px","ocean_menu_typo_font_weight":"","ocean_menu_typo_font_weight_tablet":"","ocean_menu_typo_font_weight_mobile":"","ocean_menu_typo_transform":"","ocean_menu_typo_transform_tablet":"","ocean_menu_typo_transform_mobile":"","ocean_menu_typo_line_height":0,"ocean_menu_typo_line_height_tablet":0,"ocean_menu_typo_line_height_mobile":0,"ocean_menu_typo_line_height_unit":"","ocean_menu_typo_spacing":0,"ocean_menu_typo_spacing_tablet":0,"ocean_menu_typo_spacing_mobile":0,"ocean_menu_typo_spacing_unit":"","ocean_menu_link_color":"","ocean_menu_link_color_hover":"","ocean_menu_link_color_active":"","ocean_menu_link_background":"","ocean_menu_link_hover_background":"","ocean_menu_link_active_background":"","ocean_menu_social_links_bg":"","ocean_menu_social_hover_links_bg":"","ocean_menu_social_links_color":"","ocean_menu_social_hover_links_color":"","ocean_disable_title":"default","ocean_disable_heading":"default","ocean_post_title":"","ocean_post_subheading":"","ocean_post_title_style":"","ocean_post_title_background_color":"","ocean_post_title_background":0,"ocean_post_title_bg_image_position":"","ocean_post_title_bg_image_attachment":"","ocean_post_title_bg_image_repeat":"","ocean_post_title_bg_image_size":"","ocean_post_title_height":0,"ocean_post_title_bg_overlay":0.5,"ocean_post_title_bg_overlay_color":"","ocean_disable_breadcrumbs":"default","ocean_breadcrumbs_color":"","ocean_breadcrumbs_separator_color":"","ocean_breadcrumbs_links_color":"","ocean_breadcrumbs_links_hover_color":"","ocean_display_footer_widgets":"default","ocean_display_footer_bottom":"default","ocean_custom_footer_template":"0","omw_enable_modal_window":"enable"},"product_brand":[],"product_cat":[41,157,56],"product_tag":[],"class_list":{"0":"post-6801","1":"product","2":"type-product","3":"status-publish","4":"has-post-thumbnail","6":"product_cat-soin-cheveux","7":"product_cat-soin-corps","8":"product_cat-soin-visage","10":"entry","11":"has-media","13":"first","14":"instock","15":"taxable","16":"shipping-taxable","17":"purchasable","18":"product-type-simple","19":"has-rating","20":"col","21":"span_1_of_3","22":"owp-content-center","23":"owp-thumbs-layout-horizontal","24":"owp-btn-normal","25":"owp-tabs-layout-horizontal","26":"has-no-thumbnails"},"yoast_head":"<!-- This site is optimized with the Yoast SEO plugin v27.4 - https:\/\/yoast.com\/product\/yoast-seo-wordpress\/ -->\n<title>Baume Fondant Noix De Coco - gerajeune<\/title>\n<meta name=\"description\" content=\"D&#039;ingr\u00e9dients 100% naturelles ,sans silicone , ce baume fondant multi-usages aux noix de coco est un v\u00e9ritable soin hydratant pour le corps et les cheveux .\" \/>\n<meta name=\"robots\" content=\"index, follow, max-snippet:-1, max-image-preview:large, max-video-preview:-1\" \/>\n<link rel=\"canonical\" href=\"https:\/\/gerajeune.com\/en\/product\/baume-fondant-noix-de-coco\/\" \/>\n<meta property=\"og:locale\" content=\"en_US\" \/>\n<meta property=\"og:type\" content=\"article\" \/>\n<meta property=\"og:title\" content=\"Baume Fondant Noix De Coco - gerajeune\" \/>\n<meta property=\"og:description\" content=\"D&#039;ingr\u00e9dients 100% naturelles ,sans silicone , ce baume fondant multi-usages aux noix de coco est un v\u00e9ritable soin hydratant pour le corps et les cheveux .\" \/>\n<meta property=\"og:url\" content=\"https:\/\/gerajeune.com\/en\/product\/baume-fondant-noix-de-coco\/\" \/>\n<meta property=\"og:site_name\" content=\"gerajeune\" \/>\n<meta property=\"article:publisher\" content=\"https:\/\/www.facebook.com\/gerajeune\" \/>\n<meta property=\"article:modified_time\" content=\"2025-08-23T11:32:48+00:00\" \/>\n<meta property=\"og:image\" content=\"https:\/\/gerajeune.com\/wp-content\/uploads\/2024\/06\/49.png\" \/>\n\t<meta property=\"og:image:width\" content=\"1587\" \/>\n\t<meta property=\"og:image:height\" content=\"2245\" \/>\n\t<meta property=\"og:image:type\" content=\"image\/png\" \/>\n<meta name=\"twitter:card\" content=\"summary_large_image\" \/>\n<meta name=\"twitter:label1\" content=\"Est. reading time\" \/>\n\t<meta name=\"twitter:data1\" content=\"1 minute\" \/>\n<script type=\"application\/ld+json\" class=\"yoast-schema-graph\">{\"@context\":\"https:\\\/\\\/schema.org\",\"@graph\":[{\"@type\":\"WebPage\",\"@id\":\"https:\\\/\\\/gerajeune.com\\\/produit\\\/baume-fondant-noix-de-coco\\\/\",\"url\":\"https:\\\/\\\/gerajeune.com\\\/produit\\\/baume-fondant-noix-de-coco\\\/\",\"name\":\"Baume Fondant Noix De Coco - gerajeune\",\"isPartOf\":{\"@id\":\"https:\\\/\\\/gerajeune.com\\\/#website\"},\"primaryImageOfPage\":{\"@id\":\"https:\\\/\\\/gerajeune.com\\\/produit\\\/baume-fondant-noix-de-coco\\\/#primaryimage\"},\"image\":{\"@id\":\"https:\\\/\\\/gerajeune.com\\\/produit\\\/baume-fondant-noix-de-coco\\\/#primaryimage\"},\"thumbnailUrl\":\"https:\\\/\\\/gerajeune.com\\\/wp-content\\\/uploads\\\/2024\\\/06\\\/49.png\",\"datePublished\":\"2024-02-29T15:10:34+00:00\",\"dateModified\":\"2025-08-23T11:32:48+00:00\",\"description\":\"D'ingr\u00e9dients 100% naturelles ,sans silicone , ce baume fondant multi-usages aux noix de coco est un v\u00e9ritable soin hydratant pour le corps et les cheveux .\",\"breadcrumb\":{\"@id\":\"https:\\\/\\\/gerajeune.com\\\/produit\\\/baume-fondant-noix-de-coco\\\/#breadcrumb\"},\"inLanguage\":\"en-US\",\"potentialAction\":[{\"@type\":\"ReadAction\",\"target\":[\"https:\\\/\\\/gerajeune.com\\\/produit\\\/baume-fondant-noix-de-coco\\\/\"]}]},{\"@type\":\"ImageObject\",\"inLanguage\":\"en-US\",\"@id\":\"https:\\\/\\\/gerajeune.com\\\/produit\\\/baume-fondant-noix-de-coco\\\/#primaryimage\",\"url\":\"https:\\\/\\\/gerajeune.com\\\/wp-content\\\/uploads\\\/2024\\\/06\\\/49.png\",\"contentUrl\":\"https:\\\/\\\/gerajeune.com\\\/wp-content\\\/uploads\\\/2024\\\/06\\\/49.png\",\"width\":1587,\"height\":2245},{\"@type\":\"BreadcrumbList\",\"@id\":\"https:\\\/\\\/gerajeune.com\\\/produit\\\/baume-fondant-noix-de-coco\\\/#breadcrumb\",\"itemListElement\":[{\"@type\":\"ListItem\",\"position\":1,\"name\":\"Accueil\",\"item\":\"https:\\\/\\\/gerajeune.com\\\/\"},{\"@type\":\"ListItem\",\"position\":2,\"name\":\"Produits\",\"item\":\"https:\\\/\\\/gerajeune.com\\\/__trashed-6\\\/\"},{\"@type\":\"ListItem\",\"position\":3,\"name\":\"Baume Fondant Noix De Coco\"}]},{\"@type\":\"WebSite\",\"@id\":\"https:\\\/\\\/gerajeune.com\\\/#website\",\"url\":\"https:\\\/\\\/gerajeune.com\\\/\",\"name\":\"gerajeune\",\"description\":\"Naturellement belle, visiblement jeune\",\"publisher\":{\"@id\":\"https:\\\/\\\/gerajeune.com\\\/#organization\"},\"potentialAction\":[{\"@type\":\"SearchAction\",\"target\":{\"@type\":\"EntryPoint\",\"urlTemplate\":\"https:\\\/\\\/gerajeune.com\\\/?s={search_term_string}\"},\"query-input\":{\"@type\":\"PropertyValueSpecification\",\"valueRequired\":true,\"valueName\":\"search_term_string\"}}],\"inLanguage\":\"en-US\"},{\"@type\":\"Organization\",\"@id\":\"https:\\\/\\\/gerajeune.com\\\/#organization\",\"name\":\"gerajeune\",\"url\":\"https:\\\/\\\/gerajeune.com\\\/\",\"logo\":{\"@type\":\"ImageObject\",\"inLanguage\":\"en-US\",\"@id\":\"https:\\\/\\\/gerajeune.com\\\/#\\\/schema\\\/logo\\\/image\\\/\",\"url\":\"http:\\\/\\\/gerajeune.com\\\/wp-content\\\/uploads\\\/2021\\\/12\\\/cropped-logo-modifier-1-e1645608409226.png\",\"contentUrl\":\"http:\\\/\\\/gerajeune.com\\\/wp-content\\\/uploads\\\/2021\\\/12\\\/cropped-logo-modifier-1-e1645608409226.png\",\"width\":250,\"height\":120,\"caption\":\"gerajeune\"},\"image\":{\"@id\":\"https:\\\/\\\/gerajeune.com\\\/#\\\/schema\\\/logo\\\/image\\\/\"},\"sameAs\":[\"https:\\\/\\\/www.facebook.com\\\/gerajeune\",\"https:\\\/\\\/www.instagram.com\\\/gerajeune\\\/reels\\\/?hl=fr\"]}]}<\/script>\n<!-- \/ Yoast SEO plugin. -->","yoast_head_json":{"title":"Baume Fondant Noix De Coco - gerajeune","description":"D'ingr\u00e9dients 100% naturelles ,sans silicone , ce baume fondant multi-usages aux noix de coco est un v\u00e9ritable soin hydratant pour le corps et les cheveux .","robots":{"index":"index","follow":"follow","max-snippet":"max-snippet:-1","max-image-preview":"max-image-preview:large","max-video-preview":"max-video-preview:-1"},"canonical":"https:\/\/gerajeune.com\/en\/product\/baume-fondant-noix-de-coco\/","og_locale":"en_US","og_type":"article","og_title":"Baume Fondant Noix De Coco - gerajeune","og_description":"D'ingr\u00e9dients 100% naturelles ,sans silicone , ce baume fondant multi-usages aux noix de coco est un v\u00e9ritable soin hydratant pour le corps et les cheveux .","og_url":"https:\/\/gerajeune.com\/en\/product\/baume-fondant-noix-de-coco\/","og_site_name":"gerajeune","article_publisher":"https:\/\/www.facebook.com\/gerajeune","article_modified_time":"2025-08-23T11:32:48+00:00","og_image":[{"width":1587,"height":2245,"url":"https:\/\/gerajeune.com\/wp-content\/uploads\/2024\/06\/49.png","type":"image\/png"}],"twitter_card":"summary_large_image","twitter_misc":{"Est. reading time":"1 minute"},"schema":{"@context":"https:\/\/schema.org","@graph":[{"@type":"WebPage","@id":"https:\/\/gerajeune.com\/produit\/baume-fondant-noix-de-coco\/","url":"https:\/\/gerajeune.com\/produit\/baume-fondant-noix-de-coco\/","name":"Baume Fondant Noix De Coco - gerajeune","isPartOf":{"@id":"https:\/\/gerajeune.com\/#website"},"primaryImageOfPage":{"@id":"https:\/\/gerajeune.com\/produit\/baume-fondant-noix-de-coco\/#primaryimage"},"image":{"@id":"https:\/\/gerajeune.com\/produit\/baume-fondant-noix-de-coco\/#primaryimage"},"thumbnailUrl":"https:\/\/gerajeune.com\/wp-content\/uploads\/2024\/06\/49.png","datePublished":"2024-02-29T15:10:34+00:00","dateModified":"2025-08-23T11:32:48+00:00","description":"D'ingr\u00e9dients 100% naturelles ,sans silicone , ce baume fondant multi-usages aux noix de coco est un v\u00e9ritable soin hydratant pour le corps et les cheveux .","breadcrumb":{"@id":"https:\/\/gerajeune.com\/produit\/baume-fondant-noix-de-coco\/#breadcrumb"},"inLanguage":"en-US","potentialAction":[{"@type":"ReadAction","target":["https:\/\/gerajeune.com\/produit\/baume-fondant-noix-de-coco\/"]}]},{"@type":"ImageObject","inLanguage":"en-US","@id":"https:\/\/gerajeune.com\/produit\/baume-fondant-noix-de-coco\/#primaryimage","url":"https:\/\/gerajeune.com\/wp-content\/uploads\/2024\/06\/49.png","contentUrl":"https:\/\/gerajeune.com\/wp-content\/uploads\/2024\/06\/49.png","width":1587,"height":2245},{"@type":"BreadcrumbList","@id":"https:\/\/gerajeune.com\/produit\/baume-fondant-noix-de-coco\/#breadcrumb","itemListElement":[{"@type":"ListItem","position":1,"name":"Accueil","item":"https:\/\/gerajeune.com\/"},{"@type":"ListItem","position":2,"name":"Produits","item":"https:\/\/gerajeune.com\/__trashed-6\/"},{"@type":"ListItem","position":3,"name":"Baume Fondant Noix De Coco"}]},{"@type":"WebSite","@id":"https:\/\/gerajeune.com\/#website","url":"https:\/\/gerajeune.com\/","name":"gerajeune","description":"Naturally beautiful, visibly young","publisher":{"@id":"https:\/\/gerajeune.com\/#organization"},"potentialAction":[{"@type":"SearchAction","target":{"@type":"EntryPoint","urlTemplate":"https:\/\/gerajeune.com\/?s={search_term_string}"},"query-input":{"@type":"PropertyValueSpecification","valueRequired":true,"valueName":"search_term_string"}}],"inLanguage":"en-US"},{"@type":"Organization","@id":"https:\/\/gerajeune.com\/#organization","name":"gerajeune","url":"https:\/\/gerajeune.com\/","logo":{"@type":"ImageObject","inLanguage":"en-US","@id":"https:\/\/gerajeune.com\/#\/schema\/logo\/image\/","url":"http:\/\/gerajeune.com\/wp-content\/uploads\/2021\/12\/cropped-logo-modifier-1-e1645608409226.png","contentUrl":"http:\/\/gerajeune.com\/wp-content\/uploads\/2021\/12\/cropped-logo-modifier-1-e1645608409226.png","width":250,"height":120,"caption":"gerajeune"},"image":{"@id":"https:\/\/gerajeune.com\/#\/schema\/logo\/image\/"},"sameAs":["https:\/\/www.facebook.com\/gerajeune","https:\/\/www.instagram.com\/gerajeune\/reels\/?hl=fr"]}]}},"jetpack_sharing_enabled":true,"_links":{"self":[{"href":"https:\/\/gerajeune.com\/en\/wp-json\/wp\/v2\/product\/6801","targetHints":{"allow":["GET"]}}],"collection":[{"href":"https:\/\/gerajeune.com\/en\/wp-json\/wp\/v2\/product"}],"about":[{"href":"https:\/\/gerajeune.com\/en\/wp-json\/wp\/v2\/types\/product"}],"replies":[{"embeddable":true,"href":"https:\/\/gerajeune.com\/en\/wp-json\/wp\/v2\/comments?post=6801"}],"version-history":[{"count":7,"href":"https:\/\/gerajeune.com\/en\/wp-json\/wp\/v2\/product\/6801\/revisions"}],"predecessor-version":[{"id":12195,"href":"https:\/\/gerajeune.com\/en\/wp-json\/wp\/v2\/product\/6801\/revisions\/12195"}],"wp:featuredmedia":[{"embeddable":true,"href":"https:\/\/gerajeune.com\/en\/wp-json\/wp\/v2\/media\/9437"}],"wp:attachment":[{"href":"https:\/\/gerajeune.com\/en\/wp-json\/wp\/v2\/media?parent=6801"}],"wp:term":[{"taxonomy":"product_brand","embeddable":true,"href":"https:\/\/gerajeune.com\/en\/wp-json\/wp\/v2\/product_brand?post=6801"},{"taxonomy":"product_cat","embeddable":true,"href":"https:\/\/gerajeune.com\/en\/wp-json\/wp\/v2\/product_cat?post=6801"},{"taxonomy":"product_tag","embeddable":true,"href":"https:\/\/gerajeune.com\/en\/wp-json\/wp\/v2\/product_tag?post=6801"}],"curies":[{"name":"wp","href":"https:\/\/api.w.org\/{rel}","templated":true}]}}