{"id":6803,"date":"2024-04-15T15:14:35","date_gmt":"2024-04-15T14:14:35","guid":{"rendered":"http:\/\/gerajeune.com\/?post_type=product&#038;p=6803"},"modified":"2024-04-15T15:14:35","modified_gmt":"2024-04-15T14:14:35","slug":"hydrolat-de-petit-grain-et-neroli-100ml","status":"publish","type":"product","link":"https:\/\/gerajeune.com\/en\/product\/hydrolat-de-petit-grain-et-neroli-100ml\/","title":{"rendered":"Petitgrain and Neroli Hydrosol 100ml"},"content":{"rendered":"<p>Petitgrain hydrosol<\/p>\n<p><strong>What is a hydrosol for the skin?<\/strong><\/p>\n<p>Hydrosols are particularly recommended for sensitive and reactive skin. They are in fact less concentrated in aromatic molecules than essential oils. They are therefore suitable for baby care, in particular for cleaning their delicate skin or relieving skin irritations.<\/p>\n<p><strong>What are the benefits of<a href=\"https:\/\/fr.wikipedia.org\/wiki\/Hydrolat\">hydrolate<\/a> of petitgrain and Neroli?<\/strong><\/p>\n<ul>\n<li>Purifies the skin<\/li>\n<li>Tone the skin<\/li>\n<li>Regenerates the skin<\/li>\n<li>Reduces age spots<\/li>\n<li>Reduces scarring<\/li>\n<li>Increase the immune response to external aggression<\/li>\n<li>Used in cases of viral or bacterial infections thanks to the linalool molecule from neroli which is characterized by its bactericidal properties<\/li>\n<li>Makes skin problems disappear<\/li>\n<li>Soothes blood circulation disorders<\/li>\n<li>Calm the mind<\/li>\n<li>Strengthen concentration<\/li>\n<li>Provide clarity and encourage flexibility<\/li>\n<\/ul>\n<p><strong>Why use a facial hydrosol?<\/strong><\/p>\n<ul>\n<li>purifies, soothes and tones the skin<\/li>\n<li>\u00a0perfect as moisturizing lotions and skin toners<\/li>\n<li>pleasant at any time of the day when vaporized and are a must in summer.<\/li>\n<\/ul>\n<p><strong>Usefulness of a hydrosol:<\/strong><\/p>\n<ul>\n<li>as a substitute for tap water for cleaning the skin<\/li>\n<li>as a replacement for tap water to make masks from powders<\/li>\n<\/ul>\n<p><strong>When to use a hydrosol?<\/strong><\/p>\n<p>It is applied after removing make-up in the evening and your toilet in the morning, but before your usual care.<\/p>\n<p><strong>How to use hydrosol for the face?<\/strong><\/p>\n<p>Apply it using a soaked pad or washable wipe or spray the hydrosol directly onto the face to cleanse and tone it.<\/p>\n<p>complete your routine with:<\/p>\n<ul>\n<li><a href=\"http:\/\/gerajeune.com\/en\/product\/lait-nettoyant-3\/\">cleansing milk<\/a><\/li>\n<li><a href=\"http:\/\/gerajeune.com\/en\/product\/elixir-hyaluronique\/\">Moisturizing cream\u00a0<\/a><\/li>\n<\/ul>","protected":false},"excerpt":{"rendered":"<p>hydrolat petit grain Qu&rsquo;est ce qu&rsquo;un hydrolat pour la peau ? Les hydrolats sont particuli\u00e8rement recommand\u00e9s pour les peaux sensibles et r\u00e9actives.\u00a0Ils sont en effet moins concentr\u00e9s en mol\u00e9cules aromatiques que les huiles essentielles. Ils sont ainsi adapt\u00e9s aux soins des b\u00e9b\u00e9s, notamment pour nettoyer leur peau d\u00e9licate ou soulager les irritations cutan\u00e9es. Quels sont les bienfaits de l&lsquo;hydrolat de petit grain et de N\u00e9roli ? Purifient la peau Tonifient la peau R\u00e9g\u00e9n\u00e8rent la peau Att\u00e9nuent les taches de vieillesse Att\u00e9nuent les cicatrices Augmentent la r\u00e9ponse immunitaires faces aux agression ext\u00e9rieures Utilis\u00e9s en cas d&rsquo;infections virales ou bact\u00e9riennes gr\u00e2ce a la mol\u00e9cule de linalol provenant du n\u00e9roli qui se caract\u00e9rise par ses propri\u00e9t\u00e9s bact\u00e9ricides Fait disparaitre les probl\u00e8mes de peau Calment les troubles de la circulation sanguine Calment le mental Renforcent la concentration Donnent de la clart\u00e9 et encourage a la flexibilit\u00e9 Pourquoi utiliser un hydrolat visage ? purifie, apaise et tonifie la peau \u00a0parfaits comme lotions hydratantes et toniques de peau agr\u00e9ables \u00e0 tout moment de la journ\u00e9e en vaporisation et sont un must en \u00e9t\u00e9. Utilit\u00e9 d un hydrolat : en remplacement de l&rsquo;eau du robinet pour nettoyer la peau en remplacement de l&rsquo;eau du robinet pour r\u00e9aliser des masques \u00e0 partir de poudres Quand utiliser un hydrolat ? Il s&rsquo;applique apr\u00e8s le d\u00e9maquillage le soir et votre toilette le matin, mais avant vos soins habituels. Comment utiliser l&rsquo;hydrolat pour le visage ? Appliquez-le au moyen d&rsquo;un tampon ou d&rsquo;une lingette lavable imbib\u00e9e ou encore vaporisez directement l&rsquo;hydrolat sur le visage pour l&rsquo;assainir et le tonifier. compl\u00e9tez votre routine avec : lait nettoyant cr\u00e8me hydratante\u00a0<\/p>","protected":false},"featured_media":0,"comment_status":"open","ping_status":"closed","template":"","meta":{"_monsterinsights_skip_tracking":false,"_monsterinsights_sitenote_active":false,"_monsterinsights_sitenote_note":"","_monsterinsights_sitenote_category":0,"ocean_post_layout":"","ocean_both_sidebars_style":"","ocean_both_sidebars_content_width":0,"ocean_both_sidebars_sidebars_width":0,"ocean_sidebar":"0","ocean_second_sidebar":"0","ocean_disable_margins":"enable","ocean_add_body_class":"","ocean_shortcode_before_top_bar":"","ocean_shortcode_after_top_bar":"","ocean_shortcode_before_header":"","ocean_shortcode_after_header":"","ocean_has_shortcode":"","ocean_shortcode_after_title":"","ocean_shortcode_before_footer_widgets":"","ocean_shortcode_after_footer_widgets":"","ocean_shortcode_before_footer_bottom":"","ocean_shortcode_after_footer_bottom":"","ocean_display_top_bar":"default","ocean_display_header":"default","ocean_header_style":"","ocean_center_header_left_menu":"0","ocean_custom_header_template":"0","ocean_custom_logo":0,"ocean_custom_retina_logo":0,"ocean_custom_logo_max_width":0,"ocean_custom_logo_tablet_max_width":0,"ocean_custom_logo_mobile_max_width":0,"ocean_custom_logo_max_height":0,"ocean_custom_logo_tablet_max_height":0,"ocean_custom_logo_mobile_max_height":0,"ocean_header_custom_menu":"0","ocean_menu_typo_font_family":"0","ocean_menu_typo_font_subset":"","ocean_menu_typo_font_size":0,"ocean_menu_typo_font_size_tablet":0,"ocean_menu_typo_font_size_mobile":0,"ocean_menu_typo_font_size_unit":"px","ocean_menu_typo_font_weight":"","ocean_menu_typo_font_weight_tablet":"","ocean_menu_typo_font_weight_mobile":"","ocean_menu_typo_transform":"","ocean_menu_typo_transform_tablet":"","ocean_menu_typo_transform_mobile":"","ocean_menu_typo_line_height":0,"ocean_menu_typo_line_height_tablet":0,"ocean_menu_typo_line_height_mobile":0,"ocean_menu_typo_line_height_unit":"","ocean_menu_typo_spacing":0,"ocean_menu_typo_spacing_tablet":0,"ocean_menu_typo_spacing_mobile":0,"ocean_menu_typo_spacing_unit":"","ocean_menu_link_color":"","ocean_menu_link_color_hover":"","ocean_menu_link_color_active":"","ocean_menu_link_background":"","ocean_menu_link_hover_background":"","ocean_menu_link_active_background":"","ocean_menu_social_links_bg":"","ocean_menu_social_hover_links_bg":"","ocean_menu_social_links_color":"","ocean_menu_social_hover_links_color":"","ocean_disable_title":"default","ocean_disable_heading":"default","ocean_post_title":"","ocean_post_subheading":"","ocean_post_title_style":"","ocean_post_title_background_color":"","ocean_post_title_background":0,"ocean_post_title_bg_image_position":"","ocean_post_title_bg_image_attachment":"","ocean_post_title_bg_image_repeat":"","ocean_post_title_bg_image_size":"","ocean_post_title_height":0,"ocean_post_title_bg_overlay":0.5,"ocean_post_title_bg_overlay_color":"","ocean_disable_breadcrumbs":"default","ocean_breadcrumbs_color":"","ocean_breadcrumbs_separator_color":"","ocean_breadcrumbs_links_color":"","ocean_breadcrumbs_links_hover_color":"","ocean_display_footer_widgets":"default","ocean_display_footer_bottom":"default","ocean_custom_footer_template":"0","omw_enable_modal_window":"enable"},"product_brand":[],"product_cat":[20],"product_tag":[],"class_list":{"0":"post-6803","1":"product","2":"type-product","3":"status-publish","5":"product_cat-non-classe","7":"entry","9":"first","10":"instock","11":"taxable","12":"shipping-taxable","13":"product-type-simple","14":"col","15":"span_1_of_3","16":"owp-content-center","17":"owp-thumbs-layout-horizontal","18":"owp-btn-normal","19":"owp-tabs-layout-horizontal","20":"has-no-thumbnails"},"yoast_head":"<!-- This site is optimized with the Yoast SEO plugin v27.0 - https:\/\/yoast.com\/product\/yoast-seo-wordpress\/ -->\n<title>Hydrolat De Petit Grain Et Neroli 100ml - gerajeune<\/title>\n<meta name=\"description\" content=\"La combinaison entre le petit grain et le n\u00e9roli vous fournit une peau tonifi\u00e9e , purifi\u00e9e , r\u00e9g\u00e9n\u00e9r\u00e9e sans cicatrices et sans taches .\" \/>\n<meta name=\"robots\" content=\"index, follow, max-snippet:-1, max-image-preview:large, max-video-preview:-1\" \/>\n<link rel=\"canonical\" href=\"https:\/\/gerajeune.com\/en\/product\/hydrolat-de-petit-grain-et-neroli-100ml\/\" \/>\n<meta property=\"og:locale\" content=\"en_US\" \/>\n<meta property=\"og:type\" content=\"article\" \/>\n<meta property=\"og:title\" content=\"Hydrolat De Petit Grain Et Neroli 100ml - gerajeune\" \/>\n<meta property=\"og:description\" content=\"La combinaison entre le petit grain et le n\u00e9roli vous fournit une peau tonifi\u00e9e , purifi\u00e9e , r\u00e9g\u00e9n\u00e9r\u00e9e sans cicatrices et sans taches .\" \/>\n<meta property=\"og:url\" content=\"https:\/\/gerajeune.com\/en\/product\/hydrolat-de-petit-grain-et-neroli-100ml\/\" \/>\n<meta property=\"og:site_name\" content=\"gerajeune\" \/>\n<meta property=\"article:publisher\" content=\"https:\/\/www.facebook.com\/gerajeune\" \/>\n<meta name=\"twitter:card\" content=\"summary_large_image\" \/>\n<meta name=\"twitter:label1\" content=\"Est. reading time\" \/>\n\t<meta name=\"twitter:data1\" content=\"1 minute\" \/>\n<script type=\"application\/ld+json\" class=\"yoast-schema-graph\">{\"@context\":\"https:\/\/schema.org\",\"@graph\":[{\"@type\":\"WebPage\",\"@id\":\"https:\/\/gerajeune.com\/produit\/hydrolat-de-petit-grain-et-neroli-100ml\/\",\"url\":\"https:\/\/gerajeune.com\/produit\/hydrolat-de-petit-grain-et-neroli-100ml\/\",\"name\":\"Hydrolat De Petit Grain Et Neroli 100ml - gerajeune\",\"isPartOf\":{\"@id\":\"https:\/\/gerajeune.com\/#website\"},\"datePublished\":\"2024-04-15T14:14:35+00:00\",\"description\":\"La combinaison entre le petit grain et le n\u00e9roli vous fournit une peau tonifi\u00e9e , purifi\u00e9e , r\u00e9g\u00e9n\u00e9r\u00e9e sans cicatrices et sans taches .\",\"breadcrumb\":{\"@id\":\"https:\/\/gerajeune.com\/produit\/hydrolat-de-petit-grain-et-neroli-100ml\/#breadcrumb\"},\"inLanguage\":\"en-US\",\"potentialAction\":[{\"@type\":\"ReadAction\",\"target\":[\"https:\/\/gerajeune.com\/produit\/hydrolat-de-petit-grain-et-neroli-100ml\/\"]}]},{\"@type\":\"BreadcrumbList\",\"@id\":\"https:\/\/gerajeune.com\/produit\/hydrolat-de-petit-grain-et-neroli-100ml\/#breadcrumb\",\"itemListElement\":[{\"@type\":\"ListItem\",\"position\":1,\"name\":\"Accueil\",\"item\":\"https:\/\/gerajeune.com\/\"},{\"@type\":\"ListItem\",\"position\":2,\"name\":\"Produits\",\"item\":\"https:\/\/gerajeune.com\/__trashed-6\/\"},{\"@type\":\"ListItem\",\"position\":3,\"name\":\"Hydrolat De Petit Grain Et Neroli 100ml\"}]},{\"@type\":\"WebSite\",\"@id\":\"https:\/\/gerajeune.com\/#website\",\"url\":\"https:\/\/gerajeune.com\/\",\"name\":\"gerajeune\",\"description\":\"Naturellement belle, visiblement jeune\",\"publisher\":{\"@id\":\"https:\/\/gerajeune.com\/#organization\"},\"potentialAction\":[{\"@type\":\"SearchAction\",\"target\":{\"@type\":\"EntryPoint\",\"urlTemplate\":\"https:\/\/gerajeune.com\/?s={search_term_string}\"},\"query-input\":{\"@type\":\"PropertyValueSpecification\",\"valueRequired\":true,\"valueName\":\"search_term_string\"}}],\"inLanguage\":\"en-US\"},{\"@type\":\"Organization\",\"@id\":\"https:\/\/gerajeune.com\/#organization\",\"name\":\"gerajeune\",\"url\":\"https:\/\/gerajeune.com\/\",\"logo\":{\"@type\":\"ImageObject\",\"inLanguage\":\"en-US\",\"@id\":\"https:\/\/gerajeune.com\/#\/schema\/logo\/image\/\",\"url\":\"http:\/\/gerajeune.com\/wp-content\/uploads\/2021\/12\/cropped-logo-modifier-1-e1645608409226.png\",\"contentUrl\":\"http:\/\/gerajeune.com\/wp-content\/uploads\/2021\/12\/cropped-logo-modifier-1-e1645608409226.png\",\"width\":250,\"height\":120,\"caption\":\"gerajeune\"},\"image\":{\"@id\":\"https:\/\/gerajeune.com\/#\/schema\/logo\/image\/\"},\"sameAs\":[\"https:\/\/www.facebook.com\/gerajeune\",\"https:\/\/www.instagram.com\/gerajeune\/reels\/?hl=fr\"]}]}<\/script>\n<!-- \/ Yoast SEO plugin. -->","yoast_head_json":{"title":"Hydrolat De Petit Grain Et Neroli 100ml - gerajeune","description":"La combinaison entre le petit grain et le n\u00e9roli vous fournit une peau tonifi\u00e9e , purifi\u00e9e , r\u00e9g\u00e9n\u00e9r\u00e9e sans cicatrices et sans taches .","robots":{"index":"index","follow":"follow","max-snippet":"max-snippet:-1","max-image-preview":"max-image-preview:large","max-video-preview":"max-video-preview:-1"},"canonical":"https:\/\/gerajeune.com\/en\/product\/hydrolat-de-petit-grain-et-neroli-100ml\/","og_locale":"en_US","og_type":"article","og_title":"Hydrolat De Petit Grain Et Neroli 100ml - gerajeune","og_description":"La combinaison entre le petit grain et le n\u00e9roli vous fournit une peau tonifi\u00e9e , purifi\u00e9e , r\u00e9g\u00e9n\u00e9r\u00e9e sans cicatrices et sans taches .","og_url":"https:\/\/gerajeune.com\/en\/product\/hydrolat-de-petit-grain-et-neroli-100ml\/","og_site_name":"gerajeune","article_publisher":"https:\/\/www.facebook.com\/gerajeune","twitter_card":"summary_large_image","twitter_misc":{"Est. reading time":"1 minute"},"schema":{"@context":"https:\/\/schema.org","@graph":[{"@type":"WebPage","@id":"https:\/\/gerajeune.com\/produit\/hydrolat-de-petit-grain-et-neroli-100ml\/","url":"https:\/\/gerajeune.com\/produit\/hydrolat-de-petit-grain-et-neroli-100ml\/","name":"Hydrolat De Petit Grain Et Neroli 100ml - gerajeune","isPartOf":{"@id":"https:\/\/gerajeune.com\/#website"},"datePublished":"2024-04-15T14:14:35+00:00","description":"La combinaison entre le petit grain et le n\u00e9roli vous fournit une peau tonifi\u00e9e , purifi\u00e9e , r\u00e9g\u00e9n\u00e9r\u00e9e sans cicatrices et sans taches .","breadcrumb":{"@id":"https:\/\/gerajeune.com\/produit\/hydrolat-de-petit-grain-et-neroli-100ml\/#breadcrumb"},"inLanguage":"en-US","potentialAction":[{"@type":"ReadAction","target":["https:\/\/gerajeune.com\/produit\/hydrolat-de-petit-grain-et-neroli-100ml\/"]}]},{"@type":"BreadcrumbList","@id":"https:\/\/gerajeune.com\/produit\/hydrolat-de-petit-grain-et-neroli-100ml\/#breadcrumb","itemListElement":[{"@type":"ListItem","position":1,"name":"Accueil","item":"https:\/\/gerajeune.com\/"},{"@type":"ListItem","position":2,"name":"Produits","item":"https:\/\/gerajeune.com\/__trashed-6\/"},{"@type":"ListItem","position":3,"name":"Hydrolat De Petit Grain Et Neroli 100ml"}]},{"@type":"WebSite","@id":"https:\/\/gerajeune.com\/#website","url":"https:\/\/gerajeune.com\/","name":"gerajeune","description":"Naturally beautiful, visibly young","publisher":{"@id":"https:\/\/gerajeune.com\/#organization"},"potentialAction":[{"@type":"SearchAction","target":{"@type":"EntryPoint","urlTemplate":"https:\/\/gerajeune.com\/?s={search_term_string}"},"query-input":{"@type":"PropertyValueSpecification","valueRequired":true,"valueName":"search_term_string"}}],"inLanguage":"en-US"},{"@type":"Organization","@id":"https:\/\/gerajeune.com\/#organization","name":"gerajeune","url":"https:\/\/gerajeune.com\/","logo":{"@type":"ImageObject","inLanguage":"en-US","@id":"https:\/\/gerajeune.com\/#\/schema\/logo\/image\/","url":"http:\/\/gerajeune.com\/wp-content\/uploads\/2021\/12\/cropped-logo-modifier-1-e1645608409226.png","contentUrl":"http:\/\/gerajeune.com\/wp-content\/uploads\/2021\/12\/cropped-logo-modifier-1-e1645608409226.png","width":250,"height":120,"caption":"gerajeune"},"image":{"@id":"https:\/\/gerajeune.com\/#\/schema\/logo\/image\/"},"sameAs":["https:\/\/www.facebook.com\/gerajeune","https:\/\/www.instagram.com\/gerajeune\/reels\/?hl=fr"]}]}},"jetpack_sharing_enabled":true,"_links":{"self":[{"href":"https:\/\/gerajeune.com\/en\/wp-json\/wp\/v2\/product\/6803","targetHints":{"allow":["GET"]}}],"collection":[{"href":"https:\/\/gerajeune.com\/en\/wp-json\/wp\/v2\/product"}],"about":[{"href":"https:\/\/gerajeune.com\/en\/wp-json\/wp\/v2\/types\/product"}],"replies":[{"embeddable":true,"href":"https:\/\/gerajeune.com\/en\/wp-json\/wp\/v2\/comments?post=6803"}],"version-history":[{"count":2,"href":"https:\/\/gerajeune.com\/en\/wp-json\/wp\/v2\/product\/6803\/revisions"}],"predecessor-version":[{"id":7064,"href":"https:\/\/gerajeune.com\/en\/wp-json\/wp\/v2\/product\/6803\/revisions\/7064"}],"wp:attachment":[{"href":"https:\/\/gerajeune.com\/en\/wp-json\/wp\/v2\/media?parent=6803"}],"wp:term":[{"taxonomy":"product_brand","embeddable":true,"href":"https:\/\/gerajeune.com\/en\/wp-json\/wp\/v2\/product_brand?post=6803"},{"taxonomy":"product_cat","embeddable":true,"href":"https:\/\/gerajeune.com\/en\/wp-json\/wp\/v2\/product_cat?post=6803"},{"taxonomy":"product_tag","embeddable":true,"href":"https:\/\/gerajeune.com\/en\/wp-json\/wp\/v2\/product_tag?post=6803"}],"curies":[{"name":"wp","href":"https:\/\/api.w.org\/{rel}","templated":true}]}}