{"id":6805,"date":"2024-02-29T16:00:58","date_gmt":"2024-02-29T15:00:58","guid":{"rendered":"http:\/\/gerajeune.com\/?post_type=product&#038;p=6805"},"modified":"2025-05-12T10:52:33","modified_gmt":"2025-05-12T09:52:33","slug":"ecran-solaire-teinte-age-deffense","status":"publish","type":"product","link":"https:\/\/gerajeune.com\/en\/product\/ecran-solaire-teinte-age-deffense\/","title":{"rendered":"Soin Solaire Teint\u00e9"},"content":{"rendered":"<p>Tinted Sunscreen<\/p>\n<p><strong>Why use sunscreen?<\/strong><\/p>\n<p>Gerajeune AGE-DEFENSE is a protective sun care with a new 4-in-1 formula:<\/p>\n<ul>\n<li>protection <a href=\"https:\/\/fr.wikipedia.org\/wiki\/UV\">UV<\/a><\/li>\n<li>prevention of aging wrinkles and spots,<\/li>\n<li>anti-acne and beautifying effect,<\/li>\n<li>illuminated skin effect.<\/li>\n<\/ul>\n<p>A protective texture and a discreet tint that lets you see more light,<br \/>\nfreshness, nutrition in your complexion.<\/p>\n<p>Recommended as sun care for sensitive skin.<\/p>\n<p>GERAJEUNE AGE-DEFENSE Natural Sun Care nourishes and protects the skin against oxidation<br \/>\ncaused by pollution and solar rays.<\/p>\n<p>Thanks to a combination of ten plant hydrosols, eight precious anti-aging oils, providing<br \/>\nminerals, vitamins and various antioxidants necessary to regenerate and preserve the skin, and the filter<br \/>\nharmless mineral based on Zinc oxide.<\/p>\n<ul>\n<li>The skin immediately regains comfort and protection.<\/li>\n<li>Reduces sweating<\/li>\n<\/ul>\n<p><strong>How to apply Tinted Sunscreen?<\/strong><\/p>\n<p>Apply to clean, dry skin before sun exposure and reapply every<br \/>\ntwo hours.<\/p>\n<p>Test on the crook of the arm or below the ear to check for allergy to any of the ingredients.<\/p>\n<p><strong>How do I choose the right sunscreen?<\/strong><\/p>\n<p>Choose a product with an SPF of at least 30.<\/p>\n<p><strong>When to apply sunscreen?<\/strong><\/p>\n<p>Use it every day.<\/p>\n<p>This is the last step in your morning skincare routine.<\/p>\n<p>Reapply every two hours. Make sure to use enough product.<\/p>\n<p><strong>Precautions for use:\u00a0<\/strong><\/p>\n<p>test on the crook of the arm or below the ear to check for allergy to one of the ingredients.<\/p>\n<p>Store at a temperature of -25\u00b0C.<\/p>\n<p>Still exists in <a href=\"http:\/\/gerajeune.com\/en\/product\/gerajeune-age-defense\/\">invisible format\u00a0<\/a><\/p>\n<p><b>Ingredients<\/b><strong>\u00a0:<\/strong><\/p>\n<p>water, Daucus carota seeds hydrosol, coco-Caprylate\/Caprate, Pistacia Lentiscus (Mastic) Gum Oil, Mono Propylene Glycol, Hyaluronic Acid, Lactc Acid, Sodium Benzoate, Potassium Sorbate, Glycerin, Licorice Extract (Glycymrrhiza Glabra Root Extract), Alpha - Arbutin, Xanthan Gum, Fragrance (Perfume), Potassium Sorbate.<\/p>","protected":false},"excerpt":{"rendered":"<p>Ecran Solaire Teint\u00e9 Pourquoi utiliser l&rsquo;\u00e9cran solaire ? Gerajeune AGE-DEFENSE est un soin solaire protecteur\u00a0 de\u00a0 nouvelle formule 4 en 1: protection UV pr\u00e9vention du vieillissement rides et taches, effet anti-acn\u00e9 et embellissant, effet peau \u00a0\u00e9clair\u00e9e. Une texture protectrice et une teinte discr\u00e8te qui vous laisse voir plus de lumi\u00e8re, de fra\u00eecheur, de nutrition dans votre teint. Recommand\u00e9e\u00a0 comme soin solaire pour les peaux sensibles . Le soin solaire Naturel GERAJEUNE AGE-DEFENSE nourrit et prot\u00e8ge la peau contre l&rsquo;oxydation engendr\u00e9e par la pollution et les rayons solaires. Grace \u00e0 une combinaison de dix hydrolats v\u00e9g\u00e9taux, huit huiles pr\u00e9cieuses anti \u00e2ge, apportant min\u00e9raux vitamines et divers antioxydants n\u00e9cessaires \u00e0 reg\u00e9n\u00e9rer et pr\u00e9server la peau, et le filtre min\u00e9ral inoffensif \u00e0 base d&rsquo;oxyde de Zinc. La peau retrouve imm\u00e9diatement confort et protection. R\u00e9duit la transpiration Comment appliquer l&rsquo;Ecran Solaire Teint\u00e9 ? Appliquer sur une peau propre et s\u00e8che avant l&rsquo;exposition solaire renouveler l&rsquo;application toutes les deux heures. Tester sur le creux du bras ou en dessous de l&rsquo;oreille pour v\u00e9rifier l&rsquo;absence d&rsquo;allergie \u00e0 l&rsquo;un des ingr\u00e9dient . Comment bien choisir mon \u00e9cran solaire ? choisissez un produit ayant un FPS d&rsquo;au moins 30. Quand appliquer l&rsquo;\u00e9cran solaire ? l&rsquo;Utilisez tous les jours. C&rsquo;est la derni\u00e8re \u00e9tape dans votre routine de soin du matin. Renouveler l&rsquo;application toutes les deux heures. Assurez-vous d&rsquo;utiliser suffisamment de produit Pr\u00e9cautions d&rsquo;utilisation :\u00a0 tester sur le creux du bras ou en dessous de l&rsquo;oreille pour v\u00e9rifier l&rsquo;absence d&rsquo;allergie a l &lsquo;un des ingr\u00e9dients . A conserver \u00e0 une temp\u00e9rature \u00e0 -25\u00b0C. Existe encore en format invisible\u00a0 Ingr\u00e9dients\u00a0: water , Daucus carota seeds hydrosol , coco-Caprylate\/Caprate ,Pistacia Lentiscus (Mastic) Gum Oil ,Mono Propylene Glycol , Hyaluronique Acid , Lactc Acid\u00a0 , Sodium Benzoate ,Potassium Sorbate , Glycerin , Licorice Extract (Glycymrrhiza Glabra Root Extract ), Alpha -Arbutin , Xanthan Gum , Fragrance (Parfum ), Potassium Sorbate .<\/p>","protected":false},"featured_media":14270,"comment_status":"open","ping_status":"closed","template":"","meta":{"_monsterinsights_skip_tracking":false,"_monsterinsights_sitenote_active":false,"_monsterinsights_sitenote_note":"","_monsterinsights_sitenote_category":0,"ocean_post_layout":"","ocean_both_sidebars_style":"","ocean_both_sidebars_content_width":0,"ocean_both_sidebars_sidebars_width":0,"ocean_sidebar":"0","ocean_second_sidebar":"0","ocean_disable_margins":"enable","ocean_add_body_class":"","ocean_shortcode_before_top_bar":"","ocean_shortcode_after_top_bar":"","ocean_shortcode_before_header":"","ocean_shortcode_after_header":"","ocean_has_shortcode":"","ocean_shortcode_after_title":"","ocean_shortcode_before_footer_widgets":"","ocean_shortcode_after_footer_widgets":"","ocean_shortcode_before_footer_bottom":"","ocean_shortcode_after_footer_bottom":"","ocean_display_top_bar":"default","ocean_display_header":"default","ocean_header_style":"","ocean_center_header_left_menu":"0","ocean_custom_header_template":"0","ocean_custom_logo":0,"ocean_custom_retina_logo":0,"ocean_custom_logo_max_width":0,"ocean_custom_logo_tablet_max_width":0,"ocean_custom_logo_mobile_max_width":0,"ocean_custom_logo_max_height":0,"ocean_custom_logo_tablet_max_height":0,"ocean_custom_logo_mobile_max_height":0,"ocean_header_custom_menu":"0","ocean_menu_typo_font_family":"0","ocean_menu_typo_font_subset":"","ocean_menu_typo_font_size":0,"ocean_menu_typo_font_size_tablet":0,"ocean_menu_typo_font_size_mobile":0,"ocean_menu_typo_font_size_unit":"px","ocean_menu_typo_font_weight":"","ocean_menu_typo_font_weight_tablet":"","ocean_menu_typo_font_weight_mobile":"","ocean_menu_typo_transform":"","ocean_menu_typo_transform_tablet":"","ocean_menu_typo_transform_mobile":"","ocean_menu_typo_line_height":0,"ocean_menu_typo_line_height_tablet":0,"ocean_menu_typo_line_height_mobile":0,"ocean_menu_typo_line_height_unit":"","ocean_menu_typo_spacing":0,"ocean_menu_typo_spacing_tablet":0,"ocean_menu_typo_spacing_mobile":0,"ocean_menu_typo_spacing_unit":"","ocean_menu_link_color":"","ocean_menu_link_color_hover":"","ocean_menu_link_color_active":"","ocean_menu_link_background":"","ocean_menu_link_hover_background":"","ocean_menu_link_active_background":"","ocean_menu_social_links_bg":"","ocean_menu_social_hover_links_bg":"","ocean_menu_social_links_color":"","ocean_menu_social_hover_links_color":"","ocean_disable_title":"default","ocean_disable_heading":"default","ocean_post_title":"","ocean_post_subheading":"","ocean_post_title_style":"","ocean_post_title_background_color":"","ocean_post_title_background":0,"ocean_post_title_bg_image_position":"","ocean_post_title_bg_image_attachment":"","ocean_post_title_bg_image_repeat":"","ocean_post_title_bg_image_size":"","ocean_post_title_height":0,"ocean_post_title_bg_overlay":0.5,"ocean_post_title_bg_overlay_color":"","ocean_disable_breadcrumbs":"default","ocean_breadcrumbs_color":"","ocean_breadcrumbs_separator_color":"","ocean_breadcrumbs_links_color":"","ocean_breadcrumbs_links_hover_color":"","ocean_display_footer_widgets":"default","ocean_display_footer_bottom":"default","ocean_custom_footer_template":"0","omw_enable_modal_window":"enable"},"product_brand":[],"product_cat":[56],"product_tag":[],"class_list":{"0":"post-6805","1":"product","2":"type-product","3":"status-publish","4":"has-post-thumbnail","6":"product_cat-soin-visage","8":"entry","9":"has-media","11":"first","12":"instock","13":"sale","14":"taxable","15":"shipping-taxable","16":"purchasable","17":"product-type-simple","18":"col","19":"span_1_of_3","20":"owp-content-center","21":"owp-thumbs-layout-horizontal","22":"owp-btn-normal","23":"owp-tabs-layout-horizontal","24":"has-no-thumbnails"},"yoast_head":"<!-- This site is optimized with the Yoast SEO plugin v27.0 - https:\/\/yoast.com\/product\/yoast-seo-wordpress\/ -->\n<title>Soin Solaire Teint\u00e9 - gerajeune<\/title>\n<meta name=\"description\" content=\"Soin solaire Teint\u00e9 ,NATUREL, Eclaircissant , \u00e0 filtre min\u00e9ral pour peaux sensibles . SPF 50 , r\u00e9sistant a l&#039;eau et non gras. Anti acn\u00e9 , Anti rides.\" \/>\n<meta name=\"robots\" content=\"index, follow, max-snippet:-1, max-image-preview:large, max-video-preview:-1\" \/>\n<link rel=\"canonical\" href=\"https:\/\/gerajeune.com\/en\/product\/ecran-solaire-teinte-age-deffense\/\" \/>\n<meta property=\"og:locale\" content=\"en_US\" \/>\n<meta property=\"og:type\" content=\"article\" \/>\n<meta property=\"og:title\" content=\"Soin Solaire Teint\u00e9 - gerajeune\" \/>\n<meta property=\"og:description\" content=\"Soin solaire Teint\u00e9 ,NATUREL, Eclaircissant , \u00e0 filtre min\u00e9ral pour peaux sensibles . SPF 50 , r\u00e9sistant a l&#039;eau et non gras. Anti acn\u00e9 , Anti rides.\" \/>\n<meta property=\"og:url\" content=\"https:\/\/gerajeune.com\/en\/product\/ecran-solaire-teinte-age-deffense\/\" \/>\n<meta property=\"og:site_name\" content=\"gerajeune\" \/>\n<meta property=\"article:publisher\" content=\"https:\/\/www.facebook.com\/gerajeune\" \/>\n<meta property=\"article:modified_time\" content=\"2025-05-12T09:52:33+00:00\" \/>\n<meta property=\"og:image\" content=\"https:\/\/gerajeune.com\/wp-content\/uploads\/2024\/02\/Soins_Solaire_Tainte_New.webp\" \/>\n\t<meta property=\"og:image:width\" content=\"1080\" \/>\n\t<meta property=\"og:image:height\" content=\"1080\" \/>\n\t<meta property=\"og:image:type\" content=\"image\/webp\" \/>\n<meta name=\"twitter:card\" content=\"summary_large_image\" \/>\n<meta name=\"twitter:label1\" content=\"Est. reading time\" \/>\n\t<meta name=\"twitter:data1\" content=\"2 minutes\" \/>\n<script type=\"application\/ld+json\" class=\"yoast-schema-graph\">{\"@context\":\"https:\/\/schema.org\",\"@graph\":[{\"@type\":\"WebPage\",\"@id\":\"https:\/\/gerajeune.com\/produit\/ecran-solaire-teinte-age-deffense\/\",\"url\":\"https:\/\/gerajeune.com\/produit\/ecran-solaire-teinte-age-deffense\/\",\"name\":\"Soin Solaire Teint\u00e9 - gerajeune\",\"isPartOf\":{\"@id\":\"https:\/\/gerajeune.com\/#website\"},\"primaryImageOfPage\":{\"@id\":\"https:\/\/gerajeune.com\/produit\/ecran-solaire-teinte-age-deffense\/#primaryimage\"},\"image\":{\"@id\":\"https:\/\/gerajeune.com\/produit\/ecran-solaire-teinte-age-deffense\/#primaryimage\"},\"thumbnailUrl\":\"https:\/\/gerajeune.com\/wp-content\/uploads\/2024\/02\/Soins_Solaire_Tainte_New.webp\",\"datePublished\":\"2024-02-29T15:00:58+00:00\",\"dateModified\":\"2025-05-12T09:52:33+00:00\",\"description\":\"Soin solaire Teint\u00e9 ,NATUREL, Eclaircissant , \u00e0 filtre min\u00e9ral pour peaux sensibles . SPF 50 , r\u00e9sistant a l'eau et non gras. Anti acn\u00e9 , Anti rides.\",\"breadcrumb\":{\"@id\":\"https:\/\/gerajeune.com\/produit\/ecran-solaire-teinte-age-deffense\/#breadcrumb\"},\"inLanguage\":\"en-US\",\"potentialAction\":[{\"@type\":\"ReadAction\",\"target\":[\"https:\/\/gerajeune.com\/produit\/ecran-solaire-teinte-age-deffense\/\"]}]},{\"@type\":\"ImageObject\",\"inLanguage\":\"en-US\",\"@id\":\"https:\/\/gerajeune.com\/produit\/ecran-solaire-teinte-age-deffense\/#primaryimage\",\"url\":\"https:\/\/gerajeune.com\/wp-content\/uploads\/2024\/02\/Soins_Solaire_Tainte_New.webp\",\"contentUrl\":\"https:\/\/gerajeune.com\/wp-content\/uploads\/2024\/02\/Soins_Solaire_Tainte_New.webp\",\"width\":1080,\"height\":1080},{\"@type\":\"BreadcrumbList\",\"@id\":\"https:\/\/gerajeune.com\/produit\/ecran-solaire-teinte-age-deffense\/#breadcrumb\",\"itemListElement\":[{\"@type\":\"ListItem\",\"position\":1,\"name\":\"Accueil\",\"item\":\"https:\/\/gerajeune.com\/\"},{\"@type\":\"ListItem\",\"position\":2,\"name\":\"Produits\",\"item\":\"https:\/\/gerajeune.com\/__trashed-6\/\"},{\"@type\":\"ListItem\",\"position\":3,\"name\":\"Soin Solaire Teint\u00e9\"}]},{\"@type\":\"WebSite\",\"@id\":\"https:\/\/gerajeune.com\/#website\",\"url\":\"https:\/\/gerajeune.com\/\",\"name\":\"gerajeune\",\"description\":\"Naturellement belle, visiblement jeune\",\"publisher\":{\"@id\":\"https:\/\/gerajeune.com\/#organization\"},\"potentialAction\":[{\"@type\":\"SearchAction\",\"target\":{\"@type\":\"EntryPoint\",\"urlTemplate\":\"https:\/\/gerajeune.com\/?s={search_term_string}\"},\"query-input\":{\"@type\":\"PropertyValueSpecification\",\"valueRequired\":true,\"valueName\":\"search_term_string\"}}],\"inLanguage\":\"en-US\"},{\"@type\":\"Organization\",\"@id\":\"https:\/\/gerajeune.com\/#organization\",\"name\":\"gerajeune\",\"url\":\"https:\/\/gerajeune.com\/\",\"logo\":{\"@type\":\"ImageObject\",\"inLanguage\":\"en-US\",\"@id\":\"https:\/\/gerajeune.com\/#\/schema\/logo\/image\/\",\"url\":\"http:\/\/gerajeune.com\/wp-content\/uploads\/2021\/12\/cropped-logo-modifier-1-e1645608409226.png\",\"contentUrl\":\"http:\/\/gerajeune.com\/wp-content\/uploads\/2021\/12\/cropped-logo-modifier-1-e1645608409226.png\",\"width\":250,\"height\":120,\"caption\":\"gerajeune\"},\"image\":{\"@id\":\"https:\/\/gerajeune.com\/#\/schema\/logo\/image\/\"},\"sameAs\":[\"https:\/\/www.facebook.com\/gerajeune\",\"https:\/\/www.instagram.com\/gerajeune\/reels\/?hl=fr\"]}]}<\/script>\n<!-- \/ Yoast SEO plugin. -->","yoast_head_json":{"title":"Soin Solaire Teint\u00e9 - gerajeune","description":"Soin solaire Teint\u00e9 ,NATUREL, Eclaircissant , \u00e0 filtre min\u00e9ral pour peaux sensibles . SPF 50 , r\u00e9sistant a l'eau et non gras. Anti acn\u00e9 , Anti rides.","robots":{"index":"index","follow":"follow","max-snippet":"max-snippet:-1","max-image-preview":"max-image-preview:large","max-video-preview":"max-video-preview:-1"},"canonical":"https:\/\/gerajeune.com\/en\/product\/ecran-solaire-teinte-age-deffense\/","og_locale":"en_US","og_type":"article","og_title":"Soin Solaire Teint\u00e9 - gerajeune","og_description":"Soin solaire Teint\u00e9 ,NATUREL, Eclaircissant , \u00e0 filtre min\u00e9ral pour peaux sensibles . SPF 50 , r\u00e9sistant a l'eau et non gras. Anti acn\u00e9 , Anti rides.","og_url":"https:\/\/gerajeune.com\/en\/product\/ecran-solaire-teinte-age-deffense\/","og_site_name":"gerajeune","article_publisher":"https:\/\/www.facebook.com\/gerajeune","article_modified_time":"2025-05-12T09:52:33+00:00","og_image":[{"width":1080,"height":1080,"url":"https:\/\/gerajeune.com\/wp-content\/uploads\/2024\/02\/Soins_Solaire_Tainte_New.webp","type":"image\/webp"}],"twitter_card":"summary_large_image","twitter_misc":{"Est. reading time":"2 minutes"},"schema":{"@context":"https:\/\/schema.org","@graph":[{"@type":"WebPage","@id":"https:\/\/gerajeune.com\/produit\/ecran-solaire-teinte-age-deffense\/","url":"https:\/\/gerajeune.com\/produit\/ecran-solaire-teinte-age-deffense\/","name":"Soin Solaire Teint\u00e9 - gerajeune","isPartOf":{"@id":"https:\/\/gerajeune.com\/#website"},"primaryImageOfPage":{"@id":"https:\/\/gerajeune.com\/produit\/ecran-solaire-teinte-age-deffense\/#primaryimage"},"image":{"@id":"https:\/\/gerajeune.com\/produit\/ecran-solaire-teinte-age-deffense\/#primaryimage"},"thumbnailUrl":"https:\/\/gerajeune.com\/wp-content\/uploads\/2024\/02\/Soins_Solaire_Tainte_New.webp","datePublished":"2024-02-29T15:00:58+00:00","dateModified":"2025-05-12T09:52:33+00:00","description":"Soin solaire Teint\u00e9 ,NATUREL, Eclaircissant , \u00e0 filtre min\u00e9ral pour peaux sensibles . SPF 50 , r\u00e9sistant a l'eau et non gras. Anti acn\u00e9 , Anti rides.","breadcrumb":{"@id":"https:\/\/gerajeune.com\/produit\/ecran-solaire-teinte-age-deffense\/#breadcrumb"},"inLanguage":"en-US","potentialAction":[{"@type":"ReadAction","target":["https:\/\/gerajeune.com\/produit\/ecran-solaire-teinte-age-deffense\/"]}]},{"@type":"ImageObject","inLanguage":"en-US","@id":"https:\/\/gerajeune.com\/produit\/ecran-solaire-teinte-age-deffense\/#primaryimage","url":"https:\/\/gerajeune.com\/wp-content\/uploads\/2024\/02\/Soins_Solaire_Tainte_New.webp","contentUrl":"https:\/\/gerajeune.com\/wp-content\/uploads\/2024\/02\/Soins_Solaire_Tainte_New.webp","width":1080,"height":1080},{"@type":"BreadcrumbList","@id":"https:\/\/gerajeune.com\/produit\/ecran-solaire-teinte-age-deffense\/#breadcrumb","itemListElement":[{"@type":"ListItem","position":1,"name":"Accueil","item":"https:\/\/gerajeune.com\/"},{"@type":"ListItem","position":2,"name":"Produits","item":"https:\/\/gerajeune.com\/__trashed-6\/"},{"@type":"ListItem","position":3,"name":"Soin Solaire Teint\u00e9"}]},{"@type":"WebSite","@id":"https:\/\/gerajeune.com\/#website","url":"https:\/\/gerajeune.com\/","name":"gerajeune","description":"Naturally beautiful, visibly young","publisher":{"@id":"https:\/\/gerajeune.com\/#organization"},"potentialAction":[{"@type":"SearchAction","target":{"@type":"EntryPoint","urlTemplate":"https:\/\/gerajeune.com\/?s={search_term_string}"},"query-input":{"@type":"PropertyValueSpecification","valueRequired":true,"valueName":"search_term_string"}}],"inLanguage":"en-US"},{"@type":"Organization","@id":"https:\/\/gerajeune.com\/#organization","name":"gerajeune","url":"https:\/\/gerajeune.com\/","logo":{"@type":"ImageObject","inLanguage":"en-US","@id":"https:\/\/gerajeune.com\/#\/schema\/logo\/image\/","url":"http:\/\/gerajeune.com\/wp-content\/uploads\/2021\/12\/cropped-logo-modifier-1-e1645608409226.png","contentUrl":"http:\/\/gerajeune.com\/wp-content\/uploads\/2021\/12\/cropped-logo-modifier-1-e1645608409226.png","width":250,"height":120,"caption":"gerajeune"},"image":{"@id":"https:\/\/gerajeune.com\/#\/schema\/logo\/image\/"},"sameAs":["https:\/\/www.facebook.com\/gerajeune","https:\/\/www.instagram.com\/gerajeune\/reels\/?hl=fr"]}]}},"jetpack_sharing_enabled":true,"_links":{"self":[{"href":"https:\/\/gerajeune.com\/en\/wp-json\/wp\/v2\/product\/6805","targetHints":{"allow":["GET"]}}],"collection":[{"href":"https:\/\/gerajeune.com\/en\/wp-json\/wp\/v2\/product"}],"about":[{"href":"https:\/\/gerajeune.com\/en\/wp-json\/wp\/v2\/types\/product"}],"replies":[{"embeddable":true,"href":"https:\/\/gerajeune.com\/en\/wp-json\/wp\/v2\/comments?post=6805"}],"version-history":[{"count":7,"href":"https:\/\/gerajeune.com\/en\/wp-json\/wp\/v2\/product\/6805\/revisions"}],"predecessor-version":[{"id":7048,"href":"https:\/\/gerajeune.com\/en\/wp-json\/wp\/v2\/product\/6805\/revisions\/7048"}],"wp:featuredmedia":[{"embeddable":true,"href":"https:\/\/gerajeune.com\/en\/wp-json\/wp\/v2\/media\/14270"}],"wp:attachment":[{"href":"https:\/\/gerajeune.com\/en\/wp-json\/wp\/v2\/media?parent=6805"}],"wp:term":[{"taxonomy":"product_brand","embeddable":true,"href":"https:\/\/gerajeune.com\/en\/wp-json\/wp\/v2\/product_brand?post=6805"},{"taxonomy":"product_cat","embeddable":true,"href":"https:\/\/gerajeune.com\/en\/wp-json\/wp\/v2\/product_cat?post=6805"},{"taxonomy":"product_tag","embeddable":true,"href":"https:\/\/gerajeune.com\/en\/wp-json\/wp\/v2\/product_tag?post=6805"}],"curies":[{"name":"wp","href":"https:\/\/api.w.org\/{rel}","templated":true}]}}