{"id":6822,"date":"2024-03-01T17:25:46","date_gmt":"2024-03-01T16:25:46","guid":{"rendered":"http:\/\/gerajeune.com\/?post_type=product&#038;p=6822"},"modified":"2024-08-18T00:13:10","modified_gmt":"2024-08-17T23:13:10","slug":"lotion-tonique-tonifiante-desalterante","status":"publish","type":"product","link":"https:\/\/gerajeune.com\/en\/product\/lotion-tonique-tonifiante-desalterante\/","title":{"rendered":"Thirst-quenching Toning Lotion"},"content":{"rendered":"<p>;.Toner Lotion<\/p>\n<h4><strong>What is its role?<\/strong><\/h4>\n<p>The tonic lotion has a refreshing, unifying, soothing, balancing and strengthening power.<a href=\"https:\/\/fr.wikipedia.org\/wiki\/Peau\">the skin barrier<\/a> .<\/p>\n<p>In addition, it brightens the complexion, promotes its transparency and reduces the signs of aging. Rich in:<\/p>\n<ul>\n<li>\u00a0provitamin B5 which has above all a moisturizing action, This active ingredient is particularly suitable for sensitive, reactive, damaged or delicate skin. It soothes the skin thanks to its anti-inflammatory properties. Finally, it is recommended for acne-prone, burned or injured skin: vitamin B5 has scar properties and supports cell regeneration.<\/li>\n<li>Lavender hydrosol known for these properties: Astringent, it is an excellent tonic for all skin types. Purifying, it cleanses and softens the skin<\/li>\n<\/ul>\n<h4><strong>When to use it?<\/strong><\/h4>\n<p>It is used daily on clean skin to remove traces of limescale resulting after rinsing before each treatment, or on made-up skin to soothe redness or as a make-up fixative which can be added to your creams, balms or serums.<\/p>\n<p>also discover <a href=\"http:\/\/gerajeune.com\/en\/product\/lotion-tonique\/\">the balancing unifying tonic lotion\u00a0<\/a><\/p>\n<h4><strong>How to use it?<\/strong><\/h4>\n<ol>\n<li class=\"TrT0Xe\">Apply after makeup removal and cleansing, on clean skin. Always.<\/li>\n<li class=\"TrT0Xe\">Soak a cotton pad in toner and apply it to your face using mini-patting movements. \u2026<\/li>\n<li class=\"TrT0Xe\">The toner does not rinse off.<\/li>\n<\/ol>\n<h4><strong>Ingredients :<\/strong><\/h4>\n<p>Aqua, riganum mariorana hydrolate, lavandula hydrolate, citrus aurantium flower extract, glycineavoine oil, zea may oil, glycerystearate SE, olea europea oil, rosa canina extract, cocos nucifera, vitis vinifera oil ricinus communis xanthan gum, benzyl alcohol, itamin, perfume dehydroacetic acid, chamomilla matricaria oil, vanillin, linalool, limonene, geraniol.<\/p>","protected":false},"excerpt":{"rendered":"<p>;.Lotion Tonique Quel est son r\u00f4le\u00a0 ? La lotion tonique a\u00a0 un pouvoir rafraichissant , unifiant , apaisant , \u00e9quilibrant et renfor\u00e7ant de la barri\u00e8re cutan\u00e9e . En plus elle illumine le teint ,favorise sa transparence et r\u00e9duit les signes de vieillissement. Riche en : \u00a0provitamine B5 qui poss\u00e8de avant tout une action hydratante, Cet actif est particuli\u00e8rement indiqu\u00e9 pour les peaux sensibles, r\u00e9actives, ab\u00eem\u00e9es ou encore d\u00e9licates. elle\u00a0 apaise la peau gr\u00e2ce \u00e0 ses propri\u00e9t\u00e9s anti-inflammatoires. Enfin, elle est conseill\u00e9e pour les peaux acn\u00e9iques, br\u00fbl\u00e9es ou bless\u00e9es : la vitamine B5 a des propri\u00e9t\u00e9s cicatrices et soutient la r\u00e9g\u00e9n\u00e9ration cellulaire. Hydrolat de lavande reconnu pour ces propri\u00e9t\u00e9s : Astringent, c&rsquo;est un excellent tonique pour toutes les peaux. Purifiant, il nettoie et adoucit la peau Quand l&rsquo;utiliser ? on l&rsquo;utilise quotidiennement sur une peau propre pour \u00e9liminer les traces de calcaire r\u00e9sultants apr\u00e8s le rin\u00e7age avant chaque soin , ou sur une peau maquill\u00e9e pour apaiser les rougeurs ou au tant qu&rsquo;un fixateur de maquillage qui peut \u00eatre additionn\u00e9 a vos cr\u00e8mes ,baumes ou s\u00e9rums . d\u00e9couvrez aussi la lotion tonique unifiante \u00e9quilibrante\u00a0 Comment l&rsquo;utiliser\u00a0 ? s&rsquo;applique apr\u00e8s le d\u00e9maquillage et le nettoyage, sur une peau propre. Toujours. Imbibez un coton de lotion\u00a0tonique\u00a0et appliquez-le sur votre visage en effectuant des mini-tapotements. &#8230; La lotion\u00a0tonique\u00a0ne se rince pas. Ingr\u00e9dients : Aqua,riganum mariorana hydrolate, lavandula hydrolate ,citrus aurantium flower extract ,glycine soja oil, zea may oil, glycerystearate SE,olea europea oil , rosa canina extract , cocos nuciffera , vitis vinifera oil ricinus communis xanthan gum, benzyl alcohol, itamin,parfum dehydroacetic acid, chamomilla matricaria oil,vanilline,linalool,limonene,geraniol.<\/p>","protected":false},"featured_media":10328,"comment_status":"open","ping_status":"closed","template":"","meta":{"_monsterinsights_skip_tracking":false,"_monsterinsights_sitenote_active":false,"_monsterinsights_sitenote_note":"","_monsterinsights_sitenote_category":0,"ocean_post_layout":"","ocean_both_sidebars_style":"","ocean_both_sidebars_content_width":0,"ocean_both_sidebars_sidebars_width":0,"ocean_sidebar":"0","ocean_second_sidebar":"0","ocean_disable_margins":"enable","ocean_add_body_class":"","ocean_shortcode_before_top_bar":"","ocean_shortcode_after_top_bar":"","ocean_shortcode_before_header":"","ocean_shortcode_after_header":"","ocean_has_shortcode":"","ocean_shortcode_after_title":"","ocean_shortcode_before_footer_widgets":"","ocean_shortcode_after_footer_widgets":"","ocean_shortcode_before_footer_bottom":"","ocean_shortcode_after_footer_bottom":"","ocean_display_top_bar":"default","ocean_display_header":"default","ocean_header_style":"","ocean_center_header_left_menu":"0","ocean_custom_header_template":"0","ocean_custom_logo":0,"ocean_custom_retina_logo":0,"ocean_custom_logo_max_width":0,"ocean_custom_logo_tablet_max_width":0,"ocean_custom_logo_mobile_max_width":0,"ocean_custom_logo_max_height":0,"ocean_custom_logo_tablet_max_height":0,"ocean_custom_logo_mobile_max_height":0,"ocean_header_custom_menu":"0","ocean_menu_typo_font_family":"0","ocean_menu_typo_font_subset":"","ocean_menu_typo_font_size":0,"ocean_menu_typo_font_size_tablet":0,"ocean_menu_typo_font_size_mobile":0,"ocean_menu_typo_font_size_unit":"px","ocean_menu_typo_font_weight":"","ocean_menu_typo_font_weight_tablet":"","ocean_menu_typo_font_weight_mobile":"","ocean_menu_typo_transform":"","ocean_menu_typo_transform_tablet":"","ocean_menu_typo_transform_mobile":"","ocean_menu_typo_line_height":0,"ocean_menu_typo_line_height_tablet":0,"ocean_menu_typo_line_height_mobile":0,"ocean_menu_typo_line_height_unit":"","ocean_menu_typo_spacing":0,"ocean_menu_typo_spacing_tablet":0,"ocean_menu_typo_spacing_mobile":0,"ocean_menu_typo_spacing_unit":"","ocean_menu_link_color":"","ocean_menu_link_color_hover":"","ocean_menu_link_color_active":"","ocean_menu_link_background":"","ocean_menu_link_hover_background":"","ocean_menu_link_active_background":"","ocean_menu_social_links_bg":"","ocean_menu_social_hover_links_bg":"","ocean_menu_social_links_color":"","ocean_menu_social_hover_links_color":"","ocean_disable_title":"default","ocean_disable_heading":"default","ocean_post_title":"","ocean_post_subheading":"","ocean_post_title_style":"","ocean_post_title_background_color":"","ocean_post_title_background":0,"ocean_post_title_bg_image_position":"","ocean_post_title_bg_image_attachment":"","ocean_post_title_bg_image_repeat":"","ocean_post_title_bg_image_size":"","ocean_post_title_height":0,"ocean_post_title_bg_overlay":0.5,"ocean_post_title_bg_overlay_color":"","ocean_disable_breadcrumbs":"default","ocean_breadcrumbs_color":"","ocean_breadcrumbs_separator_color":"","ocean_breadcrumbs_links_color":"","ocean_breadcrumbs_links_hover_color":"","ocean_display_footer_widgets":"default","ocean_display_footer_bottom":"default","ocean_custom_footer_template":"0","omw_enable_modal_window":"enable"},"product_brand":[],"product_cat":[56],"product_tag":[],"class_list":{"0":"post-6822","1":"product","2":"type-product","3":"status-publish","4":"has-post-thumbnail","6":"product_cat-soin-visage","8":"entry","9":"has-media","11":"first","12":"instock","13":"taxable","14":"shipping-taxable","15":"purchasable","16":"product-type-simple","17":"col","18":"span_1_of_3","19":"owp-content-center","20":"owp-thumbs-layout-horizontal","21":"owp-btn-normal","22":"owp-tabs-layout-horizontal","23":"has-no-thumbnails"},"yoast_head":"<!-- This site is optimized with the Yoast SEO plugin v27.0 - https:\/\/yoast.com\/product\/yoast-seo-wordpress\/ -->\n<title>Lotion Tonique Tonifiante D\u00e9salt\u00e9rante - gerajeune<\/title>\n<meta name=\"description\" content=\"Profitez d&#039;un geste express 2en1 : tonifiant et d\u00e9salt\u00e9rant avec notre lotion tonique en spray 99% naturelle et pour touts types de peaux.\" \/>\n<meta name=\"robots\" content=\"index, follow, max-snippet:-1, max-image-preview:large, max-video-preview:-1\" \/>\n<link rel=\"canonical\" href=\"https:\/\/gerajeune.com\/en\/product\/lotion-tonique-tonifiante-desalterante\/\" \/>\n<meta property=\"og:locale\" content=\"en_US\" \/>\n<meta property=\"og:type\" content=\"article\" \/>\n<meta property=\"og:title\" content=\"Lotion Tonique Tonifiante D\u00e9salt\u00e9rante - gerajeune\" \/>\n<meta property=\"og:description\" content=\"Profitez d&#039;un geste express 2en1 : tonifiant et d\u00e9salt\u00e9rant avec notre lotion tonique en spray 99% naturelle et pour touts types de peaux.\" \/>\n<meta property=\"og:url\" content=\"https:\/\/gerajeune.com\/en\/product\/lotion-tonique-tonifiante-desalterante\/\" \/>\n<meta property=\"og:site_name\" content=\"gerajeune\" \/>\n<meta property=\"article:publisher\" content=\"https:\/\/www.facebook.com\/gerajeune\" \/>\n<meta property=\"article:modified_time\" content=\"2024-08-17T23:13:10+00:00\" \/>\n<meta property=\"og:image\" content=\"https:\/\/gerajeune.com\/wp-content\/uploads\/2024\/06\/toniqueTonifiante-1.png\" \/>\n\t<meta property=\"og:image:width\" content=\"1587\" \/>\n\t<meta property=\"og:image:height\" content=\"2245\" \/>\n\t<meta property=\"og:image:type\" content=\"image\/png\" \/>\n<meta name=\"twitter:card\" content=\"summary_large_image\" \/>\n<meta name=\"twitter:label1\" content=\"Est. reading time\" \/>\n\t<meta name=\"twitter:data1\" content=\"1 minute\" \/>\n<script type=\"application\/ld+json\" class=\"yoast-schema-graph\">{\"@context\":\"https:\/\/schema.org\",\"@graph\":[{\"@type\":\"WebPage\",\"@id\":\"https:\/\/gerajeune.com\/produit\/lotion-tonique-tonifiante-desalterante\/\",\"url\":\"https:\/\/gerajeune.com\/produit\/lotion-tonique-tonifiante-desalterante\/\",\"name\":\"Lotion Tonique Tonifiante D\u00e9salt\u00e9rante - gerajeune\",\"isPartOf\":{\"@id\":\"https:\/\/gerajeune.com\/#website\"},\"primaryImageOfPage\":{\"@id\":\"https:\/\/gerajeune.com\/produit\/lotion-tonique-tonifiante-desalterante\/#primaryimage\"},\"image\":{\"@id\":\"https:\/\/gerajeune.com\/produit\/lotion-tonique-tonifiante-desalterante\/#primaryimage\"},\"thumbnailUrl\":\"https:\/\/gerajeune.com\/wp-content\/uploads\/2024\/06\/toniqueTonifiante-1.png\",\"datePublished\":\"2024-03-01T16:25:46+00:00\",\"dateModified\":\"2024-08-17T23:13:10+00:00\",\"description\":\"Profitez d'un geste express 2en1 : tonifiant et d\u00e9salt\u00e9rant avec notre lotion tonique en spray 99% naturelle et pour touts types de peaux.\",\"breadcrumb\":{\"@id\":\"https:\/\/gerajeune.com\/produit\/lotion-tonique-tonifiante-desalterante\/#breadcrumb\"},\"inLanguage\":\"en-US\",\"potentialAction\":[{\"@type\":\"ReadAction\",\"target\":[\"https:\/\/gerajeune.com\/produit\/lotion-tonique-tonifiante-desalterante\/\"]}]},{\"@type\":\"ImageObject\",\"inLanguage\":\"en-US\",\"@id\":\"https:\/\/gerajeune.com\/produit\/lotion-tonique-tonifiante-desalterante\/#primaryimage\",\"url\":\"https:\/\/gerajeune.com\/wp-content\/uploads\/2024\/06\/toniqueTonifiante-1.png\",\"contentUrl\":\"https:\/\/gerajeune.com\/wp-content\/uploads\/2024\/06\/toniqueTonifiante-1.png\",\"width\":1587,\"height\":2245},{\"@type\":\"BreadcrumbList\",\"@id\":\"https:\/\/gerajeune.com\/produit\/lotion-tonique-tonifiante-desalterante\/#breadcrumb\",\"itemListElement\":[{\"@type\":\"ListItem\",\"position\":1,\"name\":\"Accueil\",\"item\":\"https:\/\/gerajeune.com\/\"},{\"@type\":\"ListItem\",\"position\":2,\"name\":\"Produits\",\"item\":\"https:\/\/gerajeune.com\/__trashed-6\/\"},{\"@type\":\"ListItem\",\"position\":3,\"name\":\"Lotion Tonique Tonifiante D\u00e9salt\u00e9rante\"}]},{\"@type\":\"WebSite\",\"@id\":\"https:\/\/gerajeune.com\/#website\",\"url\":\"https:\/\/gerajeune.com\/\",\"name\":\"gerajeune\",\"description\":\"Naturellement belle, visiblement jeune\",\"publisher\":{\"@id\":\"https:\/\/gerajeune.com\/#organization\"},\"potentialAction\":[{\"@type\":\"SearchAction\",\"target\":{\"@type\":\"EntryPoint\",\"urlTemplate\":\"https:\/\/gerajeune.com\/?s={search_term_string}\"},\"query-input\":{\"@type\":\"PropertyValueSpecification\",\"valueRequired\":true,\"valueName\":\"search_term_string\"}}],\"inLanguage\":\"en-US\"},{\"@type\":\"Organization\",\"@id\":\"https:\/\/gerajeune.com\/#organization\",\"name\":\"gerajeune\",\"url\":\"https:\/\/gerajeune.com\/\",\"logo\":{\"@type\":\"ImageObject\",\"inLanguage\":\"en-US\",\"@id\":\"https:\/\/gerajeune.com\/#\/schema\/logo\/image\/\",\"url\":\"http:\/\/gerajeune.com\/wp-content\/uploads\/2021\/12\/cropped-logo-modifier-1-e1645608409226.png\",\"contentUrl\":\"http:\/\/gerajeune.com\/wp-content\/uploads\/2021\/12\/cropped-logo-modifier-1-e1645608409226.png\",\"width\":250,\"height\":120,\"caption\":\"gerajeune\"},\"image\":{\"@id\":\"https:\/\/gerajeune.com\/#\/schema\/logo\/image\/\"},\"sameAs\":[\"https:\/\/www.facebook.com\/gerajeune\",\"https:\/\/www.instagram.com\/gerajeune\/reels\/?hl=fr\"]}]}<\/script>\n<!-- \/ Yoast SEO plugin. -->","yoast_head_json":{"title":"Lotion Tonique Tonifiante D\u00e9salt\u00e9rante - gerajeune","description":"Profitez d'un geste express 2en1 : tonifiant et d\u00e9salt\u00e9rant avec notre lotion tonique en spray 99% naturelle et pour touts types de peaux.","robots":{"index":"index","follow":"follow","max-snippet":"max-snippet:-1","max-image-preview":"max-image-preview:large","max-video-preview":"max-video-preview:-1"},"canonical":"https:\/\/gerajeune.com\/en\/product\/lotion-tonique-tonifiante-desalterante\/","og_locale":"en_US","og_type":"article","og_title":"Lotion Tonique Tonifiante D\u00e9salt\u00e9rante - gerajeune","og_description":"Profitez d'un geste express 2en1 : tonifiant et d\u00e9salt\u00e9rant avec notre lotion tonique en spray 99% naturelle et pour touts types de peaux.","og_url":"https:\/\/gerajeune.com\/en\/product\/lotion-tonique-tonifiante-desalterante\/","og_site_name":"gerajeune","article_publisher":"https:\/\/www.facebook.com\/gerajeune","article_modified_time":"2024-08-17T23:13:10+00:00","og_image":[{"width":1587,"height":2245,"url":"https:\/\/gerajeune.com\/wp-content\/uploads\/2024\/06\/toniqueTonifiante-1.png","type":"image\/png"}],"twitter_card":"summary_large_image","twitter_misc":{"Est. reading time":"1 minute"},"schema":{"@context":"https:\/\/schema.org","@graph":[{"@type":"WebPage","@id":"https:\/\/gerajeune.com\/produit\/lotion-tonique-tonifiante-desalterante\/","url":"https:\/\/gerajeune.com\/produit\/lotion-tonique-tonifiante-desalterante\/","name":"Lotion Tonique Tonifiante D\u00e9salt\u00e9rante - gerajeune","isPartOf":{"@id":"https:\/\/gerajeune.com\/#website"},"primaryImageOfPage":{"@id":"https:\/\/gerajeune.com\/produit\/lotion-tonique-tonifiante-desalterante\/#primaryimage"},"image":{"@id":"https:\/\/gerajeune.com\/produit\/lotion-tonique-tonifiante-desalterante\/#primaryimage"},"thumbnailUrl":"https:\/\/gerajeune.com\/wp-content\/uploads\/2024\/06\/toniqueTonifiante-1.png","datePublished":"2024-03-01T16:25:46+00:00","dateModified":"2024-08-17T23:13:10+00:00","description":"Profitez d'un geste express 2en1 : tonifiant et d\u00e9salt\u00e9rant avec notre lotion tonique en spray 99% naturelle et pour touts types de peaux.","breadcrumb":{"@id":"https:\/\/gerajeune.com\/produit\/lotion-tonique-tonifiante-desalterante\/#breadcrumb"},"inLanguage":"en-US","potentialAction":[{"@type":"ReadAction","target":["https:\/\/gerajeune.com\/produit\/lotion-tonique-tonifiante-desalterante\/"]}]},{"@type":"ImageObject","inLanguage":"en-US","@id":"https:\/\/gerajeune.com\/produit\/lotion-tonique-tonifiante-desalterante\/#primaryimage","url":"https:\/\/gerajeune.com\/wp-content\/uploads\/2024\/06\/toniqueTonifiante-1.png","contentUrl":"https:\/\/gerajeune.com\/wp-content\/uploads\/2024\/06\/toniqueTonifiante-1.png","width":1587,"height":2245},{"@type":"BreadcrumbList","@id":"https:\/\/gerajeune.com\/produit\/lotion-tonique-tonifiante-desalterante\/#breadcrumb","itemListElement":[{"@type":"ListItem","position":1,"name":"Accueil","item":"https:\/\/gerajeune.com\/"},{"@type":"ListItem","position":2,"name":"Produits","item":"https:\/\/gerajeune.com\/__trashed-6\/"},{"@type":"ListItem","position":3,"name":"Lotion Tonique Tonifiante D\u00e9salt\u00e9rante"}]},{"@type":"WebSite","@id":"https:\/\/gerajeune.com\/#website","url":"https:\/\/gerajeune.com\/","name":"gerajeune","description":"Naturally beautiful, visibly young","publisher":{"@id":"https:\/\/gerajeune.com\/#organization"},"potentialAction":[{"@type":"SearchAction","target":{"@type":"EntryPoint","urlTemplate":"https:\/\/gerajeune.com\/?s={search_term_string}"},"query-input":{"@type":"PropertyValueSpecification","valueRequired":true,"valueName":"search_term_string"}}],"inLanguage":"en-US"},{"@type":"Organization","@id":"https:\/\/gerajeune.com\/#organization","name":"gerajeune","url":"https:\/\/gerajeune.com\/","logo":{"@type":"ImageObject","inLanguage":"en-US","@id":"https:\/\/gerajeune.com\/#\/schema\/logo\/image\/","url":"http:\/\/gerajeune.com\/wp-content\/uploads\/2021\/12\/cropped-logo-modifier-1-e1645608409226.png","contentUrl":"http:\/\/gerajeune.com\/wp-content\/uploads\/2021\/12\/cropped-logo-modifier-1-e1645608409226.png","width":250,"height":120,"caption":"gerajeune"},"image":{"@id":"https:\/\/gerajeune.com\/#\/schema\/logo\/image\/"},"sameAs":["https:\/\/www.facebook.com\/gerajeune","https:\/\/www.instagram.com\/gerajeune\/reels\/?hl=fr"]}]}},"jetpack_sharing_enabled":true,"_links":{"self":[{"href":"https:\/\/gerajeune.com\/en\/wp-json\/wp\/v2\/product\/6822","targetHints":{"allow":["GET"]}}],"collection":[{"href":"https:\/\/gerajeune.com\/en\/wp-json\/wp\/v2\/product"}],"about":[{"href":"https:\/\/gerajeune.com\/en\/wp-json\/wp\/v2\/types\/product"}],"replies":[{"embeddable":true,"href":"https:\/\/gerajeune.com\/en\/wp-json\/wp\/v2\/comments?post=6822"}],"version-history":[{"count":5,"href":"https:\/\/gerajeune.com\/en\/wp-json\/wp\/v2\/product\/6822\/revisions"}],"predecessor-version":[{"id":12223,"href":"https:\/\/gerajeune.com\/en\/wp-json\/wp\/v2\/product\/6822\/revisions\/12223"}],"wp:featuredmedia":[{"embeddable":true,"href":"https:\/\/gerajeune.com\/en\/wp-json\/wp\/v2\/media\/10328"}],"wp:attachment":[{"href":"https:\/\/gerajeune.com\/en\/wp-json\/wp\/v2\/media?parent=6822"}],"wp:term":[{"taxonomy":"product_brand","embeddable":true,"href":"https:\/\/gerajeune.com\/en\/wp-json\/wp\/v2\/product_brand?post=6822"},{"taxonomy":"product_cat","embeddable":true,"href":"https:\/\/gerajeune.com\/en\/wp-json\/wp\/v2\/product_cat?post=6822"},{"taxonomy":"product_tag","embeddable":true,"href":"https:\/\/gerajeune.com\/en\/wp-json\/wp\/v2\/product_tag?post=6822"}],"curies":[{"name":"wp","href":"https:\/\/api.w.org\/{rel}","templated":true}]}}