{"id":6841,"date":"2024-03-01T15:12:27","date_gmt":"2024-03-01T14:12:27","guid":{"rendered":"http:\/\/gerajeune.com\/?post_type=product&#038;p=6841"},"modified":"2024-08-17T23:30:20","modified_gmt":"2024-08-17T22:30:20","slug":"huile-de-pepin-de-figue-de-barbarie-10ml","status":"publish","type":"product","link":"https:\/\/gerajeune.com\/en\/product\/huile-de-pepin-de-figue-de-barbarie-10ml\/","title":{"rendered":"Prickly Pear Seed Oil 10ml"},"content":{"rendered":"<p>Prickly Pear Seed Oil<\/p>\n<h4><strong>What are the benefits of prickly pear seed oil?<\/strong><\/h4>\n<ul>\n<li>Reduces age spots and pigmentation.<\/li>\n<li>Its anti-inflammatory properties soothe sunburn, acne, eczema and psoriasis.<\/li>\n<li>It penetrates the skin very quickly, leaving you with hydrated and non-greasy skin<\/li>\n<li>A powerful antioxidant.<\/li>\n<li>It creates a protective film on the surface of the epidermis to fight against free radicals, responsible for skin aging.<\/li>\n<\/ul>\n<p><!--more--><\/p>\n<h4><strong>the composition of prickly pear seed oil?<\/strong><\/h4>\n<p><a href=\"https:\/\/fr.wikipedia.org\/wiki\/Huile_de_figue_de_Barbarie\">Prickly pear seed oil<\/a> belongs to the category of polyunsaturated oils like most vegetable oils. The majority fatty acids are linoleic acid and oleic acid, which are unsaturated fatty acids. These two acids constitute approximately 80% of the total composition<\/p>\n<h4><strong>How to use it?<\/strong><\/h4>\n<p>Apply a few drops of Prickly Pear Seed vegetable oil to the face. Massage in circular motions with your fingertips to activate microcirculation and facilitate the penetration of the oil.<\/p>\n<h4><strong>When to use it?<\/strong><\/h4>\n<p>Prickly Pear Seed Oil will therefore be an oil to have on hand in case of wrinkles, but also to prevent their appearance. This oil can therefore be used on the face but also on the body, for example to firm up the skin of the arms, bust, neck or even to prevent stretch marks.<\/p>\n<h4><strong>How to choose prickly pear seed oil?<\/strong><\/h4>\n<p>To choose a quality prickly pear oil, it is important to ensure that it is obtained by cold pressing the seeds of the fruit. It is also recommended to choose an organic and unrefined oil, in order to benefit from all its natural benefits. This is the case with our oil.<\/p>\n<p>also discover:<\/p>\n<ul>\n<li><a href=\"http:\/\/gerajeune.com\/en\/product\/huile-vierge-de-sesame\/\">virgin sesame oil\u00a0<\/a><\/li>\n<li><a href=\"http:\/\/gerajeune.com\/en\/product\/huile-vierge-de-jojoba-50ml\/\">virgin jojoba oil\u00a0<\/a><\/li>\n<\/ul>","protected":false},"excerpt":{"rendered":"<p>Huile De Pepins De Figue De Barbarie Quels sont les bienfaits de l&rsquo;huile de pepin de figue de barbarie ? Att\u00e9nue les t\u00e2ches de vieillesse et de pigmentation. Ses vertus anti-inflammatoires apaisent les coups de soleil, l&rsquo;acn\u00e9, l&rsquo;ecz\u00e9ma, le psoriasis. elle p\u00e9n\u00e8tre la peau tr\u00e8s rapidement, vous laissant une peau hydrat\u00e9e et non grasse Un puissant antioxydant. . Elle instaure un film protecteur \u00e0 la surface de l&rsquo;\u00e9piderme afin de lutter contre les radicaux libres, responsables du vieillissement cutan\u00e9.<\/p>","protected":false},"featured_media":10238,"comment_status":"open","ping_status":"closed","template":"","meta":{"_monsterinsights_skip_tracking":false,"_monsterinsights_sitenote_active":false,"_monsterinsights_sitenote_note":"","_monsterinsights_sitenote_category":0,"ocean_post_layout":"","ocean_both_sidebars_style":"","ocean_both_sidebars_content_width":0,"ocean_both_sidebars_sidebars_width":0,"ocean_sidebar":"0","ocean_second_sidebar":"0","ocean_disable_margins":"enable","ocean_add_body_class":"","ocean_shortcode_before_top_bar":"","ocean_shortcode_after_top_bar":"","ocean_shortcode_before_header":"","ocean_shortcode_after_header":"","ocean_has_shortcode":"","ocean_shortcode_after_title":"","ocean_shortcode_before_footer_widgets":"","ocean_shortcode_after_footer_widgets":"","ocean_shortcode_before_footer_bottom":"","ocean_shortcode_after_footer_bottom":"","ocean_display_top_bar":"default","ocean_display_header":"default","ocean_header_style":"","ocean_center_header_left_menu":"0","ocean_custom_header_template":"0","ocean_custom_logo":0,"ocean_custom_retina_logo":0,"ocean_custom_logo_max_width":0,"ocean_custom_logo_tablet_max_width":0,"ocean_custom_logo_mobile_max_width":0,"ocean_custom_logo_max_height":0,"ocean_custom_logo_tablet_max_height":0,"ocean_custom_logo_mobile_max_height":0,"ocean_header_custom_menu":"0","ocean_menu_typo_font_family":"0","ocean_menu_typo_font_subset":"","ocean_menu_typo_font_size":0,"ocean_menu_typo_font_size_tablet":0,"ocean_menu_typo_font_size_mobile":0,"ocean_menu_typo_font_size_unit":"px","ocean_menu_typo_font_weight":"","ocean_menu_typo_font_weight_tablet":"","ocean_menu_typo_font_weight_mobile":"","ocean_menu_typo_transform":"","ocean_menu_typo_transform_tablet":"","ocean_menu_typo_transform_mobile":"","ocean_menu_typo_line_height":0,"ocean_menu_typo_line_height_tablet":0,"ocean_menu_typo_line_height_mobile":0,"ocean_menu_typo_line_height_unit":"","ocean_menu_typo_spacing":0,"ocean_menu_typo_spacing_tablet":0,"ocean_menu_typo_spacing_mobile":0,"ocean_menu_typo_spacing_unit":"","ocean_menu_link_color":"","ocean_menu_link_color_hover":"","ocean_menu_link_color_active":"","ocean_menu_link_background":"","ocean_menu_link_hover_background":"","ocean_menu_link_active_background":"","ocean_menu_social_links_bg":"","ocean_menu_social_hover_links_bg":"","ocean_menu_social_links_color":"","ocean_menu_social_hover_links_color":"","ocean_disable_title":"default","ocean_disable_heading":"default","ocean_post_title":"","ocean_post_subheading":"","ocean_post_title_style":"","ocean_post_title_background_color":"","ocean_post_title_background":0,"ocean_post_title_bg_image_position":"","ocean_post_title_bg_image_attachment":"","ocean_post_title_bg_image_repeat":"","ocean_post_title_bg_image_size":"","ocean_post_title_height":0,"ocean_post_title_bg_overlay":0.5,"ocean_post_title_bg_overlay_color":"","ocean_disable_breadcrumbs":"default","ocean_breadcrumbs_color":"","ocean_breadcrumbs_separator_color":"","ocean_breadcrumbs_links_color":"","ocean_breadcrumbs_links_hover_color":"","ocean_display_footer_widgets":"default","ocean_display_footer_bottom":"default","ocean_custom_footer_template":"0","omw_enable_modal_window":"enable"},"product_brand":[],"product_cat":[163,56],"product_tag":[],"class_list":{"0":"post-6841","1":"product","2":"type-product","3":"status-publish","4":"has-post-thumbnail","6":"product_cat-herboristerie","7":"product_cat-soin-visage","9":"entry","10":"has-media","12":"first","13":"instock","14":"taxable","15":"shipping-taxable","16":"purchasable","17":"product-type-simple","18":"col","19":"span_1_of_3","20":"owp-content-center","21":"owp-thumbs-layout-horizontal","22":"owp-btn-normal","23":"owp-tabs-layout-horizontal","24":"has-no-thumbnails"},"yoast_head":"<!-- This site is optimized with the Yoast SEO plugin v27.0 - https:\/\/yoast.com\/product\/yoast-seo-wordpress\/ -->\n<title>Huile De Pepins De Figue De Barbarie 10ml - gerajeune<\/title>\n<meta name=\"description\" content=\"Riche en acide gras , anti rides n anti ridules , anti imperfection , notre huile pr\u00e9cieuse press\u00e9 a froid convient a tout type de peau .\" \/>\n<meta name=\"robots\" content=\"index, follow, max-snippet:-1, max-image-preview:large, max-video-preview:-1\" \/>\n<link rel=\"canonical\" href=\"https:\/\/gerajeune.com\/en\/product\/huile-de-pepin-de-figue-de-barbarie-10ml\/\" \/>\n<meta property=\"og:locale\" content=\"en_US\" \/>\n<meta property=\"og:type\" content=\"article\" \/>\n<meta property=\"og:title\" content=\"Huile De Pepins De Figue De Barbarie 10ml - gerajeune\" \/>\n<meta property=\"og:description\" content=\"Riche en acide gras , anti rides n anti ridules , anti imperfection , notre huile pr\u00e9cieuse press\u00e9 a froid convient a tout type de peau .\" \/>\n<meta property=\"og:url\" content=\"https:\/\/gerajeune.com\/en\/product\/huile-de-pepin-de-figue-de-barbarie-10ml\/\" \/>\n<meta property=\"og:site_name\" content=\"gerajeune\" \/>\n<meta property=\"article:publisher\" content=\"https:\/\/www.facebook.com\/gerajeune\" \/>\n<meta property=\"article:modified_time\" content=\"2024-08-17T22:30:20+00:00\" \/>\n<meta property=\"og:image\" content=\"https:\/\/gerajeune.com\/wp-content\/uploads\/2024\/06\/huilePepins-1.png\" \/>\n\t<meta property=\"og:image:width\" content=\"1587\" \/>\n\t<meta property=\"og:image:height\" content=\"2245\" \/>\n\t<meta property=\"og:image:type\" content=\"image\/png\" \/>\n<meta name=\"twitter:card\" content=\"summary_large_image\" \/>\n<meta name=\"twitter:label1\" content=\"Est. reading time\" \/>\n\t<meta name=\"twitter:data1\" content=\"2 minutes\" \/>\n<script type=\"application\/ld+json\" class=\"yoast-schema-graph\">{\"@context\":\"https:\/\/schema.org\",\"@graph\":[{\"@type\":\"WebPage\",\"@id\":\"https:\/\/gerajeune.com\/produit\/huile-de-pepin-de-figue-de-barbarie-10ml\/\",\"url\":\"https:\/\/gerajeune.com\/produit\/huile-de-pepin-de-figue-de-barbarie-10ml\/\",\"name\":\"Huile De Pepins De Figue De Barbarie 10ml - gerajeune\",\"isPartOf\":{\"@id\":\"https:\/\/gerajeune.com\/#website\"},\"primaryImageOfPage\":{\"@id\":\"https:\/\/gerajeune.com\/produit\/huile-de-pepin-de-figue-de-barbarie-10ml\/#primaryimage\"},\"image\":{\"@id\":\"https:\/\/gerajeune.com\/produit\/huile-de-pepin-de-figue-de-barbarie-10ml\/#primaryimage\"},\"thumbnailUrl\":\"https:\/\/gerajeune.com\/wp-content\/uploads\/2024\/06\/huilePepins-1.png\",\"datePublished\":\"2024-03-01T14:12:27+00:00\",\"dateModified\":\"2024-08-17T22:30:20+00:00\",\"description\":\"Riche en acide gras , anti rides n anti ridules , anti imperfection , notre huile pr\u00e9cieuse press\u00e9 a froid convient a tout type de peau .\",\"breadcrumb\":{\"@id\":\"https:\/\/gerajeune.com\/produit\/huile-de-pepin-de-figue-de-barbarie-10ml\/#breadcrumb\"},\"inLanguage\":\"en-US\",\"potentialAction\":[{\"@type\":\"ReadAction\",\"target\":[\"https:\/\/gerajeune.com\/produit\/huile-de-pepin-de-figue-de-barbarie-10ml\/\"]}]},{\"@type\":\"ImageObject\",\"inLanguage\":\"en-US\",\"@id\":\"https:\/\/gerajeune.com\/produit\/huile-de-pepin-de-figue-de-barbarie-10ml\/#primaryimage\",\"url\":\"https:\/\/gerajeune.com\/wp-content\/uploads\/2024\/06\/huilePepins-1.png\",\"contentUrl\":\"https:\/\/gerajeune.com\/wp-content\/uploads\/2024\/06\/huilePepins-1.png\",\"width\":1587,\"height\":2245},{\"@type\":\"BreadcrumbList\",\"@id\":\"https:\/\/gerajeune.com\/produit\/huile-de-pepin-de-figue-de-barbarie-10ml\/#breadcrumb\",\"itemListElement\":[{\"@type\":\"ListItem\",\"position\":1,\"name\":\"Accueil\",\"item\":\"https:\/\/gerajeune.com\/\"},{\"@type\":\"ListItem\",\"position\":2,\"name\":\"Produits\",\"item\":\"https:\/\/gerajeune.com\/__trashed-6\/\"},{\"@type\":\"ListItem\",\"position\":3,\"name\":\"Huile De Pepins De Figue De Barbarie 10ml\"}]},{\"@type\":\"WebSite\",\"@id\":\"https:\/\/gerajeune.com\/#website\",\"url\":\"https:\/\/gerajeune.com\/\",\"name\":\"gerajeune\",\"description\":\"Naturellement belle, visiblement jeune\",\"publisher\":{\"@id\":\"https:\/\/gerajeune.com\/#organization\"},\"potentialAction\":[{\"@type\":\"SearchAction\",\"target\":{\"@type\":\"EntryPoint\",\"urlTemplate\":\"https:\/\/gerajeune.com\/?s={search_term_string}\"},\"query-input\":{\"@type\":\"PropertyValueSpecification\",\"valueRequired\":true,\"valueName\":\"search_term_string\"}}],\"inLanguage\":\"en-US\"},{\"@type\":\"Organization\",\"@id\":\"https:\/\/gerajeune.com\/#organization\",\"name\":\"gerajeune\",\"url\":\"https:\/\/gerajeune.com\/\",\"logo\":{\"@type\":\"ImageObject\",\"inLanguage\":\"en-US\",\"@id\":\"https:\/\/gerajeune.com\/#\/schema\/logo\/image\/\",\"url\":\"http:\/\/gerajeune.com\/wp-content\/uploads\/2021\/12\/cropped-logo-modifier-1-e1645608409226.png\",\"contentUrl\":\"http:\/\/gerajeune.com\/wp-content\/uploads\/2021\/12\/cropped-logo-modifier-1-e1645608409226.png\",\"width\":250,\"height\":120,\"caption\":\"gerajeune\"},\"image\":{\"@id\":\"https:\/\/gerajeune.com\/#\/schema\/logo\/image\/\"},\"sameAs\":[\"https:\/\/www.facebook.com\/gerajeune\",\"https:\/\/www.instagram.com\/gerajeune\/reels\/?hl=fr\"]}]}<\/script>\n<!-- \/ Yoast SEO plugin. -->","yoast_head_json":{"title":"Huile De Pepins De Figue De Barbarie 10ml - gerajeune","description":"Riche en acide gras , anti rides n anti ridules , anti imperfection , notre huile pr\u00e9cieuse press\u00e9 a froid convient a tout type de peau .","robots":{"index":"index","follow":"follow","max-snippet":"max-snippet:-1","max-image-preview":"max-image-preview:large","max-video-preview":"max-video-preview:-1"},"canonical":"https:\/\/gerajeune.com\/en\/product\/huile-de-pepin-de-figue-de-barbarie-10ml\/","og_locale":"en_US","og_type":"article","og_title":"Huile De Pepins De Figue De Barbarie 10ml - gerajeune","og_description":"Riche en acide gras , anti rides n anti ridules , anti imperfection , notre huile pr\u00e9cieuse press\u00e9 a froid convient a tout type de peau .","og_url":"https:\/\/gerajeune.com\/en\/product\/huile-de-pepin-de-figue-de-barbarie-10ml\/","og_site_name":"gerajeune","article_publisher":"https:\/\/www.facebook.com\/gerajeune","article_modified_time":"2024-08-17T22:30:20+00:00","og_image":[{"width":1587,"height":2245,"url":"https:\/\/gerajeune.com\/wp-content\/uploads\/2024\/06\/huilePepins-1.png","type":"image\/png"}],"twitter_card":"summary_large_image","twitter_misc":{"Est. reading time":"2 minutes"},"schema":{"@context":"https:\/\/schema.org","@graph":[{"@type":"WebPage","@id":"https:\/\/gerajeune.com\/produit\/huile-de-pepin-de-figue-de-barbarie-10ml\/","url":"https:\/\/gerajeune.com\/produit\/huile-de-pepin-de-figue-de-barbarie-10ml\/","name":"Huile De Pepins De Figue De Barbarie 10ml - gerajeune","isPartOf":{"@id":"https:\/\/gerajeune.com\/#website"},"primaryImageOfPage":{"@id":"https:\/\/gerajeune.com\/produit\/huile-de-pepin-de-figue-de-barbarie-10ml\/#primaryimage"},"image":{"@id":"https:\/\/gerajeune.com\/produit\/huile-de-pepin-de-figue-de-barbarie-10ml\/#primaryimage"},"thumbnailUrl":"https:\/\/gerajeune.com\/wp-content\/uploads\/2024\/06\/huilePepins-1.png","datePublished":"2024-03-01T14:12:27+00:00","dateModified":"2024-08-17T22:30:20+00:00","description":"Riche en acide gras , anti rides n anti ridules , anti imperfection , notre huile pr\u00e9cieuse press\u00e9 a froid convient a tout type de peau .","breadcrumb":{"@id":"https:\/\/gerajeune.com\/produit\/huile-de-pepin-de-figue-de-barbarie-10ml\/#breadcrumb"},"inLanguage":"en-US","potentialAction":[{"@type":"ReadAction","target":["https:\/\/gerajeune.com\/produit\/huile-de-pepin-de-figue-de-barbarie-10ml\/"]}]},{"@type":"ImageObject","inLanguage":"en-US","@id":"https:\/\/gerajeune.com\/produit\/huile-de-pepin-de-figue-de-barbarie-10ml\/#primaryimage","url":"https:\/\/gerajeune.com\/wp-content\/uploads\/2024\/06\/huilePepins-1.png","contentUrl":"https:\/\/gerajeune.com\/wp-content\/uploads\/2024\/06\/huilePepins-1.png","width":1587,"height":2245},{"@type":"BreadcrumbList","@id":"https:\/\/gerajeune.com\/produit\/huile-de-pepin-de-figue-de-barbarie-10ml\/#breadcrumb","itemListElement":[{"@type":"ListItem","position":1,"name":"Accueil","item":"https:\/\/gerajeune.com\/"},{"@type":"ListItem","position":2,"name":"Produits","item":"https:\/\/gerajeune.com\/__trashed-6\/"},{"@type":"ListItem","position":3,"name":"Huile De Pepins De Figue De Barbarie 10ml"}]},{"@type":"WebSite","@id":"https:\/\/gerajeune.com\/#website","url":"https:\/\/gerajeune.com\/","name":"gerajeune","description":"Naturally beautiful, visibly young","publisher":{"@id":"https:\/\/gerajeune.com\/#organization"},"potentialAction":[{"@type":"SearchAction","target":{"@type":"EntryPoint","urlTemplate":"https:\/\/gerajeune.com\/?s={search_term_string}"},"query-input":{"@type":"PropertyValueSpecification","valueRequired":true,"valueName":"search_term_string"}}],"inLanguage":"en-US"},{"@type":"Organization","@id":"https:\/\/gerajeune.com\/#organization","name":"gerajeune","url":"https:\/\/gerajeune.com\/","logo":{"@type":"ImageObject","inLanguage":"en-US","@id":"https:\/\/gerajeune.com\/#\/schema\/logo\/image\/","url":"http:\/\/gerajeune.com\/wp-content\/uploads\/2021\/12\/cropped-logo-modifier-1-e1645608409226.png","contentUrl":"http:\/\/gerajeune.com\/wp-content\/uploads\/2021\/12\/cropped-logo-modifier-1-e1645608409226.png","width":250,"height":120,"caption":"gerajeune"},"image":{"@id":"https:\/\/gerajeune.com\/#\/schema\/logo\/image\/"},"sameAs":["https:\/\/www.facebook.com\/gerajeune","https:\/\/www.instagram.com\/gerajeune\/reels\/?hl=fr"]}]}},"jetpack_sharing_enabled":true,"_links":{"self":[{"href":"https:\/\/gerajeune.com\/en\/wp-json\/wp\/v2\/product\/6841","targetHints":{"allow":["GET"]}}],"collection":[{"href":"https:\/\/gerajeune.com\/en\/wp-json\/wp\/v2\/product"}],"about":[{"href":"https:\/\/gerajeune.com\/en\/wp-json\/wp\/v2\/types\/product"}],"replies":[{"embeddable":true,"href":"https:\/\/gerajeune.com\/en\/wp-json\/wp\/v2\/comments?post=6841"}],"version-history":[{"count":7,"href":"https:\/\/gerajeune.com\/en\/wp-json\/wp\/v2\/product\/6841\/revisions"}],"predecessor-version":[{"id":12215,"href":"https:\/\/gerajeune.com\/en\/wp-json\/wp\/v2\/product\/6841\/revisions\/12215"}],"wp:featuredmedia":[{"embeddable":true,"href":"https:\/\/gerajeune.com\/en\/wp-json\/wp\/v2\/media\/10238"}],"wp:attachment":[{"href":"https:\/\/gerajeune.com\/en\/wp-json\/wp\/v2\/media?parent=6841"}],"wp:term":[{"taxonomy":"product_brand","embeddable":true,"href":"https:\/\/gerajeune.com\/en\/wp-json\/wp\/v2\/product_brand?post=6841"},{"taxonomy":"product_cat","embeddable":true,"href":"https:\/\/gerajeune.com\/en\/wp-json\/wp\/v2\/product_cat?post=6841"},{"taxonomy":"product_tag","embeddable":true,"href":"https:\/\/gerajeune.com\/en\/wp-json\/wp\/v2\/product_tag?post=6841"}],"curies":[{"name":"wp","href":"https:\/\/api.w.org\/{rel}","templated":true}]}}