{"id":6903,"date":"2024-04-08T11:53:59","date_gmt":"2024-04-08T10:53:59","guid":{"rendered":"http:\/\/gerajeune.com\/?post_type=product&#038;p=6903"},"modified":"2025-03-30T23:09:29","modified_gmt":"2025-03-30T22:09:29","slug":"brume-doreillette-250ml","status":"publish","type":"product","link":"https:\/\/gerajeune.com\/en\/product\/brume-doreillette-250ml\/","title":{"rendered":"Ear Mist-250ml"},"content":{"rendered":"<p>Ear Mist<\/p>\n<h4><strong>What makes our Ear Mist so special?<\/strong><\/h4>\n<p>It is its richness in active natural essences granted to give you not only the scent but also to help you find a stable mood and create a relaxing and soothing atmosphere, it can help establish a regular sleep routine to fall asleep more easily.<\/p>\n<h4><strong>Perfume composition:<\/strong><\/h4>\n<p>Let yourself be overwhelmed with positive thoughts with the elusive fragrance of our ear mist.<\/p>\n<p>It is the aroma of the<a href=\"https:\/\/fr.wikipedia.org\/wiki\/Encens_(r%C3%A9sine_oliban)\">frankincense<\/a> and the Cotton flower which will charm your senses and prepare you for a good sleep.<\/p>\n<h4><strong>Notes <\/strong>\u00a0:<\/h4>\n<p>Frankincense, Cotton Flower.<\/p>\n<h4><strong>Benefits:\u00a0<\/strong><\/h4>\n<ul>\n<li>Frankincense: used in aromatherapy as\u00a0<strong>anti-stress<\/strong>, to relieve anxiety, bring a certain well-being and stimulate the mood, this natural incense brings a more serene, more soothing climate, thus promoting sleep.<\/li>\n<li>Cotton flower: Reduces anxiety, gives a better mood and a desire to relax<\/li>\n<\/ul>\n<p>effective against:<\/p>\n<ul>\n<li>THE\u00a0<strong>stress<\/strong> : is a natural adaptive reaction in response to an unusual situation perceived as threatening, putting the body in a flight or fight mode. It is often characterized by hypervigilance, increased heart rate, sweating, agitation, loss of energy or digestive disorders.<\/li>\n<li>L&#039;<strong>anxiety<\/strong>\u00a0is our ability to amplify or create stress ourselves in anticipation. It often results in a feeling of fear with agitation or on the contrary apathy, and sometimes physical signs (muscle tension, stomach aches). This emotion is normal but it should not take up too much space in everyday life.<\/li>\n<\/ul>\n<h4><strong>Precautions for use:<\/strong><\/h4>\n<p>Keep out of reach of children, do not spray on the face.<\/p>\n<h4><strong>Conservation :<\/strong><\/h4>\n<p>Store away from light, heat and humidity.<\/p>\n<p>also discover:<\/p>\n<ul>\n<li><a href=\"http:\/\/gerajeune.com\/en\/product\/eau-de-linge-concentrate-250ml\/\">concentrated linen water\u00a0<\/a><\/li>\n<li><a href=\"http:\/\/gerajeune.com\/en\/product\/eau-de-linge-positive-vibes-250ml\/\">positive vibes linen water\u00a0<\/a><\/li>\n<\/ul>\n<p>&nbsp;<\/p>\n<h4><strong>Ingredients :<\/strong><\/h4>\n<p>water, ethyl alcohol, citrus grandis hydrolate, lavander hydrolate, fragrance, polysorbate20<\/p>","protected":false},"excerpt":{"rendered":"<p>Brume D&rsquo;oreillette Qu&rsquo;est ce qui rend notre Brume d&rsquo;oreillette si sp\u00e9ciale ? C&rsquo;est sa richesse en essences naturelles actives accord\u00e9es pour vous donner non seulement le parfum mais \u00e9galement pour vous aider \u00e0 retrouver une humeur stable et\u00a0 cr\u00e9er une atmosph\u00e8re relaxante et apaisante, cela peut aider \u00e0 \u00e9tablir une routine de sommeil r\u00e9guli\u00e8re pour vous endormir plus facilement. Composition de parfum : Laissez vous submerger de pens\u00e9es positives avec la fragrance insaisissable de notre brume d&rsquo;oreillette\u00a0 . C&rsquo;est\u00a0 l&rsquo;ar\u00f4me de l&rsquo;oliban et\u00a0 de la fleur de Cotton qui viendra charmer vos sens et vous pr\u00e9pare a un bon sommeil . Notes \u00a0: Oliban, Fleur de Cotton . Bienfaits :\u00a0 oliban : utilis\u00e9 en aromath\u00e9rapie comme\u00a0anti-stress, pour soulager l\u2019anxi\u00e9t\u00e9, apporter un certain bien-\u00eatre et stimuler l\u2019humeur , cet encens naturel apporte un climat plus serein, plus apaisant, favorisant ainsi l\u2019endormissement. fleur de Cotton : Diminue\u00a0 l&rsquo;anxi\u00e9t\u00e9 , donne Une meilleure humeur et \u00a0une envie de d\u00e9tente efficace contre : Le\u00a0stress : est une r\u00e9action naturelle\u00a0d\u2019adaptation en r\u00e9ponse \u00e0 une situation inhabituelle per\u00e7ue comme mena\u00e7ante, mettant le corps dans un mode de fuite ou de combat. Il se caract\u00e9rise souvent par une hypervigilance, une augmentation du rythme cardiaque, des su\u00e9es, une agitation, une perte de moyens ou encore des troubles digestifs. L\u2019anxi\u00e9t\u00e9\u00a0est quant \u00e0 elle notre capacit\u00e9 \u00e0\u00a0amplifier ou cr\u00e9er soi-m\u00eame du stress\u00a0par anticipation. Elle se traduit souvent par une sensation de peur avec de l&rsquo;agitation ou au contraire de l&rsquo;apathie, et parfois des signes physiques (tensions musculaires, maux de ventre). Cette \u00e9motion est normale mais elle ne doit pas prend trop de place dans le quotidien. Pr\u00e9cautions d&#8217;emploi : Tenir hors de la port\u00e9e des enfants , ne pas vaporiser sur le visage . Conservation : Conserver a labri de la lumi\u00e8re , de la chaleur et de l&rsquo;humidit\u00e9 . d\u00e9couvrez aussi : eau de linge concentrate\u00a0 eau de linge positive vibes\u00a0 &nbsp; Ingr\u00e9dients : water ,ethyl alcohol , citrus grandis hydrolate , lavander hydrolate\u00a0 ,fragrance ,polysorbate20<\/p>","protected":false},"featured_media":14246,"comment_status":"open","ping_status":"closed","template":"","meta":{"_monsterinsights_skip_tracking":false,"_monsterinsights_sitenote_active":false,"_monsterinsights_sitenote_note":"","_monsterinsights_sitenote_category":0,"ocean_post_layout":"","ocean_both_sidebars_style":"","ocean_both_sidebars_content_width":0,"ocean_both_sidebars_sidebars_width":0,"ocean_sidebar":"0","ocean_second_sidebar":"0","ocean_disable_margins":"enable","ocean_add_body_class":"","ocean_shortcode_before_top_bar":"","ocean_shortcode_after_top_bar":"","ocean_shortcode_before_header":"","ocean_shortcode_after_header":"","ocean_has_shortcode":"","ocean_shortcode_after_title":"","ocean_shortcode_before_footer_widgets":"","ocean_shortcode_after_footer_widgets":"","ocean_shortcode_before_footer_bottom":"","ocean_shortcode_after_footer_bottom":"","ocean_display_top_bar":"default","ocean_display_header":"default","ocean_header_style":"","ocean_center_header_left_menu":"0","ocean_custom_header_template":"0","ocean_custom_logo":0,"ocean_custom_retina_logo":0,"ocean_custom_logo_max_width":0,"ocean_custom_logo_tablet_max_width":0,"ocean_custom_logo_mobile_max_width":0,"ocean_custom_logo_max_height":0,"ocean_custom_logo_tablet_max_height":0,"ocean_custom_logo_mobile_max_height":0,"ocean_header_custom_menu":"0","ocean_menu_typo_font_family":"0","ocean_menu_typo_font_subset":"","ocean_menu_typo_font_size":0,"ocean_menu_typo_font_size_tablet":0,"ocean_menu_typo_font_size_mobile":0,"ocean_menu_typo_font_size_unit":"px","ocean_menu_typo_font_weight":"","ocean_menu_typo_font_weight_tablet":"","ocean_menu_typo_font_weight_mobile":"","ocean_menu_typo_transform":"","ocean_menu_typo_transform_tablet":"","ocean_menu_typo_transform_mobile":"","ocean_menu_typo_line_height":0,"ocean_menu_typo_line_height_tablet":0,"ocean_menu_typo_line_height_mobile":0,"ocean_menu_typo_line_height_unit":"","ocean_menu_typo_spacing":0,"ocean_menu_typo_spacing_tablet":0,"ocean_menu_typo_spacing_mobile":0,"ocean_menu_typo_spacing_unit":"","ocean_menu_link_color":"","ocean_menu_link_color_hover":"","ocean_menu_link_color_active":"","ocean_menu_link_background":"","ocean_menu_link_hover_background":"","ocean_menu_link_active_background":"","ocean_menu_social_links_bg":"","ocean_menu_social_hover_links_bg":"","ocean_menu_social_links_color":"","ocean_menu_social_hover_links_color":"","ocean_disable_title":"default","ocean_disable_heading":"default","ocean_post_title":"","ocean_post_subheading":"","ocean_post_title_style":"","ocean_post_title_background_color":"","ocean_post_title_background":0,"ocean_post_title_bg_image_position":"","ocean_post_title_bg_image_attachment":"","ocean_post_title_bg_image_repeat":"","ocean_post_title_bg_image_size":"","ocean_post_title_height":0,"ocean_post_title_bg_overlay":0.5,"ocean_post_title_bg_overlay_color":"","ocean_disable_breadcrumbs":"default","ocean_breadcrumbs_color":"","ocean_breadcrumbs_separator_color":"","ocean_breadcrumbs_links_color":"","ocean_breadcrumbs_links_hover_color":"","ocean_display_footer_widgets":"default","ocean_display_footer_bottom":"default","ocean_custom_footer_template":"0","omw_enable_modal_window":"enable"},"product_brand":[],"product_cat":[159],"product_tag":[],"class_list":{"0":"post-6903","1":"product","2":"type-product","3":"status-publish","4":"has-post-thumbnail","6":"product_cat-bien-etre","8":"entry","9":"has-media","11":"first","12":"instock","13":"taxable","14":"shipping-taxable","15":"purchasable","16":"product-type-simple","17":"col","18":"span_1_of_3","19":"owp-content-center","20":"owp-thumbs-layout-horizontal","21":"owp-btn-normal","22":"owp-tabs-layout-horizontal","23":"has-no-thumbnails"},"yoast_head":"<!-- This site is optimized with the Yoast SEO plugin v27.5 - https:\/\/yoast.com\/product\/yoast-seo-wordpress\/ -->\n<title>Brume D&#039;oreillette-250ml - gerajeune<\/title>\n<meta name=\"description\" content=\"Brume d&#039;oreillette a l&#039;oliban et la fleur de coton pour cr\u00e9er une atmosph\u00e8re relaxante et apaisante et \u00e9tablir une routine de sommeil.\" \/>\n<meta name=\"robots\" content=\"index, follow, max-snippet:-1, max-image-preview:large, max-video-preview:-1\" \/>\n<link rel=\"canonical\" href=\"https:\/\/gerajeune.com\/en\/product\/brume-doreillette-250ml\/\" \/>\n<meta property=\"og:locale\" content=\"en_US\" \/>\n<meta property=\"og:type\" content=\"article\" \/>\n<meta property=\"og:title\" content=\"Brume D&#039;oreillette-250ml - gerajeune\" \/>\n<meta property=\"og:description\" content=\"Brume d&#039;oreillette a l&#039;oliban et la fleur de coton pour cr\u00e9er une atmosph\u00e8re relaxante et apaisante et \u00e9tablir une routine de sommeil.\" \/>\n<meta property=\"og:url\" content=\"https:\/\/gerajeune.com\/en\/product\/brume-doreillette-250ml\/\" \/>\n<meta property=\"og:site_name\" content=\"gerajeune\" \/>\n<meta property=\"article:publisher\" content=\"https:\/\/www.facebook.com\/gerajeune\" \/>\n<meta property=\"article:modified_time\" content=\"2025-03-30T22:09:29+00:00\" \/>\n<meta property=\"og:image\" content=\"https:\/\/gerajeune.com\/wp-content\/uploads\/2024\/04\/Brume-de-Linge_Orellette_New.webp\" \/>\n\t<meta property=\"og:image:width\" content=\"1080\" \/>\n\t<meta property=\"og:image:height\" content=\"1080\" \/>\n\t<meta property=\"og:image:type\" content=\"image\/webp\" \/>\n<meta name=\"twitter:card\" content=\"summary_large_image\" \/>\n<meta name=\"twitter:label1\" content=\"Est. reading time\" \/>\n\t<meta name=\"twitter:data1\" content=\"2 minutes\" \/>\n<script type=\"application\/ld+json\" class=\"yoast-schema-graph\">{\"@context\":\"https:\\\/\\\/schema.org\",\"@graph\":[{\"@type\":\"WebPage\",\"@id\":\"https:\\\/\\\/gerajeune.com\\\/produit\\\/brume-doreillette-250ml\\\/\",\"url\":\"https:\\\/\\\/gerajeune.com\\\/produit\\\/brume-doreillette-250ml\\\/\",\"name\":\"Brume D'oreillette-250ml - gerajeune\",\"isPartOf\":{\"@id\":\"https:\\\/\\\/gerajeune.com\\\/#website\"},\"primaryImageOfPage\":{\"@id\":\"https:\\\/\\\/gerajeune.com\\\/produit\\\/brume-doreillette-250ml\\\/#primaryimage\"},\"image\":{\"@id\":\"https:\\\/\\\/gerajeune.com\\\/produit\\\/brume-doreillette-250ml\\\/#primaryimage\"},\"thumbnailUrl\":\"https:\\\/\\\/gerajeune.com\\\/wp-content\\\/uploads\\\/2024\\\/04\\\/Brume-de-Linge_Orellette_New.webp\",\"datePublished\":\"2024-04-08T10:53:59+00:00\",\"dateModified\":\"2025-03-30T22:09:29+00:00\",\"description\":\"Brume d'oreillette a l'oliban et la fleur de coton pour cr\u00e9er une atmosph\u00e8re relaxante et apaisante et \u00e9tablir une routine de sommeil.\",\"breadcrumb\":{\"@id\":\"https:\\\/\\\/gerajeune.com\\\/produit\\\/brume-doreillette-250ml\\\/#breadcrumb\"},\"inLanguage\":\"en-US\",\"potentialAction\":[{\"@type\":\"ReadAction\",\"target\":[\"https:\\\/\\\/gerajeune.com\\\/produit\\\/brume-doreillette-250ml\\\/\"]}]},{\"@type\":\"ImageObject\",\"inLanguage\":\"en-US\",\"@id\":\"https:\\\/\\\/gerajeune.com\\\/produit\\\/brume-doreillette-250ml\\\/#primaryimage\",\"url\":\"https:\\\/\\\/gerajeune.com\\\/wp-content\\\/uploads\\\/2024\\\/04\\\/Brume-de-Linge_Orellette_New.webp\",\"contentUrl\":\"https:\\\/\\\/gerajeune.com\\\/wp-content\\\/uploads\\\/2024\\\/04\\\/Brume-de-Linge_Orellette_New.webp\",\"width\":1080,\"height\":1080},{\"@type\":\"BreadcrumbList\",\"@id\":\"https:\\\/\\\/gerajeune.com\\\/produit\\\/brume-doreillette-250ml\\\/#breadcrumb\",\"itemListElement\":[{\"@type\":\"ListItem\",\"position\":1,\"name\":\"Accueil\",\"item\":\"https:\\\/\\\/gerajeune.com\\\/\"},{\"@type\":\"ListItem\",\"position\":2,\"name\":\"Produits\",\"item\":\"https:\\\/\\\/gerajeune.com\\\/__trashed-6\\\/\"},{\"@type\":\"ListItem\",\"position\":3,\"name\":\"Brume D&rsquo;oreillette-250ml\"}]},{\"@type\":\"WebSite\",\"@id\":\"https:\\\/\\\/gerajeune.com\\\/#website\",\"url\":\"https:\\\/\\\/gerajeune.com\\\/\",\"name\":\"gerajeune\",\"description\":\"Naturellement belle, visiblement jeune\",\"publisher\":{\"@id\":\"https:\\\/\\\/gerajeune.com\\\/#organization\"},\"potentialAction\":[{\"@type\":\"SearchAction\",\"target\":{\"@type\":\"EntryPoint\",\"urlTemplate\":\"https:\\\/\\\/gerajeune.com\\\/?s={search_term_string}\"},\"query-input\":{\"@type\":\"PropertyValueSpecification\",\"valueRequired\":true,\"valueName\":\"search_term_string\"}}],\"inLanguage\":\"en-US\"},{\"@type\":\"Organization\",\"@id\":\"https:\\\/\\\/gerajeune.com\\\/#organization\",\"name\":\"gerajeune\",\"url\":\"https:\\\/\\\/gerajeune.com\\\/\",\"logo\":{\"@type\":\"ImageObject\",\"inLanguage\":\"en-US\",\"@id\":\"https:\\\/\\\/gerajeune.com\\\/#\\\/schema\\\/logo\\\/image\\\/\",\"url\":\"http:\\\/\\\/gerajeune.com\\\/wp-content\\\/uploads\\\/2021\\\/12\\\/cropped-logo-modifier-1-e1645608409226.png\",\"contentUrl\":\"http:\\\/\\\/gerajeune.com\\\/wp-content\\\/uploads\\\/2021\\\/12\\\/cropped-logo-modifier-1-e1645608409226.png\",\"width\":250,\"height\":120,\"caption\":\"gerajeune\"},\"image\":{\"@id\":\"https:\\\/\\\/gerajeune.com\\\/#\\\/schema\\\/logo\\\/image\\\/\"},\"sameAs\":[\"https:\\\/\\\/www.facebook.com\\\/gerajeune\",\"https:\\\/\\\/www.instagram.com\\\/gerajeune\\\/reels\\\/?hl=fr\"]}]}<\/script>\n<!-- \/ Yoast SEO plugin. -->","yoast_head_json":{"title":"Brume D'oreillette-250ml - gerajeune","description":"Brume d'oreillette a l'oliban et la fleur de coton pour cr\u00e9er une atmosph\u00e8re relaxante et apaisante et \u00e9tablir une routine de sommeil.","robots":{"index":"index","follow":"follow","max-snippet":"max-snippet:-1","max-image-preview":"max-image-preview:large","max-video-preview":"max-video-preview:-1"},"canonical":"https:\/\/gerajeune.com\/en\/product\/brume-doreillette-250ml\/","og_locale":"en_US","og_type":"article","og_title":"Brume D'oreillette-250ml - gerajeune","og_description":"Brume d'oreillette a l'oliban et la fleur de coton pour cr\u00e9er une atmosph\u00e8re relaxante et apaisante et \u00e9tablir une routine de sommeil.","og_url":"https:\/\/gerajeune.com\/en\/product\/brume-doreillette-250ml\/","og_site_name":"gerajeune","article_publisher":"https:\/\/www.facebook.com\/gerajeune","article_modified_time":"2025-03-30T22:09:29+00:00","og_image":[{"width":1080,"height":1080,"url":"https:\/\/gerajeune.com\/wp-content\/uploads\/2024\/04\/Brume-de-Linge_Orellette_New.webp","type":"image\/webp"}],"twitter_card":"summary_large_image","twitter_misc":{"Est. reading time":"2 minutes"},"schema":{"@context":"https:\/\/schema.org","@graph":[{"@type":"WebPage","@id":"https:\/\/gerajeune.com\/produit\/brume-doreillette-250ml\/","url":"https:\/\/gerajeune.com\/produit\/brume-doreillette-250ml\/","name":"Brume D'oreillette-250ml - gerajeune","isPartOf":{"@id":"https:\/\/gerajeune.com\/#website"},"primaryImageOfPage":{"@id":"https:\/\/gerajeune.com\/produit\/brume-doreillette-250ml\/#primaryimage"},"image":{"@id":"https:\/\/gerajeune.com\/produit\/brume-doreillette-250ml\/#primaryimage"},"thumbnailUrl":"https:\/\/gerajeune.com\/wp-content\/uploads\/2024\/04\/Brume-de-Linge_Orellette_New.webp","datePublished":"2024-04-08T10:53:59+00:00","dateModified":"2025-03-30T22:09:29+00:00","description":"Brume d'oreillette a l'oliban et la fleur de coton pour cr\u00e9er une atmosph\u00e8re relaxante et apaisante et \u00e9tablir une routine de sommeil.","breadcrumb":{"@id":"https:\/\/gerajeune.com\/produit\/brume-doreillette-250ml\/#breadcrumb"},"inLanguage":"en-US","potentialAction":[{"@type":"ReadAction","target":["https:\/\/gerajeune.com\/produit\/brume-doreillette-250ml\/"]}]},{"@type":"ImageObject","inLanguage":"en-US","@id":"https:\/\/gerajeune.com\/produit\/brume-doreillette-250ml\/#primaryimage","url":"https:\/\/gerajeune.com\/wp-content\/uploads\/2024\/04\/Brume-de-Linge_Orellette_New.webp","contentUrl":"https:\/\/gerajeune.com\/wp-content\/uploads\/2024\/04\/Brume-de-Linge_Orellette_New.webp","width":1080,"height":1080},{"@type":"BreadcrumbList","@id":"https:\/\/gerajeune.com\/produit\/brume-doreillette-250ml\/#breadcrumb","itemListElement":[{"@type":"ListItem","position":1,"name":"Accueil","item":"https:\/\/gerajeune.com\/"},{"@type":"ListItem","position":2,"name":"Produits","item":"https:\/\/gerajeune.com\/__trashed-6\/"},{"@type":"ListItem","position":3,"name":"Brume D&rsquo;oreillette-250ml"}]},{"@type":"WebSite","@id":"https:\/\/gerajeune.com\/#website","url":"https:\/\/gerajeune.com\/","name":"gerajeune","description":"Naturally beautiful, visibly young","publisher":{"@id":"https:\/\/gerajeune.com\/#organization"},"potentialAction":[{"@type":"SearchAction","target":{"@type":"EntryPoint","urlTemplate":"https:\/\/gerajeune.com\/?s={search_term_string}"},"query-input":{"@type":"PropertyValueSpecification","valueRequired":true,"valueName":"search_term_string"}}],"inLanguage":"en-US"},{"@type":"Organization","@id":"https:\/\/gerajeune.com\/#organization","name":"gerajeune","url":"https:\/\/gerajeune.com\/","logo":{"@type":"ImageObject","inLanguage":"en-US","@id":"https:\/\/gerajeune.com\/#\/schema\/logo\/image\/","url":"http:\/\/gerajeune.com\/wp-content\/uploads\/2021\/12\/cropped-logo-modifier-1-e1645608409226.png","contentUrl":"http:\/\/gerajeune.com\/wp-content\/uploads\/2021\/12\/cropped-logo-modifier-1-e1645608409226.png","width":250,"height":120,"caption":"gerajeune"},"image":{"@id":"https:\/\/gerajeune.com\/#\/schema\/logo\/image\/"},"sameAs":["https:\/\/www.facebook.com\/gerajeune","https:\/\/www.instagram.com\/gerajeune\/reels\/?hl=fr"]}]}},"jetpack_sharing_enabled":true,"_links":{"self":[{"href":"https:\/\/gerajeune.com\/en\/wp-json\/wp\/v2\/product\/6903","targetHints":{"allow":["GET"]}}],"collection":[{"href":"https:\/\/gerajeune.com\/en\/wp-json\/wp\/v2\/product"}],"about":[{"href":"https:\/\/gerajeune.com\/en\/wp-json\/wp\/v2\/types\/product"}],"replies":[{"embeddable":true,"href":"https:\/\/gerajeune.com\/en\/wp-json\/wp\/v2\/comments?post=6903"}],"version-history":[{"count":5,"href":"https:\/\/gerajeune.com\/en\/wp-json\/wp\/v2\/product\/6903\/revisions"}],"predecessor-version":[{"id":7036,"href":"https:\/\/gerajeune.com\/en\/wp-json\/wp\/v2\/product\/6903\/revisions\/7036"}],"wp:featuredmedia":[{"embeddable":true,"href":"https:\/\/gerajeune.com\/en\/wp-json\/wp\/v2\/media\/14246"}],"wp:attachment":[{"href":"https:\/\/gerajeune.com\/en\/wp-json\/wp\/v2\/media?parent=6903"}],"wp:term":[{"taxonomy":"product_brand","embeddable":true,"href":"https:\/\/gerajeune.com\/en\/wp-json\/wp\/v2\/product_brand?post=6903"},{"taxonomy":"product_cat","embeddable":true,"href":"https:\/\/gerajeune.com\/en\/wp-json\/wp\/v2\/product_cat?post=6903"},{"taxonomy":"product_tag","embeddable":true,"href":"https:\/\/gerajeune.com\/en\/wp-json\/wp\/v2\/product_tag?post=6903"}],"curies":[{"name":"wp","href":"https:\/\/api.w.org\/{rel}","templated":true}]}}