{"id":6907,"date":"2024-05-01T12:21:24","date_gmt":"2024-05-01T11:21:24","guid":{"rendered":"http:\/\/gerajeune.com\/?post_type=product&#038;p=6907"},"modified":"2024-06-25T15:34:13","modified_gmt":"2024-06-25T14:34:13","slug":"huile-essentielle-de-romarin","status":"publish","type":"product","link":"https:\/\/gerajeune.com\/en\/product\/huile-essentielle-de-romarin\/","title":{"rendered":"Rosemary Essential Oil"},"content":{"rendered":"<p>Rosemary Essential Oil<\/p>\n<p><strong>What are the benefits of Rosemary oil?<\/strong><\/p>\n<p>hair:<\/p>\n<ul>\n<li>promotes hair growth for dream hair!<\/li>\n<li>\u00a0has tonic and cleansing properties for the scalp<\/li>\n<\/ul>\n<p>the skin:<\/p>\n<ul>\n<li>has a purifying and toning power.<\/li>\n<li>It can help to deeply cleanse the skin<\/li>\n<li>regulates sebum production<\/li>\n<li>reduces blemishes and tightens pores.<\/li>\n<\/ul>\n<p>For health:<\/p>\n<ul>\n<li>Relieve headaches<\/li>\n<li>improve memory and concentration<\/li>\n<li>strengthen convalescents<\/li>\n<li>combat the effects of stress and fatigue<\/li>\n<li>treat inflammation of the respiratory tract and the ENT (ear, nose and throat) area.<\/li>\n<\/ul>\n<p><strong>How to use rosemary oil for skin?<\/strong><\/p>\n<p>Add a few drops of rosemary essential oil to your natural facial cleanser to benefit from its purifying properties. Massage gently onto your face, then rinse with warm water.<\/p>\n<p><strong>How to use rosemary oil for hair?<\/strong><\/p>\n<p>Use regularly: Apply rosemary oil to your hair and scalp regularly for optimal results. Massage gently: Gently massage the scalp to stimulate blood circulation and promote growth.<\/p>\n<p><strong>How to dilute rosemary oil?<\/strong><\/p>\n<p>L&#039;<b>rosemary essential oil<\/b>\u00a0can also be diluted in a\u00a0<b>oil<\/b>\u00a0plant such as<b>oil<\/b>\u00a0sweet almond. You can then apply this mixture before your usual shampoo.<\/p>\n<p><strong>How was rosemary essential oil extracted?<\/strong><\/p>\n<p>Water vapor will heat the\u00a0<b>rosemary<\/b>, allowing to<b>extract<\/b>\u00a0its active molecules. Water vapor charged with<a href=\"https:\/\/fr.wikipedia.org\/wiki\/Huile_essentielle\"><b>essential oils<\/b><\/a>\u00a0then passes through a cooling system where it condenses into a mixture of water and<b>oil<\/b>.<\/p>\n<p>Discover our different types of oil:<\/p>\n<ul>\n<li><a href=\"http:\/\/gerajeune.com\/en\/product\/huile-vierge-de-jojoba-50ml\/\">virgin jojoba oil<\/a><\/li>\n<li><a href=\"http:\/\/gerajeune.com\/en\/product\/huile-damande-douce-2\/\">sweet almond oil\u00a0<\/a><\/li>\n<li><a href=\"http:\/\/gerajeune.com\/en\/product\/huile-vierge-de-sesame\/\">sesame oil\u00a0<\/a><\/li>\n<li><a href=\"http:\/\/gerajeune.com\/en\/product\/huile-de-ricin-50ml\/\">castor oil\u00a0<\/a><\/li>\n<li><a href=\"http:\/\/gerajeune.com\/en\/product\/huile-de-pepin-de-figue-de-barbarie-10ml\/\">prickly pear seed oil<\/a><\/li>\n<li><a href=\"http:\/\/gerajeune.com\/en\/product\/huile-dail\/\">garlic oil\u00a0<\/a><\/li>\n<li><a href=\"http:\/\/gerajeune.com\/en\/product\/huile-macerat-damla\/\">Amla macerated oil\u00a0<\/a><\/li>\n<\/ul>","protected":false},"excerpt":{"rendered":"<p>Huile Essentielle de Romarin Quels sont les bienfaits d&rsquo;huile de\u00a0 Romarin ? les cheveux : favorise la pousse des cheveux pour une chevelure de r\u00eave ! \u00a0a des propri\u00e9t\u00e9s toniques et assainissantes du cuir chevelu la peau: a un pouvoir purifiante et tonifiante. Elle peut aider \u00e0 nettoyer la peau en profondeur r\u00e9gule la production de s\u00e9bum r\u00e9duit\u00a0 les imperfections et\u00a0 resserre les pores. Pour la sant\u00e9\u00a0 : Soulager les maux de t\u00eate am\u00e9liorer la m\u00e9moire et la concentration fortifier les convalescents combattre les effets du stress et de la fatigue traiter l&rsquo;inflammation des voies respiratoires et de la sph\u00e8re ORL (oreilles, nez et gorge). Comment utiliser l&rsquo;huile de romarin pour la peau ? Ajoutez quelques gouttes d&rsquo;huile essentielle de romarin \u00e0 votre nettoyant visage naturel pour b\u00e9n\u00e9ficier de ses propri\u00e9t\u00e9s purifiantes. Massez doucement sur votre visage, puis rincez \u00e0 l&rsquo;eau ti\u00e8de. Comment utiliser l&rsquo;huile de romarin pour les cheveux ? Utilisez r\u00e9guli\u00e8rement :\u00a0Appliquez l&rsquo;huile de romarin sur vos cheveux et cuir chevelu de mani\u00e8re r\u00e9guli\u00e8re pour des r\u00e9sultats optimaux. Effectuez des massages doux : Massez d\u00e9licatement le cuir chevelu pour stimuler la circulation sanguine et favoriser la pousse. Comment diluer l&rsquo;huile de romarin ? L&rsquo;huile essentielle de romarin\u00a0peut \u00e9galement \u00eatre dilu\u00e9e dans une\u00a0huile\u00a0v\u00e9g\u00e9tale telle que l&rsquo;huile\u00a0d&rsquo;amande douce. Vous pourrez ensuite appliquer ce m\u00e9lange avant votre shampoing habituel. Comment on a extrait l&rsquo;huile essentielle de romarin ? De la vapeur d&rsquo;eau va chauffer le\u00a0romarin, permettant d&rsquo;extraire\u00a0ses mol\u00e9cules actives. La vapeur d&rsquo;eau charg\u00e9e d&rsquo;huiles essentielles\u00a0passe ensuite dans un syst\u00e8me de refroidissement o\u00f9 elle se condense en un m\u00e9lange d&rsquo;eau et d&rsquo;huile. D\u00e9couvrez nos divers types d&rsquo;huile : huile vierge\u00a0 de jojoba huile d&rsquo;amande douce\u00a0 huile de s\u00e9same\u00a0 huile de ricin\u00a0 huile de pepin de figue de barbarie huile d&rsquo;ail\u00a0 huile mac\u00e9r\u00e2t d&rsquo;Amla\u00a0<\/p>","protected":false},"featured_media":0,"comment_status":"open","ping_status":"closed","template":"","meta":{"_monsterinsights_skip_tracking":false,"_monsterinsights_sitenote_active":false,"_monsterinsights_sitenote_note":"","_monsterinsights_sitenote_category":0,"ocean_post_layout":"","ocean_both_sidebars_style":"","ocean_both_sidebars_content_width":0,"ocean_both_sidebars_sidebars_width":0,"ocean_sidebar":"0","ocean_second_sidebar":"0","ocean_disable_margins":"enable","ocean_add_body_class":"","ocean_shortcode_before_top_bar":"","ocean_shortcode_after_top_bar":"","ocean_shortcode_before_header":"","ocean_shortcode_after_header":"","ocean_has_shortcode":"","ocean_shortcode_after_title":"","ocean_shortcode_before_footer_widgets":"","ocean_shortcode_after_footer_widgets":"","ocean_shortcode_before_footer_bottom":"","ocean_shortcode_after_footer_bottom":"","ocean_display_top_bar":"default","ocean_display_header":"default","ocean_header_style":"","ocean_center_header_left_menu":"0","ocean_custom_header_template":"0","ocean_custom_logo":0,"ocean_custom_retina_logo":0,"ocean_custom_logo_max_width":0,"ocean_custom_logo_tablet_max_width":0,"ocean_custom_logo_mobile_max_width":0,"ocean_custom_logo_max_height":0,"ocean_custom_logo_tablet_max_height":0,"ocean_custom_logo_mobile_max_height":0,"ocean_header_custom_menu":"0","ocean_menu_typo_font_family":"0","ocean_menu_typo_font_subset":"","ocean_menu_typo_font_size":0,"ocean_menu_typo_font_size_tablet":0,"ocean_menu_typo_font_size_mobile":0,"ocean_menu_typo_font_size_unit":"px","ocean_menu_typo_font_weight":"","ocean_menu_typo_font_weight_tablet":"","ocean_menu_typo_font_weight_mobile":"","ocean_menu_typo_transform":"","ocean_menu_typo_transform_tablet":"","ocean_menu_typo_transform_mobile":"","ocean_menu_typo_line_height":0,"ocean_menu_typo_line_height_tablet":0,"ocean_menu_typo_line_height_mobile":0,"ocean_menu_typo_line_height_unit":"","ocean_menu_typo_spacing":0,"ocean_menu_typo_spacing_tablet":0,"ocean_menu_typo_spacing_mobile":0,"ocean_menu_typo_spacing_unit":"","ocean_menu_link_color":"","ocean_menu_link_color_hover":"","ocean_menu_link_color_active":"","ocean_menu_link_background":"","ocean_menu_link_hover_background":"","ocean_menu_link_active_background":"","ocean_menu_social_links_bg":"","ocean_menu_social_hover_links_bg":"","ocean_menu_social_links_color":"","ocean_menu_social_hover_links_color":"","ocean_disable_title":"default","ocean_disable_heading":"default","ocean_post_title":"","ocean_post_subheading":"","ocean_post_title_style":"","ocean_post_title_background_color":"","ocean_post_title_background":0,"ocean_post_title_bg_image_position":"","ocean_post_title_bg_image_attachment":"","ocean_post_title_bg_image_repeat":"","ocean_post_title_bg_image_size":"","ocean_post_title_height":0,"ocean_post_title_bg_overlay":0.5,"ocean_post_title_bg_overlay_color":"","ocean_disable_breadcrumbs":"default","ocean_breadcrumbs_color":"","ocean_breadcrumbs_separator_color":"","ocean_breadcrumbs_links_color":"","ocean_breadcrumbs_links_hover_color":"","ocean_display_footer_widgets":"default","ocean_display_footer_bottom":"default","ocean_custom_footer_template":"0","omw_enable_modal_window":"enable"},"product_brand":[],"product_cat":[41,157,56],"product_tag":[],"class_list":{"0":"post-6907","1":"product","2":"type-product","3":"status-publish","5":"product_cat-soin-cheveux","6":"product_cat-soin-corps","7":"product_cat-soin-visage","9":"entry","11":"first","12":"instock","13":"taxable","14":"shipping-taxable","15":"purchasable","16":"product-type-simple","17":"col","18":"span_1_of_3","19":"owp-content-center","20":"owp-thumbs-layout-horizontal","21":"owp-btn-normal","22":"owp-tabs-layout-horizontal","23":"has-no-thumbnails"},"yoast_head":"<!-- This site is optimized with the Yoast SEO plugin v27.0 - https:\/\/yoast.com\/product\/yoast-seo-wordpress\/ -->\n<title>Huile Essentielle de Romarin - gerajeune<\/title>\n<meta name=\"description\" content=\"Purifiante, astringente, et r\u00e9g\u00e9n\u00e9rante, l&#039;huile essentielle de romarin,100 % pure et 100% naturel Anti cellulite et revitalise l&#039;\u00e9piderme .\" \/>\n<meta name=\"robots\" content=\"index, follow, max-snippet:-1, max-image-preview:large, max-video-preview:-1\" \/>\n<link rel=\"canonical\" href=\"https:\/\/gerajeune.com\/en\/product\/huile-essentielle-de-romarin\/\" \/>\n<meta property=\"og:locale\" content=\"en_US\" \/>\n<meta property=\"og:type\" content=\"article\" \/>\n<meta property=\"og:title\" content=\"Huile Essentielle de Romarin - gerajeune\" \/>\n<meta property=\"og:description\" content=\"Purifiante, astringente, et r\u00e9g\u00e9n\u00e9rante, l&#039;huile essentielle de romarin,100 % pure et 100% naturel Anti cellulite et revitalise l&#039;\u00e9piderme .\" \/>\n<meta property=\"og:url\" content=\"https:\/\/gerajeune.com\/en\/product\/huile-essentielle-de-romarin\/\" \/>\n<meta property=\"og:site_name\" content=\"gerajeune\" \/>\n<meta property=\"article:publisher\" content=\"https:\/\/www.facebook.com\/gerajeune\" \/>\n<meta property=\"article:modified_time\" content=\"2024-06-25T14:34:13+00:00\" \/>\n<meta name=\"twitter:card\" content=\"summary_large_image\" \/>\n<meta name=\"twitter:label1\" content=\"Est. reading time\" \/>\n\t<meta name=\"twitter:data1\" content=\"2 minutes\" \/>\n<script type=\"application\/ld+json\" class=\"yoast-schema-graph\">{\"@context\":\"https:\/\/schema.org\",\"@graph\":[{\"@type\":\"WebPage\",\"@id\":\"https:\/\/gerajeune.com\/en\/product\/huile-essentielle-de-romarin\/\",\"url\":\"https:\/\/gerajeune.com\/en\/product\/huile-essentielle-de-romarin\/\",\"name\":\"Huile Essentielle de Romarin - gerajeune\",\"isPartOf\":{\"@id\":\"https:\/\/gerajeune.com\/#website\"},\"datePublished\":\"2024-05-01T11:21:24+00:00\",\"dateModified\":\"2024-06-25T14:34:13+00:00\",\"description\":\"Purifiante, astringente, et r\u00e9g\u00e9n\u00e9rante, l'huile essentielle de romarin,100 % pure et 100% naturel Anti cellulite et revitalise l'\u00e9piderme .\",\"breadcrumb\":{\"@id\":\"https:\/\/gerajeune.com\/en\/product\/huile-essentielle-de-romarin\/#breadcrumb\"},\"inLanguage\":\"en-US\",\"potentialAction\":[{\"@type\":\"ReadAction\",\"target\":[\"https:\/\/gerajeune.com\/en\/product\/huile-essentielle-de-romarin\/\"]}]},{\"@type\":\"BreadcrumbList\",\"@id\":\"https:\/\/gerajeune.com\/en\/product\/huile-essentielle-de-romarin\/#breadcrumb\",\"itemListElement\":[{\"@type\":\"ListItem\",\"position\":1,\"name\":\"Accueil\",\"item\":\"https:\/\/gerajeune.com\/\"},{\"@type\":\"ListItem\",\"position\":2,\"name\":\"Produits\",\"item\":\"https:\/\/gerajeune.com\/__trashed-6\/\"},{\"@type\":\"ListItem\",\"position\":3,\"name\":\"Huile Essentielle de Romarin\"}]},{\"@type\":\"WebSite\",\"@id\":\"https:\/\/gerajeune.com\/#website\",\"url\":\"https:\/\/gerajeune.com\/\",\"name\":\"gerajeune\",\"description\":\"Naturellement belle, visiblement jeune\",\"publisher\":{\"@id\":\"https:\/\/gerajeune.com\/#organization\"},\"potentialAction\":[{\"@type\":\"SearchAction\",\"target\":{\"@type\":\"EntryPoint\",\"urlTemplate\":\"https:\/\/gerajeune.com\/?s={search_term_string}\"},\"query-input\":{\"@type\":\"PropertyValueSpecification\",\"valueRequired\":true,\"valueName\":\"search_term_string\"}}],\"inLanguage\":\"en-US\"},{\"@type\":\"Organization\",\"@id\":\"https:\/\/gerajeune.com\/#organization\",\"name\":\"gerajeune\",\"url\":\"https:\/\/gerajeune.com\/\",\"logo\":{\"@type\":\"ImageObject\",\"inLanguage\":\"en-US\",\"@id\":\"https:\/\/gerajeune.com\/#\/schema\/logo\/image\/\",\"url\":\"http:\/\/gerajeune.com\/wp-content\/uploads\/2021\/12\/cropped-logo-modifier-1-e1645608409226.png\",\"contentUrl\":\"http:\/\/gerajeune.com\/wp-content\/uploads\/2021\/12\/cropped-logo-modifier-1-e1645608409226.png\",\"width\":250,\"height\":120,\"caption\":\"gerajeune\"},\"image\":{\"@id\":\"https:\/\/gerajeune.com\/#\/schema\/logo\/image\/\"},\"sameAs\":[\"https:\/\/www.facebook.com\/gerajeune\",\"https:\/\/www.instagram.com\/gerajeune\/reels\/?hl=fr\"]}]}<\/script>\n<!-- \/ Yoast SEO plugin. -->","yoast_head_json":{"title":"Huile Essentielle de Romarin - gerajeune","description":"Purifiante, astringente, et r\u00e9g\u00e9n\u00e9rante, l'huile essentielle de romarin,100 % pure et 100% naturel Anti cellulite et revitalise l'\u00e9piderme .","robots":{"index":"index","follow":"follow","max-snippet":"max-snippet:-1","max-image-preview":"max-image-preview:large","max-video-preview":"max-video-preview:-1"},"canonical":"https:\/\/gerajeune.com\/en\/product\/huile-essentielle-de-romarin\/","og_locale":"en_US","og_type":"article","og_title":"Huile Essentielle de Romarin - gerajeune","og_description":"Purifiante, astringente, et r\u00e9g\u00e9n\u00e9rante, l'huile essentielle de romarin,100 % pure et 100% naturel Anti cellulite et revitalise l'\u00e9piderme .","og_url":"https:\/\/gerajeune.com\/en\/product\/huile-essentielle-de-romarin\/","og_site_name":"gerajeune","article_publisher":"https:\/\/www.facebook.com\/gerajeune","article_modified_time":"2024-06-25T14:34:13+00:00","twitter_card":"summary_large_image","twitter_misc":{"Est. reading time":"2 minutes"},"schema":{"@context":"https:\/\/schema.org","@graph":[{"@type":"WebPage","@id":"https:\/\/gerajeune.com\/en\/product\/huile-essentielle-de-romarin\/","url":"https:\/\/gerajeune.com\/en\/product\/huile-essentielle-de-romarin\/","name":"Huile Essentielle de Romarin - gerajeune","isPartOf":{"@id":"https:\/\/gerajeune.com\/#website"},"datePublished":"2024-05-01T11:21:24+00:00","dateModified":"2024-06-25T14:34:13+00:00","description":"Purifiante, astringente, et r\u00e9g\u00e9n\u00e9rante, l'huile essentielle de romarin,100 % pure et 100% naturel Anti cellulite et revitalise l'\u00e9piderme .","breadcrumb":{"@id":"https:\/\/gerajeune.com\/en\/product\/huile-essentielle-de-romarin\/#breadcrumb"},"inLanguage":"en-US","potentialAction":[{"@type":"ReadAction","target":["https:\/\/gerajeune.com\/en\/product\/huile-essentielle-de-romarin\/"]}]},{"@type":"BreadcrumbList","@id":"https:\/\/gerajeune.com\/en\/product\/huile-essentielle-de-romarin\/#breadcrumb","itemListElement":[{"@type":"ListItem","position":1,"name":"Accueil","item":"https:\/\/gerajeune.com\/"},{"@type":"ListItem","position":2,"name":"Produits","item":"https:\/\/gerajeune.com\/__trashed-6\/"},{"@type":"ListItem","position":3,"name":"Huile Essentielle de Romarin"}]},{"@type":"WebSite","@id":"https:\/\/gerajeune.com\/#website","url":"https:\/\/gerajeune.com\/","name":"gerajeune","description":"Naturally beautiful, visibly young","publisher":{"@id":"https:\/\/gerajeune.com\/#organization"},"potentialAction":[{"@type":"SearchAction","target":{"@type":"EntryPoint","urlTemplate":"https:\/\/gerajeune.com\/?s={search_term_string}"},"query-input":{"@type":"PropertyValueSpecification","valueRequired":true,"valueName":"search_term_string"}}],"inLanguage":"en-US"},{"@type":"Organization","@id":"https:\/\/gerajeune.com\/#organization","name":"gerajeune","url":"https:\/\/gerajeune.com\/","logo":{"@type":"ImageObject","inLanguage":"en-US","@id":"https:\/\/gerajeune.com\/#\/schema\/logo\/image\/","url":"http:\/\/gerajeune.com\/wp-content\/uploads\/2021\/12\/cropped-logo-modifier-1-e1645608409226.png","contentUrl":"http:\/\/gerajeune.com\/wp-content\/uploads\/2021\/12\/cropped-logo-modifier-1-e1645608409226.png","width":250,"height":120,"caption":"gerajeune"},"image":{"@id":"https:\/\/gerajeune.com\/#\/schema\/logo\/image\/"},"sameAs":["https:\/\/www.facebook.com\/gerajeune","https:\/\/www.instagram.com\/gerajeune\/reels\/?hl=fr"]}]}},"jetpack_sharing_enabled":true,"_links":{"self":[{"href":"https:\/\/gerajeune.com\/en\/wp-json\/wp\/v2\/product\/6907","targetHints":{"allow":["GET"]}}],"collection":[{"href":"https:\/\/gerajeune.com\/en\/wp-json\/wp\/v2\/product"}],"about":[{"href":"https:\/\/gerajeune.com\/en\/wp-json\/wp\/v2\/types\/product"}],"replies":[{"embeddable":true,"href":"https:\/\/gerajeune.com\/en\/wp-json\/wp\/v2\/comments?post=6907"}],"version-history":[{"count":3,"href":"https:\/\/gerajeune.com\/en\/wp-json\/wp\/v2\/product\/6907\/revisions"}],"predecessor-version":[{"id":7019,"href":"https:\/\/gerajeune.com\/en\/wp-json\/wp\/v2\/product\/6907\/revisions\/7019"}],"wp:attachment":[{"href":"https:\/\/gerajeune.com\/en\/wp-json\/wp\/v2\/media?parent=6907"}],"wp:term":[{"taxonomy":"product_brand","embeddable":true,"href":"https:\/\/gerajeune.com\/en\/wp-json\/wp\/v2\/product_brand?post=6907"},{"taxonomy":"product_cat","embeddable":true,"href":"https:\/\/gerajeune.com\/en\/wp-json\/wp\/v2\/product_cat?post=6907"},{"taxonomy":"product_tag","embeddable":true,"href":"https:\/\/gerajeune.com\/en\/wp-json\/wp\/v2\/product_tag?post=6907"}],"curies":[{"name":"wp","href":"https:\/\/api.w.org\/{rel}","templated":true}]}}