{"id":6913,"date":"2024-04-30T10:30:42","date_gmt":"2024-04-30T09:30:42","guid":{"rendered":"http:\/\/gerajeune.com\/?post_type=product&#038;p=6913"},"modified":"2024-04-30T10:30:42","modified_gmt":"2024-04-30T09:30:42","slug":"gelee-nettoyante","status":"publish","type":"product","link":"https:\/\/gerajeune.com\/en\/product\/gelee-nettoyante\/","title":{"rendered":"Cleansing Jelly"},"content":{"rendered":"<p><strong>What is a cleansing jelly?<\/strong><\/p>\n<p>It is a treatment used to gently remove impurities that cling to the hydrolipidic film (pollution particles, dust, sebum, sweat, etc.), all without stripping the skin.<\/p>\n<p><strong>How to use a cleansing jelly?:<\/strong><\/p>\n<p>Massage into the skin of the face and neck for ten seconds in circular movements. Count to ten and that&#039;s it. Rinse thoroughly. Your skin is now ready to receive all types of care.<\/p>\n<p><strong>When to apply cleansing jelly?:<\/strong><\/p>\n<p>Facial cleansing gel should be used <b>morning and evening<\/b>. In fact, it is necessary to purify the skin in the morning upon waking to remove perspiration and excess sebum generated during the night, and in the evening to eliminate any kind of impurity from makeup or the external environment.<\/p>\n<p><strong>the benefits of alo-vera:<\/strong><\/p>\n<ul>\n<li>Smoothing Power: it has a particularly effective anti-aging action. It tightens skin tissues, thanks to its immediate tensing effect.<\/li>\n<li>Protective Power: even if it easily penetrates the different layers of the epidermis, it forms on the surface of the <b>skin<\/b>\u00a0a protective film against UV rays, wind or fine particles.<\/li>\n<li>It is a good remedy to reduce and combat deep wrinkles.<\/li>\n<\/ul>\n<p><strong>\u00a0the benefits of urea on the skin:<\/strong><\/p>\n<ul>\n<li>Helps to hydrate the <em>skins<\/em>\u00a0the driest<\/li>\n<li>It purifies the\u00a0<em>skin<\/em> : in case of acne, blackheads, or irregularity<\/li>\n<li>Is a humectant, which means it absorbs moisture and softens the <em>skin<\/em>.<\/li>\n<li>Gently removes dead cells from the surface of the <em>skin<\/em>\u00a0and: \u2013 reduces the grainy appearance of <a href=\"https:\/\/fr.wikipedia.org\/wiki\/La_Peau\">there\u00a0<em>skin<\/em><\/a> and smooths out rough spots.<\/li>\n<\/ul>\n<p><strong>Ingredients :<\/strong><\/p>\n<p>Aqua, aloe barbendensis leaf juice, sodiumcocoamphoacetate, glycerin, lauryl glucoside, sodium cocoyl glutamate, sausium lauryl glucose carboxylate, vaccine mytillus fruit extract, olea europea squalan extract, glycolic acid sodium lactate, sodium PCA, glycin, fructose, urea, niacinamide, inositol ,sodium benzoate, lactic acid.<\/p>\n<p>Discover our products again <a href=\"http:\/\/gerajeune.com\/en\/soins-corps\/\">body care\u00a0<\/a><\/p>","protected":false},"excerpt":{"rendered":"<p>C&rsquo;est quoi une gel\u00e9e nettoyante ? : C&rsquo;est un soin utilis\u00e9 pour d\u00e9loger tout en douceur les impuret\u00e9s qui s&rsquo;accrochent au film hydrolipidique\u00a0(particules de pollution, poussi\u00e8res, s\u00e9bum, sueur&#8230;), le tout sans d\u00e9caper la peau. Comment utiliser une gel\u00e9e nettoyante ?: Massez sur la peau du visage et du cou pendant dix secondes par des mouvements circulaires. Comptez jusqu&rsquo;\u00e0 dix et le tour est jou\u00e9. Rincez abondamment. Votre peau est d\u00e9sormais pr\u00eate \u00e0 recevoir tous les types de soins. Quand mettre la gel\u00e9e nettoyante ? : Le gel nettoyant visage\u00a0 doit \u00eatre utilis\u00e9s matin et soir. En effet, il est n\u00e9cessaire de purifier la peau le matin au r\u00e9veil pour enlever la transpiration et l&rsquo;exc\u00e8s de s\u00e9bum g\u00e9n\u00e9r\u00e9s durant la nuit , et le soir pour \u00e9liminer toute sorte d&rsquo;impuret\u00e9 issu de maquillage ou de l&rsquo;environnement ext\u00e9rieur . les bienfaits de l&rsquo;alo-vera : Pouvoir Lissant : il poss\u00e8de une action anti-\u00e2ge particuli\u00e8rement efficace. Il resserre les tissus cutan\u00e9s, gr\u00e2ce \u00e0 son effet tenseur imm\u00e9diat. Pouvoir Protecteur : m\u00eame s&rsquo;il p\u00e9n\u00e8tre ais\u00e9ment les diff\u00e9rentes couches de l&rsquo;\u00e9piderme, il forme \u00e0 la surface de la peau\u00a0un film protecteur contre les UV, le vent ou les particules fines. C&rsquo;est un bon rem\u00e8de pour att\u00e9nuer et lutter contre les rides profondes \u00a0les bienfaits de l&rsquo;ur\u00e9e sur la peau : Permet d&rsquo;hydrater les peaux\u00a0les plus s\u00e8ches \u00b7 Elle purifie la\u00a0peau : en cas d&rsquo;acn\u00e9, de com\u00e9dons, ou d&rsquo;irr\u00e9gulation Est un agent humectant , ce qui veut dire qu&rsquo;elle absorbe l&rsquo;humidit\u00e9 et adoucit la peau. Elimine en douceur les cellules mortes de la surface de la peau\u00a0et : &#8211; r\u00e9duit l&rsquo;aspect granuleux de la\u00a0peau et lisse les rugosit\u00e9s. Ingr\u00e9dients : Aqua,aloe barbendensis leaf juice,sodiumcocoamphoacetate, glycerin, lauryl glucoside, sodium cocoyl glutamate, sausium lauryl glucose carboxylate,vaccinu mytillus fruit extract , olea europea squalan extract, glycolic acide sodium lactate, sodium PCA, glycin, fructose, urea, niacinamide, inositol,sodium benzoate, lactic acid . D\u00e9couvrez encore\u00a0 nos produits de soin du corps\u00a0<\/p>","protected":false},"featured_media":6871,"comment_status":"open","ping_status":"closed","template":"","meta":{"_monsterinsights_skip_tracking":false,"_monsterinsights_sitenote_active":false,"_monsterinsights_sitenote_note":"","_monsterinsights_sitenote_category":0,"ocean_post_layout":"","ocean_both_sidebars_style":"","ocean_both_sidebars_content_width":0,"ocean_both_sidebars_sidebars_width":0,"ocean_sidebar":"0","ocean_second_sidebar":"0","ocean_disable_margins":"enable","ocean_add_body_class":"","ocean_shortcode_before_top_bar":"","ocean_shortcode_after_top_bar":"","ocean_shortcode_before_header":"","ocean_shortcode_after_header":"","ocean_has_shortcode":"","ocean_shortcode_after_title":"","ocean_shortcode_before_footer_widgets":"","ocean_shortcode_after_footer_widgets":"","ocean_shortcode_before_footer_bottom":"","ocean_shortcode_after_footer_bottom":"","ocean_display_top_bar":"default","ocean_display_header":"default","ocean_header_style":"","ocean_center_header_left_menu":"0","ocean_custom_header_template":"0","ocean_custom_logo":0,"ocean_custom_retina_logo":0,"ocean_custom_logo_max_width":0,"ocean_custom_logo_tablet_max_width":0,"ocean_custom_logo_mobile_max_width":0,"ocean_custom_logo_max_height":0,"ocean_custom_logo_tablet_max_height":0,"ocean_custom_logo_mobile_max_height":0,"ocean_header_custom_menu":"0","ocean_menu_typo_font_family":"0","ocean_menu_typo_font_subset":"","ocean_menu_typo_font_size":0,"ocean_menu_typo_font_size_tablet":0,"ocean_menu_typo_font_size_mobile":0,"ocean_menu_typo_font_size_unit":"px","ocean_menu_typo_font_weight":"","ocean_menu_typo_font_weight_tablet":"","ocean_menu_typo_font_weight_mobile":"","ocean_menu_typo_transform":"","ocean_menu_typo_transform_tablet":"","ocean_menu_typo_transform_mobile":"","ocean_menu_typo_line_height":0,"ocean_menu_typo_line_height_tablet":0,"ocean_menu_typo_line_height_mobile":0,"ocean_menu_typo_line_height_unit":"","ocean_menu_typo_spacing":0,"ocean_menu_typo_spacing_tablet":0,"ocean_menu_typo_spacing_mobile":0,"ocean_menu_typo_spacing_unit":"","ocean_menu_link_color":"","ocean_menu_link_color_hover":"","ocean_menu_link_color_active":"","ocean_menu_link_background":"","ocean_menu_link_hover_background":"","ocean_menu_link_active_background":"","ocean_menu_social_links_bg":"","ocean_menu_social_hover_links_bg":"","ocean_menu_social_links_color":"","ocean_menu_social_hover_links_color":"","ocean_disable_title":"default","ocean_disable_heading":"default","ocean_post_title":"","ocean_post_subheading":"","ocean_post_title_style":"","ocean_post_title_background_color":"","ocean_post_title_background":0,"ocean_post_title_bg_image_position":"","ocean_post_title_bg_image_attachment":"","ocean_post_title_bg_image_repeat":"","ocean_post_title_bg_image_size":"","ocean_post_title_height":0,"ocean_post_title_bg_overlay":0.5,"ocean_post_title_bg_overlay_color":"","ocean_disable_breadcrumbs":"default","ocean_breadcrumbs_color":"","ocean_breadcrumbs_separator_color":"","ocean_breadcrumbs_links_color":"","ocean_breadcrumbs_links_hover_color":"","ocean_display_footer_widgets":"default","ocean_display_footer_bottom":"default","ocean_custom_footer_template":"0","omw_enable_modal_window":"enable"},"product_brand":[],"product_cat":[157],"product_tag":[],"class_list":{"0":"post-6913","1":"product","2":"type-product","3":"status-publish","4":"has-post-thumbnail","6":"product_cat-soin-corps","8":"entry","9":"has-media","11":"first","12":"instock","13":"taxable","14":"shipping-taxable","15":"product-type-simple","16":"col","17":"span_1_of_3","18":"owp-content-center","19":"owp-thumbs-layout-horizontal","20":"owp-btn-normal","21":"owp-tabs-layout-horizontal","22":"has-no-thumbnails"},"yoast_head":"<!-- This site is optimized with the Yoast SEO plugin v27.0 - https:\/\/yoast.com\/product\/yoast-seo-wordpress\/ -->\n<title>Gel\u00e9e Nettoyante - gerajeune<\/title>\n<meta name=\"description\" content=\"Elimine en douceur et efficacement la salet\u00e9, l&#039;exc\u00e8s de s\u00e9bum et le maquillage sans ab\u00eemer la barri\u00e8re cutan\u00e9es aux ingr\u00e9dients naturels.\" \/>\n<meta name=\"robots\" content=\"index, follow, max-snippet:-1, max-image-preview:large, max-video-preview:-1\" \/>\n<link rel=\"canonical\" href=\"https:\/\/gerajeune.com\/en\/product\/gelee-nettoyante\/\" \/>\n<meta property=\"og:locale\" content=\"en_US\" \/>\n<meta property=\"og:type\" content=\"article\" \/>\n<meta property=\"og:title\" content=\"Gel\u00e9e Nettoyante - gerajeune\" \/>\n<meta property=\"og:description\" content=\"Elimine en douceur et efficacement la salet\u00e9, l&#039;exc\u00e8s de s\u00e9bum et le maquillage sans ab\u00eemer la barri\u00e8re cutan\u00e9es aux ingr\u00e9dients naturels.\" \/>\n<meta property=\"og:url\" content=\"https:\/\/gerajeune.com\/en\/product\/gelee-nettoyante\/\" \/>\n<meta property=\"og:site_name\" content=\"gerajeune\" \/>\n<meta property=\"article:publisher\" content=\"https:\/\/www.facebook.com\/gerajeune\" \/>\n<meta property=\"og:image\" content=\"https:\/\/gerajeune.com\/wp-content\/uploads\/2024\/02\/IMG_2803-scaled.jpeg\" \/>\n\t<meta property=\"og:image:width\" content=\"1481\" \/>\n\t<meta property=\"og:image:height\" content=\"2560\" \/>\n\t<meta property=\"og:image:type\" content=\"image\/jpeg\" \/>\n<meta name=\"twitter:card\" content=\"summary_large_image\" \/>\n<meta name=\"twitter:label1\" content=\"Est. reading time\" \/>\n\t<meta name=\"twitter:data1\" content=\"2 minutes\" \/>\n<script type=\"application\/ld+json\" class=\"yoast-schema-graph\">{\"@context\":\"https:\/\/schema.org\",\"@graph\":[{\"@type\":\"WebPage\",\"@id\":\"https:\/\/gerajeune.com\/produit\/gelee-nettoyante\/\",\"url\":\"https:\/\/gerajeune.com\/produit\/gelee-nettoyante\/\",\"name\":\"Gel\u00e9e Nettoyante - gerajeune\",\"isPartOf\":{\"@id\":\"https:\/\/gerajeune.com\/#website\"},\"primaryImageOfPage\":{\"@id\":\"https:\/\/gerajeune.com\/produit\/gelee-nettoyante\/#primaryimage\"},\"image\":{\"@id\":\"https:\/\/gerajeune.com\/produit\/gelee-nettoyante\/#primaryimage\"},\"thumbnailUrl\":\"https:\/\/gerajeune.com\/wp-content\/uploads\/2024\/02\/IMG_2803-scaled.jpeg\",\"datePublished\":\"2024-04-30T09:30:42+00:00\",\"description\":\"Elimine en douceur et efficacement la salet\u00e9, l'exc\u00e8s de s\u00e9bum et le maquillage sans ab\u00eemer la barri\u00e8re cutan\u00e9es aux ingr\u00e9dients naturels.\",\"breadcrumb\":{\"@id\":\"https:\/\/gerajeune.com\/produit\/gelee-nettoyante\/#breadcrumb\"},\"inLanguage\":\"en-US\",\"potentialAction\":[{\"@type\":\"ReadAction\",\"target\":[\"https:\/\/gerajeune.com\/produit\/gelee-nettoyante\/\"]}]},{\"@type\":\"ImageObject\",\"inLanguage\":\"en-US\",\"@id\":\"https:\/\/gerajeune.com\/produit\/gelee-nettoyante\/#primaryimage\",\"url\":\"https:\/\/gerajeune.com\/wp-content\/uploads\/2024\/02\/IMG_2803-scaled.jpeg\",\"contentUrl\":\"https:\/\/gerajeune.com\/wp-content\/uploads\/2024\/02\/IMG_2803-scaled.jpeg\",\"width\":1481,\"height\":2560,\"caption\":\"Gel aloe vera\"},{\"@type\":\"BreadcrumbList\",\"@id\":\"https:\/\/gerajeune.com\/produit\/gelee-nettoyante\/#breadcrumb\",\"itemListElement\":[{\"@type\":\"ListItem\",\"position\":1,\"name\":\"Accueil\",\"item\":\"https:\/\/gerajeune.com\/\"},{\"@type\":\"ListItem\",\"position\":2,\"name\":\"Produits\",\"item\":\"https:\/\/gerajeune.com\/__trashed-6\/\"},{\"@type\":\"ListItem\",\"position\":3,\"name\":\"Gel\u00e9e Nettoyante\"}]},{\"@type\":\"WebSite\",\"@id\":\"https:\/\/gerajeune.com\/#website\",\"url\":\"https:\/\/gerajeune.com\/\",\"name\":\"gerajeune\",\"description\":\"Naturellement belle, visiblement jeune\",\"publisher\":{\"@id\":\"https:\/\/gerajeune.com\/#organization\"},\"potentialAction\":[{\"@type\":\"SearchAction\",\"target\":{\"@type\":\"EntryPoint\",\"urlTemplate\":\"https:\/\/gerajeune.com\/?s={search_term_string}\"},\"query-input\":{\"@type\":\"PropertyValueSpecification\",\"valueRequired\":true,\"valueName\":\"search_term_string\"}}],\"inLanguage\":\"en-US\"},{\"@type\":\"Organization\",\"@id\":\"https:\/\/gerajeune.com\/#organization\",\"name\":\"gerajeune\",\"url\":\"https:\/\/gerajeune.com\/\",\"logo\":{\"@type\":\"ImageObject\",\"inLanguage\":\"en-US\",\"@id\":\"https:\/\/gerajeune.com\/#\/schema\/logo\/image\/\",\"url\":\"http:\/\/gerajeune.com\/wp-content\/uploads\/2021\/12\/cropped-logo-modifier-1-e1645608409226.png\",\"contentUrl\":\"http:\/\/gerajeune.com\/wp-content\/uploads\/2021\/12\/cropped-logo-modifier-1-e1645608409226.png\",\"width\":250,\"height\":120,\"caption\":\"gerajeune\"},\"image\":{\"@id\":\"https:\/\/gerajeune.com\/#\/schema\/logo\/image\/\"},\"sameAs\":[\"https:\/\/www.facebook.com\/gerajeune\",\"https:\/\/www.instagram.com\/gerajeune\/reels\/?hl=fr\"]}]}<\/script>\n<!-- \/ Yoast SEO plugin. -->","yoast_head_json":{"title":"Gel\u00e9e Nettoyante - gerajeune","description":"Elimine en douceur et efficacement la salet\u00e9, l'exc\u00e8s de s\u00e9bum et le maquillage sans ab\u00eemer la barri\u00e8re cutan\u00e9es aux ingr\u00e9dients naturels.","robots":{"index":"index","follow":"follow","max-snippet":"max-snippet:-1","max-image-preview":"max-image-preview:large","max-video-preview":"max-video-preview:-1"},"canonical":"https:\/\/gerajeune.com\/en\/product\/gelee-nettoyante\/","og_locale":"en_US","og_type":"article","og_title":"Gel\u00e9e Nettoyante - gerajeune","og_description":"Elimine en douceur et efficacement la salet\u00e9, l'exc\u00e8s de s\u00e9bum et le maquillage sans ab\u00eemer la barri\u00e8re cutan\u00e9es aux ingr\u00e9dients naturels.","og_url":"https:\/\/gerajeune.com\/en\/product\/gelee-nettoyante\/","og_site_name":"gerajeune","article_publisher":"https:\/\/www.facebook.com\/gerajeune","og_image":[{"width":1481,"height":2560,"url":"https:\/\/gerajeune.com\/wp-content\/uploads\/2024\/02\/IMG_2803-scaled.jpeg","type":"image\/jpeg"}],"twitter_card":"summary_large_image","twitter_misc":{"Est. reading time":"2 minutes"},"schema":{"@context":"https:\/\/schema.org","@graph":[{"@type":"WebPage","@id":"https:\/\/gerajeune.com\/produit\/gelee-nettoyante\/","url":"https:\/\/gerajeune.com\/produit\/gelee-nettoyante\/","name":"Gel\u00e9e Nettoyante - gerajeune","isPartOf":{"@id":"https:\/\/gerajeune.com\/#website"},"primaryImageOfPage":{"@id":"https:\/\/gerajeune.com\/produit\/gelee-nettoyante\/#primaryimage"},"image":{"@id":"https:\/\/gerajeune.com\/produit\/gelee-nettoyante\/#primaryimage"},"thumbnailUrl":"https:\/\/gerajeune.com\/wp-content\/uploads\/2024\/02\/IMG_2803-scaled.jpeg","datePublished":"2024-04-30T09:30:42+00:00","description":"Elimine en douceur et efficacement la salet\u00e9, l'exc\u00e8s de s\u00e9bum et le maquillage sans ab\u00eemer la barri\u00e8re cutan\u00e9es aux ingr\u00e9dients naturels.","breadcrumb":{"@id":"https:\/\/gerajeune.com\/produit\/gelee-nettoyante\/#breadcrumb"},"inLanguage":"en-US","potentialAction":[{"@type":"ReadAction","target":["https:\/\/gerajeune.com\/produit\/gelee-nettoyante\/"]}]},{"@type":"ImageObject","inLanguage":"en-US","@id":"https:\/\/gerajeune.com\/produit\/gelee-nettoyante\/#primaryimage","url":"https:\/\/gerajeune.com\/wp-content\/uploads\/2024\/02\/IMG_2803-scaled.jpeg","contentUrl":"https:\/\/gerajeune.com\/wp-content\/uploads\/2024\/02\/IMG_2803-scaled.jpeg","width":1481,"height":2560,"caption":"Gel aloe vera"},{"@type":"BreadcrumbList","@id":"https:\/\/gerajeune.com\/produit\/gelee-nettoyante\/#breadcrumb","itemListElement":[{"@type":"ListItem","position":1,"name":"Accueil","item":"https:\/\/gerajeune.com\/"},{"@type":"ListItem","position":2,"name":"Produits","item":"https:\/\/gerajeune.com\/__trashed-6\/"},{"@type":"ListItem","position":3,"name":"Gel\u00e9e Nettoyante"}]},{"@type":"WebSite","@id":"https:\/\/gerajeune.com\/#website","url":"https:\/\/gerajeune.com\/","name":"gerajeune","description":"Naturally beautiful, visibly young","publisher":{"@id":"https:\/\/gerajeune.com\/#organization"},"potentialAction":[{"@type":"SearchAction","target":{"@type":"EntryPoint","urlTemplate":"https:\/\/gerajeune.com\/?s={search_term_string}"},"query-input":{"@type":"PropertyValueSpecification","valueRequired":true,"valueName":"search_term_string"}}],"inLanguage":"en-US"},{"@type":"Organization","@id":"https:\/\/gerajeune.com\/#organization","name":"gerajeune","url":"https:\/\/gerajeune.com\/","logo":{"@type":"ImageObject","inLanguage":"en-US","@id":"https:\/\/gerajeune.com\/#\/schema\/logo\/image\/","url":"http:\/\/gerajeune.com\/wp-content\/uploads\/2021\/12\/cropped-logo-modifier-1-e1645608409226.png","contentUrl":"http:\/\/gerajeune.com\/wp-content\/uploads\/2021\/12\/cropped-logo-modifier-1-e1645608409226.png","width":250,"height":120,"caption":"gerajeune"},"image":{"@id":"https:\/\/gerajeune.com\/#\/schema\/logo\/image\/"},"sameAs":["https:\/\/www.facebook.com\/gerajeune","https:\/\/www.instagram.com\/gerajeune\/reels\/?hl=fr"]}]}},"jetpack_sharing_enabled":true,"_links":{"self":[{"href":"https:\/\/gerajeune.com\/en\/wp-json\/wp\/v2\/product\/6913","targetHints":{"allow":["GET"]}}],"collection":[{"href":"https:\/\/gerajeune.com\/en\/wp-json\/wp\/v2\/product"}],"about":[{"href":"https:\/\/gerajeune.com\/en\/wp-json\/wp\/v2\/types\/product"}],"replies":[{"embeddable":true,"href":"https:\/\/gerajeune.com\/en\/wp-json\/wp\/v2\/comments?post=6913"}],"version-history":[{"count":2,"href":"https:\/\/gerajeune.com\/en\/wp-json\/wp\/v2\/product\/6913\/revisions"}],"predecessor-version":[{"id":7014,"href":"https:\/\/gerajeune.com\/en\/wp-json\/wp\/v2\/product\/6913\/revisions\/7014"}],"wp:featuredmedia":[{"embeddable":true,"href":"https:\/\/gerajeune.com\/en\/wp-json\/wp\/v2\/media\/6871"}],"wp:attachment":[{"href":"https:\/\/gerajeune.com\/en\/wp-json\/wp\/v2\/media?parent=6913"}],"wp:term":[{"taxonomy":"product_brand","embeddable":true,"href":"https:\/\/gerajeune.com\/en\/wp-json\/wp\/v2\/product_brand?post=6913"},{"taxonomy":"product_cat","embeddable":true,"href":"https:\/\/gerajeune.com\/en\/wp-json\/wp\/v2\/product_cat?post=6913"},{"taxonomy":"product_tag","embeddable":true,"href":"https:\/\/gerajeune.com\/en\/wp-json\/wp\/v2\/product_tag?post=6913"}],"curies":[{"name":"wp","href":"https:\/\/api.w.org\/{rel}","templated":true}]}}