{"id":6917,"date":"2024-05-01T12:30:37","date_gmt":"2024-05-01T11:30:37","guid":{"rendered":"http:\/\/gerajeune.com\/?post_type=product&#038;p=6917"},"modified":"2025-12-23T21:25:20","modified_gmt":"2025-12-23T20:25:20","slug":"mousse-florale-secret-de-lavande","status":"publish","type":"product","link":"https:\/\/gerajeune.com\/en\/product\/mousse-florale-secret-de-lavande\/","title":{"rendered":"Mousse Florale Gerajeune Douceur de Neroli"},"content":{"rendered":"<p>Floral Foam<\/p>\n<p><strong>Usefulness of facial cleansing foam:<\/strong><\/p>\n<p>A cleansing foam has one action at a time:<\/p>\n<ul>\n<li><strong>gentle<\/strong> gr\u00e2ce \u00e0 l&rsquo;hydrolat de neroli<\/li>\n<li><strong>effective<\/strong> thanks to moisturizing active ingredients, such as Olive oil, Aloe Vera, and fruit acids.<\/li>\n<\/ul>\n<p>It strengthens the skin barrier, reduces the feeling of discomfort, minimizes the appearance of<a href=\"https:\/\/fr.wikipedia.org\/wiki\/Com%C3%A9don\"> blackheads<\/a> and protects the skin against dehydration<strong> .<\/strong><\/p>\n<h4><strong>Instructions for use:<\/strong><\/h4>\n<p>Apply the foam with your fingertips to wet skin and lather.<\/p>\n<h4><strong>When to use a cleansing foam?:<\/strong><\/h4>\n<p>The cleansing foam can be applied alone in the morning to revive the complexion&#039;s radiance, but also in the evening after removing makeup.<\/p>\n<h4><strong>Criteria for choosing a cleansing foam:<\/strong><\/h4>\n<ul>\n<li>For oily skin: choose facial cleansers that act gently to regulate sebum production without damaging it.<\/li>\n<li>For dry skin: Opt for milky textures rich in nourishing active ingredients that allow for delicate cleansing while providing hydration and suppleness.<\/li>\n<li>For combination skin: it is necessary to opt for cleansing treatments that act on sebum production while avoiding drying out the skin.<\/li>\n<\/ul>\n<h4><strong>\u00a0les bienfaits de la mousse florale Douceur de Neroli\u00a0 :<\/strong><\/h4>\n<ul>\n<li>Aloe vera: Antibacterial: aloetin and aloesin have antimicrobial properties that help fight the proliferation of bacteria on the surface of the skin and therefore prevent blemishes.<\/li>\n<li>Petitgrain: has purifying, healing, anti-inflammatory and anti-infectious properties.<\/li>\n<li>Vitamin B3: promotes the production of collagen and elastin, two proteins essential for skin tone and firmness.<\/li>\n<li>Lavender: helps fight wrinkles but also redness and imperfections. Its use is also effective for tightening pores and healing the skin.<\/li>\n<\/ul>\n<p><strong>Precautions for use:<\/strong><\/p>\n<p>Avoid contact with eyes.<\/p>\n<p>Rinse with lukewarm water.<\/p>\n<p>To complete your routine, discover our complete range of <a href=\"http:\/\/gerajeune.com\/en\/soins-visage\/\">facial care<\/a> .<\/p>\n<p>Also discover our <a href=\"http:\/\/gerajeune.com\/en\/product\/mousse-nettoyante\/\">Neroli flavored cleansing foam<\/a> .<\/p>\n<p><strong>Ingredients :<\/strong><\/p>\n<p>Aqua, Aloe Barbendensis Leaf Juice, Sodium Cocoamphoacetate, Glycerin, Lauryl Glucoside, Sodium Cocoyl Glutamate, Sodium Lauryl Glucose Carboxylate, Vaccinu Myrtillus Fruit Extract, Olea Europea Squalan Extract, Glycolic Acid, Sodium Lactate, Sodium PCA, Glycin, Fructose, UREA, Niacin amide , Inositol, Sodium Benzoate, Lactate Acid.<\/p>","protected":false},"excerpt":{"rendered":"<p>Mousse Florale Utilit\u00e9 de la\u00a0 mousse nettoyante visage : Une mousse nettoyante\u00a0 a une action \u00e0 la fois : douce gr\u00e2ce \u00e0 l&rsquo;hydrolat de neroli efficace gr\u00e2ce aux actifs hydratants , tels que l&rsquo;huile d&rsquo;Olive , l&rsquo;Aloe Vera ,et les acides de fruits . Elle renforce la barri\u00e8re cutan\u00e9e , r\u00e9duit la sensation d&rsquo;inconfort , minimise l&rsquo;apparition des com\u00e9dons et prot\u00e8ge la peau contre la d\u00e9shydratation . Mode d&#8217;emploi: Appliquer la mousse\u00a0 du bout des doigts sur la peau mouill\u00e9e et faites mousser . Quand utiliser une mousse nettoyante ?: la mousse nettoyante peut \u00eatre appliqu\u00e9e seule\u00a0le matin pour r\u00e9veiller l&rsquo;\u00e9clat du teint, mais aussi le soir apr\u00e8s avoir d\u00e9maquill\u00e9 sa peau. Crit\u00e8res de choix d&rsquo; une mousse nettoyante: Pour la \u00a0peau grasse : choisissez\u00a0 des nettoyants visages qui agissent en douceur afin de r\u00e9guler la production de s\u00e9bum sans l\u2019agresser. Pour la peau s\u00e8che : Misez sur des textures lact\u00e9es riches en actifs nourrissants qui permettent un nettoyage d\u00e9licat tout en lui apportant hydratation et souplesse. Pour la peau mixte : il est n\u00e9cessaire d\u2019opter pour des soins nettoyants qui agissent sur la production de s\u00e9bum tout en \u00e9vitant de dess\u00e9cher la peau. \u00a0les bienfaits de la mousse florale Douceur de Neroli\u00a0 : Aloe vera :Antibact\u00e9rien : l&rsquo;alo\u00e9tine et l&rsquo;aloesine ont des vertus antimicrobiennes permettant de lutter contre la prolif\u00e9ration des bact\u00e9ries \u00e0 la surface de la peau et donc de pr\u00e9venir les imperfections. petit grain :a des propri\u00e9t\u00e9s propri\u00e9t\u00e9s purifiantes, cicatrisantes, anti-inflammatoire et anti-infectieuse. Vitamine B3:favorise la production de collag\u00e8ne et d&rsquo;\u00e9lastine, deux prot\u00e9ines essentielles \u00e0 la tonicit\u00e9 et fermet\u00e9 de la peau. Lavande :aide \u00e0 lutter contre les rides mais aussi les rougeurs et les imperfections. Son utilisation est aussi efficace pour resserrer les pores et cicatriser la peau. Pr\u00e9cautions d&rsquo;utilisation : Eviter tout contact avec les yeux . Rincer a l&rsquo;eau ti\u00e8de . Pour compl\u00e9ter votre routine ,d\u00e9couvrez notre gamme compl\u00e8te de soin de visage . D\u00e9couvrez aussi\u00a0 notre mousse nettoyante\u00a0 saveur de n\u00e9roli . Ingr\u00e9dients : Aqua , Aloe Barbendensis Leaf Juice , Sodium Cocoamphoacetate , Glycerin , Lauryl Glucoside , Sodium Cocoyl Glutamate , Sodium Lauryl Glucose Carboxylate , Vaccinu Myrtillus Fruit Extract , Olea Europea Squalan Extract , Glycolic Acide , Sodium Lactate , Sodium PCA , Glycin , Fructose , UREA ,Niacinamide , Inositol , Sodium Benzoate , Lactat Acid .<\/p>","protected":false},"featured_media":14249,"comment_status":"open","ping_status":"closed","template":"","meta":{"_monsterinsights_skip_tracking":false,"_monsterinsights_sitenote_active":false,"_monsterinsights_sitenote_note":"","_monsterinsights_sitenote_category":0,"ocean_post_layout":"","ocean_both_sidebars_style":"","ocean_both_sidebars_content_width":0,"ocean_both_sidebars_sidebars_width":0,"ocean_sidebar":"0","ocean_second_sidebar":"0","ocean_disable_margins":"enable","ocean_add_body_class":"","ocean_shortcode_before_top_bar":"","ocean_shortcode_after_top_bar":"","ocean_shortcode_before_header":"","ocean_shortcode_after_header":"","ocean_has_shortcode":"","ocean_shortcode_after_title":"","ocean_shortcode_before_footer_widgets":"","ocean_shortcode_after_footer_widgets":"","ocean_shortcode_before_footer_bottom":"","ocean_shortcode_after_footer_bottom":"","ocean_display_top_bar":"default","ocean_display_header":"default","ocean_header_style":"","ocean_center_header_left_menu":"0","ocean_custom_header_template":"0","ocean_custom_logo":0,"ocean_custom_retina_logo":0,"ocean_custom_logo_max_width":0,"ocean_custom_logo_tablet_max_width":0,"ocean_custom_logo_mobile_max_width":0,"ocean_custom_logo_max_height":0,"ocean_custom_logo_tablet_max_height":0,"ocean_custom_logo_mobile_max_height":0,"ocean_header_custom_menu":"0","ocean_menu_typo_font_family":"0","ocean_menu_typo_font_subset":"","ocean_menu_typo_font_size":0,"ocean_menu_typo_font_size_tablet":0,"ocean_menu_typo_font_size_mobile":0,"ocean_menu_typo_font_size_unit":"px","ocean_menu_typo_font_weight":"","ocean_menu_typo_font_weight_tablet":"","ocean_menu_typo_font_weight_mobile":"","ocean_menu_typo_transform":"","ocean_menu_typo_transform_tablet":"","ocean_menu_typo_transform_mobile":"","ocean_menu_typo_line_height":0,"ocean_menu_typo_line_height_tablet":0,"ocean_menu_typo_line_height_mobile":0,"ocean_menu_typo_line_height_unit":"","ocean_menu_typo_spacing":0,"ocean_menu_typo_spacing_tablet":0,"ocean_menu_typo_spacing_mobile":0,"ocean_menu_typo_spacing_unit":"","ocean_menu_link_color":"","ocean_menu_link_color_hover":"","ocean_menu_link_color_active":"","ocean_menu_link_background":"","ocean_menu_link_hover_background":"","ocean_menu_link_active_background":"","ocean_menu_social_links_bg":"","ocean_menu_social_hover_links_bg":"","ocean_menu_social_links_color":"","ocean_menu_social_hover_links_color":"","ocean_disable_title":"default","ocean_disable_heading":"default","ocean_post_title":"","ocean_post_subheading":"","ocean_post_title_style":"","ocean_post_title_background_color":"","ocean_post_title_background":0,"ocean_post_title_bg_image_position":"","ocean_post_title_bg_image_attachment":"","ocean_post_title_bg_image_repeat":"","ocean_post_title_bg_image_size":"","ocean_post_title_height":0,"ocean_post_title_bg_overlay":0.5,"ocean_post_title_bg_overlay_color":"","ocean_disable_breadcrumbs":"default","ocean_breadcrumbs_color":"","ocean_breadcrumbs_separator_color":"","ocean_breadcrumbs_links_color":"","ocean_breadcrumbs_links_hover_color":"","ocean_display_footer_widgets":"default","ocean_display_footer_bottom":"default","ocean_custom_footer_template":"0","omw_enable_modal_window":"enable"},"product_brand":[],"product_cat":[56],"product_tag":[],"class_list":{"0":"post-6917","1":"product","2":"type-product","3":"status-publish","4":"has-post-thumbnail","6":"product_cat-soin-visage","8":"entry","9":"has-media","11":"first","12":"instock","13":"sale","14":"taxable","15":"shipping-taxable","16":"purchasable","17":"product-type-simple","18":"col","19":"span_1_of_3","20":"owp-content-center","21":"owp-thumbs-layout-horizontal","22":"owp-btn-normal","23":"owp-tabs-layout-horizontal","24":"has-no-thumbnails"},"yoast_head":"<!-- This site is optimized with the Yoast SEO plugin v27.0 - https:\/\/yoast.com\/product\/yoast-seo-wordpress\/ -->\n<title>Mousse Florale Gerajeune Douceur de Neroli - gerajeune<\/title>\n<meta name=\"description\" content=\"D\u00e9couvrez notre MOUSSE Florale pour tout type de peau ,de composition naturelle ultra active au secret de Lavande . Nettoie la peau d\u00e9licatement .\" \/>\n<meta name=\"robots\" content=\"index, follow, max-snippet:-1, max-image-preview:large, max-video-preview:-1\" \/>\n<link rel=\"canonical\" href=\"https:\/\/gerajeune.com\/en\/product\/mousse-florale-secret-de-lavande\/\" \/>\n<meta property=\"og:locale\" content=\"en_US\" \/>\n<meta property=\"og:type\" content=\"article\" \/>\n<meta property=\"og:title\" content=\"Mousse Florale Gerajeune Douceur de Neroli - gerajeune\" \/>\n<meta property=\"og:description\" content=\"D\u00e9couvrez notre MOUSSE Florale pour tout type de peau ,de composition naturelle ultra active au secret de Lavande . Nettoie la peau d\u00e9licatement .\" \/>\n<meta property=\"og:url\" content=\"https:\/\/gerajeune.com\/en\/product\/mousse-florale-secret-de-lavande\/\" \/>\n<meta property=\"og:site_name\" content=\"gerajeune\" \/>\n<meta property=\"article:publisher\" content=\"https:\/\/www.facebook.com\/gerajeune\" \/>\n<meta property=\"article:modified_time\" content=\"2025-12-23T20:25:20+00:00\" \/>\n<meta property=\"og:image\" content=\"https:\/\/gerajeune.com\/wp-content\/uploads\/2024\/05\/Mousse_Florale_Secret_de_Lavande_New.webp\" \/>\n\t<meta property=\"og:image:width\" content=\"1080\" \/>\n\t<meta property=\"og:image:height\" content=\"1080\" \/>\n\t<meta property=\"og:image:type\" content=\"image\/webp\" \/>\n<meta name=\"twitter:card\" content=\"summary_large_image\" \/>\n<meta name=\"twitter:label1\" content=\"Est. reading time\" \/>\n\t<meta name=\"twitter:data1\" content=\"2 minutes\" \/>\n<script type=\"application\/ld+json\" class=\"yoast-schema-graph\">{\"@context\":\"https:\/\/schema.org\",\"@graph\":[{\"@type\":\"WebPage\",\"@id\":\"https:\/\/gerajeune.com\/produit\/mousse-florale-secret-de-lavande\/\",\"url\":\"https:\/\/gerajeune.com\/produit\/mousse-florale-secret-de-lavande\/\",\"name\":\"Mousse Florale Gerajeune Douceur de Neroli - gerajeune\",\"isPartOf\":{\"@id\":\"https:\/\/gerajeune.com\/#website\"},\"primaryImageOfPage\":{\"@id\":\"https:\/\/gerajeune.com\/produit\/mousse-florale-secret-de-lavande\/#primaryimage\"},\"image\":{\"@id\":\"https:\/\/gerajeune.com\/produit\/mousse-florale-secret-de-lavande\/#primaryimage\"},\"thumbnailUrl\":\"https:\/\/gerajeune.com\/wp-content\/uploads\/2024\/05\/Mousse_Florale_Secret_de_Lavande_New.webp\",\"datePublished\":\"2024-05-01T11:30:37+00:00\",\"dateModified\":\"2025-12-23T20:25:20+00:00\",\"description\":\"D\u00e9couvrez notre MOUSSE Florale pour tout type de peau ,de composition naturelle ultra active au secret de Lavande . Nettoie la peau d\u00e9licatement .\",\"breadcrumb\":{\"@id\":\"https:\/\/gerajeune.com\/produit\/mousse-florale-secret-de-lavande\/#breadcrumb\"},\"inLanguage\":\"en-US\",\"potentialAction\":[{\"@type\":\"ReadAction\",\"target\":[\"https:\/\/gerajeune.com\/produit\/mousse-florale-secret-de-lavande\/\"]}]},{\"@type\":\"ImageObject\",\"inLanguage\":\"en-US\",\"@id\":\"https:\/\/gerajeune.com\/produit\/mousse-florale-secret-de-lavande\/#primaryimage\",\"url\":\"https:\/\/gerajeune.com\/wp-content\/uploads\/2024\/05\/Mousse_Florale_Secret_de_Lavande_New.webp\",\"contentUrl\":\"https:\/\/gerajeune.com\/wp-content\/uploads\/2024\/05\/Mousse_Florale_Secret_de_Lavande_New.webp\",\"width\":1080,\"height\":1080},{\"@type\":\"BreadcrumbList\",\"@id\":\"https:\/\/gerajeune.com\/produit\/mousse-florale-secret-de-lavande\/#breadcrumb\",\"itemListElement\":[{\"@type\":\"ListItem\",\"position\":1,\"name\":\"Accueil\",\"item\":\"https:\/\/gerajeune.com\/\"},{\"@type\":\"ListItem\",\"position\":2,\"name\":\"Produits\",\"item\":\"https:\/\/gerajeune.com\/__trashed-6\/\"},{\"@type\":\"ListItem\",\"position\":3,\"name\":\"Mousse Florale Gerajeune Douceur de Neroli\"}]},{\"@type\":\"WebSite\",\"@id\":\"https:\/\/gerajeune.com\/#website\",\"url\":\"https:\/\/gerajeune.com\/\",\"name\":\"gerajeune\",\"description\":\"Naturellement belle, visiblement jeune\",\"publisher\":{\"@id\":\"https:\/\/gerajeune.com\/#organization\"},\"potentialAction\":[{\"@type\":\"SearchAction\",\"target\":{\"@type\":\"EntryPoint\",\"urlTemplate\":\"https:\/\/gerajeune.com\/?s={search_term_string}\"},\"query-input\":{\"@type\":\"PropertyValueSpecification\",\"valueRequired\":true,\"valueName\":\"search_term_string\"}}],\"inLanguage\":\"en-US\"},{\"@type\":\"Organization\",\"@id\":\"https:\/\/gerajeune.com\/#organization\",\"name\":\"gerajeune\",\"url\":\"https:\/\/gerajeune.com\/\",\"logo\":{\"@type\":\"ImageObject\",\"inLanguage\":\"en-US\",\"@id\":\"https:\/\/gerajeune.com\/#\/schema\/logo\/image\/\",\"url\":\"http:\/\/gerajeune.com\/wp-content\/uploads\/2021\/12\/cropped-logo-modifier-1-e1645608409226.png\",\"contentUrl\":\"http:\/\/gerajeune.com\/wp-content\/uploads\/2021\/12\/cropped-logo-modifier-1-e1645608409226.png\",\"width\":250,\"height\":120,\"caption\":\"gerajeune\"},\"image\":{\"@id\":\"https:\/\/gerajeune.com\/#\/schema\/logo\/image\/\"},\"sameAs\":[\"https:\/\/www.facebook.com\/gerajeune\",\"https:\/\/www.instagram.com\/gerajeune\/reels\/?hl=fr\"]}]}<\/script>\n<!-- \/ Yoast SEO plugin. -->","yoast_head_json":{"title":"Mousse Florale Gerajeune Douceur de Neroli - gerajeune","description":"D\u00e9couvrez notre MOUSSE Florale pour tout type de peau ,de composition naturelle ultra active au secret de Lavande . Nettoie la peau d\u00e9licatement .","robots":{"index":"index","follow":"follow","max-snippet":"max-snippet:-1","max-image-preview":"max-image-preview:large","max-video-preview":"max-video-preview:-1"},"canonical":"https:\/\/gerajeune.com\/en\/product\/mousse-florale-secret-de-lavande\/","og_locale":"en_US","og_type":"article","og_title":"Mousse Florale Gerajeune Douceur de Neroli - gerajeune","og_description":"D\u00e9couvrez notre MOUSSE Florale pour tout type de peau ,de composition naturelle ultra active au secret de Lavande . Nettoie la peau d\u00e9licatement .","og_url":"https:\/\/gerajeune.com\/en\/product\/mousse-florale-secret-de-lavande\/","og_site_name":"gerajeune","article_publisher":"https:\/\/www.facebook.com\/gerajeune","article_modified_time":"2025-12-23T20:25:20+00:00","og_image":[{"width":1080,"height":1080,"url":"https:\/\/gerajeune.com\/wp-content\/uploads\/2024\/05\/Mousse_Florale_Secret_de_Lavande_New.webp","type":"image\/webp"}],"twitter_card":"summary_large_image","twitter_misc":{"Est. reading time":"2 minutes"},"schema":{"@context":"https:\/\/schema.org","@graph":[{"@type":"WebPage","@id":"https:\/\/gerajeune.com\/produit\/mousse-florale-secret-de-lavande\/","url":"https:\/\/gerajeune.com\/produit\/mousse-florale-secret-de-lavande\/","name":"Mousse Florale Gerajeune Douceur de Neroli - gerajeune","isPartOf":{"@id":"https:\/\/gerajeune.com\/#website"},"primaryImageOfPage":{"@id":"https:\/\/gerajeune.com\/produit\/mousse-florale-secret-de-lavande\/#primaryimage"},"image":{"@id":"https:\/\/gerajeune.com\/produit\/mousse-florale-secret-de-lavande\/#primaryimage"},"thumbnailUrl":"https:\/\/gerajeune.com\/wp-content\/uploads\/2024\/05\/Mousse_Florale_Secret_de_Lavande_New.webp","datePublished":"2024-05-01T11:30:37+00:00","dateModified":"2025-12-23T20:25:20+00:00","description":"D\u00e9couvrez notre MOUSSE Florale pour tout type de peau ,de composition naturelle ultra active au secret de Lavande . Nettoie la peau d\u00e9licatement .","breadcrumb":{"@id":"https:\/\/gerajeune.com\/produit\/mousse-florale-secret-de-lavande\/#breadcrumb"},"inLanguage":"en-US","potentialAction":[{"@type":"ReadAction","target":["https:\/\/gerajeune.com\/produit\/mousse-florale-secret-de-lavande\/"]}]},{"@type":"ImageObject","inLanguage":"en-US","@id":"https:\/\/gerajeune.com\/produit\/mousse-florale-secret-de-lavande\/#primaryimage","url":"https:\/\/gerajeune.com\/wp-content\/uploads\/2024\/05\/Mousse_Florale_Secret_de_Lavande_New.webp","contentUrl":"https:\/\/gerajeune.com\/wp-content\/uploads\/2024\/05\/Mousse_Florale_Secret_de_Lavande_New.webp","width":1080,"height":1080},{"@type":"BreadcrumbList","@id":"https:\/\/gerajeune.com\/produit\/mousse-florale-secret-de-lavande\/#breadcrumb","itemListElement":[{"@type":"ListItem","position":1,"name":"Accueil","item":"https:\/\/gerajeune.com\/"},{"@type":"ListItem","position":2,"name":"Produits","item":"https:\/\/gerajeune.com\/__trashed-6\/"},{"@type":"ListItem","position":3,"name":"Mousse Florale Gerajeune Douceur de Neroli"}]},{"@type":"WebSite","@id":"https:\/\/gerajeune.com\/#website","url":"https:\/\/gerajeune.com\/","name":"gerajeune","description":"Naturally beautiful, visibly young","publisher":{"@id":"https:\/\/gerajeune.com\/#organization"},"potentialAction":[{"@type":"SearchAction","target":{"@type":"EntryPoint","urlTemplate":"https:\/\/gerajeune.com\/?s={search_term_string}"},"query-input":{"@type":"PropertyValueSpecification","valueRequired":true,"valueName":"search_term_string"}}],"inLanguage":"en-US"},{"@type":"Organization","@id":"https:\/\/gerajeune.com\/#organization","name":"gerajeune","url":"https:\/\/gerajeune.com\/","logo":{"@type":"ImageObject","inLanguage":"en-US","@id":"https:\/\/gerajeune.com\/#\/schema\/logo\/image\/","url":"http:\/\/gerajeune.com\/wp-content\/uploads\/2021\/12\/cropped-logo-modifier-1-e1645608409226.png","contentUrl":"http:\/\/gerajeune.com\/wp-content\/uploads\/2021\/12\/cropped-logo-modifier-1-e1645608409226.png","width":250,"height":120,"caption":"gerajeune"},"image":{"@id":"https:\/\/gerajeune.com\/#\/schema\/logo\/image\/"},"sameAs":["https:\/\/www.facebook.com\/gerajeune","https:\/\/www.instagram.com\/gerajeune\/reels\/?hl=fr"]}]}},"jetpack_sharing_enabled":true,"_links":{"self":[{"href":"https:\/\/gerajeune.com\/en\/wp-json\/wp\/v2\/product\/6917","targetHints":{"allow":["GET"]}}],"collection":[{"href":"https:\/\/gerajeune.com\/en\/wp-json\/wp\/v2\/product"}],"about":[{"href":"https:\/\/gerajeune.com\/en\/wp-json\/wp\/v2\/types\/product"}],"replies":[{"embeddable":true,"href":"https:\/\/gerajeune.com\/en\/wp-json\/wp\/v2\/comments?post=6917"}],"version-history":[{"count":7,"href":"https:\/\/gerajeune.com\/en\/wp-json\/wp\/v2\/product\/6917\/revisions"}],"predecessor-version":[{"id":15067,"href":"https:\/\/gerajeune.com\/en\/wp-json\/wp\/v2\/product\/6917\/revisions\/15067"}],"wp:featuredmedia":[{"embeddable":true,"href":"https:\/\/gerajeune.com\/en\/wp-json\/wp\/v2\/media\/14249"}],"wp:attachment":[{"href":"https:\/\/gerajeune.com\/en\/wp-json\/wp\/v2\/media?parent=6917"}],"wp:term":[{"taxonomy":"product_brand","embeddable":true,"href":"https:\/\/gerajeune.com\/en\/wp-json\/wp\/v2\/product_brand?post=6917"},{"taxonomy":"product_cat","embeddable":true,"href":"https:\/\/gerajeune.com\/en\/wp-json\/wp\/v2\/product_cat?post=6917"},{"taxonomy":"product_tag","embeddable":true,"href":"https:\/\/gerajeune.com\/en\/wp-json\/wp\/v2\/product_tag?post=6917"}],"curies":[{"name":"wp","href":"https:\/\/api.w.org\/{rel}","templated":true}]}}