{"id":6930,"date":"2024-04-08T11:01:34","date_gmt":"2024-04-08T10:01:34","guid":{"rendered":"http:\/\/gerajeune.com\/?post_type=product&#038;p=6930"},"modified":"2024-08-06T18:26:42","modified_gmt":"2024-08-06T17:26:42","slug":"fond-de-teint-naturel","status":"publish","type":"product","link":"https:\/\/gerajeune.com\/en\/product\/fond-de-teint-naturel\/","title":{"rendered":"Natural Foundation"},"content":{"rendered":"<p>Natural Foundation: Contrary to what one might think, Natural foundations are just as effective as classic foundations. Except that they have a much healthier composition for our skin, and often many benefits.<\/p>\n<h4><strong>Why a Gerajeune Foundation?<\/strong><\/h4>\n<ul>\n<li>Natural formula<\/li>\n<li>Does not contain petrochemical ingredients<\/li>\n<li>Nourishing power<\/li>\n<li>sun protection spf 30<\/li>\n<li>Practical: in the form of small pots<\/li>\n<li>Moisturizing<\/li>\n<\/ul>\n<p><strong>the role of foundation:<\/strong><\/p>\n<ul>\n<li>helps to even out the complexion<\/li>\n<li>further helps to reduce the visibility of imperfections<\/li>\n<li>protect the<a title=\"\" href=\"https:\/\/fr.wikipedia.org\/wiki\/%C3%89piderme_(anatomie)\">epidermis<\/a><\/li>\n<\/ul>\n<p><strong>Foundation selection criteria:<\/strong><\/p>\n<p>First, select the shade that matches your skin, second, make sure that the shade is neither too dark, dark nor too light, and finally, make sure you know your skin&#039;s undertone, which will allow you to determine whether you should go for a golden or pink foundation.<\/p>\n<p><strong>Directions for use:\u00a0<\/strong><\/p>\n<ol>\n<li>Apply foundation in the morning to the face and neck after a Gerajeune day cream<\/li>\n<li>Then apply a touch of foundation to the forehead, nose, chin and cheekbones<\/li>\n<li>\u00a0Then spread by stretching the texture from the center of the face outwards.<\/li>\n<li>Finally, blend the foundation<\/li>\n<\/ol>\n<p><strong>Concerns:<\/strong><\/p>\n<p>Complexion makeup. Light coverage. Silky and velvety finish.<\/p>\n<p><strong>active ingredients:<\/strong><\/p>\n<p><em>vitamin C:<\/em><\/p>\n<ul>\n<li>stimulates collagen production.<\/li>\n<li>provides firmness and elasticity to the skin.<\/li>\n<li>\u00a0protector against everyday aggressions<\/li>\n<li>strengthens the skin&#039;s defenses<\/li>\n<li>promotes the elimination of dead cells<\/li>\n<\/ul>\n<p><em>vitamin E:<\/em><\/p>\n<ul>\n<li>anti-aging active ingredient due to its antioxidant properties<\/li>\n<li>prevent oxidative stress in cells<\/li>\n<li>reduces skin damage caused by external aggressions<\/li>\n<\/ul>\n<p><strong>Ingredients :<\/strong><\/p>\n<p>Mica zea mays, coconut caprylate, zinc oxide stearate, glycerol, penthylene glycol, jojoba, seed oil, lentiscus, pistacia oil, tocophenol, ascoryl palmitate, fragrance, sodium benzoate citric, acid may contan.<\/p>\n<p>also discover:<\/p>\n<ul>\n<li><a href=\"http:\/\/gerajeune.com\/en\/product\/natural-lip-gloss-15ml\/\">Natural Lip Gloss<\/a><\/li>\n<li><a href=\"http:\/\/gerajeune.com\/en\/product\/natural-eye-shadow\/\">Natural Eye Shadow\u00a0<\/a><\/li>\n<li><a href=\"http:\/\/gerajeune.com\/en\/product\/baume-a-levres-naturel\/\">lip balm\u00a0<\/a><\/li>\n<\/ul>","protected":false},"excerpt":{"rendered":"<p>Fond de Teint Naturel :Contrairement \u00e0 ce que l\u2019on pourrait penser, les fonds de teint Naturels\u00a0 sont tout aussi efficaces que les fonds de teint classiques. Si ce n\u2019est qu\u2019ils ont une composition bien plus saine pour notre peau, et souvent de nombreux b\u00e9n\u00e9fices. Pourquoi un Fond de teint\u00a0 Gerajeune ? De formule naturelle Ne contient\u00a0 pas d\u2019ingr\u00e9dients issus de la p\u00e9trochimie Pouvoir nourrissant protection solaire spf 30 Pratique : sous forme de petits pots Hydratant le r\u00f4le du fond de teint : permet d&rsquo;unifier le teint permet encore\u00a0 d&rsquo;att\u00e9nuer \u00a0la visibilit\u00e9 des imperfections prot\u00e9ger l&rsquo;\u00e9piderme crit\u00e8res\u00a0 de choix du fond de teint : Premi\u00e8rement s\u00e9lectionner la teinte qui correspond \u00e0 sa peau , deuxi\u00e8mement assurez vous que La teinte doit \u00eatre ni trop fonc\u00e9e, fonc\u00e9 ni trop claire , en fin assurez vous de connaitre le sous-ton de votre peau ce qui vous permet de d\u00e9terminer si vous devez vous diriger vers un fond de teint dor\u00e9 ou ros\u00e9 Conseils D\u2019utilisation :\u00a0 Appliquer le fond de teint e matin sur le visage et le cou apr\u00e8s un soin de jour de Gerajeune Puis d\u00e9poser une touche de fond de teint sur le front, le nez, le menton et les pommettes \u00a0En suite Etaler en \u00e9tirant la texture du centre du visage vers l\u2019ext\u00e9rieur. En fin Estomper le fond de teint Pr\u00e9occupations: Maquillage du teint. Couvrance l\u00e9g\u00e8re. Fini soyeux et velout\u00e9. principes actifs : vitamine C : stimule la production de collag\u00e8ne. apporte la\u00a0 fermet\u00e9 et \u00e9lasticit\u00e9 de la peau . \u00a0protecteur contre les agressions du quotidien renforce les d\u00e9fenses de la\u00a0peau favorise l&rsquo;\u00e9limination des cellules mortes vitamine E: actif anti-\u00e2ge par ses propri\u00e9t\u00e9s antioxydantes emp\u00eachent le stress oxydatif des cellules r\u00e9duit les dommages cutan\u00e9s li\u00e9s aux agressions ext\u00e9rieures Ingr\u00e9dients : Mica zea mays ,coco caprylate, zinc oxyde stearate ,glycerol,penthylene glycol,jojoba,seed oil,lentiscus,pistacia oil,tocophenol,ascorylpalmitate,fragrance,sodium benzoate citric ,acid may contan . d\u00e9couvrez aussi : Natural Lip gloss Natural Eye Shadow\u00a0 baume a l\u00e8vres\u00a0<\/p>","protected":false},"featured_media":0,"comment_status":"open","ping_status":"closed","template":"","meta":{"_monsterinsights_skip_tracking":false,"_monsterinsights_sitenote_active":false,"_monsterinsights_sitenote_note":"","_monsterinsights_sitenote_category":0,"ocean_post_layout":"","ocean_both_sidebars_style":"","ocean_both_sidebars_content_width":0,"ocean_both_sidebars_sidebars_width":0,"ocean_sidebar":"0","ocean_second_sidebar":"0","ocean_disable_margins":"enable","ocean_add_body_class":"","ocean_shortcode_before_top_bar":"","ocean_shortcode_after_top_bar":"","ocean_shortcode_before_header":"","ocean_shortcode_after_header":"","ocean_has_shortcode":"","ocean_shortcode_after_title":"","ocean_shortcode_before_footer_widgets":"","ocean_shortcode_after_footer_widgets":"","ocean_shortcode_before_footer_bottom":"","ocean_shortcode_after_footer_bottom":"","ocean_display_top_bar":"default","ocean_display_header":"default","ocean_header_style":"","ocean_center_header_left_menu":"0","ocean_custom_header_template":"0","ocean_custom_logo":0,"ocean_custom_retina_logo":0,"ocean_custom_logo_max_width":0,"ocean_custom_logo_tablet_max_width":0,"ocean_custom_logo_mobile_max_width":0,"ocean_custom_logo_max_height":0,"ocean_custom_logo_tablet_max_height":0,"ocean_custom_logo_mobile_max_height":0,"ocean_header_custom_menu":"0","ocean_menu_typo_font_family":"0","ocean_menu_typo_font_subset":"","ocean_menu_typo_font_size":0,"ocean_menu_typo_font_size_tablet":0,"ocean_menu_typo_font_size_mobile":0,"ocean_menu_typo_font_size_unit":"px","ocean_menu_typo_font_weight":"","ocean_menu_typo_font_weight_tablet":"","ocean_menu_typo_font_weight_mobile":"","ocean_menu_typo_transform":"","ocean_menu_typo_transform_tablet":"","ocean_menu_typo_transform_mobile":"","ocean_menu_typo_line_height":0,"ocean_menu_typo_line_height_tablet":0,"ocean_menu_typo_line_height_mobile":0,"ocean_menu_typo_line_height_unit":"","ocean_menu_typo_spacing":0,"ocean_menu_typo_spacing_tablet":0,"ocean_menu_typo_spacing_mobile":0,"ocean_menu_typo_spacing_unit":"","ocean_menu_link_color":"","ocean_menu_link_color_hover":"","ocean_menu_link_color_active":"","ocean_menu_link_background":"","ocean_menu_link_hover_background":"","ocean_menu_link_active_background":"","ocean_menu_social_links_bg":"","ocean_menu_social_hover_links_bg":"","ocean_menu_social_links_color":"","ocean_menu_social_hover_links_color":"","ocean_disable_title":"default","ocean_disable_heading":"default","ocean_post_title":"","ocean_post_subheading":"","ocean_post_title_style":"","ocean_post_title_background_color":"","ocean_post_title_background":0,"ocean_post_title_bg_image_position":"","ocean_post_title_bg_image_attachment":"","ocean_post_title_bg_image_repeat":"","ocean_post_title_bg_image_size":"","ocean_post_title_height":0,"ocean_post_title_bg_overlay":0.5,"ocean_post_title_bg_overlay_color":"","ocean_disable_breadcrumbs":"default","ocean_breadcrumbs_color":"","ocean_breadcrumbs_separator_color":"","ocean_breadcrumbs_links_color":"","ocean_breadcrumbs_links_hover_color":"","ocean_display_footer_widgets":"default","ocean_display_footer_bottom":"default","ocean_custom_footer_template":"0","omw_enable_modal_window":"enable"},"product_brand":[],"product_cat":[158],"product_tag":[],"class_list":{"0":"post-6930","1":"product","2":"type-product","3":"status-publish","5":"product_cat-clean-beauty","7":"entry","9":"first","10":"instock","11":"sale","12":"taxable","13":"shipping-taxable","14":"purchasable","15":"product-type-simple","16":"col","17":"span_1_of_3","18":"owp-content-center","19":"owp-thumbs-layout-horizontal","20":"owp-btn-normal","21":"owp-tabs-layout-horizontal","22":"has-no-thumbnails"},"yoast_head":"<!-- This site is optimized with the Yoast SEO plugin v27.0 - https:\/\/yoast.com\/product\/yoast-seo-wordpress\/ -->\n<title>Fond de Teint Naturel - gerajeune<\/title>\n<meta name=\"description\" content=\"Profitez d&#039;une texture fluide et l\u00e9g\u00e8re issue de formule Naturelle non dess\u00e9chante \u00e0 0% silicone, parfum et colorant de synth\u00e8se.\" \/>\n<meta name=\"robots\" content=\"index, follow, max-snippet:-1, max-image-preview:large, max-video-preview:-1\" \/>\n<link rel=\"canonical\" href=\"https:\/\/gerajeune.com\/en\/product\/fond-de-teint-naturel\/\" \/>\n<meta property=\"og:locale\" content=\"en_US\" \/>\n<meta property=\"og:type\" content=\"article\" \/>\n<meta property=\"og:title\" content=\"Fond de Teint Naturel - gerajeune\" \/>\n<meta property=\"og:description\" content=\"Profitez d&#039;une texture fluide et l\u00e9g\u00e8re issue de formule Naturelle non dess\u00e9chante \u00e0 0% silicone, parfum et colorant de synth\u00e8se.\" \/>\n<meta property=\"og:url\" content=\"https:\/\/gerajeune.com\/en\/product\/fond-de-teint-naturel\/\" \/>\n<meta property=\"og:site_name\" content=\"gerajeune\" \/>\n<meta property=\"article:publisher\" content=\"https:\/\/www.facebook.com\/gerajeune\" \/>\n<meta property=\"article:modified_time\" content=\"2024-08-06T17:26:42+00:00\" \/>\n<meta name=\"twitter:card\" content=\"summary_large_image\" \/>\n<meta name=\"twitter:label1\" content=\"Est. reading time\" \/>\n\t<meta name=\"twitter:data1\" content=\"2 minutes\" \/>\n<script type=\"application\/ld+json\" class=\"yoast-schema-graph\">{\"@context\":\"https:\/\/schema.org\",\"@graph\":[{\"@type\":\"WebPage\",\"@id\":\"https:\/\/gerajeune.com\/produit\/fond-de-teint-naturel\/\",\"url\":\"https:\/\/gerajeune.com\/produit\/fond-de-teint-naturel\/\",\"name\":\"Fond de Teint Naturel - gerajeune\",\"isPartOf\":{\"@id\":\"https:\/\/gerajeune.com\/#website\"},\"datePublished\":\"2024-04-08T10:01:34+00:00\",\"dateModified\":\"2024-08-06T17:26:42+00:00\",\"description\":\"Profitez d'une texture fluide et l\u00e9g\u00e8re issue de formule Naturelle non dess\u00e9chante \u00e0 0% silicone, parfum et colorant de synth\u00e8se.\",\"breadcrumb\":{\"@id\":\"https:\/\/gerajeune.com\/produit\/fond-de-teint-naturel\/#breadcrumb\"},\"inLanguage\":\"en-US\",\"potentialAction\":[{\"@type\":\"ReadAction\",\"target\":[\"https:\/\/gerajeune.com\/produit\/fond-de-teint-naturel\/\"]}]},{\"@type\":\"BreadcrumbList\",\"@id\":\"https:\/\/gerajeune.com\/produit\/fond-de-teint-naturel\/#breadcrumb\",\"itemListElement\":[{\"@type\":\"ListItem\",\"position\":1,\"name\":\"Accueil\",\"item\":\"https:\/\/gerajeune.com\/\"},{\"@type\":\"ListItem\",\"position\":2,\"name\":\"Produits\",\"item\":\"https:\/\/gerajeune.com\/__trashed-6\/\"},{\"@type\":\"ListItem\",\"position\":3,\"name\":\"Fond de Teint Naturel\"}]},{\"@type\":\"WebSite\",\"@id\":\"https:\/\/gerajeune.com\/#website\",\"url\":\"https:\/\/gerajeune.com\/\",\"name\":\"gerajeune\",\"description\":\"Naturellement belle, visiblement jeune\",\"publisher\":{\"@id\":\"https:\/\/gerajeune.com\/#organization\"},\"potentialAction\":[{\"@type\":\"SearchAction\",\"target\":{\"@type\":\"EntryPoint\",\"urlTemplate\":\"https:\/\/gerajeune.com\/?s={search_term_string}\"},\"query-input\":{\"@type\":\"PropertyValueSpecification\",\"valueRequired\":true,\"valueName\":\"search_term_string\"}}],\"inLanguage\":\"en-US\"},{\"@type\":\"Organization\",\"@id\":\"https:\/\/gerajeune.com\/#organization\",\"name\":\"gerajeune\",\"url\":\"https:\/\/gerajeune.com\/\",\"logo\":{\"@type\":\"ImageObject\",\"inLanguage\":\"en-US\",\"@id\":\"https:\/\/gerajeune.com\/#\/schema\/logo\/image\/\",\"url\":\"http:\/\/gerajeune.com\/wp-content\/uploads\/2021\/12\/cropped-logo-modifier-1-e1645608409226.png\",\"contentUrl\":\"http:\/\/gerajeune.com\/wp-content\/uploads\/2021\/12\/cropped-logo-modifier-1-e1645608409226.png\",\"width\":250,\"height\":120,\"caption\":\"gerajeune\"},\"image\":{\"@id\":\"https:\/\/gerajeune.com\/#\/schema\/logo\/image\/\"},\"sameAs\":[\"https:\/\/www.facebook.com\/gerajeune\",\"https:\/\/www.instagram.com\/gerajeune\/reels\/?hl=fr\"]}]}<\/script>\n<!-- \/ Yoast SEO plugin. -->","yoast_head_json":{"title":"Fond de Teint Naturel - gerajeune","description":"Profitez d'une texture fluide et l\u00e9g\u00e8re issue de formule Naturelle non dess\u00e9chante \u00e0 0% silicone, parfum et colorant de synth\u00e8se.","robots":{"index":"index","follow":"follow","max-snippet":"max-snippet:-1","max-image-preview":"max-image-preview:large","max-video-preview":"max-video-preview:-1"},"canonical":"https:\/\/gerajeune.com\/en\/product\/fond-de-teint-naturel\/","og_locale":"en_US","og_type":"article","og_title":"Fond de Teint Naturel - gerajeune","og_description":"Profitez d'une texture fluide et l\u00e9g\u00e8re issue de formule Naturelle non dess\u00e9chante \u00e0 0% silicone, parfum et colorant de synth\u00e8se.","og_url":"https:\/\/gerajeune.com\/en\/product\/fond-de-teint-naturel\/","og_site_name":"gerajeune","article_publisher":"https:\/\/www.facebook.com\/gerajeune","article_modified_time":"2024-08-06T17:26:42+00:00","twitter_card":"summary_large_image","twitter_misc":{"Est. reading time":"2 minutes"},"schema":{"@context":"https:\/\/schema.org","@graph":[{"@type":"WebPage","@id":"https:\/\/gerajeune.com\/produit\/fond-de-teint-naturel\/","url":"https:\/\/gerajeune.com\/produit\/fond-de-teint-naturel\/","name":"Fond de Teint Naturel - gerajeune","isPartOf":{"@id":"https:\/\/gerajeune.com\/#website"},"datePublished":"2024-04-08T10:01:34+00:00","dateModified":"2024-08-06T17:26:42+00:00","description":"Profitez d'une texture fluide et l\u00e9g\u00e8re issue de formule Naturelle non dess\u00e9chante \u00e0 0% silicone, parfum et colorant de synth\u00e8se.","breadcrumb":{"@id":"https:\/\/gerajeune.com\/produit\/fond-de-teint-naturel\/#breadcrumb"},"inLanguage":"en-US","potentialAction":[{"@type":"ReadAction","target":["https:\/\/gerajeune.com\/produit\/fond-de-teint-naturel\/"]}]},{"@type":"BreadcrumbList","@id":"https:\/\/gerajeune.com\/produit\/fond-de-teint-naturel\/#breadcrumb","itemListElement":[{"@type":"ListItem","position":1,"name":"Accueil","item":"https:\/\/gerajeune.com\/"},{"@type":"ListItem","position":2,"name":"Produits","item":"https:\/\/gerajeune.com\/__trashed-6\/"},{"@type":"ListItem","position":3,"name":"Fond de Teint Naturel"}]},{"@type":"WebSite","@id":"https:\/\/gerajeune.com\/#website","url":"https:\/\/gerajeune.com\/","name":"gerajeune","description":"Naturally beautiful, visibly young","publisher":{"@id":"https:\/\/gerajeune.com\/#organization"},"potentialAction":[{"@type":"SearchAction","target":{"@type":"EntryPoint","urlTemplate":"https:\/\/gerajeune.com\/?s={search_term_string}"},"query-input":{"@type":"PropertyValueSpecification","valueRequired":true,"valueName":"search_term_string"}}],"inLanguage":"en-US"},{"@type":"Organization","@id":"https:\/\/gerajeune.com\/#organization","name":"gerajeune","url":"https:\/\/gerajeune.com\/","logo":{"@type":"ImageObject","inLanguage":"en-US","@id":"https:\/\/gerajeune.com\/#\/schema\/logo\/image\/","url":"http:\/\/gerajeune.com\/wp-content\/uploads\/2021\/12\/cropped-logo-modifier-1-e1645608409226.png","contentUrl":"http:\/\/gerajeune.com\/wp-content\/uploads\/2021\/12\/cropped-logo-modifier-1-e1645608409226.png","width":250,"height":120,"caption":"gerajeune"},"image":{"@id":"https:\/\/gerajeune.com\/#\/schema\/logo\/image\/"},"sameAs":["https:\/\/www.facebook.com\/gerajeune","https:\/\/www.instagram.com\/gerajeune\/reels\/?hl=fr"]}]}},"jetpack_sharing_enabled":true,"_links":{"self":[{"href":"https:\/\/gerajeune.com\/en\/wp-json\/wp\/v2\/product\/6930","targetHints":{"allow":["GET"]}}],"collection":[{"href":"https:\/\/gerajeune.com\/en\/wp-json\/wp\/v2\/product"}],"about":[{"href":"https:\/\/gerajeune.com\/en\/wp-json\/wp\/v2\/types\/product"}],"replies":[{"embeddable":true,"href":"https:\/\/gerajeune.com\/en\/wp-json\/wp\/v2\/comments?post=6930"}],"version-history":[{"count":5,"href":"https:\/\/gerajeune.com\/en\/wp-json\/wp\/v2\/product\/6930\/revisions"}],"predecessor-version":[{"id":7026,"href":"https:\/\/gerajeune.com\/en\/wp-json\/wp\/v2\/product\/6930\/revisions\/7026"}],"wp:attachment":[{"href":"https:\/\/gerajeune.com\/en\/wp-json\/wp\/v2\/media?parent=6930"}],"wp:term":[{"taxonomy":"product_brand","embeddable":true,"href":"https:\/\/gerajeune.com\/en\/wp-json\/wp\/v2\/product_brand?post=6930"},{"taxonomy":"product_cat","embeddable":true,"href":"https:\/\/gerajeune.com\/en\/wp-json\/wp\/v2\/product_cat?post=6930"},{"taxonomy":"product_tag","embeddable":true,"href":"https:\/\/gerajeune.com\/en\/wp-json\/wp\/v2\/product_tag?post=6930"}],"curies":[{"name":"wp","href":"https:\/\/api.w.org\/{rel}","templated":true}]}}