{"id":6935,"date":"2024-04-03T11:05:18","date_gmt":"2024-04-03T10:05:18","guid":{"rendered":"http:\/\/gerajeune.com\/?post_type=product&#038;p=6935"},"modified":"2025-04-13T23:24:08","modified_gmt":"2025-04-13T22:24:08","slug":"gommage-et-masque-visage","status":"publish","type":"product","link":"https:\/\/gerajeune.com\/en\/product\/gommage-et-masque-visage\/","title":{"rendered":"Face Scrub and Mask"},"content":{"rendered":"<p>Scrub and Mask<\/p>\n<h4><strong>\u00a0The difference between a scrub and a mask:<\/strong><\/h4>\n<ul>\n<li>The mask helps treat specific skin problems<\/li>\n<li>The scrub has an exfoliating power which aims to eliminate dead skin cells to make it smoother and more radiant.<\/li>\n<li>These two types of products are however very complementary for a good care routine! Gerajeune offers you a 2 in 1 product, scrub and mask at the same time<\/li>\n<\/ul>\n<h4><strong>\u00a0The best time to make a mask:<\/strong><\/h4>\n<p>The mask is always applied to clean, make-up-free skin, it can be applied at any time of the day. However, it is still relevant to apply a moisturizing mask in the evening before going to bed.<\/p>\n<h4><strong>\u00a0The role of a mask:<\/strong><\/h4>\n<p>It nourishes the skin, unclogs pores, reduces spots, regulates sebum and can restore the skin&#039;s hydrolipidic film.<\/p>\n<h4><strong>What care after a mask?:<\/strong><\/h4>\n<p>after the mask, it&#039;s time for hydration with Gerajeune moisturizing treatments.<\/p>\n<h4><strong>\u00a0The best time to exfoliate:<\/strong><\/h4>\n<p>It is better to do it at night because it is generally during sleep that cellular renewal takes place.<\/p>\n<h4><strong>\u00a0The role of a scrub:<\/strong><\/h4>\n<ol>\n<li>It removes dead cells and impurities present on the surface of the skin.<\/li>\n<li>It stimulates natural cell renewal.<\/li>\n<li>Better oxygenated and resistant, the epidermis is magnified and more luminous.<\/li>\n<\/ol>\n<h4><strong>Use of scrub and mask:<\/strong><\/h4>\n<ul>\n<li>First of all Apply to the face once a week<\/li>\n<li>\u00a0Then leave to rest for 10 minutes before gently exfoliating and rinsing.<\/li>\n<li>Finally, dry your face then apply your moisturizer immediately.<\/li>\n<\/ul>\n<p>store at a temperature below 25\u00b0C.<\/p>\n<h4><strong>Complete your treatment with our natural ranges:\u00a0<\/strong><\/h4>\n<ul>\n<li><a href=\"http:\/\/gerajeune.com\/en\/product\/mousse-nettoyante\/\">cleansing foam\u00a0<\/a><\/li>\n<li><a href=\"http:\/\/gerajeune.com\/en\/product\/lait-nettoyant-3\/\">cleansing milk\u00a0<\/a><\/li>\n<li><a href=\"http:\/\/gerajeune.com\/en\/product\/biphase-micellaire-regulatrice\/\">micellar water\u00a0<\/a><\/li>\n<li><a href=\"http:\/\/gerajeune.com\/en\/product\/serum-reparateur\/\">serum\u00a0<\/a><\/li>\n<\/ul>\n<p><strong>Ingredients :<\/strong><\/p>\n<p>Eucalyptus globufus leaf hydrosol, zea mays strach, sodium cocoyl, isethionate, montomoillonite, kaolin, lilite, rosa damascena water, glycerol zinc oxide, opuntia indica seeds oil, tocopherol palmitatet (vitamin E), caplilic cocoate, boswelilia carterli gum (olibanum) oil , niacinamide (vitamin B3), fragrance, sodium benzoate.<\/p>\n<p>&nbsp;<\/p>","protected":false},"excerpt":{"rendered":"<p>Gommage et Masque \u00a0La diff\u00e9rence entre un gommage et un masque : le masque\u00a0aide \u00e0 traiter les probl\u00e8mes sp\u00e9cifiques de la peau le gommage\u00a0poss\u00e8de un pouvoir exfoliant qui vise \u00e0 \u00e9liminer les cellules mortes de la peau pour la rendre plus lisse et \u00e9clatante Ces deux types de produits sont cependant tr\u00e8s compl\u00e9mentaires pour une bonne routine de soins ! Gerajeune vous offre un produit 2 en 1 gommage et masque a la fois \u00a0Le meilleur moment pour faire un masque : le masque s&rsquo;applique toujours sur une peau d\u00e9maquill\u00e9e et\u00a0 propre , il peut\u00a0 s&rsquo;appliquer \u00e0 n&rsquo;importe quel moment de la journ\u00e9e ,N\u00e9anmoins, il reste pertinent de faire un masque hydratant le soir avant le coucher. \u00a0Le r\u00f4le d&rsquo;un masque : il nourrit la peau, d\u00e9sincruste les pores, att\u00e9nue les taches, r\u00e9gule le s\u00e9bum et peut\u00a0 restaurer le film hydrolipidique de la peau. Quel soin apr\u00e8s un masque ?: apr\u00e8s le masque on Place \u00e0 l&rsquo;hydratation par les soins hydratants de Gerajeune . \u00a0Le meilleur moment pour faire un gommage : il vaut mieux le faire la nuit car c&rsquo;est g\u00e9n\u00e9ralement pendant le sommeil qu&rsquo;il y a un renouvellement cellulaire qui va s&rsquo;effectuer. \u00a0Le r\u00f4le d&rsquo;un gommage : Il \u00e9limine les cellules mortes et les impuret\u00e9s pr\u00e9sentes \u00e0 la surface de la peau. Il Stimule\u00a0 le renouvellement cellulaire naturel. Mieux oxyg\u00e9n\u00e9 et r\u00e9sistant, l&rsquo;\u00e9piderme est magnifi\u00e9 et plus lumineux. Utilisation du gommage et masque : En premier lieu Appliquer sur le visage une fois par semaine \u00a0En suite laisser reposer 10min avant d&rsquo;exfolier d\u00e9licatement et de rincer En fin s\u00e9cher votre visage puis appliquer votre soin hydratant imm\u00e9diatement . \u00e0 conserver a une temp\u00e9rature inferieure a 25\u00b0C . compl\u00e9tez votre soin avec nos gammes naturelles :\u00a0 mousse nettoyante\u00a0 lait nettoyant\u00a0 eau micellaire\u00a0 serum\u00a0 Ingr\u00e9dients : Eucalyptus globufus leaf hydrosol , zea mays strach , sodium cocoyl, isethionate, montomoillonite, kaolin, lilite,rosa damascena water, glycerol zinc oxyde,opuntia indica seeds oil,tocoph\u00e9rol palmitatet (vitamin E), caplilic cocoate,boswelilia carterli gum (oliban) oil,niacinamide (vitamin B3) , fragrance , sodium benzoate. &nbsp;<\/p>","protected":false},"featured_media":10327,"comment_status":"open","ping_status":"closed","template":"","meta":{"_monsterinsights_skip_tracking":false,"_monsterinsights_sitenote_active":false,"_monsterinsights_sitenote_note":"","_monsterinsights_sitenote_category":0,"ocean_post_layout":"","ocean_both_sidebars_style":"","ocean_both_sidebars_content_width":0,"ocean_both_sidebars_sidebars_width":0,"ocean_sidebar":"0","ocean_second_sidebar":"0","ocean_disable_margins":"enable","ocean_add_body_class":"","ocean_shortcode_before_top_bar":"","ocean_shortcode_after_top_bar":"","ocean_shortcode_before_header":"","ocean_shortcode_after_header":"","ocean_has_shortcode":"","ocean_shortcode_after_title":"","ocean_shortcode_before_footer_widgets":"","ocean_shortcode_after_footer_widgets":"","ocean_shortcode_before_footer_bottom":"","ocean_shortcode_after_footer_bottom":"","ocean_display_top_bar":"default","ocean_display_header":"default","ocean_header_style":"","ocean_center_header_left_menu":"0","ocean_custom_header_template":"0","ocean_custom_logo":0,"ocean_custom_retina_logo":0,"ocean_custom_logo_max_width":0,"ocean_custom_logo_tablet_max_width":0,"ocean_custom_logo_mobile_max_width":0,"ocean_custom_logo_max_height":0,"ocean_custom_logo_tablet_max_height":0,"ocean_custom_logo_mobile_max_height":0,"ocean_header_custom_menu":"0","ocean_menu_typo_font_family":"0","ocean_menu_typo_font_subset":"","ocean_menu_typo_font_size":0,"ocean_menu_typo_font_size_tablet":0,"ocean_menu_typo_font_size_mobile":0,"ocean_menu_typo_font_size_unit":"px","ocean_menu_typo_font_weight":"","ocean_menu_typo_font_weight_tablet":"","ocean_menu_typo_font_weight_mobile":"","ocean_menu_typo_transform":"","ocean_menu_typo_transform_tablet":"","ocean_menu_typo_transform_mobile":"","ocean_menu_typo_line_height":0,"ocean_menu_typo_line_height_tablet":0,"ocean_menu_typo_line_height_mobile":0,"ocean_menu_typo_line_height_unit":"","ocean_menu_typo_spacing":0,"ocean_menu_typo_spacing_tablet":0,"ocean_menu_typo_spacing_mobile":0,"ocean_menu_typo_spacing_unit":"","ocean_menu_link_color":"","ocean_menu_link_color_hover":"","ocean_menu_link_color_active":"","ocean_menu_link_background":"","ocean_menu_link_hover_background":"","ocean_menu_link_active_background":"","ocean_menu_social_links_bg":"","ocean_menu_social_hover_links_bg":"","ocean_menu_social_links_color":"","ocean_menu_social_hover_links_color":"","ocean_disable_title":"default","ocean_disable_heading":"default","ocean_post_title":"","ocean_post_subheading":"","ocean_post_title_style":"","ocean_post_title_background_color":"","ocean_post_title_background":0,"ocean_post_title_bg_image_position":"","ocean_post_title_bg_image_attachment":"","ocean_post_title_bg_image_repeat":"","ocean_post_title_bg_image_size":"","ocean_post_title_height":0,"ocean_post_title_bg_overlay":0.5,"ocean_post_title_bg_overlay_color":"","ocean_disable_breadcrumbs":"default","ocean_breadcrumbs_color":"","ocean_breadcrumbs_separator_color":"","ocean_breadcrumbs_links_color":"","ocean_breadcrumbs_links_hover_color":"","ocean_display_footer_widgets":"default","ocean_display_footer_bottom":"default","ocean_custom_footer_template":"0","omw_enable_modal_window":"enable"},"product_brand":[],"product_cat":[56],"product_tag":[],"class_list":{"0":"post-6935","1":"product","2":"type-product","3":"status-publish","4":"has-post-thumbnail","6":"product_cat-soin-visage","8":"entry","9":"has-media","11":"first","12":"outofstock","13":"taxable","14":"shipping-taxable","15":"purchasable","16":"product-type-simple","17":"col","18":"span_1_of_3","19":"owp-content-center","20":"owp-thumbs-layout-horizontal","21":"owp-btn-normal","22":"owp-tabs-layout-horizontal","23":"has-no-thumbnails"},"yoast_head":"<!-- This site is optimized with the Yoast SEO plugin v27.0 - https:\/\/yoast.com\/product\/yoast-seo-wordpress\/ -->\n<title>Gommage et Masque Visage - gerajeune<\/title>\n<meta name=\"description\" content=\"D\u00e9couvrez le secret d&#039;une peau lisse et Equilibr\u00e9e avec notre gommage et masque 2 en 1 aux ingr\u00e9dients d&#039;origines naturelles .\" \/>\n<meta name=\"robots\" content=\"index, follow, max-snippet:-1, max-image-preview:large, max-video-preview:-1\" \/>\n<link rel=\"canonical\" href=\"https:\/\/gerajeune.com\/en\/product\/gommage-et-masque-visage\/\" \/>\n<meta property=\"og:locale\" content=\"en_US\" \/>\n<meta property=\"og:type\" content=\"article\" \/>\n<meta property=\"og:title\" content=\"Gommage et Masque Visage - gerajeune\" \/>\n<meta property=\"og:description\" content=\"D\u00e9couvrez le secret d&#039;une peau lisse et Equilibr\u00e9e avec notre gommage et masque 2 en 1 aux ingr\u00e9dients d&#039;origines naturelles .\" \/>\n<meta property=\"og:url\" content=\"https:\/\/gerajeune.com\/en\/product\/gommage-et-masque-visage\/\" \/>\n<meta property=\"og:site_name\" content=\"gerajeune\" \/>\n<meta property=\"article:publisher\" content=\"https:\/\/www.facebook.com\/gerajeune\" \/>\n<meta property=\"article:modified_time\" content=\"2025-04-13T22:24:08+00:00\" \/>\n<meta property=\"og:image\" content=\"https:\/\/gerajeune.com\/wp-content\/uploads\/2024\/06\/gommageVisage-1.png\" \/>\n\t<meta property=\"og:image:width\" content=\"1587\" \/>\n\t<meta property=\"og:image:height\" content=\"2245\" \/>\n\t<meta property=\"og:image:type\" content=\"image\/png\" \/>\n<meta name=\"twitter:card\" content=\"summary_large_image\" \/>\n<meta name=\"twitter:label1\" content=\"Est. reading time\" \/>\n\t<meta name=\"twitter:data1\" content=\"2 minutes\" \/>\n<script type=\"application\/ld+json\" class=\"yoast-schema-graph\">{\"@context\":\"https:\/\/schema.org\",\"@graph\":[{\"@type\":\"WebPage\",\"@id\":\"https:\/\/gerajeune.com\/produit\/gommage-et-masque-visage\/\",\"url\":\"https:\/\/gerajeune.com\/produit\/gommage-et-masque-visage\/\",\"name\":\"Gommage et Masque Visage - gerajeune\",\"isPartOf\":{\"@id\":\"https:\/\/gerajeune.com\/#website\"},\"primaryImageOfPage\":{\"@id\":\"https:\/\/gerajeune.com\/produit\/gommage-et-masque-visage\/#primaryimage\"},\"image\":{\"@id\":\"https:\/\/gerajeune.com\/produit\/gommage-et-masque-visage\/#primaryimage\"},\"thumbnailUrl\":\"https:\/\/gerajeune.com\/wp-content\/uploads\/2024\/06\/gommageVisage-1.png\",\"datePublished\":\"2024-04-03T10:05:18+00:00\",\"dateModified\":\"2025-04-13T22:24:08+00:00\",\"description\":\"D\u00e9couvrez le secret d'une peau lisse et Equilibr\u00e9e avec notre gommage et masque 2 en 1 aux ingr\u00e9dients d'origines naturelles .\",\"breadcrumb\":{\"@id\":\"https:\/\/gerajeune.com\/produit\/gommage-et-masque-visage\/#breadcrumb\"},\"inLanguage\":\"en-US\",\"potentialAction\":[{\"@type\":\"ReadAction\",\"target\":[\"https:\/\/gerajeune.com\/produit\/gommage-et-masque-visage\/\"]}]},{\"@type\":\"ImageObject\",\"inLanguage\":\"en-US\",\"@id\":\"https:\/\/gerajeune.com\/produit\/gommage-et-masque-visage\/#primaryimage\",\"url\":\"https:\/\/gerajeune.com\/wp-content\/uploads\/2024\/06\/gommageVisage-1.png\",\"contentUrl\":\"https:\/\/gerajeune.com\/wp-content\/uploads\/2024\/06\/gommageVisage-1.png\",\"width\":1587,\"height\":2245},{\"@type\":\"BreadcrumbList\",\"@id\":\"https:\/\/gerajeune.com\/produit\/gommage-et-masque-visage\/#breadcrumb\",\"itemListElement\":[{\"@type\":\"ListItem\",\"position\":1,\"name\":\"Accueil\",\"item\":\"https:\/\/gerajeune.com\/\"},{\"@type\":\"ListItem\",\"position\":2,\"name\":\"Produits\",\"item\":\"https:\/\/gerajeune.com\/__trashed-6\/\"},{\"@type\":\"ListItem\",\"position\":3,\"name\":\"Gommage et Masque Visage\"}]},{\"@type\":\"WebSite\",\"@id\":\"https:\/\/gerajeune.com\/#website\",\"url\":\"https:\/\/gerajeune.com\/\",\"name\":\"gerajeune\",\"description\":\"Naturellement belle, visiblement jeune\",\"publisher\":{\"@id\":\"https:\/\/gerajeune.com\/#organization\"},\"potentialAction\":[{\"@type\":\"SearchAction\",\"target\":{\"@type\":\"EntryPoint\",\"urlTemplate\":\"https:\/\/gerajeune.com\/?s={search_term_string}\"},\"query-input\":{\"@type\":\"PropertyValueSpecification\",\"valueRequired\":true,\"valueName\":\"search_term_string\"}}],\"inLanguage\":\"en-US\"},{\"@type\":\"Organization\",\"@id\":\"https:\/\/gerajeune.com\/#organization\",\"name\":\"gerajeune\",\"url\":\"https:\/\/gerajeune.com\/\",\"logo\":{\"@type\":\"ImageObject\",\"inLanguage\":\"en-US\",\"@id\":\"https:\/\/gerajeune.com\/#\/schema\/logo\/image\/\",\"url\":\"http:\/\/gerajeune.com\/wp-content\/uploads\/2021\/12\/cropped-logo-modifier-1-e1645608409226.png\",\"contentUrl\":\"http:\/\/gerajeune.com\/wp-content\/uploads\/2021\/12\/cropped-logo-modifier-1-e1645608409226.png\",\"width\":250,\"height\":120,\"caption\":\"gerajeune\"},\"image\":{\"@id\":\"https:\/\/gerajeune.com\/#\/schema\/logo\/image\/\"},\"sameAs\":[\"https:\/\/www.facebook.com\/gerajeune\",\"https:\/\/www.instagram.com\/gerajeune\/reels\/?hl=fr\"]}]}<\/script>\n<!-- \/ Yoast SEO plugin. -->","yoast_head_json":{"title":"Gommage et Masque Visage - gerajeune","description":"D\u00e9couvrez le secret d'une peau lisse et Equilibr\u00e9e avec notre gommage et masque 2 en 1 aux ingr\u00e9dients d'origines naturelles .","robots":{"index":"index","follow":"follow","max-snippet":"max-snippet:-1","max-image-preview":"max-image-preview:large","max-video-preview":"max-video-preview:-1"},"canonical":"https:\/\/gerajeune.com\/en\/product\/gommage-et-masque-visage\/","og_locale":"en_US","og_type":"article","og_title":"Gommage et Masque Visage - gerajeune","og_description":"D\u00e9couvrez le secret d'une peau lisse et Equilibr\u00e9e avec notre gommage et masque 2 en 1 aux ingr\u00e9dients d'origines naturelles .","og_url":"https:\/\/gerajeune.com\/en\/product\/gommage-et-masque-visage\/","og_site_name":"gerajeune","article_publisher":"https:\/\/www.facebook.com\/gerajeune","article_modified_time":"2025-04-13T22:24:08+00:00","og_image":[{"width":1587,"height":2245,"url":"https:\/\/gerajeune.com\/wp-content\/uploads\/2024\/06\/gommageVisage-1.png","type":"image\/png"}],"twitter_card":"summary_large_image","twitter_misc":{"Est. reading time":"2 minutes"},"schema":{"@context":"https:\/\/schema.org","@graph":[{"@type":"WebPage","@id":"https:\/\/gerajeune.com\/produit\/gommage-et-masque-visage\/","url":"https:\/\/gerajeune.com\/produit\/gommage-et-masque-visage\/","name":"Gommage et Masque Visage - gerajeune","isPartOf":{"@id":"https:\/\/gerajeune.com\/#website"},"primaryImageOfPage":{"@id":"https:\/\/gerajeune.com\/produit\/gommage-et-masque-visage\/#primaryimage"},"image":{"@id":"https:\/\/gerajeune.com\/produit\/gommage-et-masque-visage\/#primaryimage"},"thumbnailUrl":"https:\/\/gerajeune.com\/wp-content\/uploads\/2024\/06\/gommageVisage-1.png","datePublished":"2024-04-03T10:05:18+00:00","dateModified":"2025-04-13T22:24:08+00:00","description":"D\u00e9couvrez le secret d'une peau lisse et Equilibr\u00e9e avec notre gommage et masque 2 en 1 aux ingr\u00e9dients d'origines naturelles .","breadcrumb":{"@id":"https:\/\/gerajeune.com\/produit\/gommage-et-masque-visage\/#breadcrumb"},"inLanguage":"en-US","potentialAction":[{"@type":"ReadAction","target":["https:\/\/gerajeune.com\/produit\/gommage-et-masque-visage\/"]}]},{"@type":"ImageObject","inLanguage":"en-US","@id":"https:\/\/gerajeune.com\/produit\/gommage-et-masque-visage\/#primaryimage","url":"https:\/\/gerajeune.com\/wp-content\/uploads\/2024\/06\/gommageVisage-1.png","contentUrl":"https:\/\/gerajeune.com\/wp-content\/uploads\/2024\/06\/gommageVisage-1.png","width":1587,"height":2245},{"@type":"BreadcrumbList","@id":"https:\/\/gerajeune.com\/produit\/gommage-et-masque-visage\/#breadcrumb","itemListElement":[{"@type":"ListItem","position":1,"name":"Accueil","item":"https:\/\/gerajeune.com\/"},{"@type":"ListItem","position":2,"name":"Produits","item":"https:\/\/gerajeune.com\/__trashed-6\/"},{"@type":"ListItem","position":3,"name":"Gommage et Masque Visage"}]},{"@type":"WebSite","@id":"https:\/\/gerajeune.com\/#website","url":"https:\/\/gerajeune.com\/","name":"gerajeune","description":"Naturally beautiful, visibly young","publisher":{"@id":"https:\/\/gerajeune.com\/#organization"},"potentialAction":[{"@type":"SearchAction","target":{"@type":"EntryPoint","urlTemplate":"https:\/\/gerajeune.com\/?s={search_term_string}"},"query-input":{"@type":"PropertyValueSpecification","valueRequired":true,"valueName":"search_term_string"}}],"inLanguage":"en-US"},{"@type":"Organization","@id":"https:\/\/gerajeune.com\/#organization","name":"gerajeune","url":"https:\/\/gerajeune.com\/","logo":{"@type":"ImageObject","inLanguage":"en-US","@id":"https:\/\/gerajeune.com\/#\/schema\/logo\/image\/","url":"http:\/\/gerajeune.com\/wp-content\/uploads\/2021\/12\/cropped-logo-modifier-1-e1645608409226.png","contentUrl":"http:\/\/gerajeune.com\/wp-content\/uploads\/2021\/12\/cropped-logo-modifier-1-e1645608409226.png","width":250,"height":120,"caption":"gerajeune"},"image":{"@id":"https:\/\/gerajeune.com\/#\/schema\/logo\/image\/"},"sameAs":["https:\/\/www.facebook.com\/gerajeune","https:\/\/www.instagram.com\/gerajeune\/reels\/?hl=fr"]}]}},"jetpack_sharing_enabled":true,"_links":{"self":[{"href":"https:\/\/gerajeune.com\/en\/wp-json\/wp\/v2\/product\/6935","targetHints":{"allow":["GET"]}}],"collection":[{"href":"https:\/\/gerajeune.com\/en\/wp-json\/wp\/v2\/product"}],"about":[{"href":"https:\/\/gerajeune.com\/en\/wp-json\/wp\/v2\/types\/product"}],"replies":[{"embeddable":true,"href":"https:\/\/gerajeune.com\/en\/wp-json\/wp\/v2\/comments?post=6935"}],"version-history":[{"count":6,"href":"https:\/\/gerajeune.com\/en\/wp-json\/wp\/v2\/product\/6935\/revisions"}],"predecessor-version":[{"id":12219,"href":"https:\/\/gerajeune.com\/en\/wp-json\/wp\/v2\/product\/6935\/revisions\/12219"}],"wp:featuredmedia":[{"embeddable":true,"href":"https:\/\/gerajeune.com\/en\/wp-json\/wp\/v2\/media\/10327"}],"wp:attachment":[{"href":"https:\/\/gerajeune.com\/en\/wp-json\/wp\/v2\/media?parent=6935"}],"wp:term":[{"taxonomy":"product_brand","embeddable":true,"href":"https:\/\/gerajeune.com\/en\/wp-json\/wp\/v2\/product_brand?post=6935"},{"taxonomy":"product_cat","embeddable":true,"href":"https:\/\/gerajeune.com\/en\/wp-json\/wp\/v2\/product_cat?post=6935"},{"taxonomy":"product_tag","embeddable":true,"href":"https:\/\/gerajeune.com\/en\/wp-json\/wp\/v2\/product_tag?post=6935"}],"curies":[{"name":"wp","href":"https:\/\/api.w.org\/{rel}","templated":true}]}}