{"id":7137,"date":"2024-04-22T13:11:03","date_gmt":"2024-04-22T12:11:03","guid":{"rendered":"http:\/\/gerajeune.com\/?post_type=product&#038;p=7137"},"modified":"2024-06-07T15:46:47","modified_gmt":"2024-06-07T14:46:47","slug":"tonique-aromatique-marjolaine","status":"publish","type":"product","link":"https:\/\/gerajeune.com\/en\/product\/tonique-aromatique-marjolaine\/","title":{"rendered":"Marjoram aromatic tonic"},"content":{"rendered":"<p>Marjoram aromatic tonic<\/p>\n<h4><strong>What is its role?<\/strong><\/h4>\n<p>has a relaxing effect, promotes the action of all well-being and beauty treatments. preserves the natural hydration of the skin. thanks to its richness in <a href=\"https:\/\/fr.wikipedia.org\/wiki\/Arbutine\">arbutin<\/a> , it brightens and balances the skin and limits the appearance of dichromia and brown spots, sunburn, hives, eczema and dermatoses. In addition, it is also used as a base or makeup fixative.<\/p>\n<p><strong>Benefits of marjoram:\u00a0<\/strong><\/p>\n<ul>\n<li>\u00a0antibacterial properties<\/li>\n<li>good tolerance encourages its use pure in case of dermatological problems<\/li>\n<li>has an antioxidant action.<\/li>\n<li>has anti-inflammatory and analgesic properties<\/li>\n<li>moisturizer<\/li>\n<\/ul>\n<p><strong>How to use\u00a0<\/strong> <strong>Marjoram aromatic tonic:\u00a0<\/strong><\/p>\n<p>spray on the face, neck, and d\u00e9collet\u00e9, in the morning on clean skin or on makeup. can also be used on the head and hair to stimulate growth, perfume the hair, reduce dandruff and itching.<\/p>\n<p>discover the <a href=\"http:\/\/gerajeune.com\/en\/product\/lotion-tonique-tonifiante-desalterante\/\">thirst-quenching tonic lotion\u00a0<\/a><\/p>","protected":false},"excerpt":{"rendered":"<p>Tonique aromatique marjolaine Quel est son r\u00f4le\u00a0 ? a un effet relaxant , favorise l&rsquo;action de tous les soins de bien-\u00eatre et de beaut\u00e9 . pr\u00e9serve l&rsquo;hydratation naturelle de la peau .gr\u00e2ce a sa richesse en arbutine , il illumine et\u00a0 \u00e9quilibre la peau et limite l&rsquo;apparition des dichromies et des taches brunes , des coups de soleil , urticaire , ecz\u00e9ma et dermatoses. de plus elle s&rsquo;utilise aussi comme base ou fixateurs de maquillage . Bienfaits du marjolaine :\u00a0 \u00a0propri\u00e9t\u00e9s antibact\u00e9riennes bonne tol\u00e9rance incitent \u00e0 l&rsquo;utiliser pure en cas de probl\u00e8mes dermatologiques a une action antioxydante. a des propri\u00e9t\u00e9s anti-inflammatoires et analg\u00e9siques hydratant Mode d&rsquo;utilisation de\u00a0 la Tonique aromatique marjolaine :\u00a0 pulv\u00e9riser sur le visage , le cou , et le d\u00e9collet\u00e9 , le matin sur une peau propre ou sur le maquillage . s&rsquo;utilise aussi sur la t\u00eate et les cheveux pour stimuler la pousse , parfumer les cheveux , r\u00e9duire les pellicules et d\u00e9mangeaisons . d\u00e9couvrez la lotion tonique tonifiante desalterante\u00a0<\/p>","protected":false},"featured_media":0,"comment_status":"open","ping_status":"closed","template":"","meta":{"_monsterinsights_skip_tracking":false,"_monsterinsights_sitenote_active":false,"_monsterinsights_sitenote_note":"","_monsterinsights_sitenote_category":0,"ocean_post_layout":"","ocean_both_sidebars_style":"","ocean_both_sidebars_content_width":0,"ocean_both_sidebars_sidebars_width":0,"ocean_sidebar":"0","ocean_second_sidebar":"0","ocean_disable_margins":"enable","ocean_add_body_class":"","ocean_shortcode_before_top_bar":"","ocean_shortcode_after_top_bar":"","ocean_shortcode_before_header":"","ocean_shortcode_after_header":"","ocean_has_shortcode":"","ocean_shortcode_after_title":"","ocean_shortcode_before_footer_widgets":"","ocean_shortcode_after_footer_widgets":"","ocean_shortcode_before_footer_bottom":"","ocean_shortcode_after_footer_bottom":"","ocean_display_top_bar":"default","ocean_display_header":"default","ocean_header_style":"","ocean_center_header_left_menu":"0","ocean_custom_header_template":"0","ocean_custom_logo":0,"ocean_custom_retina_logo":0,"ocean_custom_logo_max_width":0,"ocean_custom_logo_tablet_max_width":0,"ocean_custom_logo_mobile_max_width":0,"ocean_custom_logo_max_height":0,"ocean_custom_logo_tablet_max_height":0,"ocean_custom_logo_mobile_max_height":0,"ocean_header_custom_menu":"0","ocean_menu_typo_font_family":"0","ocean_menu_typo_font_subset":"","ocean_menu_typo_font_size":0,"ocean_menu_typo_font_size_tablet":0,"ocean_menu_typo_font_size_mobile":0,"ocean_menu_typo_font_size_unit":"px","ocean_menu_typo_font_weight":"","ocean_menu_typo_font_weight_tablet":"","ocean_menu_typo_font_weight_mobile":"","ocean_menu_typo_transform":"","ocean_menu_typo_transform_tablet":"","ocean_menu_typo_transform_mobile":"","ocean_menu_typo_line_height":0,"ocean_menu_typo_line_height_tablet":0,"ocean_menu_typo_line_height_mobile":0,"ocean_menu_typo_line_height_unit":"","ocean_menu_typo_spacing":0,"ocean_menu_typo_spacing_tablet":0,"ocean_menu_typo_spacing_mobile":0,"ocean_menu_typo_spacing_unit":"","ocean_menu_link_color":"","ocean_menu_link_color_hover":"","ocean_menu_link_color_active":"","ocean_menu_link_background":"","ocean_menu_link_hover_background":"","ocean_menu_link_active_background":"","ocean_menu_social_links_bg":"","ocean_menu_social_hover_links_bg":"","ocean_menu_social_links_color":"","ocean_menu_social_hover_links_color":"","ocean_disable_title":"default","ocean_disable_heading":"default","ocean_post_title":"","ocean_post_subheading":"","ocean_post_title_style":"","ocean_post_title_background_color":"","ocean_post_title_background":0,"ocean_post_title_bg_image_position":"","ocean_post_title_bg_image_attachment":"","ocean_post_title_bg_image_repeat":"","ocean_post_title_bg_image_size":"","ocean_post_title_height":0,"ocean_post_title_bg_overlay":0.5,"ocean_post_title_bg_overlay_color":"","ocean_disable_breadcrumbs":"default","ocean_breadcrumbs_color":"","ocean_breadcrumbs_separator_color":"","ocean_breadcrumbs_links_color":"","ocean_breadcrumbs_links_hover_color":"","ocean_display_footer_widgets":"default","ocean_display_footer_bottom":"default","ocean_custom_footer_template":"0","omw_enable_modal_window":"enable"},"product_brand":[],"product_cat":[157,56],"product_tag":[],"class_list":{"0":"post-7137","1":"product","2":"type-product","3":"status-publish","5":"product_cat-soin-corps","6":"product_cat-soin-visage","8":"entry","10":"first","11":"instock","12":"taxable","13":"shipping-taxable","14":"purchasable","15":"product-type-simple","16":"col","17":"span_1_of_3","18":"owp-content-center","19":"owp-thumbs-layout-horizontal","20":"owp-btn-normal","21":"owp-tabs-layout-horizontal","22":"has-no-thumbnails"},"yoast_head":"<!-- This site is optimized with the Yoast SEO plugin v27.0 - https:\/\/yoast.com\/product\/yoast-seo-wordpress\/ -->\n<title>Tonique aromatique marjolaine - gerajeune<\/title>\n<meta name=\"description\" content=\"Tonique aromatique , apaisante et \u00e9claircissante pour peaux acn\u00e9iques . 100% naturelle , riche en antioxydants et extraits de marjolaine\" \/>\n<meta name=\"robots\" content=\"index, follow, max-snippet:-1, max-image-preview:large, max-video-preview:-1\" \/>\n<link rel=\"canonical\" href=\"https:\/\/gerajeune.com\/en\/product\/tonique-aromatique-marjolaine\/\" \/>\n<meta property=\"og:locale\" content=\"en_US\" \/>\n<meta property=\"og:type\" content=\"article\" \/>\n<meta property=\"og:title\" content=\"Tonique aromatique marjolaine - gerajeune\" \/>\n<meta property=\"og:description\" content=\"Tonique aromatique , apaisante et \u00e9claircissante pour peaux acn\u00e9iques . 100% naturelle , riche en antioxydants et extraits de marjolaine\" \/>\n<meta property=\"og:url\" content=\"https:\/\/gerajeune.com\/en\/product\/tonique-aromatique-marjolaine\/\" \/>\n<meta property=\"og:site_name\" content=\"gerajeune\" \/>\n<meta property=\"article:publisher\" content=\"https:\/\/www.facebook.com\/gerajeune\" \/>\n<meta property=\"article:modified_time\" content=\"2024-06-07T14:46:47+00:00\" \/>\n<meta name=\"twitter:card\" content=\"summary_large_image\" \/>\n<meta name=\"twitter:label1\" content=\"Est. reading time\" \/>\n\t<meta name=\"twitter:data1\" content=\"1 minute\" \/>\n<script type=\"application\/ld+json\" class=\"yoast-schema-graph\">{\"@context\":\"https:\/\/schema.org\",\"@graph\":[{\"@type\":\"WebPage\",\"@id\":\"https:\/\/gerajeune.com\/produit\/tonique-aromatique-marjolaine\/\",\"url\":\"https:\/\/gerajeune.com\/produit\/tonique-aromatique-marjolaine\/\",\"name\":\"Tonique aromatique marjolaine - gerajeune\",\"isPartOf\":{\"@id\":\"https:\/\/gerajeune.com\/#website\"},\"datePublished\":\"2024-04-22T12:11:03+00:00\",\"dateModified\":\"2024-06-07T14:46:47+00:00\",\"description\":\"Tonique aromatique , apaisante et \u00e9claircissante pour peaux acn\u00e9iques . 100% naturelle , riche en antioxydants et extraits de marjolaine\",\"breadcrumb\":{\"@id\":\"https:\/\/gerajeune.com\/produit\/tonique-aromatique-marjolaine\/#breadcrumb\"},\"inLanguage\":\"en-US\",\"potentialAction\":[{\"@type\":\"ReadAction\",\"target\":[\"https:\/\/gerajeune.com\/produit\/tonique-aromatique-marjolaine\/\"]}]},{\"@type\":\"BreadcrumbList\",\"@id\":\"https:\/\/gerajeune.com\/produit\/tonique-aromatique-marjolaine\/#breadcrumb\",\"itemListElement\":[{\"@type\":\"ListItem\",\"position\":1,\"name\":\"Accueil\",\"item\":\"https:\/\/gerajeune.com\/\"},{\"@type\":\"ListItem\",\"position\":2,\"name\":\"Produits\",\"item\":\"https:\/\/gerajeune.com\/__trashed-6\/\"},{\"@type\":\"ListItem\",\"position\":3,\"name\":\"Tonique aromatique marjolaine\"}]},{\"@type\":\"WebSite\",\"@id\":\"https:\/\/gerajeune.com\/#website\",\"url\":\"https:\/\/gerajeune.com\/\",\"name\":\"gerajeune\",\"description\":\"Naturellement belle, visiblement jeune\",\"publisher\":{\"@id\":\"https:\/\/gerajeune.com\/#organization\"},\"potentialAction\":[{\"@type\":\"SearchAction\",\"target\":{\"@type\":\"EntryPoint\",\"urlTemplate\":\"https:\/\/gerajeune.com\/?s={search_term_string}\"},\"query-input\":{\"@type\":\"PropertyValueSpecification\",\"valueRequired\":true,\"valueName\":\"search_term_string\"}}],\"inLanguage\":\"en-US\"},{\"@type\":\"Organization\",\"@id\":\"https:\/\/gerajeune.com\/#organization\",\"name\":\"gerajeune\",\"url\":\"https:\/\/gerajeune.com\/\",\"logo\":{\"@type\":\"ImageObject\",\"inLanguage\":\"en-US\",\"@id\":\"https:\/\/gerajeune.com\/#\/schema\/logo\/image\/\",\"url\":\"http:\/\/gerajeune.com\/wp-content\/uploads\/2021\/12\/cropped-logo-modifier-1-e1645608409226.png\",\"contentUrl\":\"http:\/\/gerajeune.com\/wp-content\/uploads\/2021\/12\/cropped-logo-modifier-1-e1645608409226.png\",\"width\":250,\"height\":120,\"caption\":\"gerajeune\"},\"image\":{\"@id\":\"https:\/\/gerajeune.com\/#\/schema\/logo\/image\/\"},\"sameAs\":[\"https:\/\/www.facebook.com\/gerajeune\",\"https:\/\/www.instagram.com\/gerajeune\/reels\/?hl=fr\"]}]}<\/script>\n<!-- \/ Yoast SEO plugin. -->","yoast_head_json":{"title":"Tonique aromatique marjolaine - gerajeune","description":"Tonique aromatique , apaisante et \u00e9claircissante pour peaux acn\u00e9iques . 100% naturelle , riche en antioxydants et extraits de marjolaine","robots":{"index":"index","follow":"follow","max-snippet":"max-snippet:-1","max-image-preview":"max-image-preview:large","max-video-preview":"max-video-preview:-1"},"canonical":"https:\/\/gerajeune.com\/en\/product\/tonique-aromatique-marjolaine\/","og_locale":"en_US","og_type":"article","og_title":"Tonique aromatique marjolaine - gerajeune","og_description":"Tonique aromatique , apaisante et \u00e9claircissante pour peaux acn\u00e9iques . 100% naturelle , riche en antioxydants et extraits de marjolaine","og_url":"https:\/\/gerajeune.com\/en\/product\/tonique-aromatique-marjolaine\/","og_site_name":"gerajeune","article_publisher":"https:\/\/www.facebook.com\/gerajeune","article_modified_time":"2024-06-07T14:46:47+00:00","twitter_card":"summary_large_image","twitter_misc":{"Est. reading time":"1 minute"},"schema":{"@context":"https:\/\/schema.org","@graph":[{"@type":"WebPage","@id":"https:\/\/gerajeune.com\/produit\/tonique-aromatique-marjolaine\/","url":"https:\/\/gerajeune.com\/produit\/tonique-aromatique-marjolaine\/","name":"Tonique aromatique marjolaine - gerajeune","isPartOf":{"@id":"https:\/\/gerajeune.com\/#website"},"datePublished":"2024-04-22T12:11:03+00:00","dateModified":"2024-06-07T14:46:47+00:00","description":"Tonique aromatique , apaisante et \u00e9claircissante pour peaux acn\u00e9iques . 100% naturelle , riche en antioxydants et extraits de marjolaine","breadcrumb":{"@id":"https:\/\/gerajeune.com\/produit\/tonique-aromatique-marjolaine\/#breadcrumb"},"inLanguage":"en-US","potentialAction":[{"@type":"ReadAction","target":["https:\/\/gerajeune.com\/produit\/tonique-aromatique-marjolaine\/"]}]},{"@type":"BreadcrumbList","@id":"https:\/\/gerajeune.com\/produit\/tonique-aromatique-marjolaine\/#breadcrumb","itemListElement":[{"@type":"ListItem","position":1,"name":"Accueil","item":"https:\/\/gerajeune.com\/"},{"@type":"ListItem","position":2,"name":"Produits","item":"https:\/\/gerajeune.com\/__trashed-6\/"},{"@type":"ListItem","position":3,"name":"Tonique aromatique marjolaine"}]},{"@type":"WebSite","@id":"https:\/\/gerajeune.com\/#website","url":"https:\/\/gerajeune.com\/","name":"gerajeune","description":"Naturally beautiful, visibly young","publisher":{"@id":"https:\/\/gerajeune.com\/#organization"},"potentialAction":[{"@type":"SearchAction","target":{"@type":"EntryPoint","urlTemplate":"https:\/\/gerajeune.com\/?s={search_term_string}"},"query-input":{"@type":"PropertyValueSpecification","valueRequired":true,"valueName":"search_term_string"}}],"inLanguage":"en-US"},{"@type":"Organization","@id":"https:\/\/gerajeune.com\/#organization","name":"gerajeune","url":"https:\/\/gerajeune.com\/","logo":{"@type":"ImageObject","inLanguage":"en-US","@id":"https:\/\/gerajeune.com\/#\/schema\/logo\/image\/","url":"http:\/\/gerajeune.com\/wp-content\/uploads\/2021\/12\/cropped-logo-modifier-1-e1645608409226.png","contentUrl":"http:\/\/gerajeune.com\/wp-content\/uploads\/2021\/12\/cropped-logo-modifier-1-e1645608409226.png","width":250,"height":120,"caption":"gerajeune"},"image":{"@id":"https:\/\/gerajeune.com\/#\/schema\/logo\/image\/"},"sameAs":["https:\/\/www.facebook.com\/gerajeune","https:\/\/www.instagram.com\/gerajeune\/reels\/?hl=fr"]}]}},"jetpack_sharing_enabled":true,"_links":{"self":[{"href":"https:\/\/gerajeune.com\/en\/wp-json\/wp\/v2\/product\/7137","targetHints":{"allow":["GET"]}}],"collection":[{"href":"https:\/\/gerajeune.com\/en\/wp-json\/wp\/v2\/product"}],"about":[{"href":"https:\/\/gerajeune.com\/en\/wp-json\/wp\/v2\/types\/product"}],"replies":[{"embeddable":true,"href":"https:\/\/gerajeune.com\/en\/wp-json\/wp\/v2\/comments?post=7137"}],"version-history":[{"count":1,"href":"https:\/\/gerajeune.com\/en\/wp-json\/wp\/v2\/product\/7137\/revisions"}],"predecessor-version":[{"id":7138,"href":"https:\/\/gerajeune.com\/en\/wp-json\/wp\/v2\/product\/7137\/revisions\/7138"}],"wp:attachment":[{"href":"https:\/\/gerajeune.com\/en\/wp-json\/wp\/v2\/media?parent=7137"}],"wp:term":[{"taxonomy":"product_brand","embeddable":true,"href":"https:\/\/gerajeune.com\/en\/wp-json\/wp\/v2\/product_brand?post=7137"},{"taxonomy":"product_cat","embeddable":true,"href":"https:\/\/gerajeune.com\/en\/wp-json\/wp\/v2\/product_cat?post=7137"},{"taxonomy":"product_tag","embeddable":true,"href":"https:\/\/gerajeune.com\/en\/wp-json\/wp\/v2\/product_tag?post=7137"}],"curies":[{"name":"wp","href":"https:\/\/api.w.org\/{rel}","templated":true}]}}