{"id":7143,"date":"2024-04-22T16:09:58","date_gmt":"2024-04-22T15:09:58","guid":{"rendered":"http:\/\/gerajeune.com\/?post_type=product&#038;p=7143"},"modified":"2024-06-07T15:46:33","modified_gmt":"2024-06-07T14:46:33","slug":"tonique-aromatique-bouquet-dextraits-actifs","status":"publish","type":"product","link":"https:\/\/gerajeune.com\/en\/product\/tonique-aromatique-bouquet-dextraits-actifs\/","title":{"rendered":"Aromatic tonic bouquet of active extracts"},"content":{"rendered":"<p>Aromatic tonic<\/p>\n<p><strong>What is its role?\u00a0<\/strong><\/p>\n<p>Brought <a href=\"https:\/\/fr.wikipedia.org\/wiki\/Antioxydant\">antioxidants<\/a> necessary to preserve the skin&#039;s youthful capital and provides an immediate feeling of well-being and comfort thanks to the active ingredients extracted from a floral bouquet composed of 10 delicately selected aromatic species of organic quality.<\/p>\n<p>It can also be used as a makeup base or fixer.<\/p>\n<p>During the day, this product refreshes while restoring radiance to your face.<\/p>\n<p><strong>Benefits of antioxidants:\u00a0<\/strong><\/p>\n<ul>\n<li>reduce cell inflammation<\/li>\n<li>limit the appearance of brown spots.<\/li>\n<li>smooth wrinkles<\/li>\n<li>fight against sagging skin<\/li>\n<li>protect against premature aging of the skin.<\/li>\n<\/ul>\n<p><strong>Use of Aromatic Tonic:\u00a0<\/strong><\/p>\n<p>spray on the face, neck and d\u00e9collet\u00e9, in the morning on clean skin or on makeup, also use on the head and hair to perfume them, moisturize them and reduce high heat.<\/p>\n<p>discover the <a href=\"http:\/\/gerajeune.com\/en\/product\/lotion-tonique-tonifiante-desalterante\/\">thirst-quenching tonic lotion\u00a0<\/a><\/p>","protected":false},"excerpt":{"rendered":"<p>Tonique aromatique Quel est son r\u00f4le ?\u00a0 Apporte les antioxydants n\u00e9cessaires pour pr\u00e9server le capital jeunesse de la peau et lui procure une sensation imm\u00e9diate de bien \u00eatre et de confort gr\u00e2ce aux principes actifs extraits d&rsquo;un bouquet floral compos\u00e9 de 10 esp\u00e8ces aromatiques de qualit\u00e9 biologique d\u00e9licatement s\u00e9lectionn\u00e9 . Elle s&rsquo;utilise aussi comme base ou fixateur de maquillage . En journ\u00e9e , ce produit rafraichit tout en redonnant de l&rsquo;\u00e9clat a votre visage . Bienfaits des antioxydants :\u00a0 r\u00e9duisent l&rsquo;inflammation des cellules limitent\u00a0 l&rsquo;apparition de taches brunes. lissent les rides luttent contre le rel\u00e2chement cutan\u00e9 prot\u00e8gent du vieillissement pr\u00e9coce de la\u00a0peau. Utilisation de la Tonique aromatique:\u00a0 pulv\u00e9riser sur le visage , le cou et le d\u00e9collet\u00e9 , le matin sur peau propre ou sur le maquillage , s&rsquo;utilise aussi sur la t\u00eate et les cheveux pour les parfumer , les hydrater et att\u00e9nuer la forte chaleur . d\u00e9couvrez la lotion tonique tonifiante desalterante\u00a0<\/p>","protected":false},"featured_media":0,"comment_status":"open","ping_status":"closed","template":"","meta":{"_monsterinsights_skip_tracking":false,"_monsterinsights_sitenote_active":false,"_monsterinsights_sitenote_note":"","_monsterinsights_sitenote_category":0,"ocean_post_layout":"","ocean_both_sidebars_style":"","ocean_both_sidebars_content_width":0,"ocean_both_sidebars_sidebars_width":0,"ocean_sidebar":"0","ocean_second_sidebar":"0","ocean_disable_margins":"enable","ocean_add_body_class":"","ocean_shortcode_before_top_bar":"","ocean_shortcode_after_top_bar":"","ocean_shortcode_before_header":"","ocean_shortcode_after_header":"","ocean_has_shortcode":"","ocean_shortcode_after_title":"","ocean_shortcode_before_footer_widgets":"","ocean_shortcode_after_footer_widgets":"","ocean_shortcode_before_footer_bottom":"","ocean_shortcode_after_footer_bottom":"","ocean_display_top_bar":"default","ocean_display_header":"default","ocean_header_style":"","ocean_center_header_left_menu":"0","ocean_custom_header_template":"0","ocean_custom_logo":0,"ocean_custom_retina_logo":0,"ocean_custom_logo_max_width":0,"ocean_custom_logo_tablet_max_width":0,"ocean_custom_logo_mobile_max_width":0,"ocean_custom_logo_max_height":0,"ocean_custom_logo_tablet_max_height":0,"ocean_custom_logo_mobile_max_height":0,"ocean_header_custom_menu":"0","ocean_menu_typo_font_family":"0","ocean_menu_typo_font_subset":"","ocean_menu_typo_font_size":0,"ocean_menu_typo_font_size_tablet":0,"ocean_menu_typo_font_size_mobile":0,"ocean_menu_typo_font_size_unit":"px","ocean_menu_typo_font_weight":"","ocean_menu_typo_font_weight_tablet":"","ocean_menu_typo_font_weight_mobile":"","ocean_menu_typo_transform":"","ocean_menu_typo_transform_tablet":"","ocean_menu_typo_transform_mobile":"","ocean_menu_typo_line_height":0,"ocean_menu_typo_line_height_tablet":0,"ocean_menu_typo_line_height_mobile":0,"ocean_menu_typo_line_height_unit":"","ocean_menu_typo_spacing":0,"ocean_menu_typo_spacing_tablet":0,"ocean_menu_typo_spacing_mobile":0,"ocean_menu_typo_spacing_unit":"","ocean_menu_link_color":"","ocean_menu_link_color_hover":"","ocean_menu_link_color_active":"","ocean_menu_link_background":"","ocean_menu_link_hover_background":"","ocean_menu_link_active_background":"","ocean_menu_social_links_bg":"","ocean_menu_social_hover_links_bg":"","ocean_menu_social_links_color":"","ocean_menu_social_hover_links_color":"","ocean_disable_title":"default","ocean_disable_heading":"default","ocean_post_title":"","ocean_post_subheading":"","ocean_post_title_style":"","ocean_post_title_background_color":"","ocean_post_title_background":0,"ocean_post_title_bg_image_position":"","ocean_post_title_bg_image_attachment":"","ocean_post_title_bg_image_repeat":"","ocean_post_title_bg_image_size":"","ocean_post_title_height":0,"ocean_post_title_bg_overlay":0.5,"ocean_post_title_bg_overlay_color":"","ocean_disable_breadcrumbs":"default","ocean_breadcrumbs_color":"","ocean_breadcrumbs_separator_color":"","ocean_breadcrumbs_links_color":"","ocean_breadcrumbs_links_hover_color":"","ocean_display_footer_widgets":"default","ocean_display_footer_bottom":"default","ocean_custom_footer_template":"0","omw_enable_modal_window":"enable"},"product_brand":[],"product_cat":[157,56],"product_tag":[],"class_list":{"0":"post-7143","1":"product","2":"type-product","3":"status-publish","5":"product_cat-soin-corps","6":"product_cat-soin-visage","8":"entry","10":"first","11":"instock","12":"taxable","13":"shipping-taxable","14":"purchasable","15":"product-type-simple","16":"col","17":"span_1_of_3","18":"owp-content-center","19":"owp-thumbs-layout-horizontal","20":"owp-btn-normal","21":"owp-tabs-layout-horizontal","22":"has-no-thumbnails"},"yoast_head":"<!-- This site is optimized with the Yoast SEO plugin v27.0 - https:\/\/yoast.com\/product\/yoast-seo-wordpress\/ -->\n<title>Tonique aromatique bouquet d&#039;extraits actifs - gerajeune<\/title>\n<meta name=\"description\" content=\"Tonique aromatique, antioxydante et relaxante riche en antioxydants et extraits de bouquet floral 100% naturels , convient aux peaux sensibles.\" \/>\n<meta name=\"robots\" content=\"index, follow, max-snippet:-1, max-image-preview:large, max-video-preview:-1\" \/>\n<link rel=\"canonical\" href=\"https:\/\/gerajeune.com\/en\/product\/tonique-aromatique-bouquet-dextraits-actifs\/\" \/>\n<meta property=\"og:locale\" content=\"en_US\" \/>\n<meta property=\"og:type\" content=\"article\" \/>\n<meta property=\"og:title\" content=\"Tonique aromatique bouquet d&#039;extraits actifs - gerajeune\" \/>\n<meta property=\"og:description\" content=\"Tonique aromatique, antioxydante et relaxante riche en antioxydants et extraits de bouquet floral 100% naturels , convient aux peaux sensibles.\" \/>\n<meta property=\"og:url\" content=\"https:\/\/gerajeune.com\/en\/product\/tonique-aromatique-bouquet-dextraits-actifs\/\" \/>\n<meta property=\"og:site_name\" content=\"gerajeune\" \/>\n<meta property=\"article:publisher\" content=\"https:\/\/www.facebook.com\/gerajeune\" \/>\n<meta property=\"article:modified_time\" content=\"2024-06-07T14:46:33+00:00\" \/>\n<meta name=\"twitter:card\" content=\"summary_large_image\" \/>\n<meta name=\"twitter:label1\" content=\"Est. reading time\" \/>\n\t<meta name=\"twitter:data1\" content=\"1 minute\" \/>\n<script type=\"application\/ld+json\" class=\"yoast-schema-graph\">{\"@context\":\"https:\/\/schema.org\",\"@graph\":[{\"@type\":\"WebPage\",\"@id\":\"https:\/\/gerajeune.com\/produit\/tonique-aromatique-bouquet-dextraits-actifs\/\",\"url\":\"https:\/\/gerajeune.com\/produit\/tonique-aromatique-bouquet-dextraits-actifs\/\",\"name\":\"Tonique aromatique bouquet d'extraits actifs - gerajeune\",\"isPartOf\":{\"@id\":\"https:\/\/gerajeune.com\/#website\"},\"datePublished\":\"2024-04-22T15:09:58+00:00\",\"dateModified\":\"2024-06-07T14:46:33+00:00\",\"description\":\"Tonique aromatique, antioxydante et relaxante riche en antioxydants et extraits de bouquet floral 100% naturels , convient aux peaux sensibles.\",\"breadcrumb\":{\"@id\":\"https:\/\/gerajeune.com\/produit\/tonique-aromatique-bouquet-dextraits-actifs\/#breadcrumb\"},\"inLanguage\":\"en-US\",\"potentialAction\":[{\"@type\":\"ReadAction\",\"target\":[\"https:\/\/gerajeune.com\/produit\/tonique-aromatique-bouquet-dextraits-actifs\/\"]}]},{\"@type\":\"BreadcrumbList\",\"@id\":\"https:\/\/gerajeune.com\/produit\/tonique-aromatique-bouquet-dextraits-actifs\/#breadcrumb\",\"itemListElement\":[{\"@type\":\"ListItem\",\"position\":1,\"name\":\"Accueil\",\"item\":\"https:\/\/gerajeune.com\/\"},{\"@type\":\"ListItem\",\"position\":2,\"name\":\"Produits\",\"item\":\"https:\/\/gerajeune.com\/__trashed-6\/\"},{\"@type\":\"ListItem\",\"position\":3,\"name\":\"Tonique aromatique bouquet d&rsquo;extraits actifs\"}]},{\"@type\":\"WebSite\",\"@id\":\"https:\/\/gerajeune.com\/#website\",\"url\":\"https:\/\/gerajeune.com\/\",\"name\":\"gerajeune\",\"description\":\"Naturellement belle, visiblement jeune\",\"publisher\":{\"@id\":\"https:\/\/gerajeune.com\/#organization\"},\"potentialAction\":[{\"@type\":\"SearchAction\",\"target\":{\"@type\":\"EntryPoint\",\"urlTemplate\":\"https:\/\/gerajeune.com\/?s={search_term_string}\"},\"query-input\":{\"@type\":\"PropertyValueSpecification\",\"valueRequired\":true,\"valueName\":\"search_term_string\"}}],\"inLanguage\":\"en-US\"},{\"@type\":\"Organization\",\"@id\":\"https:\/\/gerajeune.com\/#organization\",\"name\":\"gerajeune\",\"url\":\"https:\/\/gerajeune.com\/\",\"logo\":{\"@type\":\"ImageObject\",\"inLanguage\":\"en-US\",\"@id\":\"https:\/\/gerajeune.com\/#\/schema\/logo\/image\/\",\"url\":\"http:\/\/gerajeune.com\/wp-content\/uploads\/2021\/12\/cropped-logo-modifier-1-e1645608409226.png\",\"contentUrl\":\"http:\/\/gerajeune.com\/wp-content\/uploads\/2021\/12\/cropped-logo-modifier-1-e1645608409226.png\",\"width\":250,\"height\":120,\"caption\":\"gerajeune\"},\"image\":{\"@id\":\"https:\/\/gerajeune.com\/#\/schema\/logo\/image\/\"},\"sameAs\":[\"https:\/\/www.facebook.com\/gerajeune\",\"https:\/\/www.instagram.com\/gerajeune\/reels\/?hl=fr\"]}]}<\/script>\n<!-- \/ Yoast SEO plugin. -->","yoast_head_json":{"title":"Tonique aromatique bouquet d'extraits actifs - gerajeune","description":"Tonique aromatique, antioxydante et relaxante riche en antioxydants et extraits de bouquet floral 100% naturels , convient aux peaux sensibles.","robots":{"index":"index","follow":"follow","max-snippet":"max-snippet:-1","max-image-preview":"max-image-preview:large","max-video-preview":"max-video-preview:-1"},"canonical":"https:\/\/gerajeune.com\/en\/product\/tonique-aromatique-bouquet-dextraits-actifs\/","og_locale":"en_US","og_type":"article","og_title":"Tonique aromatique bouquet d'extraits actifs - gerajeune","og_description":"Tonique aromatique, antioxydante et relaxante riche en antioxydants et extraits de bouquet floral 100% naturels , convient aux peaux sensibles.","og_url":"https:\/\/gerajeune.com\/en\/product\/tonique-aromatique-bouquet-dextraits-actifs\/","og_site_name":"gerajeune","article_publisher":"https:\/\/www.facebook.com\/gerajeune","article_modified_time":"2024-06-07T14:46:33+00:00","twitter_card":"summary_large_image","twitter_misc":{"Est. reading time":"1 minute"},"schema":{"@context":"https:\/\/schema.org","@graph":[{"@type":"WebPage","@id":"https:\/\/gerajeune.com\/produit\/tonique-aromatique-bouquet-dextraits-actifs\/","url":"https:\/\/gerajeune.com\/produit\/tonique-aromatique-bouquet-dextraits-actifs\/","name":"Tonique aromatique bouquet d'extraits actifs - gerajeune","isPartOf":{"@id":"https:\/\/gerajeune.com\/#website"},"datePublished":"2024-04-22T15:09:58+00:00","dateModified":"2024-06-07T14:46:33+00:00","description":"Tonique aromatique, antioxydante et relaxante riche en antioxydants et extraits de bouquet floral 100% naturels , convient aux peaux sensibles.","breadcrumb":{"@id":"https:\/\/gerajeune.com\/produit\/tonique-aromatique-bouquet-dextraits-actifs\/#breadcrumb"},"inLanguage":"en-US","potentialAction":[{"@type":"ReadAction","target":["https:\/\/gerajeune.com\/produit\/tonique-aromatique-bouquet-dextraits-actifs\/"]}]},{"@type":"BreadcrumbList","@id":"https:\/\/gerajeune.com\/produit\/tonique-aromatique-bouquet-dextraits-actifs\/#breadcrumb","itemListElement":[{"@type":"ListItem","position":1,"name":"Accueil","item":"https:\/\/gerajeune.com\/"},{"@type":"ListItem","position":2,"name":"Produits","item":"https:\/\/gerajeune.com\/__trashed-6\/"},{"@type":"ListItem","position":3,"name":"Tonique aromatique bouquet d&rsquo;extraits actifs"}]},{"@type":"WebSite","@id":"https:\/\/gerajeune.com\/#website","url":"https:\/\/gerajeune.com\/","name":"gerajeune","description":"Naturally beautiful, visibly young","publisher":{"@id":"https:\/\/gerajeune.com\/#organization"},"potentialAction":[{"@type":"SearchAction","target":{"@type":"EntryPoint","urlTemplate":"https:\/\/gerajeune.com\/?s={search_term_string}"},"query-input":{"@type":"PropertyValueSpecification","valueRequired":true,"valueName":"search_term_string"}}],"inLanguage":"en-US"},{"@type":"Organization","@id":"https:\/\/gerajeune.com\/#organization","name":"gerajeune","url":"https:\/\/gerajeune.com\/","logo":{"@type":"ImageObject","inLanguage":"en-US","@id":"https:\/\/gerajeune.com\/#\/schema\/logo\/image\/","url":"http:\/\/gerajeune.com\/wp-content\/uploads\/2021\/12\/cropped-logo-modifier-1-e1645608409226.png","contentUrl":"http:\/\/gerajeune.com\/wp-content\/uploads\/2021\/12\/cropped-logo-modifier-1-e1645608409226.png","width":250,"height":120,"caption":"gerajeune"},"image":{"@id":"https:\/\/gerajeune.com\/#\/schema\/logo\/image\/"},"sameAs":["https:\/\/www.facebook.com\/gerajeune","https:\/\/www.instagram.com\/gerajeune\/reels\/?hl=fr"]}]}},"jetpack_sharing_enabled":true,"_links":{"self":[{"href":"https:\/\/gerajeune.com\/en\/wp-json\/wp\/v2\/product\/7143","targetHints":{"allow":["GET"]}}],"collection":[{"href":"https:\/\/gerajeune.com\/en\/wp-json\/wp\/v2\/product"}],"about":[{"href":"https:\/\/gerajeune.com\/en\/wp-json\/wp\/v2\/types\/product"}],"replies":[{"embeddable":true,"href":"https:\/\/gerajeune.com\/en\/wp-json\/wp\/v2\/comments?post=7143"}],"version-history":[{"count":2,"href":"https:\/\/gerajeune.com\/en\/wp-json\/wp\/v2\/product\/7143\/revisions"}],"predecessor-version":[{"id":7243,"href":"https:\/\/gerajeune.com\/en\/wp-json\/wp\/v2\/product\/7143\/revisions\/7243"}],"wp:attachment":[{"href":"https:\/\/gerajeune.com\/en\/wp-json\/wp\/v2\/media?parent=7143"}],"wp:term":[{"taxonomy":"product_brand","embeddable":true,"href":"https:\/\/gerajeune.com\/en\/wp-json\/wp\/v2\/product_brand?post=7143"},{"taxonomy":"product_cat","embeddable":true,"href":"https:\/\/gerajeune.com\/en\/wp-json\/wp\/v2\/product_cat?post=7143"},{"taxonomy":"product_tag","embeddable":true,"href":"https:\/\/gerajeune.com\/en\/wp-json\/wp\/v2\/product_tag?post=7143"}],"curies":[{"name":"wp","href":"https:\/\/api.w.org\/{rel}","templated":true}]}}