{"id":7147,"date":"2024-04-23T11:43:38","date_gmt":"2024-04-23T10:43:38","guid":{"rendered":"http:\/\/gerajeune.com\/?post_type=product&#038;p=7147"},"modified":"2024-10-30T17:40:35","modified_gmt":"2024-10-30T16:40:35","slug":"primer-visage","status":"publish","type":"product","link":"https:\/\/gerajeune.com\/en\/product\/primer-visage\/","title":{"rendered":"Face primer 15 ml"},"content":{"rendered":"<p>Face primer<\/p>\n<p><strong>Star ingredients:<\/strong><\/p>\n<p>hyaluronic acid, rosemary, vitamin E,<a href=\"https:\/\/fr.wikipedia.org\/wiki\/Huile_de_figue_de_Barbarie\"> prickly pear seed oil\u00a0<\/a><\/p>\n<p><strong>What is face primer?\u00a0<\/strong><\/p>\n<p>Its role is:<\/p>\n<ul>\n<li>reduce redness in sensitive skin<\/li>\n<li>add hydration<\/li>\n<li>reduce the appearance of enlarged pores<\/li>\n<li>blur imperfections and fine lines<\/li>\n<li>increase brightness and luminosity,<\/li>\n<li>mattify the skin<\/li>\n<li>control sebum<\/li>\n<li>improve the hold and application of makeup.<\/li>\n<\/ul>\n<p><strong>When do we put the primer on?\u00a0<\/strong><\/p>\n<p>daily usable Whether for the office or for a larger event<\/p>\n<p>usable for its special properties when makeup needs to last better and longer<\/p>\n<p><strong>How do you apply primer?<\/strong><\/p>\n<p>It is applied to the main areas of the face, and in particular to the chin, nose, forehead and cheekbones<\/p>\n<p><strong>Benefits of hyaluronic acid:\u00a0<\/strong><\/p>\n<ul>\n<li>improves hydration<\/li>\n<li>improves firmness<\/li>\n<li>reduces fine lines and wrinkles<\/li>\n<li>promotes healing and reconstruction of skin tissue following injury.<\/li>\n<\/ul>\n<p><strong>Benefits of rosemary:\u00a0<\/strong><\/p>\n<ul>\n<li>helps the skin fight against free radicals, responsible for premature aging<\/li>\n<li>stimulates collagen preventing the appearance of fine lines and wrinkles<\/li>\n<\/ul>\n<p><strong>Benefits of prickly pear seed oil:\u00a0<\/strong><\/p>\n<ul>\n<li>fights against skin aging and prevents the appearance of wrinkles and fine lines.<\/li>\n<li>fights against bags and dark circles<\/li>\n<li>Reduces age spots and pigmentation.<\/li>\n<\/ul>\n<p><strong>Ingredients :\u00a0<\/strong><\/p>\n<p>aqua, hyaluronic acid, opuntia ficusindica seed oil (barbary fig seed oil) simmondsia chinenis seed oil (jojoba oil) tocopherol, rosemary essential oil (rosmarinus officinalls leaf oil)<\/p>\n<p>discover the cream <a href=\"http:\/\/gerajeune.com\/en\/product\/elixir-hyaluronique\/\">Hyaluronic Elixir\u00a0<\/a><\/p>","protected":false},"excerpt":{"rendered":"<p>Primer visage Ingr\u00e9dients stars : acide hyaluronique , romarin , vitamine E , huile de pepins de figue de barbarie\u00a0 C&rsquo;est quoi le primer visage ?\u00a0 il a pour role : att\u00e9nuer les rougeurs d&rsquo;une peau sensible ajouter de l&rsquo;hydratation r\u00e9duire l&rsquo;apparence de pores dilat\u00e9s estomper les imperfections et les ridules augmenter l&rsquo;\u00e9clat et la luminosit\u00e9, matifier la peau contr\u00f4ler le s\u00e9bum am\u00e9liorer la tenue et l&rsquo;application du maquillage. Quand on met le primer ?\u00a0 utilisable quotidiennement Que ce soit pour le bureau ou pour un \u00e9v\u00e9nement plus important utilisable pour ses propri\u00e9t\u00e9s sp\u00e9ciales quand\u00a0le maquillage doit tenir mieux et plus longtemps Comment on met le primer ? il s&rsquo;applique sur les zones principales du visage, et en particulier sur le menton, le nez, le front et les pommettes Bienfaits d&rsquo;acide hyaluronique :\u00a0 am\u00e9liore l&rsquo;hydratation am\u00e9liore la fermet\u00e9 att\u00e9nue les rides et les ridules favorise la cicatrisation et la reconstruction du tissu cutan\u00e9 suite \u00e0 une l\u00e9sion. Bienfaits du romarin :\u00a0 aide\u00a0 la peau \u00e0 lutter contre les radicaux libres, responsables du vieillissement pr\u00e9matur\u00e9 stimule\u00a0 le collag\u00e8ne en pr\u00e9venant l&rsquo;apparition de rides et de ridules Bienfaits d&rsquo;huile de pepin de figue de barbarie :\u00a0 lutte contre le vieillissement cutan\u00e9 et pr\u00e9vient l&rsquo;apparition des rides et des ridules. lutte contre les poches et les cernes Att\u00e9nue les t\u00e2ches de vieillesse et de pigmentation. Ingr\u00e9dients :\u00a0 aqua ,hyaluronic acide , opuntia ficusindica seed oil(barbary fig seed oil)simmondsia chinenis seed oil (jojoba oil) tocopherol, rosemary essential oil (rosmarinus officinalls leaf oil) d\u00e9couvrez la cr\u00e8me Elixir hyaluronique\u00a0<\/p>","protected":false},"featured_media":10322,"comment_status":"open","ping_status":"closed","template":"","meta":{"_monsterinsights_skip_tracking":false,"_monsterinsights_sitenote_active":false,"_monsterinsights_sitenote_note":"","_monsterinsights_sitenote_category":0,"ocean_post_layout":"","ocean_both_sidebars_style":"","ocean_both_sidebars_content_width":0,"ocean_both_sidebars_sidebars_width":0,"ocean_sidebar":"0","ocean_second_sidebar":"0","ocean_disable_margins":"enable","ocean_add_body_class":"","ocean_shortcode_before_top_bar":"","ocean_shortcode_after_top_bar":"","ocean_shortcode_before_header":"","ocean_shortcode_after_header":"","ocean_has_shortcode":"","ocean_shortcode_after_title":"","ocean_shortcode_before_footer_widgets":"","ocean_shortcode_after_footer_widgets":"","ocean_shortcode_before_footer_bottom":"","ocean_shortcode_after_footer_bottom":"","ocean_display_top_bar":"default","ocean_display_header":"default","ocean_header_style":"","ocean_center_header_left_menu":"0","ocean_custom_header_template":"0","ocean_custom_logo":0,"ocean_custom_retina_logo":0,"ocean_custom_logo_max_width":0,"ocean_custom_logo_tablet_max_width":0,"ocean_custom_logo_mobile_max_width":0,"ocean_custom_logo_max_height":0,"ocean_custom_logo_tablet_max_height":0,"ocean_custom_logo_mobile_max_height":0,"ocean_header_custom_menu":"0","ocean_menu_typo_font_family":"0","ocean_menu_typo_font_subset":"","ocean_menu_typo_font_size":0,"ocean_menu_typo_font_size_tablet":0,"ocean_menu_typo_font_size_mobile":0,"ocean_menu_typo_font_size_unit":"px","ocean_menu_typo_font_weight":"","ocean_menu_typo_font_weight_tablet":"","ocean_menu_typo_font_weight_mobile":"","ocean_menu_typo_transform":"","ocean_menu_typo_transform_tablet":"","ocean_menu_typo_transform_mobile":"","ocean_menu_typo_line_height":0,"ocean_menu_typo_line_height_tablet":0,"ocean_menu_typo_line_height_mobile":0,"ocean_menu_typo_line_height_unit":"","ocean_menu_typo_spacing":0,"ocean_menu_typo_spacing_tablet":0,"ocean_menu_typo_spacing_mobile":0,"ocean_menu_typo_spacing_unit":"","ocean_menu_link_color":"","ocean_menu_link_color_hover":"","ocean_menu_link_color_active":"","ocean_menu_link_background":"","ocean_menu_link_hover_background":"","ocean_menu_link_active_background":"","ocean_menu_social_links_bg":"","ocean_menu_social_hover_links_bg":"","ocean_menu_social_links_color":"","ocean_menu_social_hover_links_color":"","ocean_disable_title":"default","ocean_disable_heading":"default","ocean_post_title":"","ocean_post_subheading":"","ocean_post_title_style":"","ocean_post_title_background_color":"","ocean_post_title_background":0,"ocean_post_title_bg_image_position":"","ocean_post_title_bg_image_attachment":"","ocean_post_title_bg_image_repeat":"","ocean_post_title_bg_image_size":"","ocean_post_title_height":0,"ocean_post_title_bg_overlay":0.5,"ocean_post_title_bg_overlay_color":"","ocean_disable_breadcrumbs":"default","ocean_breadcrumbs_color":"","ocean_breadcrumbs_separator_color":"","ocean_breadcrumbs_links_color":"","ocean_breadcrumbs_links_hover_color":"","ocean_display_footer_widgets":"default","ocean_display_footer_bottom":"default","ocean_custom_footer_template":"0","omw_enable_modal_window":"enable"},"product_brand":[],"product_cat":[56],"product_tag":[],"class_list":{"0":"post-7147","1":"product","2":"type-product","3":"status-publish","4":"has-post-thumbnail","6":"product_cat-soin-visage","8":"entry","9":"has-media","11":"first","12":"instock","13":"taxable","14":"shipping-taxable","15":"purchasable","16":"product-type-simple","17":"col","18":"span_1_of_3","19":"owp-content-center","20":"owp-thumbs-layout-horizontal","21":"owp-btn-normal","22":"owp-tabs-layout-horizontal","23":"has-no-thumbnails"},"yoast_head":"<!-- This site is optimized with the Yoast SEO plugin v27.0 - https:\/\/yoast.com\/product\/yoast-seo-wordpress\/ -->\n<title>Primer visage 15 ml - gerajeune<\/title>\n<meta name=\"description\" content=\"pr\u00e9parez votre peau avec le primer visage naturel riche acide hyaluronique ,vitamine E et l&#039;huile de pepins de figue de barbarie.\" \/>\n<meta name=\"robots\" content=\"index, follow, max-snippet:-1, max-image-preview:large, max-video-preview:-1\" \/>\n<link rel=\"canonical\" href=\"https:\/\/gerajeune.com\/en\/product\/primer-visage\/\" \/>\n<meta property=\"og:locale\" content=\"en_US\" \/>\n<meta property=\"og:type\" content=\"article\" \/>\n<meta property=\"og:title\" content=\"Primer visage 15 ml - gerajeune\" \/>\n<meta property=\"og:description\" content=\"pr\u00e9parez votre peau avec le primer visage naturel riche acide hyaluronique ,vitamine E et l&#039;huile de pepins de figue de barbarie.\" \/>\n<meta property=\"og:url\" content=\"https:\/\/gerajeune.com\/en\/product\/primer-visage\/\" \/>\n<meta property=\"og:site_name\" content=\"gerajeune\" \/>\n<meta property=\"article:publisher\" content=\"https:\/\/www.facebook.com\/gerajeune\" \/>\n<meta property=\"article:modified_time\" content=\"2024-10-30T16:40:35+00:00\" \/>\n<meta property=\"og:image\" content=\"https:\/\/gerajeune.com\/wp-content\/uploads\/2024\/06\/Fond-Blanc-11.png\" \/>\n\t<meta property=\"og:image:width\" content=\"1587\" \/>\n\t<meta property=\"og:image:height\" content=\"2245\" \/>\n\t<meta property=\"og:image:type\" content=\"image\/png\" \/>\n<meta name=\"twitter:card\" content=\"summary_large_image\" \/>\n<meta name=\"twitter:label1\" content=\"Est. reading time\" \/>\n\t<meta name=\"twitter:data1\" content=\"1 minute\" \/>\n<script type=\"application\/ld+json\" class=\"yoast-schema-graph\">{\"@context\":\"https:\/\/schema.org\",\"@graph\":[{\"@type\":\"WebPage\",\"@id\":\"https:\/\/gerajeune.com\/produit\/primer-visage\/\",\"url\":\"https:\/\/gerajeune.com\/produit\/primer-visage\/\",\"name\":\"Primer visage 15 ml - gerajeune\",\"isPartOf\":{\"@id\":\"https:\/\/gerajeune.com\/#website\"},\"primaryImageOfPage\":{\"@id\":\"https:\/\/gerajeune.com\/produit\/primer-visage\/#primaryimage\"},\"image\":{\"@id\":\"https:\/\/gerajeune.com\/produit\/primer-visage\/#primaryimage\"},\"thumbnailUrl\":\"https:\/\/gerajeune.com\/wp-content\/uploads\/2024\/06\/Fond-Blanc-11.png\",\"datePublished\":\"2024-04-23T10:43:38+00:00\",\"dateModified\":\"2024-10-30T16:40:35+00:00\",\"description\":\"pr\u00e9parez votre peau avec le primer visage naturel riche acide hyaluronique ,vitamine E et l'huile de pepins de figue de barbarie.\",\"breadcrumb\":{\"@id\":\"https:\/\/gerajeune.com\/produit\/primer-visage\/#breadcrumb\"},\"inLanguage\":\"en-US\",\"potentialAction\":[{\"@type\":\"ReadAction\",\"target\":[\"https:\/\/gerajeune.com\/produit\/primer-visage\/\"]}]},{\"@type\":\"ImageObject\",\"inLanguage\":\"en-US\",\"@id\":\"https:\/\/gerajeune.com\/produit\/primer-visage\/#primaryimage\",\"url\":\"https:\/\/gerajeune.com\/wp-content\/uploads\/2024\/06\/Fond-Blanc-11.png\",\"contentUrl\":\"https:\/\/gerajeune.com\/wp-content\/uploads\/2024\/06\/Fond-Blanc-11.png\",\"width\":1587,\"height\":2245},{\"@type\":\"BreadcrumbList\",\"@id\":\"https:\/\/gerajeune.com\/produit\/primer-visage\/#breadcrumb\",\"itemListElement\":[{\"@type\":\"ListItem\",\"position\":1,\"name\":\"Accueil\",\"item\":\"https:\/\/gerajeune.com\/\"},{\"@type\":\"ListItem\",\"position\":2,\"name\":\"Produits\",\"item\":\"https:\/\/gerajeune.com\/__trashed-6\/\"},{\"@type\":\"ListItem\",\"position\":3,\"name\":\"Primer visage 15 ml\"}]},{\"@type\":\"WebSite\",\"@id\":\"https:\/\/gerajeune.com\/#website\",\"url\":\"https:\/\/gerajeune.com\/\",\"name\":\"gerajeune\",\"description\":\"Naturellement belle, visiblement jeune\",\"publisher\":{\"@id\":\"https:\/\/gerajeune.com\/#organization\"},\"potentialAction\":[{\"@type\":\"SearchAction\",\"target\":{\"@type\":\"EntryPoint\",\"urlTemplate\":\"https:\/\/gerajeune.com\/?s={search_term_string}\"},\"query-input\":{\"@type\":\"PropertyValueSpecification\",\"valueRequired\":true,\"valueName\":\"search_term_string\"}}],\"inLanguage\":\"en-US\"},{\"@type\":\"Organization\",\"@id\":\"https:\/\/gerajeune.com\/#organization\",\"name\":\"gerajeune\",\"url\":\"https:\/\/gerajeune.com\/\",\"logo\":{\"@type\":\"ImageObject\",\"inLanguage\":\"en-US\",\"@id\":\"https:\/\/gerajeune.com\/#\/schema\/logo\/image\/\",\"url\":\"http:\/\/gerajeune.com\/wp-content\/uploads\/2021\/12\/cropped-logo-modifier-1-e1645608409226.png\",\"contentUrl\":\"http:\/\/gerajeune.com\/wp-content\/uploads\/2021\/12\/cropped-logo-modifier-1-e1645608409226.png\",\"width\":250,\"height\":120,\"caption\":\"gerajeune\"},\"image\":{\"@id\":\"https:\/\/gerajeune.com\/#\/schema\/logo\/image\/\"},\"sameAs\":[\"https:\/\/www.facebook.com\/gerajeune\",\"https:\/\/www.instagram.com\/gerajeune\/reels\/?hl=fr\"]}]}<\/script>\n<!-- \/ Yoast SEO plugin. -->","yoast_head_json":{"title":"Primer visage 15 ml - gerajeune","description":"pr\u00e9parez votre peau avec le primer visage naturel riche acide hyaluronique ,vitamine E et l'huile de pepins de figue de barbarie.","robots":{"index":"index","follow":"follow","max-snippet":"max-snippet:-1","max-image-preview":"max-image-preview:large","max-video-preview":"max-video-preview:-1"},"canonical":"https:\/\/gerajeune.com\/en\/product\/primer-visage\/","og_locale":"en_US","og_type":"article","og_title":"Primer visage 15 ml - gerajeune","og_description":"pr\u00e9parez votre peau avec le primer visage naturel riche acide hyaluronique ,vitamine E et l'huile de pepins de figue de barbarie.","og_url":"https:\/\/gerajeune.com\/en\/product\/primer-visage\/","og_site_name":"gerajeune","article_publisher":"https:\/\/www.facebook.com\/gerajeune","article_modified_time":"2024-10-30T16:40:35+00:00","og_image":[{"width":1587,"height":2245,"url":"https:\/\/gerajeune.com\/wp-content\/uploads\/2024\/06\/Fond-Blanc-11.png","type":"image\/png"}],"twitter_card":"summary_large_image","twitter_misc":{"Est. reading time":"1 minute"},"schema":{"@context":"https:\/\/schema.org","@graph":[{"@type":"WebPage","@id":"https:\/\/gerajeune.com\/produit\/primer-visage\/","url":"https:\/\/gerajeune.com\/produit\/primer-visage\/","name":"Primer visage 15 ml - gerajeune","isPartOf":{"@id":"https:\/\/gerajeune.com\/#website"},"primaryImageOfPage":{"@id":"https:\/\/gerajeune.com\/produit\/primer-visage\/#primaryimage"},"image":{"@id":"https:\/\/gerajeune.com\/produit\/primer-visage\/#primaryimage"},"thumbnailUrl":"https:\/\/gerajeune.com\/wp-content\/uploads\/2024\/06\/Fond-Blanc-11.png","datePublished":"2024-04-23T10:43:38+00:00","dateModified":"2024-10-30T16:40:35+00:00","description":"pr\u00e9parez votre peau avec le primer visage naturel riche acide hyaluronique ,vitamine E et l'huile de pepins de figue de barbarie.","breadcrumb":{"@id":"https:\/\/gerajeune.com\/produit\/primer-visage\/#breadcrumb"},"inLanguage":"en-US","potentialAction":[{"@type":"ReadAction","target":["https:\/\/gerajeune.com\/produit\/primer-visage\/"]}]},{"@type":"ImageObject","inLanguage":"en-US","@id":"https:\/\/gerajeune.com\/produit\/primer-visage\/#primaryimage","url":"https:\/\/gerajeune.com\/wp-content\/uploads\/2024\/06\/Fond-Blanc-11.png","contentUrl":"https:\/\/gerajeune.com\/wp-content\/uploads\/2024\/06\/Fond-Blanc-11.png","width":1587,"height":2245},{"@type":"BreadcrumbList","@id":"https:\/\/gerajeune.com\/produit\/primer-visage\/#breadcrumb","itemListElement":[{"@type":"ListItem","position":1,"name":"Accueil","item":"https:\/\/gerajeune.com\/"},{"@type":"ListItem","position":2,"name":"Produits","item":"https:\/\/gerajeune.com\/__trashed-6\/"},{"@type":"ListItem","position":3,"name":"Primer visage 15 ml"}]},{"@type":"WebSite","@id":"https:\/\/gerajeune.com\/#website","url":"https:\/\/gerajeune.com\/","name":"gerajeune","description":"Naturally beautiful, visibly young","publisher":{"@id":"https:\/\/gerajeune.com\/#organization"},"potentialAction":[{"@type":"SearchAction","target":{"@type":"EntryPoint","urlTemplate":"https:\/\/gerajeune.com\/?s={search_term_string}"},"query-input":{"@type":"PropertyValueSpecification","valueRequired":true,"valueName":"search_term_string"}}],"inLanguage":"en-US"},{"@type":"Organization","@id":"https:\/\/gerajeune.com\/#organization","name":"gerajeune","url":"https:\/\/gerajeune.com\/","logo":{"@type":"ImageObject","inLanguage":"en-US","@id":"https:\/\/gerajeune.com\/#\/schema\/logo\/image\/","url":"http:\/\/gerajeune.com\/wp-content\/uploads\/2021\/12\/cropped-logo-modifier-1-e1645608409226.png","contentUrl":"http:\/\/gerajeune.com\/wp-content\/uploads\/2021\/12\/cropped-logo-modifier-1-e1645608409226.png","width":250,"height":120,"caption":"gerajeune"},"image":{"@id":"https:\/\/gerajeune.com\/#\/schema\/logo\/image\/"},"sameAs":["https:\/\/www.facebook.com\/gerajeune","https:\/\/www.instagram.com\/gerajeune\/reels\/?hl=fr"]}]}},"jetpack_sharing_enabled":true,"_links":{"self":[{"href":"https:\/\/gerajeune.com\/en\/wp-json\/wp\/v2\/product\/7147","targetHints":{"allow":["GET"]}}],"collection":[{"href":"https:\/\/gerajeune.com\/en\/wp-json\/wp\/v2\/product"}],"about":[{"href":"https:\/\/gerajeune.com\/en\/wp-json\/wp\/v2\/types\/product"}],"replies":[{"embeddable":true,"href":"https:\/\/gerajeune.com\/en\/wp-json\/wp\/v2\/comments?post=7147"}],"version-history":[{"count":3,"href":"https:\/\/gerajeune.com\/en\/wp-json\/wp\/v2\/product\/7147\/revisions"}],"predecessor-version":[{"id":9479,"href":"https:\/\/gerajeune.com\/en\/wp-json\/wp\/v2\/product\/7147\/revisions\/9479"}],"wp:featuredmedia":[{"embeddable":true,"href":"https:\/\/gerajeune.com\/en\/wp-json\/wp\/v2\/media\/10322"}],"wp:attachment":[{"href":"https:\/\/gerajeune.com\/en\/wp-json\/wp\/v2\/media?parent=7147"}],"wp:term":[{"taxonomy":"product_brand","embeddable":true,"href":"https:\/\/gerajeune.com\/en\/wp-json\/wp\/v2\/product_brand?post=7147"},{"taxonomy":"product_cat","embeddable":true,"href":"https:\/\/gerajeune.com\/en\/wp-json\/wp\/v2\/product_cat?post=7147"},{"taxonomy":"product_tag","embeddable":true,"href":"https:\/\/gerajeune.com\/en\/wp-json\/wp\/v2\/product_tag?post=7147"}],"curies":[{"name":"wp","href":"https:\/\/api.w.org\/{rel}","templated":true}]}}