{"id":7158,"date":"2024-04-23T16:48:36","date_gmt":"2024-04-23T15:48:36","guid":{"rendered":"http:\/\/gerajeune.com\/?post_type=product&#038;p=7158"},"modified":"2024-08-17T23:36:51","modified_gmt":"2024-08-17T22:36:51","slug":"huile-essentielle-darbre-a-the","status":"publish","type":"product","link":"https:\/\/gerajeune.com\/en\/product\/huile-essentielle-darbre-a-the\/","title":{"rendered":"Tea tree essential oil"},"content":{"rendered":"<p>Tea tree essential oil<\/p>\n<p><strong>What are the benefits of tea tree essential oil?\u00a0<\/strong><\/p>\n<ul>\n<li>has antibacterial, anti-infectious properties, <a href=\"https:\/\/fr.wikipedia.org\/wiki\/Antiviral\">antivirals<\/a>, disinfectants<\/li>\n<li>\u00a0strengthens the immune system<\/li>\n<li>protects skin against acne, sunburn<\/li>\n<li>\u00a0antiparasitic, antispasmodic, immunostimulant, antifungal and antiseptic<\/li>\n<li>reputed\u00a0<em>For<\/em>\u00a0care of\u00a0<em>skins<\/em>\u00a0to imperfections<\/li>\n<li>relieves skin infections such as fungus, abscesses and boils<\/li>\n<li>a good remedy for dandruff, oily hair<\/li>\n<li>tones the scalp.<\/li>\n<li class=\"TrT0Xe\">Can also improve the preservation of your emulsions and other aqueous cosmetic preparations.<\/li>\n<\/ul>\n<p><strong>How to use it?<\/strong><\/p>\n<p>You can mix 5 to 6 drops of essential oil with a light face cream, and apply it all over your face.<\/p>\n<p>you can also add it to your shampoo or shower gel<\/p>\n<p>you can dilute it in a carrier oil like olive oil, coconut oil or <a href=\"http:\/\/gerajeune.com\/en\/product\/huile-damande-douce-2\/\">almond oil.<\/a><\/p>","protected":false},"excerpt":{"rendered":"<p>Huile essentielle d&rsquo;arbre \u00e0 th\u00e9 Quels sont les bienfaits d&rsquo;huile essentielle d&rsquo;arbre \u00e0 th\u00e9 ?\u00a0 a des propri\u00e9t\u00e9s antibact\u00e9riennes, anti-infectieuses, antivirales, d\u00e9sinfectantes \u00a0renforce les d\u00e9fenses immunitaires prot\u00e8ge la peau contre l&rsquo;acn\u00e9, les coups de soleil \u00a0antiparasitaire, antispasmodique, immunostimulant, antifongique et antiseptique r\u00e9put\u00e9e\u00a0pour\u00a0le soin des\u00a0peaux\u00a0\u00e0 imperfections soulage les infections de la peau comme les mycoses, abc\u00e8s et furoncles un bon rem\u00e8de aux pellicules, cheveux gras tonifie le cuir chevelu. Peut \u00e9galement am\u00e9liorer la conservation de vos \u00e9mulsions et autres pr\u00e9parations\u00a0cosm\u00e9tiques\u00a0aqueuses. Comment l&rsquo;utiliser ? Vous pouvez\u00a0 m\u00e9langer 5 \u00e0 6 gouttes d&rsquo;huile essentielle\u00a0 \u00e0 une cr\u00e8me pour visage l\u00e9g\u00e8re, et l&rsquo;appliquer sur l&rsquo;ensemble de votre visage. vous pouvez l&rsquo;ajouter \u00e9galement dans votre shampooing ou gel douche vous pouvez\u00a0 \u00a0la diluer dans une huile support \u00a0comme l&rsquo;huile d&rsquo;olive, l&rsquo;huile de noix de coco ou l&rsquo;huile d&rsquo;amande.<\/p>","protected":false},"featured_media":10237,"comment_status":"open","ping_status":"closed","template":"","meta":{"_monsterinsights_skip_tracking":false,"_monsterinsights_sitenote_active":false,"_monsterinsights_sitenote_note":"","_monsterinsights_sitenote_category":0,"ocean_post_layout":"","ocean_both_sidebars_style":"","ocean_both_sidebars_content_width":0,"ocean_both_sidebars_sidebars_width":0,"ocean_sidebar":"0","ocean_second_sidebar":"0","ocean_disable_margins":"enable","ocean_add_body_class":"","ocean_shortcode_before_top_bar":"","ocean_shortcode_after_top_bar":"","ocean_shortcode_before_header":"","ocean_shortcode_after_header":"","ocean_has_shortcode":"","ocean_shortcode_after_title":"","ocean_shortcode_before_footer_widgets":"","ocean_shortcode_after_footer_widgets":"","ocean_shortcode_before_footer_bottom":"","ocean_shortcode_after_footer_bottom":"","ocean_display_top_bar":"default","ocean_display_header":"default","ocean_header_style":"","ocean_center_header_left_menu":"0","ocean_custom_header_template":"0","ocean_custom_logo":0,"ocean_custom_retina_logo":0,"ocean_custom_logo_max_width":0,"ocean_custom_logo_tablet_max_width":0,"ocean_custom_logo_mobile_max_width":0,"ocean_custom_logo_max_height":0,"ocean_custom_logo_tablet_max_height":0,"ocean_custom_logo_mobile_max_height":0,"ocean_header_custom_menu":"0","ocean_menu_typo_font_family":"0","ocean_menu_typo_font_subset":"","ocean_menu_typo_font_size":0,"ocean_menu_typo_font_size_tablet":0,"ocean_menu_typo_font_size_mobile":0,"ocean_menu_typo_font_size_unit":"px","ocean_menu_typo_font_weight":"","ocean_menu_typo_font_weight_tablet":"","ocean_menu_typo_font_weight_mobile":"","ocean_menu_typo_transform":"","ocean_menu_typo_transform_tablet":"","ocean_menu_typo_transform_mobile":"","ocean_menu_typo_line_height":0,"ocean_menu_typo_line_height_tablet":0,"ocean_menu_typo_line_height_mobile":0,"ocean_menu_typo_line_height_unit":"","ocean_menu_typo_spacing":0,"ocean_menu_typo_spacing_tablet":0,"ocean_menu_typo_spacing_mobile":0,"ocean_menu_typo_spacing_unit":"","ocean_menu_link_color":"","ocean_menu_link_color_hover":"","ocean_menu_link_color_active":"","ocean_menu_link_background":"","ocean_menu_link_hover_background":"","ocean_menu_link_active_background":"","ocean_menu_social_links_bg":"","ocean_menu_social_hover_links_bg":"","ocean_menu_social_links_color":"","ocean_menu_social_hover_links_color":"","ocean_disable_title":"default","ocean_disable_heading":"default","ocean_post_title":"","ocean_post_subheading":"","ocean_post_title_style":"","ocean_post_title_background_color":"","ocean_post_title_background":0,"ocean_post_title_bg_image_position":"","ocean_post_title_bg_image_attachment":"","ocean_post_title_bg_image_repeat":"","ocean_post_title_bg_image_size":"","ocean_post_title_height":0,"ocean_post_title_bg_overlay":0.5,"ocean_post_title_bg_overlay_color":"","ocean_disable_breadcrumbs":"default","ocean_breadcrumbs_color":"","ocean_breadcrumbs_separator_color":"","ocean_breadcrumbs_links_color":"","ocean_breadcrumbs_links_hover_color":"","ocean_display_footer_widgets":"default","ocean_display_footer_bottom":"default","ocean_custom_footer_template":"0","omw_enable_modal_window":"enable"},"product_brand":[],"product_cat":[163,56],"product_tag":[],"class_list":{"0":"post-7158","1":"product","2":"type-product","3":"status-publish","4":"has-post-thumbnail","6":"product_cat-herboristerie","7":"product_cat-soin-visage","9":"entry","10":"has-media","12":"first","13":"instock","14":"taxable","15":"shipping-taxable","16":"purchasable","17":"product-type-simple","18":"col","19":"span_1_of_3","20":"owp-content-center","21":"owp-thumbs-layout-horizontal","22":"owp-btn-normal","23":"owp-tabs-layout-horizontal","24":"has-no-thumbnails"},"yoast_head":"<!-- This site is optimized with the Yoast SEO plugin v27.0 - https:\/\/yoast.com\/product\/yoast-seo-wordpress\/ -->\n<title>Huile essentielle d&#039;arbre \u00e0 th\u00e9 - gerajeune<\/title>\n<meta name=\"description\" content=\"Assainissante et protectrice , l&#039;huile essentielle d&#039;arbre \u00e0 th\u00e9 100 % pure et 100% naturelle a de nombreux avantages pour la peau .\" \/>\n<meta name=\"robots\" content=\"index, follow, max-snippet:-1, max-image-preview:large, max-video-preview:-1\" \/>\n<link rel=\"canonical\" href=\"https:\/\/gerajeune.com\/en\/product\/huile-essentielle-darbre-a-the\/\" \/>\n<meta property=\"og:locale\" content=\"en_US\" \/>\n<meta property=\"og:type\" content=\"article\" \/>\n<meta property=\"og:title\" content=\"Huile essentielle d&#039;arbre \u00e0 th\u00e9 - gerajeune\" \/>\n<meta property=\"og:description\" content=\"Assainissante et protectrice , l&#039;huile essentielle d&#039;arbre \u00e0 th\u00e9 100 % pure et 100% naturelle a de nombreux avantages pour la peau .\" \/>\n<meta property=\"og:url\" content=\"https:\/\/gerajeune.com\/en\/product\/huile-essentielle-darbre-a-the\/\" \/>\n<meta property=\"og:site_name\" content=\"gerajeune\" \/>\n<meta property=\"article:publisher\" content=\"https:\/\/www.facebook.com\/gerajeune\" \/>\n<meta property=\"article:modified_time\" content=\"2024-08-17T22:36:51+00:00\" \/>\n<meta property=\"og:image\" content=\"https:\/\/gerajeune.com\/wp-content\/uploads\/2024\/06\/huileThe-1.png\" \/>\n\t<meta property=\"og:image:width\" content=\"1587\" \/>\n\t<meta property=\"og:image:height\" content=\"2245\" \/>\n\t<meta property=\"og:image:type\" content=\"image\/png\" \/>\n<meta name=\"twitter:card\" content=\"summary_large_image\" \/>\n<meta name=\"twitter:label1\" content=\"Est. reading time\" \/>\n\t<meta name=\"twitter:data1\" content=\"1 minute\" \/>\n<script type=\"application\/ld+json\" class=\"yoast-schema-graph\">{\"@context\":\"https:\/\/schema.org\",\"@graph\":[{\"@type\":\"WebPage\",\"@id\":\"https:\/\/gerajeune.com\/ar\/product\/huile-essentielle-darbre-a-the\/\",\"url\":\"https:\/\/gerajeune.com\/ar\/product\/huile-essentielle-darbre-a-the\/\",\"name\":\"Huile essentielle d'arbre \u00e0 th\u00e9 - gerajeune\",\"isPartOf\":{\"@id\":\"https:\/\/gerajeune.com\/#website\"},\"primaryImageOfPage\":{\"@id\":\"https:\/\/gerajeune.com\/ar\/product\/huile-essentielle-darbre-a-the\/#primaryimage\"},\"image\":{\"@id\":\"https:\/\/gerajeune.com\/ar\/product\/huile-essentielle-darbre-a-the\/#primaryimage\"},\"thumbnailUrl\":\"https:\/\/gerajeune.com\/wp-content\/uploads\/2024\/06\/huileThe-1.png\",\"datePublished\":\"2024-04-23T15:48:36+00:00\",\"dateModified\":\"2024-08-17T22:36:51+00:00\",\"description\":\"Assainissante et protectrice , l'huile essentielle d'arbre \u00e0 th\u00e9 100 % pure et 100% naturelle a de nombreux avantages pour la peau .\",\"breadcrumb\":{\"@id\":\"https:\/\/gerajeune.com\/ar\/product\/huile-essentielle-darbre-a-the\/#breadcrumb\"},\"inLanguage\":\"en-US\",\"potentialAction\":[{\"@type\":\"ReadAction\",\"target\":[\"https:\/\/gerajeune.com\/ar\/product\/huile-essentielle-darbre-a-the\/\"]}]},{\"@type\":\"ImageObject\",\"inLanguage\":\"en-US\",\"@id\":\"https:\/\/gerajeune.com\/ar\/product\/huile-essentielle-darbre-a-the\/#primaryimage\",\"url\":\"https:\/\/gerajeune.com\/wp-content\/uploads\/2024\/06\/huileThe-1.png\",\"contentUrl\":\"https:\/\/gerajeune.com\/wp-content\/uploads\/2024\/06\/huileThe-1.png\",\"width\":1587,\"height\":2245},{\"@type\":\"BreadcrumbList\",\"@id\":\"https:\/\/gerajeune.com\/ar\/product\/huile-essentielle-darbre-a-the\/#breadcrumb\",\"itemListElement\":[{\"@type\":\"ListItem\",\"position\":1,\"name\":\"Accueil\",\"item\":\"https:\/\/gerajeune.com\/\"},{\"@type\":\"ListItem\",\"position\":2,\"name\":\"Produits\",\"item\":\"https:\/\/gerajeune.com\/__trashed-6\/\"},{\"@type\":\"ListItem\",\"position\":3,\"name\":\"Huile essentielle d&rsquo;arbre \u00e0 th\u00e9\"}]},{\"@type\":\"WebSite\",\"@id\":\"https:\/\/gerajeune.com\/#website\",\"url\":\"https:\/\/gerajeune.com\/\",\"name\":\"gerajeune\",\"description\":\"Naturellement belle, visiblement jeune\",\"publisher\":{\"@id\":\"https:\/\/gerajeune.com\/#organization\"},\"potentialAction\":[{\"@type\":\"SearchAction\",\"target\":{\"@type\":\"EntryPoint\",\"urlTemplate\":\"https:\/\/gerajeune.com\/?s={search_term_string}\"},\"query-input\":{\"@type\":\"PropertyValueSpecification\",\"valueRequired\":true,\"valueName\":\"search_term_string\"}}],\"inLanguage\":\"en-US\"},{\"@type\":\"Organization\",\"@id\":\"https:\/\/gerajeune.com\/#organization\",\"name\":\"gerajeune\",\"url\":\"https:\/\/gerajeune.com\/\",\"logo\":{\"@type\":\"ImageObject\",\"inLanguage\":\"en-US\",\"@id\":\"https:\/\/gerajeune.com\/#\/schema\/logo\/image\/\",\"url\":\"http:\/\/gerajeune.com\/wp-content\/uploads\/2021\/12\/cropped-logo-modifier-1-e1645608409226.png\",\"contentUrl\":\"http:\/\/gerajeune.com\/wp-content\/uploads\/2021\/12\/cropped-logo-modifier-1-e1645608409226.png\",\"width\":250,\"height\":120,\"caption\":\"gerajeune\"},\"image\":{\"@id\":\"https:\/\/gerajeune.com\/#\/schema\/logo\/image\/\"},\"sameAs\":[\"https:\/\/www.facebook.com\/gerajeune\",\"https:\/\/www.instagram.com\/gerajeune\/reels\/?hl=fr\"]}]}<\/script>\n<!-- \/ Yoast SEO plugin. -->","yoast_head_json":{"title":"Huile essentielle d'arbre \u00e0 th\u00e9 - gerajeune","description":"Assainissante et protectrice , l'huile essentielle d'arbre \u00e0 th\u00e9 100 % pure et 100% naturelle a de nombreux avantages pour la peau .","robots":{"index":"index","follow":"follow","max-snippet":"max-snippet:-1","max-image-preview":"max-image-preview:large","max-video-preview":"max-video-preview:-1"},"canonical":"https:\/\/gerajeune.com\/en\/product\/huile-essentielle-darbre-a-the\/","og_locale":"en_US","og_type":"article","og_title":"Huile essentielle d'arbre \u00e0 th\u00e9 - gerajeune","og_description":"Assainissante et protectrice , l'huile essentielle d'arbre \u00e0 th\u00e9 100 % pure et 100% naturelle a de nombreux avantages pour la peau .","og_url":"https:\/\/gerajeune.com\/en\/product\/huile-essentielle-darbre-a-the\/","og_site_name":"gerajeune","article_publisher":"https:\/\/www.facebook.com\/gerajeune","article_modified_time":"2024-08-17T22:36:51+00:00","og_image":[{"width":1587,"height":2245,"url":"https:\/\/gerajeune.com\/wp-content\/uploads\/2024\/06\/huileThe-1.png","type":"image\/png"}],"twitter_card":"summary_large_image","twitter_misc":{"Est. reading time":"1 minute"},"schema":{"@context":"https:\/\/schema.org","@graph":[{"@type":"WebPage","@id":"https:\/\/gerajeune.com\/ar\/product\/huile-essentielle-darbre-a-the\/","url":"https:\/\/gerajeune.com\/ar\/product\/huile-essentielle-darbre-a-the\/","name":"Huile essentielle d'arbre \u00e0 th\u00e9 - gerajeune","isPartOf":{"@id":"https:\/\/gerajeune.com\/#website"},"primaryImageOfPage":{"@id":"https:\/\/gerajeune.com\/ar\/product\/huile-essentielle-darbre-a-the\/#primaryimage"},"image":{"@id":"https:\/\/gerajeune.com\/ar\/product\/huile-essentielle-darbre-a-the\/#primaryimage"},"thumbnailUrl":"https:\/\/gerajeune.com\/wp-content\/uploads\/2024\/06\/huileThe-1.png","datePublished":"2024-04-23T15:48:36+00:00","dateModified":"2024-08-17T22:36:51+00:00","description":"Assainissante et protectrice , l'huile essentielle d'arbre \u00e0 th\u00e9 100 % pure et 100% naturelle a de nombreux avantages pour la peau .","breadcrumb":{"@id":"https:\/\/gerajeune.com\/ar\/product\/huile-essentielle-darbre-a-the\/#breadcrumb"},"inLanguage":"en-US","potentialAction":[{"@type":"ReadAction","target":["https:\/\/gerajeune.com\/ar\/product\/huile-essentielle-darbre-a-the\/"]}]},{"@type":"ImageObject","inLanguage":"en-US","@id":"https:\/\/gerajeune.com\/ar\/product\/huile-essentielle-darbre-a-the\/#primaryimage","url":"https:\/\/gerajeune.com\/wp-content\/uploads\/2024\/06\/huileThe-1.png","contentUrl":"https:\/\/gerajeune.com\/wp-content\/uploads\/2024\/06\/huileThe-1.png","width":1587,"height":2245},{"@type":"BreadcrumbList","@id":"https:\/\/gerajeune.com\/ar\/product\/huile-essentielle-darbre-a-the\/#breadcrumb","itemListElement":[{"@type":"ListItem","position":1,"name":"Accueil","item":"https:\/\/gerajeune.com\/"},{"@type":"ListItem","position":2,"name":"Produits","item":"https:\/\/gerajeune.com\/__trashed-6\/"},{"@type":"ListItem","position":3,"name":"Huile essentielle d&rsquo;arbre \u00e0 th\u00e9"}]},{"@type":"WebSite","@id":"https:\/\/gerajeune.com\/#website","url":"https:\/\/gerajeune.com\/","name":"gerajeune","description":"Naturally beautiful, visibly young","publisher":{"@id":"https:\/\/gerajeune.com\/#organization"},"potentialAction":[{"@type":"SearchAction","target":{"@type":"EntryPoint","urlTemplate":"https:\/\/gerajeune.com\/?s={search_term_string}"},"query-input":{"@type":"PropertyValueSpecification","valueRequired":true,"valueName":"search_term_string"}}],"inLanguage":"en-US"},{"@type":"Organization","@id":"https:\/\/gerajeune.com\/#organization","name":"gerajeune","url":"https:\/\/gerajeune.com\/","logo":{"@type":"ImageObject","inLanguage":"en-US","@id":"https:\/\/gerajeune.com\/#\/schema\/logo\/image\/","url":"http:\/\/gerajeune.com\/wp-content\/uploads\/2021\/12\/cropped-logo-modifier-1-e1645608409226.png","contentUrl":"http:\/\/gerajeune.com\/wp-content\/uploads\/2021\/12\/cropped-logo-modifier-1-e1645608409226.png","width":250,"height":120,"caption":"gerajeune"},"image":{"@id":"https:\/\/gerajeune.com\/#\/schema\/logo\/image\/"},"sameAs":["https:\/\/www.facebook.com\/gerajeune","https:\/\/www.instagram.com\/gerajeune\/reels\/?hl=fr"]}]}},"jetpack_sharing_enabled":true,"_links":{"self":[{"href":"https:\/\/gerajeune.com\/en\/wp-json\/wp\/v2\/product\/7158","targetHints":{"allow":["GET"]}}],"collection":[{"href":"https:\/\/gerajeune.com\/en\/wp-json\/wp\/v2\/product"}],"about":[{"href":"https:\/\/gerajeune.com\/en\/wp-json\/wp\/v2\/types\/product"}],"replies":[{"embeddable":true,"href":"https:\/\/gerajeune.com\/en\/wp-json\/wp\/v2\/comments?post=7158"}],"version-history":[{"count":1,"href":"https:\/\/gerajeune.com\/en\/wp-json\/wp\/v2\/product\/7158\/revisions"}],"predecessor-version":[{"id":7159,"href":"https:\/\/gerajeune.com\/en\/wp-json\/wp\/v2\/product\/7158\/revisions\/7159"}],"wp:featuredmedia":[{"embeddable":true,"href":"https:\/\/gerajeune.com\/en\/wp-json\/wp\/v2\/media\/10237"}],"wp:attachment":[{"href":"https:\/\/gerajeune.com\/en\/wp-json\/wp\/v2\/media?parent=7158"}],"wp:term":[{"taxonomy":"product_brand","embeddable":true,"href":"https:\/\/gerajeune.com\/en\/wp-json\/wp\/v2\/product_brand?post=7158"},{"taxonomy":"product_cat","embeddable":true,"href":"https:\/\/gerajeune.com\/en\/wp-json\/wp\/v2\/product_cat?post=7158"},{"taxonomy":"product_tag","embeddable":true,"href":"https:\/\/gerajeune.com\/en\/wp-json\/wp\/v2\/product_tag?post=7158"}],"curies":[{"name":"wp","href":"https:\/\/api.w.org\/{rel}","templated":true}]}}