{"id":8186,"date":"2024-06-11T19:58:02","date_gmt":"2024-06-11T18:58:02","guid":{"rendered":"http:\/\/gerajeune.com\/?post_type=product&#038;p=8186"},"modified":"2025-03-03T17:20:37","modified_gmt":"2025-03-03T16:20:37","slug":"natural-eye-shadow-3","status":"publish","type":"product","link":"https:\/\/gerajeune.com\/en\/product\/natural-eye-shadow-3\/","title":{"rendered":"Natural eye shadow"},"content":{"rendered":"<p>Natural Eye Shadow<\/p>\n<h4><strong>What characterizes our Eye Shadow?<\/strong><\/h4>\n<ul>\n<li>Natural origins<\/li>\n<li>Do not cause any danger to<a href=\"https:\/\/fr.wikipedia.org\/wiki\/La_Peau\"> the skin<\/a><\/li>\n<li>Nourishing based on avocado, seed oil, prickly pear oil.<\/li>\n<li>Pigmented<\/li>\n<li>Assorted colors<\/li>\n<li>Unbeatable quality and price<\/li>\n<\/ul>\n<h4><strong>composition :\u00a0<\/strong><\/h4>\n<ul>\n<li>avocado: rich in vitamin E, it protects and hydrates the epidermis<\/li>\n<li>prickly pear seed oil: contains omega-6 which helps rehydrate the skin. It tones, densifies and nourishes the epidermis, helps erase wrinkles, prevent their appearance and fight against sagging skin<\/li>\n<\/ul>\n<h4><strong>criteria for choosing an Eye Shadow:<\/strong><\/h4>\n<p>Choose a natural eyeshadow for healthy skin. It provides a nourishing, shiny, natural effect and provides an intense finish and long-lasting hold and promotes hydration of the area.<\/p>\n<h4><strong>How to choose the right Eye Shadow?<\/strong><\/h4>\n<ul>\n<li>The darker your eyes, the more purple the eyeshadow will be.<\/li>\n<li>Brown Eyes: Brown eyes can wear any color!<\/li>\n<li>On the other hand, if your eyes tend towards hazel, opt for warm colors such as copper, gold, and bronze colors.<\/li>\n<\/ul>\n<h4><strong>How to make the Eye Shadow last?<\/strong><\/h4>\n<p>Pour one or two drops of water onto your brush before applying the eyeshadow you want to use to make up your eyes. And if you have sensitive skin, don&#039;t hesitate to use rose water or thermal water<\/p>\n<h4><strong>How can Eye Shadow transform your look?<\/strong><\/h4>\n<ul>\n<li>By adding color, it brings an extra dimension to your look.<\/li>\n<li>It brings out the natural color of your eyes and highlights them.<\/li>\n<\/ul>\n<h4><strong>What are the additional benefits of Eye Shadow?<\/strong><\/h4>\n<ul>\n<li>Helps to conceal imperfections.<\/li>\n<li>Gives the illusion of a larger or smaller eyelid, depending on how you apply it<\/li>\n<\/ul>\n<h4><strong>Complete your look with our selection of natural makeup:\u00a0<\/strong><\/h4>\n<ul>\n<li><a href=\"http:\/\/gerajeune.com\/en\/product\/natural-lip-gloss-15ml\/\">lip gloss<\/a><\/li>\n<li><a href=\"http:\/\/gerajeune.com\/en\/product\/fond-de-teint-naturel\/\">foundation<\/a><\/li>\n<li><a href=\"http:\/\/gerajeune.com\/en\/product\/baume-a-levres-naturel\/\">lip balm<\/a><\/li>\n<\/ul>\n<p>&nbsp;<\/p>","protected":false},"excerpt":{"rendered":"<p>Natural Eye Shadow Qu&rsquo;est ce qui\u00a0 caract\u00e9rise nos Eye Shadow ? Origines naturelles Ne causent pas de dangers pour la peau Nourrissants \u00e0 base d&rsquo;avocat ,huile de graines , huile de figue de barbarie . Pigment\u00e9s Couleurs vari\u00e9es De qualit\u00e9 et de prix imbattables composition :\u00a0 avocat : riche en vitamine E , il prot\u00e8ge et hydrate l&rsquo;\u00e9piderme huile de graine de figue de barbarie : contient des om\u00e9ga-6 qui permettent de r\u00e9hydrater la peau.\u00a0Elle tonifie, densifie et nourrit l&rsquo;\u00e9piderme , permet de gommer les rides, de pr\u00e9venir leur apparition et lutter contre le rel\u00e2chement de la peau crit\u00e8res de choix\u00a0 d&rsquo;un\u00a0 Eye Shadow\u00a0 : Optez un fard a paupi\u00e8re naturel pour une peau en bonne sant\u00e9. qui Procure un effet nourrissant,\u00a0 brillant, naturel et\u00a0qui apporte une finition intense et une longue tenue et qui Favorise l&rsquo;hydratation de la zone. Comment bien choisir mon Eye Shadow ? Plus vos yeux seront fonc\u00e9s, plus le fard \u00e0 paupi\u00e8re sera violet. Les yeux marrons : Les yeux marrons peuvent porter toutes les couleurs ! Par contre si vos yeux tirent vers le noisette, optez pour des couleurs chaudes tel que le cuivr\u00e9, le dor\u00e9, les couleurs mordor\u00e9es. Comment faire pour que le Eye Shadow tienne ? verser une ou deux gouttes d&rsquo;eau sur votre pinceau avant d&rsquo;y appliquer le fard avec lequel vous souhaitez maquiller vos yeux. Et si vous avez la peau sensible, n&rsquo;h\u00e9sitez pas \u00e0 utiliser de l&rsquo;eau de rose ou de l&rsquo;eau thermale Comment le Eye Shadow peut-il transformer votre regard ? En ajoutant de la couleur , il apporte une dimension suppl\u00e9mentaire \u00e0 votre regard. Il fait ressortir la couleur naturelle de vos yeux et les met en valeur . Quels sont les b\u00e9n\u00e9fices suppl\u00e9mentaires du Eye Shadow ? Aide \u00e0 camoufler les imperfections. Donne l\u2019illusion d\u2019une paupi\u00e8re plus grande ou plus petite, en fonction de la mani\u00e8re dont vous l\u2019appliquez compl\u00e9tez votre look\u00a0 avec notre s\u00e9lection de maquillage naturel :\u00a0 lip gloss fond de teint baume a levre &nbsp;<\/p>","protected":false},"featured_media":13145,"comment_status":"open","ping_status":"closed","template":"","meta":{"_monsterinsights_skip_tracking":false,"_monsterinsights_sitenote_active":false,"_monsterinsights_sitenote_note":"","_monsterinsights_sitenote_category":0,"ocean_post_layout":"","ocean_both_sidebars_style":"","ocean_both_sidebars_content_width":0,"ocean_both_sidebars_sidebars_width":0,"ocean_sidebar":"0","ocean_second_sidebar":"0","ocean_disable_margins":"enable","ocean_add_body_class":"","ocean_shortcode_before_top_bar":"","ocean_shortcode_after_top_bar":"","ocean_shortcode_before_header":"","ocean_shortcode_after_header":"","ocean_has_shortcode":"","ocean_shortcode_after_title":"","ocean_shortcode_before_footer_widgets":"","ocean_shortcode_after_footer_widgets":"","ocean_shortcode_before_footer_bottom":"","ocean_shortcode_after_footer_bottom":"","ocean_display_top_bar":"default","ocean_display_header":"default","ocean_header_style":"","ocean_center_header_left_menu":"0","ocean_custom_header_template":"0","ocean_custom_logo":0,"ocean_custom_retina_logo":0,"ocean_custom_logo_max_width":0,"ocean_custom_logo_tablet_max_width":0,"ocean_custom_logo_mobile_max_width":0,"ocean_custom_logo_max_height":0,"ocean_custom_logo_tablet_max_height":0,"ocean_custom_logo_mobile_max_height":0,"ocean_header_custom_menu":"0","ocean_menu_typo_font_family":"0","ocean_menu_typo_font_subset":"","ocean_menu_typo_font_size":0,"ocean_menu_typo_font_size_tablet":0,"ocean_menu_typo_font_size_mobile":0,"ocean_menu_typo_font_size_unit":"px","ocean_menu_typo_font_weight":"","ocean_menu_typo_font_weight_tablet":"","ocean_menu_typo_font_weight_mobile":"","ocean_menu_typo_transform":"","ocean_menu_typo_transform_tablet":"","ocean_menu_typo_transform_mobile":"","ocean_menu_typo_line_height":0,"ocean_menu_typo_line_height_tablet":0,"ocean_menu_typo_line_height_mobile":0,"ocean_menu_typo_line_height_unit":"","ocean_menu_typo_spacing":0,"ocean_menu_typo_spacing_tablet":0,"ocean_menu_typo_spacing_mobile":0,"ocean_menu_typo_spacing_unit":"","ocean_menu_link_color":"","ocean_menu_link_color_hover":"","ocean_menu_link_color_active":"","ocean_menu_link_background":"","ocean_menu_link_hover_background":"","ocean_menu_link_active_background":"","ocean_menu_social_links_bg":"","ocean_menu_social_hover_links_bg":"","ocean_menu_social_links_color":"","ocean_menu_social_hover_links_color":"","ocean_disable_title":"default","ocean_disable_heading":"default","ocean_post_title":"","ocean_post_subheading":"","ocean_post_title_style":"","ocean_post_title_background_color":"","ocean_post_title_background":0,"ocean_post_title_bg_image_position":"","ocean_post_title_bg_image_attachment":"","ocean_post_title_bg_image_repeat":"","ocean_post_title_bg_image_size":"","ocean_post_title_height":0,"ocean_post_title_bg_overlay":0.5,"ocean_post_title_bg_overlay_color":"","ocean_disable_breadcrumbs":"default","ocean_breadcrumbs_color":"","ocean_breadcrumbs_separator_color":"","ocean_breadcrumbs_links_color":"","ocean_breadcrumbs_links_hover_color":"","ocean_display_footer_widgets":"default","ocean_display_footer_bottom":"default","ocean_custom_footer_template":"0","omw_enable_modal_window":"enable"},"product_brand":[],"product_cat":[158],"product_tag":[],"class_list":{"0":"post-8186","1":"product","2":"type-product","3":"status-publish","4":"has-post-thumbnail","6":"product_cat-clean-beauty","8":"entry","9":"has-media","11":"first","12":"instock","13":"taxable","14":"shipping-taxable","15":"purchasable","16":"product-type-simple","17":"col","18":"span_1_of_3","19":"owp-content-center","20":"owp-thumbs-layout-horizontal","21":"owp-btn-normal","22":"owp-tabs-layout-horizontal","23":"has-no-thumbnails"},"yoast_head":"<!-- This site is optimized with the Yoast SEO plugin v27.0 - https:\/\/yoast.com\/product\/yoast-seo-wordpress\/ -->\n<title>Natural eye shadow - gerajeune<\/title>\n<meta name=\"robots\" content=\"index, follow, max-snippet:-1, max-image-preview:large, max-video-preview:-1\" \/>\n<link rel=\"canonical\" href=\"https:\/\/gerajeune.com\/en\/product\/natural-eye-shadow-3\/\" \/>\n<meta property=\"og:locale\" content=\"en_US\" \/>\n<meta property=\"og:type\" content=\"article\" \/>\n<meta property=\"og:title\" content=\"Natural eye shadow - gerajeune\" \/>\n<meta property=\"og:description\" content=\"Natural Eye Shadow Qu&rsquo;est ce qui\u00a0 caract\u00e9rise nos Eye Shadow ? Origines naturelles Ne causent pas de dangers pour la peau Nourrissants \u00e0 base d&rsquo;avocat ,huile de graines , huile de figue de barbarie . Pigment\u00e9s Couleurs vari\u00e9es De qualit\u00e9 et de prix imbattables composition :\u00a0 avocat : riche en vitamine E , il prot\u00e8ge et hydrate l&rsquo;\u00e9piderme huile de graine de figue de barbarie : contient des om\u00e9ga-6 qui permettent de r\u00e9hydrater la peau.\u00a0Elle tonifie, densifie et nourrit l&rsquo;\u00e9piderme , permet de gommer les rides, de pr\u00e9venir leur apparition et lutter contre le rel\u00e2chement de la peau crit\u00e8res de choix\u00a0 d&rsquo;un\u00a0 Eye Shadow\u00a0 : Optez un fard a paupi\u00e8re naturel pour une peau en bonne sant\u00e9. qui Procure un effet nourrissant,\u00a0 brillant, naturel et\u00a0qui apporte une finition intense et une longue tenue et qui Favorise l&rsquo;hydratation de la zone. Comment bien choisir mon Eye Shadow ? Plus vos yeux seront fonc\u00e9s, plus le fard \u00e0 paupi\u00e8re sera violet. Les yeux marrons : Les yeux marrons peuvent porter toutes les couleurs ! Par contre si vos yeux tirent vers le noisette, optez pour des couleurs chaudes tel que le cuivr\u00e9, le dor\u00e9, les couleurs mordor\u00e9es. Comment faire pour que le Eye Shadow tienne ? verser une ou deux gouttes d&rsquo;eau sur votre pinceau avant d&rsquo;y appliquer le fard avec lequel vous souhaitez maquiller vos yeux. Et si vous avez la peau sensible, n&rsquo;h\u00e9sitez pas \u00e0 utiliser de l&rsquo;eau de rose ou de l&rsquo;eau thermale Comment le Eye Shadow peut-il transformer votre regard ? En ajoutant de la couleur , il apporte une dimension suppl\u00e9mentaire \u00e0 votre regard. Il fait ressortir la couleur naturelle de vos yeux et les met en valeur . Quels sont les b\u00e9n\u00e9fices suppl\u00e9mentaires du Eye Shadow ? Aide \u00e0 camoufler les imperfections. Donne l\u2019illusion d\u2019une paupi\u00e8re plus grande ou plus petite, en fonction de la mani\u00e8re dont vous l\u2019appliquez compl\u00e9tez votre look\u00a0 avec notre s\u00e9lection de maquillage naturel :\u00a0 lip gloss fond de teint baume a levre &nbsp;\" \/>\n<meta property=\"og:url\" content=\"https:\/\/gerajeune.com\/en\/product\/natural-eye-shadow-3\/\" \/>\n<meta property=\"og:site_name\" content=\"gerajeune\" \/>\n<meta property=\"article:publisher\" content=\"https:\/\/www.facebook.com\/gerajeune\" \/>\n<meta property=\"article:modified_time\" content=\"2025-03-03T16:20:37+00:00\" \/>\n<meta property=\"og:image\" content=\"https:\/\/gerajeune.com\/wp-content\/uploads\/2024\/06\/Rouge_Eye_Shadow.webp\" \/>\n\t<meta property=\"og:image:width\" content=\"1024\" \/>\n\t<meta property=\"og:image:height\" content=\"1024\" \/>\n\t<meta property=\"og:image:type\" content=\"image\/webp\" \/>\n<meta name=\"twitter:card\" content=\"summary_large_image\" \/>\n<meta name=\"twitter:label1\" content=\"Est. reading time\" \/>\n\t<meta name=\"twitter:data1\" content=\"2 minutes\" \/>\n<script type=\"application\/ld+json\" class=\"yoast-schema-graph\">{\"@context\":\"https:\/\/schema.org\",\"@graph\":[{\"@type\":\"WebPage\",\"@id\":\"https:\/\/gerajeune.com\/ar\/product\/natural-eye-shadow-3\/\",\"url\":\"https:\/\/gerajeune.com\/ar\/product\/natural-eye-shadow-3\/\",\"name\":\"Natural eye shadow - gerajeune\",\"isPartOf\":{\"@id\":\"https:\/\/gerajeune.com\/#website\"},\"primaryImageOfPage\":{\"@id\":\"https:\/\/gerajeune.com\/ar\/product\/natural-eye-shadow-3\/#primaryimage\"},\"image\":{\"@id\":\"https:\/\/gerajeune.com\/ar\/product\/natural-eye-shadow-3\/#primaryimage\"},\"thumbnailUrl\":\"https:\/\/gerajeune.com\/wp-content\/uploads\/2024\/06\/Rouge_Eye_Shadow.webp\",\"datePublished\":\"2024-06-11T18:58:02+00:00\",\"dateModified\":\"2025-03-03T16:20:37+00:00\",\"breadcrumb\":{\"@id\":\"https:\/\/gerajeune.com\/ar\/product\/natural-eye-shadow-3\/#breadcrumb\"},\"inLanguage\":\"en-US\",\"potentialAction\":[{\"@type\":\"ReadAction\",\"target\":[\"https:\/\/gerajeune.com\/ar\/product\/natural-eye-shadow-3\/\"]}]},{\"@type\":\"ImageObject\",\"inLanguage\":\"en-US\",\"@id\":\"https:\/\/gerajeune.com\/ar\/product\/natural-eye-shadow-3\/#primaryimage\",\"url\":\"https:\/\/gerajeune.com\/wp-content\/uploads\/2024\/06\/Rouge_Eye_Shadow.webp\",\"contentUrl\":\"https:\/\/gerajeune.com\/wp-content\/uploads\/2024\/06\/Rouge_Eye_Shadow.webp\",\"width\":1024,\"height\":1024},{\"@type\":\"BreadcrumbList\",\"@id\":\"https:\/\/gerajeune.com\/ar\/product\/natural-eye-shadow-3\/#breadcrumb\",\"itemListElement\":[{\"@type\":\"ListItem\",\"position\":1,\"name\":\"Accueil\",\"item\":\"https:\/\/gerajeune.com\/\"},{\"@type\":\"ListItem\",\"position\":2,\"name\":\"Produits\",\"item\":\"https:\/\/gerajeune.com\/__trashed-6\/\"},{\"@type\":\"ListItem\",\"position\":3,\"name\":\"Natural eye shadow\"}]},{\"@type\":\"WebSite\",\"@id\":\"https:\/\/gerajeune.com\/#website\",\"url\":\"https:\/\/gerajeune.com\/\",\"name\":\"gerajeune\",\"description\":\"Naturellement belle, visiblement jeune\",\"publisher\":{\"@id\":\"https:\/\/gerajeune.com\/#organization\"},\"potentialAction\":[{\"@type\":\"SearchAction\",\"target\":{\"@type\":\"EntryPoint\",\"urlTemplate\":\"https:\/\/gerajeune.com\/?s={search_term_string}\"},\"query-input\":{\"@type\":\"PropertyValueSpecification\",\"valueRequired\":true,\"valueName\":\"search_term_string\"}}],\"inLanguage\":\"en-US\"},{\"@type\":\"Organization\",\"@id\":\"https:\/\/gerajeune.com\/#organization\",\"name\":\"gerajeune\",\"url\":\"https:\/\/gerajeune.com\/\",\"logo\":{\"@type\":\"ImageObject\",\"inLanguage\":\"en-US\",\"@id\":\"https:\/\/gerajeune.com\/#\/schema\/logo\/image\/\",\"url\":\"http:\/\/gerajeune.com\/wp-content\/uploads\/2021\/12\/cropped-logo-modifier-1-e1645608409226.png\",\"contentUrl\":\"http:\/\/gerajeune.com\/wp-content\/uploads\/2021\/12\/cropped-logo-modifier-1-e1645608409226.png\",\"width\":250,\"height\":120,\"caption\":\"gerajeune\"},\"image\":{\"@id\":\"https:\/\/gerajeune.com\/#\/schema\/logo\/image\/\"},\"sameAs\":[\"https:\/\/www.facebook.com\/gerajeune\",\"https:\/\/www.instagram.com\/gerajeune\/reels\/?hl=fr\"]}]}<\/script>\n<!-- \/ Yoast SEO plugin. -->","yoast_head_json":{"title":"Natural eye shadow - gerajeune","robots":{"index":"index","follow":"follow","max-snippet":"max-snippet:-1","max-image-preview":"max-image-preview:large","max-video-preview":"max-video-preview:-1"},"canonical":"https:\/\/gerajeune.com\/en\/product\/natural-eye-shadow-3\/","og_locale":"en_US","og_type":"article","og_title":"Natural eye shadow - gerajeune","og_description":"Natural Eye Shadow Qu&rsquo;est ce qui\u00a0 caract\u00e9rise nos Eye Shadow ? Origines naturelles Ne causent pas de dangers pour la peau Nourrissants \u00e0 base d&rsquo;avocat ,huile de graines , huile de figue de barbarie . Pigment\u00e9s Couleurs vari\u00e9es De qualit\u00e9 et de prix imbattables composition :\u00a0 avocat : riche en vitamine E , il prot\u00e8ge et hydrate l&rsquo;\u00e9piderme huile de graine de figue de barbarie : contient des om\u00e9ga-6 qui permettent de r\u00e9hydrater la peau.\u00a0Elle tonifie, densifie et nourrit l&rsquo;\u00e9piderme , permet de gommer les rides, de pr\u00e9venir leur apparition et lutter contre le rel\u00e2chement de la peau crit\u00e8res de choix\u00a0 d&rsquo;un\u00a0 Eye Shadow\u00a0 : Optez un fard a paupi\u00e8re naturel pour une peau en bonne sant\u00e9. qui Procure un effet nourrissant,\u00a0 brillant, naturel et\u00a0qui apporte une finition intense et une longue tenue et qui Favorise l&rsquo;hydratation de la zone. Comment bien choisir mon Eye Shadow ? Plus vos yeux seront fonc\u00e9s, plus le fard \u00e0 paupi\u00e8re sera violet. Les yeux marrons : Les yeux marrons peuvent porter toutes les couleurs ! Par contre si vos yeux tirent vers le noisette, optez pour des couleurs chaudes tel que le cuivr\u00e9, le dor\u00e9, les couleurs mordor\u00e9es. Comment faire pour que le Eye Shadow tienne ? verser une ou deux gouttes d&rsquo;eau sur votre pinceau avant d&rsquo;y appliquer le fard avec lequel vous souhaitez maquiller vos yeux. Et si vous avez la peau sensible, n&rsquo;h\u00e9sitez pas \u00e0 utiliser de l&rsquo;eau de rose ou de l&rsquo;eau thermale Comment le Eye Shadow peut-il transformer votre regard ? En ajoutant de la couleur , il apporte une dimension suppl\u00e9mentaire \u00e0 votre regard. Il fait ressortir la couleur naturelle de vos yeux et les met en valeur . Quels sont les b\u00e9n\u00e9fices suppl\u00e9mentaires du Eye Shadow ? Aide \u00e0 camoufler les imperfections. Donne l\u2019illusion d\u2019une paupi\u00e8re plus grande ou plus petite, en fonction de la mani\u00e8re dont vous l\u2019appliquez compl\u00e9tez votre look\u00a0 avec notre s\u00e9lection de maquillage naturel :\u00a0 lip gloss fond de teint baume a levre &nbsp;","og_url":"https:\/\/gerajeune.com\/en\/product\/natural-eye-shadow-3\/","og_site_name":"gerajeune","article_publisher":"https:\/\/www.facebook.com\/gerajeune","article_modified_time":"2025-03-03T16:20:37+00:00","og_image":[{"width":1024,"height":1024,"url":"https:\/\/gerajeune.com\/wp-content\/uploads\/2024\/06\/Rouge_Eye_Shadow.webp","type":"image\/webp"}],"twitter_card":"summary_large_image","twitter_misc":{"Est. reading time":"2 minutes"},"schema":{"@context":"https:\/\/schema.org","@graph":[{"@type":"WebPage","@id":"https:\/\/gerajeune.com\/ar\/product\/natural-eye-shadow-3\/","url":"https:\/\/gerajeune.com\/ar\/product\/natural-eye-shadow-3\/","name":"Natural eye shadow - gerajeune","isPartOf":{"@id":"https:\/\/gerajeune.com\/#website"},"primaryImageOfPage":{"@id":"https:\/\/gerajeune.com\/ar\/product\/natural-eye-shadow-3\/#primaryimage"},"image":{"@id":"https:\/\/gerajeune.com\/ar\/product\/natural-eye-shadow-3\/#primaryimage"},"thumbnailUrl":"https:\/\/gerajeune.com\/wp-content\/uploads\/2024\/06\/Rouge_Eye_Shadow.webp","datePublished":"2024-06-11T18:58:02+00:00","dateModified":"2025-03-03T16:20:37+00:00","breadcrumb":{"@id":"https:\/\/gerajeune.com\/ar\/product\/natural-eye-shadow-3\/#breadcrumb"},"inLanguage":"en-US","potentialAction":[{"@type":"ReadAction","target":["https:\/\/gerajeune.com\/ar\/product\/natural-eye-shadow-3\/"]}]},{"@type":"ImageObject","inLanguage":"en-US","@id":"https:\/\/gerajeune.com\/ar\/product\/natural-eye-shadow-3\/#primaryimage","url":"https:\/\/gerajeune.com\/wp-content\/uploads\/2024\/06\/Rouge_Eye_Shadow.webp","contentUrl":"https:\/\/gerajeune.com\/wp-content\/uploads\/2024\/06\/Rouge_Eye_Shadow.webp","width":1024,"height":1024},{"@type":"BreadcrumbList","@id":"https:\/\/gerajeune.com\/ar\/product\/natural-eye-shadow-3\/#breadcrumb","itemListElement":[{"@type":"ListItem","position":1,"name":"Accueil","item":"https:\/\/gerajeune.com\/"},{"@type":"ListItem","position":2,"name":"Produits","item":"https:\/\/gerajeune.com\/__trashed-6\/"},{"@type":"ListItem","position":3,"name":"Natural eye shadow"}]},{"@type":"WebSite","@id":"https:\/\/gerajeune.com\/#website","url":"https:\/\/gerajeune.com\/","name":"gerajeune","description":"Naturally beautiful, visibly young","publisher":{"@id":"https:\/\/gerajeune.com\/#organization"},"potentialAction":[{"@type":"SearchAction","target":{"@type":"EntryPoint","urlTemplate":"https:\/\/gerajeune.com\/?s={search_term_string}"},"query-input":{"@type":"PropertyValueSpecification","valueRequired":true,"valueName":"search_term_string"}}],"inLanguage":"en-US"},{"@type":"Organization","@id":"https:\/\/gerajeune.com\/#organization","name":"gerajeune","url":"https:\/\/gerajeune.com\/","logo":{"@type":"ImageObject","inLanguage":"en-US","@id":"https:\/\/gerajeune.com\/#\/schema\/logo\/image\/","url":"http:\/\/gerajeune.com\/wp-content\/uploads\/2021\/12\/cropped-logo-modifier-1-e1645608409226.png","contentUrl":"http:\/\/gerajeune.com\/wp-content\/uploads\/2021\/12\/cropped-logo-modifier-1-e1645608409226.png","width":250,"height":120,"caption":"gerajeune"},"image":{"@id":"https:\/\/gerajeune.com\/#\/schema\/logo\/image\/"},"sameAs":["https:\/\/www.facebook.com\/gerajeune","https:\/\/www.instagram.com\/gerajeune\/reels\/?hl=fr"]}]}},"jetpack_sharing_enabled":true,"_links":{"self":[{"href":"https:\/\/gerajeune.com\/en\/wp-json\/wp\/v2\/product\/8186","targetHints":{"allow":["GET"]}}],"collection":[{"href":"https:\/\/gerajeune.com\/en\/wp-json\/wp\/v2\/product"}],"about":[{"href":"https:\/\/gerajeune.com\/en\/wp-json\/wp\/v2\/types\/product"}],"replies":[{"embeddable":true,"href":"https:\/\/gerajeune.com\/en\/wp-json\/wp\/v2\/comments?post=8186"}],"version-history":[{"count":3,"href":"https:\/\/gerajeune.com\/en\/wp-json\/wp\/v2\/product\/8186\/revisions"}],"predecessor-version":[{"id":8423,"href":"https:\/\/gerajeune.com\/en\/wp-json\/wp\/v2\/product\/8186\/revisions\/8423"}],"wp:featuredmedia":[{"embeddable":true,"href":"https:\/\/gerajeune.com\/en\/wp-json\/wp\/v2\/media\/13145"}],"wp:attachment":[{"href":"https:\/\/gerajeune.com\/en\/wp-json\/wp\/v2\/media?parent=8186"}],"wp:term":[{"taxonomy":"product_brand","embeddable":true,"href":"https:\/\/gerajeune.com\/en\/wp-json\/wp\/v2\/product_brand?post=8186"},{"taxonomy":"product_cat","embeddable":true,"href":"https:\/\/gerajeune.com\/en\/wp-json\/wp\/v2\/product_cat?post=8186"},{"taxonomy":"product_tag","embeddable":true,"href":"https:\/\/gerajeune.com\/en\/wp-json\/wp\/v2\/product_tag?post=8186"}],"curies":[{"name":"wp","href":"https:\/\/api.w.org\/{rel}","templated":true}]}}