{"id":8604,"date":"2024-06-18T10:36:02","date_gmt":"2024-06-18T09:36:02","guid":{"rendered":"http:\/\/gerajeune.com\/?post_type=product&#038;p=8604"},"modified":"2025-03-11T18:03:02","modified_gmt":"2025-03-11T17:03:02","slug":"gommage-gourmand-corps-melon-goyave","status":"publish","type":"product","link":"https:\/\/gerajeune.com\/en\/product\/gommage-gourmand-corps-melon-goyave\/","title":{"rendered":"Gourmet Body Scrub MELON GOYAVE"},"content":{"rendered":"<p>Gourmet Scrub<\/p>\n<h4><strong>Why do a body scrub?<\/strong><\/h4>\n<p>It gently purifies the skin and eliminates impurities<br \/>\nthanks to a combination of vegetable oils with nourishing, lightening and<br \/>\nrestorative, it nourishes the epidermis to restore soft, smooth and delicately radiant skin<br \/>\nscented.<br \/>\nAlso suitable for dry skin on elbows and knees.<\/p>\n<p>Better oxygenated and resistant, the<a href=\"https:\/\/fr.wikipedia.org\/wiki\/%C3%89piderme_(anatomie)\">epidermis<\/a> is magnified and brighter.<\/p>\n<p>A sweet, fruity fragrance that will fill your\u00a0<em>bath<\/em> delicious and colorful. The smell of fruit is captivating and helps cleanse the mind.<!--more--><\/p>\n<h4>When to do the Gourmet Scrub?<\/h4>\n<p>Once or twice a week, apply it with light massages.<br \/>\ncircular movements on the skin, insisting on rough areas, especially before hair removal to release ingrown hairs, then rinse thoroughly with clean water.<\/p>\n<p>Why not exfoliate every day?<\/p>\n<p>Daily exfoliation would be excessive and could cause dehydration and dryness of your skin.<\/p>\n<h4><strong>What care after exfoliation?<\/strong><\/h4>\n<p>After exfoliation, the skin is vulnerable and sensitive. To complete this care ritual, the application of a <a href=\"http:\/\/gerajeune.com\/en\/product\/lait-de-corps-raffermissant-250ml\/\">body milk<\/a>, adapted to your skin type, is necessary to hydrate it and restore the hydrolipidic protective barrier<\/p>\n<p><strong>Ingredients :<\/strong><\/p>\n<p>geranium leaves, sugar, precious oils<\/p>","protected":false},"excerpt":{"rendered":"<p>Gommage Gourmand Pourquoi faire un gommage du corps ? il\u00a0 purifie la peau en douceur et \u00e9limine les impuret\u00e9s gr\u00e2ce \u00e0 une combinaison d\u2019huiles v\u00e9g\u00e9tales aux propri\u00e9t\u00e9s nourrissantes, \u00e9claircissantes et r\u00e9paratrices, il nourrit l\u2019\u00e9piderme pour retrouver une peau douce , lisse et \u00e9clatante d\u00e9licatement parfum\u00e9e. Convient aussi aux peaux s\u00e8ches des coudes et des genoux. Mieux oxyg\u00e9n\u00e9 et r\u00e9sistant, l&rsquo;\u00e9piderme est magnifi\u00e9 et plus lumineux. Un doux parfum fruit\u00e9 et sucr\u00e9 qui embaumera votre\u00a0bain gourmand et color\u00e9 .L&rsquo;odeur\u00a0de\u00a0fruit est envoutante qui permet de nettoyer l&rsquo;esprit<\/p>","protected":false},"featured_media":13692,"comment_status":"open","ping_status":"closed","template":"","meta":{"_monsterinsights_skip_tracking":false,"_monsterinsights_sitenote_active":false,"_monsterinsights_sitenote_note":"","_monsterinsights_sitenote_category":0,"ocean_post_layout":"","ocean_both_sidebars_style":"","ocean_both_sidebars_content_width":0,"ocean_both_sidebars_sidebars_width":0,"ocean_sidebar":"0","ocean_second_sidebar":"0","ocean_disable_margins":"enable","ocean_add_body_class":"","ocean_shortcode_before_top_bar":"","ocean_shortcode_after_top_bar":"","ocean_shortcode_before_header":"","ocean_shortcode_after_header":"","ocean_has_shortcode":"","ocean_shortcode_after_title":"","ocean_shortcode_before_footer_widgets":"","ocean_shortcode_after_footer_widgets":"","ocean_shortcode_before_footer_bottom":"","ocean_shortcode_after_footer_bottom":"","ocean_display_top_bar":"default","ocean_display_header":"default","ocean_header_style":"","ocean_center_header_left_menu":"0","ocean_custom_header_template":"0","ocean_custom_logo":0,"ocean_custom_retina_logo":0,"ocean_custom_logo_max_width":0,"ocean_custom_logo_tablet_max_width":0,"ocean_custom_logo_mobile_max_width":0,"ocean_custom_logo_max_height":0,"ocean_custom_logo_tablet_max_height":0,"ocean_custom_logo_mobile_max_height":0,"ocean_header_custom_menu":"0","ocean_menu_typo_font_family":"0","ocean_menu_typo_font_subset":"","ocean_menu_typo_font_size":0,"ocean_menu_typo_font_size_tablet":0,"ocean_menu_typo_font_size_mobile":0,"ocean_menu_typo_font_size_unit":"px","ocean_menu_typo_font_weight":"","ocean_menu_typo_font_weight_tablet":"","ocean_menu_typo_font_weight_mobile":"","ocean_menu_typo_transform":"","ocean_menu_typo_transform_tablet":"","ocean_menu_typo_transform_mobile":"","ocean_menu_typo_line_height":0,"ocean_menu_typo_line_height_tablet":0,"ocean_menu_typo_line_height_mobile":0,"ocean_menu_typo_line_height_unit":"","ocean_menu_typo_spacing":0,"ocean_menu_typo_spacing_tablet":0,"ocean_menu_typo_spacing_mobile":0,"ocean_menu_typo_spacing_unit":"","ocean_menu_link_color":"","ocean_menu_link_color_hover":"","ocean_menu_link_color_active":"","ocean_menu_link_background":"","ocean_menu_link_hover_background":"","ocean_menu_link_active_background":"","ocean_menu_social_links_bg":"","ocean_menu_social_hover_links_bg":"","ocean_menu_social_links_color":"","ocean_menu_social_hover_links_color":"","ocean_disable_title":"default","ocean_disable_heading":"default","ocean_post_title":"","ocean_post_subheading":"","ocean_post_title_style":"","ocean_post_title_background_color":"","ocean_post_title_background":0,"ocean_post_title_bg_image_position":"","ocean_post_title_bg_image_attachment":"","ocean_post_title_bg_image_repeat":"","ocean_post_title_bg_image_size":"","ocean_post_title_height":0,"ocean_post_title_bg_overlay":0.5,"ocean_post_title_bg_overlay_color":"","ocean_disable_breadcrumbs":"default","ocean_breadcrumbs_color":"","ocean_breadcrumbs_separator_color":"","ocean_breadcrumbs_links_color":"","ocean_breadcrumbs_links_hover_color":"","ocean_display_footer_widgets":"default","ocean_display_footer_bottom":"default","ocean_custom_footer_template":"0","omw_enable_modal_window":"enable"},"product_brand":[],"product_cat":[157],"product_tag":[],"class_list":{"0":"post-8604","1":"product","2":"type-product","3":"status-publish","4":"has-post-thumbnail","6":"product_cat-soin-corps","8":"entry","9":"has-media","11":"first","12":"instock","13":"taxable","14":"shipping-taxable","15":"purchasable","16":"product-type-simple","17":"col","18":"span_1_of_3","19":"owp-content-center","20":"owp-thumbs-layout-horizontal","21":"owp-btn-normal","22":"owp-tabs-layout-horizontal","23":"has-no-thumbnails"},"yoast_head":"<!-- This site is optimized with the Yoast SEO plugin v27.0 - https:\/\/yoast.com\/product\/yoast-seo-wordpress\/ -->\n<title>Gommage Gourmand Corps MELON GOYAVE - gerajeune<\/title>\n<meta name=\"robots\" content=\"index, follow, max-snippet:-1, max-image-preview:large, max-video-preview:-1\" \/>\n<link rel=\"canonical\" href=\"https:\/\/gerajeune.com\/en\/product\/gommage-gourmand-corps-melon-goyave\/\" \/>\n<meta property=\"og:locale\" content=\"en_US\" \/>\n<meta property=\"og:type\" content=\"article\" \/>\n<meta property=\"og:title\" content=\"Gommage Gourmand Corps MELON GOYAVE - gerajeune\" \/>\n<meta property=\"og:description\" content=\"Gommage Gourmand Pourquoi faire un gommage du corps ? il\u00a0 purifie la peau en douceur et \u00e9limine les impuret\u00e9s gr\u00e2ce \u00e0 une combinaison d\u2019huiles v\u00e9g\u00e9tales aux propri\u00e9t\u00e9s nourrissantes, \u00e9claircissantes et r\u00e9paratrices, il nourrit l\u2019\u00e9piderme pour retrouver une peau douce , lisse et \u00e9clatante d\u00e9licatement parfum\u00e9e. Convient aussi aux peaux s\u00e8ches des coudes et des genoux. Mieux oxyg\u00e9n\u00e9 et r\u00e9sistant, l&rsquo;\u00e9piderme est magnifi\u00e9 et plus lumineux. Un doux parfum fruit\u00e9 et sucr\u00e9 qui embaumera votre\u00a0bain gourmand et color\u00e9 .L&rsquo;odeur\u00a0de\u00a0fruit est envoutante qui permet de nettoyer l&rsquo;esprit\" \/>\n<meta property=\"og:url\" content=\"https:\/\/gerajeune.com\/en\/product\/gommage-gourmand-corps-melon-goyave\/\" \/>\n<meta property=\"og:site_name\" content=\"gerajeune\" \/>\n<meta property=\"article:publisher\" content=\"https:\/\/www.facebook.com\/gerajeune\" \/>\n<meta property=\"article:modified_time\" content=\"2025-03-11T17:03:02+00:00\" \/>\n<meta property=\"og:image\" content=\"https:\/\/gerajeune.com\/wp-content\/uploads\/2024\/06\/Gommade_Fruity_Mood_Melon_Jaune_New.webp\" \/>\n\t<meta property=\"og:image:width\" content=\"1080\" \/>\n\t<meta property=\"og:image:height\" content=\"1080\" \/>\n\t<meta property=\"og:image:type\" content=\"image\/webp\" \/>\n<meta name=\"twitter:card\" content=\"summary_large_image\" \/>\n<meta name=\"twitter:label1\" content=\"Est. reading time\" \/>\n\t<meta name=\"twitter:data1\" content=\"1 minute\" \/>\n<script type=\"application\/ld+json\" class=\"yoast-schema-graph\">{\"@context\":\"https:\/\/schema.org\",\"@graph\":[{\"@type\":\"WebPage\",\"@id\":\"https:\/\/gerajeune.com\/produit\/gommage-gourmand-corps-melon-goyave\/\",\"url\":\"https:\/\/gerajeune.com\/produit\/gommage-gourmand-corps-melon-goyave\/\",\"name\":\"Gommage Gourmand Corps MELON GOYAVE - gerajeune\",\"isPartOf\":{\"@id\":\"https:\/\/gerajeune.com\/#website\"},\"primaryImageOfPage\":{\"@id\":\"https:\/\/gerajeune.com\/produit\/gommage-gourmand-corps-melon-goyave\/#primaryimage\"},\"image\":{\"@id\":\"https:\/\/gerajeune.com\/produit\/gommage-gourmand-corps-melon-goyave\/#primaryimage\"},\"thumbnailUrl\":\"https:\/\/gerajeune.com\/wp-content\/uploads\/2024\/06\/Gommade_Fruity_Mood_Melon_Jaune_New.webp\",\"datePublished\":\"2024-06-18T09:36:02+00:00\",\"dateModified\":\"2025-03-11T17:03:02+00:00\",\"breadcrumb\":{\"@id\":\"https:\/\/gerajeune.com\/produit\/gommage-gourmand-corps-melon-goyave\/#breadcrumb\"},\"inLanguage\":\"en-US\",\"potentialAction\":[{\"@type\":\"ReadAction\",\"target\":[\"https:\/\/gerajeune.com\/produit\/gommage-gourmand-corps-melon-goyave\/\"]}]},{\"@type\":\"ImageObject\",\"inLanguage\":\"en-US\",\"@id\":\"https:\/\/gerajeune.com\/produit\/gommage-gourmand-corps-melon-goyave\/#primaryimage\",\"url\":\"https:\/\/gerajeune.com\/wp-content\/uploads\/2024\/06\/Gommade_Fruity_Mood_Melon_Jaune_New.webp\",\"contentUrl\":\"https:\/\/gerajeune.com\/wp-content\/uploads\/2024\/06\/Gommade_Fruity_Mood_Melon_Jaune_New.webp\",\"width\":1080,\"height\":1080},{\"@type\":\"BreadcrumbList\",\"@id\":\"https:\/\/gerajeune.com\/produit\/gommage-gourmand-corps-melon-goyave\/#breadcrumb\",\"itemListElement\":[{\"@type\":\"ListItem\",\"position\":1,\"name\":\"Accueil\",\"item\":\"https:\/\/gerajeune.com\/\"},{\"@type\":\"ListItem\",\"position\":2,\"name\":\"Produits\",\"item\":\"https:\/\/gerajeune.com\/__trashed-6\/\"},{\"@type\":\"ListItem\",\"position\":3,\"name\":\"Gommage Gourmand Corps MELON GOYAVE\"}]},{\"@type\":\"WebSite\",\"@id\":\"https:\/\/gerajeune.com\/#website\",\"url\":\"https:\/\/gerajeune.com\/\",\"name\":\"gerajeune\",\"description\":\"Naturellement belle, visiblement jeune\",\"publisher\":{\"@id\":\"https:\/\/gerajeune.com\/#organization\"},\"potentialAction\":[{\"@type\":\"SearchAction\",\"target\":{\"@type\":\"EntryPoint\",\"urlTemplate\":\"https:\/\/gerajeune.com\/?s={search_term_string}\"},\"query-input\":{\"@type\":\"PropertyValueSpecification\",\"valueRequired\":true,\"valueName\":\"search_term_string\"}}],\"inLanguage\":\"en-US\"},{\"@type\":\"Organization\",\"@id\":\"https:\/\/gerajeune.com\/#organization\",\"name\":\"gerajeune\",\"url\":\"https:\/\/gerajeune.com\/\",\"logo\":{\"@type\":\"ImageObject\",\"inLanguage\":\"en-US\",\"@id\":\"https:\/\/gerajeune.com\/#\/schema\/logo\/image\/\",\"url\":\"http:\/\/gerajeune.com\/wp-content\/uploads\/2021\/12\/cropped-logo-modifier-1-e1645608409226.png\",\"contentUrl\":\"http:\/\/gerajeune.com\/wp-content\/uploads\/2021\/12\/cropped-logo-modifier-1-e1645608409226.png\",\"width\":250,\"height\":120,\"caption\":\"gerajeune\"},\"image\":{\"@id\":\"https:\/\/gerajeune.com\/#\/schema\/logo\/image\/\"},\"sameAs\":[\"https:\/\/www.facebook.com\/gerajeune\",\"https:\/\/www.instagram.com\/gerajeune\/reels\/?hl=fr\"]}]}<\/script>\n<!-- \/ Yoast SEO plugin. -->","yoast_head_json":{"title":"Gommage Gourmand Corps MELON GOYAVE - gerajeune","robots":{"index":"index","follow":"follow","max-snippet":"max-snippet:-1","max-image-preview":"max-image-preview:large","max-video-preview":"max-video-preview:-1"},"canonical":"https:\/\/gerajeune.com\/en\/product\/gommage-gourmand-corps-melon-goyave\/","og_locale":"en_US","og_type":"article","og_title":"Gommage Gourmand Corps MELON GOYAVE - gerajeune","og_description":"Gommage Gourmand Pourquoi faire un gommage du corps ? il\u00a0 purifie la peau en douceur et \u00e9limine les impuret\u00e9s gr\u00e2ce \u00e0 une combinaison d\u2019huiles v\u00e9g\u00e9tales aux propri\u00e9t\u00e9s nourrissantes, \u00e9claircissantes et r\u00e9paratrices, il nourrit l\u2019\u00e9piderme pour retrouver une peau douce , lisse et \u00e9clatante d\u00e9licatement parfum\u00e9e. Convient aussi aux peaux s\u00e8ches des coudes et des genoux. Mieux oxyg\u00e9n\u00e9 et r\u00e9sistant, l&rsquo;\u00e9piderme est magnifi\u00e9 et plus lumineux. Un doux parfum fruit\u00e9 et sucr\u00e9 qui embaumera votre\u00a0bain gourmand et color\u00e9 .L&rsquo;odeur\u00a0de\u00a0fruit est envoutante qui permet de nettoyer l&rsquo;esprit","og_url":"https:\/\/gerajeune.com\/en\/product\/gommage-gourmand-corps-melon-goyave\/","og_site_name":"gerajeune","article_publisher":"https:\/\/www.facebook.com\/gerajeune","article_modified_time":"2025-03-11T17:03:02+00:00","og_image":[{"width":1080,"height":1080,"url":"https:\/\/gerajeune.com\/wp-content\/uploads\/2024\/06\/Gommade_Fruity_Mood_Melon_Jaune_New.webp","type":"image\/webp"}],"twitter_card":"summary_large_image","twitter_misc":{"Est. reading time":"1 minute"},"schema":{"@context":"https:\/\/schema.org","@graph":[{"@type":"WebPage","@id":"https:\/\/gerajeune.com\/produit\/gommage-gourmand-corps-melon-goyave\/","url":"https:\/\/gerajeune.com\/produit\/gommage-gourmand-corps-melon-goyave\/","name":"Gommage Gourmand Corps MELON GOYAVE - gerajeune","isPartOf":{"@id":"https:\/\/gerajeune.com\/#website"},"primaryImageOfPage":{"@id":"https:\/\/gerajeune.com\/produit\/gommage-gourmand-corps-melon-goyave\/#primaryimage"},"image":{"@id":"https:\/\/gerajeune.com\/produit\/gommage-gourmand-corps-melon-goyave\/#primaryimage"},"thumbnailUrl":"https:\/\/gerajeune.com\/wp-content\/uploads\/2024\/06\/Gommade_Fruity_Mood_Melon_Jaune_New.webp","datePublished":"2024-06-18T09:36:02+00:00","dateModified":"2025-03-11T17:03:02+00:00","breadcrumb":{"@id":"https:\/\/gerajeune.com\/produit\/gommage-gourmand-corps-melon-goyave\/#breadcrumb"},"inLanguage":"en-US","potentialAction":[{"@type":"ReadAction","target":["https:\/\/gerajeune.com\/produit\/gommage-gourmand-corps-melon-goyave\/"]}]},{"@type":"ImageObject","inLanguage":"en-US","@id":"https:\/\/gerajeune.com\/produit\/gommage-gourmand-corps-melon-goyave\/#primaryimage","url":"https:\/\/gerajeune.com\/wp-content\/uploads\/2024\/06\/Gommade_Fruity_Mood_Melon_Jaune_New.webp","contentUrl":"https:\/\/gerajeune.com\/wp-content\/uploads\/2024\/06\/Gommade_Fruity_Mood_Melon_Jaune_New.webp","width":1080,"height":1080},{"@type":"BreadcrumbList","@id":"https:\/\/gerajeune.com\/produit\/gommage-gourmand-corps-melon-goyave\/#breadcrumb","itemListElement":[{"@type":"ListItem","position":1,"name":"Accueil","item":"https:\/\/gerajeune.com\/"},{"@type":"ListItem","position":2,"name":"Produits","item":"https:\/\/gerajeune.com\/__trashed-6\/"},{"@type":"ListItem","position":3,"name":"Gommage Gourmand Corps MELON GOYAVE"}]},{"@type":"WebSite","@id":"https:\/\/gerajeune.com\/#website","url":"https:\/\/gerajeune.com\/","name":"gerajeune","description":"Naturally beautiful, visibly young","publisher":{"@id":"https:\/\/gerajeune.com\/#organization"},"potentialAction":[{"@type":"SearchAction","target":{"@type":"EntryPoint","urlTemplate":"https:\/\/gerajeune.com\/?s={search_term_string}"},"query-input":{"@type":"PropertyValueSpecification","valueRequired":true,"valueName":"search_term_string"}}],"inLanguage":"en-US"},{"@type":"Organization","@id":"https:\/\/gerajeune.com\/#organization","name":"gerajeune","url":"https:\/\/gerajeune.com\/","logo":{"@type":"ImageObject","inLanguage":"en-US","@id":"https:\/\/gerajeune.com\/#\/schema\/logo\/image\/","url":"http:\/\/gerajeune.com\/wp-content\/uploads\/2021\/12\/cropped-logo-modifier-1-e1645608409226.png","contentUrl":"http:\/\/gerajeune.com\/wp-content\/uploads\/2021\/12\/cropped-logo-modifier-1-e1645608409226.png","width":250,"height":120,"caption":"gerajeune"},"image":{"@id":"https:\/\/gerajeune.com\/#\/schema\/logo\/image\/"},"sameAs":["https:\/\/www.facebook.com\/gerajeune","https:\/\/www.instagram.com\/gerajeune\/reels\/?hl=fr"]}]}},"jetpack_sharing_enabled":true,"_links":{"self":[{"href":"https:\/\/gerajeune.com\/en\/wp-json\/wp\/v2\/product\/8604","targetHints":{"allow":["GET"]}}],"collection":[{"href":"https:\/\/gerajeune.com\/en\/wp-json\/wp\/v2\/product"}],"about":[{"href":"https:\/\/gerajeune.com\/en\/wp-json\/wp\/v2\/types\/product"}],"replies":[{"embeddable":true,"href":"https:\/\/gerajeune.com\/en\/wp-json\/wp\/v2\/comments?post=8604"}],"version-history":[{"count":1,"href":"https:\/\/gerajeune.com\/en\/wp-json\/wp\/v2\/product\/8604\/revisions"}],"predecessor-version":[{"id":8605,"href":"https:\/\/gerajeune.com\/en\/wp-json\/wp\/v2\/product\/8604\/revisions\/8605"}],"wp:featuredmedia":[{"embeddable":true,"href":"https:\/\/gerajeune.com\/en\/wp-json\/wp\/v2\/media\/13692"}],"wp:attachment":[{"href":"https:\/\/gerajeune.com\/en\/wp-json\/wp\/v2\/media?parent=8604"}],"wp:term":[{"taxonomy":"product_brand","embeddable":true,"href":"https:\/\/gerajeune.com\/en\/wp-json\/wp\/v2\/product_brand?post=8604"},{"taxonomy":"product_cat","embeddable":true,"href":"https:\/\/gerajeune.com\/en\/wp-json\/wp\/v2\/product_cat?post=8604"},{"taxonomy":"product_tag","embeddable":true,"href":"https:\/\/gerajeune.com\/en\/wp-json\/wp\/v2\/product_tag?post=8604"}],"curies":[{"name":"wp","href":"https:\/\/api.w.org\/{rel}","templated":true}]}}