{"id":8794,"date":"2024-06-19T10:37:02","date_gmt":"2024-06-19T09:37:02","guid":{"rendered":"http:\/\/gerajeune.com\/?post_type=product&#038;p=8794"},"modified":"2025-10-08T12:44:38","modified_gmt":"2025-10-08T11:44:38","slug":"concealer-anti-rougeurs","status":"publish","type":"product","link":"https:\/\/gerajeune.com\/en\/product\/concealer-anti-rougeurs\/","title":{"rendered":"Anti-redness concealer"},"content":{"rendered":"<p>Anti-Dark Circles-Natural Corrector-15ml: A liquid concealer with a silky texture formula provides medium to full coverage with a feather-light feel.<\/p>\n<h4><strong>Why a Gerajeune Anti-Dark Circles?<\/strong><\/h4>\n<ul>\n<li>Natural formula<\/li>\n<li>at an SPF 30 blocks about 95 % of UVB rays<\/li>\n<li>Does not contain petrochemical ingredients<\/li>\n<li>Nourishing power<\/li>\n<li>Protective power<\/li>\n<li>Practical<\/li>\n<li>Liquid texture<\/li>\n<li>\u00a0Light formula<\/li>\n<li>Illuminates, conceals and sculpts<\/li>\n<li>High coverage without material effect<\/li>\n<li>Natural finish<\/li>\n<li>Can be used on the entire face or on targeted areas<\/li>\n<li>Multi-tasking liquid concealer covers imperfections, dark circles and uneven skin tone<\/li>\n<li>\u00a0The easy-to-blend formula glides onto skin, delivering a smooth, natural-looking finish<\/li>\n<li>Long-lasting, touch-resistant formula that is ultra-light and comfortable on the skin all day long<\/li>\n<\/ul>\n<h4><strong>Ingredients :\u00a0<\/strong><\/h4>\n<ul>\n<li>Vitamin B3: It plays an essential role in maintaining a\u00a0<a href=\"https:\/\/fr.wikipedia.org\/wiki\/Peau\"><b>skin<\/b><\/a> normal thanks to its anti-inflammatory action, helps prevent and limit redness also prevents oxidation of the\u00a0<b>skin<\/b><\/li>\n<li>Alpha arbutin: fights against the formation of pigment spots and reduces those already present, reduces post-inflammatory hyperpigmentation often associated with acne marks, it is an anti-spot and lightening active ingredient<\/li>\n<li>Rosemary: helps regulate sebum production and thus purify the skin.<\/li>\n<li>Vitamin E: Helps prevent dry patches from appearing so you can have smooth, hydrated skin<\/li>\n<li>Prickly pear seed oil: has a moisturizing, firming and sebum-regulating action<\/li>\n<\/ul>\n<h4><strong>How to choose my Natural Concealer?<\/strong><\/h4>\n<ul>\n<li>To neutralize the blue, use a shade with slightly pink undertones<\/li>\n<li>for dark circles that are brown tones The right concealer color will have orange undertones.<\/li>\n<li>for pink or purple dark circles choose a concealer with yellow undertones.<\/li>\n<\/ul>\n<h4><strong>Want to complete your look?<\/strong><\/h4>\n<p>Choose the <a href=\"http:\/\/gerajeune.com\/en\/product\/natural-lip-gloss-15ml\/\">lip gloss<\/a> , <a href=\"http:\/\/gerajeune.com\/en\/product\/fond-de-teint-naturel\/\">foundation<\/a> And <a href=\"http:\/\/gerajeune.com\/en\/product\/baume-a-levres-naturel\/\">lip balm<\/a> by Gerajeune for a fine and natural makeup<\/p>\n<p>&nbsp;<\/p>","protected":false},"excerpt":{"rendered":"<p>Anti Cernes-Correcteur Naturel-15ml : Un correcteur liquide de formule \u00e0 la texture soyeuse offre une couvrance moyenne \u00e0 compl\u00e8te avec une sensation de plume l\u00e9g\u00e8re. Pourquoi un Anti Cernes Gerajeune ? De formule naturelle \u00e0 un SPF 30 en bloque environ 95 % des rayons UVB Ne contient\u00a0 pas d\u2019ingr\u00e9dients issus de la p\u00e9trochimie Pouvoir nourrissant Pouvoir protecteur Pratique Texture liquide \u00a0Formule l\u00e9g\u00e8re Illumine, camoufle et sculpte Haute couvrance sans effet de mati\u00e8re Fini naturel Peut \u00eatre utilis\u00e9 sur l&rsquo;ensemble du visage ou sur des zones cibl\u00e9es Anti-cernes liquide multi-t\u00e2ches couvrant les imperfections, les cernes et le teint in\u00e9gal \u00a0La formule facile \u00e0 m\u00e9langer glisse sur la peau, offrant un fini lisse et d&rsquo;apparence naturelle Formule longue tenue, r\u00e9sistante au toucher, ultra-l\u00e9g\u00e8re et confortable sur la peau toute la journ\u00e9 Ingr\u00e9dients :\u00a0 vitamine B3 : Elle joue un r\u00f4le essentiel dans le maintien d&rsquo;une\u00a0peau normale gr\u00e2ce \u00e0 son action anti-inflammatoire , aide \u00e0 pr\u00e9venir et limiter les rougeurs pr\u00e9vient aussi\u00a0 de\u00a0 l&rsquo;oxydation de la\u00a0peau Alpha arbutine : lutte contre la formation des taches pigmentaires et r\u00e9duit celles d\u00e9j\u00e0 pr\u00e9sentes , reduit les hyperpigmentations post inflammatoires souvent associ\u00e9es aux marques d&rsquo;acn\u00e9 , c&rsquo;est un actif anti-taches et \u00e9claircissant Romarin : aide \u00e0 r\u00e9guler la production de s\u00e9bum et ainsi purifier la peau. Vitamine E: aide \u00e0 \u00e9viter l&rsquo;apparition de plaques de s\u00e9cheresse afin que vous puissiez avoir d&rsquo;une peau lisse et hydrat\u00e9e Huile de pepin de fige de barbarie :a une action hydratante, raffermissante et s\u00e9bor\u00e9gulatrice Comment choisir mon Anti Cernes-Correcteur Naturel\u00a0 ? pour neutraliser le bleu misez une teinte aux sous-tends l\u00e9g\u00e8rement ros\u00e9e pour les cernes qui sont dans les tons bruns La bonne couleur d\u2019anticernes aura des sous-tends orang\u00e9s. pour les\u00a0 cernes ros\u00e9s ou violac\u00e9s choisissez un anticernes avec des sous-tends jaunes. Envie de compl\u00e9ter votre look ? Optez le lip gloss , fond de teint et baume \u00e0 l\u00e8vres de Gerajeune pour un maquillage fin et naturel &nbsp;<\/p>","protected":false},"featured_media":14166,"comment_status":"open","ping_status":"closed","template":"","meta":{"_monsterinsights_skip_tracking":false,"_monsterinsights_sitenote_active":false,"_monsterinsights_sitenote_note":"","_monsterinsights_sitenote_category":0,"ocean_post_layout":"","ocean_both_sidebars_style":"","ocean_both_sidebars_content_width":0,"ocean_both_sidebars_sidebars_width":0,"ocean_sidebar":"0","ocean_second_sidebar":"0","ocean_disable_margins":"enable","ocean_add_body_class":"","ocean_shortcode_before_top_bar":"","ocean_shortcode_after_top_bar":"","ocean_shortcode_before_header":"","ocean_shortcode_after_header":"","ocean_has_shortcode":"","ocean_shortcode_after_title":"","ocean_shortcode_before_footer_widgets":"","ocean_shortcode_after_footer_widgets":"","ocean_shortcode_before_footer_bottom":"","ocean_shortcode_after_footer_bottom":"","ocean_display_top_bar":"default","ocean_display_header":"default","ocean_header_style":"","ocean_center_header_left_menu":"0","ocean_custom_header_template":"0","ocean_custom_logo":0,"ocean_custom_retina_logo":0,"ocean_custom_logo_max_width":0,"ocean_custom_logo_tablet_max_width":0,"ocean_custom_logo_mobile_max_width":0,"ocean_custom_logo_max_height":0,"ocean_custom_logo_tablet_max_height":0,"ocean_custom_logo_mobile_max_height":0,"ocean_header_custom_menu":"0","ocean_menu_typo_font_family":"0","ocean_menu_typo_font_subset":"","ocean_menu_typo_font_size":0,"ocean_menu_typo_font_size_tablet":0,"ocean_menu_typo_font_size_mobile":0,"ocean_menu_typo_font_size_unit":"px","ocean_menu_typo_font_weight":"","ocean_menu_typo_font_weight_tablet":"","ocean_menu_typo_font_weight_mobile":"","ocean_menu_typo_transform":"","ocean_menu_typo_transform_tablet":"","ocean_menu_typo_transform_mobile":"","ocean_menu_typo_line_height":0,"ocean_menu_typo_line_height_tablet":0,"ocean_menu_typo_line_height_mobile":0,"ocean_menu_typo_line_height_unit":"","ocean_menu_typo_spacing":0,"ocean_menu_typo_spacing_tablet":0,"ocean_menu_typo_spacing_mobile":0,"ocean_menu_typo_spacing_unit":"","ocean_menu_link_color":"","ocean_menu_link_color_hover":"","ocean_menu_link_color_active":"","ocean_menu_link_background":"","ocean_menu_link_hover_background":"","ocean_menu_link_active_background":"","ocean_menu_social_links_bg":"","ocean_menu_social_hover_links_bg":"","ocean_menu_social_links_color":"","ocean_menu_social_hover_links_color":"","ocean_disable_title":"default","ocean_disable_heading":"default","ocean_post_title":"","ocean_post_subheading":"","ocean_post_title_style":"","ocean_post_title_background_color":"","ocean_post_title_background":0,"ocean_post_title_bg_image_position":"","ocean_post_title_bg_image_attachment":"","ocean_post_title_bg_image_repeat":"","ocean_post_title_bg_image_size":"","ocean_post_title_height":0,"ocean_post_title_bg_overlay":0.5,"ocean_post_title_bg_overlay_color":"","ocean_disable_breadcrumbs":"default","ocean_breadcrumbs_color":"","ocean_breadcrumbs_separator_color":"","ocean_breadcrumbs_links_color":"","ocean_breadcrumbs_links_hover_color":"","ocean_display_footer_widgets":"default","ocean_display_footer_bottom":"default","ocean_custom_footer_template":"0","omw_enable_modal_window":"enable"},"product_brand":[],"product_cat":[158],"product_tag":[],"class_list":{"0":"post-8794","1":"product","2":"type-product","3":"status-publish","4":"has-post-thumbnail","6":"product_cat-clean-beauty","8":"entry","9":"has-media","11":"first","12":"instock","13":"taxable","14":"shipping-taxable","15":"purchasable","16":"product-type-simple","17":"col","18":"span_1_of_3","19":"owp-content-center","20":"owp-thumbs-layout-horizontal","21":"owp-btn-normal","22":"owp-tabs-layout-horizontal","23":"has-no-thumbnails"},"yoast_head":"<!-- This site is optimized with the Yoast SEO plugin v27.0 - https:\/\/yoast.com\/product\/yoast-seo-wordpress\/ -->\n<title>Concealer anti rougeurs - gerajeune<\/title>\n<meta name=\"robots\" content=\"index, follow, max-snippet:-1, max-image-preview:large, max-video-preview:-1\" \/>\n<link rel=\"canonical\" href=\"https:\/\/gerajeune.com\/en\/product\/concealer-anti-rougeurs\/\" \/>\n<meta property=\"og:locale\" content=\"en_US\" \/>\n<meta property=\"og:type\" content=\"article\" \/>\n<meta property=\"og:title\" content=\"Concealer anti rougeurs - gerajeune\" \/>\n<meta property=\"og:description\" content=\"Anti Cernes-Correcteur Naturel-15ml : Un correcteur liquide de formule \u00e0 la texture soyeuse offre une couvrance moyenne \u00e0 compl\u00e8te avec une sensation de plume l\u00e9g\u00e8re. Pourquoi un Anti Cernes Gerajeune ? De formule naturelle \u00e0 un SPF 30 en bloque environ 95 % des rayons UVB Ne contient\u00a0 pas d\u2019ingr\u00e9dients issus de la p\u00e9trochimie Pouvoir nourrissant Pouvoir protecteur Pratique Texture liquide \u00a0Formule l\u00e9g\u00e8re Illumine, camoufle et sculpte Haute couvrance sans effet de mati\u00e8re Fini naturel Peut \u00eatre utilis\u00e9 sur l&rsquo;ensemble du visage ou sur des zones cibl\u00e9es Anti-cernes liquide multi-t\u00e2ches couvrant les imperfections, les cernes et le teint in\u00e9gal \u00a0La formule facile \u00e0 m\u00e9langer glisse sur la peau, offrant un fini lisse et d&rsquo;apparence naturelle Formule longue tenue, r\u00e9sistante au toucher, ultra-l\u00e9g\u00e8re et confortable sur la peau toute la journ\u00e9 Ingr\u00e9dients :\u00a0 vitamine B3 : Elle joue un r\u00f4le essentiel dans le maintien d&rsquo;une\u00a0peau normale gr\u00e2ce \u00e0 son action anti-inflammatoire , aide \u00e0 pr\u00e9venir et limiter les rougeurs pr\u00e9vient aussi\u00a0 de\u00a0 l&rsquo;oxydation de la\u00a0peau Alpha arbutine : lutte contre la formation des taches pigmentaires et r\u00e9duit celles d\u00e9j\u00e0 pr\u00e9sentes , reduit les hyperpigmentations post inflammatoires souvent associ\u00e9es aux marques d&rsquo;acn\u00e9 , c&rsquo;est un actif anti-taches et \u00e9claircissant Romarin : aide \u00e0 r\u00e9guler la production de s\u00e9bum et ainsi purifier la peau. Vitamine E: aide \u00e0 \u00e9viter l&rsquo;apparition de plaques de s\u00e9cheresse afin que vous puissiez avoir d&rsquo;une peau lisse et hydrat\u00e9e Huile de pepin de fige de barbarie :a une action hydratante, raffermissante et s\u00e9bor\u00e9gulatrice Comment choisir mon Anti Cernes-Correcteur Naturel\u00a0 ? pour neutraliser le bleu misez une teinte aux sous-tends l\u00e9g\u00e8rement ros\u00e9e pour les cernes qui sont dans les tons bruns La bonne couleur d\u2019anticernes aura des sous-tends orang\u00e9s. pour les\u00a0 cernes ros\u00e9s ou violac\u00e9s choisissez un anticernes avec des sous-tends jaunes. Envie de compl\u00e9ter votre look ? Optez le lip gloss , fond de teint et baume \u00e0 l\u00e8vres de Gerajeune pour un maquillage fin et naturel &nbsp;\" \/>\n<meta property=\"og:url\" content=\"https:\/\/gerajeune.com\/en\/product\/concealer-anti-rougeurs\/\" \/>\n<meta property=\"og:site_name\" content=\"gerajeune\" \/>\n<meta property=\"article:publisher\" content=\"https:\/\/www.facebook.com\/gerajeune\" \/>\n<meta property=\"article:modified_time\" content=\"2025-10-08T11:44:38+00:00\" \/>\n<meta property=\"og:image\" content=\"https:\/\/gerajeune.com\/wp-content\/uploads\/2024\/06\/Concealer_Anti-Rougeur_New.webp\" \/>\n\t<meta property=\"og:image:width\" content=\"1080\" \/>\n\t<meta property=\"og:image:height\" content=\"1080\" \/>\n\t<meta property=\"og:image:type\" content=\"image\/webp\" \/>\n<meta name=\"twitter:card\" content=\"summary_large_image\" \/>\n<meta name=\"twitter:label1\" content=\"Est. reading time\" \/>\n\t<meta name=\"twitter:data1\" content=\"2 minutes\" \/>\n<script type=\"application\/ld+json\" class=\"yoast-schema-graph\">{\"@context\":\"https:\/\/schema.org\",\"@graph\":[{\"@type\":\"WebPage\",\"@id\":\"https:\/\/gerajeune.com\/produit\/concealer-anti-rougeurs\/\",\"url\":\"https:\/\/gerajeune.com\/produit\/concealer-anti-rougeurs\/\",\"name\":\"Concealer anti rougeurs - gerajeune\",\"isPartOf\":{\"@id\":\"https:\/\/gerajeune.com\/#website\"},\"primaryImageOfPage\":{\"@id\":\"https:\/\/gerajeune.com\/produit\/concealer-anti-rougeurs\/#primaryimage\"},\"image\":{\"@id\":\"https:\/\/gerajeune.com\/produit\/concealer-anti-rougeurs\/#primaryimage\"},\"thumbnailUrl\":\"https:\/\/gerajeune.com\/wp-content\/uploads\/2024\/06\/Concealer_Anti-Rougeur_New.webp\",\"datePublished\":\"2024-06-19T09:37:02+00:00\",\"dateModified\":\"2025-10-08T11:44:38+00:00\",\"breadcrumb\":{\"@id\":\"https:\/\/gerajeune.com\/produit\/concealer-anti-rougeurs\/#breadcrumb\"},\"inLanguage\":\"en-US\",\"potentialAction\":[{\"@type\":\"ReadAction\",\"target\":[\"https:\/\/gerajeune.com\/produit\/concealer-anti-rougeurs\/\"]}]},{\"@type\":\"ImageObject\",\"inLanguage\":\"en-US\",\"@id\":\"https:\/\/gerajeune.com\/produit\/concealer-anti-rougeurs\/#primaryimage\",\"url\":\"https:\/\/gerajeune.com\/wp-content\/uploads\/2024\/06\/Concealer_Anti-Rougeur_New.webp\",\"contentUrl\":\"https:\/\/gerajeune.com\/wp-content\/uploads\/2024\/06\/Concealer_Anti-Rougeur_New.webp\",\"width\":1080,\"height\":1080},{\"@type\":\"BreadcrumbList\",\"@id\":\"https:\/\/gerajeune.com\/produit\/concealer-anti-rougeurs\/#breadcrumb\",\"itemListElement\":[{\"@type\":\"ListItem\",\"position\":1,\"name\":\"Accueil\",\"item\":\"https:\/\/gerajeune.com\/\"},{\"@type\":\"ListItem\",\"position\":2,\"name\":\"Produits\",\"item\":\"https:\/\/gerajeune.com\/__trashed-6\/\"},{\"@type\":\"ListItem\",\"position\":3,\"name\":\"Concealer anti rougeurs\"}]},{\"@type\":\"WebSite\",\"@id\":\"https:\/\/gerajeune.com\/#website\",\"url\":\"https:\/\/gerajeune.com\/\",\"name\":\"gerajeune\",\"description\":\"Naturellement belle, visiblement jeune\",\"publisher\":{\"@id\":\"https:\/\/gerajeune.com\/#organization\"},\"potentialAction\":[{\"@type\":\"SearchAction\",\"target\":{\"@type\":\"EntryPoint\",\"urlTemplate\":\"https:\/\/gerajeune.com\/?s={search_term_string}\"},\"query-input\":{\"@type\":\"PropertyValueSpecification\",\"valueRequired\":true,\"valueName\":\"search_term_string\"}}],\"inLanguage\":\"en-US\"},{\"@type\":\"Organization\",\"@id\":\"https:\/\/gerajeune.com\/#organization\",\"name\":\"gerajeune\",\"url\":\"https:\/\/gerajeune.com\/\",\"logo\":{\"@type\":\"ImageObject\",\"inLanguage\":\"en-US\",\"@id\":\"https:\/\/gerajeune.com\/#\/schema\/logo\/image\/\",\"url\":\"http:\/\/gerajeune.com\/wp-content\/uploads\/2021\/12\/cropped-logo-modifier-1-e1645608409226.png\",\"contentUrl\":\"http:\/\/gerajeune.com\/wp-content\/uploads\/2021\/12\/cropped-logo-modifier-1-e1645608409226.png\",\"width\":250,\"height\":120,\"caption\":\"gerajeune\"},\"image\":{\"@id\":\"https:\/\/gerajeune.com\/#\/schema\/logo\/image\/\"},\"sameAs\":[\"https:\/\/www.facebook.com\/gerajeune\",\"https:\/\/www.instagram.com\/gerajeune\/reels\/?hl=fr\"]}]}<\/script>\n<!-- \/ Yoast SEO plugin. -->","yoast_head_json":{"title":"Concealer anti rougeurs - gerajeune","robots":{"index":"index","follow":"follow","max-snippet":"max-snippet:-1","max-image-preview":"max-image-preview:large","max-video-preview":"max-video-preview:-1"},"canonical":"https:\/\/gerajeune.com\/en\/product\/concealer-anti-rougeurs\/","og_locale":"en_US","og_type":"article","og_title":"Concealer anti rougeurs - gerajeune","og_description":"Anti Cernes-Correcteur Naturel-15ml : Un correcteur liquide de formule \u00e0 la texture soyeuse offre une couvrance moyenne \u00e0 compl\u00e8te avec une sensation de plume l\u00e9g\u00e8re. Pourquoi un Anti Cernes Gerajeune ? De formule naturelle \u00e0 un SPF 30 en bloque environ 95 % des rayons UVB Ne contient\u00a0 pas d\u2019ingr\u00e9dients issus de la p\u00e9trochimie Pouvoir nourrissant Pouvoir protecteur Pratique Texture liquide \u00a0Formule l\u00e9g\u00e8re Illumine, camoufle et sculpte Haute couvrance sans effet de mati\u00e8re Fini naturel Peut \u00eatre utilis\u00e9 sur l&rsquo;ensemble du visage ou sur des zones cibl\u00e9es Anti-cernes liquide multi-t\u00e2ches couvrant les imperfections, les cernes et le teint in\u00e9gal \u00a0La formule facile \u00e0 m\u00e9langer glisse sur la peau, offrant un fini lisse et d&rsquo;apparence naturelle Formule longue tenue, r\u00e9sistante au toucher, ultra-l\u00e9g\u00e8re et confortable sur la peau toute la journ\u00e9 Ingr\u00e9dients :\u00a0 vitamine B3 : Elle joue un r\u00f4le essentiel dans le maintien d&rsquo;une\u00a0peau normale gr\u00e2ce \u00e0 son action anti-inflammatoire , aide \u00e0 pr\u00e9venir et limiter les rougeurs pr\u00e9vient aussi\u00a0 de\u00a0 l&rsquo;oxydation de la\u00a0peau Alpha arbutine : lutte contre la formation des taches pigmentaires et r\u00e9duit celles d\u00e9j\u00e0 pr\u00e9sentes , reduit les hyperpigmentations post inflammatoires souvent associ\u00e9es aux marques d&rsquo;acn\u00e9 , c&rsquo;est un actif anti-taches et \u00e9claircissant Romarin : aide \u00e0 r\u00e9guler la production de s\u00e9bum et ainsi purifier la peau. Vitamine E: aide \u00e0 \u00e9viter l&rsquo;apparition de plaques de s\u00e9cheresse afin que vous puissiez avoir d&rsquo;une peau lisse et hydrat\u00e9e Huile de pepin de fige de barbarie :a une action hydratante, raffermissante et s\u00e9bor\u00e9gulatrice Comment choisir mon Anti Cernes-Correcteur Naturel\u00a0 ? pour neutraliser le bleu misez une teinte aux sous-tends l\u00e9g\u00e8rement ros\u00e9e pour les cernes qui sont dans les tons bruns La bonne couleur d\u2019anticernes aura des sous-tends orang\u00e9s. pour les\u00a0 cernes ros\u00e9s ou violac\u00e9s choisissez un anticernes avec des sous-tends jaunes. Envie de compl\u00e9ter votre look ? Optez le lip gloss , fond de teint et baume \u00e0 l\u00e8vres de Gerajeune pour un maquillage fin et naturel &nbsp;","og_url":"https:\/\/gerajeune.com\/en\/product\/concealer-anti-rougeurs\/","og_site_name":"gerajeune","article_publisher":"https:\/\/www.facebook.com\/gerajeune","article_modified_time":"2025-10-08T11:44:38+00:00","og_image":[{"width":1080,"height":1080,"url":"https:\/\/gerajeune.com\/wp-content\/uploads\/2024\/06\/Concealer_Anti-Rougeur_New.webp","type":"image\/webp"}],"twitter_card":"summary_large_image","twitter_misc":{"Est. reading time":"2 minutes"},"schema":{"@context":"https:\/\/schema.org","@graph":[{"@type":"WebPage","@id":"https:\/\/gerajeune.com\/produit\/concealer-anti-rougeurs\/","url":"https:\/\/gerajeune.com\/produit\/concealer-anti-rougeurs\/","name":"Concealer anti rougeurs - gerajeune","isPartOf":{"@id":"https:\/\/gerajeune.com\/#website"},"primaryImageOfPage":{"@id":"https:\/\/gerajeune.com\/produit\/concealer-anti-rougeurs\/#primaryimage"},"image":{"@id":"https:\/\/gerajeune.com\/produit\/concealer-anti-rougeurs\/#primaryimage"},"thumbnailUrl":"https:\/\/gerajeune.com\/wp-content\/uploads\/2024\/06\/Concealer_Anti-Rougeur_New.webp","datePublished":"2024-06-19T09:37:02+00:00","dateModified":"2025-10-08T11:44:38+00:00","breadcrumb":{"@id":"https:\/\/gerajeune.com\/produit\/concealer-anti-rougeurs\/#breadcrumb"},"inLanguage":"en-US","potentialAction":[{"@type":"ReadAction","target":["https:\/\/gerajeune.com\/produit\/concealer-anti-rougeurs\/"]}]},{"@type":"ImageObject","inLanguage":"en-US","@id":"https:\/\/gerajeune.com\/produit\/concealer-anti-rougeurs\/#primaryimage","url":"https:\/\/gerajeune.com\/wp-content\/uploads\/2024\/06\/Concealer_Anti-Rougeur_New.webp","contentUrl":"https:\/\/gerajeune.com\/wp-content\/uploads\/2024\/06\/Concealer_Anti-Rougeur_New.webp","width":1080,"height":1080},{"@type":"BreadcrumbList","@id":"https:\/\/gerajeune.com\/produit\/concealer-anti-rougeurs\/#breadcrumb","itemListElement":[{"@type":"ListItem","position":1,"name":"Accueil","item":"https:\/\/gerajeune.com\/"},{"@type":"ListItem","position":2,"name":"Produits","item":"https:\/\/gerajeune.com\/__trashed-6\/"},{"@type":"ListItem","position":3,"name":"Concealer anti rougeurs"}]},{"@type":"WebSite","@id":"https:\/\/gerajeune.com\/#website","url":"https:\/\/gerajeune.com\/","name":"gerajeune","description":"Naturally beautiful, visibly young","publisher":{"@id":"https:\/\/gerajeune.com\/#organization"},"potentialAction":[{"@type":"SearchAction","target":{"@type":"EntryPoint","urlTemplate":"https:\/\/gerajeune.com\/?s={search_term_string}"},"query-input":{"@type":"PropertyValueSpecification","valueRequired":true,"valueName":"search_term_string"}}],"inLanguage":"en-US"},{"@type":"Organization","@id":"https:\/\/gerajeune.com\/#organization","name":"gerajeune","url":"https:\/\/gerajeune.com\/","logo":{"@type":"ImageObject","inLanguage":"en-US","@id":"https:\/\/gerajeune.com\/#\/schema\/logo\/image\/","url":"http:\/\/gerajeune.com\/wp-content\/uploads\/2021\/12\/cropped-logo-modifier-1-e1645608409226.png","contentUrl":"http:\/\/gerajeune.com\/wp-content\/uploads\/2021\/12\/cropped-logo-modifier-1-e1645608409226.png","width":250,"height":120,"caption":"gerajeune"},"image":{"@id":"https:\/\/gerajeune.com\/#\/schema\/logo\/image\/"},"sameAs":["https:\/\/www.facebook.com\/gerajeune","https:\/\/www.instagram.com\/gerajeune\/reels\/?hl=fr"]}]}},"jetpack_sharing_enabled":true,"_links":{"self":[{"href":"https:\/\/gerajeune.com\/en\/wp-json\/wp\/v2\/product\/8794","targetHints":{"allow":["GET"]}}],"collection":[{"href":"https:\/\/gerajeune.com\/en\/wp-json\/wp\/v2\/product"}],"about":[{"href":"https:\/\/gerajeune.com\/en\/wp-json\/wp\/v2\/types\/product"}],"replies":[{"embeddable":true,"href":"https:\/\/gerajeune.com\/en\/wp-json\/wp\/v2\/comments?post=8794"}],"version-history":[{"count":1,"href":"https:\/\/gerajeune.com\/en\/wp-json\/wp\/v2\/product\/8794\/revisions"}],"predecessor-version":[{"id":8795,"href":"https:\/\/gerajeune.com\/en\/wp-json\/wp\/v2\/product\/8794\/revisions\/8795"}],"wp:featuredmedia":[{"embeddable":true,"href":"https:\/\/gerajeune.com\/en\/wp-json\/wp\/v2\/media\/14166"}],"wp:attachment":[{"href":"https:\/\/gerajeune.com\/en\/wp-json\/wp\/v2\/media?parent=8794"}],"wp:term":[{"taxonomy":"product_brand","embeddable":true,"href":"https:\/\/gerajeune.com\/en\/wp-json\/wp\/v2\/product_brand?post=8794"},{"taxonomy":"product_cat","embeddable":true,"href":"https:\/\/gerajeune.com\/en\/wp-json\/wp\/v2\/product_cat?post=8794"},{"taxonomy":"product_tag","embeddable":true,"href":"https:\/\/gerajeune.com\/en\/wp-json\/wp\/v2\/product_tag?post=8794"}],"curies":[{"name":"wp","href":"https:\/\/api.w.org\/{rel}","templated":true}]}}