{"id":9527,"date":"2024-06-25T10:05:48","date_gmt":"2024-06-25T09:05:48","guid":{"rendered":"http:\/\/gerajeune.com\/?post_type=product&#038;p=9527"},"modified":"2025-01-10T13:54:37","modified_gmt":"2025-01-10T12:54:37","slug":"pigment-control-meilleur-soin-anti-taches-brunes","status":"publish","type":"product","link":"https:\/\/gerajeune.com\/en\/product\/pigment-control-meilleur-soin-anti-taches-brunes\/","title":{"rendered":"Pigment Control best anti-dark spot treatment"},"content":{"rendered":"<p> Gerajeune Pigment Control Lightening Concentrate is designed to be the ultimate anti-pigment spot treatment. With its powerful, natural formula, this serum helps prevent and correct dark spots and all kinds of pigment spots that dull the complexion. Pigment spots are often caused by the sun, aging, or hormonal changes, but our Pigment Control serum works effectively to reduce their appearance.<\/p>\n<p>With active ingredients like tranexamic acid and hyaluronic acid, Pigment Control penetrates deep into the skin to target dark spots. Plus, licorice extract provides soothing and brightening properties, making this treatment ideal for daily use, even for sensitive skin. By applying the serum daily, you will notice a more even and luminous complexion.<\/p>\n<p>This anti-pigment spot treatment is easy to integrate into your routine: apply it to the specific areas to be lightened, preferably in the evening for maximum effectiveness. Suitable for all skin types, it is ideal for those looking for a radiant complexion and more even skin. With an uncompromising formulation, Gerajeune&#039;s Pigment Control Lightening Concentrate is the natural choice for sublime, soft skin free of imperfections linked to pigment spots.<\/p>\n<p>&lt;h2&gt;Benefits:&lt;\/h2&gt;<br \/>\n<ul><br \/>\n<li>Prevents and corrects pigment spots.<\/li><br \/>\n<li>Effective against the most stubborn brown spots.<\/li><br \/>\n<li>Suitable for all skin types.<\/li><br \/>\n<li>Natural and gentle formula for daily use.<\/li><br \/>\n<\/ul><\/p>\n<p>&lt;h2&gt;Use :&lt;\/h2&gt;<br \/>\n&lt;p&gt;Use daily on areas to be lightened.&lt;\/p&gt;<\/p>\n<p>&lt;h2&gt;Ingredients :&lt;\/h2&gt;<br \/>\n<ul><br \/>\n<li>Aqua<\/li><br \/>\n<li>Propanol<\/li><br \/>\n<li>Glycerin<\/li><br \/>\n<li>Tranexamic Acid<\/li><br \/>\n<li>Damascus Rose Water (Rosa Damascena Water)<\/li><br \/>\n<li>Olive Fruit Oil (Olea Europea Fruit Oil)<\/li><br \/>\n<li>Prickly Pear Seeds Oil<\/li><br \/>\n<li>Licorice Extract<\/li><br \/>\n<li>Aloe Vera Extract<\/li><br \/>\n<li>Vitamin E<\/li><br \/>\n<li>Tocopherol<\/li><br \/>\n<li>Xanthan Gum<\/li><br \/>\n<li>Fragrance<\/li><br \/>\n<li>Sodium Benzoate (Sodium Benzoate)<\/li><br \/>\n<li>Polysorbate 20<\/li><br \/>\n<li>Neroli ( <em>Naturally present in essential oils<\/em> )<\/li><br \/>\n<li>Vanillin ( <em>Naturally present in essential oils<\/em> )<\/li><br \/>\n<li>Limonene ( <em>Naturally present in essential oils<\/em> )<\/li><br \/>\n<li>Geraniol ( <em>Naturally present in essential oils<\/em> )<\/li><br \/>\n<li><em>From organic farming<\/em><\/li><br \/>\n<\/ul><\/p>","protected":false},"excerpt":{"rendered":"<p>Pigment Control Serum<br \/>\n15 ml<\/p>","protected":false},"featured_media":10320,"comment_status":"open","ping_status":"closed","template":"","meta":{"_monsterinsights_skip_tracking":false,"_monsterinsights_sitenote_active":false,"_monsterinsights_sitenote_note":"","_monsterinsights_sitenote_category":0,"ocean_post_layout":"","ocean_both_sidebars_style":"","ocean_both_sidebars_content_width":0,"ocean_both_sidebars_sidebars_width":0,"ocean_sidebar":"0","ocean_second_sidebar":"0","ocean_disable_margins":"enable","ocean_add_body_class":"","ocean_shortcode_before_top_bar":"","ocean_shortcode_after_top_bar":"","ocean_shortcode_before_header":"","ocean_shortcode_after_header":"","ocean_has_shortcode":"","ocean_shortcode_after_title":"","ocean_shortcode_before_footer_widgets":"","ocean_shortcode_after_footer_widgets":"","ocean_shortcode_before_footer_bottom":"","ocean_shortcode_after_footer_bottom":"","ocean_display_top_bar":"default","ocean_display_header":"default","ocean_header_style":"","ocean_center_header_left_menu":"0","ocean_custom_header_template":"0","ocean_custom_logo":0,"ocean_custom_retina_logo":0,"ocean_custom_logo_max_width":0,"ocean_custom_logo_tablet_max_width":0,"ocean_custom_logo_mobile_max_width":0,"ocean_custom_logo_max_height":0,"ocean_custom_logo_tablet_max_height":0,"ocean_custom_logo_mobile_max_height":0,"ocean_header_custom_menu":"0","ocean_menu_typo_font_family":"0","ocean_menu_typo_font_subset":"","ocean_menu_typo_font_size":0,"ocean_menu_typo_font_size_tablet":0,"ocean_menu_typo_font_size_mobile":0,"ocean_menu_typo_font_size_unit":"px","ocean_menu_typo_font_weight":"","ocean_menu_typo_font_weight_tablet":"","ocean_menu_typo_font_weight_mobile":"","ocean_menu_typo_transform":"","ocean_menu_typo_transform_tablet":"","ocean_menu_typo_transform_mobile":"","ocean_menu_typo_line_height":0,"ocean_menu_typo_line_height_tablet":0,"ocean_menu_typo_line_height_mobile":0,"ocean_menu_typo_line_height_unit":"","ocean_menu_typo_spacing":0,"ocean_menu_typo_spacing_tablet":0,"ocean_menu_typo_spacing_mobile":0,"ocean_menu_typo_spacing_unit":"","ocean_menu_link_color":"","ocean_menu_link_color_hover":"","ocean_menu_link_color_active":"","ocean_menu_link_background":"","ocean_menu_link_hover_background":"","ocean_menu_link_active_background":"","ocean_menu_social_links_bg":"","ocean_menu_social_hover_links_bg":"","ocean_menu_social_links_color":"","ocean_menu_social_hover_links_color":"","ocean_disable_title":"default","ocean_disable_heading":"default","ocean_post_title":"","ocean_post_subheading":"","ocean_post_title_style":"","ocean_post_title_background_color":"","ocean_post_title_background":0,"ocean_post_title_bg_image_position":"","ocean_post_title_bg_image_attachment":"","ocean_post_title_bg_image_repeat":"","ocean_post_title_bg_image_size":"","ocean_post_title_height":0,"ocean_post_title_bg_overlay":0.5,"ocean_post_title_bg_overlay_color":"","ocean_disable_breadcrumbs":"default","ocean_breadcrumbs_color":"","ocean_breadcrumbs_separator_color":"","ocean_breadcrumbs_links_color":"","ocean_breadcrumbs_links_hover_color":"","ocean_display_footer_widgets":"default","ocean_display_footer_bottom":"default","ocean_custom_footer_template":"0","omw_enable_modal_window":"enable"},"product_brand":[],"product_cat":[56],"product_tag":[204],"class_list":{"0":"post-9527","1":"product","2":"type-product","3":"status-publish","4":"has-post-thumbnail","6":"product_cat-soin-visage","7":"product_tag-meilleur-soin-pour-lutter-contre-les-taches-brunes","9":"entry","10":"has-media","12":"first","13":"instock","14":"taxable","15":"shipping-taxable","16":"purchasable","17":"product-type-simple","18":"col","19":"span_1_of_3","20":"owp-content-center","21":"owp-thumbs-layout-horizontal","22":"owp-btn-normal","23":"owp-tabs-layout-horizontal","24":"has-no-thumbnails"},"yoast_head":"<!-- This site is optimized with the Yoast SEO plugin v27.0 - https:\/\/yoast.com\/product\/yoast-seo-wordpress\/ -->\n<title>Pigment Control meilleur soin anti taches brunes - gerajeune<\/title>\n<meta name=\"description\" content=\"Le Concentr\u00e9 \u00c9claircissant Pigment Control, meilleur soin pour lutter contre les taches pigmentaires, \u00e0 base d&#039;acide tranexamique, acide hyaluronique et extrait de r\u00e9glisse.\" \/>\n<meta name=\"robots\" content=\"index, follow, max-snippet:-1, max-image-preview:large, max-video-preview:-1\" \/>\n<link rel=\"canonical\" href=\"https:\/\/gerajeune.com\/en\/product\/pigment-control-meilleur-soin-anti-taches-brunes\/\" \/>\n<meta property=\"og:locale\" content=\"en_US\" \/>\n<meta property=\"og:type\" content=\"article\" \/>\n<meta property=\"og:title\" content=\"Pigment Control meilleur soin anti taches brunes - gerajeune\" \/>\n<meta property=\"og:description\" content=\"Le Concentr\u00e9 \u00c9claircissant Pigment Control, meilleur soin pour lutter contre les taches pigmentaires, \u00e0 base d&#039;acide tranexamique, acide hyaluronique et extrait de r\u00e9glisse.\" \/>\n<meta property=\"og:url\" content=\"https:\/\/gerajeune.com\/en\/product\/pigment-control-meilleur-soin-anti-taches-brunes\/\" \/>\n<meta property=\"og:site_name\" content=\"gerajeune\" \/>\n<meta property=\"article:publisher\" content=\"https:\/\/www.facebook.com\/gerajeune\" \/>\n<meta property=\"article:modified_time\" content=\"2025-01-10T12:54:37+00:00\" \/>\n<meta property=\"og:image\" content=\"https:\/\/gerajeune.com\/wp-content\/uploads\/2024\/06\/PigmentControll-2.png\" \/>\n\t<meta property=\"og:image:width\" content=\"1587\" \/>\n\t<meta property=\"og:image:height\" content=\"2245\" \/>\n\t<meta property=\"og:image:type\" content=\"image\/png\" \/>\n<meta name=\"twitter:card\" content=\"summary_large_image\" \/>\n<meta name=\"twitter:label1\" content=\"Est. reading time\" \/>\n\t<meta name=\"twitter:data1\" content=\"3 minutes\" \/>\n<script type=\"application\/ld+json\" class=\"yoast-schema-graph\">{\"@context\":\"https:\/\/schema.org\",\"@graph\":[{\"@type\":\"WebPage\",\"@id\":\"https:\/\/gerajeune.com\/produit\/pigment-control-meilleur-soin-anti-taches-brunes\/\",\"url\":\"https:\/\/gerajeune.com\/produit\/pigment-control-meilleur-soin-anti-taches-brunes\/\",\"name\":\"Pigment Control meilleur soin anti taches brunes - gerajeune\",\"isPartOf\":{\"@id\":\"https:\/\/gerajeune.com\/#website\"},\"primaryImageOfPage\":{\"@id\":\"https:\/\/gerajeune.com\/produit\/pigment-control-meilleur-soin-anti-taches-brunes\/#primaryimage\"},\"image\":{\"@id\":\"https:\/\/gerajeune.com\/produit\/pigment-control-meilleur-soin-anti-taches-brunes\/#primaryimage\"},\"thumbnailUrl\":\"https:\/\/gerajeune.com\/wp-content\/uploads\/2024\/06\/PigmentControll-2.png\",\"datePublished\":\"2024-06-25T09:05:48+00:00\",\"dateModified\":\"2025-01-10T12:54:37+00:00\",\"description\":\"Le Concentr\u00e9 \u00c9claircissant Pigment Control, meilleur soin pour lutter contre les taches pigmentaires, \u00e0 base d'acide tranexamique, acide hyaluronique et extrait de r\u00e9glisse.\",\"breadcrumb\":{\"@id\":\"https:\/\/gerajeune.com\/produit\/pigment-control-meilleur-soin-anti-taches-brunes\/#breadcrumb\"},\"inLanguage\":\"en-US\",\"potentialAction\":[{\"@type\":\"ReadAction\",\"target\":[\"https:\/\/gerajeune.com\/produit\/pigment-control-meilleur-soin-anti-taches-brunes\/\"]}]},{\"@type\":\"ImageObject\",\"inLanguage\":\"en-US\",\"@id\":\"https:\/\/gerajeune.com\/produit\/pigment-control-meilleur-soin-anti-taches-brunes\/#primaryimage\",\"url\":\"https:\/\/gerajeune.com\/wp-content\/uploads\/2024\/06\/PigmentControll-2.png\",\"contentUrl\":\"https:\/\/gerajeune.com\/wp-content\/uploads\/2024\/06\/PigmentControll-2.png\",\"width\":1587,\"height\":2245},{\"@type\":\"BreadcrumbList\",\"@id\":\"https:\/\/gerajeune.com\/produit\/pigment-control-meilleur-soin-anti-taches-brunes\/#breadcrumb\",\"itemListElement\":[{\"@type\":\"ListItem\",\"position\":1,\"name\":\"Accueil\",\"item\":\"https:\/\/gerajeune.com\/\"},{\"@type\":\"ListItem\",\"position\":2,\"name\":\"Produits\",\"item\":\"https:\/\/gerajeune.com\/__trashed-6\/\"},{\"@type\":\"ListItem\",\"position\":3,\"name\":\"Pigment Control meilleur soin anti taches brunes\"}]},{\"@type\":\"WebSite\",\"@id\":\"https:\/\/gerajeune.com\/#website\",\"url\":\"https:\/\/gerajeune.com\/\",\"name\":\"gerajeune\",\"description\":\"Naturellement belle, visiblement jeune\",\"publisher\":{\"@id\":\"https:\/\/gerajeune.com\/#organization\"},\"potentialAction\":[{\"@type\":\"SearchAction\",\"target\":{\"@type\":\"EntryPoint\",\"urlTemplate\":\"https:\/\/gerajeune.com\/?s={search_term_string}\"},\"query-input\":{\"@type\":\"PropertyValueSpecification\",\"valueRequired\":true,\"valueName\":\"search_term_string\"}}],\"inLanguage\":\"en-US\"},{\"@type\":\"Organization\",\"@id\":\"https:\/\/gerajeune.com\/#organization\",\"name\":\"gerajeune\",\"url\":\"https:\/\/gerajeune.com\/\",\"logo\":{\"@type\":\"ImageObject\",\"inLanguage\":\"en-US\",\"@id\":\"https:\/\/gerajeune.com\/#\/schema\/logo\/image\/\",\"url\":\"http:\/\/gerajeune.com\/wp-content\/uploads\/2021\/12\/cropped-logo-modifier-1-e1645608409226.png\",\"contentUrl\":\"http:\/\/gerajeune.com\/wp-content\/uploads\/2021\/12\/cropped-logo-modifier-1-e1645608409226.png\",\"width\":250,\"height\":120,\"caption\":\"gerajeune\"},\"image\":{\"@id\":\"https:\/\/gerajeune.com\/#\/schema\/logo\/image\/\"},\"sameAs\":[\"https:\/\/www.facebook.com\/gerajeune\",\"https:\/\/www.instagram.com\/gerajeune\/reels\/?hl=fr\"]}]}<\/script>\n<!-- \/ Yoast SEO plugin. -->","yoast_head_json":{"title":"Pigment Control meilleur soin anti taches brunes - gerajeune","description":"Le Concentr\u00e9 \u00c9claircissant Pigment Control, meilleur soin pour lutter contre les taches pigmentaires, \u00e0 base d'acide tranexamique, acide hyaluronique et extrait de r\u00e9glisse.","robots":{"index":"index","follow":"follow","max-snippet":"max-snippet:-1","max-image-preview":"max-image-preview:large","max-video-preview":"max-video-preview:-1"},"canonical":"https:\/\/gerajeune.com\/en\/product\/pigment-control-meilleur-soin-anti-taches-brunes\/","og_locale":"en_US","og_type":"article","og_title":"Pigment Control meilleur soin anti taches brunes - gerajeune","og_description":"Le Concentr\u00e9 \u00c9claircissant Pigment Control, meilleur soin pour lutter contre les taches pigmentaires, \u00e0 base d'acide tranexamique, acide hyaluronique et extrait de r\u00e9glisse.","og_url":"https:\/\/gerajeune.com\/en\/product\/pigment-control-meilleur-soin-anti-taches-brunes\/","og_site_name":"gerajeune","article_publisher":"https:\/\/www.facebook.com\/gerajeune","article_modified_time":"2025-01-10T12:54:37+00:00","og_image":[{"width":1587,"height":2245,"url":"https:\/\/gerajeune.com\/wp-content\/uploads\/2024\/06\/PigmentControll-2.png","type":"image\/png"}],"twitter_card":"summary_large_image","twitter_misc":{"Est. reading time":"3 minutes"},"schema":{"@context":"https:\/\/schema.org","@graph":[{"@type":"WebPage","@id":"https:\/\/gerajeune.com\/produit\/pigment-control-meilleur-soin-anti-taches-brunes\/","url":"https:\/\/gerajeune.com\/produit\/pigment-control-meilleur-soin-anti-taches-brunes\/","name":"Pigment Control meilleur soin anti taches brunes - gerajeune","isPartOf":{"@id":"https:\/\/gerajeune.com\/#website"},"primaryImageOfPage":{"@id":"https:\/\/gerajeune.com\/produit\/pigment-control-meilleur-soin-anti-taches-brunes\/#primaryimage"},"image":{"@id":"https:\/\/gerajeune.com\/produit\/pigment-control-meilleur-soin-anti-taches-brunes\/#primaryimage"},"thumbnailUrl":"https:\/\/gerajeune.com\/wp-content\/uploads\/2024\/06\/PigmentControll-2.png","datePublished":"2024-06-25T09:05:48+00:00","dateModified":"2025-01-10T12:54:37+00:00","description":"Le Concentr\u00e9 \u00c9claircissant Pigment Control, meilleur soin pour lutter contre les taches pigmentaires, \u00e0 base d'acide tranexamique, acide hyaluronique et extrait de r\u00e9glisse.","breadcrumb":{"@id":"https:\/\/gerajeune.com\/produit\/pigment-control-meilleur-soin-anti-taches-brunes\/#breadcrumb"},"inLanguage":"en-US","potentialAction":[{"@type":"ReadAction","target":["https:\/\/gerajeune.com\/produit\/pigment-control-meilleur-soin-anti-taches-brunes\/"]}]},{"@type":"ImageObject","inLanguage":"en-US","@id":"https:\/\/gerajeune.com\/produit\/pigment-control-meilleur-soin-anti-taches-brunes\/#primaryimage","url":"https:\/\/gerajeune.com\/wp-content\/uploads\/2024\/06\/PigmentControll-2.png","contentUrl":"https:\/\/gerajeune.com\/wp-content\/uploads\/2024\/06\/PigmentControll-2.png","width":1587,"height":2245},{"@type":"BreadcrumbList","@id":"https:\/\/gerajeune.com\/produit\/pigment-control-meilleur-soin-anti-taches-brunes\/#breadcrumb","itemListElement":[{"@type":"ListItem","position":1,"name":"Accueil","item":"https:\/\/gerajeune.com\/"},{"@type":"ListItem","position":2,"name":"Produits","item":"https:\/\/gerajeune.com\/__trashed-6\/"},{"@type":"ListItem","position":3,"name":"Pigment Control meilleur soin anti taches brunes"}]},{"@type":"WebSite","@id":"https:\/\/gerajeune.com\/#website","url":"https:\/\/gerajeune.com\/","name":"gerajeune","description":"Naturally beautiful, visibly young","publisher":{"@id":"https:\/\/gerajeune.com\/#organization"},"potentialAction":[{"@type":"SearchAction","target":{"@type":"EntryPoint","urlTemplate":"https:\/\/gerajeune.com\/?s={search_term_string}"},"query-input":{"@type":"PropertyValueSpecification","valueRequired":true,"valueName":"search_term_string"}}],"inLanguage":"en-US"},{"@type":"Organization","@id":"https:\/\/gerajeune.com\/#organization","name":"gerajeune","url":"https:\/\/gerajeune.com\/","logo":{"@type":"ImageObject","inLanguage":"en-US","@id":"https:\/\/gerajeune.com\/#\/schema\/logo\/image\/","url":"http:\/\/gerajeune.com\/wp-content\/uploads\/2021\/12\/cropped-logo-modifier-1-e1645608409226.png","contentUrl":"http:\/\/gerajeune.com\/wp-content\/uploads\/2021\/12\/cropped-logo-modifier-1-e1645608409226.png","width":250,"height":120,"caption":"gerajeune"},"image":{"@id":"https:\/\/gerajeune.com\/#\/schema\/logo\/image\/"},"sameAs":["https:\/\/www.facebook.com\/gerajeune","https:\/\/www.instagram.com\/gerajeune\/reels\/?hl=fr"]}]}},"jetpack_sharing_enabled":true,"_links":{"self":[{"href":"https:\/\/gerajeune.com\/en\/wp-json\/wp\/v2\/product\/9527","targetHints":{"allow":["GET"]}}],"collection":[{"href":"https:\/\/gerajeune.com\/en\/wp-json\/wp\/v2\/product"}],"about":[{"href":"https:\/\/gerajeune.com\/en\/wp-json\/wp\/v2\/types\/product"}],"replies":[{"embeddable":true,"href":"https:\/\/gerajeune.com\/en\/wp-json\/wp\/v2\/comments?post=9527"}],"version-history":[{"count":3,"href":"https:\/\/gerajeune.com\/en\/wp-json\/wp\/v2\/product\/9527\/revisions"}],"predecessor-version":[{"id":12796,"href":"https:\/\/gerajeune.com\/en\/wp-json\/wp\/v2\/product\/9527\/revisions\/12796"}],"wp:featuredmedia":[{"embeddable":true,"href":"https:\/\/gerajeune.com\/en\/wp-json\/wp\/v2\/media\/10320"}],"wp:attachment":[{"href":"https:\/\/gerajeune.com\/en\/wp-json\/wp\/v2\/media?parent=9527"}],"wp:term":[{"taxonomy":"product_brand","embeddable":true,"href":"https:\/\/gerajeune.com\/en\/wp-json\/wp\/v2\/product_brand?post=9527"},{"taxonomy":"product_cat","embeddable":true,"href":"https:\/\/gerajeune.com\/en\/wp-json\/wp\/v2\/product_cat?post=9527"},{"taxonomy":"product_tag","embeddable":true,"href":"https:\/\/gerajeune.com\/en\/wp-json\/wp\/v2\/product_tag?post=9527"}],"curies":[{"name":"wp","href":"https:\/\/api.w.org\/{rel}","templated":true}]}}