{"id":9951,"date":"2024-06-28T10:11:47","date_gmt":"2024-06-28T09:11:47","guid":{"rendered":"http:\/\/gerajeune.com\/?post_type=product&#038;p=9951"},"modified":"2025-11-20T22:55:14","modified_gmt":"2025-11-20T21:55:14","slug":"diffuseur-positive-vibes","status":"publish","type":"product","link":"https:\/\/gerajeune.com\/en\/product\/diffuseur-positive-vibes\/","title":{"rendered":"Positive Vibes Diffuser"},"content":{"rendered":"<ul>\n<li>\n<figure id=\"attachment_15046\" aria-describedby=\"caption-attachment-15046\" style=\"width: 200px\" class=\"wp-caption alignnone\"><a href=\"https:\/\/gerajeune.com\/wp-content\/uploads\/2024\/02\/IMG_3855.webp\"><img fetchpriority=\"high\" decoding=\"async\" class=\"size-medium wp-image-15046\" src=\"https:\/\/gerajeune.com\/wp-content\/uploads\/2024\/02\/IMG_3855-200x300.webp\" alt=\"diffuseur a tiges et eau de linge positive vibes de gerajeune\" width=\"200\" height=\"300\" srcset=\"https:\/\/gerajeune.com\/wp-content\/uploads\/2024\/02\/IMG_3855-200x300.webp 200w, https:\/\/gerajeune.com\/wp-content\/uploads\/2024\/02\/IMG_3855-682x1024.webp 682w, https:\/\/gerajeune.com\/wp-content\/uploads\/2024\/02\/IMG_3855-8x12.webp 8w, https:\/\/gerajeune.com\/wp-content\/uploads\/2024\/02\/IMG_3855-504x756.webp 504w, https:\/\/gerajeune.com\/wp-content\/uploads\/2024\/02\/IMG_3855-64x96.webp 64w, https:\/\/gerajeune.com\/wp-content\/uploads\/2024\/02\/IMG_3855.webp 723w\" sizes=\"(max-width: 200px) 100vw, 200px\" \/><\/a><figcaption id=\"caption-attachment-15046\" class=\"wp-caption-text\">diffuseur a tiges et eau de linge positive vibes de gerajeune<\/figcaption><\/figure>\n<p>Positive-Vibes-Diffuser<\/li>\n<\/ul>\n<p><strong>What is the role of the Diffuser-Positive-Vibes-100ml?<\/strong><\/p>\n<p>A way to continuously diffuse fragrance in your home. <a href=\"https:\/\/fr.wikipedia.org\/wiki\/Environnement\">environment.<\/a> No wax smoke and no<br \/>\nneed to burn candles.<\/p>\n<p><strong>How does a diffuser work?<\/strong><\/p>\n<p>This diffusion set is associated with the essential oil blend of<br \/>\nsweet flower, which can delight your senses and create an invigorating and revitalizing aroma. Open the bottle and<br \/>\ninsert the sticks. For a continuously scented atmosphere, reverse the sticks according to<br \/>\nthe frequency that suits you, for example once a day or every two days depending on the<br \/>\nvolume of your space.<\/p>\n<p><strong>How does the diffuser work?<\/strong><\/p>\n<p>Its operation is based on cold capillarity. That is to say that the perfume and the sticks will interact with each other, to delicately perfume.<\/p>\n<p><strong>When to change the stems of a diffuser?\u00a0<\/strong><\/p>\n<p>You should turn the stems once a week to maintain a constant quality of fragrance.<\/p>\n<p><strong>Precautions for use:\u00a0<\/strong><\/p>\n<p>Keep away from heat sources and flammable products.<\/p>\n<p>Keep away from children and animals<\/p>\n<p>Avoid contact with eyes, otherwise rinse thoroughly with water.<\/p>\n<p><strong>Aroma<\/strong> : fruits<\/p>\n<p><strong>Discover in our range of diffusers:\u00a0<\/strong><\/p>\n<ul>\n<li><a href=\"http:\/\/gerajeune.com\/en\/product\/diffuseur-sweety-mood\/\">sweet mood<\/a><\/li>\n<li><a href=\"http:\/\/gerajeune.com\/en\/product\/diffuseur-sleep-well\/\">sleep well\u00a0<\/a><\/li>\n<li><a href=\"http:\/\/gerajeune.com\/en\/product\/honey-and-vanilla\/\">\u00a0honey and vanilla<\/a><\/li>\n<li><a href=\"http:\/\/gerajeune.com\/en\/product\/diffuseur-cut-cavings\/\">cut engravings\u00a0<\/a><\/li>\n<\/ul>","protected":false},"excerpt":{"rendered":"<p>Transform your space with the reed diffuser <strong>Positive Vibes<\/strong>, the perfect ally to create a soothing or energizing atmosphere according to your needs. Thanks to its unique formulation based on natural essential oils, it does more than just perfume your home: it purifies the air while positively influencing your mood. Need relaxation after a long day? Its notes of lavender and vanilla soothe the mind and reduce stress. Looking for a boost? Let yourself be revitalized by its citrus and peppermint accents, perfect for stimulating concentration and energizing your days.<\/p>\n<p>Practical and easy to use, the Positive Vibes diffuser is designed to offer long-lasting diffusion, creating a pleasant and refined atmosphere in every room of the house. It fits perfectly into your decor while making every moment special.<\/p>\n<p>Treat yourself to a unique sensory experience and improve your daily well-being.<\/p>","protected":false},"featured_media":9944,"comment_status":"open","ping_status":"closed","template":"","meta":{"_monsterinsights_skip_tracking":false,"_monsterinsights_sitenote_active":false,"_monsterinsights_sitenote_note":"","_monsterinsights_sitenote_category":0,"ocean_post_layout":"","ocean_both_sidebars_style":"","ocean_both_sidebars_content_width":0,"ocean_both_sidebars_sidebars_width":0,"ocean_sidebar":"0","ocean_second_sidebar":"0","ocean_disable_margins":"enable","ocean_add_body_class":"","ocean_shortcode_before_top_bar":"","ocean_shortcode_after_top_bar":"","ocean_shortcode_before_header":"","ocean_shortcode_after_header":"","ocean_has_shortcode":"","ocean_shortcode_after_title":"","ocean_shortcode_before_footer_widgets":"","ocean_shortcode_after_footer_widgets":"","ocean_shortcode_before_footer_bottom":"","ocean_shortcode_after_footer_bottom":"","ocean_display_top_bar":"default","ocean_display_header":"default","ocean_header_style":"","ocean_center_header_left_menu":"0","ocean_custom_header_template":"0","ocean_custom_logo":0,"ocean_custom_retina_logo":0,"ocean_custom_logo_max_width":0,"ocean_custom_logo_tablet_max_width":0,"ocean_custom_logo_mobile_max_width":0,"ocean_custom_logo_max_height":0,"ocean_custom_logo_tablet_max_height":0,"ocean_custom_logo_mobile_max_height":0,"ocean_header_custom_menu":"0","ocean_menu_typo_font_family":"0","ocean_menu_typo_font_subset":"","ocean_menu_typo_font_size":0,"ocean_menu_typo_font_size_tablet":0,"ocean_menu_typo_font_size_mobile":0,"ocean_menu_typo_font_size_unit":"px","ocean_menu_typo_font_weight":"","ocean_menu_typo_font_weight_tablet":"","ocean_menu_typo_font_weight_mobile":"","ocean_menu_typo_transform":"","ocean_menu_typo_transform_tablet":"","ocean_menu_typo_transform_mobile":"","ocean_menu_typo_line_height":0,"ocean_menu_typo_line_height_tablet":0,"ocean_menu_typo_line_height_mobile":0,"ocean_menu_typo_line_height_unit":"","ocean_menu_typo_spacing":0,"ocean_menu_typo_spacing_tablet":0,"ocean_menu_typo_spacing_mobile":0,"ocean_menu_typo_spacing_unit":"","ocean_menu_link_color":"","ocean_menu_link_color_hover":"","ocean_menu_link_color_active":"","ocean_menu_link_background":"","ocean_menu_link_hover_background":"","ocean_menu_link_active_background":"","ocean_menu_social_links_bg":"","ocean_menu_social_hover_links_bg":"","ocean_menu_social_links_color":"","ocean_menu_social_hover_links_color":"","ocean_disable_title":"default","ocean_disable_heading":"default","ocean_post_title":"","ocean_post_subheading":"","ocean_post_title_style":"","ocean_post_title_background_color":"","ocean_post_title_background":0,"ocean_post_title_bg_image_position":"","ocean_post_title_bg_image_attachment":"","ocean_post_title_bg_image_repeat":"","ocean_post_title_bg_image_size":"","ocean_post_title_height":0,"ocean_post_title_bg_overlay":0.5,"ocean_post_title_bg_overlay_color":"","ocean_disable_breadcrumbs":"default","ocean_breadcrumbs_color":"","ocean_breadcrumbs_separator_color":"","ocean_breadcrumbs_links_color":"","ocean_breadcrumbs_links_hover_color":"","ocean_display_footer_widgets":"default","ocean_display_footer_bottom":"default","ocean_custom_footer_template":"0","omw_enable_modal_window":"enable"},"product_brand":[],"product_cat":[159],"product_tag":[229],"class_list":{"0":"post-9951","1":"product","2":"type-product","3":"status-publish","4":"has-post-thumbnail","6":"product_cat-bien-etre","7":"product_tag-diffuseur-a-tiges-coton","9":"entry","10":"has-media","12":"first","13":"instock","14":"sale","15":"taxable","16":"shipping-taxable","17":"purchasable","18":"product-type-simple","19":"has-rating","20":"col","21":"span_1_of_3","22":"owp-content-center","23":"owp-thumbs-layout-horizontal","24":"owp-btn-normal","25":"owp-tabs-layout-horizontal"},"yoast_head":"<!-- This site is optimized with the Yoast SEO plugin v27.0 - https:\/\/yoast.com\/product\/yoast-seo-wordpress\/ -->\n<title>diffuseur d&#039;huiles essentielles gerajeune<\/title>\n<meta name=\"description\" content=\"Transformez votre espace avec le diffuseur \u00e0 tiges relaxant, pour cr\u00e9er une ambiance apaisante ou \u00e9nergisante selon vos besoins. gr\u00e2ce \u00e0 sa formulation unique \u00e0 base d\u2019huiles essentielles naturelles.\" \/>\n<meta name=\"robots\" content=\"index, follow, max-snippet:-1, max-image-preview:large, max-video-preview:-1\" \/>\n<link rel=\"canonical\" href=\"https:\/\/gerajeune.com\/en\/product\/diffuseur-positive-vibes\/\" \/>\n<meta property=\"og:locale\" content=\"en_US\" \/>\n<meta property=\"og:type\" content=\"article\" \/>\n<meta property=\"og:title\" content=\"diffuseur d&#039;huiles essentielles gerajeune\" \/>\n<meta property=\"og:description\" content=\"Transformez votre espace avec le diffuseur \u00e0 tiges relaxant, pour cr\u00e9er une ambiance apaisante ou \u00e9nergisante selon vos besoins. gr\u00e2ce \u00e0 sa formulation unique \u00e0 base d\u2019huiles essentielles naturelles.\" \/>\n<meta property=\"og:url\" content=\"https:\/\/gerajeune.com\/en\/product\/diffuseur-positive-vibes\/\" \/>\n<meta property=\"og:site_name\" content=\"gerajeune\" \/>\n<meta property=\"article:publisher\" content=\"https:\/\/www.facebook.com\/gerajeune\" \/>\n<meta property=\"article:modified_time\" content=\"2025-11-20T21:55:14+00:00\" \/>\n<meta property=\"og:image\" content=\"https:\/\/gerajeune.com\/wp-content\/uploads\/2024\/06\/73.png\" \/>\n\t<meta property=\"og:image:width\" content=\"1587\" \/>\n\t<meta property=\"og:image:height\" content=\"2245\" \/>\n\t<meta property=\"og:image:type\" content=\"image\/png\" \/>\n<meta name=\"twitter:card\" content=\"summary_large_image\" \/>\n<meta name=\"twitter:label1\" content=\"Est. reading time\" \/>\n\t<meta name=\"twitter:data1\" content=\"1 minute\" \/>\n<script type=\"application\/ld+json\" class=\"yoast-schema-graph\">{\"@context\":\"https:\/\/schema.org\",\"@graph\":[{\"@type\":\"WebPage\",\"@id\":\"https:\/\/gerajeune.com\/produit\/diffuseur-positive-vibes\/\",\"url\":\"https:\/\/gerajeune.com\/produit\/diffuseur-positive-vibes\/\",\"name\":\"diffuseur d'huiles essentielles gerajeune\",\"isPartOf\":{\"@id\":\"https:\/\/gerajeune.com\/#website\"},\"primaryImageOfPage\":{\"@id\":\"https:\/\/gerajeune.com\/produit\/diffuseur-positive-vibes\/#primaryimage\"},\"image\":{\"@id\":\"https:\/\/gerajeune.com\/produit\/diffuseur-positive-vibes\/#primaryimage\"},\"thumbnailUrl\":\"https:\/\/gerajeune.com\/wp-content\/uploads\/2024\/06\/73.png\",\"datePublished\":\"2024-06-28T09:11:47+00:00\",\"dateModified\":\"2025-11-20T21:55:14+00:00\",\"description\":\"Transformez votre espace avec le diffuseur \u00e0 tiges relaxant, pour cr\u00e9er une ambiance apaisante ou \u00e9nergisante selon vos besoins. gr\u00e2ce \u00e0 sa formulation unique \u00e0 base d\u2019huiles essentielles naturelles.\",\"breadcrumb\":{\"@id\":\"https:\/\/gerajeune.com\/produit\/diffuseur-positive-vibes\/#breadcrumb\"},\"inLanguage\":\"en-US\",\"potentialAction\":[{\"@type\":\"ReadAction\",\"target\":[\"https:\/\/gerajeune.com\/produit\/diffuseur-positive-vibes\/\"]}]},{\"@type\":\"ImageObject\",\"inLanguage\":\"en-US\",\"@id\":\"https:\/\/gerajeune.com\/produit\/diffuseur-positive-vibes\/#primaryimage\",\"url\":\"https:\/\/gerajeune.com\/wp-content\/uploads\/2024\/06\/73.png\",\"contentUrl\":\"https:\/\/gerajeune.com\/wp-content\/uploads\/2024\/06\/73.png\",\"width\":1587,\"height\":2245},{\"@type\":\"BreadcrumbList\",\"@id\":\"https:\/\/gerajeune.com\/produit\/diffuseur-positive-vibes\/#breadcrumb\",\"itemListElement\":[{\"@type\":\"ListItem\",\"position\":1,\"name\":\"Accueil\",\"item\":\"https:\/\/gerajeune.com\/\"},{\"@type\":\"ListItem\",\"position\":2,\"name\":\"Produits\",\"item\":\"https:\/\/gerajeune.com\/__trashed-6\/\"},{\"@type\":\"ListItem\",\"position\":3,\"name\":\"Diffuseur Positive Vibes\"}]},{\"@type\":\"WebSite\",\"@id\":\"https:\/\/gerajeune.com\/#website\",\"url\":\"https:\/\/gerajeune.com\/\",\"name\":\"gerajeune\",\"description\":\"Naturellement belle, visiblement jeune\",\"publisher\":{\"@id\":\"https:\/\/gerajeune.com\/#organization\"},\"potentialAction\":[{\"@type\":\"SearchAction\",\"target\":{\"@type\":\"EntryPoint\",\"urlTemplate\":\"https:\/\/gerajeune.com\/?s={search_term_string}\"},\"query-input\":{\"@type\":\"PropertyValueSpecification\",\"valueRequired\":true,\"valueName\":\"search_term_string\"}}],\"inLanguage\":\"en-US\"},{\"@type\":\"Organization\",\"@id\":\"https:\/\/gerajeune.com\/#organization\",\"name\":\"gerajeune\",\"url\":\"https:\/\/gerajeune.com\/\",\"logo\":{\"@type\":\"ImageObject\",\"inLanguage\":\"en-US\",\"@id\":\"https:\/\/gerajeune.com\/#\/schema\/logo\/image\/\",\"url\":\"http:\/\/gerajeune.com\/wp-content\/uploads\/2021\/12\/cropped-logo-modifier-1-e1645608409226.png\",\"contentUrl\":\"http:\/\/gerajeune.com\/wp-content\/uploads\/2021\/12\/cropped-logo-modifier-1-e1645608409226.png\",\"width\":250,\"height\":120,\"caption\":\"gerajeune\"},\"image\":{\"@id\":\"https:\/\/gerajeune.com\/#\/schema\/logo\/image\/\"},\"sameAs\":[\"https:\/\/www.facebook.com\/gerajeune\",\"https:\/\/www.instagram.com\/gerajeune\/reels\/?hl=fr\"]}]}<\/script>\n<!-- \/ Yoast SEO plugin. -->","yoast_head_json":{"title":"diffuseur d'huiles essentielles gerajeune","description":"Transformez votre espace avec le diffuseur \u00e0 tiges relaxant, pour cr\u00e9er une ambiance apaisante ou \u00e9nergisante selon vos besoins. gr\u00e2ce \u00e0 sa formulation unique \u00e0 base d\u2019huiles essentielles naturelles.","robots":{"index":"index","follow":"follow","max-snippet":"max-snippet:-1","max-image-preview":"max-image-preview:large","max-video-preview":"max-video-preview:-1"},"canonical":"https:\/\/gerajeune.com\/en\/product\/diffuseur-positive-vibes\/","og_locale":"en_US","og_type":"article","og_title":"diffuseur d'huiles essentielles gerajeune","og_description":"Transformez votre espace avec le diffuseur \u00e0 tiges relaxant, pour cr\u00e9er une ambiance apaisante ou \u00e9nergisante selon vos besoins. gr\u00e2ce \u00e0 sa formulation unique \u00e0 base d\u2019huiles essentielles naturelles.","og_url":"https:\/\/gerajeune.com\/en\/product\/diffuseur-positive-vibes\/","og_site_name":"gerajeune","article_publisher":"https:\/\/www.facebook.com\/gerajeune","article_modified_time":"2025-11-20T21:55:14+00:00","og_image":[{"width":1587,"height":2245,"url":"https:\/\/gerajeune.com\/wp-content\/uploads\/2024\/06\/73.png","type":"image\/png"}],"twitter_card":"summary_large_image","twitter_misc":{"Est. reading time":"1 minute"},"schema":{"@context":"https:\/\/schema.org","@graph":[{"@type":"WebPage","@id":"https:\/\/gerajeune.com\/produit\/diffuseur-positive-vibes\/","url":"https:\/\/gerajeune.com\/produit\/diffuseur-positive-vibes\/","name":"diffuseur d'huiles essentielles gerajeune","isPartOf":{"@id":"https:\/\/gerajeune.com\/#website"},"primaryImageOfPage":{"@id":"https:\/\/gerajeune.com\/produit\/diffuseur-positive-vibes\/#primaryimage"},"image":{"@id":"https:\/\/gerajeune.com\/produit\/diffuseur-positive-vibes\/#primaryimage"},"thumbnailUrl":"https:\/\/gerajeune.com\/wp-content\/uploads\/2024\/06\/73.png","datePublished":"2024-06-28T09:11:47+00:00","dateModified":"2025-11-20T21:55:14+00:00","description":"Transformez votre espace avec le diffuseur \u00e0 tiges relaxant, pour cr\u00e9er une ambiance apaisante ou \u00e9nergisante selon vos besoins. gr\u00e2ce \u00e0 sa formulation unique \u00e0 base d\u2019huiles essentielles naturelles.","breadcrumb":{"@id":"https:\/\/gerajeune.com\/produit\/diffuseur-positive-vibes\/#breadcrumb"},"inLanguage":"en-US","potentialAction":[{"@type":"ReadAction","target":["https:\/\/gerajeune.com\/produit\/diffuseur-positive-vibes\/"]}]},{"@type":"ImageObject","inLanguage":"en-US","@id":"https:\/\/gerajeune.com\/produit\/diffuseur-positive-vibes\/#primaryimage","url":"https:\/\/gerajeune.com\/wp-content\/uploads\/2024\/06\/73.png","contentUrl":"https:\/\/gerajeune.com\/wp-content\/uploads\/2024\/06\/73.png","width":1587,"height":2245},{"@type":"BreadcrumbList","@id":"https:\/\/gerajeune.com\/produit\/diffuseur-positive-vibes\/#breadcrumb","itemListElement":[{"@type":"ListItem","position":1,"name":"Accueil","item":"https:\/\/gerajeune.com\/"},{"@type":"ListItem","position":2,"name":"Produits","item":"https:\/\/gerajeune.com\/__trashed-6\/"},{"@type":"ListItem","position":3,"name":"Diffuseur Positive Vibes"}]},{"@type":"WebSite","@id":"https:\/\/gerajeune.com\/#website","url":"https:\/\/gerajeune.com\/","name":"gerajeune","description":"Naturally beautiful, visibly young","publisher":{"@id":"https:\/\/gerajeune.com\/#organization"},"potentialAction":[{"@type":"SearchAction","target":{"@type":"EntryPoint","urlTemplate":"https:\/\/gerajeune.com\/?s={search_term_string}"},"query-input":{"@type":"PropertyValueSpecification","valueRequired":true,"valueName":"search_term_string"}}],"inLanguage":"en-US"},{"@type":"Organization","@id":"https:\/\/gerajeune.com\/#organization","name":"gerajeune","url":"https:\/\/gerajeune.com\/","logo":{"@type":"ImageObject","inLanguage":"en-US","@id":"https:\/\/gerajeune.com\/#\/schema\/logo\/image\/","url":"http:\/\/gerajeune.com\/wp-content\/uploads\/2021\/12\/cropped-logo-modifier-1-e1645608409226.png","contentUrl":"http:\/\/gerajeune.com\/wp-content\/uploads\/2021\/12\/cropped-logo-modifier-1-e1645608409226.png","width":250,"height":120,"caption":"gerajeune"},"image":{"@id":"https:\/\/gerajeune.com\/#\/schema\/logo\/image\/"},"sameAs":["https:\/\/www.facebook.com\/gerajeune","https:\/\/www.instagram.com\/gerajeune\/reels\/?hl=fr"]}]}},"jetpack_sharing_enabled":true,"_links":{"self":[{"href":"https:\/\/gerajeune.com\/en\/wp-json\/wp\/v2\/product\/9951","targetHints":{"allow":["GET"]}}],"collection":[{"href":"https:\/\/gerajeune.com\/en\/wp-json\/wp\/v2\/product"}],"about":[{"href":"https:\/\/gerajeune.com\/en\/wp-json\/wp\/v2\/types\/product"}],"replies":[{"embeddable":true,"href":"https:\/\/gerajeune.com\/en\/wp-json\/wp\/v2\/comments?post=9951"}],"version-history":[{"count":4,"href":"https:\/\/gerajeune.com\/en\/wp-json\/wp\/v2\/product\/9951\/revisions"}],"predecessor-version":[{"id":15052,"href":"https:\/\/gerajeune.com\/en\/wp-json\/wp\/v2\/product\/9951\/revisions\/15052"}],"wp:featuredmedia":[{"embeddable":true,"href":"https:\/\/gerajeune.com\/en\/wp-json\/wp\/v2\/media\/9944"}],"wp:attachment":[{"href":"https:\/\/gerajeune.com\/en\/wp-json\/wp\/v2\/media?parent=9951"}],"wp:term":[{"taxonomy":"product_brand","embeddable":true,"href":"https:\/\/gerajeune.com\/en\/wp-json\/wp\/v2\/product_brand?post=9951"},{"taxonomy":"product_cat","embeddable":true,"href":"https:\/\/gerajeune.com\/en\/wp-json\/wp\/v2\/product_cat?post=9951"},{"taxonomy":"product_tag","embeddable":true,"href":"https:\/\/gerajeune.com\/en\/wp-json\/wp\/v2\/product_tag?post=9951"}],"curies":[{"name":"wp","href":"https:\/\/api.w.org\/{rel}","templated":true}]}}